{"id":15820,"date":"2024-08-24T13:27:47","date_gmt":"2024-08-24T13:27:47","guid":{"rendered":"https:\/\/www.lastchance.deals\/dk\/produkt\/blomsterhylde-blomsterstativ-petties-40x90cm\/"},"modified":"2025-07-31T08:05:32","modified_gmt":"2025-07-31T08:05:32","slug":"blomsterhylde-blomsterstativ-petties-40x90cm","status":"publish","type":"product","link":"https:\/\/last-chance.dk\/?product=blomsterhylde-blomsterstativ-petties-40x90cm","title":{"rendered":"Blomsterhylde blomsterstativ Petties 40x90cm"},"content":{"rendered":"<p>Er du p\u00e5 udkig efter en smuk og praktisk m\u00e5de at vise dine planter frem? S\u00e5 er denne blomsterhylde blomsterstativ Petties lige noget for dig. Denne hylde er lavet af metal og jern, som giver den et rustikt og elegant udseende. Den har plads til flere potter og krukker, s\u00e5 du kan skabe din egen gr\u00f8nne oase i dit hjem.<\/p>\n<p><\/p>\n<p>Denne blomsterhylde blomsterstativ Petties har udvendige dimensioner p\u00e5 40x90cm, hvilket g\u00f8r den velegnet til b\u00e5de sm\u00e5 og store rum. Du kan placere den i stuen, sovev\u00e6relset, k\u00f8kkenet eller p\u00e5 altanen. Den er nem at samle og reng\u00f8re, og den er holdbar og stabil. Den er ogs\u00e5 en perfekt gaveide til enhver planteelsker.<\/p>\n<p><\/p>\n<p>Bestil din blomsterhylde blomsterstativ Petties i dag og nyd synet af dine smukke planter hver dag.<\/p>\n<p><\/p>\n<p>Leveringstid: Leveringstid 1 uge<br \/>\nUdvendige dimensioner: 40x90cm<br \/>\nFabrikant: ForrestDecor<br \/>\nMateriale: metal,jern<\/p>\n","protected":false},"excerpt":{"rendered":"<p>Er du p\u00e5 udkig efter en smuk og praktisk m\u00e5de at vise dine planter frem? S\u00e5 er denne blomsterhylde blomsterstativ Petties lige noget for dig. Denne hylde er lavet af metal og jern, som giver den et rustikt og elegant udseende. Den har plads til flere potter og krukker, s\u00e5 du kan skabe din egen [&hellip;]<\/p>\n","protected":false},"featured_media":15815,"comment_status":"open","ping_status":"closed","template":"","meta":[],"product_brand":[],"product_cat":[184],"product_tag":[],"class_list":{"0":"post-15820","1":"product","2":"type-product","3":"status-publish","4":"has-post-thumbnail","6":"product_cat-flower-stands","8":"first","9":"instock","10":"shipping-taxable","11":"purchasable","12":"product-type-simple"},"yoast_head":"<!-- This site is optimized with the Yoast SEO plugin v24.8.1 - https:\/\/yoast.com\/wordpress\/plugins\/seo\/ -->\n<title>Blomsterhylde blomsterstativ Petties 40x90cm - LASTCHANCE Deals | Danmark<\/title>\n<meta name=\"robots\" content=\"index, follow, max-snippet:-1, max-image-preview:large, max-video-preview:-1\" \/>\n<link rel=\"canonical\" href=\"https:\/\/last-chance.dk\/?product=blomsterhylde-blomsterstativ-petties-40x90cm\" \/>\n<meta property=\"og:locale\" content=\"da_DK\" \/>\n<meta property=\"og:type\" content=\"article\" \/>\n<meta property=\"og:title\" content=\"Blomsterhylde blomsterstativ Petties 40x90cm - LASTCHANCE Deals | Danmark\" \/>\n<meta property=\"og:description\" content=\"Er du p\u00e5 udkig efter en smuk og praktisk m\u00e5de at vise dine planter frem? S\u00e5 er denne blomsterhylde blomsterstativ Petties lige noget for dig. Denne hylde er lavet af metal og jern, som giver den et rustikt og elegant udseende. Den har plads til flere potter og krukker, s\u00e5 du kan skabe din egen [&hellip;]\" \/>\n<meta property=\"og:url\" content=\"https:\/\/last-chance.dk\/?product=blomsterhylde-blomsterstativ-petties-40x90cm\" \/>\n<meta property=\"og:site_name\" content=\"LASTCHANCE Deals | Danmark\" \/>\n<meta property=\"article:modified_time\" content=\"2025-07-31T08:05:32+00:00\" \/>\n<meta property=\"og:image\" content=\"https:\/\/last-chance.dk\/wp-content\/uploads\/2024\/08\/petties_black.jpg\" \/>\n\t<meta property=\"og:image:width\" content=\"750\" \/>\n\t<meta property=\"og:image:height\" content=\"750\" \/>\n\t<meta property=\"og:image:type\" content=\"image\/jpeg\" \/>\n<meta name=\"twitter:card\" content=\"summary_large_image\" \/>\n<meta name=\"twitter:label1\" content=\"Estimeret l\u00e6setid\" \/>\n\t<meta name=\"twitter:data1\" content=\"1 minut\" \/>\n<script type=\"application\/ld+json\" class=\"yoast-schema-graph\">{\"@context\":\"https:\/\/schema.org\",\"@graph\":[{\"@type\":\"WebPage\",\"@id\":\"https:\/\/last-chance.dk\/?product=blomsterhylde-blomsterstativ-petties-40x90cm\",\"url\":\"https:\/\/last-chance.dk\/?product=blomsterhylde-blomsterstativ-petties-40x90cm\",\"name\":\"Blomsterhylde blomsterstativ Petties 40x90cm - LASTCHANCE Deals | Danmark\",\"isPartOf\":{\"@id\":\"https:\/\/last-chance.dk\/#website\"},\"primaryImageOfPage\":{\"@id\":\"https:\/\/last-chance.dk\/?product=blomsterhylde-blomsterstativ-petties-40x90cm#primaryimage\"},\"image\":{\"@id\":\"https:\/\/last-chance.dk\/?product=blomsterhylde-blomsterstativ-petties-40x90cm#primaryimage\"},\"thumbnailUrl\":\"https:\/\/last-chance.dk\/wp-content\/uploads\/2024\/08\/petties_black.jpg\",\"datePublished\":\"2024-08-24T13:27:47+00:00\",\"dateModified\":\"2025-07-31T08:05:32+00:00\",\"breadcrumb\":{\"@id\":\"https:\/\/last-chance.dk\/?product=blomsterhylde-blomsterstativ-petties-40x90cm#breadcrumb\"},\"inLanguage\":\"da-DK\",\"potentialAction\":[{\"@type\":\"ReadAction\",\"target\":[\"https:\/\/last-chance.dk\/?product=blomsterhylde-blomsterstativ-petties-40x90cm\"]}]},{\"@type\":\"ImageObject\",\"inLanguage\":\"da-DK\",\"@id\":\"https:\/\/last-chance.dk\/?product=blomsterhylde-blomsterstativ-petties-40x90cm#primaryimage\",\"url\":\"https:\/\/last-chance.dk\/wp-content\/uploads\/2024\/08\/petties_black.jpg\",\"contentUrl\":\"https:\/\/last-chance.dk\/wp-content\/uploads\/2024\/08\/petties_black.jpg\",\"width\":750,\"height\":750},{\"@type\":\"BreadcrumbList\",\"@id\":\"https:\/\/last-chance.dk\/?product=blomsterhylde-blomsterstativ-petties-40x90cm#breadcrumb\",\"itemListElement\":[{\"@type\":\"ListItem\",\"position\":1,\"name\":\"Home\",\"item\":\"https:\/\/last-chance.dk\/\"},{\"@type\":\"ListItem\",\"position\":2,\"name\":\"Blomsterhylde blomsterstativ Petties 40x90cm\"}]},{\"@type\":\"WebSite\",\"@id\":\"https:\/\/last-chance.dk\/#website\",\"url\":\"https:\/\/last-chance.dk\/\",\"name\":\"LASTCHANCE Deals | Danmark\",\"description\":\"LASTCHANCE Deals | Danmark\",\"publisher\":{\"@id\":\"https:\/\/last-chance.dk\/#organization\"},\"potentialAction\":[{\"@type\":\"SearchAction\",\"target\":{\"@type\":\"EntryPoint\",\"urlTemplate\":\"https:\/\/last-chance.dk\/?s={search_term_string}\"},\"query-input\":{\"@type\":\"PropertyValueSpecification\",\"valueRequired\":true,\"valueName\":\"search_term_string\"}}],\"inLanguage\":\"da-DK\"},{\"@type\":\"Organization\",\"@id\":\"https:\/\/last-chance.dk\/#organization\",\"name\":\"LASTCHANCE Deals | Danmark\",\"url\":\"https:\/\/last-chance.dk\/\",\"logo\":{\"@type\":\"ImageObject\",\"inLanguage\":\"da-DK\",\"@id\":\"https:\/\/last-chance.dk\/#\/schema\/logo\/image\/\",\"url\":\"https:\/\/last-chance.dk\/wp-content\/uploads\/2023\/10\/lastchancedeals_logo_dk_white.png\",\"contentUrl\":\"https:\/\/last-chance.dk\/wp-content\/uploads\/2023\/10\/lastchancedeals_logo_dk_white.png\",\"width\":470,\"height\":110,\"caption\":\"LASTCHANCE Deals | Danmark\"},\"image\":{\"@id\":\"https:\/\/last-chance.dk\/#\/schema\/logo\/image\/\"}}]}<\/script>\n<!-- \/ Yoast SEO plugin. -->","yoast_head_json":{"title":"Blomsterhylde blomsterstativ Petties 40x90cm - LASTCHANCE Deals | Danmark","robots":{"index":"index","follow":"follow","max-snippet":"max-snippet:-1","max-image-preview":"max-image-preview:large","max-video-preview":"max-video-preview:-1"},"canonical":"https:\/\/last-chance.dk\/?product=blomsterhylde-blomsterstativ-petties-40x90cm","og_locale":"da_DK","og_type":"article","og_title":"Blomsterhylde blomsterstativ Petties 40x90cm - LASTCHANCE Deals | Danmark","og_description":"Er du p\u00e5 udkig efter en smuk og praktisk m\u00e5de at vise dine planter frem? S\u00e5 er denne blomsterhylde blomsterstativ Petties lige noget for dig. Denne hylde er lavet af metal og jern, som giver den et rustikt og elegant udseende. Den har plads til flere potter og krukker, s\u00e5 du kan skabe din egen [&hellip;]","og_url":"https:\/\/last-chance.dk\/?product=blomsterhylde-blomsterstativ-petties-40x90cm","og_site_name":"LASTCHANCE Deals | Danmark","article_modified_time":"2025-07-31T08:05:32+00:00","og_image":[{"width":750,"height":750,"url":"https:\/\/last-chance.dk\/wp-content\/uploads\/2024\/08\/petties_black.jpg","type":"image\/jpeg"}],"twitter_card":"summary_large_image","twitter_misc":{"Estimeret l\u00e6setid":"1 minut"},"schema":{"@context":"https:\/\/schema.org","@graph":[{"@type":"WebPage","@id":"https:\/\/last-chance.dk\/?product=blomsterhylde-blomsterstativ-petties-40x90cm","url":"https:\/\/last-chance.dk\/?product=blomsterhylde-blomsterstativ-petties-40x90cm","name":"Blomsterhylde blomsterstativ Petties 40x90cm - LASTCHANCE Deals | Danmark","isPartOf":{"@id":"https:\/\/last-chance.dk\/#website"},"primaryImageOfPage":{"@id":"https:\/\/last-chance.dk\/?product=blomsterhylde-blomsterstativ-petties-40x90cm#primaryimage"},"image":{"@id":"https:\/\/last-chance.dk\/?product=blomsterhylde-blomsterstativ-petties-40x90cm#primaryimage"},"thumbnailUrl":"https:\/\/last-chance.dk\/wp-content\/uploads\/2024\/08\/petties_black.jpg","datePublished":"2024-08-24T13:27:47+00:00","dateModified":"2025-07-31T08:05:32+00:00","breadcrumb":{"@id":"https:\/\/last-chance.dk\/?product=blomsterhylde-blomsterstativ-petties-40x90cm#breadcrumb"},"inLanguage":"da-DK","potentialAction":[{"@type":"ReadAction","target":["https:\/\/last-chance.dk\/?product=blomsterhylde-blomsterstativ-petties-40x90cm"]}]},{"@type":"ImageObject","inLanguage":"da-DK","@id":"https:\/\/last-chance.dk\/?product=blomsterhylde-blomsterstativ-petties-40x90cm#primaryimage","url":"https:\/\/last-chance.dk\/wp-content\/uploads\/2024\/08\/petties_black.jpg","contentUrl":"https:\/\/last-chance.dk\/wp-content\/uploads\/2024\/08\/petties_black.jpg","width":750,"height":750},{"@type":"BreadcrumbList","@id":"https:\/\/last-chance.dk\/?product=blomsterhylde-blomsterstativ-petties-40x90cm#breadcrumb","itemListElement":[{"@type":"ListItem","position":1,"name":"Home","item":"https:\/\/last-chance.dk\/"},{"@type":"ListItem","position":2,"name":"Blomsterhylde blomsterstativ Petties 40x90cm"}]},{"@type":"WebSite","@id":"https:\/\/last-chance.dk\/#website","url":"https:\/\/last-chance.dk\/","name":"LASTCHANCE Deals | Danmark","description":"LASTCHANCE Deals | Danmark","publisher":{"@id":"https:\/\/last-chance.dk\/#organization"},"potentialAction":[{"@type":"SearchAction","target":{"@type":"EntryPoint","urlTemplate":"https:\/\/last-chance.dk\/?s={search_term_string}"},"query-input":{"@type":"PropertyValueSpecification","valueRequired":true,"valueName":"search_term_string"}}],"inLanguage":"da-DK"},{"@type":"Organization","@id":"https:\/\/last-chance.dk\/#organization","name":"LASTCHANCE Deals | Danmark","url":"https:\/\/last-chance.dk\/","logo":{"@type":"ImageObject","inLanguage":"da-DK","@id":"https:\/\/last-chance.dk\/#\/schema\/logo\/image\/","url":"https:\/\/last-chance.dk\/wp-content\/uploads\/2023\/10\/lastchancedeals_logo_dk_white.png","contentUrl":"https:\/\/last-chance.dk\/wp-content\/uploads\/2023\/10\/lastchancedeals_logo_dk_white.png","width":470,"height":110,"caption":"LASTCHANCE Deals | Danmark"},"image":{"@id":"https:\/\/last-chance.dk\/#\/schema\/logo\/image\/"}}]}},"_links":{"self":[{"href":"https:\/\/last-chance.dk\/index.php?rest_route=\/wp\/v2\/product\/15820","targetHints":{"allow":["GET"]}}],"collection":[{"href":"https:\/\/last-chance.dk\/index.php?rest_route=\/wp\/v2\/product"}],"about":[{"href":"https:\/\/last-chance.dk\/index.php?rest_route=\/wp\/v2\/types\/product"}],"replies":[{"embeddable":true,"href":"https:\/\/last-chance.dk\/index.php?rest_route=%2Fwp%2Fv2%2Fcomments&post=15820"}],"wp:featuredmedia":[{"embeddable":true,"href":"https:\/\/last-chance.dk\/index.php?rest_route=\/wp\/v2\/media\/15815"}],"wp:attachment":[{"href":"https:\/\/last-chance.dk\/index.php?rest_route=%2Fwp%2Fv2%2Fmedia&parent=15820"}],"wp:term":[{"taxonomy":"product_brand","embeddable":true,"href":"https:\/\/last-chance.dk\/index.php?rest_route=%2Fwp%2Fv2%2Fproduct_brand&post=15820"},{"taxonomy":"product_cat","embeddable":true,"href":"https:\/\/last-chance.dk\/index.php?rest_route=%2Fwp%2Fv2%2Fproduct_cat&post=15820"},{"taxonomy":"product_tag","embeddable":true,"href":"https:\/\/last-chance.dk\/index.php?rest_route=%2Fwp%2Fv2%2Fproduct_tag&post=15820"}],"curies":[{"name":"wp","href":"https:\/\/api.w.org\/{rel}","templated":true}]}}