{"id":15822,"date":"2024-08-24T13:29:16","date_gmt":"2024-08-24T13:29:16","guid":{"rendered":"https:\/\/www.lastchance.deals\/dk\/produkt\/sengegavl-rexell-180cm-kunstigt-laedertraeplast\/"},"modified":"2024-08-24T13:29:16","modified_gmt":"2024-08-24T13:29:16","slug":"sengegavl-rexell-180cm-kunstigt-laedertraeplast","status":"publish","type":"product","link":"https:\/\/last-chance.dk\/?product=sengegavl-rexell-180cm-kunstigt-laedertraeplast","title":{"rendered":"Sengegavl Rexell 180cm kunstigt l\u00e6der,tr\u00e6,plast"},"content":{"rendered":"<p>Er du p\u00e5 udkig efter en elegant og komfortabel sengegavl til dit sovev\u00e6relse? S\u00e5 er sengegavl Rexell 180cm det perfekte valg for dig. Denne sengegavl er lavet af kunstigt l\u00e6der, tr\u00e6 og plast, og har en smuk beige farve, der passer til enhver indretning. Sengegavlen har ogs\u00e5 en praktisk senget\u00f8jskasse, hvor du kan opbevare dit senget\u00f8j, puder eller andre ting. Sengegavlen er 180 cm bred, 135 cm h\u00f8j og 10 cm tyk, og passer til en dobbeltseng. Den leveres samlet, s\u00e5 du beh\u00f8ver ikke at bekymre dig om montage. Sengegavlen er produceret af ForrestDecor, et firma, der er kendt for deres kvalitet og design. Med sengegavl Rexell 180cm kan du skabe en hyggelig og stilfuld atmosf\u00e6re i dit sovev\u00e6relse.<\/p>\n<p><\/p>\n<p>Leveringstid: Leveringstid 1 uge<br \/>\nMateriale: kunstigt l\u00e6der,tr\u00e6,plast<br \/>\nFarve: beige<br \/>\nUdvendige dimensioner: 180x135x10cm<br \/>\nMontage: leveres samlet<br \/>\nFabrikant: ForrestDecor<\/p>\n","protected":false},"excerpt":{"rendered":"<p>Er du p\u00e5 udkig efter en elegant og komfortabel sengegavl til dit sovev\u00e6relse? S\u00e5 er sengegavl Rexell 180cm det perfekte valg for dig. Denne sengegavl er lavet af kunstigt l\u00e6der, tr\u00e6 og plast, og har en smuk beige farve, der passer til enhver indretning. Sengegavlen har ogs\u00e5 en praktisk senget\u00f8jskasse, hvor du kan opbevare dit [&hellip;]<\/p>\n","protected":false},"featured_media":15821,"comment_status":"open","ping_status":"closed","template":"","meta":[],"product_brand":[],"product_cat":[240],"product_tag":[],"class_list":{"0":"post-15822","1":"product","2":"type-product","3":"status-publish","4":"has-post-thumbnail","6":"product_cat-sanggavlar","8":"first","9":"instock","10":"shipping-taxable","11":"purchasable","12":"product-type-simple"},"yoast_head":"<!-- This site is optimized with the Yoast SEO plugin v24.8.1 - https:\/\/yoast.com\/wordpress\/plugins\/seo\/ -->\n<title>Sengegavl Rexell 180cm kunstigt l\u00e6der,tr\u00e6,plast - LASTCHANCE Deals | Danmark<\/title>\n<meta name=\"robots\" content=\"index, follow, max-snippet:-1, max-image-preview:large, max-video-preview:-1\" \/>\n<link rel=\"canonical\" href=\"https:\/\/last-chance.dk\/?product=sengegavl-rexell-180cm-kunstigt-laedertraeplast\" \/>\n<meta property=\"og:locale\" content=\"da_DK\" \/>\n<meta property=\"og:type\" content=\"article\" \/>\n<meta property=\"og:title\" content=\"Sengegavl Rexell 180cm kunstigt l\u00e6der,tr\u00e6,plast - LASTCHANCE Deals | Danmark\" \/>\n<meta property=\"og:description\" content=\"Er du p\u00e5 udkig efter en elegant og komfortabel sengegavl til dit sovev\u00e6relse? S\u00e5 er sengegavl Rexell 180cm det perfekte valg for dig. Denne sengegavl er lavet af kunstigt l\u00e6der, tr\u00e6 og plast, og har en smuk beige farve, der passer til enhver indretning. Sengegavlen har ogs\u00e5 en praktisk senget\u00f8jskasse, hvor du kan opbevare dit [&hellip;]\" \/>\n<meta property=\"og:url\" content=\"https:\/\/last-chance.dk\/?product=sengegavl-rexell-180cm-kunstigt-laedertraeplast\" \/>\n<meta property=\"og:site_name\" content=\"LASTCHANCE Deals | Danmark\" \/>\n<meta property=\"og:image\" content=\"https:\/\/last-chance.dk\/wp-content\/uploads\/2024\/08\/rexell.jpg\" \/>\n\t<meta property=\"og:image:width\" content=\"400\" \/>\n\t<meta property=\"og:image:height\" content=\"400\" \/>\n\t<meta property=\"og:image:type\" content=\"image\/jpeg\" \/>\n<meta name=\"twitter:card\" content=\"summary_large_image\" \/>\n<meta name=\"twitter:label1\" content=\"Estimeret l\u00e6setid\" \/>\n\t<meta name=\"twitter:data1\" content=\"1 minut\" \/>\n<script type=\"application\/ld+json\" class=\"yoast-schema-graph\">{\"@context\":\"https:\/\/schema.org\",\"@graph\":[{\"@type\":\"WebPage\",\"@id\":\"https:\/\/last-chance.dk\/?product=sengegavl-rexell-180cm-kunstigt-laedertraeplast\",\"url\":\"https:\/\/last-chance.dk\/?product=sengegavl-rexell-180cm-kunstigt-laedertraeplast\",\"name\":\"Sengegavl Rexell 180cm kunstigt l\u00e6der,tr\u00e6,plast - LASTCHANCE Deals | Danmark\",\"isPartOf\":{\"@id\":\"https:\/\/last-chance.dk\/#website\"},\"primaryImageOfPage\":{\"@id\":\"https:\/\/last-chance.dk\/?product=sengegavl-rexell-180cm-kunstigt-laedertraeplast#primaryimage\"},\"image\":{\"@id\":\"https:\/\/last-chance.dk\/?product=sengegavl-rexell-180cm-kunstigt-laedertraeplast#primaryimage\"},\"thumbnailUrl\":\"https:\/\/last-chance.dk\/wp-content\/uploads\/2024\/08\/rexell.jpg\",\"datePublished\":\"2024-08-24T13:29:16+00:00\",\"breadcrumb\":{\"@id\":\"https:\/\/last-chance.dk\/?product=sengegavl-rexell-180cm-kunstigt-laedertraeplast#breadcrumb\"},\"inLanguage\":\"da-DK\",\"potentialAction\":[{\"@type\":\"ReadAction\",\"target\":[\"https:\/\/last-chance.dk\/?product=sengegavl-rexell-180cm-kunstigt-laedertraeplast\"]}]},{\"@type\":\"ImageObject\",\"inLanguage\":\"da-DK\",\"@id\":\"https:\/\/last-chance.dk\/?product=sengegavl-rexell-180cm-kunstigt-laedertraeplast#primaryimage\",\"url\":\"https:\/\/last-chance.dk\/wp-content\/uploads\/2024\/08\/rexell.jpg\",\"contentUrl\":\"https:\/\/last-chance.dk\/wp-content\/uploads\/2024\/08\/rexell.jpg\",\"width\":400,\"height\":400},{\"@type\":\"BreadcrumbList\",\"@id\":\"https:\/\/last-chance.dk\/?product=sengegavl-rexell-180cm-kunstigt-laedertraeplast#breadcrumb\",\"itemListElement\":[{\"@type\":\"ListItem\",\"position\":1,\"name\":\"Home\",\"item\":\"https:\/\/last-chance.dk\/\"},{\"@type\":\"ListItem\",\"position\":2,\"name\":\"Sengegavl Rexell 180cm kunstigt l\u00e6der,tr\u00e6,plast\"}]},{\"@type\":\"WebSite\",\"@id\":\"https:\/\/last-chance.dk\/#website\",\"url\":\"https:\/\/last-chance.dk\/\",\"name\":\"LASTCHANCE Deals | Danmark\",\"description\":\"LASTCHANCE Deals | Danmark\",\"publisher\":{\"@id\":\"https:\/\/last-chance.dk\/#organization\"},\"potentialAction\":[{\"@type\":\"SearchAction\",\"target\":{\"@type\":\"EntryPoint\",\"urlTemplate\":\"https:\/\/last-chance.dk\/?s={search_term_string}\"},\"query-input\":{\"@type\":\"PropertyValueSpecification\",\"valueRequired\":true,\"valueName\":\"search_term_string\"}}],\"inLanguage\":\"da-DK\"},{\"@type\":\"Organization\",\"@id\":\"https:\/\/last-chance.dk\/#organization\",\"name\":\"LASTCHANCE Deals | Danmark\",\"url\":\"https:\/\/last-chance.dk\/\",\"logo\":{\"@type\":\"ImageObject\",\"inLanguage\":\"da-DK\",\"@id\":\"https:\/\/last-chance.dk\/#\/schema\/logo\/image\/\",\"url\":\"https:\/\/last-chance.dk\/wp-content\/uploads\/2023\/10\/lastchancedeals_logo_dk_white.png\",\"contentUrl\":\"https:\/\/last-chance.dk\/wp-content\/uploads\/2023\/10\/lastchancedeals_logo_dk_white.png\",\"width\":470,\"height\":110,\"caption\":\"LASTCHANCE Deals | Danmark\"},\"image\":{\"@id\":\"https:\/\/last-chance.dk\/#\/schema\/logo\/image\/\"}}]}<\/script>\n<!-- \/ Yoast SEO plugin. -->","yoast_head_json":{"title":"Sengegavl Rexell 180cm kunstigt l\u00e6der,tr\u00e6,plast - LASTCHANCE Deals | Danmark","robots":{"index":"index","follow":"follow","max-snippet":"max-snippet:-1","max-image-preview":"max-image-preview:large","max-video-preview":"max-video-preview:-1"},"canonical":"https:\/\/last-chance.dk\/?product=sengegavl-rexell-180cm-kunstigt-laedertraeplast","og_locale":"da_DK","og_type":"article","og_title":"Sengegavl Rexell 180cm kunstigt l\u00e6der,tr\u00e6,plast - LASTCHANCE Deals | Danmark","og_description":"Er du p\u00e5 udkig efter en elegant og komfortabel sengegavl til dit sovev\u00e6relse? S\u00e5 er sengegavl Rexell 180cm det perfekte valg for dig. Denne sengegavl er lavet af kunstigt l\u00e6der, tr\u00e6 og plast, og har en smuk beige farve, der passer til enhver indretning. Sengegavlen har ogs\u00e5 en praktisk senget\u00f8jskasse, hvor du kan opbevare dit [&hellip;]","og_url":"https:\/\/last-chance.dk\/?product=sengegavl-rexell-180cm-kunstigt-laedertraeplast","og_site_name":"LASTCHANCE Deals | Danmark","og_image":[{"width":400,"height":400,"url":"https:\/\/last-chance.dk\/wp-content\/uploads\/2024\/08\/rexell.jpg","type":"image\/jpeg"}],"twitter_card":"summary_large_image","twitter_misc":{"Estimeret l\u00e6setid":"1 minut"},"schema":{"@context":"https:\/\/schema.org","@graph":[{"@type":"WebPage","@id":"https:\/\/last-chance.dk\/?product=sengegavl-rexell-180cm-kunstigt-laedertraeplast","url":"https:\/\/last-chance.dk\/?product=sengegavl-rexell-180cm-kunstigt-laedertraeplast","name":"Sengegavl Rexell 180cm kunstigt l\u00e6der,tr\u00e6,plast - LASTCHANCE Deals | Danmark","isPartOf":{"@id":"https:\/\/last-chance.dk\/#website"},"primaryImageOfPage":{"@id":"https:\/\/last-chance.dk\/?product=sengegavl-rexell-180cm-kunstigt-laedertraeplast#primaryimage"},"image":{"@id":"https:\/\/last-chance.dk\/?product=sengegavl-rexell-180cm-kunstigt-laedertraeplast#primaryimage"},"thumbnailUrl":"https:\/\/last-chance.dk\/wp-content\/uploads\/2024\/08\/rexell.jpg","datePublished":"2024-08-24T13:29:16+00:00","breadcrumb":{"@id":"https:\/\/last-chance.dk\/?product=sengegavl-rexell-180cm-kunstigt-laedertraeplast#breadcrumb"},"inLanguage":"da-DK","potentialAction":[{"@type":"ReadAction","target":["https:\/\/last-chance.dk\/?product=sengegavl-rexell-180cm-kunstigt-laedertraeplast"]}]},{"@type":"ImageObject","inLanguage":"da-DK","@id":"https:\/\/last-chance.dk\/?product=sengegavl-rexell-180cm-kunstigt-laedertraeplast#primaryimage","url":"https:\/\/last-chance.dk\/wp-content\/uploads\/2024\/08\/rexell.jpg","contentUrl":"https:\/\/last-chance.dk\/wp-content\/uploads\/2024\/08\/rexell.jpg","width":400,"height":400},{"@type":"BreadcrumbList","@id":"https:\/\/last-chance.dk\/?product=sengegavl-rexell-180cm-kunstigt-laedertraeplast#breadcrumb","itemListElement":[{"@type":"ListItem","position":1,"name":"Home","item":"https:\/\/last-chance.dk\/"},{"@type":"ListItem","position":2,"name":"Sengegavl Rexell 180cm kunstigt l\u00e6der,tr\u00e6,plast"}]},{"@type":"WebSite","@id":"https:\/\/last-chance.dk\/#website","url":"https:\/\/last-chance.dk\/","name":"LASTCHANCE Deals | Danmark","description":"LASTCHANCE Deals | Danmark","publisher":{"@id":"https:\/\/last-chance.dk\/#organization"},"potentialAction":[{"@type":"SearchAction","target":{"@type":"EntryPoint","urlTemplate":"https:\/\/last-chance.dk\/?s={search_term_string}"},"query-input":{"@type":"PropertyValueSpecification","valueRequired":true,"valueName":"search_term_string"}}],"inLanguage":"da-DK"},{"@type":"Organization","@id":"https:\/\/last-chance.dk\/#organization","name":"LASTCHANCE Deals | Danmark","url":"https:\/\/last-chance.dk\/","logo":{"@type":"ImageObject","inLanguage":"da-DK","@id":"https:\/\/last-chance.dk\/#\/schema\/logo\/image\/","url":"https:\/\/last-chance.dk\/wp-content\/uploads\/2023\/10\/lastchancedeals_logo_dk_white.png","contentUrl":"https:\/\/last-chance.dk\/wp-content\/uploads\/2023\/10\/lastchancedeals_logo_dk_white.png","width":470,"height":110,"caption":"LASTCHANCE Deals | Danmark"},"image":{"@id":"https:\/\/last-chance.dk\/#\/schema\/logo\/image\/"}}]}},"_links":{"self":[{"href":"https:\/\/last-chance.dk\/index.php?rest_route=\/wp\/v2\/product\/15822","targetHints":{"allow":["GET"]}}],"collection":[{"href":"https:\/\/last-chance.dk\/index.php?rest_route=\/wp\/v2\/product"}],"about":[{"href":"https:\/\/last-chance.dk\/index.php?rest_route=\/wp\/v2\/types\/product"}],"replies":[{"embeddable":true,"href":"https:\/\/last-chance.dk\/index.php?rest_route=%2Fwp%2Fv2%2Fcomments&post=15822"}],"wp:featuredmedia":[{"embeddable":true,"href":"https:\/\/last-chance.dk\/index.php?rest_route=\/wp\/v2\/media\/15821"}],"wp:attachment":[{"href":"https:\/\/last-chance.dk\/index.php?rest_route=%2Fwp%2Fv2%2Fmedia&parent=15822"}],"wp:term":[{"taxonomy":"product_brand","embeddable":true,"href":"https:\/\/last-chance.dk\/index.php?rest_route=%2Fwp%2Fv2%2Fproduct_brand&post=15822"},{"taxonomy":"product_cat","embeddable":true,"href":"https:\/\/last-chance.dk\/index.php?rest_route=%2Fwp%2Fv2%2Fproduct_cat&post=15822"},{"taxonomy":"product_tag","embeddable":true,"href":"https:\/\/last-chance.dk\/index.php?rest_route=%2Fwp%2Fv2%2Fproduct_tag&post=15822"}],"curies":[{"name":"wp","href":"https:\/\/api.w.org\/{rel}","templated":true}]}}