{"id":15828,"date":"2024-08-24T13:30:16","date_gmt":"2024-08-24T13:30:16","guid":{"rendered":"https:\/\/www.lastchance.deals\/dk\/produkt\/taeppe-oscar-180x200cm\/"},"modified":"2025-09-19T18:45:36","modified_gmt":"2025-09-19T18:45:36","slug":"taeppe-oscar-180x200cm","status":"publish","type":"product","link":"https:\/\/last-chance.dk\/?product=taeppe-oscar-180x200cm","title":{"rendered":"T\u00e6ppe Oscar 180x200cm"},"content":{"rendered":"<p>Er du p\u00e5 udkig efter et nyt t\u00e6ppe til dit hjem? S\u00e5 er t\u00e6ppet Oscar fra ForrestDecor m\u00e5ske noget for dig. Dette t\u00e6ppe er lavet af polyester, som er et bl\u00f8dt og slidst\u00e6rkt materiale, der holder sig p\u00e6nt i lang tid. T\u00e6ppet har en flot gr\u00e5 farve, som passer til de fleste indretninger, og en st\u00f8rrelse p\u00e5 180x200cm, som er perfekt til at d\u00e6kke et stort omr\u00e5de i din stue, sovev\u00e6relse eller kontor.<\/p>\n<p><\/p>\n<p>T\u00e6ppet Oscar er beregnet til indend\u00f8rs brug, og det er nemt at reng\u00f8re med en st\u00f8vsuger eller en fugtig klud. T\u00e6ppet har ogs\u00e5 en garanti p\u00e5 12 m\u00e5neder, s\u00e5 du kan v\u00e6re sikker p\u00e5 at f\u00e5 et kvalitetsprodukt, der lever op til dine forventninger. ForrestDecor er en anerkendt fabrikant af hjemmetekstiler, som har fokus p\u00e5 design, komfort og b\u00e6redygtighed.<\/p>\n<p><\/p>\n<p>Hvis du vil give dit hjem et hyggeligt og moderne touch med et nyt t\u00e6ppe, s\u00e5 bestil t\u00e6ppet Oscar fra ForrestDecor i dag. Du vil ikke fortryde det!<\/p>\n<p><\/p>\n<p>Leveringstid: Leveringstid 1 uge<br \/>\nMateriale: polyester<br \/>\nDimensioner: 180x200cm<br \/>\nBeregnet til: Indend\u00f8rs brug<br \/>\nFabrikant: ForrestDecor<br \/>\nGaranti: 12 m\u00e5neder<\/p>\n","protected":false},"excerpt":{"rendered":"<p>Er du p\u00e5 udkig efter et nyt t\u00e6ppe til dit hjem? S\u00e5 er t\u00e6ppet Oscar fra ForrestDecor m\u00e5ske noget for dig. Dette t\u00e6ppe er lavet af polyester, som er et bl\u00f8dt og slidst\u00e6rkt materiale, der holder sig p\u00e6nt i lang tid. T\u00e6ppet har en flot gr\u00e5 farve, som passer til de fleste indretninger, og en [&hellip;]<\/p>\n","protected":false},"featured_media":15823,"comment_status":"open","ping_status":"closed","template":"","meta":[],"product_brand":[],"product_cat":[139],"product_tag":[],"class_list":{"0":"post-15828","1":"product","2":"type-product","3":"status-publish","4":"has-post-thumbnail","6":"product_cat-bedding","8":"first","9":"instock","10":"shipping-taxable","11":"purchasable","12":"product-type-simple"},"yoast_head":"<!-- This site is optimized with the Yoast SEO plugin v24.8.1 - https:\/\/yoast.com\/wordpress\/plugins\/seo\/ -->\n<title>T\u00e6ppe Oscar 180x200cm - LASTCHANCE Deals | Danmark<\/title>\n<meta name=\"robots\" content=\"index, follow, max-snippet:-1, max-image-preview:large, max-video-preview:-1\" \/>\n<link rel=\"canonical\" href=\"https:\/\/last-chance.dk\/?product=taeppe-oscar-180x200cm\" \/>\n<meta property=\"og:locale\" content=\"da_DK\" \/>\n<meta property=\"og:type\" content=\"article\" \/>\n<meta property=\"og:title\" content=\"T\u00e6ppe Oscar 180x200cm - LASTCHANCE Deals | Danmark\" \/>\n<meta property=\"og:description\" content=\"Er du p\u00e5 udkig efter et nyt t\u00e6ppe til dit hjem? S\u00e5 er t\u00e6ppet Oscar fra ForrestDecor m\u00e5ske noget for dig. Dette t\u00e6ppe er lavet af polyester, som er et bl\u00f8dt og slidst\u00e6rkt materiale, der holder sig p\u00e6nt i lang tid. T\u00e6ppet har en flot gr\u00e5 farve, som passer til de fleste indretninger, og en [&hellip;]\" \/>\n<meta property=\"og:url\" content=\"https:\/\/last-chance.dk\/?product=taeppe-oscar-180x200cm\" \/>\n<meta property=\"og:site_name\" content=\"LASTCHANCE Deals | Danmark\" \/>\n<meta property=\"article:modified_time\" content=\"2025-09-19T18:45:36+00:00\" \/>\n<meta property=\"og:image\" content=\"https:\/\/last-chance.dk\/wp-content\/uploads\/2024\/08\/oscar_darkblue_1_2.jpg\" \/>\n\t<meta property=\"og:image:width\" content=\"400\" \/>\n\t<meta property=\"og:image:height\" content=\"400\" \/>\n\t<meta property=\"og:image:type\" content=\"image\/jpeg\" \/>\n<meta name=\"twitter:card\" content=\"summary_large_image\" \/>\n<meta name=\"twitter:label1\" content=\"Estimeret l\u00e6setid\" \/>\n\t<meta name=\"twitter:data1\" content=\"1 minut\" \/>\n<script type=\"application\/ld+json\" class=\"yoast-schema-graph\">{\"@context\":\"https:\/\/schema.org\",\"@graph\":[{\"@type\":\"WebPage\",\"@id\":\"https:\/\/last-chance.dk\/?product=taeppe-oscar-180x200cm\",\"url\":\"https:\/\/last-chance.dk\/?product=taeppe-oscar-180x200cm\",\"name\":\"T\u00e6ppe Oscar 180x200cm - LASTCHANCE Deals | Danmark\",\"isPartOf\":{\"@id\":\"https:\/\/last-chance.dk\/#website\"},\"primaryImageOfPage\":{\"@id\":\"https:\/\/last-chance.dk\/?product=taeppe-oscar-180x200cm#primaryimage\"},\"image\":{\"@id\":\"https:\/\/last-chance.dk\/?product=taeppe-oscar-180x200cm#primaryimage\"},\"thumbnailUrl\":\"https:\/\/last-chance.dk\/wp-content\/uploads\/2024\/08\/oscar_darkblue_1_2.jpg\",\"datePublished\":\"2024-08-24T13:30:16+00:00\",\"dateModified\":\"2025-09-19T18:45:36+00:00\",\"breadcrumb\":{\"@id\":\"https:\/\/last-chance.dk\/?product=taeppe-oscar-180x200cm#breadcrumb\"},\"inLanguage\":\"da-DK\",\"potentialAction\":[{\"@type\":\"ReadAction\",\"target\":[\"https:\/\/last-chance.dk\/?product=taeppe-oscar-180x200cm\"]}]},{\"@type\":\"ImageObject\",\"inLanguage\":\"da-DK\",\"@id\":\"https:\/\/last-chance.dk\/?product=taeppe-oscar-180x200cm#primaryimage\",\"url\":\"https:\/\/last-chance.dk\/wp-content\/uploads\/2024\/08\/oscar_darkblue_1_2.jpg\",\"contentUrl\":\"https:\/\/last-chance.dk\/wp-content\/uploads\/2024\/08\/oscar_darkblue_1_2.jpg\",\"width\":400,\"height\":400},{\"@type\":\"BreadcrumbList\",\"@id\":\"https:\/\/last-chance.dk\/?product=taeppe-oscar-180x200cm#breadcrumb\",\"itemListElement\":[{\"@type\":\"ListItem\",\"position\":1,\"name\":\"Home\",\"item\":\"https:\/\/last-chance.dk\/\"},{\"@type\":\"ListItem\",\"position\":2,\"name\":\"T\u00e6ppe Oscar 180x200cm\"}]},{\"@type\":\"WebSite\",\"@id\":\"https:\/\/last-chance.dk\/#website\",\"url\":\"https:\/\/last-chance.dk\/\",\"name\":\"LASTCHANCE Deals | Danmark\",\"description\":\"LASTCHANCE Deals | Danmark\",\"publisher\":{\"@id\":\"https:\/\/last-chance.dk\/#organization\"},\"potentialAction\":[{\"@type\":\"SearchAction\",\"target\":{\"@type\":\"EntryPoint\",\"urlTemplate\":\"https:\/\/last-chance.dk\/?s={search_term_string}\"},\"query-input\":{\"@type\":\"PropertyValueSpecification\",\"valueRequired\":true,\"valueName\":\"search_term_string\"}}],\"inLanguage\":\"da-DK\"},{\"@type\":\"Organization\",\"@id\":\"https:\/\/last-chance.dk\/#organization\",\"name\":\"LASTCHANCE Deals | Danmark\",\"url\":\"https:\/\/last-chance.dk\/\",\"logo\":{\"@type\":\"ImageObject\",\"inLanguage\":\"da-DK\",\"@id\":\"https:\/\/last-chance.dk\/#\/schema\/logo\/image\/\",\"url\":\"https:\/\/last-chance.dk\/wp-content\/uploads\/2023\/10\/lastchancedeals_logo_dk_white.png\",\"contentUrl\":\"https:\/\/last-chance.dk\/wp-content\/uploads\/2023\/10\/lastchancedeals_logo_dk_white.png\",\"width\":470,\"height\":110,\"caption\":\"LASTCHANCE Deals | Danmark\"},\"image\":{\"@id\":\"https:\/\/last-chance.dk\/#\/schema\/logo\/image\/\"}}]}<\/script>\n<!-- \/ Yoast SEO plugin. -->","yoast_head_json":{"title":"T\u00e6ppe Oscar 180x200cm - LASTCHANCE Deals | Danmark","robots":{"index":"index","follow":"follow","max-snippet":"max-snippet:-1","max-image-preview":"max-image-preview:large","max-video-preview":"max-video-preview:-1"},"canonical":"https:\/\/last-chance.dk\/?product=taeppe-oscar-180x200cm","og_locale":"da_DK","og_type":"article","og_title":"T\u00e6ppe Oscar 180x200cm - LASTCHANCE Deals | Danmark","og_description":"Er du p\u00e5 udkig efter et nyt t\u00e6ppe til dit hjem? S\u00e5 er t\u00e6ppet Oscar fra ForrestDecor m\u00e5ske noget for dig. Dette t\u00e6ppe er lavet af polyester, som er et bl\u00f8dt og slidst\u00e6rkt materiale, der holder sig p\u00e6nt i lang tid. T\u00e6ppet har en flot gr\u00e5 farve, som passer til de fleste indretninger, og en [&hellip;]","og_url":"https:\/\/last-chance.dk\/?product=taeppe-oscar-180x200cm","og_site_name":"LASTCHANCE Deals | Danmark","article_modified_time":"2025-09-19T18:45:36+00:00","og_image":[{"width":400,"height":400,"url":"https:\/\/last-chance.dk\/wp-content\/uploads\/2024\/08\/oscar_darkblue_1_2.jpg","type":"image\/jpeg"}],"twitter_card":"summary_large_image","twitter_misc":{"Estimeret l\u00e6setid":"1 minut"},"schema":{"@context":"https:\/\/schema.org","@graph":[{"@type":"WebPage","@id":"https:\/\/last-chance.dk\/?product=taeppe-oscar-180x200cm","url":"https:\/\/last-chance.dk\/?product=taeppe-oscar-180x200cm","name":"T\u00e6ppe Oscar 180x200cm - LASTCHANCE Deals | Danmark","isPartOf":{"@id":"https:\/\/last-chance.dk\/#website"},"primaryImageOfPage":{"@id":"https:\/\/last-chance.dk\/?product=taeppe-oscar-180x200cm#primaryimage"},"image":{"@id":"https:\/\/last-chance.dk\/?product=taeppe-oscar-180x200cm#primaryimage"},"thumbnailUrl":"https:\/\/last-chance.dk\/wp-content\/uploads\/2024\/08\/oscar_darkblue_1_2.jpg","datePublished":"2024-08-24T13:30:16+00:00","dateModified":"2025-09-19T18:45:36+00:00","breadcrumb":{"@id":"https:\/\/last-chance.dk\/?product=taeppe-oscar-180x200cm#breadcrumb"},"inLanguage":"da-DK","potentialAction":[{"@type":"ReadAction","target":["https:\/\/last-chance.dk\/?product=taeppe-oscar-180x200cm"]}]},{"@type":"ImageObject","inLanguage":"da-DK","@id":"https:\/\/last-chance.dk\/?product=taeppe-oscar-180x200cm#primaryimage","url":"https:\/\/last-chance.dk\/wp-content\/uploads\/2024\/08\/oscar_darkblue_1_2.jpg","contentUrl":"https:\/\/last-chance.dk\/wp-content\/uploads\/2024\/08\/oscar_darkblue_1_2.jpg","width":400,"height":400},{"@type":"BreadcrumbList","@id":"https:\/\/last-chance.dk\/?product=taeppe-oscar-180x200cm#breadcrumb","itemListElement":[{"@type":"ListItem","position":1,"name":"Home","item":"https:\/\/last-chance.dk\/"},{"@type":"ListItem","position":2,"name":"T\u00e6ppe Oscar 180x200cm"}]},{"@type":"WebSite","@id":"https:\/\/last-chance.dk\/#website","url":"https:\/\/last-chance.dk\/","name":"LASTCHANCE Deals | Danmark","description":"LASTCHANCE Deals | Danmark","publisher":{"@id":"https:\/\/last-chance.dk\/#organization"},"potentialAction":[{"@type":"SearchAction","target":{"@type":"EntryPoint","urlTemplate":"https:\/\/last-chance.dk\/?s={search_term_string}"},"query-input":{"@type":"PropertyValueSpecification","valueRequired":true,"valueName":"search_term_string"}}],"inLanguage":"da-DK"},{"@type":"Organization","@id":"https:\/\/last-chance.dk\/#organization","name":"LASTCHANCE Deals | Danmark","url":"https:\/\/last-chance.dk\/","logo":{"@type":"ImageObject","inLanguage":"da-DK","@id":"https:\/\/last-chance.dk\/#\/schema\/logo\/image\/","url":"https:\/\/last-chance.dk\/wp-content\/uploads\/2023\/10\/lastchancedeals_logo_dk_white.png","contentUrl":"https:\/\/last-chance.dk\/wp-content\/uploads\/2023\/10\/lastchancedeals_logo_dk_white.png","width":470,"height":110,"caption":"LASTCHANCE Deals | Danmark"},"image":{"@id":"https:\/\/last-chance.dk\/#\/schema\/logo\/image\/"}}]}},"_links":{"self":[{"href":"https:\/\/last-chance.dk\/index.php?rest_route=\/wp\/v2\/product\/15828","targetHints":{"allow":["GET"]}}],"collection":[{"href":"https:\/\/last-chance.dk\/index.php?rest_route=\/wp\/v2\/product"}],"about":[{"href":"https:\/\/last-chance.dk\/index.php?rest_route=\/wp\/v2\/types\/product"}],"replies":[{"embeddable":true,"href":"https:\/\/last-chance.dk\/index.php?rest_route=%2Fwp%2Fv2%2Fcomments&post=15828"}],"wp:featuredmedia":[{"embeddable":true,"href":"https:\/\/last-chance.dk\/index.php?rest_route=\/wp\/v2\/media\/15823"}],"wp:attachment":[{"href":"https:\/\/last-chance.dk\/index.php?rest_route=%2Fwp%2Fv2%2Fmedia&parent=15828"}],"wp:term":[{"taxonomy":"product_brand","embeddable":true,"href":"https:\/\/last-chance.dk\/index.php?rest_route=%2Fwp%2Fv2%2Fproduct_brand&post=15828"},{"taxonomy":"product_cat","embeddable":true,"href":"https:\/\/last-chance.dk\/index.php?rest_route=%2Fwp%2Fv2%2Fproduct_cat&post=15828"},{"taxonomy":"product_tag","embeddable":true,"href":"https:\/\/last-chance.dk\/index.php?rest_route=%2Fwp%2Fv2%2Fproduct_tag&post=15828"}],"curies":[{"name":"wp","href":"https:\/\/api.w.org\/{rel}","templated":true}]}}