{"id":15835,"date":"2024-08-24T13:32:39","date_gmt":"2024-08-24T13:32:39","guid":{"rendered":"https:\/\/www.lastchance.deals\/dk\/produkt\/byraa-aliz-orange-mdf\/"},"modified":"2025-10-13T11:51:13","modified_gmt":"2025-10-13T11:51:13","slug":"byraa-aliz-orange-mdf","status":"publish","type":"product","link":"https:\/\/last-chance.dk\/?product=byraa-aliz-orange-mdf","title":{"rendered":"Byr\u00e5 Aliz orange mdf"},"content":{"rendered":"<p>Byr\u00e5 Aliz er et moderne og farverigt m\u00f8bel, der vil give dit hjem et friskt pust. Byr\u00e5et er lavet af mdf, et holdbart og milj\u00f8venligt materiale, der er nemt at reng\u00f8re. Byr\u00e5et har fire skuffer med god plads til opbevaring af t\u00f8j, b\u00f8ger, leget\u00f8j eller andre ting. Skufferne har elegante metalh\u00e5ndtag, der giver byr\u00e5et et stilfuldt udtryk. Byr\u00e5et har en flot orange farve, der vil skabe kontrast og liv i din indretning. Byr\u00e5et m\u00e5ler 80x24x120cm og skal samles ved levering. Du f\u00e5r en garanti p\u00e5 6 m\u00e5neder, n\u00e5r du k\u00f8ber byr\u00e5et. Byr\u00e5et er lavet af ForrestDecor, en anerkendt fabrikant af kvalitetsm\u00f8bler.<\/p>\n<p><\/p>\n<p>Leveringstid: Leveringstid 1 uge<br \/>\nStil: moderne<br \/>\nMateriale: mdf<br \/>\nFarve: orange<br \/>\nUdvendige dimensioner: 80x24x120cm<br \/>\nMontage: skal samles<br \/>\nGaranti: 6 m\u00e5neder<br \/>\nFabrikant: ForrestDecor<\/p>\n","protected":false},"excerpt":{"rendered":"<p>Byr\u00e5 Aliz er et moderne og farverigt m\u00f8bel, der vil give dit hjem et friskt pust. Byr\u00e5et er lavet af mdf, et holdbart og milj\u00f8venligt materiale, der er nemt at reng\u00f8re. Byr\u00e5et har fire skuffer med god plads til opbevaring af t\u00f8j, b\u00f8ger, leget\u00f8j eller andre ting. Skufferne har elegante metalh\u00e5ndtag, der giver byr\u00e5et et [&hellip;]<\/p>\n","protected":false},"featured_media":15831,"comment_status":"open","ping_status":"closed","template":"","meta":[],"product_brand":[],"product_cat":[132],"product_tag":[],"class_list":{"0":"post-15835","1":"product","2":"type-product","3":"status-publish","4":"has-post-thumbnail","6":"product_cat-vestibule","8":"first","9":"instock","10":"shipping-taxable","11":"purchasable","12":"product-type-simple"},"yoast_head":"<!-- This site is optimized with the Yoast SEO plugin v24.8.1 - https:\/\/yoast.com\/wordpress\/plugins\/seo\/ -->\n<title>Byr\u00e5 Aliz orange mdf - LASTCHANCE Deals | Danmark<\/title>\n<meta name=\"robots\" content=\"index, follow, max-snippet:-1, max-image-preview:large, max-video-preview:-1\" \/>\n<link rel=\"canonical\" href=\"https:\/\/last-chance.dk\/?product=byraa-aliz-orange-mdf\" \/>\n<meta property=\"og:locale\" content=\"da_DK\" \/>\n<meta property=\"og:type\" content=\"article\" \/>\n<meta property=\"og:title\" content=\"Byr\u00e5 Aliz orange mdf - LASTCHANCE Deals | Danmark\" \/>\n<meta property=\"og:description\" content=\"Byr\u00e5 Aliz er et moderne og farverigt m\u00f8bel, der vil give dit hjem et friskt pust. Byr\u00e5et er lavet af mdf, et holdbart og milj\u00f8venligt materiale, der er nemt at reng\u00f8re. Byr\u00e5et har fire skuffer med god plads til opbevaring af t\u00f8j, b\u00f8ger, leget\u00f8j eller andre ting. Skufferne har elegante metalh\u00e5ndtag, der giver byr\u00e5et et [&hellip;]\" \/>\n<meta property=\"og:url\" content=\"https:\/\/last-chance.dk\/?product=byraa-aliz-orange-mdf\" \/>\n<meta property=\"og:site_name\" content=\"LASTCHANCE Deals | Danmark\" \/>\n<meta property=\"article:modified_time\" content=\"2025-10-13T11:51:13+00:00\" \/>\n<meta property=\"og:image\" content=\"https:\/\/last-chance.dk\/wp-content\/uploads\/2024\/08\/aliz1.jpg\" \/>\n\t<meta property=\"og:image:width\" content=\"750\" \/>\n\t<meta property=\"og:image:height\" content=\"873\" \/>\n\t<meta property=\"og:image:type\" content=\"image\/jpeg\" \/>\n<meta name=\"twitter:card\" content=\"summary_large_image\" \/>\n<meta name=\"twitter:label1\" content=\"Estimeret l\u00e6setid\" \/>\n\t<meta name=\"twitter:data1\" content=\"1 minut\" \/>\n<script type=\"application\/ld+json\" class=\"yoast-schema-graph\">{\"@context\":\"https:\/\/schema.org\",\"@graph\":[{\"@type\":\"WebPage\",\"@id\":\"https:\/\/last-chance.dk\/?product=byraa-aliz-orange-mdf\",\"url\":\"https:\/\/last-chance.dk\/?product=byraa-aliz-orange-mdf\",\"name\":\"Byr\u00e5 Aliz orange mdf - LASTCHANCE Deals | Danmark\",\"isPartOf\":{\"@id\":\"https:\/\/last-chance.dk\/#website\"},\"primaryImageOfPage\":{\"@id\":\"https:\/\/last-chance.dk\/?product=byraa-aliz-orange-mdf#primaryimage\"},\"image\":{\"@id\":\"https:\/\/last-chance.dk\/?product=byraa-aliz-orange-mdf#primaryimage\"},\"thumbnailUrl\":\"https:\/\/last-chance.dk\/wp-content\/uploads\/2024\/08\/aliz1.jpg\",\"datePublished\":\"2024-08-24T13:32:39+00:00\",\"dateModified\":\"2025-10-13T11:51:13+00:00\",\"breadcrumb\":{\"@id\":\"https:\/\/last-chance.dk\/?product=byraa-aliz-orange-mdf#breadcrumb\"},\"inLanguage\":\"da-DK\",\"potentialAction\":[{\"@type\":\"ReadAction\",\"target\":[\"https:\/\/last-chance.dk\/?product=byraa-aliz-orange-mdf\"]}]},{\"@type\":\"ImageObject\",\"inLanguage\":\"da-DK\",\"@id\":\"https:\/\/last-chance.dk\/?product=byraa-aliz-orange-mdf#primaryimage\",\"url\":\"https:\/\/last-chance.dk\/wp-content\/uploads\/2024\/08\/aliz1.jpg\",\"contentUrl\":\"https:\/\/last-chance.dk\/wp-content\/uploads\/2024\/08\/aliz1.jpg\",\"width\":750,\"height\":873},{\"@type\":\"BreadcrumbList\",\"@id\":\"https:\/\/last-chance.dk\/?product=byraa-aliz-orange-mdf#breadcrumb\",\"itemListElement\":[{\"@type\":\"ListItem\",\"position\":1,\"name\":\"Home\",\"item\":\"https:\/\/last-chance.dk\/\"},{\"@type\":\"ListItem\",\"position\":2,\"name\":\"Byr\u00e5 Aliz orange mdf\"}]},{\"@type\":\"WebSite\",\"@id\":\"https:\/\/last-chance.dk\/#website\",\"url\":\"https:\/\/last-chance.dk\/\",\"name\":\"LASTCHANCE Deals | Danmark\",\"description\":\"LASTCHANCE Deals | Danmark\",\"publisher\":{\"@id\":\"https:\/\/last-chance.dk\/#organization\"},\"potentialAction\":[{\"@type\":\"SearchAction\",\"target\":{\"@type\":\"EntryPoint\",\"urlTemplate\":\"https:\/\/last-chance.dk\/?s={search_term_string}\"},\"query-input\":{\"@type\":\"PropertyValueSpecification\",\"valueRequired\":true,\"valueName\":\"search_term_string\"}}],\"inLanguage\":\"da-DK\"},{\"@type\":\"Organization\",\"@id\":\"https:\/\/last-chance.dk\/#organization\",\"name\":\"LASTCHANCE Deals | Danmark\",\"url\":\"https:\/\/last-chance.dk\/\",\"logo\":{\"@type\":\"ImageObject\",\"inLanguage\":\"da-DK\",\"@id\":\"https:\/\/last-chance.dk\/#\/schema\/logo\/image\/\",\"url\":\"https:\/\/last-chance.dk\/wp-content\/uploads\/2023\/10\/lastchancedeals_logo_dk_white.png\",\"contentUrl\":\"https:\/\/last-chance.dk\/wp-content\/uploads\/2023\/10\/lastchancedeals_logo_dk_white.png\",\"width\":470,\"height\":110,\"caption\":\"LASTCHANCE Deals | Danmark\"},\"image\":{\"@id\":\"https:\/\/last-chance.dk\/#\/schema\/logo\/image\/\"}}]}<\/script>\n<!-- \/ Yoast SEO plugin. -->","yoast_head_json":{"title":"Byr\u00e5 Aliz orange mdf - LASTCHANCE Deals | Danmark","robots":{"index":"index","follow":"follow","max-snippet":"max-snippet:-1","max-image-preview":"max-image-preview:large","max-video-preview":"max-video-preview:-1"},"canonical":"https:\/\/last-chance.dk\/?product=byraa-aliz-orange-mdf","og_locale":"da_DK","og_type":"article","og_title":"Byr\u00e5 Aliz orange mdf - LASTCHANCE Deals | Danmark","og_description":"Byr\u00e5 Aliz er et moderne og farverigt m\u00f8bel, der vil give dit hjem et friskt pust. Byr\u00e5et er lavet af mdf, et holdbart og milj\u00f8venligt materiale, der er nemt at reng\u00f8re. Byr\u00e5et har fire skuffer med god plads til opbevaring af t\u00f8j, b\u00f8ger, leget\u00f8j eller andre ting. Skufferne har elegante metalh\u00e5ndtag, der giver byr\u00e5et et [&hellip;]","og_url":"https:\/\/last-chance.dk\/?product=byraa-aliz-orange-mdf","og_site_name":"LASTCHANCE Deals | Danmark","article_modified_time":"2025-10-13T11:51:13+00:00","og_image":[{"width":750,"height":873,"url":"https:\/\/last-chance.dk\/wp-content\/uploads\/2024\/08\/aliz1.jpg","type":"image\/jpeg"}],"twitter_card":"summary_large_image","twitter_misc":{"Estimeret l\u00e6setid":"1 minut"},"schema":{"@context":"https:\/\/schema.org","@graph":[{"@type":"WebPage","@id":"https:\/\/last-chance.dk\/?product=byraa-aliz-orange-mdf","url":"https:\/\/last-chance.dk\/?product=byraa-aliz-orange-mdf","name":"Byr\u00e5 Aliz orange mdf - LASTCHANCE Deals | Danmark","isPartOf":{"@id":"https:\/\/last-chance.dk\/#website"},"primaryImageOfPage":{"@id":"https:\/\/last-chance.dk\/?product=byraa-aliz-orange-mdf#primaryimage"},"image":{"@id":"https:\/\/last-chance.dk\/?product=byraa-aliz-orange-mdf#primaryimage"},"thumbnailUrl":"https:\/\/last-chance.dk\/wp-content\/uploads\/2024\/08\/aliz1.jpg","datePublished":"2024-08-24T13:32:39+00:00","dateModified":"2025-10-13T11:51:13+00:00","breadcrumb":{"@id":"https:\/\/last-chance.dk\/?product=byraa-aliz-orange-mdf#breadcrumb"},"inLanguage":"da-DK","potentialAction":[{"@type":"ReadAction","target":["https:\/\/last-chance.dk\/?product=byraa-aliz-orange-mdf"]}]},{"@type":"ImageObject","inLanguage":"da-DK","@id":"https:\/\/last-chance.dk\/?product=byraa-aliz-orange-mdf#primaryimage","url":"https:\/\/last-chance.dk\/wp-content\/uploads\/2024\/08\/aliz1.jpg","contentUrl":"https:\/\/last-chance.dk\/wp-content\/uploads\/2024\/08\/aliz1.jpg","width":750,"height":873},{"@type":"BreadcrumbList","@id":"https:\/\/last-chance.dk\/?product=byraa-aliz-orange-mdf#breadcrumb","itemListElement":[{"@type":"ListItem","position":1,"name":"Home","item":"https:\/\/last-chance.dk\/"},{"@type":"ListItem","position":2,"name":"Byr\u00e5 Aliz orange mdf"}]},{"@type":"WebSite","@id":"https:\/\/last-chance.dk\/#website","url":"https:\/\/last-chance.dk\/","name":"LASTCHANCE Deals | Danmark","description":"LASTCHANCE Deals | Danmark","publisher":{"@id":"https:\/\/last-chance.dk\/#organization"},"potentialAction":[{"@type":"SearchAction","target":{"@type":"EntryPoint","urlTemplate":"https:\/\/last-chance.dk\/?s={search_term_string}"},"query-input":{"@type":"PropertyValueSpecification","valueRequired":true,"valueName":"search_term_string"}}],"inLanguage":"da-DK"},{"@type":"Organization","@id":"https:\/\/last-chance.dk\/#organization","name":"LASTCHANCE Deals | Danmark","url":"https:\/\/last-chance.dk\/","logo":{"@type":"ImageObject","inLanguage":"da-DK","@id":"https:\/\/last-chance.dk\/#\/schema\/logo\/image\/","url":"https:\/\/last-chance.dk\/wp-content\/uploads\/2023\/10\/lastchancedeals_logo_dk_white.png","contentUrl":"https:\/\/last-chance.dk\/wp-content\/uploads\/2023\/10\/lastchancedeals_logo_dk_white.png","width":470,"height":110,"caption":"LASTCHANCE Deals | Danmark"},"image":{"@id":"https:\/\/last-chance.dk\/#\/schema\/logo\/image\/"}}]}},"_links":{"self":[{"href":"https:\/\/last-chance.dk\/index.php?rest_route=\/wp\/v2\/product\/15835","targetHints":{"allow":["GET"]}}],"collection":[{"href":"https:\/\/last-chance.dk\/index.php?rest_route=\/wp\/v2\/product"}],"about":[{"href":"https:\/\/last-chance.dk\/index.php?rest_route=\/wp\/v2\/types\/product"}],"replies":[{"embeddable":true,"href":"https:\/\/last-chance.dk\/index.php?rest_route=%2Fwp%2Fv2%2Fcomments&post=15835"}],"wp:featuredmedia":[{"embeddable":true,"href":"https:\/\/last-chance.dk\/index.php?rest_route=\/wp\/v2\/media\/15831"}],"wp:attachment":[{"href":"https:\/\/last-chance.dk\/index.php?rest_route=%2Fwp%2Fv2%2Fmedia&parent=15835"}],"wp:term":[{"taxonomy":"product_brand","embeddable":true,"href":"https:\/\/last-chance.dk\/index.php?rest_route=%2Fwp%2Fv2%2Fproduct_brand&post=15835"},{"taxonomy":"product_cat","embeddable":true,"href":"https:\/\/last-chance.dk\/index.php?rest_route=%2Fwp%2Fv2%2Fproduct_cat&post=15835"},{"taxonomy":"product_tag","embeddable":true,"href":"https:\/\/last-chance.dk\/index.php?rest_route=%2Fwp%2Fv2%2Fproduct_tag&post=15835"}],"curies":[{"name":"wp","href":"https:\/\/api.w.org\/{rel}","templated":true}]}}