{"id":15841,"date":"2024-08-24T13:33:17","date_gmt":"2024-08-24T13:33:17","guid":{"rendered":"https:\/\/www.lastchance.deals\/dk\/produkt\/sidebord-perdita\/"},"modified":"2025-09-19T18:28:47","modified_gmt":"2025-09-19T18:28:47","slug":"sidebord-perdita","status":"publish","type":"product","link":"https:\/\/last-chance.dk\/?product=sidebord-perdita","title":{"rendered":"Sidebord Perdita"},"content":{"rendered":"<p>Sidebord Perdita er et elegant og moderne m\u00f8bel, der passer perfekt til enhver stue, sovev\u00e6relse eller kontor. Det er lavet af metal, der giver det et robust og holdbart design. Bordet har en rund bordplade og tre slanke ben, der skaber et let og luftigt udtryk. Bordet m\u00e5ler 50 cm i diameter og 63 cm i h\u00f8jden, og det skal samles ved levering. Du f\u00e5r 12 m\u00e5neders rammegaranti p\u00e5 bordet, s\u00e5 du kan v\u00e6re sikker p\u00e5 dets kvalitet. Sidebord Perdita er produceret af ForrestDecor, en anerkendt fabrikant af stilfulde og funktionelle m\u00f8bler. Bestil dit sidebord Perdita i dag og nyd det flotte design i dit hjem.<\/p>\n<p><\/p>\n<p>Leveringstid: Leveringstid 1 uge<br \/>\nMateriale: metal<br \/>\nUdvendige dimensioner: 50x63cm<br \/>\nMontage: skal samles<br \/>\nGaranti: 12 m\u00e5neders rammegaranti<br \/>\nFabrikant: ForrestDecor<\/p>\n","protected":false},"excerpt":{"rendered":"<p>Sidebord Perdita er et elegant og moderne m\u00f8bel, der passer perfekt til enhver stue, sovev\u00e6relse eller kontor. Det er lavet af metal, der giver det et robust og holdbart design. Bordet har en rund bordplade og tre slanke ben, der skaber et let og luftigt udtryk. Bordet m\u00e5ler 50 cm i diameter og 63 cm [&hellip;]<\/p>\n","protected":false},"featured_media":15836,"comment_status":"open","ping_status":"closed","template":"","meta":[],"product_brand":[],"product_cat":[196],"product_tag":[],"class_list":{"0":"post-15841","1":"product","2":"type-product","3":"status-publish","4":"has-post-thumbnail","6":"product_cat-sidobord","8":"first","9":"instock","10":"shipping-taxable","11":"purchasable","12":"product-type-simple"},"yoast_head":"<!-- This site is optimized with the Yoast SEO plugin v24.8.1 - https:\/\/yoast.com\/wordpress\/plugins\/seo\/ -->\n<title>Sidebord Perdita - LASTCHANCE Deals | Danmark<\/title>\n<meta name=\"robots\" content=\"index, follow, max-snippet:-1, max-image-preview:large, max-video-preview:-1\" \/>\n<link rel=\"canonical\" href=\"https:\/\/last-chance.dk\/?product=sidebord-perdita\" \/>\n<meta property=\"og:locale\" content=\"da_DK\" \/>\n<meta property=\"og:type\" content=\"article\" \/>\n<meta property=\"og:title\" content=\"Sidebord Perdita - LASTCHANCE Deals | Danmark\" \/>\n<meta property=\"og:description\" content=\"Sidebord Perdita er et elegant og moderne m\u00f8bel, der passer perfekt til enhver stue, sovev\u00e6relse eller kontor. Det er lavet af metal, der giver det et robust og holdbart design. Bordet har en rund bordplade og tre slanke ben, der skaber et let og luftigt udtryk. Bordet m\u00e5ler 50 cm i diameter og 63 cm [&hellip;]\" \/>\n<meta property=\"og:url\" content=\"https:\/\/last-chance.dk\/?product=sidebord-perdita\" \/>\n<meta property=\"og:site_name\" content=\"LASTCHANCE Deals | Danmark\" \/>\n<meta property=\"article:modified_time\" content=\"2025-09-19T18:28:47+00:00\" \/>\n<meta property=\"og:image\" content=\"https:\/\/last-chance.dk\/wp-content\/uploads\/2024\/08\/perdita_white1.jpg\" \/>\n\t<meta property=\"og:image:width\" content=\"787\" \/>\n\t<meta property=\"og:image:height\" content=\"740\" \/>\n\t<meta property=\"og:image:type\" content=\"image\/jpeg\" \/>\n<meta name=\"twitter:card\" content=\"summary_large_image\" \/>\n<meta name=\"twitter:label1\" content=\"Estimeret l\u00e6setid\" \/>\n\t<meta name=\"twitter:data1\" content=\"1 minut\" \/>\n<script type=\"application\/ld+json\" class=\"yoast-schema-graph\">{\"@context\":\"https:\/\/schema.org\",\"@graph\":[{\"@type\":\"WebPage\",\"@id\":\"https:\/\/last-chance.dk\/?product=sidebord-perdita\",\"url\":\"https:\/\/last-chance.dk\/?product=sidebord-perdita\",\"name\":\"Sidebord Perdita - LASTCHANCE Deals | Danmark\",\"isPartOf\":{\"@id\":\"https:\/\/last-chance.dk\/#website\"},\"primaryImageOfPage\":{\"@id\":\"https:\/\/last-chance.dk\/?product=sidebord-perdita#primaryimage\"},\"image\":{\"@id\":\"https:\/\/last-chance.dk\/?product=sidebord-perdita#primaryimage\"},\"thumbnailUrl\":\"https:\/\/last-chance.dk\/wp-content\/uploads\/2024\/08\/perdita_white1.jpg\",\"datePublished\":\"2024-08-24T13:33:17+00:00\",\"dateModified\":\"2025-09-19T18:28:47+00:00\",\"breadcrumb\":{\"@id\":\"https:\/\/last-chance.dk\/?product=sidebord-perdita#breadcrumb\"},\"inLanguage\":\"da-DK\",\"potentialAction\":[{\"@type\":\"ReadAction\",\"target\":[\"https:\/\/last-chance.dk\/?product=sidebord-perdita\"]}]},{\"@type\":\"ImageObject\",\"inLanguage\":\"da-DK\",\"@id\":\"https:\/\/last-chance.dk\/?product=sidebord-perdita#primaryimage\",\"url\":\"https:\/\/last-chance.dk\/wp-content\/uploads\/2024\/08\/perdita_white1.jpg\",\"contentUrl\":\"https:\/\/last-chance.dk\/wp-content\/uploads\/2024\/08\/perdita_white1.jpg\",\"width\":787,\"height\":740},{\"@type\":\"BreadcrumbList\",\"@id\":\"https:\/\/last-chance.dk\/?product=sidebord-perdita#breadcrumb\",\"itemListElement\":[{\"@type\":\"ListItem\",\"position\":1,\"name\":\"Home\",\"item\":\"https:\/\/last-chance.dk\/\"},{\"@type\":\"ListItem\",\"position\":2,\"name\":\"Sidebord Perdita\"}]},{\"@type\":\"WebSite\",\"@id\":\"https:\/\/last-chance.dk\/#website\",\"url\":\"https:\/\/last-chance.dk\/\",\"name\":\"LASTCHANCE Deals | Danmark\",\"description\":\"LASTCHANCE Deals | Danmark\",\"publisher\":{\"@id\":\"https:\/\/last-chance.dk\/#organization\"},\"potentialAction\":[{\"@type\":\"SearchAction\",\"target\":{\"@type\":\"EntryPoint\",\"urlTemplate\":\"https:\/\/last-chance.dk\/?s={search_term_string}\"},\"query-input\":{\"@type\":\"PropertyValueSpecification\",\"valueRequired\":true,\"valueName\":\"search_term_string\"}}],\"inLanguage\":\"da-DK\"},{\"@type\":\"Organization\",\"@id\":\"https:\/\/last-chance.dk\/#organization\",\"name\":\"LASTCHANCE Deals | Danmark\",\"url\":\"https:\/\/last-chance.dk\/\",\"logo\":{\"@type\":\"ImageObject\",\"inLanguage\":\"da-DK\",\"@id\":\"https:\/\/last-chance.dk\/#\/schema\/logo\/image\/\",\"url\":\"https:\/\/last-chance.dk\/wp-content\/uploads\/2023\/10\/lastchancedeals_logo_dk_white.png\",\"contentUrl\":\"https:\/\/last-chance.dk\/wp-content\/uploads\/2023\/10\/lastchancedeals_logo_dk_white.png\",\"width\":470,\"height\":110,\"caption\":\"LASTCHANCE Deals | Danmark\"},\"image\":{\"@id\":\"https:\/\/last-chance.dk\/#\/schema\/logo\/image\/\"}}]}<\/script>\n<!-- \/ Yoast SEO plugin. -->","yoast_head_json":{"title":"Sidebord Perdita - LASTCHANCE Deals | Danmark","robots":{"index":"index","follow":"follow","max-snippet":"max-snippet:-1","max-image-preview":"max-image-preview:large","max-video-preview":"max-video-preview:-1"},"canonical":"https:\/\/last-chance.dk\/?product=sidebord-perdita","og_locale":"da_DK","og_type":"article","og_title":"Sidebord Perdita - LASTCHANCE Deals | Danmark","og_description":"Sidebord Perdita er et elegant og moderne m\u00f8bel, der passer perfekt til enhver stue, sovev\u00e6relse eller kontor. Det er lavet af metal, der giver det et robust og holdbart design. Bordet har en rund bordplade og tre slanke ben, der skaber et let og luftigt udtryk. Bordet m\u00e5ler 50 cm i diameter og 63 cm [&hellip;]","og_url":"https:\/\/last-chance.dk\/?product=sidebord-perdita","og_site_name":"LASTCHANCE Deals | Danmark","article_modified_time":"2025-09-19T18:28:47+00:00","og_image":[{"width":787,"height":740,"url":"https:\/\/last-chance.dk\/wp-content\/uploads\/2024\/08\/perdita_white1.jpg","type":"image\/jpeg"}],"twitter_card":"summary_large_image","twitter_misc":{"Estimeret l\u00e6setid":"1 minut"},"schema":{"@context":"https:\/\/schema.org","@graph":[{"@type":"WebPage","@id":"https:\/\/last-chance.dk\/?product=sidebord-perdita","url":"https:\/\/last-chance.dk\/?product=sidebord-perdita","name":"Sidebord Perdita - LASTCHANCE Deals | Danmark","isPartOf":{"@id":"https:\/\/last-chance.dk\/#website"},"primaryImageOfPage":{"@id":"https:\/\/last-chance.dk\/?product=sidebord-perdita#primaryimage"},"image":{"@id":"https:\/\/last-chance.dk\/?product=sidebord-perdita#primaryimage"},"thumbnailUrl":"https:\/\/last-chance.dk\/wp-content\/uploads\/2024\/08\/perdita_white1.jpg","datePublished":"2024-08-24T13:33:17+00:00","dateModified":"2025-09-19T18:28:47+00:00","breadcrumb":{"@id":"https:\/\/last-chance.dk\/?product=sidebord-perdita#breadcrumb"},"inLanguage":"da-DK","potentialAction":[{"@type":"ReadAction","target":["https:\/\/last-chance.dk\/?product=sidebord-perdita"]}]},{"@type":"ImageObject","inLanguage":"da-DK","@id":"https:\/\/last-chance.dk\/?product=sidebord-perdita#primaryimage","url":"https:\/\/last-chance.dk\/wp-content\/uploads\/2024\/08\/perdita_white1.jpg","contentUrl":"https:\/\/last-chance.dk\/wp-content\/uploads\/2024\/08\/perdita_white1.jpg","width":787,"height":740},{"@type":"BreadcrumbList","@id":"https:\/\/last-chance.dk\/?product=sidebord-perdita#breadcrumb","itemListElement":[{"@type":"ListItem","position":1,"name":"Home","item":"https:\/\/last-chance.dk\/"},{"@type":"ListItem","position":2,"name":"Sidebord Perdita"}]},{"@type":"WebSite","@id":"https:\/\/last-chance.dk\/#website","url":"https:\/\/last-chance.dk\/","name":"LASTCHANCE Deals | Danmark","description":"LASTCHANCE Deals | Danmark","publisher":{"@id":"https:\/\/last-chance.dk\/#organization"},"potentialAction":[{"@type":"SearchAction","target":{"@type":"EntryPoint","urlTemplate":"https:\/\/last-chance.dk\/?s={search_term_string}"},"query-input":{"@type":"PropertyValueSpecification","valueRequired":true,"valueName":"search_term_string"}}],"inLanguage":"da-DK"},{"@type":"Organization","@id":"https:\/\/last-chance.dk\/#organization","name":"LASTCHANCE Deals | Danmark","url":"https:\/\/last-chance.dk\/","logo":{"@type":"ImageObject","inLanguage":"da-DK","@id":"https:\/\/last-chance.dk\/#\/schema\/logo\/image\/","url":"https:\/\/last-chance.dk\/wp-content\/uploads\/2023\/10\/lastchancedeals_logo_dk_white.png","contentUrl":"https:\/\/last-chance.dk\/wp-content\/uploads\/2023\/10\/lastchancedeals_logo_dk_white.png","width":470,"height":110,"caption":"LASTCHANCE Deals | Danmark"},"image":{"@id":"https:\/\/last-chance.dk\/#\/schema\/logo\/image\/"}}]}},"_links":{"self":[{"href":"https:\/\/last-chance.dk\/index.php?rest_route=\/wp\/v2\/product\/15841","targetHints":{"allow":["GET"]}}],"collection":[{"href":"https:\/\/last-chance.dk\/index.php?rest_route=\/wp\/v2\/product"}],"about":[{"href":"https:\/\/last-chance.dk\/index.php?rest_route=\/wp\/v2\/types\/product"}],"replies":[{"embeddable":true,"href":"https:\/\/last-chance.dk\/index.php?rest_route=%2Fwp%2Fv2%2Fcomments&post=15841"}],"wp:featuredmedia":[{"embeddable":true,"href":"https:\/\/last-chance.dk\/index.php?rest_route=\/wp\/v2\/media\/15836"}],"wp:attachment":[{"href":"https:\/\/last-chance.dk\/index.php?rest_route=%2Fwp%2Fv2%2Fmedia&parent=15841"}],"wp:term":[{"taxonomy":"product_brand","embeddable":true,"href":"https:\/\/last-chance.dk\/index.php?rest_route=%2Fwp%2Fv2%2Fproduct_brand&post=15841"},{"taxonomy":"product_cat","embeddable":true,"href":"https:\/\/last-chance.dk\/index.php?rest_route=%2Fwp%2Fv2%2Fproduct_cat&post=15841"},{"taxonomy":"product_tag","embeddable":true,"href":"https:\/\/last-chance.dk\/index.php?rest_route=%2Fwp%2Fv2%2Fproduct_tag&post=15841"}],"curies":[{"name":"wp","href":"https:\/\/api.w.org\/{rel}","templated":true}]}}