{"id":15847,"date":"2024-08-24T13:33:33","date_gmt":"2024-08-24T13:33:33","guid":{"rendered":"https:\/\/www.lastchance.deals\/dk\/produkt\/sidebord-sonata\/"},"modified":"2025-09-19T18:29:16","modified_gmt":"2025-09-19T18:29:16","slug":"sidebord-sonata","status":"publish","type":"product","link":"https:\/\/last-chance.dk\/?product=sidebord-sonata","title":{"rendered":"Sidebord Sonata"},"content":{"rendered":"<p>Sidebord Sonata er et elegant og praktisk m\u00f8bel til din stue, sovev\u00e6relse eller entr\u00e9. Det har et moderne design med rene linjer og en hvid finish, der passer til enhver indretning. Sidebordet har en rummelig skuffe og en hylde til opbevaring af dine ting. Det er lavet af mdf, et holdbart og milj\u00f8venligt materiale, der er nemt at reng\u00f8re. Sidebordet leveres usamlet, men du kan nemt samle det med de medf\u00f8lgende instruktioner. Du f\u00e5r ogs\u00e5 12 m\u00e5neders rammegaranti fra fabrikanten ForrestDecor, der er kendt for deres kvalitetsm\u00f8bler. Bestil dit sidebord Sonata i dag og nyd det i mange \u00e5r fremover.<\/p>\n<p><\/p>\n<p>Leveringstid: Leveringstid 1 uge<br \/>\nMateriale: mdf<br \/>\nUdvendige dimensioner: 60x30x57cm<br \/>\nMontage: skal samles<br \/>\nGaranti: 12 m\u00e5neders rammegaranti<br \/>\nFabrikant: ForrestDecor<\/p>\n","protected":false},"excerpt":{"rendered":"<p>Sidebord Sonata er et elegant og praktisk m\u00f8bel til din stue, sovev\u00e6relse eller entr\u00e9. Det har et moderne design med rene linjer og en hvid finish, der passer til enhver indretning. Sidebordet har en rummelig skuffe og en hylde til opbevaring af dine ting. Det er lavet af mdf, et holdbart og milj\u00f8venligt materiale, der [&hellip;]<\/p>\n","protected":false},"featured_media":15842,"comment_status":"open","ping_status":"closed","template":"","meta":[],"product_brand":[],"product_cat":[196],"product_tag":[],"class_list":{"0":"post-15847","1":"product","2":"type-product","3":"status-publish","4":"has-post-thumbnail","6":"product_cat-sidobord","8":"first","9":"instock","10":"shipping-taxable","11":"purchasable","12":"product-type-simple"},"yoast_head":"<!-- This site is optimized with the Yoast SEO plugin v24.8.1 - https:\/\/yoast.com\/wordpress\/plugins\/seo\/ -->\n<title>Sidebord Sonata - LASTCHANCE Deals | Danmark<\/title>\n<meta name=\"robots\" content=\"index, follow, max-snippet:-1, max-image-preview:large, max-video-preview:-1\" \/>\n<link rel=\"canonical\" href=\"https:\/\/last-chance.dk\/?product=sidebord-sonata\" \/>\n<meta property=\"og:locale\" content=\"da_DK\" \/>\n<meta property=\"og:type\" content=\"article\" \/>\n<meta property=\"og:title\" content=\"Sidebord Sonata - LASTCHANCE Deals | Danmark\" \/>\n<meta property=\"og:description\" content=\"Sidebord Sonata er et elegant og praktisk m\u00f8bel til din stue, sovev\u00e6relse eller entr\u00e9. Det har et moderne design med rene linjer og en hvid finish, der passer til enhver indretning. Sidebordet har en rummelig skuffe og en hylde til opbevaring af dine ting. Det er lavet af mdf, et holdbart og milj\u00f8venligt materiale, der [&hellip;]\" \/>\n<meta property=\"og:url\" content=\"https:\/\/last-chance.dk\/?product=sidebord-sonata\" \/>\n<meta property=\"og:site_name\" content=\"LASTCHANCE Deals | Danmark\" \/>\n<meta property=\"article:modified_time\" content=\"2025-09-19T18:29:16+00:00\" \/>\n<meta property=\"og:image\" content=\"https:\/\/last-chance.dk\/wp-content\/uploads\/2024\/08\/sonata_wood.jpg\" \/>\n\t<meta property=\"og:image:width\" content=\"800\" \/>\n\t<meta property=\"og:image:height\" content=\"725\" \/>\n\t<meta property=\"og:image:type\" content=\"image\/jpeg\" \/>\n<meta name=\"twitter:card\" content=\"summary_large_image\" \/>\n<meta name=\"twitter:label1\" content=\"Estimeret l\u00e6setid\" \/>\n\t<meta name=\"twitter:data1\" content=\"1 minut\" \/>\n<script type=\"application\/ld+json\" class=\"yoast-schema-graph\">{\"@context\":\"https:\/\/schema.org\",\"@graph\":[{\"@type\":\"WebPage\",\"@id\":\"https:\/\/last-chance.dk\/?product=sidebord-sonata\",\"url\":\"https:\/\/last-chance.dk\/?product=sidebord-sonata\",\"name\":\"Sidebord Sonata - LASTCHANCE Deals | Danmark\",\"isPartOf\":{\"@id\":\"https:\/\/last-chance.dk\/#website\"},\"primaryImageOfPage\":{\"@id\":\"https:\/\/last-chance.dk\/?product=sidebord-sonata#primaryimage\"},\"image\":{\"@id\":\"https:\/\/last-chance.dk\/?product=sidebord-sonata#primaryimage\"},\"thumbnailUrl\":\"https:\/\/last-chance.dk\/wp-content\/uploads\/2024\/08\/sonata_wood.jpg\",\"datePublished\":\"2024-08-24T13:33:33+00:00\",\"dateModified\":\"2025-09-19T18:29:16+00:00\",\"breadcrumb\":{\"@id\":\"https:\/\/last-chance.dk\/?product=sidebord-sonata#breadcrumb\"},\"inLanguage\":\"da-DK\",\"potentialAction\":[{\"@type\":\"ReadAction\",\"target\":[\"https:\/\/last-chance.dk\/?product=sidebord-sonata\"]}]},{\"@type\":\"ImageObject\",\"inLanguage\":\"da-DK\",\"@id\":\"https:\/\/last-chance.dk\/?product=sidebord-sonata#primaryimage\",\"url\":\"https:\/\/last-chance.dk\/wp-content\/uploads\/2024\/08\/sonata_wood.jpg\",\"contentUrl\":\"https:\/\/last-chance.dk\/wp-content\/uploads\/2024\/08\/sonata_wood.jpg\",\"width\":800,\"height\":725},{\"@type\":\"BreadcrumbList\",\"@id\":\"https:\/\/last-chance.dk\/?product=sidebord-sonata#breadcrumb\",\"itemListElement\":[{\"@type\":\"ListItem\",\"position\":1,\"name\":\"Home\",\"item\":\"https:\/\/last-chance.dk\/\"},{\"@type\":\"ListItem\",\"position\":2,\"name\":\"Sidebord Sonata\"}]},{\"@type\":\"WebSite\",\"@id\":\"https:\/\/last-chance.dk\/#website\",\"url\":\"https:\/\/last-chance.dk\/\",\"name\":\"LASTCHANCE Deals | Danmark\",\"description\":\"LASTCHANCE Deals | Danmark\",\"publisher\":{\"@id\":\"https:\/\/last-chance.dk\/#organization\"},\"potentialAction\":[{\"@type\":\"SearchAction\",\"target\":{\"@type\":\"EntryPoint\",\"urlTemplate\":\"https:\/\/last-chance.dk\/?s={search_term_string}\"},\"query-input\":{\"@type\":\"PropertyValueSpecification\",\"valueRequired\":true,\"valueName\":\"search_term_string\"}}],\"inLanguage\":\"da-DK\"},{\"@type\":\"Organization\",\"@id\":\"https:\/\/last-chance.dk\/#organization\",\"name\":\"LASTCHANCE Deals | Danmark\",\"url\":\"https:\/\/last-chance.dk\/\",\"logo\":{\"@type\":\"ImageObject\",\"inLanguage\":\"da-DK\",\"@id\":\"https:\/\/last-chance.dk\/#\/schema\/logo\/image\/\",\"url\":\"https:\/\/last-chance.dk\/wp-content\/uploads\/2023\/10\/lastchancedeals_logo_dk_white.png\",\"contentUrl\":\"https:\/\/last-chance.dk\/wp-content\/uploads\/2023\/10\/lastchancedeals_logo_dk_white.png\",\"width\":470,\"height\":110,\"caption\":\"LASTCHANCE Deals | Danmark\"},\"image\":{\"@id\":\"https:\/\/last-chance.dk\/#\/schema\/logo\/image\/\"}}]}<\/script>\n<!-- \/ Yoast SEO plugin. -->","yoast_head_json":{"title":"Sidebord Sonata - LASTCHANCE Deals | Danmark","robots":{"index":"index","follow":"follow","max-snippet":"max-snippet:-1","max-image-preview":"max-image-preview:large","max-video-preview":"max-video-preview:-1"},"canonical":"https:\/\/last-chance.dk\/?product=sidebord-sonata","og_locale":"da_DK","og_type":"article","og_title":"Sidebord Sonata - LASTCHANCE Deals | Danmark","og_description":"Sidebord Sonata er et elegant og praktisk m\u00f8bel til din stue, sovev\u00e6relse eller entr\u00e9. Det har et moderne design med rene linjer og en hvid finish, der passer til enhver indretning. Sidebordet har en rummelig skuffe og en hylde til opbevaring af dine ting. Det er lavet af mdf, et holdbart og milj\u00f8venligt materiale, der [&hellip;]","og_url":"https:\/\/last-chance.dk\/?product=sidebord-sonata","og_site_name":"LASTCHANCE Deals | Danmark","article_modified_time":"2025-09-19T18:29:16+00:00","og_image":[{"width":800,"height":725,"url":"https:\/\/last-chance.dk\/wp-content\/uploads\/2024\/08\/sonata_wood.jpg","type":"image\/jpeg"}],"twitter_card":"summary_large_image","twitter_misc":{"Estimeret l\u00e6setid":"1 minut"},"schema":{"@context":"https:\/\/schema.org","@graph":[{"@type":"WebPage","@id":"https:\/\/last-chance.dk\/?product=sidebord-sonata","url":"https:\/\/last-chance.dk\/?product=sidebord-sonata","name":"Sidebord Sonata - LASTCHANCE Deals | Danmark","isPartOf":{"@id":"https:\/\/last-chance.dk\/#website"},"primaryImageOfPage":{"@id":"https:\/\/last-chance.dk\/?product=sidebord-sonata#primaryimage"},"image":{"@id":"https:\/\/last-chance.dk\/?product=sidebord-sonata#primaryimage"},"thumbnailUrl":"https:\/\/last-chance.dk\/wp-content\/uploads\/2024\/08\/sonata_wood.jpg","datePublished":"2024-08-24T13:33:33+00:00","dateModified":"2025-09-19T18:29:16+00:00","breadcrumb":{"@id":"https:\/\/last-chance.dk\/?product=sidebord-sonata#breadcrumb"},"inLanguage":"da-DK","potentialAction":[{"@type":"ReadAction","target":["https:\/\/last-chance.dk\/?product=sidebord-sonata"]}]},{"@type":"ImageObject","inLanguage":"da-DK","@id":"https:\/\/last-chance.dk\/?product=sidebord-sonata#primaryimage","url":"https:\/\/last-chance.dk\/wp-content\/uploads\/2024\/08\/sonata_wood.jpg","contentUrl":"https:\/\/last-chance.dk\/wp-content\/uploads\/2024\/08\/sonata_wood.jpg","width":800,"height":725},{"@type":"BreadcrumbList","@id":"https:\/\/last-chance.dk\/?product=sidebord-sonata#breadcrumb","itemListElement":[{"@type":"ListItem","position":1,"name":"Home","item":"https:\/\/last-chance.dk\/"},{"@type":"ListItem","position":2,"name":"Sidebord Sonata"}]},{"@type":"WebSite","@id":"https:\/\/last-chance.dk\/#website","url":"https:\/\/last-chance.dk\/","name":"LASTCHANCE Deals | Danmark","description":"LASTCHANCE Deals | Danmark","publisher":{"@id":"https:\/\/last-chance.dk\/#organization"},"potentialAction":[{"@type":"SearchAction","target":{"@type":"EntryPoint","urlTemplate":"https:\/\/last-chance.dk\/?s={search_term_string}"},"query-input":{"@type":"PropertyValueSpecification","valueRequired":true,"valueName":"search_term_string"}}],"inLanguage":"da-DK"},{"@type":"Organization","@id":"https:\/\/last-chance.dk\/#organization","name":"LASTCHANCE Deals | Danmark","url":"https:\/\/last-chance.dk\/","logo":{"@type":"ImageObject","inLanguage":"da-DK","@id":"https:\/\/last-chance.dk\/#\/schema\/logo\/image\/","url":"https:\/\/last-chance.dk\/wp-content\/uploads\/2023\/10\/lastchancedeals_logo_dk_white.png","contentUrl":"https:\/\/last-chance.dk\/wp-content\/uploads\/2023\/10\/lastchancedeals_logo_dk_white.png","width":470,"height":110,"caption":"LASTCHANCE Deals | Danmark"},"image":{"@id":"https:\/\/last-chance.dk\/#\/schema\/logo\/image\/"}}]}},"_links":{"self":[{"href":"https:\/\/last-chance.dk\/index.php?rest_route=\/wp\/v2\/product\/15847","targetHints":{"allow":["GET"]}}],"collection":[{"href":"https:\/\/last-chance.dk\/index.php?rest_route=\/wp\/v2\/product"}],"about":[{"href":"https:\/\/last-chance.dk\/index.php?rest_route=\/wp\/v2\/types\/product"}],"replies":[{"embeddable":true,"href":"https:\/\/last-chance.dk\/index.php?rest_route=%2Fwp%2Fv2%2Fcomments&post=15847"}],"wp:featuredmedia":[{"embeddable":true,"href":"https:\/\/last-chance.dk\/index.php?rest_route=\/wp\/v2\/media\/15842"}],"wp:attachment":[{"href":"https:\/\/last-chance.dk\/index.php?rest_route=%2Fwp%2Fv2%2Fmedia&parent=15847"}],"wp:term":[{"taxonomy":"product_brand","embeddable":true,"href":"https:\/\/last-chance.dk\/index.php?rest_route=%2Fwp%2Fv2%2Fproduct_brand&post=15847"},{"taxonomy":"product_cat","embeddable":true,"href":"https:\/\/last-chance.dk\/index.php?rest_route=%2Fwp%2Fv2%2Fproduct_cat&post=15847"},{"taxonomy":"product_tag","embeddable":true,"href":"https:\/\/last-chance.dk\/index.php?rest_route=%2Fwp%2Fv2%2Fproduct_tag&post=15847"}],"curies":[{"name":"wp","href":"https:\/\/api.w.org\/{rel}","templated":true}]}}