{"id":15859,"date":"2024-08-24T13:35:10","date_gmt":"2024-08-24T13:35:10","guid":{"rendered":"https:\/\/www.lastchance.deals\/dk\/produkt\/legetoejshylde-shaggy-plast\/"},"modified":"2024-08-24T13:35:10","modified_gmt":"2024-08-24T13:35:10","slug":"legetoejshylde-shaggy-plast","status":"publish","type":"product","link":"https:\/\/last-chance.dk\/?product=legetoejshylde-shaggy-plast","title":{"rendered":"Leget\u00f8jshylde Shaggy  plast"},"content":{"rendered":"<p>Leget\u00f8jshylde Shaggy er en praktisk og farverig m\u00e5de at opbevare dit barns leget\u00f8j p\u00e5. Denne hylde har fire rummelige skuffer i forskellige farver, som g\u00f8r det nemt at organisere og finde leget\u00f8jet. Hylden er lavet af plast, som er let at reng\u00f8re og holdbart. Hylden skal samles, men det er enkelt og hurtigt at g\u00f8re. Leget\u00f8jshylde Shaggy er designet af ForrestDecor, som er en f\u00f8rende producent af b\u00f8rnem\u00f8bler. Hylden har en stilfuld og moderne udseende, som passer til enhver b\u00f8rnev\u00e6relse. Hylden m\u00e5ler 35x32x94cm, s\u00e5 den har plads til masser af leget\u00f8j uden at optage for meget gulvplads. Bestil din leget\u00f8jshylde Shaggy i dag og giv dit barn et sjovt og funktionelt m\u00f8bel til sit v\u00e6relse.<\/p>\n<p><\/p>\n<p>Leveringstid: Leveringstid 1 uge<br \/>\nMateriale: plast<br \/>\nUdvendige dimensioner: 35x32x94cm<br \/>\nMontage: skal samles<br \/>\nFabrikant: ForrestDecor<\/p>\n","protected":false},"excerpt":{"rendered":"<p>Leget\u00f8jshylde Shaggy er en praktisk og farverig m\u00e5de at opbevare dit barns leget\u00f8j p\u00e5. Denne hylde har fire rummelige skuffer i forskellige farver, som g\u00f8r det nemt at organisere og finde leget\u00f8jet. Hylden er lavet af plast, som er let at reng\u00f8re og holdbart. Hylden skal samles, men det er enkelt og hurtigt at g\u00f8re. [&hellip;]<\/p>\n","protected":false},"featured_media":15854,"comment_status":"open","ping_status":"closed","template":"","meta":[],"product_brand":[],"product_cat":[229],"product_tag":[],"class_list":{"0":"post-15859","1":"product","2":"type-product","3":"status-publish","4":"has-post-thumbnail","6":"product_cat-childrens-room-storage","8":"first","9":"instock","10":"shipping-taxable","11":"purchasable","12":"product-type-simple"},"yoast_head":"<!-- This site is optimized with the Yoast SEO plugin v24.8.1 - https:\/\/yoast.com\/wordpress\/plugins\/seo\/ -->\n<title>Leget\u00f8jshylde Shaggy plast - LASTCHANCE Deals | Danmark<\/title>\n<meta name=\"robots\" content=\"index, follow, max-snippet:-1, max-image-preview:large, max-video-preview:-1\" \/>\n<link rel=\"canonical\" href=\"https:\/\/last-chance.dk\/?product=legetoejshylde-shaggy-plast\" \/>\n<meta property=\"og:locale\" content=\"da_DK\" \/>\n<meta property=\"og:type\" content=\"article\" \/>\n<meta property=\"og:title\" content=\"Leget\u00f8jshylde Shaggy plast - LASTCHANCE Deals | Danmark\" \/>\n<meta property=\"og:description\" content=\"Leget\u00f8jshylde Shaggy er en praktisk og farverig m\u00e5de at opbevare dit barns leget\u00f8j p\u00e5. Denne hylde har fire rummelige skuffer i forskellige farver, som g\u00f8r det nemt at organisere og finde leget\u00f8jet. Hylden er lavet af plast, som er let at reng\u00f8re og holdbart. Hylden skal samles, men det er enkelt og hurtigt at g\u00f8re. [&hellip;]\" \/>\n<meta property=\"og:url\" content=\"https:\/\/last-chance.dk\/?product=legetoejshylde-shaggy-plast\" \/>\n<meta property=\"og:site_name\" content=\"LASTCHANCE Deals | Danmark\" \/>\n<meta property=\"og:image\" content=\"https:\/\/last-chance.dk\/wp-content\/uploads\/2024\/08\/cara1_1.jpg\" \/>\n\t<meta property=\"og:image:width\" content=\"409\" \/>\n\t<meta property=\"og:image:height\" content=\"511\" \/>\n\t<meta property=\"og:image:type\" content=\"image\/jpeg\" \/>\n<meta name=\"twitter:card\" content=\"summary_large_image\" \/>\n<meta name=\"twitter:label1\" content=\"Estimeret l\u00e6setid\" \/>\n\t<meta name=\"twitter:data1\" content=\"1 minut\" \/>\n<script type=\"application\/ld+json\" class=\"yoast-schema-graph\">{\"@context\":\"https:\/\/schema.org\",\"@graph\":[{\"@type\":\"WebPage\",\"@id\":\"https:\/\/last-chance.dk\/?product=legetoejshylde-shaggy-plast\",\"url\":\"https:\/\/last-chance.dk\/?product=legetoejshylde-shaggy-plast\",\"name\":\"Leget\u00f8jshylde Shaggy plast - LASTCHANCE Deals | Danmark\",\"isPartOf\":{\"@id\":\"https:\/\/last-chance.dk\/#website\"},\"primaryImageOfPage\":{\"@id\":\"https:\/\/last-chance.dk\/?product=legetoejshylde-shaggy-plast#primaryimage\"},\"image\":{\"@id\":\"https:\/\/last-chance.dk\/?product=legetoejshylde-shaggy-plast#primaryimage\"},\"thumbnailUrl\":\"https:\/\/last-chance.dk\/wp-content\/uploads\/2024\/08\/cara1_1.jpg\",\"datePublished\":\"2024-08-24T13:35:10+00:00\",\"breadcrumb\":{\"@id\":\"https:\/\/last-chance.dk\/?product=legetoejshylde-shaggy-plast#breadcrumb\"},\"inLanguage\":\"da-DK\",\"potentialAction\":[{\"@type\":\"ReadAction\",\"target\":[\"https:\/\/last-chance.dk\/?product=legetoejshylde-shaggy-plast\"]}]},{\"@type\":\"ImageObject\",\"inLanguage\":\"da-DK\",\"@id\":\"https:\/\/last-chance.dk\/?product=legetoejshylde-shaggy-plast#primaryimage\",\"url\":\"https:\/\/last-chance.dk\/wp-content\/uploads\/2024\/08\/cara1_1.jpg\",\"contentUrl\":\"https:\/\/last-chance.dk\/wp-content\/uploads\/2024\/08\/cara1_1.jpg\",\"width\":409,\"height\":511},{\"@type\":\"BreadcrumbList\",\"@id\":\"https:\/\/last-chance.dk\/?product=legetoejshylde-shaggy-plast#breadcrumb\",\"itemListElement\":[{\"@type\":\"ListItem\",\"position\":1,\"name\":\"Home\",\"item\":\"https:\/\/last-chance.dk\/\"},{\"@type\":\"ListItem\",\"position\":2,\"name\":\"Leget\u00f8jshylde Shaggy plast\"}]},{\"@type\":\"WebSite\",\"@id\":\"https:\/\/last-chance.dk\/#website\",\"url\":\"https:\/\/last-chance.dk\/\",\"name\":\"LASTCHANCE Deals | Danmark\",\"description\":\"LASTCHANCE Deals | Danmark\",\"publisher\":{\"@id\":\"https:\/\/last-chance.dk\/#organization\"},\"potentialAction\":[{\"@type\":\"SearchAction\",\"target\":{\"@type\":\"EntryPoint\",\"urlTemplate\":\"https:\/\/last-chance.dk\/?s={search_term_string}\"},\"query-input\":{\"@type\":\"PropertyValueSpecification\",\"valueRequired\":true,\"valueName\":\"search_term_string\"}}],\"inLanguage\":\"da-DK\"},{\"@type\":\"Organization\",\"@id\":\"https:\/\/last-chance.dk\/#organization\",\"name\":\"LASTCHANCE Deals | Danmark\",\"url\":\"https:\/\/last-chance.dk\/\",\"logo\":{\"@type\":\"ImageObject\",\"inLanguage\":\"da-DK\",\"@id\":\"https:\/\/last-chance.dk\/#\/schema\/logo\/image\/\",\"url\":\"https:\/\/last-chance.dk\/wp-content\/uploads\/2023\/10\/lastchancedeals_logo_dk_white.png\",\"contentUrl\":\"https:\/\/last-chance.dk\/wp-content\/uploads\/2023\/10\/lastchancedeals_logo_dk_white.png\",\"width\":470,\"height\":110,\"caption\":\"LASTCHANCE Deals | Danmark\"},\"image\":{\"@id\":\"https:\/\/last-chance.dk\/#\/schema\/logo\/image\/\"}}]}<\/script>\n<!-- \/ Yoast SEO plugin. -->","yoast_head_json":{"title":"Leget\u00f8jshylde Shaggy plast - LASTCHANCE Deals | Danmark","robots":{"index":"index","follow":"follow","max-snippet":"max-snippet:-1","max-image-preview":"max-image-preview:large","max-video-preview":"max-video-preview:-1"},"canonical":"https:\/\/last-chance.dk\/?product=legetoejshylde-shaggy-plast","og_locale":"da_DK","og_type":"article","og_title":"Leget\u00f8jshylde Shaggy plast - LASTCHANCE Deals | Danmark","og_description":"Leget\u00f8jshylde Shaggy er en praktisk og farverig m\u00e5de at opbevare dit barns leget\u00f8j p\u00e5. Denne hylde har fire rummelige skuffer i forskellige farver, som g\u00f8r det nemt at organisere og finde leget\u00f8jet. Hylden er lavet af plast, som er let at reng\u00f8re og holdbart. Hylden skal samles, men det er enkelt og hurtigt at g\u00f8re. [&hellip;]","og_url":"https:\/\/last-chance.dk\/?product=legetoejshylde-shaggy-plast","og_site_name":"LASTCHANCE Deals | Danmark","og_image":[{"width":409,"height":511,"url":"https:\/\/last-chance.dk\/wp-content\/uploads\/2024\/08\/cara1_1.jpg","type":"image\/jpeg"}],"twitter_card":"summary_large_image","twitter_misc":{"Estimeret l\u00e6setid":"1 minut"},"schema":{"@context":"https:\/\/schema.org","@graph":[{"@type":"WebPage","@id":"https:\/\/last-chance.dk\/?product=legetoejshylde-shaggy-plast","url":"https:\/\/last-chance.dk\/?product=legetoejshylde-shaggy-plast","name":"Leget\u00f8jshylde Shaggy plast - LASTCHANCE Deals | Danmark","isPartOf":{"@id":"https:\/\/last-chance.dk\/#website"},"primaryImageOfPage":{"@id":"https:\/\/last-chance.dk\/?product=legetoejshylde-shaggy-plast#primaryimage"},"image":{"@id":"https:\/\/last-chance.dk\/?product=legetoejshylde-shaggy-plast#primaryimage"},"thumbnailUrl":"https:\/\/last-chance.dk\/wp-content\/uploads\/2024\/08\/cara1_1.jpg","datePublished":"2024-08-24T13:35:10+00:00","breadcrumb":{"@id":"https:\/\/last-chance.dk\/?product=legetoejshylde-shaggy-plast#breadcrumb"},"inLanguage":"da-DK","potentialAction":[{"@type":"ReadAction","target":["https:\/\/last-chance.dk\/?product=legetoejshylde-shaggy-plast"]}]},{"@type":"ImageObject","inLanguage":"da-DK","@id":"https:\/\/last-chance.dk\/?product=legetoejshylde-shaggy-plast#primaryimage","url":"https:\/\/last-chance.dk\/wp-content\/uploads\/2024\/08\/cara1_1.jpg","contentUrl":"https:\/\/last-chance.dk\/wp-content\/uploads\/2024\/08\/cara1_1.jpg","width":409,"height":511},{"@type":"BreadcrumbList","@id":"https:\/\/last-chance.dk\/?product=legetoejshylde-shaggy-plast#breadcrumb","itemListElement":[{"@type":"ListItem","position":1,"name":"Home","item":"https:\/\/last-chance.dk\/"},{"@type":"ListItem","position":2,"name":"Leget\u00f8jshylde Shaggy plast"}]},{"@type":"WebSite","@id":"https:\/\/last-chance.dk\/#website","url":"https:\/\/last-chance.dk\/","name":"LASTCHANCE Deals | Danmark","description":"LASTCHANCE Deals | Danmark","publisher":{"@id":"https:\/\/last-chance.dk\/#organization"},"potentialAction":[{"@type":"SearchAction","target":{"@type":"EntryPoint","urlTemplate":"https:\/\/last-chance.dk\/?s={search_term_string}"},"query-input":{"@type":"PropertyValueSpecification","valueRequired":true,"valueName":"search_term_string"}}],"inLanguage":"da-DK"},{"@type":"Organization","@id":"https:\/\/last-chance.dk\/#organization","name":"LASTCHANCE Deals | Danmark","url":"https:\/\/last-chance.dk\/","logo":{"@type":"ImageObject","inLanguage":"da-DK","@id":"https:\/\/last-chance.dk\/#\/schema\/logo\/image\/","url":"https:\/\/last-chance.dk\/wp-content\/uploads\/2023\/10\/lastchancedeals_logo_dk_white.png","contentUrl":"https:\/\/last-chance.dk\/wp-content\/uploads\/2023\/10\/lastchancedeals_logo_dk_white.png","width":470,"height":110,"caption":"LASTCHANCE Deals | Danmark"},"image":{"@id":"https:\/\/last-chance.dk\/#\/schema\/logo\/image\/"}}]}},"_links":{"self":[{"href":"https:\/\/last-chance.dk\/index.php?rest_route=\/wp\/v2\/product\/15859","targetHints":{"allow":["GET"]}}],"collection":[{"href":"https:\/\/last-chance.dk\/index.php?rest_route=\/wp\/v2\/product"}],"about":[{"href":"https:\/\/last-chance.dk\/index.php?rest_route=\/wp\/v2\/types\/product"}],"replies":[{"embeddable":true,"href":"https:\/\/last-chance.dk\/index.php?rest_route=%2Fwp%2Fv2%2Fcomments&post=15859"}],"wp:featuredmedia":[{"embeddable":true,"href":"https:\/\/last-chance.dk\/index.php?rest_route=\/wp\/v2\/media\/15854"}],"wp:attachment":[{"href":"https:\/\/last-chance.dk\/index.php?rest_route=%2Fwp%2Fv2%2Fmedia&parent=15859"}],"wp:term":[{"taxonomy":"product_brand","embeddable":true,"href":"https:\/\/last-chance.dk\/index.php?rest_route=%2Fwp%2Fv2%2Fproduct_brand&post=15859"},{"taxonomy":"product_cat","embeddable":true,"href":"https:\/\/last-chance.dk\/index.php?rest_route=%2Fwp%2Fv2%2Fproduct_cat&post=15859"},{"taxonomy":"product_tag","embeddable":true,"href":"https:\/\/last-chance.dk\/index.php?rest_route=%2Fwp%2Fv2%2Fproduct_tag&post=15859"}],"curies":[{"name":"wp","href":"https:\/\/api.w.org\/{rel}","templated":true}]}}