{"id":15862,"date":"2024-08-24T13:38:05","date_gmt":"2024-08-24T13:38:05","guid":{"rendered":"https:\/\/www.lastchance.deals\/dk\/produkt\/konsolbord-aurelio\/"},"modified":"2025-09-19T18:01:12","modified_gmt":"2025-09-19T18:01:12","slug":"konsolbord-aurelio","status":"publish","type":"product","link":"https:\/\/last-chance.dk\/?product=konsolbord-aurelio","title":{"rendered":"Konsolbord Aurelio"},"content":{"rendered":"<p>Er du p\u00e5 udkig efter et elegant og moderne konsolbord til din stue, entr\u00e9 eller sovev\u00e6relse? S\u00e5 er konsolbordet Aurelio fra ForrestDecor det perfekte valg for dig. Dette konsolbord har et smukt design med en kunstig marmorplade og et metalstel i sort farve. Det er et robust og holdbart m\u00f8bel, der kan bruges til at opbevare eller udstille dine yndlingsting, s\u00e5som planter, b\u00f8ger, lamper eller billeder.<\/p>\n<p><\/p>\n<p>Konsolbordet Aurelio har en praktisk st\u00f8rrelse p\u00e5 100x35x75cm, s\u00e5 det passer ind i de fleste rum. Det er nemt at samle med de medf\u00f8lgende instruktioner og v\u00e6rkt\u00f8jer. Du kan kombinere det med andre m\u00f8bler fra ForrestDecor for at skabe en harmonisk og stilfuld indretning i dit hjem.<\/p>\n<p><\/p>\n<p>Bestil dit konsolbord Aurelio i dag og gl\u00e6d dig over et flot og funktionelt m\u00f8bel, der vil tilf\u00f8je et touch af klasse og elegance til din bolig.<\/p>\n<p><\/p>\n<p>Leveringstid: Leveringstid 1 uge<br \/>\nMateriale: metal,kunstig marmor<br \/>\nUdvendige dimensioner: 100x35x75cm<br \/>\nMontage: skal samles<br \/>\nFabrikant: ForrestDecor<\/p>\n","protected":false},"excerpt":{"rendered":"<p>Er du p\u00e5 udkig efter et elegant og moderne konsolbord til din stue, entr\u00e9 eller sovev\u00e6relse? S\u00e5 er konsolbordet Aurelio fra ForrestDecor det perfekte valg for dig. Dette konsolbord har et smukt design med en kunstig marmorplade og et metalstel i sort farve. Det er et robust og holdbart m\u00f8bel, der kan bruges til at [&hellip;]<\/p>\n","protected":false},"featured_media":15860,"comment_status":"open","ping_status":"closed","template":"","meta":[],"product_brand":[],"product_cat":[151],"product_tag":[],"class_list":{"0":"post-15862","1":"product","2":"type-product","3":"status-publish","4":"has-post-thumbnail","6":"product_cat-buffets-sideboards","8":"first","9":"instock","10":"shipping-taxable","11":"purchasable","12":"product-type-simple"},"yoast_head":"<!-- This site is optimized with the Yoast SEO plugin v24.8.1 - https:\/\/yoast.com\/wordpress\/plugins\/seo\/ -->\n<title>Konsolbord Aurelio - LASTCHANCE Deals | Danmark<\/title>\n<meta name=\"robots\" content=\"index, follow, max-snippet:-1, max-image-preview:large, max-video-preview:-1\" \/>\n<link rel=\"canonical\" href=\"https:\/\/last-chance.dk\/?product=konsolbord-aurelio\" \/>\n<meta property=\"og:locale\" content=\"da_DK\" \/>\n<meta property=\"og:type\" content=\"article\" \/>\n<meta property=\"og:title\" content=\"Konsolbord Aurelio - LASTCHANCE Deals | Danmark\" \/>\n<meta property=\"og:description\" content=\"Er du p\u00e5 udkig efter et elegant og moderne konsolbord til din stue, entr\u00e9 eller sovev\u00e6relse? S\u00e5 er konsolbordet Aurelio fra ForrestDecor det perfekte valg for dig. Dette konsolbord har et smukt design med en kunstig marmorplade og et metalstel i sort farve. Det er et robust og holdbart m\u00f8bel, der kan bruges til at [&hellip;]\" \/>\n<meta property=\"og:url\" content=\"https:\/\/last-chance.dk\/?product=konsolbord-aurelio\" \/>\n<meta property=\"og:site_name\" content=\"LASTCHANCE Deals | Danmark\" \/>\n<meta property=\"article:modified_time\" content=\"2025-09-19T18:01:12+00:00\" \/>\n<meta property=\"og:image\" content=\"https:\/\/last-chance.dk\/wp-content\/uploads\/2024\/08\/aurelio_grey.jpg\" \/>\n\t<meta property=\"og:image:width\" content=\"800\" \/>\n\t<meta property=\"og:image:height\" content=\"800\" \/>\n\t<meta property=\"og:image:type\" content=\"image\/jpeg\" \/>\n<meta name=\"twitter:card\" content=\"summary_large_image\" \/>\n<meta name=\"twitter:label1\" content=\"Estimeret l\u00e6setid\" \/>\n\t<meta name=\"twitter:data1\" content=\"1 minut\" \/>\n<script type=\"application\/ld+json\" class=\"yoast-schema-graph\">{\"@context\":\"https:\/\/schema.org\",\"@graph\":[{\"@type\":\"WebPage\",\"@id\":\"https:\/\/last-chance.dk\/?product=konsolbord-aurelio\",\"url\":\"https:\/\/last-chance.dk\/?product=konsolbord-aurelio\",\"name\":\"Konsolbord Aurelio - LASTCHANCE Deals | Danmark\",\"isPartOf\":{\"@id\":\"https:\/\/last-chance.dk\/#website\"},\"primaryImageOfPage\":{\"@id\":\"https:\/\/last-chance.dk\/?product=konsolbord-aurelio#primaryimage\"},\"image\":{\"@id\":\"https:\/\/last-chance.dk\/?product=konsolbord-aurelio#primaryimage\"},\"thumbnailUrl\":\"https:\/\/last-chance.dk\/wp-content\/uploads\/2024\/08\/aurelio_grey.jpg\",\"datePublished\":\"2024-08-24T13:38:05+00:00\",\"dateModified\":\"2025-09-19T18:01:12+00:00\",\"breadcrumb\":{\"@id\":\"https:\/\/last-chance.dk\/?product=konsolbord-aurelio#breadcrumb\"},\"inLanguage\":\"da-DK\",\"potentialAction\":[{\"@type\":\"ReadAction\",\"target\":[\"https:\/\/last-chance.dk\/?product=konsolbord-aurelio\"]}]},{\"@type\":\"ImageObject\",\"inLanguage\":\"da-DK\",\"@id\":\"https:\/\/last-chance.dk\/?product=konsolbord-aurelio#primaryimage\",\"url\":\"https:\/\/last-chance.dk\/wp-content\/uploads\/2024\/08\/aurelio_grey.jpg\",\"contentUrl\":\"https:\/\/last-chance.dk\/wp-content\/uploads\/2024\/08\/aurelio_grey.jpg\",\"width\":800,\"height\":800},{\"@type\":\"BreadcrumbList\",\"@id\":\"https:\/\/last-chance.dk\/?product=konsolbord-aurelio#breadcrumb\",\"itemListElement\":[{\"@type\":\"ListItem\",\"position\":1,\"name\":\"Home\",\"item\":\"https:\/\/last-chance.dk\/\"},{\"@type\":\"ListItem\",\"position\":2,\"name\":\"Konsolbord Aurelio\"}]},{\"@type\":\"WebSite\",\"@id\":\"https:\/\/last-chance.dk\/#website\",\"url\":\"https:\/\/last-chance.dk\/\",\"name\":\"LASTCHANCE Deals | Danmark\",\"description\":\"LASTCHANCE Deals | Danmark\",\"publisher\":{\"@id\":\"https:\/\/last-chance.dk\/#organization\"},\"potentialAction\":[{\"@type\":\"SearchAction\",\"target\":{\"@type\":\"EntryPoint\",\"urlTemplate\":\"https:\/\/last-chance.dk\/?s={search_term_string}\"},\"query-input\":{\"@type\":\"PropertyValueSpecification\",\"valueRequired\":true,\"valueName\":\"search_term_string\"}}],\"inLanguage\":\"da-DK\"},{\"@type\":\"Organization\",\"@id\":\"https:\/\/last-chance.dk\/#organization\",\"name\":\"LASTCHANCE Deals | Danmark\",\"url\":\"https:\/\/last-chance.dk\/\",\"logo\":{\"@type\":\"ImageObject\",\"inLanguage\":\"da-DK\",\"@id\":\"https:\/\/last-chance.dk\/#\/schema\/logo\/image\/\",\"url\":\"https:\/\/last-chance.dk\/wp-content\/uploads\/2023\/10\/lastchancedeals_logo_dk_white.png\",\"contentUrl\":\"https:\/\/last-chance.dk\/wp-content\/uploads\/2023\/10\/lastchancedeals_logo_dk_white.png\",\"width\":470,\"height\":110,\"caption\":\"LASTCHANCE Deals | Danmark\"},\"image\":{\"@id\":\"https:\/\/last-chance.dk\/#\/schema\/logo\/image\/\"}}]}<\/script>\n<!-- \/ Yoast SEO plugin. -->","yoast_head_json":{"title":"Konsolbord Aurelio - LASTCHANCE Deals | Danmark","robots":{"index":"index","follow":"follow","max-snippet":"max-snippet:-1","max-image-preview":"max-image-preview:large","max-video-preview":"max-video-preview:-1"},"canonical":"https:\/\/last-chance.dk\/?product=konsolbord-aurelio","og_locale":"da_DK","og_type":"article","og_title":"Konsolbord Aurelio - LASTCHANCE Deals | Danmark","og_description":"Er du p\u00e5 udkig efter et elegant og moderne konsolbord til din stue, entr\u00e9 eller sovev\u00e6relse? S\u00e5 er konsolbordet Aurelio fra ForrestDecor det perfekte valg for dig. Dette konsolbord har et smukt design med en kunstig marmorplade og et metalstel i sort farve. Det er et robust og holdbart m\u00f8bel, der kan bruges til at [&hellip;]","og_url":"https:\/\/last-chance.dk\/?product=konsolbord-aurelio","og_site_name":"LASTCHANCE Deals | Danmark","article_modified_time":"2025-09-19T18:01:12+00:00","og_image":[{"width":800,"height":800,"url":"https:\/\/last-chance.dk\/wp-content\/uploads\/2024\/08\/aurelio_grey.jpg","type":"image\/jpeg"}],"twitter_card":"summary_large_image","twitter_misc":{"Estimeret l\u00e6setid":"1 minut"},"schema":{"@context":"https:\/\/schema.org","@graph":[{"@type":"WebPage","@id":"https:\/\/last-chance.dk\/?product=konsolbord-aurelio","url":"https:\/\/last-chance.dk\/?product=konsolbord-aurelio","name":"Konsolbord Aurelio - LASTCHANCE Deals | Danmark","isPartOf":{"@id":"https:\/\/last-chance.dk\/#website"},"primaryImageOfPage":{"@id":"https:\/\/last-chance.dk\/?product=konsolbord-aurelio#primaryimage"},"image":{"@id":"https:\/\/last-chance.dk\/?product=konsolbord-aurelio#primaryimage"},"thumbnailUrl":"https:\/\/last-chance.dk\/wp-content\/uploads\/2024\/08\/aurelio_grey.jpg","datePublished":"2024-08-24T13:38:05+00:00","dateModified":"2025-09-19T18:01:12+00:00","breadcrumb":{"@id":"https:\/\/last-chance.dk\/?product=konsolbord-aurelio#breadcrumb"},"inLanguage":"da-DK","potentialAction":[{"@type":"ReadAction","target":["https:\/\/last-chance.dk\/?product=konsolbord-aurelio"]}]},{"@type":"ImageObject","inLanguage":"da-DK","@id":"https:\/\/last-chance.dk\/?product=konsolbord-aurelio#primaryimage","url":"https:\/\/last-chance.dk\/wp-content\/uploads\/2024\/08\/aurelio_grey.jpg","contentUrl":"https:\/\/last-chance.dk\/wp-content\/uploads\/2024\/08\/aurelio_grey.jpg","width":800,"height":800},{"@type":"BreadcrumbList","@id":"https:\/\/last-chance.dk\/?product=konsolbord-aurelio#breadcrumb","itemListElement":[{"@type":"ListItem","position":1,"name":"Home","item":"https:\/\/last-chance.dk\/"},{"@type":"ListItem","position":2,"name":"Konsolbord Aurelio"}]},{"@type":"WebSite","@id":"https:\/\/last-chance.dk\/#website","url":"https:\/\/last-chance.dk\/","name":"LASTCHANCE Deals | Danmark","description":"LASTCHANCE Deals | Danmark","publisher":{"@id":"https:\/\/last-chance.dk\/#organization"},"potentialAction":[{"@type":"SearchAction","target":{"@type":"EntryPoint","urlTemplate":"https:\/\/last-chance.dk\/?s={search_term_string}"},"query-input":{"@type":"PropertyValueSpecification","valueRequired":true,"valueName":"search_term_string"}}],"inLanguage":"da-DK"},{"@type":"Organization","@id":"https:\/\/last-chance.dk\/#organization","name":"LASTCHANCE Deals | Danmark","url":"https:\/\/last-chance.dk\/","logo":{"@type":"ImageObject","inLanguage":"da-DK","@id":"https:\/\/last-chance.dk\/#\/schema\/logo\/image\/","url":"https:\/\/last-chance.dk\/wp-content\/uploads\/2023\/10\/lastchancedeals_logo_dk_white.png","contentUrl":"https:\/\/last-chance.dk\/wp-content\/uploads\/2023\/10\/lastchancedeals_logo_dk_white.png","width":470,"height":110,"caption":"LASTCHANCE Deals | Danmark"},"image":{"@id":"https:\/\/last-chance.dk\/#\/schema\/logo\/image\/"}}]}},"_links":{"self":[{"href":"https:\/\/last-chance.dk\/index.php?rest_route=\/wp\/v2\/product\/15862","targetHints":{"allow":["GET"]}}],"collection":[{"href":"https:\/\/last-chance.dk\/index.php?rest_route=\/wp\/v2\/product"}],"about":[{"href":"https:\/\/last-chance.dk\/index.php?rest_route=\/wp\/v2\/types\/product"}],"replies":[{"embeddable":true,"href":"https:\/\/last-chance.dk\/index.php?rest_route=%2Fwp%2Fv2%2Fcomments&post=15862"}],"wp:featuredmedia":[{"embeddable":true,"href":"https:\/\/last-chance.dk\/index.php?rest_route=\/wp\/v2\/media\/15860"}],"wp:attachment":[{"href":"https:\/\/last-chance.dk\/index.php?rest_route=%2Fwp%2Fv2%2Fmedia&parent=15862"}],"wp:term":[{"taxonomy":"product_brand","embeddable":true,"href":"https:\/\/last-chance.dk\/index.php?rest_route=%2Fwp%2Fv2%2Fproduct_brand&post=15862"},{"taxonomy":"product_cat","embeddable":true,"href":"https:\/\/last-chance.dk\/index.php?rest_route=%2Fwp%2Fv2%2Fproduct_cat&post=15862"},{"taxonomy":"product_tag","embeddable":true,"href":"https:\/\/last-chance.dk\/index.php?rest_route=%2Fwp%2Fv2%2Fproduct_tag&post=15862"}],"curies":[{"name":"wp","href":"https:\/\/api.w.org\/{rel}","templated":true}]}}