{"id":15866,"date":"2024-08-24T13:40:53","date_gmt":"2024-08-24T13:40:53","guid":{"rendered":"https:\/\/www.lastchance.deals\/dk\/produkt\/vaegmaleri-acarigua-saet-med-3-70x70cm-70x70cm-70x70cm\/"},"modified":"2025-10-13T12:10:47","modified_gmt":"2025-10-13T12:10:47","slug":"vaegmaleri-acarigua-saet-med-3-70x70cm-70x70cm-70x70cm","status":"publish","type":"product","link":"https:\/\/last-chance.dk\/?product=vaegmaleri-acarigua-saet-med-3-70x70cm-70x70cm-70x70cm","title":{"rendered":"V\u00e6gmaleri Acarigua, s\u00e6t med 3 70x70cm, 70x70cm, 70x70cm"},"content":{"rendered":"<p>Skab en stemningsfuld atmosf\u00e6re i dit hjem med dette smukke v\u00e6gmaleri Acarigua, der best\u00e5r af tre dele. V\u00e6gmaleriet er lavet af stof og har et abstrakt design i bl\u00f8de farver, der passer til enhver indretning. Hver del m\u00e5ler 70&#215;70 cm og kan h\u00e6nges op p\u00e5 v\u00e6ggen med de medf\u00f8lgende beslag. V\u00e6gmaleriet er produceret af ForrestDecor, der er kendt for deres kvalitet og kreativitet. Giv dit hjem et kunstnerisk touch med dette unikke v\u00e6gmaleri, der vil imponere dine g\u00e6ster og gl\u00e6de dine \u00f8jne.<\/p>\n<p><\/p>\n<p>Leveringstid: Leveringstid 1 uge<br \/>\nMateriale: stof<br \/>\nFarve: ikke angivet<br \/>\nDimensioner: 70x70cm, 70x70cm, 70x70cm<br \/>\nBeregnet til: Indend\u00f8rs brug<br \/>\nBel\u00f8b: 3<br \/>\nMontage: leveres samlet<br \/>\nFabrikant: ForrestDecor<\/p>\n","protected":false},"excerpt":{"rendered":"<p>Skab en stemningsfuld atmosf\u00e6re i dit hjem med dette smukke v\u00e6gmaleri Acarigua, der best\u00e5r af tre dele. V\u00e6gmaleriet er lavet af stof og har et abstrakt design i bl\u00f8de farver, der passer til enhver indretning. Hver del m\u00e5ler 70&#215;70 cm og kan h\u00e6nges op p\u00e5 v\u00e6ggen med de medf\u00f8lgende beslag. V\u00e6gmaleriet er produceret af ForrestDecor, [&hellip;]<\/p>\n","protected":false},"featured_media":15865,"comment_status":"open","ping_status":"closed","template":"","meta":[],"product_brand":[],"product_cat":[200],"product_tag":[],"class_list":{"0":"post-15866","1":"product","2":"type-product","3":"status-publish","4":"has-post-thumbnail","6":"product_cat-wall-decor","8":"first","9":"instock","10":"shipping-taxable","11":"purchasable","12":"product-type-simple"},"yoast_head":"<!-- This site is optimized with the Yoast SEO plugin v24.8.1 - https:\/\/yoast.com\/wordpress\/plugins\/seo\/ -->\n<title>V\u00e6gmaleri Acarigua, s\u00e6t med 3 70x70cm, 70x70cm, 70x70cm - LASTCHANCE Deals | Danmark<\/title>\n<meta name=\"robots\" content=\"index, follow, max-snippet:-1, max-image-preview:large, max-video-preview:-1\" \/>\n<link rel=\"canonical\" href=\"https:\/\/last-chance.dk\/?product=vaegmaleri-acarigua-saet-med-3-70x70cm-70x70cm-70x70cm\" \/>\n<meta property=\"og:locale\" content=\"da_DK\" \/>\n<meta property=\"og:type\" content=\"article\" \/>\n<meta property=\"og:title\" content=\"V\u00e6gmaleri Acarigua, s\u00e6t med 3 70x70cm, 70x70cm, 70x70cm - LASTCHANCE Deals | Danmark\" \/>\n<meta property=\"og:description\" content=\"Skab en stemningsfuld atmosf\u00e6re i dit hjem med dette smukke v\u00e6gmaleri Acarigua, der best\u00e5r af tre dele. V\u00e6gmaleriet er lavet af stof og har et abstrakt design i bl\u00f8de farver, der passer til enhver indretning. Hver del m\u00e5ler 70&#215;70 cm og kan h\u00e6nges op p\u00e5 v\u00e6ggen med de medf\u00f8lgende beslag. V\u00e6gmaleriet er produceret af ForrestDecor, [&hellip;]\" \/>\n<meta property=\"og:url\" content=\"https:\/\/last-chance.dk\/?product=vaegmaleri-acarigua-saet-med-3-70x70cm-70x70cm-70x70cm\" \/>\n<meta property=\"og:site_name\" content=\"LASTCHANCE Deals | Danmark\" \/>\n<meta property=\"article:modified_time\" content=\"2025-10-13T12:10:47+00:00\" \/>\n<meta property=\"og:image\" content=\"https:\/\/last-chance.dk\/wp-content\/uploads\/2024\/08\/acarigua.jpg\" \/>\n\t<meta property=\"og:image:width\" content=\"746\" \/>\n\t<meta property=\"og:image:height\" content=\"700\" \/>\n\t<meta property=\"og:image:type\" content=\"image\/jpeg\" \/>\n<meta name=\"twitter:card\" content=\"summary_large_image\" \/>\n<meta name=\"twitter:label1\" content=\"Estimeret l\u00e6setid\" \/>\n\t<meta name=\"twitter:data1\" content=\"1 minut\" \/>\n<script type=\"application\/ld+json\" class=\"yoast-schema-graph\">{\"@context\":\"https:\/\/schema.org\",\"@graph\":[{\"@type\":\"WebPage\",\"@id\":\"https:\/\/last-chance.dk\/?product=vaegmaleri-acarigua-saet-med-3-70x70cm-70x70cm-70x70cm\",\"url\":\"https:\/\/last-chance.dk\/?product=vaegmaleri-acarigua-saet-med-3-70x70cm-70x70cm-70x70cm\",\"name\":\"V\u00e6gmaleri Acarigua, s\u00e6t med 3 70x70cm, 70x70cm, 70x70cm - LASTCHANCE Deals | Danmark\",\"isPartOf\":{\"@id\":\"https:\/\/last-chance.dk\/#website\"},\"primaryImageOfPage\":{\"@id\":\"https:\/\/last-chance.dk\/?product=vaegmaleri-acarigua-saet-med-3-70x70cm-70x70cm-70x70cm#primaryimage\"},\"image\":{\"@id\":\"https:\/\/last-chance.dk\/?product=vaegmaleri-acarigua-saet-med-3-70x70cm-70x70cm-70x70cm#primaryimage\"},\"thumbnailUrl\":\"https:\/\/last-chance.dk\/wp-content\/uploads\/2024\/08\/acarigua.jpg\",\"datePublished\":\"2024-08-24T13:40:53+00:00\",\"dateModified\":\"2025-10-13T12:10:47+00:00\",\"breadcrumb\":{\"@id\":\"https:\/\/last-chance.dk\/?product=vaegmaleri-acarigua-saet-med-3-70x70cm-70x70cm-70x70cm#breadcrumb\"},\"inLanguage\":\"da-DK\",\"potentialAction\":[{\"@type\":\"ReadAction\",\"target\":[\"https:\/\/last-chance.dk\/?product=vaegmaleri-acarigua-saet-med-3-70x70cm-70x70cm-70x70cm\"]}]},{\"@type\":\"ImageObject\",\"inLanguage\":\"da-DK\",\"@id\":\"https:\/\/last-chance.dk\/?product=vaegmaleri-acarigua-saet-med-3-70x70cm-70x70cm-70x70cm#primaryimage\",\"url\":\"https:\/\/last-chance.dk\/wp-content\/uploads\/2024\/08\/acarigua.jpg\",\"contentUrl\":\"https:\/\/last-chance.dk\/wp-content\/uploads\/2024\/08\/acarigua.jpg\",\"width\":746,\"height\":700},{\"@type\":\"BreadcrumbList\",\"@id\":\"https:\/\/last-chance.dk\/?product=vaegmaleri-acarigua-saet-med-3-70x70cm-70x70cm-70x70cm#breadcrumb\",\"itemListElement\":[{\"@type\":\"ListItem\",\"position\":1,\"name\":\"Home\",\"item\":\"https:\/\/last-chance.dk\/\"},{\"@type\":\"ListItem\",\"position\":2,\"name\":\"V\u00e6gmaleri Acarigua, s\u00e6t med 3 70x70cm, 70x70cm, 70x70cm\"}]},{\"@type\":\"WebSite\",\"@id\":\"https:\/\/last-chance.dk\/#website\",\"url\":\"https:\/\/last-chance.dk\/\",\"name\":\"LASTCHANCE Deals | Danmark\",\"description\":\"LASTCHANCE Deals | Danmark\",\"publisher\":{\"@id\":\"https:\/\/last-chance.dk\/#organization\"},\"potentialAction\":[{\"@type\":\"SearchAction\",\"target\":{\"@type\":\"EntryPoint\",\"urlTemplate\":\"https:\/\/last-chance.dk\/?s={search_term_string}\"},\"query-input\":{\"@type\":\"PropertyValueSpecification\",\"valueRequired\":true,\"valueName\":\"search_term_string\"}}],\"inLanguage\":\"da-DK\"},{\"@type\":\"Organization\",\"@id\":\"https:\/\/last-chance.dk\/#organization\",\"name\":\"LASTCHANCE Deals | Danmark\",\"url\":\"https:\/\/last-chance.dk\/\",\"logo\":{\"@type\":\"ImageObject\",\"inLanguage\":\"da-DK\",\"@id\":\"https:\/\/last-chance.dk\/#\/schema\/logo\/image\/\",\"url\":\"https:\/\/last-chance.dk\/wp-content\/uploads\/2023\/10\/lastchancedeals_logo_dk_white.png\",\"contentUrl\":\"https:\/\/last-chance.dk\/wp-content\/uploads\/2023\/10\/lastchancedeals_logo_dk_white.png\",\"width\":470,\"height\":110,\"caption\":\"LASTCHANCE Deals | Danmark\"},\"image\":{\"@id\":\"https:\/\/last-chance.dk\/#\/schema\/logo\/image\/\"}}]}<\/script>\n<!-- \/ Yoast SEO plugin. -->","yoast_head_json":{"title":"V\u00e6gmaleri Acarigua, s\u00e6t med 3 70x70cm, 70x70cm, 70x70cm - LASTCHANCE Deals | Danmark","robots":{"index":"index","follow":"follow","max-snippet":"max-snippet:-1","max-image-preview":"max-image-preview:large","max-video-preview":"max-video-preview:-1"},"canonical":"https:\/\/last-chance.dk\/?product=vaegmaleri-acarigua-saet-med-3-70x70cm-70x70cm-70x70cm","og_locale":"da_DK","og_type":"article","og_title":"V\u00e6gmaleri Acarigua, s\u00e6t med 3 70x70cm, 70x70cm, 70x70cm - LASTCHANCE Deals | Danmark","og_description":"Skab en stemningsfuld atmosf\u00e6re i dit hjem med dette smukke v\u00e6gmaleri Acarigua, der best\u00e5r af tre dele. V\u00e6gmaleriet er lavet af stof og har et abstrakt design i bl\u00f8de farver, der passer til enhver indretning. Hver del m\u00e5ler 70&#215;70 cm og kan h\u00e6nges op p\u00e5 v\u00e6ggen med de medf\u00f8lgende beslag. V\u00e6gmaleriet er produceret af ForrestDecor, [&hellip;]","og_url":"https:\/\/last-chance.dk\/?product=vaegmaleri-acarigua-saet-med-3-70x70cm-70x70cm-70x70cm","og_site_name":"LASTCHANCE Deals | Danmark","article_modified_time":"2025-10-13T12:10:47+00:00","og_image":[{"width":746,"height":700,"url":"https:\/\/last-chance.dk\/wp-content\/uploads\/2024\/08\/acarigua.jpg","type":"image\/jpeg"}],"twitter_card":"summary_large_image","twitter_misc":{"Estimeret l\u00e6setid":"1 minut"},"schema":{"@context":"https:\/\/schema.org","@graph":[{"@type":"WebPage","@id":"https:\/\/last-chance.dk\/?product=vaegmaleri-acarigua-saet-med-3-70x70cm-70x70cm-70x70cm","url":"https:\/\/last-chance.dk\/?product=vaegmaleri-acarigua-saet-med-3-70x70cm-70x70cm-70x70cm","name":"V\u00e6gmaleri Acarigua, s\u00e6t med 3 70x70cm, 70x70cm, 70x70cm - LASTCHANCE Deals | Danmark","isPartOf":{"@id":"https:\/\/last-chance.dk\/#website"},"primaryImageOfPage":{"@id":"https:\/\/last-chance.dk\/?product=vaegmaleri-acarigua-saet-med-3-70x70cm-70x70cm-70x70cm#primaryimage"},"image":{"@id":"https:\/\/last-chance.dk\/?product=vaegmaleri-acarigua-saet-med-3-70x70cm-70x70cm-70x70cm#primaryimage"},"thumbnailUrl":"https:\/\/last-chance.dk\/wp-content\/uploads\/2024\/08\/acarigua.jpg","datePublished":"2024-08-24T13:40:53+00:00","dateModified":"2025-10-13T12:10:47+00:00","breadcrumb":{"@id":"https:\/\/last-chance.dk\/?product=vaegmaleri-acarigua-saet-med-3-70x70cm-70x70cm-70x70cm#breadcrumb"},"inLanguage":"da-DK","potentialAction":[{"@type":"ReadAction","target":["https:\/\/last-chance.dk\/?product=vaegmaleri-acarigua-saet-med-3-70x70cm-70x70cm-70x70cm"]}]},{"@type":"ImageObject","inLanguage":"da-DK","@id":"https:\/\/last-chance.dk\/?product=vaegmaleri-acarigua-saet-med-3-70x70cm-70x70cm-70x70cm#primaryimage","url":"https:\/\/last-chance.dk\/wp-content\/uploads\/2024\/08\/acarigua.jpg","contentUrl":"https:\/\/last-chance.dk\/wp-content\/uploads\/2024\/08\/acarigua.jpg","width":746,"height":700},{"@type":"BreadcrumbList","@id":"https:\/\/last-chance.dk\/?product=vaegmaleri-acarigua-saet-med-3-70x70cm-70x70cm-70x70cm#breadcrumb","itemListElement":[{"@type":"ListItem","position":1,"name":"Home","item":"https:\/\/last-chance.dk\/"},{"@type":"ListItem","position":2,"name":"V\u00e6gmaleri Acarigua, s\u00e6t med 3 70x70cm, 70x70cm, 70x70cm"}]},{"@type":"WebSite","@id":"https:\/\/last-chance.dk\/#website","url":"https:\/\/last-chance.dk\/","name":"LASTCHANCE Deals | Danmark","description":"LASTCHANCE Deals | Danmark","publisher":{"@id":"https:\/\/last-chance.dk\/#organization"},"potentialAction":[{"@type":"SearchAction","target":{"@type":"EntryPoint","urlTemplate":"https:\/\/last-chance.dk\/?s={search_term_string}"},"query-input":{"@type":"PropertyValueSpecification","valueRequired":true,"valueName":"search_term_string"}}],"inLanguage":"da-DK"},{"@type":"Organization","@id":"https:\/\/last-chance.dk\/#organization","name":"LASTCHANCE Deals | Danmark","url":"https:\/\/last-chance.dk\/","logo":{"@type":"ImageObject","inLanguage":"da-DK","@id":"https:\/\/last-chance.dk\/#\/schema\/logo\/image\/","url":"https:\/\/last-chance.dk\/wp-content\/uploads\/2023\/10\/lastchancedeals_logo_dk_white.png","contentUrl":"https:\/\/last-chance.dk\/wp-content\/uploads\/2023\/10\/lastchancedeals_logo_dk_white.png","width":470,"height":110,"caption":"LASTCHANCE Deals | Danmark"},"image":{"@id":"https:\/\/last-chance.dk\/#\/schema\/logo\/image\/"}}]}},"_links":{"self":[{"href":"https:\/\/last-chance.dk\/index.php?rest_route=\/wp\/v2\/product\/15866","targetHints":{"allow":["GET"]}}],"collection":[{"href":"https:\/\/last-chance.dk\/index.php?rest_route=\/wp\/v2\/product"}],"about":[{"href":"https:\/\/last-chance.dk\/index.php?rest_route=\/wp\/v2\/types\/product"}],"replies":[{"embeddable":true,"href":"https:\/\/last-chance.dk\/index.php?rest_route=%2Fwp%2Fv2%2Fcomments&post=15866"}],"wp:featuredmedia":[{"embeddable":true,"href":"https:\/\/last-chance.dk\/index.php?rest_route=\/wp\/v2\/media\/15865"}],"wp:attachment":[{"href":"https:\/\/last-chance.dk\/index.php?rest_route=%2Fwp%2Fv2%2Fmedia&parent=15866"}],"wp:term":[{"taxonomy":"product_brand","embeddable":true,"href":"https:\/\/last-chance.dk\/index.php?rest_route=%2Fwp%2Fv2%2Fproduct_brand&post=15866"},{"taxonomy":"product_cat","embeddable":true,"href":"https:\/\/last-chance.dk\/index.php?rest_route=%2Fwp%2Fv2%2Fproduct_cat&post=15866"},{"taxonomy":"product_tag","embeddable":true,"href":"https:\/\/last-chance.dk\/index.php?rest_route=%2Fwp%2Fv2%2Fproduct_tag&post=15866"}],"curies":[{"name":"wp","href":"https:\/\/api.w.org\/{rel}","templated":true}]}}