{"id":15896,"date":"2025-01-23T10:37:57","date_gmt":"2025-01-23T10:37:57","guid":{"rendered":"https:\/\/www.lastchance.deals\/dk\/produkt\/hylly-walden\/"},"modified":"2025-10-13T11:54:59","modified_gmt":"2025-10-13T11:54:59","slug":"hylly-walden","status":"publish","type":"product","link":"https:\/\/last-chance.dk\/?product=hylly-walden","title":{"rendered":"Hylly Walden"},"content":{"rendered":"<p>Pr\u00e6senterer Hylly Walden, en sofistikeret og elegant hylde til din indretning. Dette produkt kommer fra det velkendte brand ForrestDecor, der er kendt for sin h\u00f8je kvalitet og fornemme h\u00e5ndv\u00e6rk.<\/p>\n<p><\/p>\n<p>Hylly Walden har udvendige dimensioner p\u00e5 60x5x26 cm, hvilket g\u00f8r den ideel til enhver plads i dit hjem. Uanset om du vil vise dine yndlingsb\u00f8ger, fotografier eller unikke genstande, s\u00e5 er denne hylde perfekt til form\u00e5let. Den passer fint ind b\u00e5de i stuen, sovev\u00e6relset, eller p\u00e5 hjemmekontoret. <\/p>\n<p><\/p>\n<p>Montagen af Hylly Walden er enkel, da den leveres halvt samlet. Dette betyder, at du nemt og hurtigt vil kunne f\u00e5 hylden monteret, s\u00e5 den er klar til brug.<\/p>\n<p><\/p>\n<p>Vi ved hvor vigtigt det er med tryghed ved k\u00f8b af m\u00f8bler, derfor kommer Hylly Walden med en garanti p\u00e5 hele 12 m\u00e5neder. Dit k\u00f8b af dette kvalitetsprodukt fra ForrestDecor er med andre ord yderst trygt og sikret.<\/p>\n<p><\/p>\n<p>Med sit moderne design og ovenst\u00e5ende kvaliteter, er Hylly Walden et rigtig godt valg, hvad end du har brug for en ekstra opbevaringsplads, eller blot \u00f8nsker at friske din indretning op med et smukt designet m\u00f8belstykke.<\/p>\n<p><\/p>\n<p>Leveringstid: Leveringstid 1 uge<br \/>\nFarve: ikke angivet<br \/>\nUdvendige dimensioner: 60x5x26 cm<br \/>\nMontage: halvt samlet<br \/>\nGaranti: 12 m\u00e5neder<br \/>\nLavet: i EU<br \/>\nFabrikant: LuxCasa<\/p>\n","protected":false},"excerpt":{"rendered":"<p>Pr\u00e6senterer Hylly Walden, en sofistikeret og elegant hylde til din indretning. Dette produkt kommer fra det velkendte brand ForrestDecor, der er kendt for sin h\u00f8je kvalitet og fornemme h\u00e5ndv\u00e6rk. Hylly Walden har udvendige dimensioner p\u00e5 60x5x26 cm, hvilket g\u00f8r den ideel til enhver plads i dit hjem. Uanset om du vil vise dine yndlingsb\u00f8ger, fotografier [&hellip;]<\/p>\n","protected":false},"featured_media":15894,"comment_status":"open","ping_status":"closed","template":"","meta":[],"product_brand":[],"product_cat":[199],"product_tag":[],"class_list":{"0":"post-15896","1":"product","2":"type-product","3":"status-publish","4":"has-post-thumbnail","6":"product_cat-wall-shelves","8":"first","9":"instock","10":"shipping-taxable","11":"purchasable","12":"product-type-simple"},"yoast_head":"<!-- This site is optimized with the Yoast SEO plugin v24.8.1 - https:\/\/yoast.com\/wordpress\/plugins\/seo\/ -->\n<title>Hylly Walden - LASTCHANCE Deals | Danmark<\/title>\n<meta name=\"robots\" content=\"index, follow, max-snippet:-1, max-image-preview:large, max-video-preview:-1\" \/>\n<link rel=\"canonical\" href=\"https:\/\/last-chance.dk\/?product=hylly-walden\" \/>\n<meta property=\"og:locale\" content=\"da_DK\" \/>\n<meta property=\"og:type\" content=\"article\" \/>\n<meta property=\"og:title\" content=\"Hylly Walden - LASTCHANCE Deals | Danmark\" \/>\n<meta property=\"og:description\" content=\"Pr\u00e6senterer Hylly Walden, en sofistikeret og elegant hylde til din indretning. Dette produkt kommer fra det velkendte brand ForrestDecor, der er kendt for sin h\u00f8je kvalitet og fornemme h\u00e5ndv\u00e6rk. Hylly Walden har udvendige dimensioner p\u00e5 60x5x26 cm, hvilket g\u00f8r den ideel til enhver plads i dit hjem. Uanset om du vil vise dine yndlingsb\u00f8ger, fotografier [&hellip;]\" \/>\n<meta property=\"og:url\" content=\"https:\/\/last-chance.dk\/?product=hylly-walden\" \/>\n<meta property=\"og:site_name\" content=\"LASTCHANCE Deals | Danmark\" \/>\n<meta property=\"article:modified_time\" content=\"2025-10-13T11:54:59+00:00\" \/>\n<meta property=\"og:image\" content=\"https:\/\/last-chance.dk\/wp-content\/uploads\/2025\/01\/img1_462-scaled.jpg\" \/>\n\t<meta property=\"og:image:width\" content=\"2560\" \/>\n\t<meta property=\"og:image:height\" content=\"1645\" \/>\n\t<meta property=\"og:image:type\" content=\"image\/jpeg\" \/>\n<meta name=\"twitter:card\" content=\"summary_large_image\" \/>\n<meta name=\"twitter:label1\" content=\"Estimeret l\u00e6setid\" \/>\n\t<meta name=\"twitter:data1\" content=\"1 minut\" \/>\n<script type=\"application\/ld+json\" class=\"yoast-schema-graph\">{\"@context\":\"https:\/\/schema.org\",\"@graph\":[{\"@type\":\"WebPage\",\"@id\":\"https:\/\/last-chance.dk\/?product=hylly-walden\",\"url\":\"https:\/\/last-chance.dk\/?product=hylly-walden\",\"name\":\"Hylly Walden - LASTCHANCE Deals | Danmark\",\"isPartOf\":{\"@id\":\"https:\/\/last-chance.dk\/#website\"},\"primaryImageOfPage\":{\"@id\":\"https:\/\/last-chance.dk\/?product=hylly-walden#primaryimage\"},\"image\":{\"@id\":\"https:\/\/last-chance.dk\/?product=hylly-walden#primaryimage\"},\"thumbnailUrl\":\"https:\/\/last-chance.dk\/wp-content\/uploads\/2025\/01\/img1_462-scaled.jpg\",\"datePublished\":\"2025-01-23T10:37:57+00:00\",\"dateModified\":\"2025-10-13T11:54:59+00:00\",\"breadcrumb\":{\"@id\":\"https:\/\/last-chance.dk\/?product=hylly-walden#breadcrumb\"},\"inLanguage\":\"da-DK\",\"potentialAction\":[{\"@type\":\"ReadAction\",\"target\":[\"https:\/\/last-chance.dk\/?product=hylly-walden\"]}]},{\"@type\":\"ImageObject\",\"inLanguage\":\"da-DK\",\"@id\":\"https:\/\/last-chance.dk\/?product=hylly-walden#primaryimage\",\"url\":\"https:\/\/last-chance.dk\/wp-content\/uploads\/2025\/01\/img1_462-scaled.jpg\",\"contentUrl\":\"https:\/\/last-chance.dk\/wp-content\/uploads\/2025\/01\/img1_462-scaled.jpg\",\"width\":2560,\"height\":1645},{\"@type\":\"BreadcrumbList\",\"@id\":\"https:\/\/last-chance.dk\/?product=hylly-walden#breadcrumb\",\"itemListElement\":[{\"@type\":\"ListItem\",\"position\":1,\"name\":\"Home\",\"item\":\"https:\/\/last-chance.dk\/\"},{\"@type\":\"ListItem\",\"position\":2,\"name\":\"Hylly Walden\"}]},{\"@type\":\"WebSite\",\"@id\":\"https:\/\/last-chance.dk\/#website\",\"url\":\"https:\/\/last-chance.dk\/\",\"name\":\"LASTCHANCE Deals | Danmark\",\"description\":\"LASTCHANCE Deals | Danmark\",\"publisher\":{\"@id\":\"https:\/\/last-chance.dk\/#organization\"},\"potentialAction\":[{\"@type\":\"SearchAction\",\"target\":{\"@type\":\"EntryPoint\",\"urlTemplate\":\"https:\/\/last-chance.dk\/?s={search_term_string}\"},\"query-input\":{\"@type\":\"PropertyValueSpecification\",\"valueRequired\":true,\"valueName\":\"search_term_string\"}}],\"inLanguage\":\"da-DK\"},{\"@type\":\"Organization\",\"@id\":\"https:\/\/last-chance.dk\/#organization\",\"name\":\"LASTCHANCE Deals | Danmark\",\"url\":\"https:\/\/last-chance.dk\/\",\"logo\":{\"@type\":\"ImageObject\",\"inLanguage\":\"da-DK\",\"@id\":\"https:\/\/last-chance.dk\/#\/schema\/logo\/image\/\",\"url\":\"https:\/\/last-chance.dk\/wp-content\/uploads\/2023\/10\/lastchancedeals_logo_dk_white.png\",\"contentUrl\":\"https:\/\/last-chance.dk\/wp-content\/uploads\/2023\/10\/lastchancedeals_logo_dk_white.png\",\"width\":470,\"height\":110,\"caption\":\"LASTCHANCE Deals | Danmark\"},\"image\":{\"@id\":\"https:\/\/last-chance.dk\/#\/schema\/logo\/image\/\"}}]}<\/script>\n<!-- \/ Yoast SEO plugin. -->","yoast_head_json":{"title":"Hylly Walden - LASTCHANCE Deals | Danmark","robots":{"index":"index","follow":"follow","max-snippet":"max-snippet:-1","max-image-preview":"max-image-preview:large","max-video-preview":"max-video-preview:-1"},"canonical":"https:\/\/last-chance.dk\/?product=hylly-walden","og_locale":"da_DK","og_type":"article","og_title":"Hylly Walden - LASTCHANCE Deals | Danmark","og_description":"Pr\u00e6senterer Hylly Walden, en sofistikeret og elegant hylde til din indretning. Dette produkt kommer fra det velkendte brand ForrestDecor, der er kendt for sin h\u00f8je kvalitet og fornemme h\u00e5ndv\u00e6rk. Hylly Walden har udvendige dimensioner p\u00e5 60x5x26 cm, hvilket g\u00f8r den ideel til enhver plads i dit hjem. Uanset om du vil vise dine yndlingsb\u00f8ger, fotografier [&hellip;]","og_url":"https:\/\/last-chance.dk\/?product=hylly-walden","og_site_name":"LASTCHANCE Deals | Danmark","article_modified_time":"2025-10-13T11:54:59+00:00","og_image":[{"width":2560,"height":1645,"url":"https:\/\/last-chance.dk\/wp-content\/uploads\/2025\/01\/img1_462-scaled.jpg","type":"image\/jpeg"}],"twitter_card":"summary_large_image","twitter_misc":{"Estimeret l\u00e6setid":"1 minut"},"schema":{"@context":"https:\/\/schema.org","@graph":[{"@type":"WebPage","@id":"https:\/\/last-chance.dk\/?product=hylly-walden","url":"https:\/\/last-chance.dk\/?product=hylly-walden","name":"Hylly Walden - LASTCHANCE Deals | Danmark","isPartOf":{"@id":"https:\/\/last-chance.dk\/#website"},"primaryImageOfPage":{"@id":"https:\/\/last-chance.dk\/?product=hylly-walden#primaryimage"},"image":{"@id":"https:\/\/last-chance.dk\/?product=hylly-walden#primaryimage"},"thumbnailUrl":"https:\/\/last-chance.dk\/wp-content\/uploads\/2025\/01\/img1_462-scaled.jpg","datePublished":"2025-01-23T10:37:57+00:00","dateModified":"2025-10-13T11:54:59+00:00","breadcrumb":{"@id":"https:\/\/last-chance.dk\/?product=hylly-walden#breadcrumb"},"inLanguage":"da-DK","potentialAction":[{"@type":"ReadAction","target":["https:\/\/last-chance.dk\/?product=hylly-walden"]}]},{"@type":"ImageObject","inLanguage":"da-DK","@id":"https:\/\/last-chance.dk\/?product=hylly-walden#primaryimage","url":"https:\/\/last-chance.dk\/wp-content\/uploads\/2025\/01\/img1_462-scaled.jpg","contentUrl":"https:\/\/last-chance.dk\/wp-content\/uploads\/2025\/01\/img1_462-scaled.jpg","width":2560,"height":1645},{"@type":"BreadcrumbList","@id":"https:\/\/last-chance.dk\/?product=hylly-walden#breadcrumb","itemListElement":[{"@type":"ListItem","position":1,"name":"Home","item":"https:\/\/last-chance.dk\/"},{"@type":"ListItem","position":2,"name":"Hylly Walden"}]},{"@type":"WebSite","@id":"https:\/\/last-chance.dk\/#website","url":"https:\/\/last-chance.dk\/","name":"LASTCHANCE Deals | Danmark","description":"LASTCHANCE Deals | Danmark","publisher":{"@id":"https:\/\/last-chance.dk\/#organization"},"potentialAction":[{"@type":"SearchAction","target":{"@type":"EntryPoint","urlTemplate":"https:\/\/last-chance.dk\/?s={search_term_string}"},"query-input":{"@type":"PropertyValueSpecification","valueRequired":true,"valueName":"search_term_string"}}],"inLanguage":"da-DK"},{"@type":"Organization","@id":"https:\/\/last-chance.dk\/#organization","name":"LASTCHANCE Deals | Danmark","url":"https:\/\/last-chance.dk\/","logo":{"@type":"ImageObject","inLanguage":"da-DK","@id":"https:\/\/last-chance.dk\/#\/schema\/logo\/image\/","url":"https:\/\/last-chance.dk\/wp-content\/uploads\/2023\/10\/lastchancedeals_logo_dk_white.png","contentUrl":"https:\/\/last-chance.dk\/wp-content\/uploads\/2023\/10\/lastchancedeals_logo_dk_white.png","width":470,"height":110,"caption":"LASTCHANCE Deals | Danmark"},"image":{"@id":"https:\/\/last-chance.dk\/#\/schema\/logo\/image\/"}}]}},"_links":{"self":[{"href":"https:\/\/last-chance.dk\/index.php?rest_route=\/wp\/v2\/product\/15896","targetHints":{"allow":["GET"]}}],"collection":[{"href":"https:\/\/last-chance.dk\/index.php?rest_route=\/wp\/v2\/product"}],"about":[{"href":"https:\/\/last-chance.dk\/index.php?rest_route=\/wp\/v2\/types\/product"}],"replies":[{"embeddable":true,"href":"https:\/\/last-chance.dk\/index.php?rest_route=%2Fwp%2Fv2%2Fcomments&post=15896"}],"wp:featuredmedia":[{"embeddable":true,"href":"https:\/\/last-chance.dk\/index.php?rest_route=\/wp\/v2\/media\/15894"}],"wp:attachment":[{"href":"https:\/\/last-chance.dk\/index.php?rest_route=%2Fwp%2Fv2%2Fmedia&parent=15896"}],"wp:term":[{"taxonomy":"product_brand","embeddable":true,"href":"https:\/\/last-chance.dk\/index.php?rest_route=%2Fwp%2Fv2%2Fproduct_brand&post=15896"},{"taxonomy":"product_cat","embeddable":true,"href":"https:\/\/last-chance.dk\/index.php?rest_route=%2Fwp%2Fv2%2Fproduct_cat&post=15896"},{"taxonomy":"product_tag","embeddable":true,"href":"https:\/\/last-chance.dk\/index.php?rest_route=%2Fwp%2Fv2%2Fproduct_tag&post=15896"}],"curies":[{"name":"wp","href":"https:\/\/api.w.org\/{rel}","templated":true}]}}