{"id":15906,"date":"2025-01-23T10:41:46","date_gmt":"2025-01-23T10:41:46","guid":{"rendered":"https:\/\/www.lastchance.deals\/dk\/produkt\/madras-pocket-fjeder-camilla-160x200x19cm\/"},"modified":"2025-01-23T10:41:46","modified_gmt":"2025-01-23T10:41:46","slug":"madras-pocket-fjeder-camilla-160x200x19cm","status":"publish","type":"product","link":"https:\/\/last-chance.dk\/?product=madras-pocket-fjeder-camilla-160x200x19cm","title":{"rendered":"Madras Pocket fjeder Camilla 160x200x19cm"},"content":{"rendered":"<p>Madras Pocket fjeder Camilla 160x200x19cm er en medium-fast, vendbar madras med en kerne af 7-zoners pocketfjedre. Denne konstruktion sikrer en j\u00e6vn v\u00e6gtfordeling, hvilket giver madrassen fremragende ortop\u00e6diske egenskaber. Hver fjeder arbejder uafh\u00e6ngigt og giver optimal st\u00f8tte til de kropsomr\u00e5der, der har mest brug for det, baseret p\u00e5 anatomiske behov.<\/p>\n<p>P\u00e5 begge sider af madrassen er der h\u00f8j kvalitets polyuretanskum, et materiale, der ofte anvendes i forskellige s\u00f8vnl\u00f8sninger. Dette skum giver komfort og holdbarhed og sikrer en behagelig og sund s\u00f8vn.<\/p>\n<p>Egenskaber:<\/p>\n<ul>\n<li>Fasthed: Medium-fast<\/li>\n<li>Fjedertype: 7-zoners pocketfjedre<\/li>\n<li>Maksimal belastning pr. soveplads: Op til 110 kg<\/li>\n<li>Betr\u00e6k: Aftageligt, hvidt quiltet jerseybetr\u00e6k<\/li>\n<li>Emballage: Dobbelt t\u00e6t film, komprimeret og rullet<\/li>\n<\/ul>\n<p>Madrassen er designet til at give optimal st\u00f8tte og komfort, hvilket g\u00f8r den til et fremragende valg for dem, der v\u00e6rds\u00e6tter en god nattes\u00f8vn.<\/p>\n<p><\/p>\n<p>Leveringstid: Leveringstid 1-2 uger<br \/>\nMadras st\u00f8rrelse: 160x200x19cm<br \/>\nFarve: ikke angivet<br \/>\nMateriale: pocket fjeder<br \/>\nGaranti: 12 m\u00e5neder<br \/>\nYdre stof: aftagelig og vaskbar<br \/>\nFabrikant: LuxCasa<br \/>\nLavet: i EU<\/p>\n","protected":false},"excerpt":{"rendered":"<p>Madras Pocket fjeder Camilla 160x200x19cm er en medium-fast, vendbar madras med en kerne af 7-zoners pocketfjedre. Denne konstruktion sikrer en j\u00e6vn v\u00e6gtfordeling, hvilket giver madrassen fremragende ortop\u00e6diske egenskaber. Hver fjeder arbejder uafh\u00e6ngigt og giver optimal st\u00f8tte til de kropsomr\u00e5der, der har mest brug for det, baseret p\u00e5 anatomiske behov. P\u00e5 begge sider af madrassen er [&hellip;]<\/p>\n","protected":false},"featured_media":15905,"comment_status":"open","ping_status":"closed","template":"","meta":[],"product_brand":[],"product_cat":[303],"product_tag":[],"class_list":{"0":"post-15906","1":"product","2":"type-product","3":"status-publish","4":"has-post-thumbnail","6":"product_cat-spring-mattresses","8":"first","9":"instock","10":"shipping-taxable","11":"purchasable","12":"product-type-simple"},"yoast_head":"<!-- This site is optimized with the Yoast SEO plugin v24.8.1 - https:\/\/yoast.com\/wordpress\/plugins\/seo\/ -->\n<title>Madras Pocket fjeder Camilla 160x200x19cm - LASTCHANCE Deals | Danmark<\/title>\n<meta name=\"robots\" content=\"index, follow, max-snippet:-1, max-image-preview:large, max-video-preview:-1\" \/>\n<link rel=\"canonical\" href=\"https:\/\/last-chance.dk\/?product=madras-pocket-fjeder-camilla-160x200x19cm\" \/>\n<meta property=\"og:locale\" content=\"da_DK\" \/>\n<meta property=\"og:type\" content=\"article\" \/>\n<meta property=\"og:title\" content=\"Madras Pocket fjeder Camilla 160x200x19cm - LASTCHANCE Deals | Danmark\" \/>\n<meta property=\"og:description\" content=\"Madras Pocket fjeder Camilla 160x200x19cm er en medium-fast, vendbar madras med en kerne af 7-zoners pocketfjedre. Denne konstruktion sikrer en j\u00e6vn v\u00e6gtfordeling, hvilket giver madrassen fremragende ortop\u00e6diske egenskaber. Hver fjeder arbejder uafh\u00e6ngigt og giver optimal st\u00f8tte til de kropsomr\u00e5der, der har mest brug for det, baseret p\u00e5 anatomiske behov. P\u00e5 begge sider af madrassen er [&hellip;]\" \/>\n<meta property=\"og:url\" content=\"https:\/\/last-chance.dk\/?product=madras-pocket-fjeder-camilla-160x200x19cm\" \/>\n<meta property=\"og:site_name\" content=\"LASTCHANCE Deals | Danmark\" \/>\n<meta property=\"og:image\" content=\"https:\/\/last-chance.dk\/wp-content\/uploads\/2025\/01\/relax_classic.jpg\" \/>\n\t<meta property=\"og:image:width\" content=\"1364\" \/>\n\t<meta property=\"og:image:height\" content=\"600\" \/>\n\t<meta property=\"og:image:type\" content=\"image\/jpeg\" \/>\n<meta name=\"twitter:card\" content=\"summary_large_image\" \/>\n<meta name=\"twitter:label1\" content=\"Estimeret l\u00e6setid\" \/>\n\t<meta name=\"twitter:data1\" content=\"1 minut\" \/>\n<script type=\"application\/ld+json\" class=\"yoast-schema-graph\">{\"@context\":\"https:\/\/schema.org\",\"@graph\":[{\"@type\":\"WebPage\",\"@id\":\"https:\/\/last-chance.dk\/?product=madras-pocket-fjeder-camilla-160x200x19cm\",\"url\":\"https:\/\/last-chance.dk\/?product=madras-pocket-fjeder-camilla-160x200x19cm\",\"name\":\"Madras Pocket fjeder Camilla 160x200x19cm - LASTCHANCE Deals | Danmark\",\"isPartOf\":{\"@id\":\"https:\/\/last-chance.dk\/#website\"},\"primaryImageOfPage\":{\"@id\":\"https:\/\/last-chance.dk\/?product=madras-pocket-fjeder-camilla-160x200x19cm#primaryimage\"},\"image\":{\"@id\":\"https:\/\/last-chance.dk\/?product=madras-pocket-fjeder-camilla-160x200x19cm#primaryimage\"},\"thumbnailUrl\":\"https:\/\/last-chance.dk\/wp-content\/uploads\/2025\/01\/relax_classic.jpg\",\"datePublished\":\"2025-01-23T10:41:46+00:00\",\"breadcrumb\":{\"@id\":\"https:\/\/last-chance.dk\/?product=madras-pocket-fjeder-camilla-160x200x19cm#breadcrumb\"},\"inLanguage\":\"da-DK\",\"potentialAction\":[{\"@type\":\"ReadAction\",\"target\":[\"https:\/\/last-chance.dk\/?product=madras-pocket-fjeder-camilla-160x200x19cm\"]}]},{\"@type\":\"ImageObject\",\"inLanguage\":\"da-DK\",\"@id\":\"https:\/\/last-chance.dk\/?product=madras-pocket-fjeder-camilla-160x200x19cm#primaryimage\",\"url\":\"https:\/\/last-chance.dk\/wp-content\/uploads\/2025\/01\/relax_classic.jpg\",\"contentUrl\":\"https:\/\/last-chance.dk\/wp-content\/uploads\/2025\/01\/relax_classic.jpg\",\"width\":1364,\"height\":600},{\"@type\":\"BreadcrumbList\",\"@id\":\"https:\/\/last-chance.dk\/?product=madras-pocket-fjeder-camilla-160x200x19cm#breadcrumb\",\"itemListElement\":[{\"@type\":\"ListItem\",\"position\":1,\"name\":\"Home\",\"item\":\"https:\/\/last-chance.dk\/\"},{\"@type\":\"ListItem\",\"position\":2,\"name\":\"Madras Pocket fjeder Camilla 160x200x19cm\"}]},{\"@type\":\"WebSite\",\"@id\":\"https:\/\/last-chance.dk\/#website\",\"url\":\"https:\/\/last-chance.dk\/\",\"name\":\"LASTCHANCE Deals | Danmark\",\"description\":\"LASTCHANCE Deals | Danmark\",\"publisher\":{\"@id\":\"https:\/\/last-chance.dk\/#organization\"},\"potentialAction\":[{\"@type\":\"SearchAction\",\"target\":{\"@type\":\"EntryPoint\",\"urlTemplate\":\"https:\/\/last-chance.dk\/?s={search_term_string}\"},\"query-input\":{\"@type\":\"PropertyValueSpecification\",\"valueRequired\":true,\"valueName\":\"search_term_string\"}}],\"inLanguage\":\"da-DK\"},{\"@type\":\"Organization\",\"@id\":\"https:\/\/last-chance.dk\/#organization\",\"name\":\"LASTCHANCE Deals | Danmark\",\"url\":\"https:\/\/last-chance.dk\/\",\"logo\":{\"@type\":\"ImageObject\",\"inLanguage\":\"da-DK\",\"@id\":\"https:\/\/last-chance.dk\/#\/schema\/logo\/image\/\",\"url\":\"https:\/\/last-chance.dk\/wp-content\/uploads\/2023\/10\/lastchancedeals_logo_dk_white.png\",\"contentUrl\":\"https:\/\/last-chance.dk\/wp-content\/uploads\/2023\/10\/lastchancedeals_logo_dk_white.png\",\"width\":470,\"height\":110,\"caption\":\"LASTCHANCE Deals | Danmark\"},\"image\":{\"@id\":\"https:\/\/last-chance.dk\/#\/schema\/logo\/image\/\"}}]}<\/script>\n<!-- \/ Yoast SEO plugin. -->","yoast_head_json":{"title":"Madras Pocket fjeder Camilla 160x200x19cm - LASTCHANCE Deals | Danmark","robots":{"index":"index","follow":"follow","max-snippet":"max-snippet:-1","max-image-preview":"max-image-preview:large","max-video-preview":"max-video-preview:-1"},"canonical":"https:\/\/last-chance.dk\/?product=madras-pocket-fjeder-camilla-160x200x19cm","og_locale":"da_DK","og_type":"article","og_title":"Madras Pocket fjeder Camilla 160x200x19cm - LASTCHANCE Deals | Danmark","og_description":"Madras Pocket fjeder Camilla 160x200x19cm er en medium-fast, vendbar madras med en kerne af 7-zoners pocketfjedre. Denne konstruktion sikrer en j\u00e6vn v\u00e6gtfordeling, hvilket giver madrassen fremragende ortop\u00e6diske egenskaber. Hver fjeder arbejder uafh\u00e6ngigt og giver optimal st\u00f8tte til de kropsomr\u00e5der, der har mest brug for det, baseret p\u00e5 anatomiske behov. P\u00e5 begge sider af madrassen er [&hellip;]","og_url":"https:\/\/last-chance.dk\/?product=madras-pocket-fjeder-camilla-160x200x19cm","og_site_name":"LASTCHANCE Deals | Danmark","og_image":[{"width":1364,"height":600,"url":"https:\/\/last-chance.dk\/wp-content\/uploads\/2025\/01\/relax_classic.jpg","type":"image\/jpeg"}],"twitter_card":"summary_large_image","twitter_misc":{"Estimeret l\u00e6setid":"1 minut"},"schema":{"@context":"https:\/\/schema.org","@graph":[{"@type":"WebPage","@id":"https:\/\/last-chance.dk\/?product=madras-pocket-fjeder-camilla-160x200x19cm","url":"https:\/\/last-chance.dk\/?product=madras-pocket-fjeder-camilla-160x200x19cm","name":"Madras Pocket fjeder Camilla 160x200x19cm - LASTCHANCE Deals | Danmark","isPartOf":{"@id":"https:\/\/last-chance.dk\/#website"},"primaryImageOfPage":{"@id":"https:\/\/last-chance.dk\/?product=madras-pocket-fjeder-camilla-160x200x19cm#primaryimage"},"image":{"@id":"https:\/\/last-chance.dk\/?product=madras-pocket-fjeder-camilla-160x200x19cm#primaryimage"},"thumbnailUrl":"https:\/\/last-chance.dk\/wp-content\/uploads\/2025\/01\/relax_classic.jpg","datePublished":"2025-01-23T10:41:46+00:00","breadcrumb":{"@id":"https:\/\/last-chance.dk\/?product=madras-pocket-fjeder-camilla-160x200x19cm#breadcrumb"},"inLanguage":"da-DK","potentialAction":[{"@type":"ReadAction","target":["https:\/\/last-chance.dk\/?product=madras-pocket-fjeder-camilla-160x200x19cm"]}]},{"@type":"ImageObject","inLanguage":"da-DK","@id":"https:\/\/last-chance.dk\/?product=madras-pocket-fjeder-camilla-160x200x19cm#primaryimage","url":"https:\/\/last-chance.dk\/wp-content\/uploads\/2025\/01\/relax_classic.jpg","contentUrl":"https:\/\/last-chance.dk\/wp-content\/uploads\/2025\/01\/relax_classic.jpg","width":1364,"height":600},{"@type":"BreadcrumbList","@id":"https:\/\/last-chance.dk\/?product=madras-pocket-fjeder-camilla-160x200x19cm#breadcrumb","itemListElement":[{"@type":"ListItem","position":1,"name":"Home","item":"https:\/\/last-chance.dk\/"},{"@type":"ListItem","position":2,"name":"Madras Pocket fjeder Camilla 160x200x19cm"}]},{"@type":"WebSite","@id":"https:\/\/last-chance.dk\/#website","url":"https:\/\/last-chance.dk\/","name":"LASTCHANCE Deals | Danmark","description":"LASTCHANCE Deals | Danmark","publisher":{"@id":"https:\/\/last-chance.dk\/#organization"},"potentialAction":[{"@type":"SearchAction","target":{"@type":"EntryPoint","urlTemplate":"https:\/\/last-chance.dk\/?s={search_term_string}"},"query-input":{"@type":"PropertyValueSpecification","valueRequired":true,"valueName":"search_term_string"}}],"inLanguage":"da-DK"},{"@type":"Organization","@id":"https:\/\/last-chance.dk\/#organization","name":"LASTCHANCE Deals | Danmark","url":"https:\/\/last-chance.dk\/","logo":{"@type":"ImageObject","inLanguage":"da-DK","@id":"https:\/\/last-chance.dk\/#\/schema\/logo\/image\/","url":"https:\/\/last-chance.dk\/wp-content\/uploads\/2023\/10\/lastchancedeals_logo_dk_white.png","contentUrl":"https:\/\/last-chance.dk\/wp-content\/uploads\/2023\/10\/lastchancedeals_logo_dk_white.png","width":470,"height":110,"caption":"LASTCHANCE Deals | Danmark"},"image":{"@id":"https:\/\/last-chance.dk\/#\/schema\/logo\/image\/"}}]}},"_links":{"self":[{"href":"https:\/\/last-chance.dk\/index.php?rest_route=\/wp\/v2\/product\/15906","targetHints":{"allow":["GET"]}}],"collection":[{"href":"https:\/\/last-chance.dk\/index.php?rest_route=\/wp\/v2\/product"}],"about":[{"href":"https:\/\/last-chance.dk\/index.php?rest_route=\/wp\/v2\/types\/product"}],"replies":[{"embeddable":true,"href":"https:\/\/last-chance.dk\/index.php?rest_route=%2Fwp%2Fv2%2Fcomments&post=15906"}],"wp:featuredmedia":[{"embeddable":true,"href":"https:\/\/last-chance.dk\/index.php?rest_route=\/wp\/v2\/media\/15905"}],"wp:attachment":[{"href":"https:\/\/last-chance.dk\/index.php?rest_route=%2Fwp%2Fv2%2Fmedia&parent=15906"}],"wp:term":[{"taxonomy":"product_brand","embeddable":true,"href":"https:\/\/last-chance.dk\/index.php?rest_route=%2Fwp%2Fv2%2Fproduct_brand&post=15906"},{"taxonomy":"product_cat","embeddable":true,"href":"https:\/\/last-chance.dk\/index.php?rest_route=%2Fwp%2Fv2%2Fproduct_cat&post=15906"},{"taxonomy":"product_tag","embeddable":true,"href":"https:\/\/last-chance.dk\/index.php?rest_route=%2Fwp%2Fv2%2Fproduct_tag&post=15906"}],"curies":[{"name":"wp","href":"https:\/\/api.w.org\/{rel}","templated":true}]}}