{"id":15910,"date":"2025-01-23T10:42:02","date_gmt":"2025-01-23T10:42:02","guid":{"rendered":"https:\/\/www.lastchance.deals\/dk\/produkt\/hukommelsesskum-og-lommespring-madras-azzurra-160x200x21cm\/"},"modified":"2025-01-23T10:42:02","modified_gmt":"2025-01-23T10:42:02","slug":"hukommelsesskum-og-lommespring-madras-azzurra-160x200x21cm","status":"publish","type":"product","link":"https:\/\/last-chance.dk\/?product=hukommelsesskum-og-lommespring-madras-azzurra-160x200x21cm","title":{"rendered":"Hukommelsesskum og Lommespring Madras Azzurra 160x200x21cm"},"content":{"rendered":"<p>Hukommelsesskum og Lommespring Madras Azzurra 160x200x21cm&nbsp;er en medium-bl\u00f8d, vendbar madras med en kerne af 7-zoners pocketfjedre.&nbsp;Denne konstruktion fordeler kroppens v\u00e6gt j\u00e6vnt og giver fremragende ortop\u00e6disk st\u00f8tte, is\u00e6r til de omr\u00e5der, der har mest brug for det.<\/p>\n<p>P\u00e5 begge sider af madrassen er der h\u00f8jkvalitets polyuretanskum, et materiale, der ofte anvendes i forskellige sovel\u00f8sninger. <br \/>P\u00e5 den ene side er der desuden et lag memory foam, der tilpasser sig perfekt til kroppens konturer, reducerer sp\u00e6ndinger i nakke og ryg og sikrer en komfortabel og sund s\u00f8vn.<\/p>\n<p>Madrassen har en h\u00f8jde p\u00e5 21cm.&nbsp;Betr\u00e6kket er aftageligt og lavet af hvidt, quiltet strikstof, som \u00f8ger komforten og g\u00f8r det nemt at reng\u00f8re.<\/p>\n<p>Madrassen er et fremragende valg for dem, der v\u00e6rds\u00e6tter en sund livsstil og leder efter en bl\u00f8dere ortop\u00e6disk madras.<\/p>\n<p>Leveringstid: Leveringstid 1-2 uger<br \/>\nMadras st\u00f8rrelse: 160x200x21cm<br \/>\nFarve: ikke angivet<br \/>\nMateriale: memory foam,pocket fjeder<br \/>\nGaranti: 12 m\u00e5neder<br \/>\nYdre stof: aftagelig og vaskbar<br \/>\nFabrikant: LuxCasa<br \/>\nLavet: i EU<\/p>\n","protected":false},"excerpt":{"rendered":"<p>Hukommelsesskum og Lommespring Madras Azzurra 160x200x21cm&nbsp;er en medium-bl\u00f8d, vendbar madras med en kerne af 7-zoners pocketfjedre.&nbsp;Denne konstruktion fordeler kroppens v\u00e6gt j\u00e6vnt og giver fremragende ortop\u00e6disk st\u00f8tte, is\u00e6r til de omr\u00e5der, der har mest brug for det. P\u00e5 begge sider af madrassen er der h\u00f8jkvalitets polyuretanskum, et materiale, der ofte anvendes i forskellige sovel\u00f8sninger. P\u00e5 den [&hellip;]<\/p>\n","protected":false},"featured_media":15909,"comment_status":"open","ping_status":"closed","template":"","meta":[],"product_brand":[],"product_cat":[303],"product_tag":[],"class_list":{"0":"post-15910","1":"product","2":"type-product","3":"status-publish","4":"has-post-thumbnail","6":"product_cat-spring-mattresses","8":"first","9":"instock","10":"shipping-taxable","11":"purchasable","12":"product-type-simple"},"yoast_head":"<!-- This site is optimized with the Yoast SEO plugin v24.8.1 - https:\/\/yoast.com\/wordpress\/plugins\/seo\/ -->\n<title>Hukommelsesskum og Lommespring Madras Azzurra 160x200x21cm - LASTCHANCE Deals | Danmark<\/title>\n<meta name=\"robots\" content=\"index, follow, max-snippet:-1, max-image-preview:large, max-video-preview:-1\" \/>\n<link rel=\"canonical\" href=\"https:\/\/last-chance.dk\/?product=hukommelsesskum-og-lommespring-madras-azzurra-160x200x21cm\" \/>\n<meta property=\"og:locale\" content=\"da_DK\" \/>\n<meta property=\"og:type\" content=\"article\" \/>\n<meta property=\"og:title\" content=\"Hukommelsesskum og Lommespring Madras Azzurra 160x200x21cm - LASTCHANCE Deals | Danmark\" \/>\n<meta property=\"og:description\" content=\"Hukommelsesskum og Lommespring Madras Azzurra 160x200x21cm&nbsp;er en medium-bl\u00f8d, vendbar madras med en kerne af 7-zoners pocketfjedre.&nbsp;Denne konstruktion fordeler kroppens v\u00e6gt j\u00e6vnt og giver fremragende ortop\u00e6disk st\u00f8tte, is\u00e6r til de omr\u00e5der, der har mest brug for det. P\u00e5 begge sider af madrassen er der h\u00f8jkvalitets polyuretanskum, et materiale, der ofte anvendes i forskellige sovel\u00f8sninger. P\u00e5 den [&hellip;]\" \/>\n<meta property=\"og:url\" content=\"https:\/\/last-chance.dk\/?product=hukommelsesskum-og-lommespring-madras-azzurra-160x200x21cm\" \/>\n<meta property=\"og:site_name\" content=\"LASTCHANCE Deals | Danmark\" \/>\n<meta property=\"og:image\" content=\"https:\/\/last-chance.dk\/wp-content\/uploads\/2025\/01\/relax_memory.jpg\" \/>\n\t<meta property=\"og:image:width\" content=\"1364\" \/>\n\t<meta property=\"og:image:height\" content=\"600\" \/>\n\t<meta property=\"og:image:type\" content=\"image\/jpeg\" \/>\n<meta name=\"twitter:card\" content=\"summary_large_image\" \/>\n<meta name=\"twitter:label1\" content=\"Estimeret l\u00e6setid\" \/>\n\t<meta name=\"twitter:data1\" content=\"1 minut\" \/>\n<script type=\"application\/ld+json\" class=\"yoast-schema-graph\">{\"@context\":\"https:\/\/schema.org\",\"@graph\":[{\"@type\":\"WebPage\",\"@id\":\"https:\/\/last-chance.dk\/?product=hukommelsesskum-og-lommespring-madras-azzurra-160x200x21cm\",\"url\":\"https:\/\/last-chance.dk\/?product=hukommelsesskum-og-lommespring-madras-azzurra-160x200x21cm\",\"name\":\"Hukommelsesskum og Lommespring Madras Azzurra 160x200x21cm - LASTCHANCE Deals | Danmark\",\"isPartOf\":{\"@id\":\"https:\/\/last-chance.dk\/#website\"},\"primaryImageOfPage\":{\"@id\":\"https:\/\/last-chance.dk\/?product=hukommelsesskum-og-lommespring-madras-azzurra-160x200x21cm#primaryimage\"},\"image\":{\"@id\":\"https:\/\/last-chance.dk\/?product=hukommelsesskum-og-lommespring-madras-azzurra-160x200x21cm#primaryimage\"},\"thumbnailUrl\":\"https:\/\/last-chance.dk\/wp-content\/uploads\/2025\/01\/relax_memory.jpg\",\"datePublished\":\"2025-01-23T10:42:02+00:00\",\"breadcrumb\":{\"@id\":\"https:\/\/last-chance.dk\/?product=hukommelsesskum-og-lommespring-madras-azzurra-160x200x21cm#breadcrumb\"},\"inLanguage\":\"da-DK\",\"potentialAction\":[{\"@type\":\"ReadAction\",\"target\":[\"https:\/\/last-chance.dk\/?product=hukommelsesskum-og-lommespring-madras-azzurra-160x200x21cm\"]}]},{\"@type\":\"ImageObject\",\"inLanguage\":\"da-DK\",\"@id\":\"https:\/\/last-chance.dk\/?product=hukommelsesskum-og-lommespring-madras-azzurra-160x200x21cm#primaryimage\",\"url\":\"https:\/\/last-chance.dk\/wp-content\/uploads\/2025\/01\/relax_memory.jpg\",\"contentUrl\":\"https:\/\/last-chance.dk\/wp-content\/uploads\/2025\/01\/relax_memory.jpg\",\"width\":1364,\"height\":600},{\"@type\":\"BreadcrumbList\",\"@id\":\"https:\/\/last-chance.dk\/?product=hukommelsesskum-og-lommespring-madras-azzurra-160x200x21cm#breadcrumb\",\"itemListElement\":[{\"@type\":\"ListItem\",\"position\":1,\"name\":\"Home\",\"item\":\"https:\/\/last-chance.dk\/\"},{\"@type\":\"ListItem\",\"position\":2,\"name\":\"Hukommelsesskum og Lommespring Madras Azzurra 160x200x21cm\"}]},{\"@type\":\"WebSite\",\"@id\":\"https:\/\/last-chance.dk\/#website\",\"url\":\"https:\/\/last-chance.dk\/\",\"name\":\"LASTCHANCE Deals | Danmark\",\"description\":\"LASTCHANCE Deals | Danmark\",\"publisher\":{\"@id\":\"https:\/\/last-chance.dk\/#organization\"},\"potentialAction\":[{\"@type\":\"SearchAction\",\"target\":{\"@type\":\"EntryPoint\",\"urlTemplate\":\"https:\/\/last-chance.dk\/?s={search_term_string}\"},\"query-input\":{\"@type\":\"PropertyValueSpecification\",\"valueRequired\":true,\"valueName\":\"search_term_string\"}}],\"inLanguage\":\"da-DK\"},{\"@type\":\"Organization\",\"@id\":\"https:\/\/last-chance.dk\/#organization\",\"name\":\"LASTCHANCE Deals | Danmark\",\"url\":\"https:\/\/last-chance.dk\/\",\"logo\":{\"@type\":\"ImageObject\",\"inLanguage\":\"da-DK\",\"@id\":\"https:\/\/last-chance.dk\/#\/schema\/logo\/image\/\",\"url\":\"https:\/\/last-chance.dk\/wp-content\/uploads\/2023\/10\/lastchancedeals_logo_dk_white.png\",\"contentUrl\":\"https:\/\/last-chance.dk\/wp-content\/uploads\/2023\/10\/lastchancedeals_logo_dk_white.png\",\"width\":470,\"height\":110,\"caption\":\"LASTCHANCE Deals | Danmark\"},\"image\":{\"@id\":\"https:\/\/last-chance.dk\/#\/schema\/logo\/image\/\"}}]}<\/script>\n<!-- \/ Yoast SEO plugin. -->","yoast_head_json":{"title":"Hukommelsesskum og Lommespring Madras Azzurra 160x200x21cm - LASTCHANCE Deals | Danmark","robots":{"index":"index","follow":"follow","max-snippet":"max-snippet:-1","max-image-preview":"max-image-preview:large","max-video-preview":"max-video-preview:-1"},"canonical":"https:\/\/last-chance.dk\/?product=hukommelsesskum-og-lommespring-madras-azzurra-160x200x21cm","og_locale":"da_DK","og_type":"article","og_title":"Hukommelsesskum og Lommespring Madras Azzurra 160x200x21cm - LASTCHANCE Deals | Danmark","og_description":"Hukommelsesskum og Lommespring Madras Azzurra 160x200x21cm&nbsp;er en medium-bl\u00f8d, vendbar madras med en kerne af 7-zoners pocketfjedre.&nbsp;Denne konstruktion fordeler kroppens v\u00e6gt j\u00e6vnt og giver fremragende ortop\u00e6disk st\u00f8tte, is\u00e6r til de omr\u00e5der, der har mest brug for det. P\u00e5 begge sider af madrassen er der h\u00f8jkvalitets polyuretanskum, et materiale, der ofte anvendes i forskellige sovel\u00f8sninger. P\u00e5 den [&hellip;]","og_url":"https:\/\/last-chance.dk\/?product=hukommelsesskum-og-lommespring-madras-azzurra-160x200x21cm","og_site_name":"LASTCHANCE Deals | Danmark","og_image":[{"width":1364,"height":600,"url":"https:\/\/last-chance.dk\/wp-content\/uploads\/2025\/01\/relax_memory.jpg","type":"image\/jpeg"}],"twitter_card":"summary_large_image","twitter_misc":{"Estimeret l\u00e6setid":"1 minut"},"schema":{"@context":"https:\/\/schema.org","@graph":[{"@type":"WebPage","@id":"https:\/\/last-chance.dk\/?product=hukommelsesskum-og-lommespring-madras-azzurra-160x200x21cm","url":"https:\/\/last-chance.dk\/?product=hukommelsesskum-og-lommespring-madras-azzurra-160x200x21cm","name":"Hukommelsesskum og Lommespring Madras Azzurra 160x200x21cm - LASTCHANCE Deals | Danmark","isPartOf":{"@id":"https:\/\/last-chance.dk\/#website"},"primaryImageOfPage":{"@id":"https:\/\/last-chance.dk\/?product=hukommelsesskum-og-lommespring-madras-azzurra-160x200x21cm#primaryimage"},"image":{"@id":"https:\/\/last-chance.dk\/?product=hukommelsesskum-og-lommespring-madras-azzurra-160x200x21cm#primaryimage"},"thumbnailUrl":"https:\/\/last-chance.dk\/wp-content\/uploads\/2025\/01\/relax_memory.jpg","datePublished":"2025-01-23T10:42:02+00:00","breadcrumb":{"@id":"https:\/\/last-chance.dk\/?product=hukommelsesskum-og-lommespring-madras-azzurra-160x200x21cm#breadcrumb"},"inLanguage":"da-DK","potentialAction":[{"@type":"ReadAction","target":["https:\/\/last-chance.dk\/?product=hukommelsesskum-og-lommespring-madras-azzurra-160x200x21cm"]}]},{"@type":"ImageObject","inLanguage":"da-DK","@id":"https:\/\/last-chance.dk\/?product=hukommelsesskum-og-lommespring-madras-azzurra-160x200x21cm#primaryimage","url":"https:\/\/last-chance.dk\/wp-content\/uploads\/2025\/01\/relax_memory.jpg","contentUrl":"https:\/\/last-chance.dk\/wp-content\/uploads\/2025\/01\/relax_memory.jpg","width":1364,"height":600},{"@type":"BreadcrumbList","@id":"https:\/\/last-chance.dk\/?product=hukommelsesskum-og-lommespring-madras-azzurra-160x200x21cm#breadcrumb","itemListElement":[{"@type":"ListItem","position":1,"name":"Home","item":"https:\/\/last-chance.dk\/"},{"@type":"ListItem","position":2,"name":"Hukommelsesskum og Lommespring Madras Azzurra 160x200x21cm"}]},{"@type":"WebSite","@id":"https:\/\/last-chance.dk\/#website","url":"https:\/\/last-chance.dk\/","name":"LASTCHANCE Deals | Danmark","description":"LASTCHANCE Deals | Danmark","publisher":{"@id":"https:\/\/last-chance.dk\/#organization"},"potentialAction":[{"@type":"SearchAction","target":{"@type":"EntryPoint","urlTemplate":"https:\/\/last-chance.dk\/?s={search_term_string}"},"query-input":{"@type":"PropertyValueSpecification","valueRequired":true,"valueName":"search_term_string"}}],"inLanguage":"da-DK"},{"@type":"Organization","@id":"https:\/\/last-chance.dk\/#organization","name":"LASTCHANCE Deals | Danmark","url":"https:\/\/last-chance.dk\/","logo":{"@type":"ImageObject","inLanguage":"da-DK","@id":"https:\/\/last-chance.dk\/#\/schema\/logo\/image\/","url":"https:\/\/last-chance.dk\/wp-content\/uploads\/2023\/10\/lastchancedeals_logo_dk_white.png","contentUrl":"https:\/\/last-chance.dk\/wp-content\/uploads\/2023\/10\/lastchancedeals_logo_dk_white.png","width":470,"height":110,"caption":"LASTCHANCE Deals | Danmark"},"image":{"@id":"https:\/\/last-chance.dk\/#\/schema\/logo\/image\/"}}]}},"_links":{"self":[{"href":"https:\/\/last-chance.dk\/index.php?rest_route=\/wp\/v2\/product\/15910","targetHints":{"allow":["GET"]}}],"collection":[{"href":"https:\/\/last-chance.dk\/index.php?rest_route=\/wp\/v2\/product"}],"about":[{"href":"https:\/\/last-chance.dk\/index.php?rest_route=\/wp\/v2\/types\/product"}],"replies":[{"embeddable":true,"href":"https:\/\/last-chance.dk\/index.php?rest_route=%2Fwp%2Fv2%2Fcomments&post=15910"}],"wp:featuredmedia":[{"embeddable":true,"href":"https:\/\/last-chance.dk\/index.php?rest_route=\/wp\/v2\/media\/15909"}],"wp:attachment":[{"href":"https:\/\/last-chance.dk\/index.php?rest_route=%2Fwp%2Fv2%2Fmedia&parent=15910"}],"wp:term":[{"taxonomy":"product_brand","embeddable":true,"href":"https:\/\/last-chance.dk\/index.php?rest_route=%2Fwp%2Fv2%2Fproduct_brand&post=15910"},{"taxonomy":"product_cat","embeddable":true,"href":"https:\/\/last-chance.dk\/index.php?rest_route=%2Fwp%2Fv2%2Fproduct_cat&post=15910"},{"taxonomy":"product_tag","embeddable":true,"href":"https:\/\/last-chance.dk\/index.php?rest_route=%2Fwp%2Fv2%2Fproduct_tag&post=15910"}],"curies":[{"name":"wp","href":"https:\/\/api.w.org\/{rel}","templated":true}]}}