{"id":15920,"date":"2025-01-23T10:42:38","date_gmt":"2025-01-23T10:42:38","guid":{"rendered":"https:\/\/www.lastchance.deals\/dk\/produkt\/spring-madras-super-pocket-180x200x18cm\/"},"modified":"2025-01-23T10:42:38","modified_gmt":"2025-01-23T10:42:38","slug":"spring-madras-super-pocket-180x200x18cm","status":"publish","type":"product","link":"https:\/\/last-chance.dk\/?product=spring-madras-super-pocket-180x200x18cm","title":{"rendered":"Spring Madras Super Pocket 180x200x18cm"},"content":{"rendered":"<p>Spring Madras Super Pocket 180x200x18cm&nbsp;er det ideelle valg for dig, der s\u00f8ger en h\u00f8j kvalitets fjeder-madrass til en rimelig pris. Den innovative Pocket-fjederkonstruktion kombineret med elastisk polyurethanskum giver fremragende tilpasningsevne og st\u00f8tter kroppen p\u00e5 den bedst mulige m\u00e5de. Hver fjeder fungerer individuelt, hvilket g\u00f8r, at madrassen tilpasser sig perfekt efter din kropsform og fordeler v\u00e6gten j\u00e6vnt.<\/p>\n<p>Forestil dig en kvalitetsmadrass med stilige dekorative kanter, alt sammen til en fantastisk pris \u2013 det er ikke en dr\u00f8m! Madrassen er designet til at kunne holde til en sovende op til 130 kg. Madrassens tykkelse er 18 cm.<\/p>\n<p>Leveringstid: Leveringstid 1-2 uger<br \/>\nMadras st\u00f8rrelse: 180x200x18cm<br \/>\nMateriale: pocket fjeder<br \/>\nGaranti: 12 m\u00e5neder<br \/>\nFabrikant: LuxCasa<br \/>\nLavet: i EU<\/p>\n","protected":false},"excerpt":{"rendered":"<p>Spring Madras Super Pocket 180x200x18cm&nbsp;er det ideelle valg for dig, der s\u00f8ger en h\u00f8j kvalitets fjeder-madrass til en rimelig pris. Den innovative Pocket-fjederkonstruktion kombineret med elastisk polyurethanskum giver fremragende tilpasningsevne og st\u00f8tter kroppen p\u00e5 den bedst mulige m\u00e5de. Hver fjeder fungerer individuelt, hvilket g\u00f8r, at madrassen tilpasser sig perfekt efter din kropsform og fordeler v\u00e6gten [&hellip;]<\/p>\n","protected":false},"featured_media":15919,"comment_status":"open","ping_status":"closed","template":"","meta":[],"product_brand":[],"product_cat":[303],"product_tag":[],"class_list":{"0":"post-15920","1":"product","2":"type-product","3":"status-publish","4":"has-post-thumbnail","6":"product_cat-spring-mattresses","8":"first","9":"instock","10":"shipping-taxable","11":"purchasable","12":"product-type-simple"},"yoast_head":"<!-- This site is optimized with the Yoast SEO plugin v24.8.1 - https:\/\/yoast.com\/wordpress\/plugins\/seo\/ -->\n<title>Spring Madras Super Pocket 180x200x18cm - LASTCHANCE Deals | Danmark<\/title>\n<meta name=\"robots\" content=\"index, follow, max-snippet:-1, max-image-preview:large, max-video-preview:-1\" \/>\n<link rel=\"canonical\" href=\"https:\/\/last-chance.dk\/?product=spring-madras-super-pocket-180x200x18cm\" \/>\n<meta property=\"og:locale\" content=\"da_DK\" \/>\n<meta property=\"og:type\" content=\"article\" \/>\n<meta property=\"og:title\" content=\"Spring Madras Super Pocket 180x200x18cm - LASTCHANCE Deals | Danmark\" \/>\n<meta property=\"og:description\" content=\"Spring Madras Super Pocket 180x200x18cm&nbsp;er det ideelle valg for dig, der s\u00f8ger en h\u00f8j kvalitets fjeder-madrass til en rimelig pris. Den innovative Pocket-fjederkonstruktion kombineret med elastisk polyurethanskum giver fremragende tilpasningsevne og st\u00f8tter kroppen p\u00e5 den bedst mulige m\u00e5de. Hver fjeder fungerer individuelt, hvilket g\u00f8r, at madrassen tilpasser sig perfekt efter din kropsform og fordeler v\u00e6gten [&hellip;]\" \/>\n<meta property=\"og:url\" content=\"https:\/\/last-chance.dk\/?product=spring-madras-super-pocket-180x200x18cm\" \/>\n<meta property=\"og:site_name\" content=\"LASTCHANCE Deals | Danmark\" \/>\n<meta property=\"og:image\" content=\"https:\/\/last-chance.dk\/wp-content\/uploads\/2025\/01\/super_pocket_1.jpg\" \/>\n\t<meta property=\"og:image:width\" content=\"1364\" \/>\n\t<meta property=\"og:image:height\" content=\"600\" \/>\n\t<meta property=\"og:image:type\" content=\"image\/jpeg\" \/>\n<meta name=\"twitter:card\" content=\"summary_large_image\" \/>\n<meta name=\"twitter:label1\" content=\"Estimeret l\u00e6setid\" \/>\n\t<meta name=\"twitter:data1\" content=\"1 minut\" \/>\n<script type=\"application\/ld+json\" class=\"yoast-schema-graph\">{\"@context\":\"https:\/\/schema.org\",\"@graph\":[{\"@type\":\"WebPage\",\"@id\":\"https:\/\/last-chance.dk\/?product=spring-madras-super-pocket-180x200x18cm\",\"url\":\"https:\/\/last-chance.dk\/?product=spring-madras-super-pocket-180x200x18cm\",\"name\":\"Spring Madras Super Pocket 180x200x18cm - LASTCHANCE Deals | Danmark\",\"isPartOf\":{\"@id\":\"https:\/\/last-chance.dk\/#website\"},\"primaryImageOfPage\":{\"@id\":\"https:\/\/last-chance.dk\/?product=spring-madras-super-pocket-180x200x18cm#primaryimage\"},\"image\":{\"@id\":\"https:\/\/last-chance.dk\/?product=spring-madras-super-pocket-180x200x18cm#primaryimage\"},\"thumbnailUrl\":\"https:\/\/last-chance.dk\/wp-content\/uploads\/2025\/01\/super_pocket_1.jpg\",\"datePublished\":\"2025-01-23T10:42:38+00:00\",\"breadcrumb\":{\"@id\":\"https:\/\/last-chance.dk\/?product=spring-madras-super-pocket-180x200x18cm#breadcrumb\"},\"inLanguage\":\"da-DK\",\"potentialAction\":[{\"@type\":\"ReadAction\",\"target\":[\"https:\/\/last-chance.dk\/?product=spring-madras-super-pocket-180x200x18cm\"]}]},{\"@type\":\"ImageObject\",\"inLanguage\":\"da-DK\",\"@id\":\"https:\/\/last-chance.dk\/?product=spring-madras-super-pocket-180x200x18cm#primaryimage\",\"url\":\"https:\/\/last-chance.dk\/wp-content\/uploads\/2025\/01\/super_pocket_1.jpg\",\"contentUrl\":\"https:\/\/last-chance.dk\/wp-content\/uploads\/2025\/01\/super_pocket_1.jpg\",\"width\":1364,\"height\":600},{\"@type\":\"BreadcrumbList\",\"@id\":\"https:\/\/last-chance.dk\/?product=spring-madras-super-pocket-180x200x18cm#breadcrumb\",\"itemListElement\":[{\"@type\":\"ListItem\",\"position\":1,\"name\":\"Home\",\"item\":\"https:\/\/last-chance.dk\/\"},{\"@type\":\"ListItem\",\"position\":2,\"name\":\"Spring Madras Super Pocket 180x200x18cm\"}]},{\"@type\":\"WebSite\",\"@id\":\"https:\/\/last-chance.dk\/#website\",\"url\":\"https:\/\/last-chance.dk\/\",\"name\":\"LASTCHANCE Deals | Danmark\",\"description\":\"LASTCHANCE Deals | Danmark\",\"publisher\":{\"@id\":\"https:\/\/last-chance.dk\/#organization\"},\"potentialAction\":[{\"@type\":\"SearchAction\",\"target\":{\"@type\":\"EntryPoint\",\"urlTemplate\":\"https:\/\/last-chance.dk\/?s={search_term_string}\"},\"query-input\":{\"@type\":\"PropertyValueSpecification\",\"valueRequired\":true,\"valueName\":\"search_term_string\"}}],\"inLanguage\":\"da-DK\"},{\"@type\":\"Organization\",\"@id\":\"https:\/\/last-chance.dk\/#organization\",\"name\":\"LASTCHANCE Deals | Danmark\",\"url\":\"https:\/\/last-chance.dk\/\",\"logo\":{\"@type\":\"ImageObject\",\"inLanguage\":\"da-DK\",\"@id\":\"https:\/\/last-chance.dk\/#\/schema\/logo\/image\/\",\"url\":\"https:\/\/last-chance.dk\/wp-content\/uploads\/2023\/10\/lastchancedeals_logo_dk_white.png\",\"contentUrl\":\"https:\/\/last-chance.dk\/wp-content\/uploads\/2023\/10\/lastchancedeals_logo_dk_white.png\",\"width\":470,\"height\":110,\"caption\":\"LASTCHANCE Deals | Danmark\"},\"image\":{\"@id\":\"https:\/\/last-chance.dk\/#\/schema\/logo\/image\/\"}}]}<\/script>\n<!-- \/ Yoast SEO plugin. -->","yoast_head_json":{"title":"Spring Madras Super Pocket 180x200x18cm - LASTCHANCE Deals | Danmark","robots":{"index":"index","follow":"follow","max-snippet":"max-snippet:-1","max-image-preview":"max-image-preview:large","max-video-preview":"max-video-preview:-1"},"canonical":"https:\/\/last-chance.dk\/?product=spring-madras-super-pocket-180x200x18cm","og_locale":"da_DK","og_type":"article","og_title":"Spring Madras Super Pocket 180x200x18cm - LASTCHANCE Deals | Danmark","og_description":"Spring Madras Super Pocket 180x200x18cm&nbsp;er det ideelle valg for dig, der s\u00f8ger en h\u00f8j kvalitets fjeder-madrass til en rimelig pris. Den innovative Pocket-fjederkonstruktion kombineret med elastisk polyurethanskum giver fremragende tilpasningsevne og st\u00f8tter kroppen p\u00e5 den bedst mulige m\u00e5de. Hver fjeder fungerer individuelt, hvilket g\u00f8r, at madrassen tilpasser sig perfekt efter din kropsform og fordeler v\u00e6gten [&hellip;]","og_url":"https:\/\/last-chance.dk\/?product=spring-madras-super-pocket-180x200x18cm","og_site_name":"LASTCHANCE Deals | Danmark","og_image":[{"width":1364,"height":600,"url":"https:\/\/last-chance.dk\/wp-content\/uploads\/2025\/01\/super_pocket_1.jpg","type":"image\/jpeg"}],"twitter_card":"summary_large_image","twitter_misc":{"Estimeret l\u00e6setid":"1 minut"},"schema":{"@context":"https:\/\/schema.org","@graph":[{"@type":"WebPage","@id":"https:\/\/last-chance.dk\/?product=spring-madras-super-pocket-180x200x18cm","url":"https:\/\/last-chance.dk\/?product=spring-madras-super-pocket-180x200x18cm","name":"Spring Madras Super Pocket 180x200x18cm - LASTCHANCE Deals | Danmark","isPartOf":{"@id":"https:\/\/last-chance.dk\/#website"},"primaryImageOfPage":{"@id":"https:\/\/last-chance.dk\/?product=spring-madras-super-pocket-180x200x18cm#primaryimage"},"image":{"@id":"https:\/\/last-chance.dk\/?product=spring-madras-super-pocket-180x200x18cm#primaryimage"},"thumbnailUrl":"https:\/\/last-chance.dk\/wp-content\/uploads\/2025\/01\/super_pocket_1.jpg","datePublished":"2025-01-23T10:42:38+00:00","breadcrumb":{"@id":"https:\/\/last-chance.dk\/?product=spring-madras-super-pocket-180x200x18cm#breadcrumb"},"inLanguage":"da-DK","potentialAction":[{"@type":"ReadAction","target":["https:\/\/last-chance.dk\/?product=spring-madras-super-pocket-180x200x18cm"]}]},{"@type":"ImageObject","inLanguage":"da-DK","@id":"https:\/\/last-chance.dk\/?product=spring-madras-super-pocket-180x200x18cm#primaryimage","url":"https:\/\/last-chance.dk\/wp-content\/uploads\/2025\/01\/super_pocket_1.jpg","contentUrl":"https:\/\/last-chance.dk\/wp-content\/uploads\/2025\/01\/super_pocket_1.jpg","width":1364,"height":600},{"@type":"BreadcrumbList","@id":"https:\/\/last-chance.dk\/?product=spring-madras-super-pocket-180x200x18cm#breadcrumb","itemListElement":[{"@type":"ListItem","position":1,"name":"Home","item":"https:\/\/last-chance.dk\/"},{"@type":"ListItem","position":2,"name":"Spring Madras Super Pocket 180x200x18cm"}]},{"@type":"WebSite","@id":"https:\/\/last-chance.dk\/#website","url":"https:\/\/last-chance.dk\/","name":"LASTCHANCE Deals | Danmark","description":"LASTCHANCE Deals | Danmark","publisher":{"@id":"https:\/\/last-chance.dk\/#organization"},"potentialAction":[{"@type":"SearchAction","target":{"@type":"EntryPoint","urlTemplate":"https:\/\/last-chance.dk\/?s={search_term_string}"},"query-input":{"@type":"PropertyValueSpecification","valueRequired":true,"valueName":"search_term_string"}}],"inLanguage":"da-DK"},{"@type":"Organization","@id":"https:\/\/last-chance.dk\/#organization","name":"LASTCHANCE Deals | Danmark","url":"https:\/\/last-chance.dk\/","logo":{"@type":"ImageObject","inLanguage":"da-DK","@id":"https:\/\/last-chance.dk\/#\/schema\/logo\/image\/","url":"https:\/\/last-chance.dk\/wp-content\/uploads\/2023\/10\/lastchancedeals_logo_dk_white.png","contentUrl":"https:\/\/last-chance.dk\/wp-content\/uploads\/2023\/10\/lastchancedeals_logo_dk_white.png","width":470,"height":110,"caption":"LASTCHANCE Deals | Danmark"},"image":{"@id":"https:\/\/last-chance.dk\/#\/schema\/logo\/image\/"}}]}},"_links":{"self":[{"href":"https:\/\/last-chance.dk\/index.php?rest_route=\/wp\/v2\/product\/15920","targetHints":{"allow":["GET"]}}],"collection":[{"href":"https:\/\/last-chance.dk\/index.php?rest_route=\/wp\/v2\/product"}],"about":[{"href":"https:\/\/last-chance.dk\/index.php?rest_route=\/wp\/v2\/types\/product"}],"replies":[{"embeddable":true,"href":"https:\/\/last-chance.dk\/index.php?rest_route=%2Fwp%2Fv2%2Fcomments&post=15920"}],"wp:featuredmedia":[{"embeddable":true,"href":"https:\/\/last-chance.dk\/index.php?rest_route=\/wp\/v2\/media\/15919"}],"wp:attachment":[{"href":"https:\/\/last-chance.dk\/index.php?rest_route=%2Fwp%2Fv2%2Fmedia&parent=15920"}],"wp:term":[{"taxonomy":"product_brand","embeddable":true,"href":"https:\/\/last-chance.dk\/index.php?rest_route=%2Fwp%2Fv2%2Fproduct_brand&post=15920"},{"taxonomy":"product_cat","embeddable":true,"href":"https:\/\/last-chance.dk\/index.php?rest_route=%2Fwp%2Fv2%2Fproduct_cat&post=15920"},{"taxonomy":"product_tag","embeddable":true,"href":"https:\/\/last-chance.dk\/index.php?rest_route=%2Fwp%2Fv2%2Fproduct_tag&post=15920"}],"curies":[{"name":"wp","href":"https:\/\/api.w.org\/{rel}","templated":true}]}}