{"id":15930,"date":"2025-01-28T10:31:35","date_gmt":"2025-01-28T10:31:35","guid":{"rendered":"https:\/\/www.lastchance.deals\/dk\/produkt\/hjoernesovesofa-santorini\/"},"modified":"2025-09-19T17:52:04","modified_gmt":"2025-09-19T17:52:04","slug":"hjoernesovesofa-santorini","status":"publish","type":"product","link":"https:\/\/last-chance.dk\/?product=hjoernesovesofa-santorini","title":{"rendered":"Hj\u00f8rnesovesofa Santorini"},"content":{"rendered":"<p>M\u00f8d den fantastiske <strong>Hj\u00f8rnesovesofa Santorini<\/strong>, produceret af den erfarne og velrenommerede fabrikant <em>LuxCasa<\/em>. Dette pr\u00e6gtige stykke m\u00f8bel er ikke kun sofistikeret i sit design, men er ogs\u00e5 utrolig behagelig takket v\u00e6re h\u00f8j kvalitet materialer og omhyggelig h\u00e5ndv\u00e6rk.<\/p>\n<p><\/p>\n<p>Hver Santorini hj\u00f8rnesovesofa leveres samlet, s\u00e5 du beh\u00f8ver ikke bekymre dig om montering. Din eneste opgave vil v\u00e6re at lade dig selv synke ned i dens dybe, indbydende bl\u00f8dhed. Denne sofa vil give din stue den ekstra dimension af komfort og stil.<\/p>\n<p><\/p>\n<p>Med sin 12 m\u00e5neders rammegaranti kan du v\u00e6re sikker p\u00e5, at din nye sofa er bygget til at holde. Alle vores produkter er h\u00e5ndlavet i EU, hvilket sikrer en h\u00f8j standard p\u00e5 alle niveauer af produktionen. Hver sofaramme er omhyggeligt h\u00e5ndlavet af vores dygtige h\u00e5ndv\u00e6rkere, som har mange \u00e5rs erfaring inden for m\u00f8belproduktion.<\/p>\n<p><\/p>\n<p>Med sin elegante stilkarakteristik og ekstraordin\u00e6re h\u00e5ndv\u00e6rk, vil Santorini hj\u00f8rnesovesofa fra LuxCasa v\u00e6re det perfekte tilf\u00f8jelse til dit hjem. Den er b\u00e5de behagelig og attraktiv, skabt til at tilbyde en endel\u00f8s kilde til komfort og charme i mange \u00e5r frem.<\/p>\n<p><\/p>\n<p>Leveringstid: Leveringstid 1 uge<br \/>\nUdvendige dimensioner: 351x82x190 cm<br \/>\nMontage: leveres samlet<br \/>\nGaranti: 12 m\u00e5neders rammegaranti<br \/>\nLavet: h\u00e5ndlavet i EU<br \/>\nFabrikant: LuxCasa<\/p>\n","protected":false},"excerpt":{"rendered":"<p>M\u00f8d den fantastiske Hj\u00f8rnesovesofa Santorini, produceret af den erfarne og velrenommerede fabrikant LuxCasa. Dette pr\u00e6gtige stykke m\u00f8bel er ikke kun sofistikeret i sit design, men er ogs\u00e5 utrolig behagelig takket v\u00e6re h\u00f8j kvalitet materialer og omhyggelig h\u00e5ndv\u00e6rk. Hver Santorini hj\u00f8rnesovesofa leveres samlet, s\u00e5 du beh\u00f8ver ikke bekymre dig om montering. Din eneste opgave vil v\u00e6re [&hellip;]<\/p>\n","protected":false},"featured_media":15925,"comment_status":"open","ping_status":"closed","template":"","meta":[],"product_brand":[],"product_cat":[146],"product_tag":[],"class_list":{"0":"post-15930","1":"product","2":"type-product","3":"status-publish","4":"has-post-thumbnail","6":"product_cat-sofa-beds","8":"first","9":"instock","10":"shipping-taxable","11":"purchasable","12":"product-type-simple"},"yoast_head":"<!-- This site is optimized with the Yoast SEO plugin v24.8.1 - https:\/\/yoast.com\/wordpress\/plugins\/seo\/ -->\n<title>Hj\u00f8rnesovesofa Santorini - LASTCHANCE Deals | Danmark<\/title>\n<meta name=\"robots\" content=\"index, follow, max-snippet:-1, max-image-preview:large, max-video-preview:-1\" \/>\n<link rel=\"canonical\" href=\"https:\/\/last-chance.dk\/?product=hjoernesovesofa-santorini\" \/>\n<meta property=\"og:locale\" content=\"da_DK\" \/>\n<meta property=\"og:type\" content=\"article\" \/>\n<meta property=\"og:title\" content=\"Hj\u00f8rnesovesofa Santorini - LASTCHANCE Deals | Danmark\" \/>\n<meta property=\"og:description\" content=\"M\u00f8d den fantastiske Hj\u00f8rnesovesofa Santorini, produceret af den erfarne og velrenommerede fabrikant LuxCasa. Dette pr\u00e6gtige stykke m\u00f8bel er ikke kun sofistikeret i sit design, men er ogs\u00e5 utrolig behagelig takket v\u00e6re h\u00f8j kvalitet materialer og omhyggelig h\u00e5ndv\u00e6rk. Hver Santorini hj\u00f8rnesovesofa leveres samlet, s\u00e5 du beh\u00f8ver ikke bekymre dig om montering. Din eneste opgave vil v\u00e6re [&hellip;]\" \/>\n<meta property=\"og:url\" content=\"https:\/\/last-chance.dk\/?product=hjoernesovesofa-santorini\" \/>\n<meta property=\"og:site_name\" content=\"LASTCHANCE Deals | Danmark\" \/>\n<meta property=\"article:modified_time\" content=\"2025-09-19T17:52:04+00:00\" \/>\n<meta property=\"og:image\" content=\"https:\/\/last-chance.dk\/wp-content\/uploads\/2025\/01\/img3_535-1024x700.jpg\" \/>\n\t<meta property=\"og:image:width\" content=\"1024\" \/>\n\t<meta property=\"og:image:height\" content=\"700\" \/>\n\t<meta property=\"og:image:type\" content=\"image\/jpeg\" \/>\n<meta name=\"twitter:card\" content=\"summary_large_image\" \/>\n<meta name=\"twitter:label1\" content=\"Estimeret l\u00e6setid\" \/>\n\t<meta name=\"twitter:data1\" content=\"1 minut\" \/>\n<script type=\"application\/ld+json\" class=\"yoast-schema-graph\">{\"@context\":\"https:\/\/schema.org\",\"@graph\":[{\"@type\":\"WebPage\",\"@id\":\"https:\/\/last-chance.dk\/?product=hjoernesovesofa-santorini\",\"url\":\"https:\/\/last-chance.dk\/?product=hjoernesovesofa-santorini\",\"name\":\"Hj\u00f8rnesovesofa Santorini - LASTCHANCE Deals | Danmark\",\"isPartOf\":{\"@id\":\"https:\/\/last-chance.dk\/#website\"},\"primaryImageOfPage\":{\"@id\":\"https:\/\/last-chance.dk\/?product=hjoernesovesofa-santorini#primaryimage\"},\"image\":{\"@id\":\"https:\/\/last-chance.dk\/?product=hjoernesovesofa-santorini#primaryimage\"},\"thumbnailUrl\":\"https:\/\/last-chance.dk\/wp-content\/uploads\/2025\/01\/img3_535.jpg\",\"datePublished\":\"2025-01-28T10:31:35+00:00\",\"dateModified\":\"2025-09-19T17:52:04+00:00\",\"breadcrumb\":{\"@id\":\"https:\/\/last-chance.dk\/?product=hjoernesovesofa-santorini#breadcrumb\"},\"inLanguage\":\"da-DK\",\"potentialAction\":[{\"@type\":\"ReadAction\",\"target\":[\"https:\/\/last-chance.dk\/?product=hjoernesovesofa-santorini\"]}]},{\"@type\":\"ImageObject\",\"inLanguage\":\"da-DK\",\"@id\":\"https:\/\/last-chance.dk\/?product=hjoernesovesofa-santorini#primaryimage\",\"url\":\"https:\/\/last-chance.dk\/wp-content\/uploads\/2025\/01\/img3_535.jpg\",\"contentUrl\":\"https:\/\/last-chance.dk\/wp-content\/uploads\/2025\/01\/img3_535.jpg\",\"width\":7750,\"height\":5296},{\"@type\":\"BreadcrumbList\",\"@id\":\"https:\/\/last-chance.dk\/?product=hjoernesovesofa-santorini#breadcrumb\",\"itemListElement\":[{\"@type\":\"ListItem\",\"position\":1,\"name\":\"Home\",\"item\":\"https:\/\/last-chance.dk\/\"},{\"@type\":\"ListItem\",\"position\":2,\"name\":\"Hj\u00f8rnesovesofa Santorini\"}]},{\"@type\":\"WebSite\",\"@id\":\"https:\/\/last-chance.dk\/#website\",\"url\":\"https:\/\/last-chance.dk\/\",\"name\":\"LASTCHANCE Deals | Danmark\",\"description\":\"LASTCHANCE Deals | Danmark\",\"publisher\":{\"@id\":\"https:\/\/last-chance.dk\/#organization\"},\"potentialAction\":[{\"@type\":\"SearchAction\",\"target\":{\"@type\":\"EntryPoint\",\"urlTemplate\":\"https:\/\/last-chance.dk\/?s={search_term_string}\"},\"query-input\":{\"@type\":\"PropertyValueSpecification\",\"valueRequired\":true,\"valueName\":\"search_term_string\"}}],\"inLanguage\":\"da-DK\"},{\"@type\":\"Organization\",\"@id\":\"https:\/\/last-chance.dk\/#organization\",\"name\":\"LASTCHANCE Deals | Danmark\",\"url\":\"https:\/\/last-chance.dk\/\",\"logo\":{\"@type\":\"ImageObject\",\"inLanguage\":\"da-DK\",\"@id\":\"https:\/\/last-chance.dk\/#\/schema\/logo\/image\/\",\"url\":\"https:\/\/last-chance.dk\/wp-content\/uploads\/2023\/10\/lastchancedeals_logo_dk_white.png\",\"contentUrl\":\"https:\/\/last-chance.dk\/wp-content\/uploads\/2023\/10\/lastchancedeals_logo_dk_white.png\",\"width\":470,\"height\":110,\"caption\":\"LASTCHANCE Deals | Danmark\"},\"image\":{\"@id\":\"https:\/\/last-chance.dk\/#\/schema\/logo\/image\/\"}}]}<\/script>\n<!-- \/ Yoast SEO plugin. -->","yoast_head_json":{"title":"Hj\u00f8rnesovesofa Santorini - LASTCHANCE Deals | Danmark","robots":{"index":"index","follow":"follow","max-snippet":"max-snippet:-1","max-image-preview":"max-image-preview:large","max-video-preview":"max-video-preview:-1"},"canonical":"https:\/\/last-chance.dk\/?product=hjoernesovesofa-santorini","og_locale":"da_DK","og_type":"article","og_title":"Hj\u00f8rnesovesofa Santorini - LASTCHANCE Deals | Danmark","og_description":"M\u00f8d den fantastiske Hj\u00f8rnesovesofa Santorini, produceret af den erfarne og velrenommerede fabrikant LuxCasa. Dette pr\u00e6gtige stykke m\u00f8bel er ikke kun sofistikeret i sit design, men er ogs\u00e5 utrolig behagelig takket v\u00e6re h\u00f8j kvalitet materialer og omhyggelig h\u00e5ndv\u00e6rk. Hver Santorini hj\u00f8rnesovesofa leveres samlet, s\u00e5 du beh\u00f8ver ikke bekymre dig om montering. Din eneste opgave vil v\u00e6re [&hellip;]","og_url":"https:\/\/last-chance.dk\/?product=hjoernesovesofa-santorini","og_site_name":"LASTCHANCE Deals | Danmark","article_modified_time":"2025-09-19T17:52:04+00:00","og_image":[{"width":1024,"height":700,"url":"https:\/\/last-chance.dk\/wp-content\/uploads\/2025\/01\/img3_535-1024x700.jpg","type":"image\/jpeg"}],"twitter_card":"summary_large_image","twitter_misc":{"Estimeret l\u00e6setid":"1 minut"},"schema":{"@context":"https:\/\/schema.org","@graph":[{"@type":"WebPage","@id":"https:\/\/last-chance.dk\/?product=hjoernesovesofa-santorini","url":"https:\/\/last-chance.dk\/?product=hjoernesovesofa-santorini","name":"Hj\u00f8rnesovesofa Santorini - LASTCHANCE Deals | Danmark","isPartOf":{"@id":"https:\/\/last-chance.dk\/#website"},"primaryImageOfPage":{"@id":"https:\/\/last-chance.dk\/?product=hjoernesovesofa-santorini#primaryimage"},"image":{"@id":"https:\/\/last-chance.dk\/?product=hjoernesovesofa-santorini#primaryimage"},"thumbnailUrl":"https:\/\/last-chance.dk\/wp-content\/uploads\/2025\/01\/img3_535.jpg","datePublished":"2025-01-28T10:31:35+00:00","dateModified":"2025-09-19T17:52:04+00:00","breadcrumb":{"@id":"https:\/\/last-chance.dk\/?product=hjoernesovesofa-santorini#breadcrumb"},"inLanguage":"da-DK","potentialAction":[{"@type":"ReadAction","target":["https:\/\/last-chance.dk\/?product=hjoernesovesofa-santorini"]}]},{"@type":"ImageObject","inLanguage":"da-DK","@id":"https:\/\/last-chance.dk\/?product=hjoernesovesofa-santorini#primaryimage","url":"https:\/\/last-chance.dk\/wp-content\/uploads\/2025\/01\/img3_535.jpg","contentUrl":"https:\/\/last-chance.dk\/wp-content\/uploads\/2025\/01\/img3_535.jpg","width":7750,"height":5296},{"@type":"BreadcrumbList","@id":"https:\/\/last-chance.dk\/?product=hjoernesovesofa-santorini#breadcrumb","itemListElement":[{"@type":"ListItem","position":1,"name":"Home","item":"https:\/\/last-chance.dk\/"},{"@type":"ListItem","position":2,"name":"Hj\u00f8rnesovesofa Santorini"}]},{"@type":"WebSite","@id":"https:\/\/last-chance.dk\/#website","url":"https:\/\/last-chance.dk\/","name":"LASTCHANCE Deals | Danmark","description":"LASTCHANCE Deals | Danmark","publisher":{"@id":"https:\/\/last-chance.dk\/#organization"},"potentialAction":[{"@type":"SearchAction","target":{"@type":"EntryPoint","urlTemplate":"https:\/\/last-chance.dk\/?s={search_term_string}"},"query-input":{"@type":"PropertyValueSpecification","valueRequired":true,"valueName":"search_term_string"}}],"inLanguage":"da-DK"},{"@type":"Organization","@id":"https:\/\/last-chance.dk\/#organization","name":"LASTCHANCE Deals | Danmark","url":"https:\/\/last-chance.dk\/","logo":{"@type":"ImageObject","inLanguage":"da-DK","@id":"https:\/\/last-chance.dk\/#\/schema\/logo\/image\/","url":"https:\/\/last-chance.dk\/wp-content\/uploads\/2023\/10\/lastchancedeals_logo_dk_white.png","contentUrl":"https:\/\/last-chance.dk\/wp-content\/uploads\/2023\/10\/lastchancedeals_logo_dk_white.png","width":470,"height":110,"caption":"LASTCHANCE Deals | Danmark"},"image":{"@id":"https:\/\/last-chance.dk\/#\/schema\/logo\/image\/"}}]}},"_links":{"self":[{"href":"https:\/\/last-chance.dk\/index.php?rest_route=\/wp\/v2\/product\/15930","targetHints":{"allow":["GET"]}}],"collection":[{"href":"https:\/\/last-chance.dk\/index.php?rest_route=\/wp\/v2\/product"}],"about":[{"href":"https:\/\/last-chance.dk\/index.php?rest_route=\/wp\/v2\/types\/product"}],"replies":[{"embeddable":true,"href":"https:\/\/last-chance.dk\/index.php?rest_route=%2Fwp%2Fv2%2Fcomments&post=15930"}],"wp:featuredmedia":[{"embeddable":true,"href":"https:\/\/last-chance.dk\/index.php?rest_route=\/wp\/v2\/media\/15925"}],"wp:attachment":[{"href":"https:\/\/last-chance.dk\/index.php?rest_route=%2Fwp%2Fv2%2Fmedia&parent=15930"}],"wp:term":[{"taxonomy":"product_brand","embeddable":true,"href":"https:\/\/last-chance.dk\/index.php?rest_route=%2Fwp%2Fv2%2Fproduct_brand&post=15930"},{"taxonomy":"product_cat","embeddable":true,"href":"https:\/\/last-chance.dk\/index.php?rest_route=%2Fwp%2Fv2%2Fproduct_cat&post=15930"},{"taxonomy":"product_tag","embeddable":true,"href":"https:\/\/last-chance.dk\/index.php?rest_route=%2Fwp%2Fv2%2Fproduct_tag&post=15930"}],"curies":[{"name":"wp","href":"https:\/\/api.w.org\/{rel}","templated":true}]}}