{"id":15934,"date":"2025-02-03T10:24:57","date_gmt":"2025-02-03T10:24:57","guid":{"rendered":"https:\/\/www.lastchance.deals\/dk\/produkt\/sivbordet-rilassarsi\/"},"modified":"2025-10-13T12:02:29","modified_gmt":"2025-10-13T12:02:29","slug":"sivbordet-rilassarsi","status":"publish","type":"product","link":"https:\/\/last-chance.dk\/?product=sivbordet-rilassarsi","title":{"rendered":"Sivbordet Rilassarsi"},"content":{"rendered":"<p>Sivbordet Rilassarsi fra ForrestDecor er et stilfuldt og praktisk m\u00f8bel. Dette sidetable er ikke kun funktionelt, men ogs\u00e5 en meget elegant del af din hjemmeindretning. De afrundede hj\u00f8rner og den stilfulde design g\u00f8r Rilassarsi-sivbordet til et unikt m\u00f8bel i ethvert rum.<\/p>\n<p>ForrestDecor\u2019s Rilassarsi-sivbord m\u00e5ler 60x80x20 cm, hvilket g\u00f8r det ideelt som l\u00f8sning til sm\u00e5 rum. Det passer nemt ind i ethvert rum, og dets m\u00e5l g\u00f8r det ogs\u00e5 til det perfekte sted at placere b\u00f8ger, dekorative genstande eller endda en lille lampe.<\/p>\n<p>Rilassarsi-sivbordet er produceret af ForrestDecor, som har et st\u00e6rkt ry for at lave kvalitetsm\u00f8bler. Bordet har en 12-m\u00e5neders garanti. Hvis du oplever problemer med bordet inden for denne periode, kan du kontakte ForrestDecor, som vil hj\u00e6lpe med at l\u00f8se eventuelle sp\u00f8rgsm\u00e5l eller problemer.<\/p>\n<p>Dit hjem fortjener det bedste. V\u00e6lg ForrestDecor\u2019s Rilassarsi-sivbord som en kvalitetsforst\u00e6rkning til din hjemmedekoration.<\/p>\n<p><\/p>\n<p>Leveringstid: Leveringstid 1 uge<br \/>\nFarve: ikke angivet<br \/>\nUdvendige dimensioner: 60x80x20 cm<br \/>\nGaranti: 12 m\u00e5neder<br \/>\nLavet: i EU<br \/>\nFabrikant: LuxCasa<\/p>\n","protected":false},"excerpt":{"rendered":"<p>Sivbordet Rilassarsi fra ForrestDecor er et stilfuldt og praktisk m\u00f8bel. Dette sidetable er ikke kun funktionelt, men ogs\u00e5 en meget elegant del af din hjemmeindretning. De afrundede hj\u00f8rner og den stilfulde design g\u00f8r Rilassarsi-sivbordet til et unikt m\u00f8bel i ethvert rum. ForrestDecor\u2019s Rilassarsi-sivbord m\u00e5ler 60x80x20 cm, hvilket g\u00f8r det ideelt som l\u00f8sning til sm\u00e5 rum. [&hellip;]<\/p>\n","protected":false},"featured_media":15931,"comment_status":"open","ping_status":"closed","template":"","meta":[],"product_brand":[],"product_cat":[151],"product_tag":[],"class_list":{"0":"post-15934","1":"product","2":"type-product","3":"status-publish","4":"has-post-thumbnail","6":"product_cat-buffets-sideboards","8":"first","9":"instock","10":"shipping-taxable","11":"purchasable","12":"product-type-simple"},"yoast_head":"<!-- This site is optimized with the Yoast SEO plugin v24.8.1 - https:\/\/yoast.com\/wordpress\/plugins\/seo\/ -->\n<title>Sivbordet Rilassarsi - LASTCHANCE Deals | Danmark<\/title>\n<meta name=\"robots\" content=\"index, follow, max-snippet:-1, max-image-preview:large, max-video-preview:-1\" \/>\n<link rel=\"canonical\" href=\"https:\/\/last-chance.dk\/?product=sivbordet-rilassarsi\" \/>\n<meta property=\"og:locale\" content=\"da_DK\" \/>\n<meta property=\"og:type\" content=\"article\" \/>\n<meta property=\"og:title\" content=\"Sivbordet Rilassarsi - LASTCHANCE Deals | Danmark\" \/>\n<meta property=\"og:description\" content=\"Sivbordet Rilassarsi fra ForrestDecor er et stilfuldt og praktisk m\u00f8bel. Dette sidetable er ikke kun funktionelt, men ogs\u00e5 en meget elegant del af din hjemmeindretning. De afrundede hj\u00f8rner og den stilfulde design g\u00f8r Rilassarsi-sivbordet til et unikt m\u00f8bel i ethvert rum. ForrestDecor\u2019s Rilassarsi-sivbord m\u00e5ler 60x80x20 cm, hvilket g\u00f8r det ideelt som l\u00f8sning til sm\u00e5 rum. [&hellip;]\" \/>\n<meta property=\"og:url\" content=\"https:\/\/last-chance.dk\/?product=sivbordet-rilassarsi\" \/>\n<meta property=\"og:site_name\" content=\"LASTCHANCE Deals | Danmark\" \/>\n<meta property=\"article:modified_time\" content=\"2025-10-13T12:02:29+00:00\" \/>\n<meta property=\"og:image\" content=\"https:\/\/last-chance.dk\/wp-content\/uploads\/2025\/02\/ct-mas-b-be_0-scaled.jpg\" \/>\n\t<meta property=\"og:image:width\" content=\"2560\" \/>\n\t<meta property=\"og:image:height\" content=\"1810\" \/>\n\t<meta property=\"og:image:type\" content=\"image\/jpeg\" \/>\n<meta name=\"twitter:card\" content=\"summary_large_image\" \/>\n<meta name=\"twitter:label1\" content=\"Estimeret l\u00e6setid\" \/>\n\t<meta name=\"twitter:data1\" content=\"1 minut\" \/>\n<script type=\"application\/ld+json\" class=\"yoast-schema-graph\">{\"@context\":\"https:\/\/schema.org\",\"@graph\":[{\"@type\":\"WebPage\",\"@id\":\"https:\/\/last-chance.dk\/?product=sivbordet-rilassarsi\",\"url\":\"https:\/\/last-chance.dk\/?product=sivbordet-rilassarsi\",\"name\":\"Sivbordet Rilassarsi - LASTCHANCE Deals | Danmark\",\"isPartOf\":{\"@id\":\"https:\/\/last-chance.dk\/#website\"},\"primaryImageOfPage\":{\"@id\":\"https:\/\/last-chance.dk\/?product=sivbordet-rilassarsi#primaryimage\"},\"image\":{\"@id\":\"https:\/\/last-chance.dk\/?product=sivbordet-rilassarsi#primaryimage\"},\"thumbnailUrl\":\"https:\/\/last-chance.dk\/wp-content\/uploads\/2025\/02\/ct-mas-b-be_0-scaled.jpg\",\"datePublished\":\"2025-02-03T10:24:57+00:00\",\"dateModified\":\"2025-10-13T12:02:29+00:00\",\"breadcrumb\":{\"@id\":\"https:\/\/last-chance.dk\/?product=sivbordet-rilassarsi#breadcrumb\"},\"inLanguage\":\"da-DK\",\"potentialAction\":[{\"@type\":\"ReadAction\",\"target\":[\"https:\/\/last-chance.dk\/?product=sivbordet-rilassarsi\"]}]},{\"@type\":\"ImageObject\",\"inLanguage\":\"da-DK\",\"@id\":\"https:\/\/last-chance.dk\/?product=sivbordet-rilassarsi#primaryimage\",\"url\":\"https:\/\/last-chance.dk\/wp-content\/uploads\/2025\/02\/ct-mas-b-be_0-scaled.jpg\",\"contentUrl\":\"https:\/\/last-chance.dk\/wp-content\/uploads\/2025\/02\/ct-mas-b-be_0-scaled.jpg\",\"width\":2560,\"height\":1810},{\"@type\":\"BreadcrumbList\",\"@id\":\"https:\/\/last-chance.dk\/?product=sivbordet-rilassarsi#breadcrumb\",\"itemListElement\":[{\"@type\":\"ListItem\",\"position\":1,\"name\":\"Home\",\"item\":\"https:\/\/last-chance.dk\/\"},{\"@type\":\"ListItem\",\"position\":2,\"name\":\"Sivbordet Rilassarsi\"}]},{\"@type\":\"WebSite\",\"@id\":\"https:\/\/last-chance.dk\/#website\",\"url\":\"https:\/\/last-chance.dk\/\",\"name\":\"LASTCHANCE Deals | Danmark\",\"description\":\"LASTCHANCE Deals | Danmark\",\"publisher\":{\"@id\":\"https:\/\/last-chance.dk\/#organization\"},\"potentialAction\":[{\"@type\":\"SearchAction\",\"target\":{\"@type\":\"EntryPoint\",\"urlTemplate\":\"https:\/\/last-chance.dk\/?s={search_term_string}\"},\"query-input\":{\"@type\":\"PropertyValueSpecification\",\"valueRequired\":true,\"valueName\":\"search_term_string\"}}],\"inLanguage\":\"da-DK\"},{\"@type\":\"Organization\",\"@id\":\"https:\/\/last-chance.dk\/#organization\",\"name\":\"LASTCHANCE Deals | Danmark\",\"url\":\"https:\/\/last-chance.dk\/\",\"logo\":{\"@type\":\"ImageObject\",\"inLanguage\":\"da-DK\",\"@id\":\"https:\/\/last-chance.dk\/#\/schema\/logo\/image\/\",\"url\":\"https:\/\/last-chance.dk\/wp-content\/uploads\/2023\/10\/lastchancedeals_logo_dk_white.png\",\"contentUrl\":\"https:\/\/last-chance.dk\/wp-content\/uploads\/2023\/10\/lastchancedeals_logo_dk_white.png\",\"width\":470,\"height\":110,\"caption\":\"LASTCHANCE Deals | Danmark\"},\"image\":{\"@id\":\"https:\/\/last-chance.dk\/#\/schema\/logo\/image\/\"}}]}<\/script>\n<!-- \/ Yoast SEO plugin. -->","yoast_head_json":{"title":"Sivbordet Rilassarsi - LASTCHANCE Deals | Danmark","robots":{"index":"index","follow":"follow","max-snippet":"max-snippet:-1","max-image-preview":"max-image-preview:large","max-video-preview":"max-video-preview:-1"},"canonical":"https:\/\/last-chance.dk\/?product=sivbordet-rilassarsi","og_locale":"da_DK","og_type":"article","og_title":"Sivbordet Rilassarsi - LASTCHANCE Deals | Danmark","og_description":"Sivbordet Rilassarsi fra ForrestDecor er et stilfuldt og praktisk m\u00f8bel. Dette sidetable er ikke kun funktionelt, men ogs\u00e5 en meget elegant del af din hjemmeindretning. De afrundede hj\u00f8rner og den stilfulde design g\u00f8r Rilassarsi-sivbordet til et unikt m\u00f8bel i ethvert rum. ForrestDecor\u2019s Rilassarsi-sivbord m\u00e5ler 60x80x20 cm, hvilket g\u00f8r det ideelt som l\u00f8sning til sm\u00e5 rum. [&hellip;]","og_url":"https:\/\/last-chance.dk\/?product=sivbordet-rilassarsi","og_site_name":"LASTCHANCE Deals | Danmark","article_modified_time":"2025-10-13T12:02:29+00:00","og_image":[{"width":2560,"height":1810,"url":"https:\/\/last-chance.dk\/wp-content\/uploads\/2025\/02\/ct-mas-b-be_0-scaled.jpg","type":"image\/jpeg"}],"twitter_card":"summary_large_image","twitter_misc":{"Estimeret l\u00e6setid":"1 minut"},"schema":{"@context":"https:\/\/schema.org","@graph":[{"@type":"WebPage","@id":"https:\/\/last-chance.dk\/?product=sivbordet-rilassarsi","url":"https:\/\/last-chance.dk\/?product=sivbordet-rilassarsi","name":"Sivbordet Rilassarsi - LASTCHANCE Deals | Danmark","isPartOf":{"@id":"https:\/\/last-chance.dk\/#website"},"primaryImageOfPage":{"@id":"https:\/\/last-chance.dk\/?product=sivbordet-rilassarsi#primaryimage"},"image":{"@id":"https:\/\/last-chance.dk\/?product=sivbordet-rilassarsi#primaryimage"},"thumbnailUrl":"https:\/\/last-chance.dk\/wp-content\/uploads\/2025\/02\/ct-mas-b-be_0-scaled.jpg","datePublished":"2025-02-03T10:24:57+00:00","dateModified":"2025-10-13T12:02:29+00:00","breadcrumb":{"@id":"https:\/\/last-chance.dk\/?product=sivbordet-rilassarsi#breadcrumb"},"inLanguage":"da-DK","potentialAction":[{"@type":"ReadAction","target":["https:\/\/last-chance.dk\/?product=sivbordet-rilassarsi"]}]},{"@type":"ImageObject","inLanguage":"da-DK","@id":"https:\/\/last-chance.dk\/?product=sivbordet-rilassarsi#primaryimage","url":"https:\/\/last-chance.dk\/wp-content\/uploads\/2025\/02\/ct-mas-b-be_0-scaled.jpg","contentUrl":"https:\/\/last-chance.dk\/wp-content\/uploads\/2025\/02\/ct-mas-b-be_0-scaled.jpg","width":2560,"height":1810},{"@type":"BreadcrumbList","@id":"https:\/\/last-chance.dk\/?product=sivbordet-rilassarsi#breadcrumb","itemListElement":[{"@type":"ListItem","position":1,"name":"Home","item":"https:\/\/last-chance.dk\/"},{"@type":"ListItem","position":2,"name":"Sivbordet Rilassarsi"}]},{"@type":"WebSite","@id":"https:\/\/last-chance.dk\/#website","url":"https:\/\/last-chance.dk\/","name":"LASTCHANCE Deals | Danmark","description":"LASTCHANCE Deals | Danmark","publisher":{"@id":"https:\/\/last-chance.dk\/#organization"},"potentialAction":[{"@type":"SearchAction","target":{"@type":"EntryPoint","urlTemplate":"https:\/\/last-chance.dk\/?s={search_term_string}"},"query-input":{"@type":"PropertyValueSpecification","valueRequired":true,"valueName":"search_term_string"}}],"inLanguage":"da-DK"},{"@type":"Organization","@id":"https:\/\/last-chance.dk\/#organization","name":"LASTCHANCE Deals | Danmark","url":"https:\/\/last-chance.dk\/","logo":{"@type":"ImageObject","inLanguage":"da-DK","@id":"https:\/\/last-chance.dk\/#\/schema\/logo\/image\/","url":"https:\/\/last-chance.dk\/wp-content\/uploads\/2023\/10\/lastchancedeals_logo_dk_white.png","contentUrl":"https:\/\/last-chance.dk\/wp-content\/uploads\/2023\/10\/lastchancedeals_logo_dk_white.png","width":470,"height":110,"caption":"LASTCHANCE Deals | Danmark"},"image":{"@id":"https:\/\/last-chance.dk\/#\/schema\/logo\/image\/"}}]}},"_links":{"self":[{"href":"https:\/\/last-chance.dk\/index.php?rest_route=\/wp\/v2\/product\/15934","targetHints":{"allow":["GET"]}}],"collection":[{"href":"https:\/\/last-chance.dk\/index.php?rest_route=\/wp\/v2\/product"}],"about":[{"href":"https:\/\/last-chance.dk\/index.php?rest_route=\/wp\/v2\/types\/product"}],"replies":[{"embeddable":true,"href":"https:\/\/last-chance.dk\/index.php?rest_route=%2Fwp%2Fv2%2Fcomments&post=15934"}],"wp:featuredmedia":[{"embeddable":true,"href":"https:\/\/last-chance.dk\/index.php?rest_route=\/wp\/v2\/media\/15931"}],"wp:attachment":[{"href":"https:\/\/last-chance.dk\/index.php?rest_route=%2Fwp%2Fv2%2Fmedia&parent=15934"}],"wp:term":[{"taxonomy":"product_brand","embeddable":true,"href":"https:\/\/last-chance.dk\/index.php?rest_route=%2Fwp%2Fv2%2Fproduct_brand&post=15934"},{"taxonomy":"product_cat","embeddable":true,"href":"https:\/\/last-chance.dk\/index.php?rest_route=%2Fwp%2Fv2%2Fproduct_cat&post=15934"},{"taxonomy":"product_tag","embeddable":true,"href":"https:\/\/last-chance.dk\/index.php?rest_route=%2Fwp%2Fv2%2Fproduct_tag&post=15934"}],"curies":[{"name":"wp","href":"https:\/\/api.w.org\/{rel}","templated":true}]}}