{"id":6748,"date":"2023-11-06T13:05:27","date_gmt":"2023-11-06T13:05:27","guid":{"rendered":"https:\/\/www.lastchance.deals\/dk\/tuote\/boernesenge-med-madras-og-opbevaringskasse-180x75cm-graciella-moebelpladetrae\/"},"modified":"2025-10-13T11:48:27","modified_gmt":"2025-10-13T11:48:27","slug":"boernesenge-med-madras-og-opbevaringskasse-180x75cm-graciella-moebelpladetrae","status":"publish","type":"product","link":"https:\/\/last-chance.dk\/?product=boernesenge-med-madras-og-opbevaringskasse-180x75cm-graciella-moebelpladetrae","title":{"rendered":"B\u00f8rnesenge med madras og opbevaringskasse 180x75cm Graciella  m\u00f8belplade,tr\u00e6"},"content":{"rendered":"<p>Hvis du leder efter en moderne og praktisk seng til dit barns v\u00e6relse, s\u00e5 er b\u00f8rnesengen Graciella et godt valg. Denne seng er lavet af solidt tr\u00e6 og m\u00f8belplade i h\u00f8j kvalitet, og har en stilfuld design med afrundede kanter og en hvid farve. Sengen har en komfortabel madras inkluderet, som passer til sengest\u00f8rrelsen p\u00e5 180x75cm. Sengen har ogs\u00e5 en smart opbevaringskasse under bunden, hvor du kan gemme dit barns leget\u00f8j, t\u00f8j eller senget\u00f8j. Opbevaringskassen har hjul, s\u00e5 den er nem at tr\u00e6kke ud og ind. Sengen leveres med en lamelbund, som giver god st\u00f8tte og ventilation til madrassen. Sengen skal samles ved levering, men det er ikke sv\u00e6rt med den medf\u00f8lgende vejledning. Sengen har en 12 m\u00e5neders rammegaranti fra fabrikanten LuxCasa, som er en anerkendt producent af b\u00f8rnem\u00f8bler i EU. Bestil b\u00f8rnesengen Graciella i dag, og giv dit barn en dejlig soveplads med masser af plads til opbevaring.<\/p>\n<p><\/p>\n<p>Leveringstid: Leveringstid 1 uge<br \/>\nStil: moderne<br \/>\nMateriale: m\u00f8belplade,tr\u00e6<br \/>\nRammemateriale: solidt tr\u00e6<br \/>\nLamelbund: inkluderet<br \/>\nSengest\u00f8rrelse: 180x75cm<br \/>\nMadras: inkluderet<br \/>\nSenget\u00f8jskasse: inkluderet<br \/>\nUdvendige dimensioner: 80x188x81cm<br \/>\nMontage: skal samles<br \/>\nGaranti: 12 m\u00e5neders rammegaranti<br \/>\nFabrikant: NordNova<br \/>\nFremstillet: i EU<\/p>\n","protected":false},"excerpt":{"rendered":"<p>Hvis du leder efter en moderne og praktisk seng til dit barns v\u00e6relse, s\u00e5 er b\u00f8rnesengen Graciella et godt valg. Denne seng er lavet af solidt tr\u00e6 og m\u00f8belplade i h\u00f8j kvalitet, og har en stilfuld design med afrundede kanter og en hvid farve. Sengen har en komfortabel madras inkluderet, som passer til sengest\u00f8rrelsen p\u00e5 [&hellip;]<\/p>\n","protected":false},"featured_media":6743,"comment_status":"open","ping_status":"closed","template":"","meta":[],"product_brand":[],"product_cat":[128],"product_tag":[],"class_list":{"0":"post-6748","1":"product","2":"type-product","3":"status-publish","4":"has-post-thumbnail","6":"product_cat-childrens-beds","8":"first","9":"instock","10":"shipping-taxable","11":"purchasable","12":"product-type-simple"},"yoast_head":"<!-- This site is optimized with the Yoast SEO plugin v24.8.1 - https:\/\/yoast.com\/wordpress\/plugins\/seo\/ -->\n<title>B\u00f8rnesenge med madras og opbevaringskasse 180x75cm Graciella m\u00f8belplade,tr\u00e6 - LASTCHANCE Deals | Danmark<\/title>\n<meta name=\"robots\" content=\"index, follow, max-snippet:-1, max-image-preview:large, max-video-preview:-1\" \/>\n<link rel=\"canonical\" href=\"https:\/\/last-chance.dk\/?product=boernesenge-med-madras-og-opbevaringskasse-180x75cm-graciella-moebelpladetrae\" \/>\n<meta property=\"og:locale\" content=\"da_DK\" \/>\n<meta property=\"og:type\" content=\"article\" \/>\n<meta property=\"og:title\" content=\"B\u00f8rnesenge med madras og opbevaringskasse 180x75cm Graciella m\u00f8belplade,tr\u00e6 - LASTCHANCE Deals | Danmark\" \/>\n<meta property=\"og:description\" content=\"Hvis du leder efter en moderne og praktisk seng til dit barns v\u00e6relse, s\u00e5 er b\u00f8rnesengen Graciella et godt valg. Denne seng er lavet af solidt tr\u00e6 og m\u00f8belplade i h\u00f8j kvalitet, og har en stilfuld design med afrundede kanter og en hvid farve. Sengen har en komfortabel madras inkluderet, som passer til sengest\u00f8rrelsen p\u00e5 [&hellip;]\" \/>\n<meta property=\"og:url\" content=\"https:\/\/last-chance.dk\/?product=boernesenge-med-madras-og-opbevaringskasse-180x75cm-graciella-moebelpladetrae\" \/>\n<meta property=\"og:site_name\" content=\"LASTCHANCE Deals | Danmark\" \/>\n<meta property=\"article:modified_time\" content=\"2025-10-13T11:48:27+00:00\" \/>\n<meta property=\"og:image\" content=\"https:\/\/last-chance.dk\/wp-content\/uploads\/2023\/11\/pink_2_5.jpg\" \/>\n\t<meta property=\"og:image:width\" content=\"1508\" \/>\n\t<meta property=\"og:image:height\" content=\"1200\" \/>\n\t<meta property=\"og:image:type\" content=\"image\/jpeg\" \/>\n<meta name=\"twitter:card\" content=\"summary_large_image\" \/>\n<meta name=\"twitter:label1\" content=\"Estimeret l\u00e6setid\" \/>\n\t<meta name=\"twitter:data1\" content=\"1 minut\" \/>\n<script type=\"application\/ld+json\" class=\"yoast-schema-graph\">{\"@context\":\"https:\/\/schema.org\",\"@graph\":[{\"@type\":\"WebPage\",\"@id\":\"https:\/\/last-chance.dk\/?product=boernesenge-med-madras-og-opbevaringskasse-180x75cm-graciella-moebelpladetrae\",\"url\":\"https:\/\/last-chance.dk\/?product=boernesenge-med-madras-og-opbevaringskasse-180x75cm-graciella-moebelpladetrae\",\"name\":\"B\u00f8rnesenge med madras og opbevaringskasse 180x75cm Graciella m\u00f8belplade,tr\u00e6 - LASTCHANCE Deals | Danmark\",\"isPartOf\":{\"@id\":\"https:\/\/last-chance.dk\/#website\"},\"primaryImageOfPage\":{\"@id\":\"https:\/\/last-chance.dk\/?product=boernesenge-med-madras-og-opbevaringskasse-180x75cm-graciella-moebelpladetrae#primaryimage\"},\"image\":{\"@id\":\"https:\/\/last-chance.dk\/?product=boernesenge-med-madras-og-opbevaringskasse-180x75cm-graciella-moebelpladetrae#primaryimage\"},\"thumbnailUrl\":\"https:\/\/last-chance.dk\/wp-content\/uploads\/2023\/11\/pink_2_5.jpg\",\"datePublished\":\"2023-11-06T13:05:27+00:00\",\"dateModified\":\"2025-10-13T11:48:27+00:00\",\"breadcrumb\":{\"@id\":\"https:\/\/last-chance.dk\/?product=boernesenge-med-madras-og-opbevaringskasse-180x75cm-graciella-moebelpladetrae#breadcrumb\"},\"inLanguage\":\"da-DK\",\"potentialAction\":[{\"@type\":\"ReadAction\",\"target\":[\"https:\/\/last-chance.dk\/?product=boernesenge-med-madras-og-opbevaringskasse-180x75cm-graciella-moebelpladetrae\"]}]},{\"@type\":\"ImageObject\",\"inLanguage\":\"da-DK\",\"@id\":\"https:\/\/last-chance.dk\/?product=boernesenge-med-madras-og-opbevaringskasse-180x75cm-graciella-moebelpladetrae#primaryimage\",\"url\":\"https:\/\/last-chance.dk\/wp-content\/uploads\/2023\/11\/pink_2_5.jpg\",\"contentUrl\":\"https:\/\/last-chance.dk\/wp-content\/uploads\/2023\/11\/pink_2_5.jpg\",\"width\":1508,\"height\":1200},{\"@type\":\"BreadcrumbList\",\"@id\":\"https:\/\/last-chance.dk\/?product=boernesenge-med-madras-og-opbevaringskasse-180x75cm-graciella-moebelpladetrae#breadcrumb\",\"itemListElement\":[{\"@type\":\"ListItem\",\"position\":1,\"name\":\"Home\",\"item\":\"https:\/\/last-chance.dk\/\"},{\"@type\":\"ListItem\",\"position\":2,\"name\":\"B\u00f8rnesenge med madras og opbevaringskasse 180x75cm Graciella m\u00f8belplade,tr\u00e6\"}]},{\"@type\":\"WebSite\",\"@id\":\"https:\/\/last-chance.dk\/#website\",\"url\":\"https:\/\/last-chance.dk\/\",\"name\":\"LASTCHANCE Deals | Danmark\",\"description\":\"LASTCHANCE Deals | Danmark\",\"publisher\":{\"@id\":\"https:\/\/last-chance.dk\/#organization\"},\"potentialAction\":[{\"@type\":\"SearchAction\",\"target\":{\"@type\":\"EntryPoint\",\"urlTemplate\":\"https:\/\/last-chance.dk\/?s={search_term_string}\"},\"query-input\":{\"@type\":\"PropertyValueSpecification\",\"valueRequired\":true,\"valueName\":\"search_term_string\"}}],\"inLanguage\":\"da-DK\"},{\"@type\":\"Organization\",\"@id\":\"https:\/\/last-chance.dk\/#organization\",\"name\":\"LASTCHANCE Deals | Danmark\",\"url\":\"https:\/\/last-chance.dk\/\",\"logo\":{\"@type\":\"ImageObject\",\"inLanguage\":\"da-DK\",\"@id\":\"https:\/\/last-chance.dk\/#\/schema\/logo\/image\/\",\"url\":\"https:\/\/last-chance.dk\/wp-content\/uploads\/2023\/10\/lastchancedeals_logo_dk_white.png\",\"contentUrl\":\"https:\/\/last-chance.dk\/wp-content\/uploads\/2023\/10\/lastchancedeals_logo_dk_white.png\",\"width\":470,\"height\":110,\"caption\":\"LASTCHANCE Deals | Danmark\"},\"image\":{\"@id\":\"https:\/\/last-chance.dk\/#\/schema\/logo\/image\/\"}}]}<\/script>\n<!-- \/ Yoast SEO plugin. -->","yoast_head_json":{"title":"B\u00f8rnesenge med madras og opbevaringskasse 180x75cm Graciella m\u00f8belplade,tr\u00e6 - LASTCHANCE Deals | Danmark","robots":{"index":"index","follow":"follow","max-snippet":"max-snippet:-1","max-image-preview":"max-image-preview:large","max-video-preview":"max-video-preview:-1"},"canonical":"https:\/\/last-chance.dk\/?product=boernesenge-med-madras-og-opbevaringskasse-180x75cm-graciella-moebelpladetrae","og_locale":"da_DK","og_type":"article","og_title":"B\u00f8rnesenge med madras og opbevaringskasse 180x75cm Graciella m\u00f8belplade,tr\u00e6 - LASTCHANCE Deals | Danmark","og_description":"Hvis du leder efter en moderne og praktisk seng til dit barns v\u00e6relse, s\u00e5 er b\u00f8rnesengen Graciella et godt valg. Denne seng er lavet af solidt tr\u00e6 og m\u00f8belplade i h\u00f8j kvalitet, og har en stilfuld design med afrundede kanter og en hvid farve. Sengen har en komfortabel madras inkluderet, som passer til sengest\u00f8rrelsen p\u00e5 [&hellip;]","og_url":"https:\/\/last-chance.dk\/?product=boernesenge-med-madras-og-opbevaringskasse-180x75cm-graciella-moebelpladetrae","og_site_name":"LASTCHANCE Deals | Danmark","article_modified_time":"2025-10-13T11:48:27+00:00","og_image":[{"width":1508,"height":1200,"url":"https:\/\/last-chance.dk\/wp-content\/uploads\/2023\/11\/pink_2_5.jpg","type":"image\/jpeg"}],"twitter_card":"summary_large_image","twitter_misc":{"Estimeret l\u00e6setid":"1 minut"},"schema":{"@context":"https:\/\/schema.org","@graph":[{"@type":"WebPage","@id":"https:\/\/last-chance.dk\/?product=boernesenge-med-madras-og-opbevaringskasse-180x75cm-graciella-moebelpladetrae","url":"https:\/\/last-chance.dk\/?product=boernesenge-med-madras-og-opbevaringskasse-180x75cm-graciella-moebelpladetrae","name":"B\u00f8rnesenge med madras og opbevaringskasse 180x75cm Graciella m\u00f8belplade,tr\u00e6 - LASTCHANCE Deals | Danmark","isPartOf":{"@id":"https:\/\/last-chance.dk\/#website"},"primaryImageOfPage":{"@id":"https:\/\/last-chance.dk\/?product=boernesenge-med-madras-og-opbevaringskasse-180x75cm-graciella-moebelpladetrae#primaryimage"},"image":{"@id":"https:\/\/last-chance.dk\/?product=boernesenge-med-madras-og-opbevaringskasse-180x75cm-graciella-moebelpladetrae#primaryimage"},"thumbnailUrl":"https:\/\/last-chance.dk\/wp-content\/uploads\/2023\/11\/pink_2_5.jpg","datePublished":"2023-11-06T13:05:27+00:00","dateModified":"2025-10-13T11:48:27+00:00","breadcrumb":{"@id":"https:\/\/last-chance.dk\/?product=boernesenge-med-madras-og-opbevaringskasse-180x75cm-graciella-moebelpladetrae#breadcrumb"},"inLanguage":"da-DK","potentialAction":[{"@type":"ReadAction","target":["https:\/\/last-chance.dk\/?product=boernesenge-med-madras-og-opbevaringskasse-180x75cm-graciella-moebelpladetrae"]}]},{"@type":"ImageObject","inLanguage":"da-DK","@id":"https:\/\/last-chance.dk\/?product=boernesenge-med-madras-og-opbevaringskasse-180x75cm-graciella-moebelpladetrae#primaryimage","url":"https:\/\/last-chance.dk\/wp-content\/uploads\/2023\/11\/pink_2_5.jpg","contentUrl":"https:\/\/last-chance.dk\/wp-content\/uploads\/2023\/11\/pink_2_5.jpg","width":1508,"height":1200},{"@type":"BreadcrumbList","@id":"https:\/\/last-chance.dk\/?product=boernesenge-med-madras-og-opbevaringskasse-180x75cm-graciella-moebelpladetrae#breadcrumb","itemListElement":[{"@type":"ListItem","position":1,"name":"Home","item":"https:\/\/last-chance.dk\/"},{"@type":"ListItem","position":2,"name":"B\u00f8rnesenge med madras og opbevaringskasse 180x75cm Graciella m\u00f8belplade,tr\u00e6"}]},{"@type":"WebSite","@id":"https:\/\/last-chance.dk\/#website","url":"https:\/\/last-chance.dk\/","name":"LASTCHANCE Deals | Danmark","description":"LASTCHANCE Deals | Danmark","publisher":{"@id":"https:\/\/last-chance.dk\/#organization"},"potentialAction":[{"@type":"SearchAction","target":{"@type":"EntryPoint","urlTemplate":"https:\/\/last-chance.dk\/?s={search_term_string}"},"query-input":{"@type":"PropertyValueSpecification","valueRequired":true,"valueName":"search_term_string"}}],"inLanguage":"da-DK"},{"@type":"Organization","@id":"https:\/\/last-chance.dk\/#organization","name":"LASTCHANCE Deals | Danmark","url":"https:\/\/last-chance.dk\/","logo":{"@type":"ImageObject","inLanguage":"da-DK","@id":"https:\/\/last-chance.dk\/#\/schema\/logo\/image\/","url":"https:\/\/last-chance.dk\/wp-content\/uploads\/2023\/10\/lastchancedeals_logo_dk_white.png","contentUrl":"https:\/\/last-chance.dk\/wp-content\/uploads\/2023\/10\/lastchancedeals_logo_dk_white.png","width":470,"height":110,"caption":"LASTCHANCE Deals | Danmark"},"image":{"@id":"https:\/\/last-chance.dk\/#\/schema\/logo\/image\/"}}]}},"_links":{"self":[{"href":"https:\/\/last-chance.dk\/index.php?rest_route=\/wp\/v2\/product\/6748","targetHints":{"allow":["GET"]}}],"collection":[{"href":"https:\/\/last-chance.dk\/index.php?rest_route=\/wp\/v2\/product"}],"about":[{"href":"https:\/\/last-chance.dk\/index.php?rest_route=\/wp\/v2\/types\/product"}],"replies":[{"embeddable":true,"href":"https:\/\/last-chance.dk\/index.php?rest_route=%2Fwp%2Fv2%2Fcomments&post=6748"}],"wp:featuredmedia":[{"embeddable":true,"href":"https:\/\/last-chance.dk\/index.php?rest_route=\/wp\/v2\/media\/6743"}],"wp:attachment":[{"href":"https:\/\/last-chance.dk\/index.php?rest_route=%2Fwp%2Fv2%2Fmedia&parent=6748"}],"wp:term":[{"taxonomy":"product_brand","embeddable":true,"href":"https:\/\/last-chance.dk\/index.php?rest_route=%2Fwp%2Fv2%2Fproduct_brand&post=6748"},{"taxonomy":"product_cat","embeddable":true,"href":"https:\/\/last-chance.dk\/index.php?rest_route=%2Fwp%2Fv2%2Fproduct_cat&post=6748"},{"taxonomy":"product_tag","embeddable":true,"href":"https:\/\/last-chance.dk\/index.php?rest_route=%2Fwp%2Fv2%2Fproduct_tag&post=6748"}],"curies":[{"name":"wp","href":"https:\/\/api.w.org\/{rel}","templated":true}]}}