{"id":6873,"date":"2023-11-06T13:14:52","date_gmt":"2023-11-06T13:14:52","guid":{"rendered":"https:\/\/www.lastchance.deals\/dk\/tuote\/autostol-til-hunde-eller-katte-50x17x55cm-graa-stof\/"},"modified":"2025-03-24T12:54:48","modified_gmt":"2025-03-24T12:54:48","slug":"autostol-til-hunde-eller-katte-50x17x55cm-graa-stof","status":"publish","type":"product","link":"https:\/\/last-chance.dk\/?product=autostol-til-hunde-eller-katte-50x17x55cm-graa-stof","title":{"rendered":"Autostol til hunde eller katte 50x17x55cm gr\u00e5 stof"},"content":{"rendered":"<p>Er du p\u00e5 udkig efter en komfortabel og sikker m\u00e5de at transportere din hund eller kat i bilen? S\u00e5 er denne autostol fra ForrestDecor det perfekte valg for dig. Denne autostol er lavet af bl\u00f8dt og slidst\u00e6rkt stof i en elegant gr\u00e5 farve, der passer til de fleste biler. Den har en dimension p\u00e5 50x17x55cm, s\u00e5 den kan rumme b\u00e5de sm\u00e5 og mellemstore k\u00e6ledyr. Den leveres samlet, s\u00e5 du nemt kan fastg\u00f8re den til dit s\u00e6de med de medf\u00f8lgende stropper. Den har ogs\u00e5 et justerbart sikkerhedsb\u00e6lte, der holder dit k\u00e6ledyr p\u00e5 plads under k\u00f8rslen.<\/p>\n<p><\/p>\n<p>Med denne autostol kan du nyde turen med dit k\u00e6ledyr uden at bekymre dig om dets velbefindende. Du kan ogs\u00e5 spare plads i bagagerummet og undg\u00e5 snavs og h\u00e5r p\u00e5 dit s\u00e6de. Denne autostol er lavet i EU af ForrestDecor, en fabrikant der specialiserer sig i kvalitetsprodukter til k\u00e6ledyr. Bestil din autostol i dag og g\u00f8r din hund eller kat glad.<\/p>\n<p><\/p>\n<p>Leveringstid: Leveringstid 1-2 uger<br \/>\nMateriale: stof<br \/>\nFarve: gr\u00e5<br \/>\nDimensioner: 50x17x55cm<br \/>\nMontage: leveres samlet<br \/>\nFabrikant: ForrestDecor<br \/>\nFremstillet: i EU<\/p>\n","protected":false},"excerpt":{"rendered":"<p>Er du p\u00e5 udkig efter en komfortabel og sikker m\u00e5de at transportere din hund eller kat i bilen? S\u00e5 er denne autostol fra ForrestDecor det perfekte valg for dig. Denne autostol er lavet af bl\u00f8dt og slidst\u00e6rkt stof i en elegant gr\u00e5 farve, der passer til de fleste biler. Den har en dimension p\u00e5 50x17x55cm, [&hellip;]<\/p>\n","protected":false},"featured_media":6868,"comment_status":"open","ping_status":"closed","template":"","meta":[],"product_brand":[],"product_cat":[15],"product_tag":[],"class_list":{"0":"post-6873","1":"product","2":"type-product","3":"status-publish","4":"has-post-thumbnail","6":"product_cat-uncategorized","8":"first","9":"instock","10":"shipping-taxable","11":"purchasable","12":"product-type-simple"},"yoast_head":"<!-- This site is optimized with the Yoast SEO plugin v24.8.1 - https:\/\/yoast.com\/wordpress\/plugins\/seo\/ -->\n<title>Autostol til hunde eller katte 50x17x55cm gr\u00e5 stof - LASTCHANCE Deals | Danmark<\/title>\n<meta name=\"robots\" content=\"index, follow, max-snippet:-1, max-image-preview:large, max-video-preview:-1\" \/>\n<link rel=\"canonical\" href=\"https:\/\/last-chance.dk\/?product=autostol-til-hunde-eller-katte-50x17x55cm-graa-stof\" \/>\n<meta property=\"og:locale\" content=\"da_DK\" \/>\n<meta property=\"og:type\" content=\"article\" \/>\n<meta property=\"og:title\" content=\"Autostol til hunde eller katte 50x17x55cm gr\u00e5 stof - LASTCHANCE Deals | Danmark\" \/>\n<meta property=\"og:description\" content=\"Er du p\u00e5 udkig efter en komfortabel og sikker m\u00e5de at transportere din hund eller kat i bilen? S\u00e5 er denne autostol fra ForrestDecor det perfekte valg for dig. Denne autostol er lavet af bl\u00f8dt og slidst\u00e6rkt stof i en elegant gr\u00e5 farve, der passer til de fleste biler. Den har en dimension p\u00e5 50x17x55cm, [&hellip;]\" \/>\n<meta property=\"og:url\" content=\"https:\/\/last-chance.dk\/?product=autostol-til-hunde-eller-katte-50x17x55cm-graa-stof\" \/>\n<meta property=\"og:site_name\" content=\"LASTCHANCE Deals | Danmark\" \/>\n<meta property=\"article:modified_time\" content=\"2025-03-24T12:54:48+00:00\" \/>\n<meta property=\"og:image\" content=\"https:\/\/last-chance.dk\/wp-content\/uploads\/2023\/11\/grey1_3_1.jpg\" \/>\n\t<meta property=\"og:image:width\" content=\"1200\" \/>\n\t<meta property=\"og:image:height\" content=\"675\" \/>\n\t<meta property=\"og:image:type\" content=\"image\/jpeg\" \/>\n<meta name=\"twitter:card\" content=\"summary_large_image\" \/>\n<meta name=\"twitter:label1\" content=\"Estimeret l\u00e6setid\" \/>\n\t<meta name=\"twitter:data1\" content=\"1 minut\" \/>\n<script type=\"application\/ld+json\" class=\"yoast-schema-graph\">{\"@context\":\"https:\/\/schema.org\",\"@graph\":[{\"@type\":\"WebPage\",\"@id\":\"https:\/\/last-chance.dk\/?product=autostol-til-hunde-eller-katte-50x17x55cm-graa-stof\",\"url\":\"https:\/\/last-chance.dk\/?product=autostol-til-hunde-eller-katte-50x17x55cm-graa-stof\",\"name\":\"Autostol til hunde eller katte 50x17x55cm gr\u00e5 stof - LASTCHANCE Deals | Danmark\",\"isPartOf\":{\"@id\":\"https:\/\/last-chance.dk\/#website\"},\"primaryImageOfPage\":{\"@id\":\"https:\/\/last-chance.dk\/?product=autostol-til-hunde-eller-katte-50x17x55cm-graa-stof#primaryimage\"},\"image\":{\"@id\":\"https:\/\/last-chance.dk\/?product=autostol-til-hunde-eller-katte-50x17x55cm-graa-stof#primaryimage\"},\"thumbnailUrl\":\"https:\/\/last-chance.dk\/wp-content\/uploads\/2023\/11\/grey1_3_1.jpg\",\"datePublished\":\"2023-11-06T13:14:52+00:00\",\"dateModified\":\"2025-03-24T12:54:48+00:00\",\"breadcrumb\":{\"@id\":\"https:\/\/last-chance.dk\/?product=autostol-til-hunde-eller-katte-50x17x55cm-graa-stof#breadcrumb\"},\"inLanguage\":\"da-DK\",\"potentialAction\":[{\"@type\":\"ReadAction\",\"target\":[\"https:\/\/last-chance.dk\/?product=autostol-til-hunde-eller-katte-50x17x55cm-graa-stof\"]}]},{\"@type\":\"ImageObject\",\"inLanguage\":\"da-DK\",\"@id\":\"https:\/\/last-chance.dk\/?product=autostol-til-hunde-eller-katte-50x17x55cm-graa-stof#primaryimage\",\"url\":\"https:\/\/last-chance.dk\/wp-content\/uploads\/2023\/11\/grey1_3_1.jpg\",\"contentUrl\":\"https:\/\/last-chance.dk\/wp-content\/uploads\/2023\/11\/grey1_3_1.jpg\",\"width\":1200,\"height\":675},{\"@type\":\"BreadcrumbList\",\"@id\":\"https:\/\/last-chance.dk\/?product=autostol-til-hunde-eller-katte-50x17x55cm-graa-stof#breadcrumb\",\"itemListElement\":[{\"@type\":\"ListItem\",\"position\":1,\"name\":\"Home\",\"item\":\"https:\/\/last-chance.dk\/\"},{\"@type\":\"ListItem\",\"position\":2,\"name\":\"Autostol til hunde eller katte 50x17x55cm gr\u00e5 stof\"}]},{\"@type\":\"WebSite\",\"@id\":\"https:\/\/last-chance.dk\/#website\",\"url\":\"https:\/\/last-chance.dk\/\",\"name\":\"LASTCHANCE Deals | Danmark\",\"description\":\"LASTCHANCE Deals | Danmark\",\"publisher\":{\"@id\":\"https:\/\/last-chance.dk\/#organization\"},\"potentialAction\":[{\"@type\":\"SearchAction\",\"target\":{\"@type\":\"EntryPoint\",\"urlTemplate\":\"https:\/\/last-chance.dk\/?s={search_term_string}\"},\"query-input\":{\"@type\":\"PropertyValueSpecification\",\"valueRequired\":true,\"valueName\":\"search_term_string\"}}],\"inLanguage\":\"da-DK\"},{\"@type\":\"Organization\",\"@id\":\"https:\/\/last-chance.dk\/#organization\",\"name\":\"LASTCHANCE Deals | Danmark\",\"url\":\"https:\/\/last-chance.dk\/\",\"logo\":{\"@type\":\"ImageObject\",\"inLanguage\":\"da-DK\",\"@id\":\"https:\/\/last-chance.dk\/#\/schema\/logo\/image\/\",\"url\":\"https:\/\/last-chance.dk\/wp-content\/uploads\/2023\/10\/lastchancedeals_logo_dk_white.png\",\"contentUrl\":\"https:\/\/last-chance.dk\/wp-content\/uploads\/2023\/10\/lastchancedeals_logo_dk_white.png\",\"width\":470,\"height\":110,\"caption\":\"LASTCHANCE Deals | Danmark\"},\"image\":{\"@id\":\"https:\/\/last-chance.dk\/#\/schema\/logo\/image\/\"}}]}<\/script>\n<!-- \/ Yoast SEO plugin. -->","yoast_head_json":{"title":"Autostol til hunde eller katte 50x17x55cm gr\u00e5 stof - LASTCHANCE Deals | Danmark","robots":{"index":"index","follow":"follow","max-snippet":"max-snippet:-1","max-image-preview":"max-image-preview:large","max-video-preview":"max-video-preview:-1"},"canonical":"https:\/\/last-chance.dk\/?product=autostol-til-hunde-eller-katte-50x17x55cm-graa-stof","og_locale":"da_DK","og_type":"article","og_title":"Autostol til hunde eller katte 50x17x55cm gr\u00e5 stof - LASTCHANCE Deals | Danmark","og_description":"Er du p\u00e5 udkig efter en komfortabel og sikker m\u00e5de at transportere din hund eller kat i bilen? S\u00e5 er denne autostol fra ForrestDecor det perfekte valg for dig. Denne autostol er lavet af bl\u00f8dt og slidst\u00e6rkt stof i en elegant gr\u00e5 farve, der passer til de fleste biler. Den har en dimension p\u00e5 50x17x55cm, [&hellip;]","og_url":"https:\/\/last-chance.dk\/?product=autostol-til-hunde-eller-katte-50x17x55cm-graa-stof","og_site_name":"LASTCHANCE Deals | Danmark","article_modified_time":"2025-03-24T12:54:48+00:00","og_image":[{"width":1200,"height":675,"url":"https:\/\/last-chance.dk\/wp-content\/uploads\/2023\/11\/grey1_3_1.jpg","type":"image\/jpeg"}],"twitter_card":"summary_large_image","twitter_misc":{"Estimeret l\u00e6setid":"1 minut"},"schema":{"@context":"https:\/\/schema.org","@graph":[{"@type":"WebPage","@id":"https:\/\/last-chance.dk\/?product=autostol-til-hunde-eller-katte-50x17x55cm-graa-stof","url":"https:\/\/last-chance.dk\/?product=autostol-til-hunde-eller-katte-50x17x55cm-graa-stof","name":"Autostol til hunde eller katte 50x17x55cm gr\u00e5 stof - LASTCHANCE Deals | Danmark","isPartOf":{"@id":"https:\/\/last-chance.dk\/#website"},"primaryImageOfPage":{"@id":"https:\/\/last-chance.dk\/?product=autostol-til-hunde-eller-katte-50x17x55cm-graa-stof#primaryimage"},"image":{"@id":"https:\/\/last-chance.dk\/?product=autostol-til-hunde-eller-katte-50x17x55cm-graa-stof#primaryimage"},"thumbnailUrl":"https:\/\/last-chance.dk\/wp-content\/uploads\/2023\/11\/grey1_3_1.jpg","datePublished":"2023-11-06T13:14:52+00:00","dateModified":"2025-03-24T12:54:48+00:00","breadcrumb":{"@id":"https:\/\/last-chance.dk\/?product=autostol-til-hunde-eller-katte-50x17x55cm-graa-stof#breadcrumb"},"inLanguage":"da-DK","potentialAction":[{"@type":"ReadAction","target":["https:\/\/last-chance.dk\/?product=autostol-til-hunde-eller-katte-50x17x55cm-graa-stof"]}]},{"@type":"ImageObject","inLanguage":"da-DK","@id":"https:\/\/last-chance.dk\/?product=autostol-til-hunde-eller-katte-50x17x55cm-graa-stof#primaryimage","url":"https:\/\/last-chance.dk\/wp-content\/uploads\/2023\/11\/grey1_3_1.jpg","contentUrl":"https:\/\/last-chance.dk\/wp-content\/uploads\/2023\/11\/grey1_3_1.jpg","width":1200,"height":675},{"@type":"BreadcrumbList","@id":"https:\/\/last-chance.dk\/?product=autostol-til-hunde-eller-katte-50x17x55cm-graa-stof#breadcrumb","itemListElement":[{"@type":"ListItem","position":1,"name":"Home","item":"https:\/\/last-chance.dk\/"},{"@type":"ListItem","position":2,"name":"Autostol til hunde eller katte 50x17x55cm gr\u00e5 stof"}]},{"@type":"WebSite","@id":"https:\/\/last-chance.dk\/#website","url":"https:\/\/last-chance.dk\/","name":"LASTCHANCE Deals | Danmark","description":"LASTCHANCE Deals | Danmark","publisher":{"@id":"https:\/\/last-chance.dk\/#organization"},"potentialAction":[{"@type":"SearchAction","target":{"@type":"EntryPoint","urlTemplate":"https:\/\/last-chance.dk\/?s={search_term_string}"},"query-input":{"@type":"PropertyValueSpecification","valueRequired":true,"valueName":"search_term_string"}}],"inLanguage":"da-DK"},{"@type":"Organization","@id":"https:\/\/last-chance.dk\/#organization","name":"LASTCHANCE Deals | Danmark","url":"https:\/\/last-chance.dk\/","logo":{"@type":"ImageObject","inLanguage":"da-DK","@id":"https:\/\/last-chance.dk\/#\/schema\/logo\/image\/","url":"https:\/\/last-chance.dk\/wp-content\/uploads\/2023\/10\/lastchancedeals_logo_dk_white.png","contentUrl":"https:\/\/last-chance.dk\/wp-content\/uploads\/2023\/10\/lastchancedeals_logo_dk_white.png","width":470,"height":110,"caption":"LASTCHANCE Deals | Danmark"},"image":{"@id":"https:\/\/last-chance.dk\/#\/schema\/logo\/image\/"}}]}},"_links":{"self":[{"href":"https:\/\/last-chance.dk\/index.php?rest_route=\/wp\/v2\/product\/6873","targetHints":{"allow":["GET"]}}],"collection":[{"href":"https:\/\/last-chance.dk\/index.php?rest_route=\/wp\/v2\/product"}],"about":[{"href":"https:\/\/last-chance.dk\/index.php?rest_route=\/wp\/v2\/types\/product"}],"replies":[{"embeddable":true,"href":"https:\/\/last-chance.dk\/index.php?rest_route=%2Fwp%2Fv2%2Fcomments&post=6873"}],"wp:featuredmedia":[{"embeddable":true,"href":"https:\/\/last-chance.dk\/index.php?rest_route=\/wp\/v2\/media\/6868"}],"wp:attachment":[{"href":"https:\/\/last-chance.dk\/index.php?rest_route=%2Fwp%2Fv2%2Fmedia&parent=6873"}],"wp:term":[{"taxonomy":"product_brand","embeddable":true,"href":"https:\/\/last-chance.dk\/index.php?rest_route=%2Fwp%2Fv2%2Fproduct_brand&post=6873"},{"taxonomy":"product_cat","embeddable":true,"href":"https:\/\/last-chance.dk\/index.php?rest_route=%2Fwp%2Fv2%2Fproduct_cat&post=6873"},{"taxonomy":"product_tag","embeddable":true,"href":"https:\/\/last-chance.dk\/index.php?rest_route=%2Fwp%2Fv2%2Fproduct_tag&post=6873"}],"curies":[{"name":"wp","href":"https:\/\/api.w.org\/{rel}","templated":true}]}}