{"id":6879,"date":"2023-11-06T13:15:07","date_gmt":"2023-11-06T13:15:07","guid":{"rendered":"https:\/\/www.lastchance.deals\/dk\/tuote\/justerbar-kaeledyrsrampe-45x93cm-egetrae-stoftrae\/"},"modified":"2025-09-19T17:59:25","modified_gmt":"2025-09-19T17:59:25","slug":"justerbar-kaeledyrsrampe-45x93cm-egetrae-stoftrae","status":"publish","type":"product","link":"https:\/\/last-chance.dk\/?product=justerbar-kaeledyrsrampe-45x93cm-egetrae-stoftrae","title":{"rendered":"Justerbar k\u00e6ledyrsrampe 45x93cm egetr\u00e6 stof,tr\u00e6"},"content":{"rendered":"<p>Er du p\u00e5 udkig efter en m\u00e5de at g\u00f8re dit k\u00e6ledyrs liv lettere og sjovere? S\u00e5 er denne justerbare k\u00e6ledyrsrampe lige noget for dig! Denne rampe er lavet af stof og tr\u00e6 i en flot egetr\u00e6sfarve, der passer til enhver indretning. Den har en skridsikker overflade, der giver dit k\u00e6ledyr et godt greb, n\u00e5r det g\u00e5r op og ned ad rampen. Rampen er ogs\u00e5 nem at justere i h\u00f8jden, s\u00e5 du kan tilpasse den til dit k\u00e6ledyrs behov og pr\u00e6ferencer. Du kan bruge rampen til at hj\u00e6lpe dit k\u00e6ledyr med at komme op i sofaen, sengen eller bilen, eller bare til at give det mere leg og motion.<\/p>\n<p><\/p>\n<p>Denne k\u00e6ledyrsrampe er lavet af ForrestDecor, en europ\u00e6isk producent af kvalitetsprodukter til k\u00e6ledyr. Rampen leveres samlet, s\u00e5 du ikke beh\u00f8ver at bekymre dig om montering. Den har ogs\u00e5 et praktisk h\u00e5ndtag, s\u00e5 du nemt kan flytte den rundt eller opbevare den. Rampen m\u00e5ler 44 x 6.5 x 93 cm og kan b\u00e6re op til 50 kg. Bestil din k\u00e6ledyrsrampe i dag og fork\u00e6l dit k\u00e6ledyr med en fantastisk gave!<\/p>\n<p><\/p>\n<p>Leveringstid: Leveringstid 1-2 uger<br \/>\nMateriale: stof,tr\u00e6<br \/>\nFarve: egetr\u00e6<br \/>\nDimensioner: 44 x 6.5 x 93CM<br \/>\nBeregnet til: Indend\u00f8rs brug<br \/>\nMontage: leveres samlet<br \/>\nFabrikant: ForrestDecor<br \/>\nFremstillet: i EU<\/p>\n","protected":false},"excerpt":{"rendered":"<p>Er du p\u00e5 udkig efter en m\u00e5de at g\u00f8re dit k\u00e6ledyrs liv lettere og sjovere? S\u00e5 er denne justerbare k\u00e6ledyrsrampe lige noget for dig! Denne rampe er lavet af stof og tr\u00e6 i en flot egetr\u00e6sfarve, der passer til enhver indretning. Den har en skridsikker overflade, der giver dit k\u00e6ledyr et godt greb, n\u00e5r det [&hellip;]<\/p>\n","protected":false},"featured_media":6874,"comment_status":"open","ping_status":"closed","template":"","meta":[],"product_brand":[],"product_cat":[135],"product_tag":[],"class_list":{"0":"post-6879","1":"product","2":"type-product","3":"status-publish","4":"has-post-thumbnail","6":"product_cat-pet-steps-ramps","8":"first","9":"instock","10":"shipping-taxable","11":"purchasable","12":"product-type-simple"},"yoast_head":"<!-- This site is optimized with the Yoast SEO plugin v24.8.1 - https:\/\/yoast.com\/wordpress\/plugins\/seo\/ -->\n<title>Justerbar k\u00e6ledyrsrampe 45x93cm egetr\u00e6 stof,tr\u00e6 - LASTCHANCE Deals | Danmark<\/title>\n<meta name=\"robots\" content=\"index, follow, max-snippet:-1, max-image-preview:large, max-video-preview:-1\" \/>\n<link rel=\"canonical\" href=\"https:\/\/last-chance.dk\/?product=justerbar-kaeledyrsrampe-45x93cm-egetrae-stoftrae\" \/>\n<meta property=\"og:locale\" content=\"da_DK\" \/>\n<meta property=\"og:type\" content=\"article\" \/>\n<meta property=\"og:title\" content=\"Justerbar k\u00e6ledyrsrampe 45x93cm egetr\u00e6 stof,tr\u00e6 - LASTCHANCE Deals | Danmark\" \/>\n<meta property=\"og:description\" content=\"Er du p\u00e5 udkig efter en m\u00e5de at g\u00f8re dit k\u00e6ledyrs liv lettere og sjovere? S\u00e5 er denne justerbare k\u00e6ledyrsrampe lige noget for dig! Denne rampe er lavet af stof og tr\u00e6 i en flot egetr\u00e6sfarve, der passer til enhver indretning. Den har en skridsikker overflade, der giver dit k\u00e6ledyr et godt greb, n\u00e5r det [&hellip;]\" \/>\n<meta property=\"og:url\" content=\"https:\/\/last-chance.dk\/?product=justerbar-kaeledyrsrampe-45x93cm-egetrae-stoftrae\" \/>\n<meta property=\"og:site_name\" content=\"LASTCHANCE Deals | Danmark\" \/>\n<meta property=\"article:modified_time\" content=\"2025-09-19T17:59:25+00:00\" \/>\n<meta property=\"og:image\" content=\"https:\/\/last-chance.dk\/wp-content\/uploads\/2023\/11\/ramppi1.jpg\" \/>\n\t<meta property=\"og:image:width\" content=\"1200\" \/>\n\t<meta property=\"og:image:height\" content=\"800\" \/>\n\t<meta property=\"og:image:type\" content=\"image\/jpeg\" \/>\n<meta name=\"twitter:card\" content=\"summary_large_image\" \/>\n<meta name=\"twitter:label1\" content=\"Estimeret l\u00e6setid\" \/>\n\t<meta name=\"twitter:data1\" content=\"1 minut\" \/>\n<script type=\"application\/ld+json\" class=\"yoast-schema-graph\">{\"@context\":\"https:\/\/schema.org\",\"@graph\":[{\"@type\":\"WebPage\",\"@id\":\"https:\/\/last-chance.dk\/?product=justerbar-kaeledyrsrampe-45x93cm-egetrae-stoftrae\",\"url\":\"https:\/\/last-chance.dk\/?product=justerbar-kaeledyrsrampe-45x93cm-egetrae-stoftrae\",\"name\":\"Justerbar k\u00e6ledyrsrampe 45x93cm egetr\u00e6 stof,tr\u00e6 - LASTCHANCE Deals | Danmark\",\"isPartOf\":{\"@id\":\"https:\/\/last-chance.dk\/#website\"},\"primaryImageOfPage\":{\"@id\":\"https:\/\/last-chance.dk\/?product=justerbar-kaeledyrsrampe-45x93cm-egetrae-stoftrae#primaryimage\"},\"image\":{\"@id\":\"https:\/\/last-chance.dk\/?product=justerbar-kaeledyrsrampe-45x93cm-egetrae-stoftrae#primaryimage\"},\"thumbnailUrl\":\"https:\/\/last-chance.dk\/wp-content\/uploads\/2023\/11\/ramppi1.jpg\",\"datePublished\":\"2023-11-06T13:15:07+00:00\",\"dateModified\":\"2025-09-19T17:59:25+00:00\",\"breadcrumb\":{\"@id\":\"https:\/\/last-chance.dk\/?product=justerbar-kaeledyrsrampe-45x93cm-egetrae-stoftrae#breadcrumb\"},\"inLanguage\":\"da-DK\",\"potentialAction\":[{\"@type\":\"ReadAction\",\"target\":[\"https:\/\/last-chance.dk\/?product=justerbar-kaeledyrsrampe-45x93cm-egetrae-stoftrae\"]}]},{\"@type\":\"ImageObject\",\"inLanguage\":\"da-DK\",\"@id\":\"https:\/\/last-chance.dk\/?product=justerbar-kaeledyrsrampe-45x93cm-egetrae-stoftrae#primaryimage\",\"url\":\"https:\/\/last-chance.dk\/wp-content\/uploads\/2023\/11\/ramppi1.jpg\",\"contentUrl\":\"https:\/\/last-chance.dk\/wp-content\/uploads\/2023\/11\/ramppi1.jpg\",\"width\":1200,\"height\":800},{\"@type\":\"BreadcrumbList\",\"@id\":\"https:\/\/last-chance.dk\/?product=justerbar-kaeledyrsrampe-45x93cm-egetrae-stoftrae#breadcrumb\",\"itemListElement\":[{\"@type\":\"ListItem\",\"position\":1,\"name\":\"Home\",\"item\":\"https:\/\/last-chance.dk\/\"},{\"@type\":\"ListItem\",\"position\":2,\"name\":\"Justerbar k\u00e6ledyrsrampe 45x93cm egetr\u00e6 stof,tr\u00e6\"}]},{\"@type\":\"WebSite\",\"@id\":\"https:\/\/last-chance.dk\/#website\",\"url\":\"https:\/\/last-chance.dk\/\",\"name\":\"LASTCHANCE Deals | Danmark\",\"description\":\"LASTCHANCE Deals | Danmark\",\"publisher\":{\"@id\":\"https:\/\/last-chance.dk\/#organization\"},\"potentialAction\":[{\"@type\":\"SearchAction\",\"target\":{\"@type\":\"EntryPoint\",\"urlTemplate\":\"https:\/\/last-chance.dk\/?s={search_term_string}\"},\"query-input\":{\"@type\":\"PropertyValueSpecification\",\"valueRequired\":true,\"valueName\":\"search_term_string\"}}],\"inLanguage\":\"da-DK\"},{\"@type\":\"Organization\",\"@id\":\"https:\/\/last-chance.dk\/#organization\",\"name\":\"LASTCHANCE Deals | Danmark\",\"url\":\"https:\/\/last-chance.dk\/\",\"logo\":{\"@type\":\"ImageObject\",\"inLanguage\":\"da-DK\",\"@id\":\"https:\/\/last-chance.dk\/#\/schema\/logo\/image\/\",\"url\":\"https:\/\/last-chance.dk\/wp-content\/uploads\/2023\/10\/lastchancedeals_logo_dk_white.png\",\"contentUrl\":\"https:\/\/last-chance.dk\/wp-content\/uploads\/2023\/10\/lastchancedeals_logo_dk_white.png\",\"width\":470,\"height\":110,\"caption\":\"LASTCHANCE Deals | Danmark\"},\"image\":{\"@id\":\"https:\/\/last-chance.dk\/#\/schema\/logo\/image\/\"}}]}<\/script>\n<!-- \/ Yoast SEO plugin. -->","yoast_head_json":{"title":"Justerbar k\u00e6ledyrsrampe 45x93cm egetr\u00e6 stof,tr\u00e6 - LASTCHANCE Deals | Danmark","robots":{"index":"index","follow":"follow","max-snippet":"max-snippet:-1","max-image-preview":"max-image-preview:large","max-video-preview":"max-video-preview:-1"},"canonical":"https:\/\/last-chance.dk\/?product=justerbar-kaeledyrsrampe-45x93cm-egetrae-stoftrae","og_locale":"da_DK","og_type":"article","og_title":"Justerbar k\u00e6ledyrsrampe 45x93cm egetr\u00e6 stof,tr\u00e6 - LASTCHANCE Deals | Danmark","og_description":"Er du p\u00e5 udkig efter en m\u00e5de at g\u00f8re dit k\u00e6ledyrs liv lettere og sjovere? S\u00e5 er denne justerbare k\u00e6ledyrsrampe lige noget for dig! Denne rampe er lavet af stof og tr\u00e6 i en flot egetr\u00e6sfarve, der passer til enhver indretning. Den har en skridsikker overflade, der giver dit k\u00e6ledyr et godt greb, n\u00e5r det [&hellip;]","og_url":"https:\/\/last-chance.dk\/?product=justerbar-kaeledyrsrampe-45x93cm-egetrae-stoftrae","og_site_name":"LASTCHANCE Deals | Danmark","article_modified_time":"2025-09-19T17:59:25+00:00","og_image":[{"width":1200,"height":800,"url":"https:\/\/last-chance.dk\/wp-content\/uploads\/2023\/11\/ramppi1.jpg","type":"image\/jpeg"}],"twitter_card":"summary_large_image","twitter_misc":{"Estimeret l\u00e6setid":"1 minut"},"schema":{"@context":"https:\/\/schema.org","@graph":[{"@type":"WebPage","@id":"https:\/\/last-chance.dk\/?product=justerbar-kaeledyrsrampe-45x93cm-egetrae-stoftrae","url":"https:\/\/last-chance.dk\/?product=justerbar-kaeledyrsrampe-45x93cm-egetrae-stoftrae","name":"Justerbar k\u00e6ledyrsrampe 45x93cm egetr\u00e6 stof,tr\u00e6 - LASTCHANCE Deals | Danmark","isPartOf":{"@id":"https:\/\/last-chance.dk\/#website"},"primaryImageOfPage":{"@id":"https:\/\/last-chance.dk\/?product=justerbar-kaeledyrsrampe-45x93cm-egetrae-stoftrae#primaryimage"},"image":{"@id":"https:\/\/last-chance.dk\/?product=justerbar-kaeledyrsrampe-45x93cm-egetrae-stoftrae#primaryimage"},"thumbnailUrl":"https:\/\/last-chance.dk\/wp-content\/uploads\/2023\/11\/ramppi1.jpg","datePublished":"2023-11-06T13:15:07+00:00","dateModified":"2025-09-19T17:59:25+00:00","breadcrumb":{"@id":"https:\/\/last-chance.dk\/?product=justerbar-kaeledyrsrampe-45x93cm-egetrae-stoftrae#breadcrumb"},"inLanguage":"da-DK","potentialAction":[{"@type":"ReadAction","target":["https:\/\/last-chance.dk\/?product=justerbar-kaeledyrsrampe-45x93cm-egetrae-stoftrae"]}]},{"@type":"ImageObject","inLanguage":"da-DK","@id":"https:\/\/last-chance.dk\/?product=justerbar-kaeledyrsrampe-45x93cm-egetrae-stoftrae#primaryimage","url":"https:\/\/last-chance.dk\/wp-content\/uploads\/2023\/11\/ramppi1.jpg","contentUrl":"https:\/\/last-chance.dk\/wp-content\/uploads\/2023\/11\/ramppi1.jpg","width":1200,"height":800},{"@type":"BreadcrumbList","@id":"https:\/\/last-chance.dk\/?product=justerbar-kaeledyrsrampe-45x93cm-egetrae-stoftrae#breadcrumb","itemListElement":[{"@type":"ListItem","position":1,"name":"Home","item":"https:\/\/last-chance.dk\/"},{"@type":"ListItem","position":2,"name":"Justerbar k\u00e6ledyrsrampe 45x93cm egetr\u00e6 stof,tr\u00e6"}]},{"@type":"WebSite","@id":"https:\/\/last-chance.dk\/#website","url":"https:\/\/last-chance.dk\/","name":"LASTCHANCE Deals | Danmark","description":"LASTCHANCE Deals | Danmark","publisher":{"@id":"https:\/\/last-chance.dk\/#organization"},"potentialAction":[{"@type":"SearchAction","target":{"@type":"EntryPoint","urlTemplate":"https:\/\/last-chance.dk\/?s={search_term_string}"},"query-input":{"@type":"PropertyValueSpecification","valueRequired":true,"valueName":"search_term_string"}}],"inLanguage":"da-DK"},{"@type":"Organization","@id":"https:\/\/last-chance.dk\/#organization","name":"LASTCHANCE Deals | Danmark","url":"https:\/\/last-chance.dk\/","logo":{"@type":"ImageObject","inLanguage":"da-DK","@id":"https:\/\/last-chance.dk\/#\/schema\/logo\/image\/","url":"https:\/\/last-chance.dk\/wp-content\/uploads\/2023\/10\/lastchancedeals_logo_dk_white.png","contentUrl":"https:\/\/last-chance.dk\/wp-content\/uploads\/2023\/10\/lastchancedeals_logo_dk_white.png","width":470,"height":110,"caption":"LASTCHANCE Deals | Danmark"},"image":{"@id":"https:\/\/last-chance.dk\/#\/schema\/logo\/image\/"}}]}},"_links":{"self":[{"href":"https:\/\/last-chance.dk\/index.php?rest_route=\/wp\/v2\/product\/6879","targetHints":{"allow":["GET"]}}],"collection":[{"href":"https:\/\/last-chance.dk\/index.php?rest_route=\/wp\/v2\/product"}],"about":[{"href":"https:\/\/last-chance.dk\/index.php?rest_route=\/wp\/v2\/types\/product"}],"replies":[{"embeddable":true,"href":"https:\/\/last-chance.dk\/index.php?rest_route=%2Fwp%2Fv2%2Fcomments&post=6879"}],"wp:featuredmedia":[{"embeddable":true,"href":"https:\/\/last-chance.dk\/index.php?rest_route=\/wp\/v2\/media\/6874"}],"wp:attachment":[{"href":"https:\/\/last-chance.dk\/index.php?rest_route=%2Fwp%2Fv2%2Fmedia&parent=6879"}],"wp:term":[{"taxonomy":"product_brand","embeddable":true,"href":"https:\/\/last-chance.dk\/index.php?rest_route=%2Fwp%2Fv2%2Fproduct_brand&post=6879"},{"taxonomy":"product_cat","embeddable":true,"href":"https:\/\/last-chance.dk\/index.php?rest_route=%2Fwp%2Fv2%2Fproduct_cat&post=6879"},{"taxonomy":"product_tag","embeddable":true,"href":"https:\/\/last-chance.dk\/index.php?rest_route=%2Fwp%2Fv2%2Fproduct_tag&post=6879"}],"curies":[{"name":"wp","href":"https:\/\/api.w.org\/{rel}","templated":true}]}}