{"id":6884,"date":"2023-11-06T13:15:23","date_gmt":"2023-11-06T13:15:23","guid":{"rendered":"https:\/\/www.lastchance.deals\/dk\/tuote\/barstol-carina\/"},"modified":"2025-09-19T17:16:17","modified_gmt":"2025-09-19T17:16:17","slug":"barstol-carina","status":"publish","type":"product","link":"https:\/\/last-chance.dk\/?product=barstol-carina","title":{"rendered":"Barstol Carina"},"content":{"rendered":"<p>Barstol Carina er en moderne og elegant barstol, der passer perfekt til dit k\u00f8kken eller din hjemmebar. Den har et komfortabelt s\u00e6de og rygl\u00e6n i kunstigt l\u00e6der, der er nemt at reng\u00f8re og vedligeholde. Stolen har ogs\u00e5 en justerbar h\u00f8jde og en drejefod i metal, der giver dig fleksibilitet og stabilitet. Barstol Carina har et stilrent design, der kan kombineres med forskellige indretningsstile. Den f\u00e5s i flere farver, s\u00e5 du kan v\u00e6lge den, der passer bedst til din smag og dit rum.<\/p>\n<p><\/p>\n<p>Barstol Carina kr\u00e6ver enkel montage og leveres med en 12 m\u00e5neders rammegaranti. Den er lavet af kvalitetsmaterialer og produceret af ForrestDecor, en f\u00f8rende fabrikant af m\u00f8bler til hjemmet. Bestil din barstol Carina i dag og nyd den komfort og det udseende, den tilf\u00f8jer til dit hjem.<\/p>\n<p><\/p>\n<p>Leveringstid: Leveringstid 1 uge<br \/>\nStil: moderne<br \/>\nMateriale: kunstigt l\u00e6der,metal<br \/>\nStolens dimensioner: 41&#215;38.5&#215;85-105cm<br \/>\nMontage: skal samles<br \/>\nGaranti: 12 m\u00e5neders rammegaranti<br \/>\nFabrikant: ForrestDecor<\/p>\n","protected":false},"excerpt":{"rendered":"<p>Barstol Carina er en moderne og elegant barstol, der passer perfekt til dit k\u00f8kken eller din hjemmebar. Den har et komfortabelt s\u00e6de og rygl\u00e6n i kunstigt l\u00e6der, der er nemt at reng\u00f8re og vedligeholde. Stolen har ogs\u00e5 en justerbar h\u00f8jde og en drejefod i metal, der giver dig fleksibilitet og stabilitet. Barstol Carina har et [&hellip;]<\/p>\n","protected":false},"featured_media":6880,"comment_status":"open","ping_status":"closed","template":"","meta":[],"product_brand":[],"product_cat":[136],"product_tag":[],"class_list":{"0":"post-6884","1":"product","2":"type-product","3":"status-publish","4":"has-post-thumbnail","6":"product_cat-chairs","8":"first","9":"instock","10":"shipping-taxable","11":"purchasable","12":"product-type-simple"},"yoast_head":"<!-- This site is optimized with the Yoast SEO plugin v24.8.1 - https:\/\/yoast.com\/wordpress\/plugins\/seo\/ -->\n<title>Barstol Carina - LASTCHANCE Deals | Danmark<\/title>\n<meta name=\"robots\" content=\"index, follow, max-snippet:-1, max-image-preview:large, max-video-preview:-1\" \/>\n<link rel=\"canonical\" href=\"https:\/\/last-chance.dk\/?product=barstol-carina\" \/>\n<meta property=\"og:locale\" content=\"da_DK\" \/>\n<meta property=\"og:type\" content=\"article\" \/>\n<meta property=\"og:title\" content=\"Barstol Carina - LASTCHANCE Deals | Danmark\" \/>\n<meta property=\"og:description\" content=\"Barstol Carina er en moderne og elegant barstol, der passer perfekt til dit k\u00f8kken eller din hjemmebar. Den har et komfortabelt s\u00e6de og rygl\u00e6n i kunstigt l\u00e6der, der er nemt at reng\u00f8re og vedligeholde. Stolen har ogs\u00e5 en justerbar h\u00f8jde og en drejefod i metal, der giver dig fleksibilitet og stabilitet. Barstol Carina har et [&hellip;]\" \/>\n<meta property=\"og:url\" content=\"https:\/\/last-chance.dk\/?product=barstol-carina\" \/>\n<meta property=\"og:site_name\" content=\"LASTCHANCE Deals | Danmark\" \/>\n<meta property=\"article:modified_time\" content=\"2025-09-19T17:16:17+00:00\" \/>\n<meta property=\"og:image\" content=\"https:\/\/last-chance.dk\/wp-content\/uploads\/2023\/11\/20180117170909_1.jpg\" \/>\n\t<meta property=\"og:image:width\" content=\"597\" \/>\n\t<meta property=\"og:image:height\" content=\"600\" \/>\n\t<meta property=\"og:image:type\" content=\"image\/jpeg\" \/>\n<meta name=\"twitter:card\" content=\"summary_large_image\" \/>\n<meta name=\"twitter:label1\" content=\"Estimeret l\u00e6setid\" \/>\n\t<meta name=\"twitter:data1\" content=\"1 minut\" \/>\n<script type=\"application\/ld+json\" class=\"yoast-schema-graph\">{\"@context\":\"https:\/\/schema.org\",\"@graph\":[{\"@type\":\"WebPage\",\"@id\":\"https:\/\/last-chance.dk\/?product=barstol-carina\",\"url\":\"https:\/\/last-chance.dk\/?product=barstol-carina\",\"name\":\"Barstol Carina - LASTCHANCE Deals | Danmark\",\"isPartOf\":{\"@id\":\"https:\/\/last-chance.dk\/#website\"},\"primaryImageOfPage\":{\"@id\":\"https:\/\/last-chance.dk\/?product=barstol-carina#primaryimage\"},\"image\":{\"@id\":\"https:\/\/last-chance.dk\/?product=barstol-carina#primaryimage\"},\"thumbnailUrl\":\"https:\/\/last-chance.dk\/wp-content\/uploads\/2023\/11\/20180117170909_1.jpg\",\"datePublished\":\"2023-11-06T13:15:23+00:00\",\"dateModified\":\"2025-09-19T17:16:17+00:00\",\"breadcrumb\":{\"@id\":\"https:\/\/last-chance.dk\/?product=barstol-carina#breadcrumb\"},\"inLanguage\":\"da-DK\",\"potentialAction\":[{\"@type\":\"ReadAction\",\"target\":[\"https:\/\/last-chance.dk\/?product=barstol-carina\"]}]},{\"@type\":\"ImageObject\",\"inLanguage\":\"da-DK\",\"@id\":\"https:\/\/last-chance.dk\/?product=barstol-carina#primaryimage\",\"url\":\"https:\/\/last-chance.dk\/wp-content\/uploads\/2023\/11\/20180117170909_1.jpg\",\"contentUrl\":\"https:\/\/last-chance.dk\/wp-content\/uploads\/2023\/11\/20180117170909_1.jpg\",\"width\":597,\"height\":600},{\"@type\":\"BreadcrumbList\",\"@id\":\"https:\/\/last-chance.dk\/?product=barstol-carina#breadcrumb\",\"itemListElement\":[{\"@type\":\"ListItem\",\"position\":1,\"name\":\"Home\",\"item\":\"https:\/\/last-chance.dk\/\"},{\"@type\":\"ListItem\",\"position\":2,\"name\":\"Barstol Carina\"}]},{\"@type\":\"WebSite\",\"@id\":\"https:\/\/last-chance.dk\/#website\",\"url\":\"https:\/\/last-chance.dk\/\",\"name\":\"LASTCHANCE Deals | Danmark\",\"description\":\"LASTCHANCE Deals | Danmark\",\"publisher\":{\"@id\":\"https:\/\/last-chance.dk\/#organization\"},\"potentialAction\":[{\"@type\":\"SearchAction\",\"target\":{\"@type\":\"EntryPoint\",\"urlTemplate\":\"https:\/\/last-chance.dk\/?s={search_term_string}\"},\"query-input\":{\"@type\":\"PropertyValueSpecification\",\"valueRequired\":true,\"valueName\":\"search_term_string\"}}],\"inLanguage\":\"da-DK\"},{\"@type\":\"Organization\",\"@id\":\"https:\/\/last-chance.dk\/#organization\",\"name\":\"LASTCHANCE Deals | Danmark\",\"url\":\"https:\/\/last-chance.dk\/\",\"logo\":{\"@type\":\"ImageObject\",\"inLanguage\":\"da-DK\",\"@id\":\"https:\/\/last-chance.dk\/#\/schema\/logo\/image\/\",\"url\":\"https:\/\/last-chance.dk\/wp-content\/uploads\/2023\/10\/lastchancedeals_logo_dk_white.png\",\"contentUrl\":\"https:\/\/last-chance.dk\/wp-content\/uploads\/2023\/10\/lastchancedeals_logo_dk_white.png\",\"width\":470,\"height\":110,\"caption\":\"LASTCHANCE Deals | Danmark\"},\"image\":{\"@id\":\"https:\/\/last-chance.dk\/#\/schema\/logo\/image\/\"}}]}<\/script>\n<!-- \/ Yoast SEO plugin. -->","yoast_head_json":{"title":"Barstol Carina - LASTCHANCE Deals | Danmark","robots":{"index":"index","follow":"follow","max-snippet":"max-snippet:-1","max-image-preview":"max-image-preview:large","max-video-preview":"max-video-preview:-1"},"canonical":"https:\/\/last-chance.dk\/?product=barstol-carina","og_locale":"da_DK","og_type":"article","og_title":"Barstol Carina - LASTCHANCE Deals | Danmark","og_description":"Barstol Carina er en moderne og elegant barstol, der passer perfekt til dit k\u00f8kken eller din hjemmebar. Den har et komfortabelt s\u00e6de og rygl\u00e6n i kunstigt l\u00e6der, der er nemt at reng\u00f8re og vedligeholde. Stolen har ogs\u00e5 en justerbar h\u00f8jde og en drejefod i metal, der giver dig fleksibilitet og stabilitet. Barstol Carina har et [&hellip;]","og_url":"https:\/\/last-chance.dk\/?product=barstol-carina","og_site_name":"LASTCHANCE Deals | Danmark","article_modified_time":"2025-09-19T17:16:17+00:00","og_image":[{"width":597,"height":600,"url":"https:\/\/last-chance.dk\/wp-content\/uploads\/2023\/11\/20180117170909_1.jpg","type":"image\/jpeg"}],"twitter_card":"summary_large_image","twitter_misc":{"Estimeret l\u00e6setid":"1 minut"},"schema":{"@context":"https:\/\/schema.org","@graph":[{"@type":"WebPage","@id":"https:\/\/last-chance.dk\/?product=barstol-carina","url":"https:\/\/last-chance.dk\/?product=barstol-carina","name":"Barstol Carina - LASTCHANCE Deals | Danmark","isPartOf":{"@id":"https:\/\/last-chance.dk\/#website"},"primaryImageOfPage":{"@id":"https:\/\/last-chance.dk\/?product=barstol-carina#primaryimage"},"image":{"@id":"https:\/\/last-chance.dk\/?product=barstol-carina#primaryimage"},"thumbnailUrl":"https:\/\/last-chance.dk\/wp-content\/uploads\/2023\/11\/20180117170909_1.jpg","datePublished":"2023-11-06T13:15:23+00:00","dateModified":"2025-09-19T17:16:17+00:00","breadcrumb":{"@id":"https:\/\/last-chance.dk\/?product=barstol-carina#breadcrumb"},"inLanguage":"da-DK","potentialAction":[{"@type":"ReadAction","target":["https:\/\/last-chance.dk\/?product=barstol-carina"]}]},{"@type":"ImageObject","inLanguage":"da-DK","@id":"https:\/\/last-chance.dk\/?product=barstol-carina#primaryimage","url":"https:\/\/last-chance.dk\/wp-content\/uploads\/2023\/11\/20180117170909_1.jpg","contentUrl":"https:\/\/last-chance.dk\/wp-content\/uploads\/2023\/11\/20180117170909_1.jpg","width":597,"height":600},{"@type":"BreadcrumbList","@id":"https:\/\/last-chance.dk\/?product=barstol-carina#breadcrumb","itemListElement":[{"@type":"ListItem","position":1,"name":"Home","item":"https:\/\/last-chance.dk\/"},{"@type":"ListItem","position":2,"name":"Barstol Carina"}]},{"@type":"WebSite","@id":"https:\/\/last-chance.dk\/#website","url":"https:\/\/last-chance.dk\/","name":"LASTCHANCE Deals | Danmark","description":"LASTCHANCE Deals | Danmark","publisher":{"@id":"https:\/\/last-chance.dk\/#organization"},"potentialAction":[{"@type":"SearchAction","target":{"@type":"EntryPoint","urlTemplate":"https:\/\/last-chance.dk\/?s={search_term_string}"},"query-input":{"@type":"PropertyValueSpecification","valueRequired":true,"valueName":"search_term_string"}}],"inLanguage":"da-DK"},{"@type":"Organization","@id":"https:\/\/last-chance.dk\/#organization","name":"LASTCHANCE Deals | Danmark","url":"https:\/\/last-chance.dk\/","logo":{"@type":"ImageObject","inLanguage":"da-DK","@id":"https:\/\/last-chance.dk\/#\/schema\/logo\/image\/","url":"https:\/\/last-chance.dk\/wp-content\/uploads\/2023\/10\/lastchancedeals_logo_dk_white.png","contentUrl":"https:\/\/last-chance.dk\/wp-content\/uploads\/2023\/10\/lastchancedeals_logo_dk_white.png","width":470,"height":110,"caption":"LASTCHANCE Deals | Danmark"},"image":{"@id":"https:\/\/last-chance.dk\/#\/schema\/logo\/image\/"}}]}},"_links":{"self":[{"href":"https:\/\/last-chance.dk\/index.php?rest_route=\/wp\/v2\/product\/6884","targetHints":{"allow":["GET"]}}],"collection":[{"href":"https:\/\/last-chance.dk\/index.php?rest_route=\/wp\/v2\/product"}],"about":[{"href":"https:\/\/last-chance.dk\/index.php?rest_route=\/wp\/v2\/types\/product"}],"replies":[{"embeddable":true,"href":"https:\/\/last-chance.dk\/index.php?rest_route=%2Fwp%2Fv2%2Fcomments&post=6884"}],"wp:featuredmedia":[{"embeddable":true,"href":"https:\/\/last-chance.dk\/index.php?rest_route=\/wp\/v2\/media\/6880"}],"wp:attachment":[{"href":"https:\/\/last-chance.dk\/index.php?rest_route=%2Fwp%2Fv2%2Fmedia&parent=6884"}],"wp:term":[{"taxonomy":"product_brand","embeddable":true,"href":"https:\/\/last-chance.dk\/index.php?rest_route=%2Fwp%2Fv2%2Fproduct_brand&post=6884"},{"taxonomy":"product_cat","embeddable":true,"href":"https:\/\/last-chance.dk\/index.php?rest_route=%2Fwp%2Fv2%2Fproduct_cat&post=6884"},{"taxonomy":"product_tag","embeddable":true,"href":"https:\/\/last-chance.dk\/index.php?rest_route=%2Fwp%2Fv2%2Fproduct_tag&post=6884"}],"curies":[{"name":"wp","href":"https:\/\/api.w.org\/{rel}","templated":true}]}}