{"id":6899,"date":"2023-11-06T13:16:14","date_gmt":"2023-11-06T13:16:14","guid":{"rendered":"https:\/\/www.lastchance.deals\/dk\/tuote\/vaeglampe-caterina-15x23cm-hvid\/"},"modified":"2025-10-13T12:10:29","modified_gmt":"2025-10-13T12:10:29","slug":"vaeglampe-caterina-15x23cm-hvid","status":"publish","type":"product","link":"https:\/\/last-chance.dk\/?product=vaeglampe-caterina-15x23cm-hvid","title":{"rendered":"V\u00e6glampe Caterina 15x23cm hvid"},"content":{"rendered":"<p>Er du p\u00e5 udkig efter en elegant og klassisk v\u00e6glampe til dit hjem? S\u00e5 er v\u00e6glampen Caterina fra ForrestDecor et godt valg. Denne smukke lampe er lavet af glas og metal i en hvid farve, der passer til enhver indretning. Lampen har et tidl\u00f8st design med fine detaljer og en rund sk\u00e6rm, der giver et bl\u00f8dt og hyggeligt lys. Lampen m\u00e5ler 15x23cm og er nem at montere p\u00e5 v\u00e6ggen. Du f\u00e5r ogs\u00e5 12 m\u00e5neders garanti p\u00e5 lampen, s\u00e5 du kan v\u00e6re sikker p\u00e5 dens kvalitet og holdbarhed. V\u00e6glampen Caterina er en perfekt m\u00e5de at skabe stemning og stil i dit hjem.<\/p>\n<p><\/p>\n<p>Leveringstid: Leveringstid 1 uge<br \/>\nStil: klassisk<br \/>\nMateriale: glas,metal<br \/>\nFarve: hvid<br \/>\nLampefatning: E27<br \/>\nLampestik: ikke inkluderet<br \/>\nUdvendige dimensioner: 15x23cm<br \/>\nFabrikant: ForrestDecor<br \/>\nMontage: skal samles<br \/>\nGaranti: 12 m\u00e5neder<\/p>\n","protected":false},"excerpt":{"rendered":"<p>Er du p\u00e5 udkig efter en elegant og klassisk v\u00e6glampe til dit hjem? S\u00e5 er v\u00e6glampen Caterina fra ForrestDecor et godt valg. Denne smukke lampe er lavet af glas og metal i en hvid farve, der passer til enhver indretning. Lampen har et tidl\u00f8st design med fine detaljer og en rund sk\u00e6rm, der giver et [&hellip;]<\/p>\n","protected":false},"featured_media":6897,"comment_status":"open","ping_status":"closed","template":"","meta":[],"product_brand":[],"product_cat":[138],"product_tag":[],"class_list":{"0":"post-6899","1":"product","2":"type-product","3":"status-publish","4":"has-post-thumbnail","6":"product_cat-wall-lights","8":"first","9":"instock","10":"shipping-taxable","11":"purchasable","12":"product-type-simple"},"yoast_head":"<!-- This site is optimized with the Yoast SEO plugin v24.8.1 - https:\/\/yoast.com\/wordpress\/plugins\/seo\/ -->\n<title>V\u00e6glampe Caterina 15x23cm hvid - LASTCHANCE Deals | Danmark<\/title>\n<meta name=\"robots\" content=\"index, follow, max-snippet:-1, max-image-preview:large, max-video-preview:-1\" \/>\n<link rel=\"canonical\" href=\"https:\/\/last-chance.dk\/?product=vaeglampe-caterina-15x23cm-hvid\" \/>\n<meta property=\"og:locale\" content=\"da_DK\" \/>\n<meta property=\"og:type\" content=\"article\" \/>\n<meta property=\"og:title\" content=\"V\u00e6glampe Caterina 15x23cm hvid - LASTCHANCE Deals | Danmark\" \/>\n<meta property=\"og:description\" content=\"Er du p\u00e5 udkig efter en elegant og klassisk v\u00e6glampe til dit hjem? S\u00e5 er v\u00e6glampen Caterina fra ForrestDecor et godt valg. Denne smukke lampe er lavet af glas og metal i en hvid farve, der passer til enhver indretning. Lampen har et tidl\u00f8st design med fine detaljer og en rund sk\u00e6rm, der giver et [&hellip;]\" \/>\n<meta property=\"og:url\" content=\"https:\/\/last-chance.dk\/?product=vaeglampe-caterina-15x23cm-hvid\" \/>\n<meta property=\"og:site_name\" content=\"LASTCHANCE Deals | Danmark\" \/>\n<meta property=\"article:modified_time\" content=\"2025-10-13T12:10:29+00:00\" \/>\n<meta property=\"og:image\" content=\"https:\/\/last-chance.dk\/wp-content\/uploads\/2023\/11\/caterina1.jpg\" \/>\n\t<meta property=\"og:image:width\" content=\"790\" \/>\n\t<meta property=\"og:image:height\" content=\"655\" \/>\n\t<meta property=\"og:image:type\" content=\"image\/jpeg\" \/>\n<meta name=\"twitter:card\" content=\"summary_large_image\" \/>\n<meta name=\"twitter:label1\" content=\"Estimeret l\u00e6setid\" \/>\n\t<meta name=\"twitter:data1\" content=\"1 minut\" \/>\n<script type=\"application\/ld+json\" class=\"yoast-schema-graph\">{\"@context\":\"https:\/\/schema.org\",\"@graph\":[{\"@type\":\"WebPage\",\"@id\":\"https:\/\/last-chance.dk\/?product=vaeglampe-caterina-15x23cm-hvid\",\"url\":\"https:\/\/last-chance.dk\/?product=vaeglampe-caterina-15x23cm-hvid\",\"name\":\"V\u00e6glampe Caterina 15x23cm hvid - LASTCHANCE Deals | Danmark\",\"isPartOf\":{\"@id\":\"https:\/\/last-chance.dk\/#website\"},\"primaryImageOfPage\":{\"@id\":\"https:\/\/last-chance.dk\/?product=vaeglampe-caterina-15x23cm-hvid#primaryimage\"},\"image\":{\"@id\":\"https:\/\/last-chance.dk\/?product=vaeglampe-caterina-15x23cm-hvid#primaryimage\"},\"thumbnailUrl\":\"https:\/\/last-chance.dk\/wp-content\/uploads\/2023\/11\/caterina1.jpg\",\"datePublished\":\"2023-11-06T13:16:14+00:00\",\"dateModified\":\"2025-10-13T12:10:29+00:00\",\"breadcrumb\":{\"@id\":\"https:\/\/last-chance.dk\/?product=vaeglampe-caterina-15x23cm-hvid#breadcrumb\"},\"inLanguage\":\"da-DK\",\"potentialAction\":[{\"@type\":\"ReadAction\",\"target\":[\"https:\/\/last-chance.dk\/?product=vaeglampe-caterina-15x23cm-hvid\"]}]},{\"@type\":\"ImageObject\",\"inLanguage\":\"da-DK\",\"@id\":\"https:\/\/last-chance.dk\/?product=vaeglampe-caterina-15x23cm-hvid#primaryimage\",\"url\":\"https:\/\/last-chance.dk\/wp-content\/uploads\/2023\/11\/caterina1.jpg\",\"contentUrl\":\"https:\/\/last-chance.dk\/wp-content\/uploads\/2023\/11\/caterina1.jpg\",\"width\":790,\"height\":655},{\"@type\":\"BreadcrumbList\",\"@id\":\"https:\/\/last-chance.dk\/?product=vaeglampe-caterina-15x23cm-hvid#breadcrumb\",\"itemListElement\":[{\"@type\":\"ListItem\",\"position\":1,\"name\":\"Home\",\"item\":\"https:\/\/last-chance.dk\/\"},{\"@type\":\"ListItem\",\"position\":2,\"name\":\"V\u00e6glampe Caterina 15x23cm hvid\"}]},{\"@type\":\"WebSite\",\"@id\":\"https:\/\/last-chance.dk\/#website\",\"url\":\"https:\/\/last-chance.dk\/\",\"name\":\"LASTCHANCE Deals | Danmark\",\"description\":\"LASTCHANCE Deals | Danmark\",\"publisher\":{\"@id\":\"https:\/\/last-chance.dk\/#organization\"},\"potentialAction\":[{\"@type\":\"SearchAction\",\"target\":{\"@type\":\"EntryPoint\",\"urlTemplate\":\"https:\/\/last-chance.dk\/?s={search_term_string}\"},\"query-input\":{\"@type\":\"PropertyValueSpecification\",\"valueRequired\":true,\"valueName\":\"search_term_string\"}}],\"inLanguage\":\"da-DK\"},{\"@type\":\"Organization\",\"@id\":\"https:\/\/last-chance.dk\/#organization\",\"name\":\"LASTCHANCE Deals | Danmark\",\"url\":\"https:\/\/last-chance.dk\/\",\"logo\":{\"@type\":\"ImageObject\",\"inLanguage\":\"da-DK\",\"@id\":\"https:\/\/last-chance.dk\/#\/schema\/logo\/image\/\",\"url\":\"https:\/\/last-chance.dk\/wp-content\/uploads\/2023\/10\/lastchancedeals_logo_dk_white.png\",\"contentUrl\":\"https:\/\/last-chance.dk\/wp-content\/uploads\/2023\/10\/lastchancedeals_logo_dk_white.png\",\"width\":470,\"height\":110,\"caption\":\"LASTCHANCE Deals | Danmark\"},\"image\":{\"@id\":\"https:\/\/last-chance.dk\/#\/schema\/logo\/image\/\"}}]}<\/script>\n<!-- \/ Yoast SEO plugin. -->","yoast_head_json":{"title":"V\u00e6glampe Caterina 15x23cm hvid - LASTCHANCE Deals | Danmark","robots":{"index":"index","follow":"follow","max-snippet":"max-snippet:-1","max-image-preview":"max-image-preview:large","max-video-preview":"max-video-preview:-1"},"canonical":"https:\/\/last-chance.dk\/?product=vaeglampe-caterina-15x23cm-hvid","og_locale":"da_DK","og_type":"article","og_title":"V\u00e6glampe Caterina 15x23cm hvid - LASTCHANCE Deals | Danmark","og_description":"Er du p\u00e5 udkig efter en elegant og klassisk v\u00e6glampe til dit hjem? S\u00e5 er v\u00e6glampen Caterina fra ForrestDecor et godt valg. Denne smukke lampe er lavet af glas og metal i en hvid farve, der passer til enhver indretning. Lampen har et tidl\u00f8st design med fine detaljer og en rund sk\u00e6rm, der giver et [&hellip;]","og_url":"https:\/\/last-chance.dk\/?product=vaeglampe-caterina-15x23cm-hvid","og_site_name":"LASTCHANCE Deals | Danmark","article_modified_time":"2025-10-13T12:10:29+00:00","og_image":[{"width":790,"height":655,"url":"https:\/\/last-chance.dk\/wp-content\/uploads\/2023\/11\/caterina1.jpg","type":"image\/jpeg"}],"twitter_card":"summary_large_image","twitter_misc":{"Estimeret l\u00e6setid":"1 minut"},"schema":{"@context":"https:\/\/schema.org","@graph":[{"@type":"WebPage","@id":"https:\/\/last-chance.dk\/?product=vaeglampe-caterina-15x23cm-hvid","url":"https:\/\/last-chance.dk\/?product=vaeglampe-caterina-15x23cm-hvid","name":"V\u00e6glampe Caterina 15x23cm hvid - LASTCHANCE Deals | Danmark","isPartOf":{"@id":"https:\/\/last-chance.dk\/#website"},"primaryImageOfPage":{"@id":"https:\/\/last-chance.dk\/?product=vaeglampe-caterina-15x23cm-hvid#primaryimage"},"image":{"@id":"https:\/\/last-chance.dk\/?product=vaeglampe-caterina-15x23cm-hvid#primaryimage"},"thumbnailUrl":"https:\/\/last-chance.dk\/wp-content\/uploads\/2023\/11\/caterina1.jpg","datePublished":"2023-11-06T13:16:14+00:00","dateModified":"2025-10-13T12:10:29+00:00","breadcrumb":{"@id":"https:\/\/last-chance.dk\/?product=vaeglampe-caterina-15x23cm-hvid#breadcrumb"},"inLanguage":"da-DK","potentialAction":[{"@type":"ReadAction","target":["https:\/\/last-chance.dk\/?product=vaeglampe-caterina-15x23cm-hvid"]}]},{"@type":"ImageObject","inLanguage":"da-DK","@id":"https:\/\/last-chance.dk\/?product=vaeglampe-caterina-15x23cm-hvid#primaryimage","url":"https:\/\/last-chance.dk\/wp-content\/uploads\/2023\/11\/caterina1.jpg","contentUrl":"https:\/\/last-chance.dk\/wp-content\/uploads\/2023\/11\/caterina1.jpg","width":790,"height":655},{"@type":"BreadcrumbList","@id":"https:\/\/last-chance.dk\/?product=vaeglampe-caterina-15x23cm-hvid#breadcrumb","itemListElement":[{"@type":"ListItem","position":1,"name":"Home","item":"https:\/\/last-chance.dk\/"},{"@type":"ListItem","position":2,"name":"V\u00e6glampe Caterina 15x23cm hvid"}]},{"@type":"WebSite","@id":"https:\/\/last-chance.dk\/#website","url":"https:\/\/last-chance.dk\/","name":"LASTCHANCE Deals | Danmark","description":"LASTCHANCE Deals | Danmark","publisher":{"@id":"https:\/\/last-chance.dk\/#organization"},"potentialAction":[{"@type":"SearchAction","target":{"@type":"EntryPoint","urlTemplate":"https:\/\/last-chance.dk\/?s={search_term_string}"},"query-input":{"@type":"PropertyValueSpecification","valueRequired":true,"valueName":"search_term_string"}}],"inLanguage":"da-DK"},{"@type":"Organization","@id":"https:\/\/last-chance.dk\/#organization","name":"LASTCHANCE Deals | Danmark","url":"https:\/\/last-chance.dk\/","logo":{"@type":"ImageObject","inLanguage":"da-DK","@id":"https:\/\/last-chance.dk\/#\/schema\/logo\/image\/","url":"https:\/\/last-chance.dk\/wp-content\/uploads\/2023\/10\/lastchancedeals_logo_dk_white.png","contentUrl":"https:\/\/last-chance.dk\/wp-content\/uploads\/2023\/10\/lastchancedeals_logo_dk_white.png","width":470,"height":110,"caption":"LASTCHANCE Deals | Danmark"},"image":{"@id":"https:\/\/last-chance.dk\/#\/schema\/logo\/image\/"}}]}},"_links":{"self":[{"href":"https:\/\/last-chance.dk\/index.php?rest_route=\/wp\/v2\/product\/6899","targetHints":{"allow":["GET"]}}],"collection":[{"href":"https:\/\/last-chance.dk\/index.php?rest_route=\/wp\/v2\/product"}],"about":[{"href":"https:\/\/last-chance.dk\/index.php?rest_route=\/wp\/v2\/types\/product"}],"replies":[{"embeddable":true,"href":"https:\/\/last-chance.dk\/index.php?rest_route=%2Fwp%2Fv2%2Fcomments&post=6899"}],"wp:featuredmedia":[{"embeddable":true,"href":"https:\/\/last-chance.dk\/index.php?rest_route=\/wp\/v2\/media\/6897"}],"wp:attachment":[{"href":"https:\/\/last-chance.dk\/index.php?rest_route=%2Fwp%2Fv2%2Fmedia&parent=6899"}],"wp:term":[{"taxonomy":"product_brand","embeddable":true,"href":"https:\/\/last-chance.dk\/index.php?rest_route=%2Fwp%2Fv2%2Fproduct_brand&post=6899"},{"taxonomy":"product_cat","embeddable":true,"href":"https:\/\/last-chance.dk\/index.php?rest_route=%2Fwp%2Fv2%2Fproduct_cat&post=6899"},{"taxonomy":"product_tag","embeddable":true,"href":"https:\/\/last-chance.dk\/index.php?rest_route=%2Fwp%2Fv2%2Fproduct_tag&post=6899"}],"curies":[{"name":"wp","href":"https:\/\/api.w.org\/{rel}","templated":true}]}}