{"id":6908,"date":"2023-11-06T13:16:48","date_gmt":"2023-11-06T13:16:48","guid":{"rendered":"https:\/\/www.lastchance.deals\/dk\/tuote\/sengetaeppe-villach-180x220cm-200x230cm-hvid-brun\/"},"modified":"2025-09-19T18:27:04","modified_gmt":"2025-09-19T18:27:04","slug":"sengetaeppe-villach-180x220cm-200x230cm-hvid-brun","status":"publish","type":"product","link":"https:\/\/last-chance.dk\/?product=sengetaeppe-villach-180x220cm-200x230cm-hvid-brun","title":{"rendered":"Senget\u00e6ppe Villach 180x220cm 200x230cm hvid-brun"},"content":{"rendered":"<p>Er du p\u00e5 udkig efter et nyt senget\u00e6ppe til dit sovev\u00e6relse? S\u00e5 er senget\u00e6ppet Villach fra ForrestDecor et godt valg. Dette senget\u00e6ppe er lavet af polyester, som er et bl\u00f8dt og slidst\u00e6rkt materiale, der holder sig p\u00e6nt i lang tid. Senget\u00e6ppet har et moderne design med et hvidt og brunt m\u00f8nster, der passer til mange forskellige indretningsstile. Senget\u00e6ppet f\u00e5s i to st\u00f8rrelser: 180x220cm og 200x230cm, s\u00e5 du kan v\u00e6lge den, der passer bedst til din seng. Senget\u00e6ppet Villach er en nem og elegant m\u00e5de at forny dit sovev\u00e6relse p\u00e5.<\/p>\n<p><\/p>\n<p>Bestil senget\u00e6ppet Villach i dag og nyd den hyggelige stemning, det skaber i dit hjem.<\/p>\n<p><\/p>\n<p>Leveringstid: Leveringstid 1 uge<br \/>\nStil: moderne<br \/>\nMateriale: polyester<br \/>\nFarve: hvid-brun<br \/>\nFabrikant: ForrestDecor<\/p>\n","protected":false},"excerpt":{"rendered":"<p>Er du p\u00e5 udkig efter et nyt senget\u00e6ppe til dit sovev\u00e6relse? S\u00e5 er senget\u00e6ppet Villach fra ForrestDecor et godt valg. Dette senget\u00e6ppe er lavet af polyester, som er et bl\u00f8dt og slidst\u00e6rkt materiale, der holder sig p\u00e6nt i lang tid. Senget\u00e6ppet har et moderne design med et hvidt og brunt m\u00f8nster, der passer til mange [&hellip;]<\/p>\n","protected":false},"featured_media":6904,"comment_status":"open","ping_status":"closed","template":"","meta":[],"product_brand":[],"product_cat":[139],"product_tag":[],"class_list":{"0":"post-6908","1":"product","2":"type-product","3":"status-publish","4":"has-post-thumbnail","6":"product_cat-bedding","8":"first","9":"instock","10":"shipping-taxable","11":"purchasable","12":"product-type-simple"},"yoast_head":"<!-- This site is optimized with the Yoast SEO plugin v24.8.1 - https:\/\/yoast.com\/wordpress\/plugins\/seo\/ -->\n<title>Senget\u00e6ppe Villach 180x220cm 200x230cm hvid-brun - LASTCHANCE Deals | Danmark<\/title>\n<meta name=\"robots\" content=\"index, follow, max-snippet:-1, max-image-preview:large, max-video-preview:-1\" \/>\n<link rel=\"canonical\" href=\"https:\/\/last-chance.dk\/?product=sengetaeppe-villach-180x220cm-200x230cm-hvid-brun\" \/>\n<meta property=\"og:locale\" content=\"da_DK\" \/>\n<meta property=\"og:type\" content=\"article\" \/>\n<meta property=\"og:title\" content=\"Senget\u00e6ppe Villach 180x220cm 200x230cm hvid-brun - LASTCHANCE Deals | Danmark\" \/>\n<meta property=\"og:description\" content=\"Er du p\u00e5 udkig efter et nyt senget\u00e6ppe til dit sovev\u00e6relse? S\u00e5 er senget\u00e6ppet Villach fra ForrestDecor et godt valg. Dette senget\u00e6ppe er lavet af polyester, som er et bl\u00f8dt og slidst\u00e6rkt materiale, der holder sig p\u00e6nt i lang tid. Senget\u00e6ppet har et moderne design med et hvidt og brunt m\u00f8nster, der passer til mange [&hellip;]\" \/>\n<meta property=\"og:url\" content=\"https:\/\/last-chance.dk\/?product=sengetaeppe-villach-180x220cm-200x230cm-hvid-brun\" \/>\n<meta property=\"og:site_name\" content=\"LASTCHANCE Deals | Danmark\" \/>\n<meta property=\"article:modified_time\" content=\"2025-09-19T18:27:04+00:00\" \/>\n<meta property=\"og:image\" content=\"https:\/\/last-chance.dk\/wp-content\/uploads\/2023\/11\/20181214154257_3.jpg\" \/>\n\t<meta property=\"og:image:width\" content=\"384\" \/>\n\t<meta property=\"og:image:height\" content=\"435\" \/>\n\t<meta property=\"og:image:type\" content=\"image\/jpeg\" \/>\n<meta name=\"twitter:card\" content=\"summary_large_image\" \/>\n<meta name=\"twitter:label1\" content=\"Estimeret l\u00e6setid\" \/>\n\t<meta name=\"twitter:data1\" content=\"1 minut\" \/>\n<script type=\"application\/ld+json\" class=\"yoast-schema-graph\">{\"@context\":\"https:\/\/schema.org\",\"@graph\":[{\"@type\":\"WebPage\",\"@id\":\"https:\/\/last-chance.dk\/?product=sengetaeppe-villach-180x220cm-200x230cm-hvid-brun\",\"url\":\"https:\/\/last-chance.dk\/?product=sengetaeppe-villach-180x220cm-200x230cm-hvid-brun\",\"name\":\"Senget\u00e6ppe Villach 180x220cm 200x230cm hvid-brun - LASTCHANCE Deals | Danmark\",\"isPartOf\":{\"@id\":\"https:\/\/last-chance.dk\/#website\"},\"primaryImageOfPage\":{\"@id\":\"https:\/\/last-chance.dk\/?product=sengetaeppe-villach-180x220cm-200x230cm-hvid-brun#primaryimage\"},\"image\":{\"@id\":\"https:\/\/last-chance.dk\/?product=sengetaeppe-villach-180x220cm-200x230cm-hvid-brun#primaryimage\"},\"thumbnailUrl\":\"https:\/\/last-chance.dk\/wp-content\/uploads\/2023\/11\/20181214154257_3.jpg\",\"datePublished\":\"2023-11-06T13:16:48+00:00\",\"dateModified\":\"2025-09-19T18:27:04+00:00\",\"breadcrumb\":{\"@id\":\"https:\/\/last-chance.dk\/?product=sengetaeppe-villach-180x220cm-200x230cm-hvid-brun#breadcrumb\"},\"inLanguage\":\"da-DK\",\"potentialAction\":[{\"@type\":\"ReadAction\",\"target\":[\"https:\/\/last-chance.dk\/?product=sengetaeppe-villach-180x220cm-200x230cm-hvid-brun\"]}]},{\"@type\":\"ImageObject\",\"inLanguage\":\"da-DK\",\"@id\":\"https:\/\/last-chance.dk\/?product=sengetaeppe-villach-180x220cm-200x230cm-hvid-brun#primaryimage\",\"url\":\"https:\/\/last-chance.dk\/wp-content\/uploads\/2023\/11\/20181214154257_3.jpg\",\"contentUrl\":\"https:\/\/last-chance.dk\/wp-content\/uploads\/2023\/11\/20181214154257_3.jpg\",\"width\":384,\"height\":435},{\"@type\":\"BreadcrumbList\",\"@id\":\"https:\/\/last-chance.dk\/?product=sengetaeppe-villach-180x220cm-200x230cm-hvid-brun#breadcrumb\",\"itemListElement\":[{\"@type\":\"ListItem\",\"position\":1,\"name\":\"Home\",\"item\":\"https:\/\/last-chance.dk\/\"},{\"@type\":\"ListItem\",\"position\":2,\"name\":\"Senget\u00e6ppe Villach 180x220cm 200x230cm hvid-brun\"}]},{\"@type\":\"WebSite\",\"@id\":\"https:\/\/last-chance.dk\/#website\",\"url\":\"https:\/\/last-chance.dk\/\",\"name\":\"LASTCHANCE Deals | Danmark\",\"description\":\"LASTCHANCE Deals | Danmark\",\"publisher\":{\"@id\":\"https:\/\/last-chance.dk\/#organization\"},\"potentialAction\":[{\"@type\":\"SearchAction\",\"target\":{\"@type\":\"EntryPoint\",\"urlTemplate\":\"https:\/\/last-chance.dk\/?s={search_term_string}\"},\"query-input\":{\"@type\":\"PropertyValueSpecification\",\"valueRequired\":true,\"valueName\":\"search_term_string\"}}],\"inLanguage\":\"da-DK\"},{\"@type\":\"Organization\",\"@id\":\"https:\/\/last-chance.dk\/#organization\",\"name\":\"LASTCHANCE Deals | Danmark\",\"url\":\"https:\/\/last-chance.dk\/\",\"logo\":{\"@type\":\"ImageObject\",\"inLanguage\":\"da-DK\",\"@id\":\"https:\/\/last-chance.dk\/#\/schema\/logo\/image\/\",\"url\":\"https:\/\/last-chance.dk\/wp-content\/uploads\/2023\/10\/lastchancedeals_logo_dk_white.png\",\"contentUrl\":\"https:\/\/last-chance.dk\/wp-content\/uploads\/2023\/10\/lastchancedeals_logo_dk_white.png\",\"width\":470,\"height\":110,\"caption\":\"LASTCHANCE Deals | Danmark\"},\"image\":{\"@id\":\"https:\/\/last-chance.dk\/#\/schema\/logo\/image\/\"}}]}<\/script>\n<!-- \/ Yoast SEO plugin. -->","yoast_head_json":{"title":"Senget\u00e6ppe Villach 180x220cm 200x230cm hvid-brun - LASTCHANCE Deals | Danmark","robots":{"index":"index","follow":"follow","max-snippet":"max-snippet:-1","max-image-preview":"max-image-preview:large","max-video-preview":"max-video-preview:-1"},"canonical":"https:\/\/last-chance.dk\/?product=sengetaeppe-villach-180x220cm-200x230cm-hvid-brun","og_locale":"da_DK","og_type":"article","og_title":"Senget\u00e6ppe Villach 180x220cm 200x230cm hvid-brun - LASTCHANCE Deals | Danmark","og_description":"Er du p\u00e5 udkig efter et nyt senget\u00e6ppe til dit sovev\u00e6relse? S\u00e5 er senget\u00e6ppet Villach fra ForrestDecor et godt valg. Dette senget\u00e6ppe er lavet af polyester, som er et bl\u00f8dt og slidst\u00e6rkt materiale, der holder sig p\u00e6nt i lang tid. Senget\u00e6ppet har et moderne design med et hvidt og brunt m\u00f8nster, der passer til mange [&hellip;]","og_url":"https:\/\/last-chance.dk\/?product=sengetaeppe-villach-180x220cm-200x230cm-hvid-brun","og_site_name":"LASTCHANCE Deals | Danmark","article_modified_time":"2025-09-19T18:27:04+00:00","og_image":[{"width":384,"height":435,"url":"https:\/\/last-chance.dk\/wp-content\/uploads\/2023\/11\/20181214154257_3.jpg","type":"image\/jpeg"}],"twitter_card":"summary_large_image","twitter_misc":{"Estimeret l\u00e6setid":"1 minut"},"schema":{"@context":"https:\/\/schema.org","@graph":[{"@type":"WebPage","@id":"https:\/\/last-chance.dk\/?product=sengetaeppe-villach-180x220cm-200x230cm-hvid-brun","url":"https:\/\/last-chance.dk\/?product=sengetaeppe-villach-180x220cm-200x230cm-hvid-brun","name":"Senget\u00e6ppe Villach 180x220cm 200x230cm hvid-brun - LASTCHANCE Deals | Danmark","isPartOf":{"@id":"https:\/\/last-chance.dk\/#website"},"primaryImageOfPage":{"@id":"https:\/\/last-chance.dk\/?product=sengetaeppe-villach-180x220cm-200x230cm-hvid-brun#primaryimage"},"image":{"@id":"https:\/\/last-chance.dk\/?product=sengetaeppe-villach-180x220cm-200x230cm-hvid-brun#primaryimage"},"thumbnailUrl":"https:\/\/last-chance.dk\/wp-content\/uploads\/2023\/11\/20181214154257_3.jpg","datePublished":"2023-11-06T13:16:48+00:00","dateModified":"2025-09-19T18:27:04+00:00","breadcrumb":{"@id":"https:\/\/last-chance.dk\/?product=sengetaeppe-villach-180x220cm-200x230cm-hvid-brun#breadcrumb"},"inLanguage":"da-DK","potentialAction":[{"@type":"ReadAction","target":["https:\/\/last-chance.dk\/?product=sengetaeppe-villach-180x220cm-200x230cm-hvid-brun"]}]},{"@type":"ImageObject","inLanguage":"da-DK","@id":"https:\/\/last-chance.dk\/?product=sengetaeppe-villach-180x220cm-200x230cm-hvid-brun#primaryimage","url":"https:\/\/last-chance.dk\/wp-content\/uploads\/2023\/11\/20181214154257_3.jpg","contentUrl":"https:\/\/last-chance.dk\/wp-content\/uploads\/2023\/11\/20181214154257_3.jpg","width":384,"height":435},{"@type":"BreadcrumbList","@id":"https:\/\/last-chance.dk\/?product=sengetaeppe-villach-180x220cm-200x230cm-hvid-brun#breadcrumb","itemListElement":[{"@type":"ListItem","position":1,"name":"Home","item":"https:\/\/last-chance.dk\/"},{"@type":"ListItem","position":2,"name":"Senget\u00e6ppe Villach 180x220cm 200x230cm hvid-brun"}]},{"@type":"WebSite","@id":"https:\/\/last-chance.dk\/#website","url":"https:\/\/last-chance.dk\/","name":"LASTCHANCE Deals | Danmark","description":"LASTCHANCE Deals | Danmark","publisher":{"@id":"https:\/\/last-chance.dk\/#organization"},"potentialAction":[{"@type":"SearchAction","target":{"@type":"EntryPoint","urlTemplate":"https:\/\/last-chance.dk\/?s={search_term_string}"},"query-input":{"@type":"PropertyValueSpecification","valueRequired":true,"valueName":"search_term_string"}}],"inLanguage":"da-DK"},{"@type":"Organization","@id":"https:\/\/last-chance.dk\/#organization","name":"LASTCHANCE Deals | Danmark","url":"https:\/\/last-chance.dk\/","logo":{"@type":"ImageObject","inLanguage":"da-DK","@id":"https:\/\/last-chance.dk\/#\/schema\/logo\/image\/","url":"https:\/\/last-chance.dk\/wp-content\/uploads\/2023\/10\/lastchancedeals_logo_dk_white.png","contentUrl":"https:\/\/last-chance.dk\/wp-content\/uploads\/2023\/10\/lastchancedeals_logo_dk_white.png","width":470,"height":110,"caption":"LASTCHANCE Deals | Danmark"},"image":{"@id":"https:\/\/last-chance.dk\/#\/schema\/logo\/image\/"}}]}},"_links":{"self":[{"href":"https:\/\/last-chance.dk\/index.php?rest_route=\/wp\/v2\/product\/6908","targetHints":{"allow":["GET"]}}],"collection":[{"href":"https:\/\/last-chance.dk\/index.php?rest_route=\/wp\/v2\/product"}],"about":[{"href":"https:\/\/last-chance.dk\/index.php?rest_route=\/wp\/v2\/types\/product"}],"replies":[{"embeddable":true,"href":"https:\/\/last-chance.dk\/index.php?rest_route=%2Fwp%2Fv2%2Fcomments&post=6908"}],"wp:featuredmedia":[{"embeddable":true,"href":"https:\/\/last-chance.dk\/index.php?rest_route=\/wp\/v2\/media\/6904"}],"wp:attachment":[{"href":"https:\/\/last-chance.dk\/index.php?rest_route=%2Fwp%2Fv2%2Fmedia&parent=6908"}],"wp:term":[{"taxonomy":"product_brand","embeddable":true,"href":"https:\/\/last-chance.dk\/index.php?rest_route=%2Fwp%2Fv2%2Fproduct_brand&post=6908"},{"taxonomy":"product_cat","embeddable":true,"href":"https:\/\/last-chance.dk\/index.php?rest_route=%2Fwp%2Fv2%2Fproduct_cat&post=6908"},{"taxonomy":"product_tag","embeddable":true,"href":"https:\/\/last-chance.dk\/index.php?rest_route=%2Fwp%2Fv2%2Fproduct_tag&post=6908"}],"curies":[{"name":"wp","href":"https:\/\/api.w.org\/{rel}","templated":true}]}}