{"id":6916,"date":"2023-11-06T13:17:05","date_gmt":"2023-11-06T13:17:05","guid":{"rendered":"https:\/\/www.lastchance.deals\/dk\/tuote\/vaeglampe-daniella-10x42cm\/"},"modified":"2025-09-19T19:06:30","modified_gmt":"2025-09-19T19:06:30","slug":"vaeglampe-daniella-10x42cm","status":"publish","type":"product","link":"https:\/\/last-chance.dk\/?product=vaeglampe-daniella-10x42cm","title":{"rendered":"V\u00e6glampe Daniella 10x42cm"},"content":{"rendered":"<p>\nHvis du leder efter en v\u00e6glampe, der kombinerer klassisk stil med moderne kvalitet, er Daniella v\u00e6glampen for dig. Daniella er en smuk og elegant v\u00e6glampe, der er lavet af metal i et tidl\u00f8st design. Den har en udvendig dimension p\u00e5 10x42cm, s\u00e5 den passer perfekt til enhver v\u00e6g i dit hjem. Daniella v\u00e6glampen er produceret af ForrestDecor, en anerkendt fabrikant af belysningsprodukter. Du kan v\u00e6re sikker p\u00e5, at du f\u00e5r en holdbar og p\u00e5lidelig v\u00e6glampe, der vil lyse op dit rum i mange \u00e5r. Daniella v\u00e6glampen leveres med alt, hvad du har brug for til at samle og montere den p\u00e5 din v\u00e6g. Det er nemt og hurtigt at g\u00f8re, og du kan nyde din nye v\u00e6glampe p\u00e5 ingen tid. Daniella v\u00e6glampen har ogs\u00e5 en garanti p\u00e5 12 m\u00e5neder, s\u00e5 du kan k\u00f8be den med ro i sindet. Daniella v\u00e6glampen er den perfekte m\u00e5de at tilf\u00f8je et strejf af klassisk charme til dit hjem. Bestil den i dag og gl\u00e6d dig over dens sk\u00f8nhed og funktion.\n<\/p>\n<p><\/p>\n<p>Leveringstid: Leveringstid 1 uge<br \/>\nStil: klassisk<br \/>\nMateriale: metal<br \/>\nLampefatning: E27<br \/>\nLampestik: ikke inkluderet<br \/>\nUdvendige dimensioner: 10x42cm<br \/>\nFabrikant: ForrestDecor<br \/>\nMontage: skal samles<br \/>\nGaranti: 12 m\u00e5neder<\/p>\n","protected":false},"excerpt":{"rendered":"<p>Hvis du leder efter en v\u00e6glampe, der kombinerer klassisk stil med moderne kvalitet, er Daniella v\u00e6glampen for dig. Daniella er en smuk og elegant v\u00e6glampe, der er lavet af metal i et tidl\u00f8st design. Den har en udvendig dimension p\u00e5 10x42cm, s\u00e5 den passer perfekt til enhver v\u00e6g i dit hjem. Daniella v\u00e6glampen er produceret [&hellip;]<\/p>\n","protected":false},"featured_media":6909,"comment_status":"open","ping_status":"closed","template":"","meta":[],"product_brand":[],"product_cat":[138],"product_tag":[],"class_list":{"0":"post-6916","1":"product","2":"type-product","3":"status-publish","4":"has-post-thumbnail","6":"product_cat-wall-lights","8":"first","9":"instock","10":"shipping-taxable","11":"purchasable","12":"product-type-simple"},"yoast_head":"<!-- This site is optimized with the Yoast SEO plugin v24.8.1 - https:\/\/yoast.com\/wordpress\/plugins\/seo\/ -->\n<title>V\u00e6glampe Daniella 10x42cm - LASTCHANCE Deals | Danmark<\/title>\n<meta name=\"robots\" content=\"index, follow, max-snippet:-1, max-image-preview:large, max-video-preview:-1\" \/>\n<link rel=\"canonical\" href=\"https:\/\/last-chance.dk\/?product=vaeglampe-daniella-10x42cm\" \/>\n<meta property=\"og:locale\" content=\"da_DK\" \/>\n<meta property=\"og:type\" content=\"article\" \/>\n<meta property=\"og:title\" content=\"V\u00e6glampe Daniella 10x42cm - LASTCHANCE Deals | Danmark\" \/>\n<meta property=\"og:description\" content=\"Hvis du leder efter en v\u00e6glampe, der kombinerer klassisk stil med moderne kvalitet, er Daniella v\u00e6glampen for dig. Daniella er en smuk og elegant v\u00e6glampe, der er lavet af metal i et tidl\u00f8st design. Den har en udvendig dimension p\u00e5 10x42cm, s\u00e5 den passer perfekt til enhver v\u00e6g i dit hjem. Daniella v\u00e6glampen er produceret [&hellip;]\" \/>\n<meta property=\"og:url\" content=\"https:\/\/last-chance.dk\/?product=vaeglampe-daniella-10x42cm\" \/>\n<meta property=\"og:site_name\" content=\"LASTCHANCE Deals | Danmark\" \/>\n<meta property=\"article:modified_time\" content=\"2025-09-19T19:06:30+00:00\" \/>\n<meta property=\"og:image\" content=\"https:\/\/last-chance.dk\/wp-content\/uploads\/2023\/11\/daniella_black2_1.jpg\" \/>\n\t<meta property=\"og:image:width\" content=\"790\" \/>\n\t<meta property=\"og:image:height\" content=\"763\" \/>\n\t<meta property=\"og:image:type\" content=\"image\/jpeg\" \/>\n<meta name=\"twitter:card\" content=\"summary_large_image\" \/>\n<meta name=\"twitter:label1\" content=\"Estimeret l\u00e6setid\" \/>\n\t<meta name=\"twitter:data1\" content=\"1 minut\" \/>\n<script type=\"application\/ld+json\" class=\"yoast-schema-graph\">{\"@context\":\"https:\/\/schema.org\",\"@graph\":[{\"@type\":\"WebPage\",\"@id\":\"https:\/\/last-chance.dk\/?product=vaeglampe-daniella-10x42cm\",\"url\":\"https:\/\/last-chance.dk\/?product=vaeglampe-daniella-10x42cm\",\"name\":\"V\u00e6glampe Daniella 10x42cm - LASTCHANCE Deals | Danmark\",\"isPartOf\":{\"@id\":\"https:\/\/last-chance.dk\/#website\"},\"primaryImageOfPage\":{\"@id\":\"https:\/\/last-chance.dk\/?product=vaeglampe-daniella-10x42cm#primaryimage\"},\"image\":{\"@id\":\"https:\/\/last-chance.dk\/?product=vaeglampe-daniella-10x42cm#primaryimage\"},\"thumbnailUrl\":\"https:\/\/last-chance.dk\/wp-content\/uploads\/2023\/11\/daniella_black2_1.jpg\",\"datePublished\":\"2023-11-06T13:17:05+00:00\",\"dateModified\":\"2025-09-19T19:06:30+00:00\",\"breadcrumb\":{\"@id\":\"https:\/\/last-chance.dk\/?product=vaeglampe-daniella-10x42cm#breadcrumb\"},\"inLanguage\":\"da-DK\",\"potentialAction\":[{\"@type\":\"ReadAction\",\"target\":[\"https:\/\/last-chance.dk\/?product=vaeglampe-daniella-10x42cm\"]}]},{\"@type\":\"ImageObject\",\"inLanguage\":\"da-DK\",\"@id\":\"https:\/\/last-chance.dk\/?product=vaeglampe-daniella-10x42cm#primaryimage\",\"url\":\"https:\/\/last-chance.dk\/wp-content\/uploads\/2023\/11\/daniella_black2_1.jpg\",\"contentUrl\":\"https:\/\/last-chance.dk\/wp-content\/uploads\/2023\/11\/daniella_black2_1.jpg\",\"width\":790,\"height\":763},{\"@type\":\"BreadcrumbList\",\"@id\":\"https:\/\/last-chance.dk\/?product=vaeglampe-daniella-10x42cm#breadcrumb\",\"itemListElement\":[{\"@type\":\"ListItem\",\"position\":1,\"name\":\"Home\",\"item\":\"https:\/\/last-chance.dk\/\"},{\"@type\":\"ListItem\",\"position\":2,\"name\":\"V\u00e6glampe Daniella 10x42cm\"}]},{\"@type\":\"WebSite\",\"@id\":\"https:\/\/last-chance.dk\/#website\",\"url\":\"https:\/\/last-chance.dk\/\",\"name\":\"LASTCHANCE Deals | Danmark\",\"description\":\"LASTCHANCE Deals | Danmark\",\"publisher\":{\"@id\":\"https:\/\/last-chance.dk\/#organization\"},\"potentialAction\":[{\"@type\":\"SearchAction\",\"target\":{\"@type\":\"EntryPoint\",\"urlTemplate\":\"https:\/\/last-chance.dk\/?s={search_term_string}\"},\"query-input\":{\"@type\":\"PropertyValueSpecification\",\"valueRequired\":true,\"valueName\":\"search_term_string\"}}],\"inLanguage\":\"da-DK\"},{\"@type\":\"Organization\",\"@id\":\"https:\/\/last-chance.dk\/#organization\",\"name\":\"LASTCHANCE Deals | Danmark\",\"url\":\"https:\/\/last-chance.dk\/\",\"logo\":{\"@type\":\"ImageObject\",\"inLanguage\":\"da-DK\",\"@id\":\"https:\/\/last-chance.dk\/#\/schema\/logo\/image\/\",\"url\":\"https:\/\/last-chance.dk\/wp-content\/uploads\/2023\/10\/lastchancedeals_logo_dk_white.png\",\"contentUrl\":\"https:\/\/last-chance.dk\/wp-content\/uploads\/2023\/10\/lastchancedeals_logo_dk_white.png\",\"width\":470,\"height\":110,\"caption\":\"LASTCHANCE Deals | Danmark\"},\"image\":{\"@id\":\"https:\/\/last-chance.dk\/#\/schema\/logo\/image\/\"}}]}<\/script>\n<!-- \/ Yoast SEO plugin. -->","yoast_head_json":{"title":"V\u00e6glampe Daniella 10x42cm - LASTCHANCE Deals | Danmark","robots":{"index":"index","follow":"follow","max-snippet":"max-snippet:-1","max-image-preview":"max-image-preview:large","max-video-preview":"max-video-preview:-1"},"canonical":"https:\/\/last-chance.dk\/?product=vaeglampe-daniella-10x42cm","og_locale":"da_DK","og_type":"article","og_title":"V\u00e6glampe Daniella 10x42cm - LASTCHANCE Deals | Danmark","og_description":"Hvis du leder efter en v\u00e6glampe, der kombinerer klassisk stil med moderne kvalitet, er Daniella v\u00e6glampen for dig. Daniella er en smuk og elegant v\u00e6glampe, der er lavet af metal i et tidl\u00f8st design. Den har en udvendig dimension p\u00e5 10x42cm, s\u00e5 den passer perfekt til enhver v\u00e6g i dit hjem. Daniella v\u00e6glampen er produceret [&hellip;]","og_url":"https:\/\/last-chance.dk\/?product=vaeglampe-daniella-10x42cm","og_site_name":"LASTCHANCE Deals | Danmark","article_modified_time":"2025-09-19T19:06:30+00:00","og_image":[{"width":790,"height":763,"url":"https:\/\/last-chance.dk\/wp-content\/uploads\/2023\/11\/daniella_black2_1.jpg","type":"image\/jpeg"}],"twitter_card":"summary_large_image","twitter_misc":{"Estimeret l\u00e6setid":"1 minut"},"schema":{"@context":"https:\/\/schema.org","@graph":[{"@type":"WebPage","@id":"https:\/\/last-chance.dk\/?product=vaeglampe-daniella-10x42cm","url":"https:\/\/last-chance.dk\/?product=vaeglampe-daniella-10x42cm","name":"V\u00e6glampe Daniella 10x42cm - LASTCHANCE Deals | Danmark","isPartOf":{"@id":"https:\/\/last-chance.dk\/#website"},"primaryImageOfPage":{"@id":"https:\/\/last-chance.dk\/?product=vaeglampe-daniella-10x42cm#primaryimage"},"image":{"@id":"https:\/\/last-chance.dk\/?product=vaeglampe-daniella-10x42cm#primaryimage"},"thumbnailUrl":"https:\/\/last-chance.dk\/wp-content\/uploads\/2023\/11\/daniella_black2_1.jpg","datePublished":"2023-11-06T13:17:05+00:00","dateModified":"2025-09-19T19:06:30+00:00","breadcrumb":{"@id":"https:\/\/last-chance.dk\/?product=vaeglampe-daniella-10x42cm#breadcrumb"},"inLanguage":"da-DK","potentialAction":[{"@type":"ReadAction","target":["https:\/\/last-chance.dk\/?product=vaeglampe-daniella-10x42cm"]}]},{"@type":"ImageObject","inLanguage":"da-DK","@id":"https:\/\/last-chance.dk\/?product=vaeglampe-daniella-10x42cm#primaryimage","url":"https:\/\/last-chance.dk\/wp-content\/uploads\/2023\/11\/daniella_black2_1.jpg","contentUrl":"https:\/\/last-chance.dk\/wp-content\/uploads\/2023\/11\/daniella_black2_1.jpg","width":790,"height":763},{"@type":"BreadcrumbList","@id":"https:\/\/last-chance.dk\/?product=vaeglampe-daniella-10x42cm#breadcrumb","itemListElement":[{"@type":"ListItem","position":1,"name":"Home","item":"https:\/\/last-chance.dk\/"},{"@type":"ListItem","position":2,"name":"V\u00e6glampe Daniella 10x42cm"}]},{"@type":"WebSite","@id":"https:\/\/last-chance.dk\/#website","url":"https:\/\/last-chance.dk\/","name":"LASTCHANCE Deals | Danmark","description":"LASTCHANCE Deals | Danmark","publisher":{"@id":"https:\/\/last-chance.dk\/#organization"},"potentialAction":[{"@type":"SearchAction","target":{"@type":"EntryPoint","urlTemplate":"https:\/\/last-chance.dk\/?s={search_term_string}"},"query-input":{"@type":"PropertyValueSpecification","valueRequired":true,"valueName":"search_term_string"}}],"inLanguage":"da-DK"},{"@type":"Organization","@id":"https:\/\/last-chance.dk\/#organization","name":"LASTCHANCE Deals | Danmark","url":"https:\/\/last-chance.dk\/","logo":{"@type":"ImageObject","inLanguage":"da-DK","@id":"https:\/\/last-chance.dk\/#\/schema\/logo\/image\/","url":"https:\/\/last-chance.dk\/wp-content\/uploads\/2023\/10\/lastchancedeals_logo_dk_white.png","contentUrl":"https:\/\/last-chance.dk\/wp-content\/uploads\/2023\/10\/lastchancedeals_logo_dk_white.png","width":470,"height":110,"caption":"LASTCHANCE Deals | Danmark"},"image":{"@id":"https:\/\/last-chance.dk\/#\/schema\/logo\/image\/"}}]}},"_links":{"self":[{"href":"https:\/\/last-chance.dk\/index.php?rest_route=\/wp\/v2\/product\/6916","targetHints":{"allow":["GET"]}}],"collection":[{"href":"https:\/\/last-chance.dk\/index.php?rest_route=\/wp\/v2\/product"}],"about":[{"href":"https:\/\/last-chance.dk\/index.php?rest_route=\/wp\/v2\/types\/product"}],"replies":[{"embeddable":true,"href":"https:\/\/last-chance.dk\/index.php?rest_route=%2Fwp%2Fv2%2Fcomments&post=6916"}],"wp:featuredmedia":[{"embeddable":true,"href":"https:\/\/last-chance.dk\/index.php?rest_route=\/wp\/v2\/media\/6909"}],"wp:attachment":[{"href":"https:\/\/last-chance.dk\/index.php?rest_route=%2Fwp%2Fv2%2Fmedia&parent=6916"}],"wp:term":[{"taxonomy":"product_brand","embeddable":true,"href":"https:\/\/last-chance.dk\/index.php?rest_route=%2Fwp%2Fv2%2Fproduct_brand&post=6916"},{"taxonomy":"product_cat","embeddable":true,"href":"https:\/\/last-chance.dk\/index.php?rest_route=%2Fwp%2Fv2%2Fproduct_cat&post=6916"},{"taxonomy":"product_tag","embeddable":true,"href":"https:\/\/last-chance.dk\/index.php?rest_route=%2Fwp%2Fv2%2Fproduct_tag&post=6916"}],"curies":[{"name":"wp","href":"https:\/\/api.w.org\/{rel}","templated":true}]}}