{"id":6925,"date":"2023-11-06T13:17:24","date_gmt":"2023-11-06T13:17:24","guid":{"rendered":"https:\/\/www.lastchance.deals\/dk\/tuote\/sengetaeppe-3-os-vanagard-180x200cm\/"},"modified":"2025-10-13T12:01:43","modified_gmt":"2025-10-13T12:01:43","slug":"sengetaeppe-3-os-vanagard-180x200cm","status":"publish","type":"product","link":"https:\/\/last-chance.dk\/?product=sengetaeppe-3-os-vanagard-180x200cm","title":{"rendered":"Senget\u00e6ppe 3-os Vanagard 180x200cm"},"content":{"rendered":"<p>Skab en hyggelig og elegant stemning i dit sovev\u00e6relse med dette smukke senget\u00e6ppe fra ForrestDecor. Senget\u00e6ppet er lavet af bl\u00f8dt og behageligt stof i en klassisk stil, der passer til enhver indretning. Senget\u00e6ppet har et flot m\u00f8nster og en varm farve, der giver dit rum et indbydende udtryk.<\/p>\n<p><\/p>\n<p>Senget\u00e6ppet leveres med et lagen og to pudebetr\u00e6k i samme design, s\u00e5 du f\u00e5r et komplet s\u00e6t til din seng. Lagenet m\u00e5ler 180x200cm og passer til en dobbeltseng, mens pudebetr\u00e6kkene m\u00e5ler 48x74cm og passer til almindelige hovedpuder. Du kan nemt vaske senget\u00e6ppet og tilbeh\u00f8ret i maskinen ved 30 grader.<\/p>\n<p><\/p>\n<p>ForrestDecor er en anerkendt fabrikant af kvalitetsprodukter til hjemmet. De bruger kun de bedste materialer og h\u00e5ndv\u00e6rk til at skabe deres produkter, som er b\u00e5de holdbare og smukke. Du f\u00e5r 6 m\u00e5neders garanti p\u00e5 dit k\u00f8b, s\u00e5 du kan v\u00e6re sikker p\u00e5 at f\u00e5 et godt produkt.<\/p>\n<p><\/p>\n<p>Leveringstid: Leveringstid 1 uge<br \/>\nStil: klassisk<br \/>\nMateriale: stof<br \/>\n1x lagen: 180x200cm<br \/>\n2x pudebetr\u00e6k: 48x74cm<br \/>\nFabrikant: ForrestDecor<br \/>\nGaranti: 6 m\u00e5neder<\/p>\n","protected":false},"excerpt":{"rendered":"<p>Skab en hyggelig og elegant stemning i dit sovev\u00e6relse med dette smukke senget\u00e6ppe fra ForrestDecor. Senget\u00e6ppet er lavet af bl\u00f8dt og behageligt stof i en klassisk stil, der passer til enhver indretning. Senget\u00e6ppet har et flot m\u00f8nster og en varm farve, der giver dit rum et indbydende udtryk. Senget\u00e6ppet leveres med et lagen og to [&hellip;]<\/p>\n","protected":false},"featured_media":6917,"comment_status":"open","ping_status":"closed","template":"","meta":[],"product_brand":[],"product_cat":[139],"product_tag":[],"class_list":{"0":"post-6925","1":"product","2":"type-product","3":"status-publish","4":"has-post-thumbnail","6":"product_cat-bedding","8":"first","9":"instock","10":"shipping-taxable","11":"purchasable","12":"product-type-simple"},"yoast_head":"<!-- This site is optimized with the Yoast SEO plugin v24.8.1 - https:\/\/yoast.com\/wordpress\/plugins\/seo\/ -->\n<title>Senget\u00e6ppe 3-os Vanagard 180x200cm - LASTCHANCE Deals | Danmark<\/title>\n<meta name=\"robots\" content=\"index, follow, max-snippet:-1, max-image-preview:large, max-video-preview:-1\" \/>\n<link rel=\"canonical\" href=\"https:\/\/last-chance.dk\/?product=sengetaeppe-3-os-vanagard-180x200cm\" \/>\n<meta property=\"og:locale\" content=\"da_DK\" \/>\n<meta property=\"og:type\" content=\"article\" \/>\n<meta property=\"og:title\" content=\"Senget\u00e6ppe 3-os Vanagard 180x200cm - LASTCHANCE Deals | Danmark\" \/>\n<meta property=\"og:description\" content=\"Skab en hyggelig og elegant stemning i dit sovev\u00e6relse med dette smukke senget\u00e6ppe fra ForrestDecor. Senget\u00e6ppet er lavet af bl\u00f8dt og behageligt stof i en klassisk stil, der passer til enhver indretning. Senget\u00e6ppet har et flot m\u00f8nster og en varm farve, der giver dit rum et indbydende udtryk. Senget\u00e6ppet leveres med et lagen og to [&hellip;]\" \/>\n<meta property=\"og:url\" content=\"https:\/\/last-chance.dk\/?product=sengetaeppe-3-os-vanagard-180x200cm\" \/>\n<meta property=\"og:site_name\" content=\"LASTCHANCE Deals | Danmark\" \/>\n<meta property=\"article:modified_time\" content=\"2025-10-13T12:01:43+00:00\" \/>\n<meta property=\"og:image\" content=\"https:\/\/last-chance.dk\/wp-content\/uploads\/2023\/11\/vanagard_pink_5.jpg\" \/>\n\t<meta property=\"og:image:width\" content=\"400\" \/>\n\t<meta property=\"og:image:height\" content=\"400\" \/>\n\t<meta property=\"og:image:type\" content=\"image\/jpeg\" \/>\n<meta name=\"twitter:card\" content=\"summary_large_image\" \/>\n<meta name=\"twitter:label1\" content=\"Estimeret l\u00e6setid\" \/>\n\t<meta name=\"twitter:data1\" content=\"1 minut\" \/>\n<script type=\"application\/ld+json\" class=\"yoast-schema-graph\">{\"@context\":\"https:\/\/schema.org\",\"@graph\":[{\"@type\":\"WebPage\",\"@id\":\"https:\/\/last-chance.dk\/?product=sengetaeppe-3-os-vanagard-180x200cm\",\"url\":\"https:\/\/last-chance.dk\/?product=sengetaeppe-3-os-vanagard-180x200cm\",\"name\":\"Senget\u00e6ppe 3-os Vanagard 180x200cm - LASTCHANCE Deals | Danmark\",\"isPartOf\":{\"@id\":\"https:\/\/last-chance.dk\/#website\"},\"primaryImageOfPage\":{\"@id\":\"https:\/\/last-chance.dk\/?product=sengetaeppe-3-os-vanagard-180x200cm#primaryimage\"},\"image\":{\"@id\":\"https:\/\/last-chance.dk\/?product=sengetaeppe-3-os-vanagard-180x200cm#primaryimage\"},\"thumbnailUrl\":\"https:\/\/last-chance.dk\/wp-content\/uploads\/2023\/11\/vanagard_pink_5.jpg\",\"datePublished\":\"2023-11-06T13:17:24+00:00\",\"dateModified\":\"2025-10-13T12:01:43+00:00\",\"breadcrumb\":{\"@id\":\"https:\/\/last-chance.dk\/?product=sengetaeppe-3-os-vanagard-180x200cm#breadcrumb\"},\"inLanguage\":\"da-DK\",\"potentialAction\":[{\"@type\":\"ReadAction\",\"target\":[\"https:\/\/last-chance.dk\/?product=sengetaeppe-3-os-vanagard-180x200cm\"]}]},{\"@type\":\"ImageObject\",\"inLanguage\":\"da-DK\",\"@id\":\"https:\/\/last-chance.dk\/?product=sengetaeppe-3-os-vanagard-180x200cm#primaryimage\",\"url\":\"https:\/\/last-chance.dk\/wp-content\/uploads\/2023\/11\/vanagard_pink_5.jpg\",\"contentUrl\":\"https:\/\/last-chance.dk\/wp-content\/uploads\/2023\/11\/vanagard_pink_5.jpg\",\"width\":400,\"height\":400},{\"@type\":\"BreadcrumbList\",\"@id\":\"https:\/\/last-chance.dk\/?product=sengetaeppe-3-os-vanagard-180x200cm#breadcrumb\",\"itemListElement\":[{\"@type\":\"ListItem\",\"position\":1,\"name\":\"Home\",\"item\":\"https:\/\/last-chance.dk\/\"},{\"@type\":\"ListItem\",\"position\":2,\"name\":\"Senget\u00e6ppe 3-os Vanagard 180x200cm\"}]},{\"@type\":\"WebSite\",\"@id\":\"https:\/\/last-chance.dk\/#website\",\"url\":\"https:\/\/last-chance.dk\/\",\"name\":\"LASTCHANCE Deals | Danmark\",\"description\":\"LASTCHANCE Deals | Danmark\",\"publisher\":{\"@id\":\"https:\/\/last-chance.dk\/#organization\"},\"potentialAction\":[{\"@type\":\"SearchAction\",\"target\":{\"@type\":\"EntryPoint\",\"urlTemplate\":\"https:\/\/last-chance.dk\/?s={search_term_string}\"},\"query-input\":{\"@type\":\"PropertyValueSpecification\",\"valueRequired\":true,\"valueName\":\"search_term_string\"}}],\"inLanguage\":\"da-DK\"},{\"@type\":\"Organization\",\"@id\":\"https:\/\/last-chance.dk\/#organization\",\"name\":\"LASTCHANCE Deals | Danmark\",\"url\":\"https:\/\/last-chance.dk\/\",\"logo\":{\"@type\":\"ImageObject\",\"inLanguage\":\"da-DK\",\"@id\":\"https:\/\/last-chance.dk\/#\/schema\/logo\/image\/\",\"url\":\"https:\/\/last-chance.dk\/wp-content\/uploads\/2023\/10\/lastchancedeals_logo_dk_white.png\",\"contentUrl\":\"https:\/\/last-chance.dk\/wp-content\/uploads\/2023\/10\/lastchancedeals_logo_dk_white.png\",\"width\":470,\"height\":110,\"caption\":\"LASTCHANCE Deals | Danmark\"},\"image\":{\"@id\":\"https:\/\/last-chance.dk\/#\/schema\/logo\/image\/\"}}]}<\/script>\n<!-- \/ Yoast SEO plugin. -->","yoast_head_json":{"title":"Senget\u00e6ppe 3-os Vanagard 180x200cm - LASTCHANCE Deals | Danmark","robots":{"index":"index","follow":"follow","max-snippet":"max-snippet:-1","max-image-preview":"max-image-preview:large","max-video-preview":"max-video-preview:-1"},"canonical":"https:\/\/last-chance.dk\/?product=sengetaeppe-3-os-vanagard-180x200cm","og_locale":"da_DK","og_type":"article","og_title":"Senget\u00e6ppe 3-os Vanagard 180x200cm - LASTCHANCE Deals | Danmark","og_description":"Skab en hyggelig og elegant stemning i dit sovev\u00e6relse med dette smukke senget\u00e6ppe fra ForrestDecor. Senget\u00e6ppet er lavet af bl\u00f8dt og behageligt stof i en klassisk stil, der passer til enhver indretning. Senget\u00e6ppet har et flot m\u00f8nster og en varm farve, der giver dit rum et indbydende udtryk. Senget\u00e6ppet leveres med et lagen og to [&hellip;]","og_url":"https:\/\/last-chance.dk\/?product=sengetaeppe-3-os-vanagard-180x200cm","og_site_name":"LASTCHANCE Deals | Danmark","article_modified_time":"2025-10-13T12:01:43+00:00","og_image":[{"width":400,"height":400,"url":"https:\/\/last-chance.dk\/wp-content\/uploads\/2023\/11\/vanagard_pink_5.jpg","type":"image\/jpeg"}],"twitter_card":"summary_large_image","twitter_misc":{"Estimeret l\u00e6setid":"1 minut"},"schema":{"@context":"https:\/\/schema.org","@graph":[{"@type":"WebPage","@id":"https:\/\/last-chance.dk\/?product=sengetaeppe-3-os-vanagard-180x200cm","url":"https:\/\/last-chance.dk\/?product=sengetaeppe-3-os-vanagard-180x200cm","name":"Senget\u00e6ppe 3-os Vanagard 180x200cm - LASTCHANCE Deals | Danmark","isPartOf":{"@id":"https:\/\/last-chance.dk\/#website"},"primaryImageOfPage":{"@id":"https:\/\/last-chance.dk\/?product=sengetaeppe-3-os-vanagard-180x200cm#primaryimage"},"image":{"@id":"https:\/\/last-chance.dk\/?product=sengetaeppe-3-os-vanagard-180x200cm#primaryimage"},"thumbnailUrl":"https:\/\/last-chance.dk\/wp-content\/uploads\/2023\/11\/vanagard_pink_5.jpg","datePublished":"2023-11-06T13:17:24+00:00","dateModified":"2025-10-13T12:01:43+00:00","breadcrumb":{"@id":"https:\/\/last-chance.dk\/?product=sengetaeppe-3-os-vanagard-180x200cm#breadcrumb"},"inLanguage":"da-DK","potentialAction":[{"@type":"ReadAction","target":["https:\/\/last-chance.dk\/?product=sengetaeppe-3-os-vanagard-180x200cm"]}]},{"@type":"ImageObject","inLanguage":"da-DK","@id":"https:\/\/last-chance.dk\/?product=sengetaeppe-3-os-vanagard-180x200cm#primaryimage","url":"https:\/\/last-chance.dk\/wp-content\/uploads\/2023\/11\/vanagard_pink_5.jpg","contentUrl":"https:\/\/last-chance.dk\/wp-content\/uploads\/2023\/11\/vanagard_pink_5.jpg","width":400,"height":400},{"@type":"BreadcrumbList","@id":"https:\/\/last-chance.dk\/?product=sengetaeppe-3-os-vanagard-180x200cm#breadcrumb","itemListElement":[{"@type":"ListItem","position":1,"name":"Home","item":"https:\/\/last-chance.dk\/"},{"@type":"ListItem","position":2,"name":"Senget\u00e6ppe 3-os Vanagard 180x200cm"}]},{"@type":"WebSite","@id":"https:\/\/last-chance.dk\/#website","url":"https:\/\/last-chance.dk\/","name":"LASTCHANCE Deals | Danmark","description":"LASTCHANCE Deals | Danmark","publisher":{"@id":"https:\/\/last-chance.dk\/#organization"},"potentialAction":[{"@type":"SearchAction","target":{"@type":"EntryPoint","urlTemplate":"https:\/\/last-chance.dk\/?s={search_term_string}"},"query-input":{"@type":"PropertyValueSpecification","valueRequired":true,"valueName":"search_term_string"}}],"inLanguage":"da-DK"},{"@type":"Organization","@id":"https:\/\/last-chance.dk\/#organization","name":"LASTCHANCE Deals | Danmark","url":"https:\/\/last-chance.dk\/","logo":{"@type":"ImageObject","inLanguage":"da-DK","@id":"https:\/\/last-chance.dk\/#\/schema\/logo\/image\/","url":"https:\/\/last-chance.dk\/wp-content\/uploads\/2023\/10\/lastchancedeals_logo_dk_white.png","contentUrl":"https:\/\/last-chance.dk\/wp-content\/uploads\/2023\/10\/lastchancedeals_logo_dk_white.png","width":470,"height":110,"caption":"LASTCHANCE Deals | Danmark"},"image":{"@id":"https:\/\/last-chance.dk\/#\/schema\/logo\/image\/"}}]}},"_links":{"self":[{"href":"https:\/\/last-chance.dk\/index.php?rest_route=\/wp\/v2\/product\/6925","targetHints":{"allow":["GET"]}}],"collection":[{"href":"https:\/\/last-chance.dk\/index.php?rest_route=\/wp\/v2\/product"}],"about":[{"href":"https:\/\/last-chance.dk\/index.php?rest_route=\/wp\/v2\/types\/product"}],"replies":[{"embeddable":true,"href":"https:\/\/last-chance.dk\/index.php?rest_route=%2Fwp%2Fv2%2Fcomments&post=6925"}],"wp:featuredmedia":[{"embeddable":true,"href":"https:\/\/last-chance.dk\/index.php?rest_route=\/wp\/v2\/media\/6917"}],"wp:attachment":[{"href":"https:\/\/last-chance.dk\/index.php?rest_route=%2Fwp%2Fv2%2Fmedia&parent=6925"}],"wp:term":[{"taxonomy":"product_brand","embeddable":true,"href":"https:\/\/last-chance.dk\/index.php?rest_route=%2Fwp%2Fv2%2Fproduct_brand&post=6925"},{"taxonomy":"product_cat","embeddable":true,"href":"https:\/\/last-chance.dk\/index.php?rest_route=%2Fwp%2Fv2%2Fproduct_cat&post=6925"},{"taxonomy":"product_tag","embeddable":true,"href":"https:\/\/last-chance.dk\/index.php?rest_route=%2Fwp%2Fv2%2Fproduct_tag&post=6925"}],"curies":[{"name":"wp","href":"https:\/\/api.w.org\/{rel}","templated":true}]}}