{"id":6936,"date":"2023-11-06T13:17:41","date_gmt":"2023-11-06T13:17:41","guid":{"rendered":"https:\/\/www.lastchance.deals\/dk\/tuote\/sengetoej-saet-3-dele-edenia-180x200cm\/"},"modified":"2025-10-13T12:01:58","modified_gmt":"2025-10-13T12:01:58","slug":"sengetoej-saet-3-dele-edenia-180x200cm","status":"publish","type":"product","link":"https:\/\/last-chance.dk\/?product=sengetoej-saet-3-dele-edenia-180x200cm","title":{"rendered":"Senget\u00f8j s\u00e6t 3-dele Edenia 180x200cm"},"content":{"rendered":"<p>Hvis du leder efter et klassisk og elegant senget\u00f8j s\u00e6t til din seng, s\u00e5 er Edenia s\u00e6ttet fra ForrestDecor det perfekte valg for dig. S\u00e6ttet best\u00e5r af tre dele: et lagen, et dynebetr\u00e6k og et pudebetr\u00e6k, alle lavet af bl\u00f8dt og behageligt stof i en smuk gr\u00e5 farve.<\/p>\n<p><\/p>\n<p>Lagenet m\u00e5ler 180x200cm og passer til en dobbeltseng. Det har en elastisk kant, der holder det p\u00e5 plads hele natten. Dynebetr\u00e6kket m\u00e5ler ogs\u00e5 180x200cm og har en praktisk lynl\u00e5s, der g\u00f8r det nemt at skifte. Pudebetr\u00e6kket m\u00e5ler 48x74cm og har en fin kant, der giver det et flot finish.<\/p>\n<p><\/p>\n<p>Edenia s\u00e6ttet er ikke kun stilfuldt, men ogs\u00e5 holdbart og nemt at vedligeholde. Det kan vaskes i maskine ved 40 grader og t\u00f8rretumbles ved lav temperatur. Det har en garanti p\u00e5 6 m\u00e5neder fra fabrikanten, s\u00e5 du kan v\u00e6re sikker p\u00e5 kvaliteten.<\/p>\n<p><\/p>\n<p>G\u00f8r din seng til et hyggeligt og indbydende sted med Edenia senget\u00f8j s\u00e6ttet fra ForrestDecor. Bestil det i dag og gl\u00e6d dig til at sove som en dr\u00f8m.<\/p>\n<p><\/p>\n<p>Leveringstid: Leveringstid 1 uge<br \/>\nStil: klassisk<br \/>\nMateriale: stof<br \/>\n1x lagen: 180x200cm<br \/>\nFabrikant: ForrestDecor<br \/>\nGaranti: 6 m\u00e5neder<\/p>\n","protected":false},"excerpt":{"rendered":"<p>Hvis du leder efter et klassisk og elegant senget\u00f8j s\u00e6t til din seng, s\u00e5 er Edenia s\u00e6ttet fra ForrestDecor det perfekte valg for dig. S\u00e6ttet best\u00e5r af tre dele: et lagen, et dynebetr\u00e6k og et pudebetr\u00e6k, alle lavet af bl\u00f8dt og behageligt stof i en smuk gr\u00e5 farve. Lagenet m\u00e5ler 180x200cm og passer til en [&hellip;]<\/p>\n","protected":false},"featured_media":6926,"comment_status":"open","ping_status":"closed","template":"","meta":[],"product_brand":[],"product_cat":[139],"product_tag":[],"class_list":{"0":"post-6936","1":"product","2":"type-product","3":"status-publish","4":"has-post-thumbnail","6":"product_cat-bedding","8":"first","9":"instock","10":"shipping-taxable","11":"purchasable","12":"product-type-simple"},"yoast_head":"<!-- This site is optimized with the Yoast SEO plugin v24.8.1 - https:\/\/yoast.com\/wordpress\/plugins\/seo\/ -->\n<title>Senget\u00f8j s\u00e6t 3-dele Edenia 180x200cm - LASTCHANCE Deals | Danmark<\/title>\n<meta name=\"robots\" content=\"index, follow, max-snippet:-1, max-image-preview:large, max-video-preview:-1\" \/>\n<link rel=\"canonical\" href=\"https:\/\/last-chance.dk\/?product=sengetoej-saet-3-dele-edenia-180x200cm\" \/>\n<meta property=\"og:locale\" content=\"da_DK\" \/>\n<meta property=\"og:type\" content=\"article\" \/>\n<meta property=\"og:title\" content=\"Senget\u00f8j s\u00e6t 3-dele Edenia 180x200cm - LASTCHANCE Deals | Danmark\" \/>\n<meta property=\"og:description\" content=\"Hvis du leder efter et klassisk og elegant senget\u00f8j s\u00e6t til din seng, s\u00e5 er Edenia s\u00e6ttet fra ForrestDecor det perfekte valg for dig. S\u00e6ttet best\u00e5r af tre dele: et lagen, et dynebetr\u00e6k og et pudebetr\u00e6k, alle lavet af bl\u00f8dt og behageligt stof i en smuk gr\u00e5 farve. Lagenet m\u00e5ler 180x200cm og passer til en [&hellip;]\" \/>\n<meta property=\"og:url\" content=\"https:\/\/last-chance.dk\/?product=sengetoej-saet-3-dele-edenia-180x200cm\" \/>\n<meta property=\"og:site_name\" content=\"LASTCHANCE Deals | Danmark\" \/>\n<meta property=\"article:modified_time\" content=\"2025-10-13T12:01:58+00:00\" \/>\n<meta property=\"og:image\" content=\"https:\/\/last-chance.dk\/wp-content\/uploads\/2023\/11\/edenia_gold1.jpg\" \/>\n\t<meta property=\"og:image:width\" content=\"713\" \/>\n\t<meta property=\"og:image:height\" content=\"716\" \/>\n\t<meta property=\"og:image:type\" content=\"image\/jpeg\" \/>\n<meta name=\"twitter:card\" content=\"summary_large_image\" \/>\n<meta name=\"twitter:label1\" content=\"Estimeret l\u00e6setid\" \/>\n\t<meta name=\"twitter:data1\" content=\"1 minut\" \/>\n<script type=\"application\/ld+json\" class=\"yoast-schema-graph\">{\"@context\":\"https:\/\/schema.org\",\"@graph\":[{\"@type\":\"WebPage\",\"@id\":\"https:\/\/last-chance.dk\/?product=sengetoej-saet-3-dele-edenia-180x200cm\",\"url\":\"https:\/\/last-chance.dk\/?product=sengetoej-saet-3-dele-edenia-180x200cm\",\"name\":\"Senget\u00f8j s\u00e6t 3-dele Edenia 180x200cm - LASTCHANCE Deals | Danmark\",\"isPartOf\":{\"@id\":\"https:\/\/last-chance.dk\/#website\"},\"primaryImageOfPage\":{\"@id\":\"https:\/\/last-chance.dk\/?product=sengetoej-saet-3-dele-edenia-180x200cm#primaryimage\"},\"image\":{\"@id\":\"https:\/\/last-chance.dk\/?product=sengetoej-saet-3-dele-edenia-180x200cm#primaryimage\"},\"thumbnailUrl\":\"https:\/\/last-chance.dk\/wp-content\/uploads\/2023\/11\/edenia_gold1.jpg\",\"datePublished\":\"2023-11-06T13:17:41+00:00\",\"dateModified\":\"2025-10-13T12:01:58+00:00\",\"breadcrumb\":{\"@id\":\"https:\/\/last-chance.dk\/?product=sengetoej-saet-3-dele-edenia-180x200cm#breadcrumb\"},\"inLanguage\":\"da-DK\",\"potentialAction\":[{\"@type\":\"ReadAction\",\"target\":[\"https:\/\/last-chance.dk\/?product=sengetoej-saet-3-dele-edenia-180x200cm\"]}]},{\"@type\":\"ImageObject\",\"inLanguage\":\"da-DK\",\"@id\":\"https:\/\/last-chance.dk\/?product=sengetoej-saet-3-dele-edenia-180x200cm#primaryimage\",\"url\":\"https:\/\/last-chance.dk\/wp-content\/uploads\/2023\/11\/edenia_gold1.jpg\",\"contentUrl\":\"https:\/\/last-chance.dk\/wp-content\/uploads\/2023\/11\/edenia_gold1.jpg\",\"width\":713,\"height\":716},{\"@type\":\"BreadcrumbList\",\"@id\":\"https:\/\/last-chance.dk\/?product=sengetoej-saet-3-dele-edenia-180x200cm#breadcrumb\",\"itemListElement\":[{\"@type\":\"ListItem\",\"position\":1,\"name\":\"Home\",\"item\":\"https:\/\/last-chance.dk\/\"},{\"@type\":\"ListItem\",\"position\":2,\"name\":\"Senget\u00f8j s\u00e6t 3-dele Edenia 180x200cm\"}]},{\"@type\":\"WebSite\",\"@id\":\"https:\/\/last-chance.dk\/#website\",\"url\":\"https:\/\/last-chance.dk\/\",\"name\":\"LASTCHANCE Deals | Danmark\",\"description\":\"LASTCHANCE Deals | Danmark\",\"publisher\":{\"@id\":\"https:\/\/last-chance.dk\/#organization\"},\"potentialAction\":[{\"@type\":\"SearchAction\",\"target\":{\"@type\":\"EntryPoint\",\"urlTemplate\":\"https:\/\/last-chance.dk\/?s={search_term_string}\"},\"query-input\":{\"@type\":\"PropertyValueSpecification\",\"valueRequired\":true,\"valueName\":\"search_term_string\"}}],\"inLanguage\":\"da-DK\"},{\"@type\":\"Organization\",\"@id\":\"https:\/\/last-chance.dk\/#organization\",\"name\":\"LASTCHANCE Deals | Danmark\",\"url\":\"https:\/\/last-chance.dk\/\",\"logo\":{\"@type\":\"ImageObject\",\"inLanguage\":\"da-DK\",\"@id\":\"https:\/\/last-chance.dk\/#\/schema\/logo\/image\/\",\"url\":\"https:\/\/last-chance.dk\/wp-content\/uploads\/2023\/10\/lastchancedeals_logo_dk_white.png\",\"contentUrl\":\"https:\/\/last-chance.dk\/wp-content\/uploads\/2023\/10\/lastchancedeals_logo_dk_white.png\",\"width\":470,\"height\":110,\"caption\":\"LASTCHANCE Deals | Danmark\"},\"image\":{\"@id\":\"https:\/\/last-chance.dk\/#\/schema\/logo\/image\/\"}}]}<\/script>\n<!-- \/ Yoast SEO plugin. -->","yoast_head_json":{"title":"Senget\u00f8j s\u00e6t 3-dele Edenia 180x200cm - LASTCHANCE Deals | Danmark","robots":{"index":"index","follow":"follow","max-snippet":"max-snippet:-1","max-image-preview":"max-image-preview:large","max-video-preview":"max-video-preview:-1"},"canonical":"https:\/\/last-chance.dk\/?product=sengetoej-saet-3-dele-edenia-180x200cm","og_locale":"da_DK","og_type":"article","og_title":"Senget\u00f8j s\u00e6t 3-dele Edenia 180x200cm - LASTCHANCE Deals | Danmark","og_description":"Hvis du leder efter et klassisk og elegant senget\u00f8j s\u00e6t til din seng, s\u00e5 er Edenia s\u00e6ttet fra ForrestDecor det perfekte valg for dig. S\u00e6ttet best\u00e5r af tre dele: et lagen, et dynebetr\u00e6k og et pudebetr\u00e6k, alle lavet af bl\u00f8dt og behageligt stof i en smuk gr\u00e5 farve. Lagenet m\u00e5ler 180x200cm og passer til en [&hellip;]","og_url":"https:\/\/last-chance.dk\/?product=sengetoej-saet-3-dele-edenia-180x200cm","og_site_name":"LASTCHANCE Deals | Danmark","article_modified_time":"2025-10-13T12:01:58+00:00","og_image":[{"width":713,"height":716,"url":"https:\/\/last-chance.dk\/wp-content\/uploads\/2023\/11\/edenia_gold1.jpg","type":"image\/jpeg"}],"twitter_card":"summary_large_image","twitter_misc":{"Estimeret l\u00e6setid":"1 minut"},"schema":{"@context":"https:\/\/schema.org","@graph":[{"@type":"WebPage","@id":"https:\/\/last-chance.dk\/?product=sengetoej-saet-3-dele-edenia-180x200cm","url":"https:\/\/last-chance.dk\/?product=sengetoej-saet-3-dele-edenia-180x200cm","name":"Senget\u00f8j s\u00e6t 3-dele Edenia 180x200cm - LASTCHANCE Deals | Danmark","isPartOf":{"@id":"https:\/\/last-chance.dk\/#website"},"primaryImageOfPage":{"@id":"https:\/\/last-chance.dk\/?product=sengetoej-saet-3-dele-edenia-180x200cm#primaryimage"},"image":{"@id":"https:\/\/last-chance.dk\/?product=sengetoej-saet-3-dele-edenia-180x200cm#primaryimage"},"thumbnailUrl":"https:\/\/last-chance.dk\/wp-content\/uploads\/2023\/11\/edenia_gold1.jpg","datePublished":"2023-11-06T13:17:41+00:00","dateModified":"2025-10-13T12:01:58+00:00","breadcrumb":{"@id":"https:\/\/last-chance.dk\/?product=sengetoej-saet-3-dele-edenia-180x200cm#breadcrumb"},"inLanguage":"da-DK","potentialAction":[{"@type":"ReadAction","target":["https:\/\/last-chance.dk\/?product=sengetoej-saet-3-dele-edenia-180x200cm"]}]},{"@type":"ImageObject","inLanguage":"da-DK","@id":"https:\/\/last-chance.dk\/?product=sengetoej-saet-3-dele-edenia-180x200cm#primaryimage","url":"https:\/\/last-chance.dk\/wp-content\/uploads\/2023\/11\/edenia_gold1.jpg","contentUrl":"https:\/\/last-chance.dk\/wp-content\/uploads\/2023\/11\/edenia_gold1.jpg","width":713,"height":716},{"@type":"BreadcrumbList","@id":"https:\/\/last-chance.dk\/?product=sengetoej-saet-3-dele-edenia-180x200cm#breadcrumb","itemListElement":[{"@type":"ListItem","position":1,"name":"Home","item":"https:\/\/last-chance.dk\/"},{"@type":"ListItem","position":2,"name":"Senget\u00f8j s\u00e6t 3-dele Edenia 180x200cm"}]},{"@type":"WebSite","@id":"https:\/\/last-chance.dk\/#website","url":"https:\/\/last-chance.dk\/","name":"LASTCHANCE Deals | Danmark","description":"LASTCHANCE Deals | Danmark","publisher":{"@id":"https:\/\/last-chance.dk\/#organization"},"potentialAction":[{"@type":"SearchAction","target":{"@type":"EntryPoint","urlTemplate":"https:\/\/last-chance.dk\/?s={search_term_string}"},"query-input":{"@type":"PropertyValueSpecification","valueRequired":true,"valueName":"search_term_string"}}],"inLanguage":"da-DK"},{"@type":"Organization","@id":"https:\/\/last-chance.dk\/#organization","name":"LASTCHANCE Deals | Danmark","url":"https:\/\/last-chance.dk\/","logo":{"@type":"ImageObject","inLanguage":"da-DK","@id":"https:\/\/last-chance.dk\/#\/schema\/logo\/image\/","url":"https:\/\/last-chance.dk\/wp-content\/uploads\/2023\/10\/lastchancedeals_logo_dk_white.png","contentUrl":"https:\/\/last-chance.dk\/wp-content\/uploads\/2023\/10\/lastchancedeals_logo_dk_white.png","width":470,"height":110,"caption":"LASTCHANCE Deals | Danmark"},"image":{"@id":"https:\/\/last-chance.dk\/#\/schema\/logo\/image\/"}}]}},"_links":{"self":[{"href":"https:\/\/last-chance.dk\/index.php?rest_route=\/wp\/v2\/product\/6936","targetHints":{"allow":["GET"]}}],"collection":[{"href":"https:\/\/last-chance.dk\/index.php?rest_route=\/wp\/v2\/product"}],"about":[{"href":"https:\/\/last-chance.dk\/index.php?rest_route=\/wp\/v2\/types\/product"}],"replies":[{"embeddable":true,"href":"https:\/\/last-chance.dk\/index.php?rest_route=%2Fwp%2Fv2%2Fcomments&post=6936"}],"wp:featuredmedia":[{"embeddable":true,"href":"https:\/\/last-chance.dk\/index.php?rest_route=\/wp\/v2\/media\/6926"}],"wp:attachment":[{"href":"https:\/\/last-chance.dk\/index.php?rest_route=%2Fwp%2Fv2%2Fmedia&parent=6936"}],"wp:term":[{"taxonomy":"product_brand","embeddable":true,"href":"https:\/\/last-chance.dk\/index.php?rest_route=%2Fwp%2Fv2%2Fproduct_brand&post=6936"},{"taxonomy":"product_cat","embeddable":true,"href":"https:\/\/last-chance.dk\/index.php?rest_route=%2Fwp%2Fv2%2Fproduct_cat&post=6936"},{"taxonomy":"product_tag","embeddable":true,"href":"https:\/\/last-chance.dk\/index.php?rest_route=%2Fwp%2Fv2%2Fproduct_tag&post=6936"}],"curies":[{"name":"wp","href":"https:\/\/api.w.org\/{rel}","templated":true}]}}