{"id":6950,"date":"2023-11-06T13:17:59","date_gmt":"2023-11-06T13:17:59","guid":{"rendered":"https:\/\/www.lastchance.deals\/dk\/tuote\/indbygningslagen-saet-4-delt-hogwarts-200x230cm\/"},"modified":"2025-10-13T11:55:14","modified_gmt":"2025-10-13T11:55:14","slug":"indbygningslagen-saet-4-delt-hogwarts-200x230cm","status":"publish","type":"product","link":"https:\/\/last-chance.dk\/?product=indbygningslagen-saet-4-delt-hogwarts-200x230cm","title":{"rendered":"Indbygningslagen s\u00e6t 4-delt Hogwarts 200x230cm"},"content":{"rendered":"<p>Dr\u00f8mmer du om at sove i et magisk slot som Hogwarts? S\u00e5 er dette indbygningslagen s\u00e6t fra ForrestDecor lige noget for dig. Det best\u00e5r af et stort lagen i en flot bl\u00e5 farve, der passer til en seng p\u00e5 200&#215;230 cm. Lagnerne er lavet af bl\u00f8dt og behageligt stof, der giver dig en god nats s\u00f8vn. Du kan ogs\u00e5 nyde det smukke design med Hogwarts&#8219; v\u00e5benskjold og motto p\u00e5 lagnerne, der bringer dig ind i Harry Potters fantastiske verden.<\/p>\n<p><\/p>\n<p>Dette indbygningslagen s\u00e6t er perfekt til dig, der elsker klassisk stil og eventyr. Det er nemt at vaske og t\u00f8rre, og det holder sig p\u00e6nt i lang tid. Du f\u00e5r ogs\u00e5 6 m\u00e5neders garanti p\u00e5 dit k\u00f8b, s\u00e5 du kan v\u00e6re sikker p\u00e5 kvaliteten. Bestil dit indbygningslagen s\u00e6t i dag og forvandl din seng til et magisk sted.<\/p>\n<p><\/p>\n<p>Leveringstid: Leveringstid 1 uge<br \/>\nStil: klassisk<br \/>\nMateriale: stof<br \/>\n1x lagen: 200&#215;230<br \/>\nFabrikant: ForrestDecor<br \/>\nGaranti: 6 m\u00e5neder<\/p>\n","protected":false},"excerpt":{"rendered":"<p>Dr\u00f8mmer du om at sove i et magisk slot som Hogwarts? S\u00e5 er dette indbygningslagen s\u00e6t fra ForrestDecor lige noget for dig. Det best\u00e5r af et stort lagen i en flot bl\u00e5 farve, der passer til en seng p\u00e5 200&#215;230 cm. Lagnerne er lavet af bl\u00f8dt og behageligt stof, der giver dig en god nats [&hellip;]<\/p>\n","protected":false},"featured_media":6937,"comment_status":"open","ping_status":"closed","template":"","meta":[],"product_brand":[],"product_cat":[140],"product_tag":[],"class_list":{"0":"post-6950","1":"product","2":"type-product","3":"status-publish","4":"has-post-thumbnail","6":"product_cat-sangklader","8":"first","9":"instock","10":"shipping-taxable","11":"purchasable","12":"product-type-simple"},"yoast_head":"<!-- This site is optimized with the Yoast SEO plugin v24.8.1 - https:\/\/yoast.com\/wordpress\/plugins\/seo\/ -->\n<title>Indbygningslagen s\u00e6t 4-delt Hogwarts 200x230cm - LASTCHANCE Deals | Danmark<\/title>\n<meta name=\"robots\" content=\"index, follow, max-snippet:-1, max-image-preview:large, max-video-preview:-1\" \/>\n<link rel=\"canonical\" href=\"https:\/\/last-chance.dk\/?product=indbygningslagen-saet-4-delt-hogwarts-200x230cm\" \/>\n<meta property=\"og:locale\" content=\"da_DK\" \/>\n<meta property=\"og:type\" content=\"article\" \/>\n<meta property=\"og:title\" content=\"Indbygningslagen s\u00e6t 4-delt Hogwarts 200x230cm - LASTCHANCE Deals | Danmark\" \/>\n<meta property=\"og:description\" content=\"Dr\u00f8mmer du om at sove i et magisk slot som Hogwarts? S\u00e5 er dette indbygningslagen s\u00e6t fra ForrestDecor lige noget for dig. Det best\u00e5r af et stort lagen i en flot bl\u00e5 farve, der passer til en seng p\u00e5 200&#215;230 cm. Lagnerne er lavet af bl\u00f8dt og behageligt stof, der giver dig en god nats [&hellip;]\" \/>\n<meta property=\"og:url\" content=\"https:\/\/last-chance.dk\/?product=indbygningslagen-saet-4-delt-hogwarts-200x230cm\" \/>\n<meta property=\"og:site_name\" content=\"LASTCHANCE Deals | Danmark\" \/>\n<meta property=\"article:modified_time\" content=\"2025-10-13T11:55:14+00:00\" \/>\n<meta property=\"og:image\" content=\"https:\/\/last-chance.dk\/wp-content\/uploads\/2023\/11\/hogwarts_yellow1.jpg\" \/>\n\t<meta property=\"og:image:width\" content=\"750\" \/>\n\t<meta property=\"og:image:height\" content=\"751\" \/>\n\t<meta property=\"og:image:type\" content=\"image\/jpeg\" \/>\n<meta name=\"twitter:card\" content=\"summary_large_image\" \/>\n<meta name=\"twitter:label1\" content=\"Estimeret l\u00e6setid\" \/>\n\t<meta name=\"twitter:data1\" content=\"1 minut\" \/>\n<script type=\"application\/ld+json\" class=\"yoast-schema-graph\">{\"@context\":\"https:\/\/schema.org\",\"@graph\":[{\"@type\":\"WebPage\",\"@id\":\"https:\/\/last-chance.dk\/?product=indbygningslagen-saet-4-delt-hogwarts-200x230cm\",\"url\":\"https:\/\/last-chance.dk\/?product=indbygningslagen-saet-4-delt-hogwarts-200x230cm\",\"name\":\"Indbygningslagen s\u00e6t 4-delt Hogwarts 200x230cm - LASTCHANCE Deals | Danmark\",\"isPartOf\":{\"@id\":\"https:\/\/last-chance.dk\/#website\"},\"primaryImageOfPage\":{\"@id\":\"https:\/\/last-chance.dk\/?product=indbygningslagen-saet-4-delt-hogwarts-200x230cm#primaryimage\"},\"image\":{\"@id\":\"https:\/\/last-chance.dk\/?product=indbygningslagen-saet-4-delt-hogwarts-200x230cm#primaryimage\"},\"thumbnailUrl\":\"https:\/\/last-chance.dk\/wp-content\/uploads\/2023\/11\/hogwarts_yellow1.jpg\",\"datePublished\":\"2023-11-06T13:17:59+00:00\",\"dateModified\":\"2025-10-13T11:55:14+00:00\",\"breadcrumb\":{\"@id\":\"https:\/\/last-chance.dk\/?product=indbygningslagen-saet-4-delt-hogwarts-200x230cm#breadcrumb\"},\"inLanguage\":\"da-DK\",\"potentialAction\":[{\"@type\":\"ReadAction\",\"target\":[\"https:\/\/last-chance.dk\/?product=indbygningslagen-saet-4-delt-hogwarts-200x230cm\"]}]},{\"@type\":\"ImageObject\",\"inLanguage\":\"da-DK\",\"@id\":\"https:\/\/last-chance.dk\/?product=indbygningslagen-saet-4-delt-hogwarts-200x230cm#primaryimage\",\"url\":\"https:\/\/last-chance.dk\/wp-content\/uploads\/2023\/11\/hogwarts_yellow1.jpg\",\"contentUrl\":\"https:\/\/last-chance.dk\/wp-content\/uploads\/2023\/11\/hogwarts_yellow1.jpg\",\"width\":750,\"height\":751},{\"@type\":\"BreadcrumbList\",\"@id\":\"https:\/\/last-chance.dk\/?product=indbygningslagen-saet-4-delt-hogwarts-200x230cm#breadcrumb\",\"itemListElement\":[{\"@type\":\"ListItem\",\"position\":1,\"name\":\"Home\",\"item\":\"https:\/\/last-chance.dk\/\"},{\"@type\":\"ListItem\",\"position\":2,\"name\":\"Indbygningslagen s\u00e6t 4-delt Hogwarts 200x230cm\"}]},{\"@type\":\"WebSite\",\"@id\":\"https:\/\/last-chance.dk\/#website\",\"url\":\"https:\/\/last-chance.dk\/\",\"name\":\"LASTCHANCE Deals | Danmark\",\"description\":\"LASTCHANCE Deals | Danmark\",\"publisher\":{\"@id\":\"https:\/\/last-chance.dk\/#organization\"},\"potentialAction\":[{\"@type\":\"SearchAction\",\"target\":{\"@type\":\"EntryPoint\",\"urlTemplate\":\"https:\/\/last-chance.dk\/?s={search_term_string}\"},\"query-input\":{\"@type\":\"PropertyValueSpecification\",\"valueRequired\":true,\"valueName\":\"search_term_string\"}}],\"inLanguage\":\"da-DK\"},{\"@type\":\"Organization\",\"@id\":\"https:\/\/last-chance.dk\/#organization\",\"name\":\"LASTCHANCE Deals | Danmark\",\"url\":\"https:\/\/last-chance.dk\/\",\"logo\":{\"@type\":\"ImageObject\",\"inLanguage\":\"da-DK\",\"@id\":\"https:\/\/last-chance.dk\/#\/schema\/logo\/image\/\",\"url\":\"https:\/\/last-chance.dk\/wp-content\/uploads\/2023\/10\/lastchancedeals_logo_dk_white.png\",\"contentUrl\":\"https:\/\/last-chance.dk\/wp-content\/uploads\/2023\/10\/lastchancedeals_logo_dk_white.png\",\"width\":470,\"height\":110,\"caption\":\"LASTCHANCE Deals | Danmark\"},\"image\":{\"@id\":\"https:\/\/last-chance.dk\/#\/schema\/logo\/image\/\"}}]}<\/script>\n<!-- \/ Yoast SEO plugin. -->","yoast_head_json":{"title":"Indbygningslagen s\u00e6t 4-delt Hogwarts 200x230cm - LASTCHANCE Deals | Danmark","robots":{"index":"index","follow":"follow","max-snippet":"max-snippet:-1","max-image-preview":"max-image-preview:large","max-video-preview":"max-video-preview:-1"},"canonical":"https:\/\/last-chance.dk\/?product=indbygningslagen-saet-4-delt-hogwarts-200x230cm","og_locale":"da_DK","og_type":"article","og_title":"Indbygningslagen s\u00e6t 4-delt Hogwarts 200x230cm - LASTCHANCE Deals | Danmark","og_description":"Dr\u00f8mmer du om at sove i et magisk slot som Hogwarts? S\u00e5 er dette indbygningslagen s\u00e6t fra ForrestDecor lige noget for dig. Det best\u00e5r af et stort lagen i en flot bl\u00e5 farve, der passer til en seng p\u00e5 200&#215;230 cm. Lagnerne er lavet af bl\u00f8dt og behageligt stof, der giver dig en god nats [&hellip;]","og_url":"https:\/\/last-chance.dk\/?product=indbygningslagen-saet-4-delt-hogwarts-200x230cm","og_site_name":"LASTCHANCE Deals | Danmark","article_modified_time":"2025-10-13T11:55:14+00:00","og_image":[{"width":750,"height":751,"url":"https:\/\/last-chance.dk\/wp-content\/uploads\/2023\/11\/hogwarts_yellow1.jpg","type":"image\/jpeg"}],"twitter_card":"summary_large_image","twitter_misc":{"Estimeret l\u00e6setid":"1 minut"},"schema":{"@context":"https:\/\/schema.org","@graph":[{"@type":"WebPage","@id":"https:\/\/last-chance.dk\/?product=indbygningslagen-saet-4-delt-hogwarts-200x230cm","url":"https:\/\/last-chance.dk\/?product=indbygningslagen-saet-4-delt-hogwarts-200x230cm","name":"Indbygningslagen s\u00e6t 4-delt Hogwarts 200x230cm - LASTCHANCE Deals | Danmark","isPartOf":{"@id":"https:\/\/last-chance.dk\/#website"},"primaryImageOfPage":{"@id":"https:\/\/last-chance.dk\/?product=indbygningslagen-saet-4-delt-hogwarts-200x230cm#primaryimage"},"image":{"@id":"https:\/\/last-chance.dk\/?product=indbygningslagen-saet-4-delt-hogwarts-200x230cm#primaryimage"},"thumbnailUrl":"https:\/\/last-chance.dk\/wp-content\/uploads\/2023\/11\/hogwarts_yellow1.jpg","datePublished":"2023-11-06T13:17:59+00:00","dateModified":"2025-10-13T11:55:14+00:00","breadcrumb":{"@id":"https:\/\/last-chance.dk\/?product=indbygningslagen-saet-4-delt-hogwarts-200x230cm#breadcrumb"},"inLanguage":"da-DK","potentialAction":[{"@type":"ReadAction","target":["https:\/\/last-chance.dk\/?product=indbygningslagen-saet-4-delt-hogwarts-200x230cm"]}]},{"@type":"ImageObject","inLanguage":"da-DK","@id":"https:\/\/last-chance.dk\/?product=indbygningslagen-saet-4-delt-hogwarts-200x230cm#primaryimage","url":"https:\/\/last-chance.dk\/wp-content\/uploads\/2023\/11\/hogwarts_yellow1.jpg","contentUrl":"https:\/\/last-chance.dk\/wp-content\/uploads\/2023\/11\/hogwarts_yellow1.jpg","width":750,"height":751},{"@type":"BreadcrumbList","@id":"https:\/\/last-chance.dk\/?product=indbygningslagen-saet-4-delt-hogwarts-200x230cm#breadcrumb","itemListElement":[{"@type":"ListItem","position":1,"name":"Home","item":"https:\/\/last-chance.dk\/"},{"@type":"ListItem","position":2,"name":"Indbygningslagen s\u00e6t 4-delt Hogwarts 200x230cm"}]},{"@type":"WebSite","@id":"https:\/\/last-chance.dk\/#website","url":"https:\/\/last-chance.dk\/","name":"LASTCHANCE Deals | Danmark","description":"LASTCHANCE Deals | Danmark","publisher":{"@id":"https:\/\/last-chance.dk\/#organization"},"potentialAction":[{"@type":"SearchAction","target":{"@type":"EntryPoint","urlTemplate":"https:\/\/last-chance.dk\/?s={search_term_string}"},"query-input":{"@type":"PropertyValueSpecification","valueRequired":true,"valueName":"search_term_string"}}],"inLanguage":"da-DK"},{"@type":"Organization","@id":"https:\/\/last-chance.dk\/#organization","name":"LASTCHANCE Deals | Danmark","url":"https:\/\/last-chance.dk\/","logo":{"@type":"ImageObject","inLanguage":"da-DK","@id":"https:\/\/last-chance.dk\/#\/schema\/logo\/image\/","url":"https:\/\/last-chance.dk\/wp-content\/uploads\/2023\/10\/lastchancedeals_logo_dk_white.png","contentUrl":"https:\/\/last-chance.dk\/wp-content\/uploads\/2023\/10\/lastchancedeals_logo_dk_white.png","width":470,"height":110,"caption":"LASTCHANCE Deals | Danmark"},"image":{"@id":"https:\/\/last-chance.dk\/#\/schema\/logo\/image\/"}}]}},"_links":{"self":[{"href":"https:\/\/last-chance.dk\/index.php?rest_route=\/wp\/v2\/product\/6950","targetHints":{"allow":["GET"]}}],"collection":[{"href":"https:\/\/last-chance.dk\/index.php?rest_route=\/wp\/v2\/product"}],"about":[{"href":"https:\/\/last-chance.dk\/index.php?rest_route=\/wp\/v2\/types\/product"}],"replies":[{"embeddable":true,"href":"https:\/\/last-chance.dk\/index.php?rest_route=%2Fwp%2Fv2%2Fcomments&post=6950"}],"wp:featuredmedia":[{"embeddable":true,"href":"https:\/\/last-chance.dk\/index.php?rest_route=\/wp\/v2\/media\/6937"}],"wp:attachment":[{"href":"https:\/\/last-chance.dk\/index.php?rest_route=%2Fwp%2Fv2%2Fmedia&parent=6950"}],"wp:term":[{"taxonomy":"product_brand","embeddable":true,"href":"https:\/\/last-chance.dk\/index.php?rest_route=%2Fwp%2Fv2%2Fproduct_brand&post=6950"},{"taxonomy":"product_cat","embeddable":true,"href":"https:\/\/last-chance.dk\/index.php?rest_route=%2Fwp%2Fv2%2Fproduct_cat&post=6950"},{"taxonomy":"product_tag","embeddable":true,"href":"https:\/\/last-chance.dk\/index.php?rest_route=%2Fwp%2Fv2%2Fproduct_tag&post=6950"}],"curies":[{"name":"wp","href":"https:\/\/api.w.org\/{rel}","templated":true}]}}