{"id":6970,"date":"2023-11-06T13:18:50","date_gmt":"2023-11-06T13:18:50","guid":{"rendered":"https:\/\/www.lastchance.deals\/dk\/tuote\/sengetoej-saet-3-dele-luxoria-180x200cm\/"},"modified":"2025-09-19T18:27:46","modified_gmt":"2025-09-19T18:27:46","slug":"sengetoej-saet-3-dele-luxoria-180x200cm","status":"publish","type":"product","link":"https:\/\/last-chance.dk\/?product=sengetoej-saet-3-dele-luxoria-180x200cm","title":{"rendered":"Senget\u00f8j s\u00e6t 3-dele Luxoria 180x200cm"},"content":{"rendered":"<p>Dr\u00f8mmer du om at sove i et luksuri\u00f8st og elegant senget\u00f8j s\u00e6t? S\u00e5 er dette s\u00e6t fra ForrestDecor lige noget for dig. Det best\u00e5r af tre dele: et lagen i en flot stofkvalitet, der passer til en seng p\u00e5 180x200cm, og to matchende pudebetr\u00e6k. S\u00e6ttet har et klassisk design, der passer til enhver indretning og skaber en hyggelig stemning i sovev\u00e6relset. S\u00e6ttet er lavet af et bl\u00f8dt og behageligt materiale, der er nemt at vaske og holde rent. Du f\u00e5r ogs\u00e5 en garanti p\u00e5 seks m\u00e5neder, s\u00e5 du kan v\u00e6re sikker p\u00e5 at f\u00e5 et godt produkt.<\/p>\n<p><\/p>\n<p>Bestil dit senget\u00f8j s\u00e6t fra ForrestDecor i dag og fork\u00e6l dig selv med en sk\u00f8n nattes\u00f8vn. Du vil elske at kravle under dynen hver aften og v\u00e5gne op frisk og veludhvilet hver morgen. S\u00e6ttet er ogs\u00e5 en perfekt gaveid\u00e9 til en, du holder af. Giv dem en smag af luksus med dette smukke og komfortable senget\u00f8j s\u00e6t fra ForrestDecor.<\/p>\n<p><\/p>\n<p>Leveringstid: Leveringstid 1 uge<br \/>\nStil: klassisk<br \/>\nMateriale: stof<br \/>\n1x lagen: 180x200cm<br \/>\nFabrikant: ForrestDecor<br \/>\nGaranti: 6 m\u00e5neder<\/p>\n","protected":false},"excerpt":{"rendered":"<p>Dr\u00f8mmer du om at sove i et luksuri\u00f8st og elegant senget\u00f8j s\u00e6t? S\u00e5 er dette s\u00e6t fra ForrestDecor lige noget for dig. Det best\u00e5r af tre dele: et lagen i en flot stofkvalitet, der passer til en seng p\u00e5 180x200cm, og to matchende pudebetr\u00e6k. S\u00e6ttet har et klassisk design, der passer til enhver indretning og [&hellip;]<\/p>\n","protected":false},"featured_media":6962,"comment_status":"open","ping_status":"closed","template":"","meta":[],"product_brand":[],"product_cat":[139],"product_tag":[],"class_list":{"0":"post-6970","1":"product","2":"type-product","3":"status-publish","4":"has-post-thumbnail","6":"product_cat-bedding","8":"first","9":"instock","10":"shipping-taxable","11":"purchasable","12":"product-type-simple"},"yoast_head":"<!-- This site is optimized with the Yoast SEO plugin v24.8.1 - https:\/\/yoast.com\/wordpress\/plugins\/seo\/ -->\n<title>Senget\u00f8j s\u00e6t 3-dele Luxoria 180x200cm - LASTCHANCE Deals | Danmark<\/title>\n<meta name=\"robots\" content=\"index, follow, max-snippet:-1, max-image-preview:large, max-video-preview:-1\" \/>\n<link rel=\"canonical\" href=\"https:\/\/last-chance.dk\/?product=sengetoej-saet-3-dele-luxoria-180x200cm\" \/>\n<meta property=\"og:locale\" content=\"da_DK\" \/>\n<meta property=\"og:type\" content=\"article\" \/>\n<meta property=\"og:title\" content=\"Senget\u00f8j s\u00e6t 3-dele Luxoria 180x200cm - LASTCHANCE Deals | Danmark\" \/>\n<meta property=\"og:description\" content=\"Dr\u00f8mmer du om at sove i et luksuri\u00f8st og elegant senget\u00f8j s\u00e6t? S\u00e5 er dette s\u00e6t fra ForrestDecor lige noget for dig. Det best\u00e5r af tre dele: et lagen i en flot stofkvalitet, der passer til en seng p\u00e5 180x200cm, og to matchende pudebetr\u00e6k. S\u00e6ttet har et klassisk design, der passer til enhver indretning og [&hellip;]\" \/>\n<meta property=\"og:url\" content=\"https:\/\/last-chance.dk\/?product=sengetoej-saet-3-dele-luxoria-180x200cm\" \/>\n<meta property=\"og:site_name\" content=\"LASTCHANCE Deals | Danmark\" \/>\n<meta property=\"article:modified_time\" content=\"2025-09-19T18:27:46+00:00\" \/>\n<meta property=\"og:image\" content=\"https:\/\/last-chance.dk\/wp-content\/uploads\/2023\/11\/luxoria_green1_2.jpg\" \/>\n\t<meta property=\"og:image:width\" content=\"746\" \/>\n\t<meta property=\"og:image:height\" content=\"778\" \/>\n\t<meta property=\"og:image:type\" content=\"image\/jpeg\" \/>\n<meta name=\"twitter:card\" content=\"summary_large_image\" \/>\n<meta name=\"twitter:label1\" content=\"Estimeret l\u00e6setid\" \/>\n\t<meta name=\"twitter:data1\" content=\"1 minut\" \/>\n<script type=\"application\/ld+json\" class=\"yoast-schema-graph\">{\"@context\":\"https:\/\/schema.org\",\"@graph\":[{\"@type\":\"WebPage\",\"@id\":\"https:\/\/last-chance.dk\/?product=sengetoej-saet-3-dele-luxoria-180x200cm\",\"url\":\"https:\/\/last-chance.dk\/?product=sengetoej-saet-3-dele-luxoria-180x200cm\",\"name\":\"Senget\u00f8j s\u00e6t 3-dele Luxoria 180x200cm - LASTCHANCE Deals | Danmark\",\"isPartOf\":{\"@id\":\"https:\/\/last-chance.dk\/#website\"},\"primaryImageOfPage\":{\"@id\":\"https:\/\/last-chance.dk\/?product=sengetoej-saet-3-dele-luxoria-180x200cm#primaryimage\"},\"image\":{\"@id\":\"https:\/\/last-chance.dk\/?product=sengetoej-saet-3-dele-luxoria-180x200cm#primaryimage\"},\"thumbnailUrl\":\"https:\/\/last-chance.dk\/wp-content\/uploads\/2023\/11\/luxoria_green1_2.jpg\",\"datePublished\":\"2023-11-06T13:18:50+00:00\",\"dateModified\":\"2025-09-19T18:27:46+00:00\",\"breadcrumb\":{\"@id\":\"https:\/\/last-chance.dk\/?product=sengetoej-saet-3-dele-luxoria-180x200cm#breadcrumb\"},\"inLanguage\":\"da-DK\",\"potentialAction\":[{\"@type\":\"ReadAction\",\"target\":[\"https:\/\/last-chance.dk\/?product=sengetoej-saet-3-dele-luxoria-180x200cm\"]}]},{\"@type\":\"ImageObject\",\"inLanguage\":\"da-DK\",\"@id\":\"https:\/\/last-chance.dk\/?product=sengetoej-saet-3-dele-luxoria-180x200cm#primaryimage\",\"url\":\"https:\/\/last-chance.dk\/wp-content\/uploads\/2023\/11\/luxoria_green1_2.jpg\",\"contentUrl\":\"https:\/\/last-chance.dk\/wp-content\/uploads\/2023\/11\/luxoria_green1_2.jpg\",\"width\":746,\"height\":778},{\"@type\":\"BreadcrumbList\",\"@id\":\"https:\/\/last-chance.dk\/?product=sengetoej-saet-3-dele-luxoria-180x200cm#breadcrumb\",\"itemListElement\":[{\"@type\":\"ListItem\",\"position\":1,\"name\":\"Home\",\"item\":\"https:\/\/last-chance.dk\/\"},{\"@type\":\"ListItem\",\"position\":2,\"name\":\"Senget\u00f8j s\u00e6t 3-dele Luxoria 180x200cm\"}]},{\"@type\":\"WebSite\",\"@id\":\"https:\/\/last-chance.dk\/#website\",\"url\":\"https:\/\/last-chance.dk\/\",\"name\":\"LASTCHANCE Deals | Danmark\",\"description\":\"LASTCHANCE Deals | Danmark\",\"publisher\":{\"@id\":\"https:\/\/last-chance.dk\/#organization\"},\"potentialAction\":[{\"@type\":\"SearchAction\",\"target\":{\"@type\":\"EntryPoint\",\"urlTemplate\":\"https:\/\/last-chance.dk\/?s={search_term_string}\"},\"query-input\":{\"@type\":\"PropertyValueSpecification\",\"valueRequired\":true,\"valueName\":\"search_term_string\"}}],\"inLanguage\":\"da-DK\"},{\"@type\":\"Organization\",\"@id\":\"https:\/\/last-chance.dk\/#organization\",\"name\":\"LASTCHANCE Deals | Danmark\",\"url\":\"https:\/\/last-chance.dk\/\",\"logo\":{\"@type\":\"ImageObject\",\"inLanguage\":\"da-DK\",\"@id\":\"https:\/\/last-chance.dk\/#\/schema\/logo\/image\/\",\"url\":\"https:\/\/last-chance.dk\/wp-content\/uploads\/2023\/10\/lastchancedeals_logo_dk_white.png\",\"contentUrl\":\"https:\/\/last-chance.dk\/wp-content\/uploads\/2023\/10\/lastchancedeals_logo_dk_white.png\",\"width\":470,\"height\":110,\"caption\":\"LASTCHANCE Deals | Danmark\"},\"image\":{\"@id\":\"https:\/\/last-chance.dk\/#\/schema\/logo\/image\/\"}}]}<\/script>\n<!-- \/ Yoast SEO plugin. -->","yoast_head_json":{"title":"Senget\u00f8j s\u00e6t 3-dele Luxoria 180x200cm - LASTCHANCE Deals | Danmark","robots":{"index":"index","follow":"follow","max-snippet":"max-snippet:-1","max-image-preview":"max-image-preview:large","max-video-preview":"max-video-preview:-1"},"canonical":"https:\/\/last-chance.dk\/?product=sengetoej-saet-3-dele-luxoria-180x200cm","og_locale":"da_DK","og_type":"article","og_title":"Senget\u00f8j s\u00e6t 3-dele Luxoria 180x200cm - LASTCHANCE Deals | Danmark","og_description":"Dr\u00f8mmer du om at sove i et luksuri\u00f8st og elegant senget\u00f8j s\u00e6t? S\u00e5 er dette s\u00e6t fra ForrestDecor lige noget for dig. Det best\u00e5r af tre dele: et lagen i en flot stofkvalitet, der passer til en seng p\u00e5 180x200cm, og to matchende pudebetr\u00e6k. S\u00e6ttet har et klassisk design, der passer til enhver indretning og [&hellip;]","og_url":"https:\/\/last-chance.dk\/?product=sengetoej-saet-3-dele-luxoria-180x200cm","og_site_name":"LASTCHANCE Deals | Danmark","article_modified_time":"2025-09-19T18:27:46+00:00","og_image":[{"width":746,"height":778,"url":"https:\/\/last-chance.dk\/wp-content\/uploads\/2023\/11\/luxoria_green1_2.jpg","type":"image\/jpeg"}],"twitter_card":"summary_large_image","twitter_misc":{"Estimeret l\u00e6setid":"1 minut"},"schema":{"@context":"https:\/\/schema.org","@graph":[{"@type":"WebPage","@id":"https:\/\/last-chance.dk\/?product=sengetoej-saet-3-dele-luxoria-180x200cm","url":"https:\/\/last-chance.dk\/?product=sengetoej-saet-3-dele-luxoria-180x200cm","name":"Senget\u00f8j s\u00e6t 3-dele Luxoria 180x200cm - LASTCHANCE Deals | Danmark","isPartOf":{"@id":"https:\/\/last-chance.dk\/#website"},"primaryImageOfPage":{"@id":"https:\/\/last-chance.dk\/?product=sengetoej-saet-3-dele-luxoria-180x200cm#primaryimage"},"image":{"@id":"https:\/\/last-chance.dk\/?product=sengetoej-saet-3-dele-luxoria-180x200cm#primaryimage"},"thumbnailUrl":"https:\/\/last-chance.dk\/wp-content\/uploads\/2023\/11\/luxoria_green1_2.jpg","datePublished":"2023-11-06T13:18:50+00:00","dateModified":"2025-09-19T18:27:46+00:00","breadcrumb":{"@id":"https:\/\/last-chance.dk\/?product=sengetoej-saet-3-dele-luxoria-180x200cm#breadcrumb"},"inLanguage":"da-DK","potentialAction":[{"@type":"ReadAction","target":["https:\/\/last-chance.dk\/?product=sengetoej-saet-3-dele-luxoria-180x200cm"]}]},{"@type":"ImageObject","inLanguage":"da-DK","@id":"https:\/\/last-chance.dk\/?product=sengetoej-saet-3-dele-luxoria-180x200cm#primaryimage","url":"https:\/\/last-chance.dk\/wp-content\/uploads\/2023\/11\/luxoria_green1_2.jpg","contentUrl":"https:\/\/last-chance.dk\/wp-content\/uploads\/2023\/11\/luxoria_green1_2.jpg","width":746,"height":778},{"@type":"BreadcrumbList","@id":"https:\/\/last-chance.dk\/?product=sengetoej-saet-3-dele-luxoria-180x200cm#breadcrumb","itemListElement":[{"@type":"ListItem","position":1,"name":"Home","item":"https:\/\/last-chance.dk\/"},{"@type":"ListItem","position":2,"name":"Senget\u00f8j s\u00e6t 3-dele Luxoria 180x200cm"}]},{"@type":"WebSite","@id":"https:\/\/last-chance.dk\/#website","url":"https:\/\/last-chance.dk\/","name":"LASTCHANCE Deals | Danmark","description":"LASTCHANCE Deals | Danmark","publisher":{"@id":"https:\/\/last-chance.dk\/#organization"},"potentialAction":[{"@type":"SearchAction","target":{"@type":"EntryPoint","urlTemplate":"https:\/\/last-chance.dk\/?s={search_term_string}"},"query-input":{"@type":"PropertyValueSpecification","valueRequired":true,"valueName":"search_term_string"}}],"inLanguage":"da-DK"},{"@type":"Organization","@id":"https:\/\/last-chance.dk\/#organization","name":"LASTCHANCE Deals | Danmark","url":"https:\/\/last-chance.dk\/","logo":{"@type":"ImageObject","inLanguage":"da-DK","@id":"https:\/\/last-chance.dk\/#\/schema\/logo\/image\/","url":"https:\/\/last-chance.dk\/wp-content\/uploads\/2023\/10\/lastchancedeals_logo_dk_white.png","contentUrl":"https:\/\/last-chance.dk\/wp-content\/uploads\/2023\/10\/lastchancedeals_logo_dk_white.png","width":470,"height":110,"caption":"LASTCHANCE Deals | Danmark"},"image":{"@id":"https:\/\/last-chance.dk\/#\/schema\/logo\/image\/"}}]}},"_links":{"self":[{"href":"https:\/\/last-chance.dk\/index.php?rest_route=\/wp\/v2\/product\/6970","targetHints":{"allow":["GET"]}}],"collection":[{"href":"https:\/\/last-chance.dk\/index.php?rest_route=\/wp\/v2\/product"}],"about":[{"href":"https:\/\/last-chance.dk\/index.php?rest_route=\/wp\/v2\/types\/product"}],"replies":[{"embeddable":true,"href":"https:\/\/last-chance.dk\/index.php?rest_route=%2Fwp%2Fv2%2Fcomments&post=6970"}],"wp:featuredmedia":[{"embeddable":true,"href":"https:\/\/last-chance.dk\/index.php?rest_route=\/wp\/v2\/media\/6962"}],"wp:attachment":[{"href":"https:\/\/last-chance.dk\/index.php?rest_route=%2Fwp%2Fv2%2Fmedia&parent=6970"}],"wp:term":[{"taxonomy":"product_brand","embeddable":true,"href":"https:\/\/last-chance.dk\/index.php?rest_route=%2Fwp%2Fv2%2Fproduct_brand&post=6970"},{"taxonomy":"product_cat","embeddable":true,"href":"https:\/\/last-chance.dk\/index.php?rest_route=%2Fwp%2Fv2%2Fproduct_cat&post=6970"},{"taxonomy":"product_tag","embeddable":true,"href":"https:\/\/last-chance.dk\/index.php?rest_route=%2Fwp%2Fv2%2Fproduct_tag&post=6970"}],"curies":[{"name":"wp","href":"https:\/\/api.w.org\/{rel}","templated":true}]}}