{"id":6982,"date":"2023-11-06T13:19:25","date_gmt":"2023-11-06T13:19:25","guid":{"rendered":"https:\/\/www.lastchance.deals\/dk\/tuote\/hustler-poolbord-bordtennisbord-saet\/"},"modified":"2025-10-13T11:54:42","modified_gmt":"2025-10-13T11:54:42","slug":"hustler-poolbord-bordtennisbord-saet","status":"publish","type":"product","link":"https:\/\/last-chance.dk\/?product=hustler-poolbord-bordtennisbord-saet","title":{"rendered":"Hustler Poolbord + bordtennisbord s\u00e6t"},"content":{"rendered":"<p><strong>Hustler sammenklappeligt billardbord + bordtennisbord + tilbeh\u00f8rss\u00e6t<\/strong><\/p>\n<p>Vil du nyde at spille billard og bordtennis derhjemme, men har du ikke nok plads? Bare rolig, vi har en l\u00f8sning til dig!<\/p>\n<p>Hustler sammenklappeligt billardbord + bordtennisbord + tilbeh\u00f8rss\u00e6t er det perfekte valg for dig, der \u00f8nsker et alsidigt og kvalitetsfuldt spillebord til en overkommelig pris. Dette bord er lavet af holdbar mdf-plade, metal og PVC, og det er let at samle og folde sammen til opbevaring. Du kan skifte mellem billard og bordtennis p\u00e5 et \u00f8jeblik, da bordet leveres med alt n\u00f8dvendigt tilbeh\u00f8r: billardkugler, k\u00f8er, b\u00f8rste, trekant, kridt.<\/p>\n<p>Hustler sammenklappeligt billardbord + bordtennisbord + tilbeh\u00f8rss\u00e6t f\u00e5s i to forskellige st\u00f8rrelser: 7ft (213x122x81cm) og 8ft (244x132x81cm). Du kan v\u00e6lge den st\u00f8rrelse, der passer dig bedst afh\u00e6ngigt af plads og pr\u00e6ference. Dette bord passer b\u00e5de til b\u00f8rn og voksne, og det giver sjov underholdning for b\u00e5de familien og vennerne.<\/p>\n<p><\/p>\n<p>Leveringstid: Leveringstid 1 uge<br \/>\nMateriale: mdf,metal,PVC<br \/>\nFarve: bl\u00e5<br \/>\nDimensioner: 7ft &#8211; 213x122x81cm \/ 8ft &#8211; 244x132x81cm<br \/>\nBel\u00f8b: Tilbeh\u00f8r: 1 s\u00e6t med 2 1\/4&#8243; kugler, 2 stk. 57&#8243; k\u00f8er, 1 stk. b\u00f8rste, 1 stk. trekant, 2 stk. kridt<br \/>\nMontage: skal samles<br \/>\nFabrikant: ForrestDecor<\/p>\n","protected":false},"excerpt":{"rendered":"<p>Hustler sammenklappeligt billardbord + bordtennisbord + tilbeh\u00f8rss\u00e6t Vil du nyde at spille billard og bordtennis derhjemme, men har du ikke nok plads? Bare rolig, vi har en l\u00f8sning til dig! Hustler sammenklappeligt billardbord + bordtennisbord + tilbeh\u00f8rss\u00e6t er det perfekte valg for dig, der \u00f8nsker et alsidigt og kvalitetsfuldt spillebord til en overkommelig pris. Dette [&hellip;]<\/p>\n","protected":false},"featured_media":6976,"comment_status":"open","ping_status":"closed","template":"","meta":[],"product_brand":[],"product_cat":[142],"product_tag":[],"class_list":{"0":"post-6982","1":"product","2":"type-product","3":"status-publish","4":"has-post-thumbnail","6":"product_cat-billiards","8":"first","9":"instock","10":"shipping-taxable","11":"purchasable","12":"product-type-simple"},"yoast_head":"<!-- This site is optimized with the Yoast SEO plugin v24.8.1 - https:\/\/yoast.com\/wordpress\/plugins\/seo\/ -->\n<title>Hustler Poolbord + bordtennisbord s\u00e6t - LASTCHANCE Deals | Danmark<\/title>\n<meta name=\"robots\" content=\"index, follow, max-snippet:-1, max-image-preview:large, max-video-preview:-1\" \/>\n<link rel=\"canonical\" href=\"https:\/\/last-chance.dk\/?product=hustler-poolbord-bordtennisbord-saet\" \/>\n<meta property=\"og:locale\" content=\"da_DK\" \/>\n<meta property=\"og:type\" content=\"article\" \/>\n<meta property=\"og:title\" content=\"Hustler Poolbord + bordtennisbord s\u00e6t - LASTCHANCE Deals | Danmark\" \/>\n<meta property=\"og:description\" content=\"Hustler sammenklappeligt billardbord + bordtennisbord + tilbeh\u00f8rss\u00e6t Vil du nyde at spille billard og bordtennis derhjemme, men har du ikke nok plads? Bare rolig, vi har en l\u00f8sning til dig! Hustler sammenklappeligt billardbord + bordtennisbord + tilbeh\u00f8rss\u00e6t er det perfekte valg for dig, der \u00f8nsker et alsidigt og kvalitetsfuldt spillebord til en overkommelig pris. Dette [&hellip;]\" \/>\n<meta property=\"og:url\" content=\"https:\/\/last-chance.dk\/?product=hustler-poolbord-bordtennisbord-saet\" \/>\n<meta property=\"og:site_name\" content=\"LASTCHANCE Deals | Danmark\" \/>\n<meta property=\"article:modified_time\" content=\"2025-10-13T11:54:42+00:00\" \/>\n<meta property=\"og:image\" content=\"https:\/\/last-chance.dk\/wp-content\/uploads\/2023\/11\/bl-t002-1.jpg\" \/>\n\t<meta property=\"og:image:width\" content=\"1200\" \/>\n\t<meta property=\"og:image:height\" content=\"1200\" \/>\n\t<meta property=\"og:image:type\" content=\"image\/jpeg\" \/>\n<meta name=\"twitter:card\" content=\"summary_large_image\" \/>\n<meta name=\"twitter:label1\" content=\"Estimeret l\u00e6setid\" \/>\n\t<meta name=\"twitter:data1\" content=\"2 minutter\" \/>\n<script type=\"application\/ld+json\" class=\"yoast-schema-graph\">{\"@context\":\"https:\/\/schema.org\",\"@graph\":[{\"@type\":\"WebPage\",\"@id\":\"https:\/\/last-chance.dk\/?product=hustler-poolbord-bordtennisbord-saet\",\"url\":\"https:\/\/last-chance.dk\/?product=hustler-poolbord-bordtennisbord-saet\",\"name\":\"Hustler Poolbord + bordtennisbord s\u00e6t - LASTCHANCE Deals | Danmark\",\"isPartOf\":{\"@id\":\"https:\/\/last-chance.dk\/#website\"},\"primaryImageOfPage\":{\"@id\":\"https:\/\/last-chance.dk\/?product=hustler-poolbord-bordtennisbord-saet#primaryimage\"},\"image\":{\"@id\":\"https:\/\/last-chance.dk\/?product=hustler-poolbord-bordtennisbord-saet#primaryimage\"},\"thumbnailUrl\":\"https:\/\/last-chance.dk\/wp-content\/uploads\/2023\/11\/bl-t002-1.jpg\",\"datePublished\":\"2023-11-06T13:19:25+00:00\",\"dateModified\":\"2025-10-13T11:54:42+00:00\",\"breadcrumb\":{\"@id\":\"https:\/\/last-chance.dk\/?product=hustler-poolbord-bordtennisbord-saet#breadcrumb\"},\"inLanguage\":\"da-DK\",\"potentialAction\":[{\"@type\":\"ReadAction\",\"target\":[\"https:\/\/last-chance.dk\/?product=hustler-poolbord-bordtennisbord-saet\"]}]},{\"@type\":\"ImageObject\",\"inLanguage\":\"da-DK\",\"@id\":\"https:\/\/last-chance.dk\/?product=hustler-poolbord-bordtennisbord-saet#primaryimage\",\"url\":\"https:\/\/last-chance.dk\/wp-content\/uploads\/2023\/11\/bl-t002-1.jpg\",\"contentUrl\":\"https:\/\/last-chance.dk\/wp-content\/uploads\/2023\/11\/bl-t002-1.jpg\",\"width\":1200,\"height\":1200},{\"@type\":\"BreadcrumbList\",\"@id\":\"https:\/\/last-chance.dk\/?product=hustler-poolbord-bordtennisbord-saet#breadcrumb\",\"itemListElement\":[{\"@type\":\"ListItem\",\"position\":1,\"name\":\"Home\",\"item\":\"https:\/\/last-chance.dk\/\"},{\"@type\":\"ListItem\",\"position\":2,\"name\":\"Hustler Poolbord + bordtennisbord s\u00e6t\"}]},{\"@type\":\"WebSite\",\"@id\":\"https:\/\/last-chance.dk\/#website\",\"url\":\"https:\/\/last-chance.dk\/\",\"name\":\"LASTCHANCE Deals | Danmark\",\"description\":\"LASTCHANCE Deals | Danmark\",\"publisher\":{\"@id\":\"https:\/\/last-chance.dk\/#organization\"},\"potentialAction\":[{\"@type\":\"SearchAction\",\"target\":{\"@type\":\"EntryPoint\",\"urlTemplate\":\"https:\/\/last-chance.dk\/?s={search_term_string}\"},\"query-input\":{\"@type\":\"PropertyValueSpecification\",\"valueRequired\":true,\"valueName\":\"search_term_string\"}}],\"inLanguage\":\"da-DK\"},{\"@type\":\"Organization\",\"@id\":\"https:\/\/last-chance.dk\/#organization\",\"name\":\"LASTCHANCE Deals | Danmark\",\"url\":\"https:\/\/last-chance.dk\/\",\"logo\":{\"@type\":\"ImageObject\",\"inLanguage\":\"da-DK\",\"@id\":\"https:\/\/last-chance.dk\/#\/schema\/logo\/image\/\",\"url\":\"https:\/\/last-chance.dk\/wp-content\/uploads\/2023\/10\/lastchancedeals_logo_dk_white.png\",\"contentUrl\":\"https:\/\/last-chance.dk\/wp-content\/uploads\/2023\/10\/lastchancedeals_logo_dk_white.png\",\"width\":470,\"height\":110,\"caption\":\"LASTCHANCE Deals | Danmark\"},\"image\":{\"@id\":\"https:\/\/last-chance.dk\/#\/schema\/logo\/image\/\"}}]}<\/script>\n<!-- \/ Yoast SEO plugin. -->","yoast_head_json":{"title":"Hustler Poolbord + bordtennisbord s\u00e6t - LASTCHANCE Deals | Danmark","robots":{"index":"index","follow":"follow","max-snippet":"max-snippet:-1","max-image-preview":"max-image-preview:large","max-video-preview":"max-video-preview:-1"},"canonical":"https:\/\/last-chance.dk\/?product=hustler-poolbord-bordtennisbord-saet","og_locale":"da_DK","og_type":"article","og_title":"Hustler Poolbord + bordtennisbord s\u00e6t - LASTCHANCE Deals | Danmark","og_description":"Hustler sammenklappeligt billardbord + bordtennisbord + tilbeh\u00f8rss\u00e6t Vil du nyde at spille billard og bordtennis derhjemme, men har du ikke nok plads? Bare rolig, vi har en l\u00f8sning til dig! Hustler sammenklappeligt billardbord + bordtennisbord + tilbeh\u00f8rss\u00e6t er det perfekte valg for dig, der \u00f8nsker et alsidigt og kvalitetsfuldt spillebord til en overkommelig pris. Dette [&hellip;]","og_url":"https:\/\/last-chance.dk\/?product=hustler-poolbord-bordtennisbord-saet","og_site_name":"LASTCHANCE Deals | Danmark","article_modified_time":"2025-10-13T11:54:42+00:00","og_image":[{"width":1200,"height":1200,"url":"https:\/\/last-chance.dk\/wp-content\/uploads\/2023\/11\/bl-t002-1.jpg","type":"image\/jpeg"}],"twitter_card":"summary_large_image","twitter_misc":{"Estimeret l\u00e6setid":"2 minutter"},"schema":{"@context":"https:\/\/schema.org","@graph":[{"@type":"WebPage","@id":"https:\/\/last-chance.dk\/?product=hustler-poolbord-bordtennisbord-saet","url":"https:\/\/last-chance.dk\/?product=hustler-poolbord-bordtennisbord-saet","name":"Hustler Poolbord + bordtennisbord s\u00e6t - LASTCHANCE Deals | Danmark","isPartOf":{"@id":"https:\/\/last-chance.dk\/#website"},"primaryImageOfPage":{"@id":"https:\/\/last-chance.dk\/?product=hustler-poolbord-bordtennisbord-saet#primaryimage"},"image":{"@id":"https:\/\/last-chance.dk\/?product=hustler-poolbord-bordtennisbord-saet#primaryimage"},"thumbnailUrl":"https:\/\/last-chance.dk\/wp-content\/uploads\/2023\/11\/bl-t002-1.jpg","datePublished":"2023-11-06T13:19:25+00:00","dateModified":"2025-10-13T11:54:42+00:00","breadcrumb":{"@id":"https:\/\/last-chance.dk\/?product=hustler-poolbord-bordtennisbord-saet#breadcrumb"},"inLanguage":"da-DK","potentialAction":[{"@type":"ReadAction","target":["https:\/\/last-chance.dk\/?product=hustler-poolbord-bordtennisbord-saet"]}]},{"@type":"ImageObject","inLanguage":"da-DK","@id":"https:\/\/last-chance.dk\/?product=hustler-poolbord-bordtennisbord-saet#primaryimage","url":"https:\/\/last-chance.dk\/wp-content\/uploads\/2023\/11\/bl-t002-1.jpg","contentUrl":"https:\/\/last-chance.dk\/wp-content\/uploads\/2023\/11\/bl-t002-1.jpg","width":1200,"height":1200},{"@type":"BreadcrumbList","@id":"https:\/\/last-chance.dk\/?product=hustler-poolbord-bordtennisbord-saet#breadcrumb","itemListElement":[{"@type":"ListItem","position":1,"name":"Home","item":"https:\/\/last-chance.dk\/"},{"@type":"ListItem","position":2,"name":"Hustler Poolbord + bordtennisbord s\u00e6t"}]},{"@type":"WebSite","@id":"https:\/\/last-chance.dk\/#website","url":"https:\/\/last-chance.dk\/","name":"LASTCHANCE Deals | Danmark","description":"LASTCHANCE Deals | Danmark","publisher":{"@id":"https:\/\/last-chance.dk\/#organization"},"potentialAction":[{"@type":"SearchAction","target":{"@type":"EntryPoint","urlTemplate":"https:\/\/last-chance.dk\/?s={search_term_string}"},"query-input":{"@type":"PropertyValueSpecification","valueRequired":true,"valueName":"search_term_string"}}],"inLanguage":"da-DK"},{"@type":"Organization","@id":"https:\/\/last-chance.dk\/#organization","name":"LASTCHANCE Deals | Danmark","url":"https:\/\/last-chance.dk\/","logo":{"@type":"ImageObject","inLanguage":"da-DK","@id":"https:\/\/last-chance.dk\/#\/schema\/logo\/image\/","url":"https:\/\/last-chance.dk\/wp-content\/uploads\/2023\/10\/lastchancedeals_logo_dk_white.png","contentUrl":"https:\/\/last-chance.dk\/wp-content\/uploads\/2023\/10\/lastchancedeals_logo_dk_white.png","width":470,"height":110,"caption":"LASTCHANCE Deals | Danmark"},"image":{"@id":"https:\/\/last-chance.dk\/#\/schema\/logo\/image\/"}}]}},"_links":{"self":[{"href":"https:\/\/last-chance.dk\/index.php?rest_route=\/wp\/v2\/product\/6982","targetHints":{"allow":["GET"]}}],"collection":[{"href":"https:\/\/last-chance.dk\/index.php?rest_route=\/wp\/v2\/product"}],"about":[{"href":"https:\/\/last-chance.dk\/index.php?rest_route=\/wp\/v2\/types\/product"}],"replies":[{"embeddable":true,"href":"https:\/\/last-chance.dk\/index.php?rest_route=%2Fwp%2Fv2%2Fcomments&post=6982"}],"wp:featuredmedia":[{"embeddable":true,"href":"https:\/\/last-chance.dk\/index.php?rest_route=\/wp\/v2\/media\/6976"}],"wp:attachment":[{"href":"https:\/\/last-chance.dk\/index.php?rest_route=%2Fwp%2Fv2%2Fmedia&parent=6982"}],"wp:term":[{"taxonomy":"product_brand","embeddable":true,"href":"https:\/\/last-chance.dk\/index.php?rest_route=%2Fwp%2Fv2%2Fproduct_brand&post=6982"},{"taxonomy":"product_cat","embeddable":true,"href":"https:\/\/last-chance.dk\/index.php?rest_route=%2Fwp%2Fv2%2Fproduct_cat&post=6982"},{"taxonomy":"product_tag","embeddable":true,"href":"https:\/\/last-chance.dk\/index.php?rest_route=%2Fwp%2Fv2%2Fproduct_tag&post=6982"}],"curies":[{"name":"wp","href":"https:\/\/api.w.org\/{rel}","templated":true}]}}