{"id":6986,"date":"2023-11-06T13:19:56","date_gmt":"2023-11-06T13:19:56","guid":{"rendered":"https:\/\/www.lastchance.deals\/dk\/tuote\/hvidt-bonded-kunstlaederbonded-leather-5-30m-rulle-hvid\/"},"modified":"2025-09-19T17:54:02","modified_gmt":"2025-09-19T17:54:02","slug":"hvidt-bonded-kunstlaederbonded-leather-5-30m-rulle-hvid","status":"publish","type":"product","link":"https:\/\/last-chance.dk\/?product=hvidt-bonded-kunstlaederbonded-leather-5-30m-rulle-hvid","title":{"rendered":"Hvidt bonded kunstl\u00e6der(Bonded Leather) 5-30m rulle  hvid"},"content":{"rendered":"<p>Hvis du leder efter et elegant og holdbart materiale til dine m\u00f8bler, gardiner eller andre kreative projekter, s\u00e5 er hvidt bonded kunstl\u00e6der fra ForrestDecor det perfekte valg for dig. Bonded kunstl\u00e6der er et materiale, der best\u00e5r af \u00e6gte l\u00e6der i kontaktomr\u00e5der og kunstigt l\u00e6der i resten. Det giver dig fordelene ved b\u00e5de naturligt og syntetisk l\u00e6der, s\u00e5som bl\u00f8dhed, slidstyrke og nem reng\u00f8ring.<\/p>\n<p><\/p>\n<p>Du kan bestille hvidt bonded kunstl\u00e6der i ruller p\u00e5 5, 15 eller 30 meter, alt efter dit behov. Hver rulle er 140 cm bred og har en ensartet og glat overflade. Farven er en ren og lys hvid, der passer til enhver stil og indretning. Du kan bruge hvidt bonded kunstl\u00e6der til at polstre dine sofaer, stole, puder eller senge, eller til at lave flotte gardiner, tasker, b\u00e6lter eller andre accessories. Mulighederne er uendelige med dette alsidige og kvalitetsrige materiale.<\/p>\n<p><\/p>\n<p>Bestil dit hvidt bonded kunstl\u00e6der i dag og lad din kreativitet f\u00e5 frit l\u00f8b. ForrestDecor er en anerkendt fabrikant af kunstl\u00e6der, der leverer produkter i topklasse til rimelige priser. Du vil ikke fortryde dit k\u00f8b af hvidt bonded kunstl\u00e6der fra ForrestDecor.<\/p>\n<p><\/p>\n<p>Leveringstid: Leveringstid 1 uge<br \/>\nMateriale: kunstigt l\u00e6der,\u00e6gte l\u00e6der i kontaktomr\u00e5der<br \/>\nFarve: hvid<br \/>\nDimensioner: 140x500cm \/ 140x1500cm \/ 140x3000cm<br \/>\nFabrikant: ForrestDecor<\/p>\n","protected":false},"excerpt":{"rendered":"<p>Hvis du leder efter et elegant og holdbart materiale til dine m\u00f8bler, gardiner eller andre kreative projekter, s\u00e5 er hvidt bonded kunstl\u00e6der fra ForrestDecor det perfekte valg for dig. Bonded kunstl\u00e6der er et materiale, der best\u00e5r af \u00e6gte l\u00e6der i kontaktomr\u00e5der og kunstigt l\u00e6der i resten. Det giver dig fordelene ved b\u00e5de naturligt og syntetisk [&hellip;]<\/p>\n","protected":false},"featured_media":6985,"comment_status":"open","ping_status":"closed","template":"","meta":[],"product_brand":[],"product_cat":[143],"product_tag":[],"class_list":{"0":"post-6986","1":"product","2":"type-product","3":"status-publish","4":"has-post-thumbnail","6":"product_cat-furniture-accessories","8":"first","9":"instock","10":"shipping-taxable","11":"purchasable","12":"product-type-simple"},"yoast_head":"<!-- This site is optimized with the Yoast SEO plugin v24.8.1 - https:\/\/yoast.com\/wordpress\/plugins\/seo\/ -->\n<title>Hvidt bonded kunstl\u00e6der(Bonded Leather) 5-30m rulle hvid - LASTCHANCE Deals | Danmark<\/title>\n<meta name=\"robots\" content=\"index, follow, max-snippet:-1, max-image-preview:large, max-video-preview:-1\" \/>\n<link rel=\"canonical\" href=\"https:\/\/last-chance.dk\/?product=hvidt-bonded-kunstlaederbonded-leather-5-30m-rulle-hvid\" \/>\n<meta property=\"og:locale\" content=\"da_DK\" \/>\n<meta property=\"og:type\" content=\"article\" \/>\n<meta property=\"og:title\" content=\"Hvidt bonded kunstl\u00e6der(Bonded Leather) 5-30m rulle hvid - LASTCHANCE Deals | Danmark\" \/>\n<meta property=\"og:description\" content=\"Hvis du leder efter et elegant og holdbart materiale til dine m\u00f8bler, gardiner eller andre kreative projekter, s\u00e5 er hvidt bonded kunstl\u00e6der fra ForrestDecor det perfekte valg for dig. Bonded kunstl\u00e6der er et materiale, der best\u00e5r af \u00e6gte l\u00e6der i kontaktomr\u00e5der og kunstigt l\u00e6der i resten. Det giver dig fordelene ved b\u00e5de naturligt og syntetisk [&hellip;]\" \/>\n<meta property=\"og:url\" content=\"https:\/\/last-chance.dk\/?product=hvidt-bonded-kunstlaederbonded-leather-5-30m-rulle-hvid\" \/>\n<meta property=\"og:site_name\" content=\"LASTCHANCE Deals | Danmark\" \/>\n<meta property=\"article:modified_time\" content=\"2025-09-19T17:54:02+00:00\" \/>\n<meta property=\"og:image\" content=\"https:\/\/last-chance.dk\/wp-content\/uploads\/2023\/11\/dwg-814-b_detail4_2048x2048_1.jpg\" \/>\n\t<meta property=\"og:image:width\" content=\"1200\" \/>\n\t<meta property=\"og:image:height\" content=\"1200\" \/>\n\t<meta property=\"og:image:type\" content=\"image\/jpeg\" \/>\n<meta name=\"twitter:card\" content=\"summary_large_image\" \/>\n<meta name=\"twitter:label1\" content=\"Estimeret l\u00e6setid\" \/>\n\t<meta name=\"twitter:data1\" content=\"1 minut\" \/>\n<script type=\"application\/ld+json\" class=\"yoast-schema-graph\">{\"@context\":\"https:\/\/schema.org\",\"@graph\":[{\"@type\":\"WebPage\",\"@id\":\"https:\/\/last-chance.dk\/?product=hvidt-bonded-kunstlaederbonded-leather-5-30m-rulle-hvid\",\"url\":\"https:\/\/last-chance.dk\/?product=hvidt-bonded-kunstlaederbonded-leather-5-30m-rulle-hvid\",\"name\":\"Hvidt bonded kunstl\u00e6der(Bonded Leather) 5-30m rulle hvid - LASTCHANCE Deals | Danmark\",\"isPartOf\":{\"@id\":\"https:\/\/last-chance.dk\/#website\"},\"primaryImageOfPage\":{\"@id\":\"https:\/\/last-chance.dk\/?product=hvidt-bonded-kunstlaederbonded-leather-5-30m-rulle-hvid#primaryimage\"},\"image\":{\"@id\":\"https:\/\/last-chance.dk\/?product=hvidt-bonded-kunstlaederbonded-leather-5-30m-rulle-hvid#primaryimage\"},\"thumbnailUrl\":\"https:\/\/last-chance.dk\/wp-content\/uploads\/2023\/11\/dwg-814-b_detail4_2048x2048_1.jpg\",\"datePublished\":\"2023-11-06T13:19:56+00:00\",\"dateModified\":\"2025-09-19T17:54:02+00:00\",\"breadcrumb\":{\"@id\":\"https:\/\/last-chance.dk\/?product=hvidt-bonded-kunstlaederbonded-leather-5-30m-rulle-hvid#breadcrumb\"},\"inLanguage\":\"da-DK\",\"potentialAction\":[{\"@type\":\"ReadAction\",\"target\":[\"https:\/\/last-chance.dk\/?product=hvidt-bonded-kunstlaederbonded-leather-5-30m-rulle-hvid\"]}]},{\"@type\":\"ImageObject\",\"inLanguage\":\"da-DK\",\"@id\":\"https:\/\/last-chance.dk\/?product=hvidt-bonded-kunstlaederbonded-leather-5-30m-rulle-hvid#primaryimage\",\"url\":\"https:\/\/last-chance.dk\/wp-content\/uploads\/2023\/11\/dwg-814-b_detail4_2048x2048_1.jpg\",\"contentUrl\":\"https:\/\/last-chance.dk\/wp-content\/uploads\/2023\/11\/dwg-814-b_detail4_2048x2048_1.jpg\",\"width\":1200,\"height\":1200},{\"@type\":\"BreadcrumbList\",\"@id\":\"https:\/\/last-chance.dk\/?product=hvidt-bonded-kunstlaederbonded-leather-5-30m-rulle-hvid#breadcrumb\",\"itemListElement\":[{\"@type\":\"ListItem\",\"position\":1,\"name\":\"Home\",\"item\":\"https:\/\/last-chance.dk\/\"},{\"@type\":\"ListItem\",\"position\":2,\"name\":\"Hvidt bonded kunstl\u00e6der(Bonded Leather) 5-30m rulle hvid\"}]},{\"@type\":\"WebSite\",\"@id\":\"https:\/\/last-chance.dk\/#website\",\"url\":\"https:\/\/last-chance.dk\/\",\"name\":\"LASTCHANCE Deals | Danmark\",\"description\":\"LASTCHANCE Deals | Danmark\",\"publisher\":{\"@id\":\"https:\/\/last-chance.dk\/#organization\"},\"potentialAction\":[{\"@type\":\"SearchAction\",\"target\":{\"@type\":\"EntryPoint\",\"urlTemplate\":\"https:\/\/last-chance.dk\/?s={search_term_string}\"},\"query-input\":{\"@type\":\"PropertyValueSpecification\",\"valueRequired\":true,\"valueName\":\"search_term_string\"}}],\"inLanguage\":\"da-DK\"},{\"@type\":\"Organization\",\"@id\":\"https:\/\/last-chance.dk\/#organization\",\"name\":\"LASTCHANCE Deals | Danmark\",\"url\":\"https:\/\/last-chance.dk\/\",\"logo\":{\"@type\":\"ImageObject\",\"inLanguage\":\"da-DK\",\"@id\":\"https:\/\/last-chance.dk\/#\/schema\/logo\/image\/\",\"url\":\"https:\/\/last-chance.dk\/wp-content\/uploads\/2023\/10\/lastchancedeals_logo_dk_white.png\",\"contentUrl\":\"https:\/\/last-chance.dk\/wp-content\/uploads\/2023\/10\/lastchancedeals_logo_dk_white.png\",\"width\":470,\"height\":110,\"caption\":\"LASTCHANCE Deals | Danmark\"},\"image\":{\"@id\":\"https:\/\/last-chance.dk\/#\/schema\/logo\/image\/\"}}]}<\/script>\n<!-- \/ Yoast SEO plugin. -->","yoast_head_json":{"title":"Hvidt bonded kunstl\u00e6der(Bonded Leather) 5-30m rulle hvid - LASTCHANCE Deals | Danmark","robots":{"index":"index","follow":"follow","max-snippet":"max-snippet:-1","max-image-preview":"max-image-preview:large","max-video-preview":"max-video-preview:-1"},"canonical":"https:\/\/last-chance.dk\/?product=hvidt-bonded-kunstlaederbonded-leather-5-30m-rulle-hvid","og_locale":"da_DK","og_type":"article","og_title":"Hvidt bonded kunstl\u00e6der(Bonded Leather) 5-30m rulle hvid - LASTCHANCE Deals | Danmark","og_description":"Hvis du leder efter et elegant og holdbart materiale til dine m\u00f8bler, gardiner eller andre kreative projekter, s\u00e5 er hvidt bonded kunstl\u00e6der fra ForrestDecor det perfekte valg for dig. Bonded kunstl\u00e6der er et materiale, der best\u00e5r af \u00e6gte l\u00e6der i kontaktomr\u00e5der og kunstigt l\u00e6der i resten. Det giver dig fordelene ved b\u00e5de naturligt og syntetisk [&hellip;]","og_url":"https:\/\/last-chance.dk\/?product=hvidt-bonded-kunstlaederbonded-leather-5-30m-rulle-hvid","og_site_name":"LASTCHANCE Deals | Danmark","article_modified_time":"2025-09-19T17:54:02+00:00","og_image":[{"width":1200,"height":1200,"url":"https:\/\/last-chance.dk\/wp-content\/uploads\/2023\/11\/dwg-814-b_detail4_2048x2048_1.jpg","type":"image\/jpeg"}],"twitter_card":"summary_large_image","twitter_misc":{"Estimeret l\u00e6setid":"1 minut"},"schema":{"@context":"https:\/\/schema.org","@graph":[{"@type":"WebPage","@id":"https:\/\/last-chance.dk\/?product=hvidt-bonded-kunstlaederbonded-leather-5-30m-rulle-hvid","url":"https:\/\/last-chance.dk\/?product=hvidt-bonded-kunstlaederbonded-leather-5-30m-rulle-hvid","name":"Hvidt bonded kunstl\u00e6der(Bonded Leather) 5-30m rulle hvid - LASTCHANCE Deals | Danmark","isPartOf":{"@id":"https:\/\/last-chance.dk\/#website"},"primaryImageOfPage":{"@id":"https:\/\/last-chance.dk\/?product=hvidt-bonded-kunstlaederbonded-leather-5-30m-rulle-hvid#primaryimage"},"image":{"@id":"https:\/\/last-chance.dk\/?product=hvidt-bonded-kunstlaederbonded-leather-5-30m-rulle-hvid#primaryimage"},"thumbnailUrl":"https:\/\/last-chance.dk\/wp-content\/uploads\/2023\/11\/dwg-814-b_detail4_2048x2048_1.jpg","datePublished":"2023-11-06T13:19:56+00:00","dateModified":"2025-09-19T17:54:02+00:00","breadcrumb":{"@id":"https:\/\/last-chance.dk\/?product=hvidt-bonded-kunstlaederbonded-leather-5-30m-rulle-hvid#breadcrumb"},"inLanguage":"da-DK","potentialAction":[{"@type":"ReadAction","target":["https:\/\/last-chance.dk\/?product=hvidt-bonded-kunstlaederbonded-leather-5-30m-rulle-hvid"]}]},{"@type":"ImageObject","inLanguage":"da-DK","@id":"https:\/\/last-chance.dk\/?product=hvidt-bonded-kunstlaederbonded-leather-5-30m-rulle-hvid#primaryimage","url":"https:\/\/last-chance.dk\/wp-content\/uploads\/2023\/11\/dwg-814-b_detail4_2048x2048_1.jpg","contentUrl":"https:\/\/last-chance.dk\/wp-content\/uploads\/2023\/11\/dwg-814-b_detail4_2048x2048_1.jpg","width":1200,"height":1200},{"@type":"BreadcrumbList","@id":"https:\/\/last-chance.dk\/?product=hvidt-bonded-kunstlaederbonded-leather-5-30m-rulle-hvid#breadcrumb","itemListElement":[{"@type":"ListItem","position":1,"name":"Home","item":"https:\/\/last-chance.dk\/"},{"@type":"ListItem","position":2,"name":"Hvidt bonded kunstl\u00e6der(Bonded Leather) 5-30m rulle hvid"}]},{"@type":"WebSite","@id":"https:\/\/last-chance.dk\/#website","url":"https:\/\/last-chance.dk\/","name":"LASTCHANCE Deals | Danmark","description":"LASTCHANCE Deals | Danmark","publisher":{"@id":"https:\/\/last-chance.dk\/#organization"},"potentialAction":[{"@type":"SearchAction","target":{"@type":"EntryPoint","urlTemplate":"https:\/\/last-chance.dk\/?s={search_term_string}"},"query-input":{"@type":"PropertyValueSpecification","valueRequired":true,"valueName":"search_term_string"}}],"inLanguage":"da-DK"},{"@type":"Organization","@id":"https:\/\/last-chance.dk\/#organization","name":"LASTCHANCE Deals | Danmark","url":"https:\/\/last-chance.dk\/","logo":{"@type":"ImageObject","inLanguage":"da-DK","@id":"https:\/\/last-chance.dk\/#\/schema\/logo\/image\/","url":"https:\/\/last-chance.dk\/wp-content\/uploads\/2023\/10\/lastchancedeals_logo_dk_white.png","contentUrl":"https:\/\/last-chance.dk\/wp-content\/uploads\/2023\/10\/lastchancedeals_logo_dk_white.png","width":470,"height":110,"caption":"LASTCHANCE Deals | Danmark"},"image":{"@id":"https:\/\/last-chance.dk\/#\/schema\/logo\/image\/"}}]}},"_links":{"self":[{"href":"https:\/\/last-chance.dk\/index.php?rest_route=\/wp\/v2\/product\/6986","targetHints":{"allow":["GET"]}}],"collection":[{"href":"https:\/\/last-chance.dk\/index.php?rest_route=\/wp\/v2\/product"}],"about":[{"href":"https:\/\/last-chance.dk\/index.php?rest_route=\/wp\/v2\/types\/product"}],"replies":[{"embeddable":true,"href":"https:\/\/last-chance.dk\/index.php?rest_route=%2Fwp%2Fv2%2Fcomments&post=6986"}],"wp:featuredmedia":[{"embeddable":true,"href":"https:\/\/last-chance.dk\/index.php?rest_route=\/wp\/v2\/media\/6985"}],"wp:attachment":[{"href":"https:\/\/last-chance.dk\/index.php?rest_route=%2Fwp%2Fv2%2Fmedia&parent=6986"}],"wp:term":[{"taxonomy":"product_brand","embeddable":true,"href":"https:\/\/last-chance.dk\/index.php?rest_route=%2Fwp%2Fv2%2Fproduct_brand&post=6986"},{"taxonomy":"product_cat","embeddable":true,"href":"https:\/\/last-chance.dk\/index.php?rest_route=%2Fwp%2Fv2%2Fproduct_cat&post=6986"},{"taxonomy":"product_tag","embeddable":true,"href":"https:\/\/last-chance.dk\/index.php?rest_route=%2Fwp%2Fv2%2Fproduct_tag&post=6986"}],"curies":[{"name":"wp","href":"https:\/\/api.w.org\/{rel}","templated":true}]}}