{"id":7002,"date":"2023-11-06T13:20:57","date_gmt":"2023-11-06T13:20:57","guid":{"rendered":"https:\/\/www.lastchance.deals\/dk\/tuote\/koejeseng-vincent-med-ekstra-seng-og-opbevaringskasse-180x80cm-hvid-moebelpladetrae\/"},"modified":"2025-10-13T11:55:45","modified_gmt":"2025-10-13T11:55:45","slug":"koejeseng-vincent-med-ekstra-seng-og-opbevaringskasse-180x80cm-hvid-moebelpladetrae","status":"publish","type":"product","link":"https:\/\/last-chance.dk\/?product=koejeseng-vincent-med-ekstra-seng-og-opbevaringskasse-180x80cm-hvid-moebelpladetrae","title":{"rendered":"K\u00f8jeseng Vincent Med Ekstra Seng Og Opbevaringskasse 180x80cm hvid m\u00f8belplade,tr\u00e6"},"content":{"rendered":"<p>Er du p\u00e5 udkig efter en praktisk og komfortabel l\u00f8sning til b\u00f8rnev\u00e6relset? S\u00e5 er k\u00f8jesengen Vincent det perfekte valg for dig. Denne moderne og stilfulde seng har plads til tre personer og er udstyret med en rummelig senget\u00f8jskasse, hvor du kan opbevare dyner, puder, leget\u00f8j og meget mere. Sengen er lavet af solidt tr\u00e6 og m\u00f8belplade i hvid farve, der passer til enhver indretning. Sengen har ogs\u00e5 en robust lamelbund og en bl\u00f8d madras, der sikrer en god nattes\u00f8vn. Sengen har desuden en elegant sengegavl, der giver ekstra st\u00f8tte og hygge.<\/p>\n<p><\/p>\n<p>K\u00f8jesengen Vincent er nem at samle og har en 12 m\u00e5neders rammegaranti fra fabrikanten LuxCasa, der er en f\u00f8rende producent af kvalitetsm\u00f8bler i EU. Sengen har udvendige dimensioner p\u00e5 196x150cm og passer til madrasser p\u00e5 180x80cm. Bem\u00e6rk, at topmadras ikke er inkluderet i prisen.<\/p>\n<p><\/p>\n<p>Hvis du vil give dine b\u00f8rn en fantastisk soveplads med masser af plads og opbevaring, s\u00e5 bestil k\u00f8jesengen Vincent i dag og gl\u00e6d dig til at modtage den hurtigst muligt.<\/p>\n<p><\/p>\n<p>Leveringstid: Leveringstid 1-2 uger<br \/>\nStil: moderne<br \/>\nMateriale: m\u00f8belplade,tr\u00e6<br \/>\nRammemateriale: solidt tr\u00e6,m\u00f8belplade<br \/>\nLamelbund: inkluderet<br \/>\nFarve: hvid<br \/>\nMadras: inkluderet<br \/>\nSenget\u00f8jskasse: inkluderet<br \/>\nTopmadras: ikke inkluderet<br \/>\nSengegavl: inkluderet<br \/>\nUdvendige dimensioner: 196x150cm<br \/>\nMontage: skal samles<br \/>\nGaranti: 12 m\u00e5neders rammegaranti<br \/>\nFabrikant: LuxCasa<br \/>\nFremstillet: i EU<\/p>\n","protected":false},"excerpt":{"rendered":"<p>Er du p\u00e5 udkig efter en praktisk og komfortabel l\u00f8sning til b\u00f8rnev\u00e6relset? S\u00e5 er k\u00f8jesengen Vincent det perfekte valg for dig. Denne moderne og stilfulde seng har plads til tre personer og er udstyret med en rummelig senget\u00f8jskasse, hvor du kan opbevare dyner, puder, leget\u00f8j og meget mere. Sengen er lavet af solidt tr\u00e6 og [&hellip;]<\/p>\n","protected":false},"featured_media":6999,"comment_status":"open","ping_status":"closed","template":"","meta":[],"product_brand":[],"product_cat":[145],"product_tag":[],"class_list":{"0":"post-7002","1":"product","2":"type-product","3":"status-publish","4":"has-post-thumbnail","6":"product_cat-bunk-beds","8":"first","9":"instock","10":"shipping-taxable","11":"purchasable","12":"product-type-simple"},"yoast_head":"<!-- This site is optimized with the Yoast SEO plugin v24.8.1 - https:\/\/yoast.com\/wordpress\/plugins\/seo\/ -->\n<title>K\u00f8jeseng Vincent Med Ekstra Seng Og Opbevaringskasse 180x80cm hvid m\u00f8belplade,tr\u00e6 - LASTCHANCE Deals | Danmark<\/title>\n<meta name=\"robots\" content=\"index, follow, max-snippet:-1, max-image-preview:large, max-video-preview:-1\" \/>\n<link rel=\"canonical\" href=\"https:\/\/last-chance.dk\/?product=koejeseng-vincent-med-ekstra-seng-og-opbevaringskasse-180x80cm-hvid-moebelpladetrae\" \/>\n<meta property=\"og:locale\" content=\"da_DK\" \/>\n<meta property=\"og:type\" content=\"article\" \/>\n<meta property=\"og:title\" content=\"K\u00f8jeseng Vincent Med Ekstra Seng Og Opbevaringskasse 180x80cm hvid m\u00f8belplade,tr\u00e6 - LASTCHANCE Deals | Danmark\" \/>\n<meta property=\"og:description\" content=\"Er du p\u00e5 udkig efter en praktisk og komfortabel l\u00f8sning til b\u00f8rnev\u00e6relset? S\u00e5 er k\u00f8jesengen Vincent det perfekte valg for dig. Denne moderne og stilfulde seng har plads til tre personer og er udstyret med en rummelig senget\u00f8jskasse, hvor du kan opbevare dyner, puder, leget\u00f8j og meget mere. Sengen er lavet af solidt tr\u00e6 og [&hellip;]\" \/>\n<meta property=\"og:url\" content=\"https:\/\/last-chance.dk\/?product=koejeseng-vincent-med-ekstra-seng-og-opbevaringskasse-180x80cm-hvid-moebelpladetrae\" \/>\n<meta property=\"og:site_name\" content=\"LASTCHANCE Deals | Danmark\" \/>\n<meta property=\"article:modified_time\" content=\"2025-10-13T11:55:45+00:00\" \/>\n<meta property=\"og:image\" content=\"https:\/\/last-chance.dk\/wp-content\/uploads\/2023\/11\/lozko-mlodziezowe-carino-3-osobowe-rama-bialy-szuflada-grafit-80-x-190-kpl-wizualizacja-3-s4.jpg\" \/>\n\t<meta property=\"og:image:width\" content=\"1200\" \/>\n\t<meta property=\"og:image:height\" content=\"799\" \/>\n\t<meta property=\"og:image:type\" content=\"image\/jpeg\" \/>\n<meta name=\"twitter:card\" content=\"summary_large_image\" \/>\n<meta name=\"twitter:label1\" content=\"Estimeret l\u00e6setid\" \/>\n\t<meta name=\"twitter:data1\" content=\"1 minut\" \/>\n<script type=\"application\/ld+json\" class=\"yoast-schema-graph\">{\"@context\":\"https:\/\/schema.org\",\"@graph\":[{\"@type\":\"WebPage\",\"@id\":\"https:\/\/last-chance.dk\/?product=koejeseng-vincent-med-ekstra-seng-og-opbevaringskasse-180x80cm-hvid-moebelpladetrae\",\"url\":\"https:\/\/last-chance.dk\/?product=koejeseng-vincent-med-ekstra-seng-og-opbevaringskasse-180x80cm-hvid-moebelpladetrae\",\"name\":\"K\u00f8jeseng Vincent Med Ekstra Seng Og Opbevaringskasse 180x80cm hvid m\u00f8belplade,tr\u00e6 - LASTCHANCE Deals | Danmark\",\"isPartOf\":{\"@id\":\"https:\/\/last-chance.dk\/#website\"},\"primaryImageOfPage\":{\"@id\":\"https:\/\/last-chance.dk\/?product=koejeseng-vincent-med-ekstra-seng-og-opbevaringskasse-180x80cm-hvid-moebelpladetrae#primaryimage\"},\"image\":{\"@id\":\"https:\/\/last-chance.dk\/?product=koejeseng-vincent-med-ekstra-seng-og-opbevaringskasse-180x80cm-hvid-moebelpladetrae#primaryimage\"},\"thumbnailUrl\":\"https:\/\/last-chance.dk\/wp-content\/uploads\/2023\/11\/lozko-mlodziezowe-carino-3-osobowe-rama-bialy-szuflada-grafit-80-x-190-kpl-wizualizacja-3-s4.jpg\",\"datePublished\":\"2023-11-06T13:20:57+00:00\",\"dateModified\":\"2025-10-13T11:55:45+00:00\",\"breadcrumb\":{\"@id\":\"https:\/\/last-chance.dk\/?product=koejeseng-vincent-med-ekstra-seng-og-opbevaringskasse-180x80cm-hvid-moebelpladetrae#breadcrumb\"},\"inLanguage\":\"da-DK\",\"potentialAction\":[{\"@type\":\"ReadAction\",\"target\":[\"https:\/\/last-chance.dk\/?product=koejeseng-vincent-med-ekstra-seng-og-opbevaringskasse-180x80cm-hvid-moebelpladetrae\"]}]},{\"@type\":\"ImageObject\",\"inLanguage\":\"da-DK\",\"@id\":\"https:\/\/last-chance.dk\/?product=koejeseng-vincent-med-ekstra-seng-og-opbevaringskasse-180x80cm-hvid-moebelpladetrae#primaryimage\",\"url\":\"https:\/\/last-chance.dk\/wp-content\/uploads\/2023\/11\/lozko-mlodziezowe-carino-3-osobowe-rama-bialy-szuflada-grafit-80-x-190-kpl-wizualizacja-3-s4.jpg\",\"contentUrl\":\"https:\/\/last-chance.dk\/wp-content\/uploads\/2023\/11\/lozko-mlodziezowe-carino-3-osobowe-rama-bialy-szuflada-grafit-80-x-190-kpl-wizualizacja-3-s4.jpg\",\"width\":1200,\"height\":799},{\"@type\":\"BreadcrumbList\",\"@id\":\"https:\/\/last-chance.dk\/?product=koejeseng-vincent-med-ekstra-seng-og-opbevaringskasse-180x80cm-hvid-moebelpladetrae#breadcrumb\",\"itemListElement\":[{\"@type\":\"ListItem\",\"position\":1,\"name\":\"Home\",\"item\":\"https:\/\/last-chance.dk\/\"},{\"@type\":\"ListItem\",\"position\":2,\"name\":\"K\u00f8jeseng Vincent Med Ekstra Seng Og Opbevaringskasse 180x80cm hvid m\u00f8belplade,tr\u00e6\"}]},{\"@type\":\"WebSite\",\"@id\":\"https:\/\/last-chance.dk\/#website\",\"url\":\"https:\/\/last-chance.dk\/\",\"name\":\"LASTCHANCE Deals | Danmark\",\"description\":\"LASTCHANCE Deals | Danmark\",\"publisher\":{\"@id\":\"https:\/\/last-chance.dk\/#organization\"},\"potentialAction\":[{\"@type\":\"SearchAction\",\"target\":{\"@type\":\"EntryPoint\",\"urlTemplate\":\"https:\/\/last-chance.dk\/?s={search_term_string}\"},\"query-input\":{\"@type\":\"PropertyValueSpecification\",\"valueRequired\":true,\"valueName\":\"search_term_string\"}}],\"inLanguage\":\"da-DK\"},{\"@type\":\"Organization\",\"@id\":\"https:\/\/last-chance.dk\/#organization\",\"name\":\"LASTCHANCE Deals | Danmark\",\"url\":\"https:\/\/last-chance.dk\/\",\"logo\":{\"@type\":\"ImageObject\",\"inLanguage\":\"da-DK\",\"@id\":\"https:\/\/last-chance.dk\/#\/schema\/logo\/image\/\",\"url\":\"https:\/\/last-chance.dk\/wp-content\/uploads\/2023\/10\/lastchancedeals_logo_dk_white.png\",\"contentUrl\":\"https:\/\/last-chance.dk\/wp-content\/uploads\/2023\/10\/lastchancedeals_logo_dk_white.png\",\"width\":470,\"height\":110,\"caption\":\"LASTCHANCE Deals | Danmark\"},\"image\":{\"@id\":\"https:\/\/last-chance.dk\/#\/schema\/logo\/image\/\"}}]}<\/script>\n<!-- \/ Yoast SEO plugin. -->","yoast_head_json":{"title":"K\u00f8jeseng Vincent Med Ekstra Seng Og Opbevaringskasse 180x80cm hvid m\u00f8belplade,tr\u00e6 - LASTCHANCE Deals | Danmark","robots":{"index":"index","follow":"follow","max-snippet":"max-snippet:-1","max-image-preview":"max-image-preview:large","max-video-preview":"max-video-preview:-1"},"canonical":"https:\/\/last-chance.dk\/?product=koejeseng-vincent-med-ekstra-seng-og-opbevaringskasse-180x80cm-hvid-moebelpladetrae","og_locale":"da_DK","og_type":"article","og_title":"K\u00f8jeseng Vincent Med Ekstra Seng Og Opbevaringskasse 180x80cm hvid m\u00f8belplade,tr\u00e6 - LASTCHANCE Deals | Danmark","og_description":"Er du p\u00e5 udkig efter en praktisk og komfortabel l\u00f8sning til b\u00f8rnev\u00e6relset? S\u00e5 er k\u00f8jesengen Vincent det perfekte valg for dig. Denne moderne og stilfulde seng har plads til tre personer og er udstyret med en rummelig senget\u00f8jskasse, hvor du kan opbevare dyner, puder, leget\u00f8j og meget mere. Sengen er lavet af solidt tr\u00e6 og [&hellip;]","og_url":"https:\/\/last-chance.dk\/?product=koejeseng-vincent-med-ekstra-seng-og-opbevaringskasse-180x80cm-hvid-moebelpladetrae","og_site_name":"LASTCHANCE Deals | Danmark","article_modified_time":"2025-10-13T11:55:45+00:00","og_image":[{"width":1200,"height":799,"url":"https:\/\/last-chance.dk\/wp-content\/uploads\/2023\/11\/lozko-mlodziezowe-carino-3-osobowe-rama-bialy-szuflada-grafit-80-x-190-kpl-wizualizacja-3-s4.jpg","type":"image\/jpeg"}],"twitter_card":"summary_large_image","twitter_misc":{"Estimeret l\u00e6setid":"1 minut"},"schema":{"@context":"https:\/\/schema.org","@graph":[{"@type":"WebPage","@id":"https:\/\/last-chance.dk\/?product=koejeseng-vincent-med-ekstra-seng-og-opbevaringskasse-180x80cm-hvid-moebelpladetrae","url":"https:\/\/last-chance.dk\/?product=koejeseng-vincent-med-ekstra-seng-og-opbevaringskasse-180x80cm-hvid-moebelpladetrae","name":"K\u00f8jeseng Vincent Med Ekstra Seng Og Opbevaringskasse 180x80cm hvid m\u00f8belplade,tr\u00e6 - LASTCHANCE Deals | Danmark","isPartOf":{"@id":"https:\/\/last-chance.dk\/#website"},"primaryImageOfPage":{"@id":"https:\/\/last-chance.dk\/?product=koejeseng-vincent-med-ekstra-seng-og-opbevaringskasse-180x80cm-hvid-moebelpladetrae#primaryimage"},"image":{"@id":"https:\/\/last-chance.dk\/?product=koejeseng-vincent-med-ekstra-seng-og-opbevaringskasse-180x80cm-hvid-moebelpladetrae#primaryimage"},"thumbnailUrl":"https:\/\/last-chance.dk\/wp-content\/uploads\/2023\/11\/lozko-mlodziezowe-carino-3-osobowe-rama-bialy-szuflada-grafit-80-x-190-kpl-wizualizacja-3-s4.jpg","datePublished":"2023-11-06T13:20:57+00:00","dateModified":"2025-10-13T11:55:45+00:00","breadcrumb":{"@id":"https:\/\/last-chance.dk\/?product=koejeseng-vincent-med-ekstra-seng-og-opbevaringskasse-180x80cm-hvid-moebelpladetrae#breadcrumb"},"inLanguage":"da-DK","potentialAction":[{"@type":"ReadAction","target":["https:\/\/last-chance.dk\/?product=koejeseng-vincent-med-ekstra-seng-og-opbevaringskasse-180x80cm-hvid-moebelpladetrae"]}]},{"@type":"ImageObject","inLanguage":"da-DK","@id":"https:\/\/last-chance.dk\/?product=koejeseng-vincent-med-ekstra-seng-og-opbevaringskasse-180x80cm-hvid-moebelpladetrae#primaryimage","url":"https:\/\/last-chance.dk\/wp-content\/uploads\/2023\/11\/lozko-mlodziezowe-carino-3-osobowe-rama-bialy-szuflada-grafit-80-x-190-kpl-wizualizacja-3-s4.jpg","contentUrl":"https:\/\/last-chance.dk\/wp-content\/uploads\/2023\/11\/lozko-mlodziezowe-carino-3-osobowe-rama-bialy-szuflada-grafit-80-x-190-kpl-wizualizacja-3-s4.jpg","width":1200,"height":799},{"@type":"BreadcrumbList","@id":"https:\/\/last-chance.dk\/?product=koejeseng-vincent-med-ekstra-seng-og-opbevaringskasse-180x80cm-hvid-moebelpladetrae#breadcrumb","itemListElement":[{"@type":"ListItem","position":1,"name":"Home","item":"https:\/\/last-chance.dk\/"},{"@type":"ListItem","position":2,"name":"K\u00f8jeseng Vincent Med Ekstra Seng Og Opbevaringskasse 180x80cm hvid m\u00f8belplade,tr\u00e6"}]},{"@type":"WebSite","@id":"https:\/\/last-chance.dk\/#website","url":"https:\/\/last-chance.dk\/","name":"LASTCHANCE Deals | Danmark","description":"LASTCHANCE Deals | Danmark","publisher":{"@id":"https:\/\/last-chance.dk\/#organization"},"potentialAction":[{"@type":"SearchAction","target":{"@type":"EntryPoint","urlTemplate":"https:\/\/last-chance.dk\/?s={search_term_string}"},"query-input":{"@type":"PropertyValueSpecification","valueRequired":true,"valueName":"search_term_string"}}],"inLanguage":"da-DK"},{"@type":"Organization","@id":"https:\/\/last-chance.dk\/#organization","name":"LASTCHANCE Deals | Danmark","url":"https:\/\/last-chance.dk\/","logo":{"@type":"ImageObject","inLanguage":"da-DK","@id":"https:\/\/last-chance.dk\/#\/schema\/logo\/image\/","url":"https:\/\/last-chance.dk\/wp-content\/uploads\/2023\/10\/lastchancedeals_logo_dk_white.png","contentUrl":"https:\/\/last-chance.dk\/wp-content\/uploads\/2023\/10\/lastchancedeals_logo_dk_white.png","width":470,"height":110,"caption":"LASTCHANCE Deals | Danmark"},"image":{"@id":"https:\/\/last-chance.dk\/#\/schema\/logo\/image\/"}}]}},"_links":{"self":[{"href":"https:\/\/last-chance.dk\/index.php?rest_route=\/wp\/v2\/product\/7002","targetHints":{"allow":["GET"]}}],"collection":[{"href":"https:\/\/last-chance.dk\/index.php?rest_route=\/wp\/v2\/product"}],"about":[{"href":"https:\/\/last-chance.dk\/index.php?rest_route=\/wp\/v2\/types\/product"}],"replies":[{"embeddable":true,"href":"https:\/\/last-chance.dk\/index.php?rest_route=%2Fwp%2Fv2%2Fcomments&post=7002"}],"wp:featuredmedia":[{"embeddable":true,"href":"https:\/\/last-chance.dk\/index.php?rest_route=\/wp\/v2\/media\/6999"}],"wp:attachment":[{"href":"https:\/\/last-chance.dk\/index.php?rest_route=%2Fwp%2Fv2%2Fmedia&parent=7002"}],"wp:term":[{"taxonomy":"product_brand","embeddable":true,"href":"https:\/\/last-chance.dk\/index.php?rest_route=%2Fwp%2Fv2%2Fproduct_brand&post=7002"},{"taxonomy":"product_cat","embeddable":true,"href":"https:\/\/last-chance.dk\/index.php?rest_route=%2Fwp%2Fv2%2Fproduct_cat&post=7002"},{"taxonomy":"product_tag","embeddable":true,"href":"https:\/\/last-chance.dk\/index.php?rest_route=%2Fwp%2Fv2%2Fproduct_tag&post=7002"}],"curies":[{"name":"wp","href":"https:\/\/api.w.org\/{rel}","templated":true}]}}