{"id":7036,"date":"2023-11-06T13:24:59","date_gmt":"2023-11-06T13:24:59","guid":{"rendered":"https:\/\/www.lastchance.deals\/dk\/tuote\/boernesenge-racer-med-madras-og-opbevaringskasse-160x80cm-hvid\/"},"modified":"2025-09-19T17:32:57","modified_gmt":"2025-09-19T17:32:57","slug":"boernesenge-racer-med-madras-og-opbevaringskasse-160x80cm-hvid","status":"publish","type":"product","link":"https:\/\/last-chance.dk\/?product=boernesenge-racer-med-madras-og-opbevaringskasse-160x80cm-hvid","title":{"rendered":"B\u00f8rnesenge Racer Med Madras Og Opbevaringskasse 160x80cm hvid"},"content":{"rendered":"<p>Er du p\u00e5 udkig efter en sjov og praktisk seng til dit barns v\u00e6relse? S\u00e5 er denne b\u00f8rnesenge Racer lige noget for dig! Denne seng har et moderne design i hvid farve, der passer til enhver indretning. Sengen er lavet af kvalitets mdf og tr\u00e6, og har en solid rammekonstruktion. Sengen har ogs\u00e5 en lamelbund, der giver god st\u00f8tte til madrassen.<\/p>\n<p><\/p>\n<p>Sengen leveres med en komfortabel madras i st\u00f8rrelsen 160x80cm, der sikrer en god nattes\u00f8vn til dit barn. Madrassen har et aftageligt og vaskbart betr\u00e6k, der er nemt at holde rent. Sengen har ogs\u00e5 en smart opbevaringskasse under sengen, hvor du kan gemme dit barns leget\u00f8j, t\u00f8j eller senget\u00f8j. Opbevaringskassen har hjul, s\u00e5 den er let at tr\u00e6kke ud og ind.<\/p>\n<p><\/p>\n<p>Det bedste ved denne seng er, at den har en sej sengegavl i form af en racerbil. Dit barn vil elske at k\u00f8re afsted i dr\u00f8mmeland i denne seng! Sengen er lavet i EU af fabrikanten LuxCasa, og har 12 m\u00e5neders rammegaranti. Sengen skal samles ved levering, men det er nemt at g\u00f8re med den medf\u00f8lgende vejledning.<\/p>\n<p><\/p>\n<p>Bestil denne b\u00f8rnesenge Racer i dag, og giv dit barn en fantastisk seng, der b\u00e5de er sjov og funktionel!<\/p>\n<p><\/p>\n<p>Leveringstid: Leveringstid 1-2 uger<br \/>\nStil: moderne<br \/>\nMateriale: mdf,tr\u00e6<br \/>\nRammemateriale: mdf<br \/>\nLamelbund: inkluderet<br \/>\nSengest\u00f8rrelse: 160x80cm<br \/>\nFarve: hvid<br \/>\nMadras: inkluderet<br \/>\nSenget\u00f8jskasse: inkluderet<br \/>\nTopmadras: ikke inkluderet<br \/>\nSengegavl: inkluderet<br \/>\nUdvendige dimensioner: 163x84cm<br \/>\nMontage: skal samles<br \/>\nGaranti: 12 m\u00e5neders rammegaranti<br \/>\nFabrikant: NordNova<br \/>\nFremstillet: i EU<\/p>\n","protected":false},"excerpt":{"rendered":"<p>Er du p\u00e5 udkig efter en sjov og praktisk seng til dit barns v\u00e6relse? S\u00e5 er denne b\u00f8rnesenge Racer lige noget for dig! Denne seng har et moderne design i hvid farve, der passer til enhver indretning. Sengen er lavet af kvalitets mdf og tr\u00e6, og har en solid rammekonstruktion. Sengen har ogs\u00e5 en lamelbund, [&hellip;]<\/p>\n","protected":false},"featured_media":7035,"comment_status":"open","ping_status":"closed","template":"","meta":[],"product_brand":[],"product_cat":[128],"product_tag":[],"class_list":{"0":"post-7036","1":"product","2":"type-product","3":"status-publish","4":"has-post-thumbnail","6":"product_cat-childrens-beds","8":"first","9":"instock","10":"shipping-taxable","11":"purchasable","12":"product-type-simple"},"yoast_head":"<!-- This site is optimized with the Yoast SEO plugin v24.8.1 - https:\/\/yoast.com\/wordpress\/plugins\/seo\/ -->\n<title>B\u00f8rnesenge Racer Med Madras Og Opbevaringskasse 160x80cm hvid - LASTCHANCE Deals | Danmark<\/title>\n<meta name=\"robots\" content=\"index, follow, max-snippet:-1, max-image-preview:large, max-video-preview:-1\" \/>\n<link rel=\"canonical\" href=\"https:\/\/last-chance.dk\/?product=boernesenge-racer-med-madras-og-opbevaringskasse-160x80cm-hvid\" \/>\n<meta property=\"og:locale\" content=\"da_DK\" \/>\n<meta property=\"og:type\" content=\"article\" \/>\n<meta property=\"og:title\" content=\"B\u00f8rnesenge Racer Med Madras Og Opbevaringskasse 160x80cm hvid - LASTCHANCE Deals | Danmark\" \/>\n<meta property=\"og:description\" content=\"Er du p\u00e5 udkig efter en sjov og praktisk seng til dit barns v\u00e6relse? S\u00e5 er denne b\u00f8rnesenge Racer lige noget for dig! Denne seng har et moderne design i hvid farve, der passer til enhver indretning. Sengen er lavet af kvalitets mdf og tr\u00e6, og har en solid rammekonstruktion. Sengen har ogs\u00e5 en lamelbund, [&hellip;]\" \/>\n<meta property=\"og:url\" content=\"https:\/\/last-chance.dk\/?product=boernesenge-racer-med-madras-og-opbevaringskasse-160x80cm-hvid\" \/>\n<meta property=\"og:site_name\" content=\"LASTCHANCE Deals | Danmark\" \/>\n<meta property=\"article:modified_time\" content=\"2025-09-19T17:32:57+00:00\" \/>\n<meta property=\"og:image\" content=\"https:\/\/last-chance.dk\/wp-content\/uploads\/2023\/11\/lozko-dla-dzieci-luki-1-parterowe-rama-bialy-naklejka-autko-80-x-160-kpl-wizualizacja-3-s4.jpg\" \/>\n\t<meta property=\"og:image:width\" content=\"1200\" \/>\n\t<meta property=\"og:image:height\" content=\"799\" \/>\n\t<meta property=\"og:image:type\" content=\"image\/jpeg\" \/>\n<meta name=\"twitter:card\" content=\"summary_large_image\" \/>\n<meta name=\"twitter:label1\" content=\"Estimeret l\u00e6setid\" \/>\n\t<meta name=\"twitter:data1\" content=\"1 minut\" \/>\n<script type=\"application\/ld+json\" class=\"yoast-schema-graph\">{\"@context\":\"https:\/\/schema.org\",\"@graph\":[{\"@type\":\"WebPage\",\"@id\":\"https:\/\/last-chance.dk\/?product=boernesenge-racer-med-madras-og-opbevaringskasse-160x80cm-hvid\",\"url\":\"https:\/\/last-chance.dk\/?product=boernesenge-racer-med-madras-og-opbevaringskasse-160x80cm-hvid\",\"name\":\"B\u00f8rnesenge Racer Med Madras Og Opbevaringskasse 160x80cm hvid - LASTCHANCE Deals | Danmark\",\"isPartOf\":{\"@id\":\"https:\/\/last-chance.dk\/#website\"},\"primaryImageOfPage\":{\"@id\":\"https:\/\/last-chance.dk\/?product=boernesenge-racer-med-madras-og-opbevaringskasse-160x80cm-hvid#primaryimage\"},\"image\":{\"@id\":\"https:\/\/last-chance.dk\/?product=boernesenge-racer-med-madras-og-opbevaringskasse-160x80cm-hvid#primaryimage\"},\"thumbnailUrl\":\"https:\/\/last-chance.dk\/wp-content\/uploads\/2023\/11\/lozko-dla-dzieci-luki-1-parterowe-rama-bialy-naklejka-autko-80-x-160-kpl-wizualizacja-3-s4.jpg\",\"datePublished\":\"2023-11-06T13:24:59+00:00\",\"dateModified\":\"2025-09-19T17:32:57+00:00\",\"breadcrumb\":{\"@id\":\"https:\/\/last-chance.dk\/?product=boernesenge-racer-med-madras-og-opbevaringskasse-160x80cm-hvid#breadcrumb\"},\"inLanguage\":\"da-DK\",\"potentialAction\":[{\"@type\":\"ReadAction\",\"target\":[\"https:\/\/last-chance.dk\/?product=boernesenge-racer-med-madras-og-opbevaringskasse-160x80cm-hvid\"]}]},{\"@type\":\"ImageObject\",\"inLanguage\":\"da-DK\",\"@id\":\"https:\/\/last-chance.dk\/?product=boernesenge-racer-med-madras-og-opbevaringskasse-160x80cm-hvid#primaryimage\",\"url\":\"https:\/\/last-chance.dk\/wp-content\/uploads\/2023\/11\/lozko-dla-dzieci-luki-1-parterowe-rama-bialy-naklejka-autko-80-x-160-kpl-wizualizacja-3-s4.jpg\",\"contentUrl\":\"https:\/\/last-chance.dk\/wp-content\/uploads\/2023\/11\/lozko-dla-dzieci-luki-1-parterowe-rama-bialy-naklejka-autko-80-x-160-kpl-wizualizacja-3-s4.jpg\",\"width\":1200,\"height\":799},{\"@type\":\"BreadcrumbList\",\"@id\":\"https:\/\/last-chance.dk\/?product=boernesenge-racer-med-madras-og-opbevaringskasse-160x80cm-hvid#breadcrumb\",\"itemListElement\":[{\"@type\":\"ListItem\",\"position\":1,\"name\":\"Home\",\"item\":\"https:\/\/last-chance.dk\/\"},{\"@type\":\"ListItem\",\"position\":2,\"name\":\"B\u00f8rnesenge Racer Med Madras Og Opbevaringskasse 160x80cm hvid\"}]},{\"@type\":\"WebSite\",\"@id\":\"https:\/\/last-chance.dk\/#website\",\"url\":\"https:\/\/last-chance.dk\/\",\"name\":\"LASTCHANCE Deals | Danmark\",\"description\":\"LASTCHANCE Deals | Danmark\",\"publisher\":{\"@id\":\"https:\/\/last-chance.dk\/#organization\"},\"potentialAction\":[{\"@type\":\"SearchAction\",\"target\":{\"@type\":\"EntryPoint\",\"urlTemplate\":\"https:\/\/last-chance.dk\/?s={search_term_string}\"},\"query-input\":{\"@type\":\"PropertyValueSpecification\",\"valueRequired\":true,\"valueName\":\"search_term_string\"}}],\"inLanguage\":\"da-DK\"},{\"@type\":\"Organization\",\"@id\":\"https:\/\/last-chance.dk\/#organization\",\"name\":\"LASTCHANCE Deals | Danmark\",\"url\":\"https:\/\/last-chance.dk\/\",\"logo\":{\"@type\":\"ImageObject\",\"inLanguage\":\"da-DK\",\"@id\":\"https:\/\/last-chance.dk\/#\/schema\/logo\/image\/\",\"url\":\"https:\/\/last-chance.dk\/wp-content\/uploads\/2023\/10\/lastchancedeals_logo_dk_white.png\",\"contentUrl\":\"https:\/\/last-chance.dk\/wp-content\/uploads\/2023\/10\/lastchancedeals_logo_dk_white.png\",\"width\":470,\"height\":110,\"caption\":\"LASTCHANCE Deals | Danmark\"},\"image\":{\"@id\":\"https:\/\/last-chance.dk\/#\/schema\/logo\/image\/\"}}]}<\/script>\n<!-- \/ Yoast SEO plugin. -->","yoast_head_json":{"title":"B\u00f8rnesenge Racer Med Madras Og Opbevaringskasse 160x80cm hvid - LASTCHANCE Deals | Danmark","robots":{"index":"index","follow":"follow","max-snippet":"max-snippet:-1","max-image-preview":"max-image-preview:large","max-video-preview":"max-video-preview:-1"},"canonical":"https:\/\/last-chance.dk\/?product=boernesenge-racer-med-madras-og-opbevaringskasse-160x80cm-hvid","og_locale":"da_DK","og_type":"article","og_title":"B\u00f8rnesenge Racer Med Madras Og Opbevaringskasse 160x80cm hvid - LASTCHANCE Deals | Danmark","og_description":"Er du p\u00e5 udkig efter en sjov og praktisk seng til dit barns v\u00e6relse? S\u00e5 er denne b\u00f8rnesenge Racer lige noget for dig! Denne seng har et moderne design i hvid farve, der passer til enhver indretning. Sengen er lavet af kvalitets mdf og tr\u00e6, og har en solid rammekonstruktion. Sengen har ogs\u00e5 en lamelbund, [&hellip;]","og_url":"https:\/\/last-chance.dk\/?product=boernesenge-racer-med-madras-og-opbevaringskasse-160x80cm-hvid","og_site_name":"LASTCHANCE Deals | Danmark","article_modified_time":"2025-09-19T17:32:57+00:00","og_image":[{"width":1200,"height":799,"url":"https:\/\/last-chance.dk\/wp-content\/uploads\/2023\/11\/lozko-dla-dzieci-luki-1-parterowe-rama-bialy-naklejka-autko-80-x-160-kpl-wizualizacja-3-s4.jpg","type":"image\/jpeg"}],"twitter_card":"summary_large_image","twitter_misc":{"Estimeret l\u00e6setid":"1 minut"},"schema":{"@context":"https:\/\/schema.org","@graph":[{"@type":"WebPage","@id":"https:\/\/last-chance.dk\/?product=boernesenge-racer-med-madras-og-opbevaringskasse-160x80cm-hvid","url":"https:\/\/last-chance.dk\/?product=boernesenge-racer-med-madras-og-opbevaringskasse-160x80cm-hvid","name":"B\u00f8rnesenge Racer Med Madras Og Opbevaringskasse 160x80cm hvid - LASTCHANCE Deals | Danmark","isPartOf":{"@id":"https:\/\/last-chance.dk\/#website"},"primaryImageOfPage":{"@id":"https:\/\/last-chance.dk\/?product=boernesenge-racer-med-madras-og-opbevaringskasse-160x80cm-hvid#primaryimage"},"image":{"@id":"https:\/\/last-chance.dk\/?product=boernesenge-racer-med-madras-og-opbevaringskasse-160x80cm-hvid#primaryimage"},"thumbnailUrl":"https:\/\/last-chance.dk\/wp-content\/uploads\/2023\/11\/lozko-dla-dzieci-luki-1-parterowe-rama-bialy-naklejka-autko-80-x-160-kpl-wizualizacja-3-s4.jpg","datePublished":"2023-11-06T13:24:59+00:00","dateModified":"2025-09-19T17:32:57+00:00","breadcrumb":{"@id":"https:\/\/last-chance.dk\/?product=boernesenge-racer-med-madras-og-opbevaringskasse-160x80cm-hvid#breadcrumb"},"inLanguage":"da-DK","potentialAction":[{"@type":"ReadAction","target":["https:\/\/last-chance.dk\/?product=boernesenge-racer-med-madras-og-opbevaringskasse-160x80cm-hvid"]}]},{"@type":"ImageObject","inLanguage":"da-DK","@id":"https:\/\/last-chance.dk\/?product=boernesenge-racer-med-madras-og-opbevaringskasse-160x80cm-hvid#primaryimage","url":"https:\/\/last-chance.dk\/wp-content\/uploads\/2023\/11\/lozko-dla-dzieci-luki-1-parterowe-rama-bialy-naklejka-autko-80-x-160-kpl-wizualizacja-3-s4.jpg","contentUrl":"https:\/\/last-chance.dk\/wp-content\/uploads\/2023\/11\/lozko-dla-dzieci-luki-1-parterowe-rama-bialy-naklejka-autko-80-x-160-kpl-wizualizacja-3-s4.jpg","width":1200,"height":799},{"@type":"BreadcrumbList","@id":"https:\/\/last-chance.dk\/?product=boernesenge-racer-med-madras-og-opbevaringskasse-160x80cm-hvid#breadcrumb","itemListElement":[{"@type":"ListItem","position":1,"name":"Home","item":"https:\/\/last-chance.dk\/"},{"@type":"ListItem","position":2,"name":"B\u00f8rnesenge Racer Med Madras Og Opbevaringskasse 160x80cm hvid"}]},{"@type":"WebSite","@id":"https:\/\/last-chance.dk\/#website","url":"https:\/\/last-chance.dk\/","name":"LASTCHANCE Deals | Danmark","description":"LASTCHANCE Deals | Danmark","publisher":{"@id":"https:\/\/last-chance.dk\/#organization"},"potentialAction":[{"@type":"SearchAction","target":{"@type":"EntryPoint","urlTemplate":"https:\/\/last-chance.dk\/?s={search_term_string}"},"query-input":{"@type":"PropertyValueSpecification","valueRequired":true,"valueName":"search_term_string"}}],"inLanguage":"da-DK"},{"@type":"Organization","@id":"https:\/\/last-chance.dk\/#organization","name":"LASTCHANCE Deals | Danmark","url":"https:\/\/last-chance.dk\/","logo":{"@type":"ImageObject","inLanguage":"da-DK","@id":"https:\/\/last-chance.dk\/#\/schema\/logo\/image\/","url":"https:\/\/last-chance.dk\/wp-content\/uploads\/2023\/10\/lastchancedeals_logo_dk_white.png","contentUrl":"https:\/\/last-chance.dk\/wp-content\/uploads\/2023\/10\/lastchancedeals_logo_dk_white.png","width":470,"height":110,"caption":"LASTCHANCE Deals | Danmark"},"image":{"@id":"https:\/\/last-chance.dk\/#\/schema\/logo\/image\/"}}]}},"_links":{"self":[{"href":"https:\/\/last-chance.dk\/index.php?rest_route=\/wp\/v2\/product\/7036","targetHints":{"allow":["GET"]}}],"collection":[{"href":"https:\/\/last-chance.dk\/index.php?rest_route=\/wp\/v2\/product"}],"about":[{"href":"https:\/\/last-chance.dk\/index.php?rest_route=\/wp\/v2\/types\/product"}],"replies":[{"embeddable":true,"href":"https:\/\/last-chance.dk\/index.php?rest_route=%2Fwp%2Fv2%2Fcomments&post=7036"}],"wp:featuredmedia":[{"embeddable":true,"href":"https:\/\/last-chance.dk\/index.php?rest_route=\/wp\/v2\/media\/7035"}],"wp:attachment":[{"href":"https:\/\/last-chance.dk\/index.php?rest_route=%2Fwp%2Fv2%2Fmedia&parent=7036"}],"wp:term":[{"taxonomy":"product_brand","embeddable":true,"href":"https:\/\/last-chance.dk\/index.php?rest_route=%2Fwp%2Fv2%2Fproduct_brand&post=7036"},{"taxonomy":"product_cat","embeddable":true,"href":"https:\/\/last-chance.dk\/index.php?rest_route=%2Fwp%2Fv2%2Fproduct_cat&post=7036"},{"taxonomy":"product_tag","embeddable":true,"href":"https:\/\/last-chance.dk\/index.php?rest_route=%2Fwp%2Fv2%2Fproduct_tag&post=7036"}],"curies":[{"name":"wp","href":"https:\/\/api.w.org\/{rel}","templated":true}]}}