{"id":7164,"date":"2023-11-06T13:30:51","date_gmt":"2023-11-06T13:30:51","guid":{"rendered":"https:\/\/www.lastchance.deals\/dk\/tuote\/gardiner-jakarta-1-170x270cm-2-stykker\/"},"modified":"2025-10-13T11:52:03","modified_gmt":"2025-10-13T11:52:03","slug":"gardiner-jakarta-1-170x270cm-2-stykker","status":"publish","type":"product","link":"https:\/\/last-chance.dk\/?product=gardiner-jakarta-1-170x270cm-2-stykker","title":{"rendered":"Gardiner Jakarta-1 170x270cm, 2 stykker"},"content":{"rendered":"<p>Skab en hyggelig og stemningsfuld atmosf\u00e6re i dit hjem med disse smukke gardiner fra ForrestDecor. Gardinerne Jakarta-1 er lavet af et bl\u00f8dt og behageligt stof, der giver et naturligt og elegant udtryk. Gardinerne har en flot farve, der passer til enhver indretning, og de er nemme at h\u00e6nge op med de medf\u00f8lgende kroge.<\/p>\n<p><\/p>\n<p>Gardinerne Jakarta-1 m\u00e5ler 170x270cm hver, og du f\u00e5r to stykker i pakken. De er perfekte til at d\u00e6kke store vinduer eller d\u00f8re, og de kan ogs\u00e5 bruges som rumdelere eller baggrunde. Gardinerne er ikke kun dekorative, men ogs\u00e5 praktiske, da de kan beskytte mod sollys, st\u00f8j og indkig. Du kan vaske gardinerne i maskinen ved 30 grader, s\u00e5 de altid er friske og rene.<\/p>\n<p><\/p>\n<p>Bestil dine gardiner Jakarta-1 i dag og nyd den forvandling, de vil bringe til dit rum. Du vil elske det hyggelige og indbydende look, de skaber. Gardinerne Jakarta-1 er et must-have for enhver, der \u00f8nsker at tilf\u00f8je lidt charme og stil til deres hjem.<\/p>\n<p><\/p>\n<p>Leveringstid: Leveringstid 1 uge<br \/>\nMateriale: stof<br \/>\nDimensioner: 170x270cm<br \/>\nBel\u00f8b: 170x270cm x 2pcs<br \/>\nFabrikant: ForrestDecor<\/p>\n","protected":false},"excerpt":{"rendered":"<p>Skab en hyggelig og stemningsfuld atmosf\u00e6re i dit hjem med disse smukke gardiner fra ForrestDecor. Gardinerne Jakarta-1 er lavet af et bl\u00f8dt og behageligt stof, der giver et naturligt og elegant udtryk. Gardinerne har en flot farve, der passer til enhver indretning, og de er nemme at h\u00e6nge op med de medf\u00f8lgende kroge. Gardinerne Jakarta-1 [&hellip;]<\/p>\n","protected":false},"featured_media":7151,"comment_status":"open","ping_status":"closed","template":"","meta":[],"product_brand":[],"product_cat":[153],"product_tag":[],"class_list":{"0":"post-7164","1":"product","2":"type-product","3":"status-publish","4":"has-post-thumbnail","6":"product_cat-gardiner","8":"first","9":"instock","10":"shipping-taxable","11":"purchasable","12":"product-type-simple"},"yoast_head":"<!-- This site is optimized with the Yoast SEO plugin v24.8.1 - https:\/\/yoast.com\/wordpress\/plugins\/seo\/ -->\n<title>Gardiner Jakarta-1 170x270cm, 2 stykker - LASTCHANCE Deals | Danmark<\/title>\n<meta name=\"robots\" content=\"index, follow, max-snippet:-1, max-image-preview:large, max-video-preview:-1\" \/>\n<link rel=\"canonical\" href=\"https:\/\/last-chance.dk\/?product=gardiner-jakarta-1-170x270cm-2-stykker\" \/>\n<meta property=\"og:locale\" content=\"da_DK\" \/>\n<meta property=\"og:type\" content=\"article\" \/>\n<meta property=\"og:title\" content=\"Gardiner Jakarta-1 170x270cm, 2 stykker - LASTCHANCE Deals | Danmark\" \/>\n<meta property=\"og:description\" content=\"Skab en hyggelig og stemningsfuld atmosf\u00e6re i dit hjem med disse smukke gardiner fra ForrestDecor. Gardinerne Jakarta-1 er lavet af et bl\u00f8dt og behageligt stof, der giver et naturligt og elegant udtryk. Gardinerne har en flot farve, der passer til enhver indretning, og de er nemme at h\u00e6nge op med de medf\u00f8lgende kroge. Gardinerne Jakarta-1 [&hellip;]\" \/>\n<meta property=\"og:url\" content=\"https:\/\/last-chance.dk\/?product=gardiner-jakarta-1-170x270cm-2-stykker\" \/>\n<meta property=\"og:site_name\" content=\"LASTCHANCE Deals | Danmark\" \/>\n<meta property=\"article:modified_time\" content=\"2025-10-13T11:52:03+00:00\" \/>\n<meta property=\"og:image\" content=\"https:\/\/last-chance.dk\/wp-content\/uploads\/2023\/11\/jakarta_blue.jpg\" \/>\n\t<meta property=\"og:image:width\" content=\"677\" \/>\n\t<meta property=\"og:image:height\" content=\"794\" \/>\n\t<meta property=\"og:image:type\" content=\"image\/jpeg\" \/>\n<meta name=\"twitter:card\" content=\"summary_large_image\" \/>\n<meta name=\"twitter:label1\" content=\"Estimeret l\u00e6setid\" \/>\n\t<meta name=\"twitter:data1\" content=\"1 minut\" \/>\n<script type=\"application\/ld+json\" class=\"yoast-schema-graph\">{\"@context\":\"https:\/\/schema.org\",\"@graph\":[{\"@type\":\"WebPage\",\"@id\":\"https:\/\/last-chance.dk\/?product=gardiner-jakarta-1-170x270cm-2-stykker\",\"url\":\"https:\/\/last-chance.dk\/?product=gardiner-jakarta-1-170x270cm-2-stykker\",\"name\":\"Gardiner Jakarta-1 170x270cm, 2 stykker - LASTCHANCE Deals | Danmark\",\"isPartOf\":{\"@id\":\"https:\/\/last-chance.dk\/#website\"},\"primaryImageOfPage\":{\"@id\":\"https:\/\/last-chance.dk\/?product=gardiner-jakarta-1-170x270cm-2-stykker#primaryimage\"},\"image\":{\"@id\":\"https:\/\/last-chance.dk\/?product=gardiner-jakarta-1-170x270cm-2-stykker#primaryimage\"},\"thumbnailUrl\":\"https:\/\/last-chance.dk\/wp-content\/uploads\/2023\/11\/jakarta_blue.jpg\",\"datePublished\":\"2023-11-06T13:30:51+00:00\",\"dateModified\":\"2025-10-13T11:52:03+00:00\",\"breadcrumb\":{\"@id\":\"https:\/\/last-chance.dk\/?product=gardiner-jakarta-1-170x270cm-2-stykker#breadcrumb\"},\"inLanguage\":\"da-DK\",\"potentialAction\":[{\"@type\":\"ReadAction\",\"target\":[\"https:\/\/last-chance.dk\/?product=gardiner-jakarta-1-170x270cm-2-stykker\"]}]},{\"@type\":\"ImageObject\",\"inLanguage\":\"da-DK\",\"@id\":\"https:\/\/last-chance.dk\/?product=gardiner-jakarta-1-170x270cm-2-stykker#primaryimage\",\"url\":\"https:\/\/last-chance.dk\/wp-content\/uploads\/2023\/11\/jakarta_blue.jpg\",\"contentUrl\":\"https:\/\/last-chance.dk\/wp-content\/uploads\/2023\/11\/jakarta_blue.jpg\",\"width\":677,\"height\":794},{\"@type\":\"BreadcrumbList\",\"@id\":\"https:\/\/last-chance.dk\/?product=gardiner-jakarta-1-170x270cm-2-stykker#breadcrumb\",\"itemListElement\":[{\"@type\":\"ListItem\",\"position\":1,\"name\":\"Home\",\"item\":\"https:\/\/last-chance.dk\/\"},{\"@type\":\"ListItem\",\"position\":2,\"name\":\"Gardiner Jakarta-1 170x270cm, 2 stykker\"}]},{\"@type\":\"WebSite\",\"@id\":\"https:\/\/last-chance.dk\/#website\",\"url\":\"https:\/\/last-chance.dk\/\",\"name\":\"LASTCHANCE Deals | Danmark\",\"description\":\"LASTCHANCE Deals | Danmark\",\"publisher\":{\"@id\":\"https:\/\/last-chance.dk\/#organization\"},\"potentialAction\":[{\"@type\":\"SearchAction\",\"target\":{\"@type\":\"EntryPoint\",\"urlTemplate\":\"https:\/\/last-chance.dk\/?s={search_term_string}\"},\"query-input\":{\"@type\":\"PropertyValueSpecification\",\"valueRequired\":true,\"valueName\":\"search_term_string\"}}],\"inLanguage\":\"da-DK\"},{\"@type\":\"Organization\",\"@id\":\"https:\/\/last-chance.dk\/#organization\",\"name\":\"LASTCHANCE Deals | Danmark\",\"url\":\"https:\/\/last-chance.dk\/\",\"logo\":{\"@type\":\"ImageObject\",\"inLanguage\":\"da-DK\",\"@id\":\"https:\/\/last-chance.dk\/#\/schema\/logo\/image\/\",\"url\":\"https:\/\/last-chance.dk\/wp-content\/uploads\/2023\/10\/lastchancedeals_logo_dk_white.png\",\"contentUrl\":\"https:\/\/last-chance.dk\/wp-content\/uploads\/2023\/10\/lastchancedeals_logo_dk_white.png\",\"width\":470,\"height\":110,\"caption\":\"LASTCHANCE Deals | Danmark\"},\"image\":{\"@id\":\"https:\/\/last-chance.dk\/#\/schema\/logo\/image\/\"}}]}<\/script>\n<!-- \/ Yoast SEO plugin. -->","yoast_head_json":{"title":"Gardiner Jakarta-1 170x270cm, 2 stykker - LASTCHANCE Deals | Danmark","robots":{"index":"index","follow":"follow","max-snippet":"max-snippet:-1","max-image-preview":"max-image-preview:large","max-video-preview":"max-video-preview:-1"},"canonical":"https:\/\/last-chance.dk\/?product=gardiner-jakarta-1-170x270cm-2-stykker","og_locale":"da_DK","og_type":"article","og_title":"Gardiner Jakarta-1 170x270cm, 2 stykker - LASTCHANCE Deals | Danmark","og_description":"Skab en hyggelig og stemningsfuld atmosf\u00e6re i dit hjem med disse smukke gardiner fra ForrestDecor. Gardinerne Jakarta-1 er lavet af et bl\u00f8dt og behageligt stof, der giver et naturligt og elegant udtryk. Gardinerne har en flot farve, der passer til enhver indretning, og de er nemme at h\u00e6nge op med de medf\u00f8lgende kroge. Gardinerne Jakarta-1 [&hellip;]","og_url":"https:\/\/last-chance.dk\/?product=gardiner-jakarta-1-170x270cm-2-stykker","og_site_name":"LASTCHANCE Deals | Danmark","article_modified_time":"2025-10-13T11:52:03+00:00","og_image":[{"width":677,"height":794,"url":"https:\/\/last-chance.dk\/wp-content\/uploads\/2023\/11\/jakarta_blue.jpg","type":"image\/jpeg"}],"twitter_card":"summary_large_image","twitter_misc":{"Estimeret l\u00e6setid":"1 minut"},"schema":{"@context":"https:\/\/schema.org","@graph":[{"@type":"WebPage","@id":"https:\/\/last-chance.dk\/?product=gardiner-jakarta-1-170x270cm-2-stykker","url":"https:\/\/last-chance.dk\/?product=gardiner-jakarta-1-170x270cm-2-stykker","name":"Gardiner Jakarta-1 170x270cm, 2 stykker - LASTCHANCE Deals | Danmark","isPartOf":{"@id":"https:\/\/last-chance.dk\/#website"},"primaryImageOfPage":{"@id":"https:\/\/last-chance.dk\/?product=gardiner-jakarta-1-170x270cm-2-stykker#primaryimage"},"image":{"@id":"https:\/\/last-chance.dk\/?product=gardiner-jakarta-1-170x270cm-2-stykker#primaryimage"},"thumbnailUrl":"https:\/\/last-chance.dk\/wp-content\/uploads\/2023\/11\/jakarta_blue.jpg","datePublished":"2023-11-06T13:30:51+00:00","dateModified":"2025-10-13T11:52:03+00:00","breadcrumb":{"@id":"https:\/\/last-chance.dk\/?product=gardiner-jakarta-1-170x270cm-2-stykker#breadcrumb"},"inLanguage":"da-DK","potentialAction":[{"@type":"ReadAction","target":["https:\/\/last-chance.dk\/?product=gardiner-jakarta-1-170x270cm-2-stykker"]}]},{"@type":"ImageObject","inLanguage":"da-DK","@id":"https:\/\/last-chance.dk\/?product=gardiner-jakarta-1-170x270cm-2-stykker#primaryimage","url":"https:\/\/last-chance.dk\/wp-content\/uploads\/2023\/11\/jakarta_blue.jpg","contentUrl":"https:\/\/last-chance.dk\/wp-content\/uploads\/2023\/11\/jakarta_blue.jpg","width":677,"height":794},{"@type":"BreadcrumbList","@id":"https:\/\/last-chance.dk\/?product=gardiner-jakarta-1-170x270cm-2-stykker#breadcrumb","itemListElement":[{"@type":"ListItem","position":1,"name":"Home","item":"https:\/\/last-chance.dk\/"},{"@type":"ListItem","position":2,"name":"Gardiner Jakarta-1 170x270cm, 2 stykker"}]},{"@type":"WebSite","@id":"https:\/\/last-chance.dk\/#website","url":"https:\/\/last-chance.dk\/","name":"LASTCHANCE Deals | Danmark","description":"LASTCHANCE Deals | Danmark","publisher":{"@id":"https:\/\/last-chance.dk\/#organization"},"potentialAction":[{"@type":"SearchAction","target":{"@type":"EntryPoint","urlTemplate":"https:\/\/last-chance.dk\/?s={search_term_string}"},"query-input":{"@type":"PropertyValueSpecification","valueRequired":true,"valueName":"search_term_string"}}],"inLanguage":"da-DK"},{"@type":"Organization","@id":"https:\/\/last-chance.dk\/#organization","name":"LASTCHANCE Deals | Danmark","url":"https:\/\/last-chance.dk\/","logo":{"@type":"ImageObject","inLanguage":"da-DK","@id":"https:\/\/last-chance.dk\/#\/schema\/logo\/image\/","url":"https:\/\/last-chance.dk\/wp-content\/uploads\/2023\/10\/lastchancedeals_logo_dk_white.png","contentUrl":"https:\/\/last-chance.dk\/wp-content\/uploads\/2023\/10\/lastchancedeals_logo_dk_white.png","width":470,"height":110,"caption":"LASTCHANCE Deals | Danmark"},"image":{"@id":"https:\/\/last-chance.dk\/#\/schema\/logo\/image\/"}}]}},"_links":{"self":[{"href":"https:\/\/last-chance.dk\/index.php?rest_route=\/wp\/v2\/product\/7164","targetHints":{"allow":["GET"]}}],"collection":[{"href":"https:\/\/last-chance.dk\/index.php?rest_route=\/wp\/v2\/product"}],"about":[{"href":"https:\/\/last-chance.dk\/index.php?rest_route=\/wp\/v2\/types\/product"}],"replies":[{"embeddable":true,"href":"https:\/\/last-chance.dk\/index.php?rest_route=%2Fwp%2Fv2%2Fcomments&post=7164"}],"wp:featuredmedia":[{"embeddable":true,"href":"https:\/\/last-chance.dk\/index.php?rest_route=\/wp\/v2\/media\/7151"}],"wp:attachment":[{"href":"https:\/\/last-chance.dk\/index.php?rest_route=%2Fwp%2Fv2%2Fmedia&parent=7164"}],"wp:term":[{"taxonomy":"product_brand","embeddable":true,"href":"https:\/\/last-chance.dk\/index.php?rest_route=%2Fwp%2Fv2%2Fproduct_brand&post=7164"},{"taxonomy":"product_cat","embeddable":true,"href":"https:\/\/last-chance.dk\/index.php?rest_route=%2Fwp%2Fv2%2Fproduct_cat&post=7164"},{"taxonomy":"product_tag","embeddable":true,"href":"https:\/\/last-chance.dk\/index.php?rest_route=%2Fwp%2Fv2%2Fproduct_tag&post=7164"}],"curies":[{"name":"wp","href":"https:\/\/api.w.org\/{rel}","templated":true}]}}