{"id":7198,"date":"2023-11-06T13:31:58","date_gmt":"2023-11-06T13:31:58","guid":{"rendered":"https:\/\/www.lastchance.deals\/dk\/tuote\/loftslampe-whitney-40x10cm\/"},"modified":"2025-09-19T18:06:36","modified_gmt":"2025-09-19T18:06:36","slug":"loftslampe-whitney-40x10cm","status":"publish","type":"product","link":"https:\/\/last-chance.dk\/?product=loftslampe-whitney-40x10cm","title":{"rendered":"Loftslampe Whitney 40x10cm"},"content":{"rendered":"<p>Loftslampe Whitney er en klassisk og elegant lampe, der passer til enhver indretning. Lampen er lavet af metal i en smuk s\u00f8lvfarve, der reflekterer lyset p\u00e5 en behagelig m\u00e5de. Lampen har et enkelt og tidl\u00f8st design, der skaber en hyggelig atmosf\u00e6re i rummet.<\/p>\n<p><\/p>\n<p>Lampen har en diameter p\u00e5 40 cm og en h\u00f8jde p\u00e5 10 cm, s\u00e5 den ikke fylder for meget i loftet. Lampen leveres i dele og skal samles f\u00f8r brug. Det er nemt og hurtigt at g\u00f8re med den medf\u00f8lgende vejledning. Lampen har en E27 fatning og kan bruges med forskellige typer af p\u00e6rer (ikke inkluderet).<\/p>\n<p><\/p>\n<p>Lampen er produceret af ForrestDecor, et firma med mange \u00e5rs erfaring i at lave kvalitetsbelysning til hjemmet. Lampen har 12 m\u00e5neders garanti, s\u00e5 du kan v\u00e6re sikker p\u00e5 at f\u00e5 et godt produkt.<\/p>\n<p><\/p>\n<p>Bestil Loftslampe Whitney i dag og f\u00e5 en smuk og klassisk lampe til dit hjem.<\/p>\n<p><\/p>\n<p>Leveringstid: Leveringstid 1 uge<br \/>\nStil: klassisk<br \/>\nMateriale: metal<br \/>\nLampestik: ikke inkluderet<br \/>\nUdvendige dimensioner: 40x10cm<br \/>\nFabrikant: ForrestDecor<br \/>\nMontage: skal samles<br \/>\nGaranti: 12 m\u00e5neder<\/p>\n","protected":false},"excerpt":{"rendered":"<p>Loftslampe Whitney er en klassisk og elegant lampe, der passer til enhver indretning. Lampen er lavet af metal i en smuk s\u00f8lvfarve, der reflekterer lyset p\u00e5 en behagelig m\u00e5de. Lampen har et enkelt og tidl\u00f8st design, der skaber en hyggelig atmosf\u00e6re i rummet. Lampen har en diameter p\u00e5 40 cm og en h\u00f8jde p\u00e5 10 [&hellip;]<\/p>\n","protected":false},"featured_media":7195,"comment_status":"open","ping_status":"closed","template":"","meta":[],"product_brand":[],"product_cat":[155],"product_tag":[],"class_list":{"0":"post-7198","1":"product","2":"type-product","3":"status-publish","4":"has-post-thumbnail","6":"product_cat-chandeliers","8":"first","9":"instock","10":"shipping-taxable","11":"purchasable","12":"product-type-simple"},"yoast_head":"<!-- This site is optimized with the Yoast SEO plugin v24.8.1 - https:\/\/yoast.com\/wordpress\/plugins\/seo\/ -->\n<title>Loftslampe Whitney 40x10cm - LASTCHANCE Deals | Danmark<\/title>\n<meta name=\"robots\" content=\"index, follow, max-snippet:-1, max-image-preview:large, max-video-preview:-1\" \/>\n<link rel=\"canonical\" href=\"https:\/\/last-chance.dk\/?product=loftslampe-whitney-40x10cm\" \/>\n<meta property=\"og:locale\" content=\"da_DK\" \/>\n<meta property=\"og:type\" content=\"article\" \/>\n<meta property=\"og:title\" content=\"Loftslampe Whitney 40x10cm - LASTCHANCE Deals | Danmark\" \/>\n<meta property=\"og:description\" content=\"Loftslampe Whitney er en klassisk og elegant lampe, der passer til enhver indretning. Lampen er lavet af metal i en smuk s\u00f8lvfarve, der reflekterer lyset p\u00e5 en behagelig m\u00e5de. Lampen har et enkelt og tidl\u00f8st design, der skaber en hyggelig atmosf\u00e6re i rummet. Lampen har en diameter p\u00e5 40 cm og en h\u00f8jde p\u00e5 10 [&hellip;]\" \/>\n<meta property=\"og:url\" content=\"https:\/\/last-chance.dk\/?product=loftslampe-whitney-40x10cm\" \/>\n<meta property=\"og:site_name\" content=\"LASTCHANCE Deals | Danmark\" \/>\n<meta property=\"article:modified_time\" content=\"2025-09-19T18:06:36+00:00\" \/>\n<meta property=\"og:image\" content=\"https:\/\/last-chance.dk\/wp-content\/uploads\/2023\/11\/whitney1_1.jpg\" \/>\n\t<meta property=\"og:image:width\" content=\"750\" \/>\n\t<meta property=\"og:image:height\" content=\"656\" \/>\n\t<meta property=\"og:image:type\" content=\"image\/jpeg\" \/>\n<meta name=\"twitter:card\" content=\"summary_large_image\" \/>\n<meta name=\"twitter:label1\" content=\"Estimeret l\u00e6setid\" \/>\n\t<meta name=\"twitter:data1\" content=\"1 minut\" \/>\n<script type=\"application\/ld+json\" class=\"yoast-schema-graph\">{\"@context\":\"https:\/\/schema.org\",\"@graph\":[{\"@type\":\"WebPage\",\"@id\":\"https:\/\/last-chance.dk\/?product=loftslampe-whitney-40x10cm\",\"url\":\"https:\/\/last-chance.dk\/?product=loftslampe-whitney-40x10cm\",\"name\":\"Loftslampe Whitney 40x10cm - LASTCHANCE Deals | Danmark\",\"isPartOf\":{\"@id\":\"https:\/\/last-chance.dk\/#website\"},\"primaryImageOfPage\":{\"@id\":\"https:\/\/last-chance.dk\/?product=loftslampe-whitney-40x10cm#primaryimage\"},\"image\":{\"@id\":\"https:\/\/last-chance.dk\/?product=loftslampe-whitney-40x10cm#primaryimage\"},\"thumbnailUrl\":\"https:\/\/last-chance.dk\/wp-content\/uploads\/2023\/11\/whitney1_1.jpg\",\"datePublished\":\"2023-11-06T13:31:58+00:00\",\"dateModified\":\"2025-09-19T18:06:36+00:00\",\"breadcrumb\":{\"@id\":\"https:\/\/last-chance.dk\/?product=loftslampe-whitney-40x10cm#breadcrumb\"},\"inLanguage\":\"da-DK\",\"potentialAction\":[{\"@type\":\"ReadAction\",\"target\":[\"https:\/\/last-chance.dk\/?product=loftslampe-whitney-40x10cm\"]}]},{\"@type\":\"ImageObject\",\"inLanguage\":\"da-DK\",\"@id\":\"https:\/\/last-chance.dk\/?product=loftslampe-whitney-40x10cm#primaryimage\",\"url\":\"https:\/\/last-chance.dk\/wp-content\/uploads\/2023\/11\/whitney1_1.jpg\",\"contentUrl\":\"https:\/\/last-chance.dk\/wp-content\/uploads\/2023\/11\/whitney1_1.jpg\",\"width\":750,\"height\":656},{\"@type\":\"BreadcrumbList\",\"@id\":\"https:\/\/last-chance.dk\/?product=loftslampe-whitney-40x10cm#breadcrumb\",\"itemListElement\":[{\"@type\":\"ListItem\",\"position\":1,\"name\":\"Home\",\"item\":\"https:\/\/last-chance.dk\/\"},{\"@type\":\"ListItem\",\"position\":2,\"name\":\"Loftslampe Whitney 40x10cm\"}]},{\"@type\":\"WebSite\",\"@id\":\"https:\/\/last-chance.dk\/#website\",\"url\":\"https:\/\/last-chance.dk\/\",\"name\":\"LASTCHANCE Deals | Danmark\",\"description\":\"LASTCHANCE Deals | Danmark\",\"publisher\":{\"@id\":\"https:\/\/last-chance.dk\/#organization\"},\"potentialAction\":[{\"@type\":\"SearchAction\",\"target\":{\"@type\":\"EntryPoint\",\"urlTemplate\":\"https:\/\/last-chance.dk\/?s={search_term_string}\"},\"query-input\":{\"@type\":\"PropertyValueSpecification\",\"valueRequired\":true,\"valueName\":\"search_term_string\"}}],\"inLanguage\":\"da-DK\"},{\"@type\":\"Organization\",\"@id\":\"https:\/\/last-chance.dk\/#organization\",\"name\":\"LASTCHANCE Deals | Danmark\",\"url\":\"https:\/\/last-chance.dk\/\",\"logo\":{\"@type\":\"ImageObject\",\"inLanguage\":\"da-DK\",\"@id\":\"https:\/\/last-chance.dk\/#\/schema\/logo\/image\/\",\"url\":\"https:\/\/last-chance.dk\/wp-content\/uploads\/2023\/10\/lastchancedeals_logo_dk_white.png\",\"contentUrl\":\"https:\/\/last-chance.dk\/wp-content\/uploads\/2023\/10\/lastchancedeals_logo_dk_white.png\",\"width\":470,\"height\":110,\"caption\":\"LASTCHANCE Deals | Danmark\"},\"image\":{\"@id\":\"https:\/\/last-chance.dk\/#\/schema\/logo\/image\/\"}}]}<\/script>\n<!-- \/ Yoast SEO plugin. -->","yoast_head_json":{"title":"Loftslampe Whitney 40x10cm - LASTCHANCE Deals | Danmark","robots":{"index":"index","follow":"follow","max-snippet":"max-snippet:-1","max-image-preview":"max-image-preview:large","max-video-preview":"max-video-preview:-1"},"canonical":"https:\/\/last-chance.dk\/?product=loftslampe-whitney-40x10cm","og_locale":"da_DK","og_type":"article","og_title":"Loftslampe Whitney 40x10cm - LASTCHANCE Deals | Danmark","og_description":"Loftslampe Whitney er en klassisk og elegant lampe, der passer til enhver indretning. Lampen er lavet af metal i en smuk s\u00f8lvfarve, der reflekterer lyset p\u00e5 en behagelig m\u00e5de. Lampen har et enkelt og tidl\u00f8st design, der skaber en hyggelig atmosf\u00e6re i rummet. Lampen har en diameter p\u00e5 40 cm og en h\u00f8jde p\u00e5 10 [&hellip;]","og_url":"https:\/\/last-chance.dk\/?product=loftslampe-whitney-40x10cm","og_site_name":"LASTCHANCE Deals | Danmark","article_modified_time":"2025-09-19T18:06:36+00:00","og_image":[{"width":750,"height":656,"url":"https:\/\/last-chance.dk\/wp-content\/uploads\/2023\/11\/whitney1_1.jpg","type":"image\/jpeg"}],"twitter_card":"summary_large_image","twitter_misc":{"Estimeret l\u00e6setid":"1 minut"},"schema":{"@context":"https:\/\/schema.org","@graph":[{"@type":"WebPage","@id":"https:\/\/last-chance.dk\/?product=loftslampe-whitney-40x10cm","url":"https:\/\/last-chance.dk\/?product=loftslampe-whitney-40x10cm","name":"Loftslampe Whitney 40x10cm - LASTCHANCE Deals | Danmark","isPartOf":{"@id":"https:\/\/last-chance.dk\/#website"},"primaryImageOfPage":{"@id":"https:\/\/last-chance.dk\/?product=loftslampe-whitney-40x10cm#primaryimage"},"image":{"@id":"https:\/\/last-chance.dk\/?product=loftslampe-whitney-40x10cm#primaryimage"},"thumbnailUrl":"https:\/\/last-chance.dk\/wp-content\/uploads\/2023\/11\/whitney1_1.jpg","datePublished":"2023-11-06T13:31:58+00:00","dateModified":"2025-09-19T18:06:36+00:00","breadcrumb":{"@id":"https:\/\/last-chance.dk\/?product=loftslampe-whitney-40x10cm#breadcrumb"},"inLanguage":"da-DK","potentialAction":[{"@type":"ReadAction","target":["https:\/\/last-chance.dk\/?product=loftslampe-whitney-40x10cm"]}]},{"@type":"ImageObject","inLanguage":"da-DK","@id":"https:\/\/last-chance.dk\/?product=loftslampe-whitney-40x10cm#primaryimage","url":"https:\/\/last-chance.dk\/wp-content\/uploads\/2023\/11\/whitney1_1.jpg","contentUrl":"https:\/\/last-chance.dk\/wp-content\/uploads\/2023\/11\/whitney1_1.jpg","width":750,"height":656},{"@type":"BreadcrumbList","@id":"https:\/\/last-chance.dk\/?product=loftslampe-whitney-40x10cm#breadcrumb","itemListElement":[{"@type":"ListItem","position":1,"name":"Home","item":"https:\/\/last-chance.dk\/"},{"@type":"ListItem","position":2,"name":"Loftslampe Whitney 40x10cm"}]},{"@type":"WebSite","@id":"https:\/\/last-chance.dk\/#website","url":"https:\/\/last-chance.dk\/","name":"LASTCHANCE Deals | Danmark","description":"LASTCHANCE Deals | Danmark","publisher":{"@id":"https:\/\/last-chance.dk\/#organization"},"potentialAction":[{"@type":"SearchAction","target":{"@type":"EntryPoint","urlTemplate":"https:\/\/last-chance.dk\/?s={search_term_string}"},"query-input":{"@type":"PropertyValueSpecification","valueRequired":true,"valueName":"search_term_string"}}],"inLanguage":"da-DK"},{"@type":"Organization","@id":"https:\/\/last-chance.dk\/#organization","name":"LASTCHANCE Deals | Danmark","url":"https:\/\/last-chance.dk\/","logo":{"@type":"ImageObject","inLanguage":"da-DK","@id":"https:\/\/last-chance.dk\/#\/schema\/logo\/image\/","url":"https:\/\/last-chance.dk\/wp-content\/uploads\/2023\/10\/lastchancedeals_logo_dk_white.png","contentUrl":"https:\/\/last-chance.dk\/wp-content\/uploads\/2023\/10\/lastchancedeals_logo_dk_white.png","width":470,"height":110,"caption":"LASTCHANCE Deals | Danmark"},"image":{"@id":"https:\/\/last-chance.dk\/#\/schema\/logo\/image\/"}}]}},"_links":{"self":[{"href":"https:\/\/last-chance.dk\/index.php?rest_route=\/wp\/v2\/product\/7198","targetHints":{"allow":["GET"]}}],"collection":[{"href":"https:\/\/last-chance.dk\/index.php?rest_route=\/wp\/v2\/product"}],"about":[{"href":"https:\/\/last-chance.dk\/index.php?rest_route=\/wp\/v2\/types\/product"}],"replies":[{"embeddable":true,"href":"https:\/\/last-chance.dk\/index.php?rest_route=%2Fwp%2Fv2%2Fcomments&post=7198"}],"wp:featuredmedia":[{"embeddable":true,"href":"https:\/\/last-chance.dk\/index.php?rest_route=\/wp\/v2\/media\/7195"}],"wp:attachment":[{"href":"https:\/\/last-chance.dk\/index.php?rest_route=%2Fwp%2Fv2%2Fmedia&parent=7198"}],"wp:term":[{"taxonomy":"product_brand","embeddable":true,"href":"https:\/\/last-chance.dk\/index.php?rest_route=%2Fwp%2Fv2%2Fproduct_brand&post=7198"},{"taxonomy":"product_cat","embeddable":true,"href":"https:\/\/last-chance.dk\/index.php?rest_route=%2Fwp%2Fv2%2Fproduct_cat&post=7198"},{"taxonomy":"product_tag","embeddable":true,"href":"https:\/\/last-chance.dk\/index.php?rest_route=%2Fwp%2Fv2%2Fproduct_tag&post=7198"}],"curies":[{"name":"wp","href":"https:\/\/api.w.org\/{rel}","templated":true}]}}