{"id":7204,"date":"2023-11-06T13:32:17","date_gmt":"2023-11-06T13:32:17","guid":{"rendered":"https:\/\/www.lastchance.deals\/dk\/tuote\/loftslampe-zeppelin-85x40cm-blaa\/"},"modified":"2025-09-19T18:07:00","modified_gmt":"2025-09-19T18:07:00","slug":"loftslampe-zeppelin-85x40cm-blaa","status":"publish","type":"product","link":"https:\/\/last-chance.dk\/?product=loftslampe-zeppelin-85x40cm-blaa","title":{"rendered":"Loftslampe Zeppelin 85x40cm bl\u00e5"},"content":{"rendered":"<p>Loftslampe Zeppelin er en klassisk og elegant lampe, der passer til enhver indretning. Lampen er lavet af glas, metal og keramisk materiale i en smuk bl\u00e5 farve, der giver et hyggeligt og varmt lys. Lampen har et unikt design, der minder om en zeppelin, og som skaber et blikfang i rummet.<\/p>\n<p><\/p>\n<p>Lampen har udvendige dimensioner p\u00e5 85x40cm og leveres i dele, der skal samles. Det er nemt at montere lampen med den medf\u00f8lgende vejledning. Lampen har en garanti p\u00e5 12 m\u00e5neder fra fabrikanten ForrestDecor, der er kendt for deres kvalitetsprodukter og gode service.<\/p>\n<p><\/p>\n<p>Bestil Loftslampe Zeppelin i dag og f\u00e5 en flot og funktionel lampe til dit hjem.<\/p>\n<p><\/p>\n<p>Leveringstid: Leveringstid 1 uge<br \/>\nStil: klassisk<br \/>\nMateriale: glas,metal,keramisk<br \/>\nFarve: bl\u00e5<br \/>\nLampefatning: E27<br \/>\nLampestik: ikke inkluderet<br \/>\nUdvendige dimensioner: 85x40cm<br \/>\nFabrikant: ForrestDecor<br \/>\nMontage: skal samles<br \/>\nGaranti: 12 m\u00e5neder<\/p>\n","protected":false},"excerpt":{"rendered":"<p>Loftslampe Zeppelin er en klassisk og elegant lampe, der passer til enhver indretning. Lampen er lavet af glas, metal og keramisk materiale i en smuk bl\u00e5 farve, der giver et hyggeligt og varmt lys. Lampen har et unikt design, der minder om en zeppelin, og som skaber et blikfang i rummet. Lampen har udvendige dimensioner [&hellip;]<\/p>\n","protected":false},"featured_media":7199,"comment_status":"open","ping_status":"closed","template":"","meta":[],"product_brand":[],"product_cat":[155],"product_tag":[],"class_list":{"0":"post-7204","1":"product","2":"type-product","3":"status-publish","4":"has-post-thumbnail","6":"product_cat-chandeliers","8":"first","9":"instock","10":"shipping-taxable","11":"purchasable","12":"product-type-simple"},"yoast_head":"<!-- This site is optimized with the Yoast SEO plugin v24.8.1 - https:\/\/yoast.com\/wordpress\/plugins\/seo\/ -->\n<title>Loftslampe Zeppelin 85x40cm bl\u00e5 - LASTCHANCE Deals | Danmark<\/title>\n<meta name=\"robots\" content=\"index, follow, max-snippet:-1, max-image-preview:large, max-video-preview:-1\" \/>\n<link rel=\"canonical\" href=\"https:\/\/last-chance.dk\/?product=loftslampe-zeppelin-85x40cm-blaa\" \/>\n<meta property=\"og:locale\" content=\"da_DK\" \/>\n<meta property=\"og:type\" content=\"article\" \/>\n<meta property=\"og:title\" content=\"Loftslampe Zeppelin 85x40cm bl\u00e5 - LASTCHANCE Deals | Danmark\" \/>\n<meta property=\"og:description\" content=\"Loftslampe Zeppelin er en klassisk og elegant lampe, der passer til enhver indretning. Lampen er lavet af glas, metal og keramisk materiale i en smuk bl\u00e5 farve, der giver et hyggeligt og varmt lys. Lampen har et unikt design, der minder om en zeppelin, og som skaber et blikfang i rummet. Lampen har udvendige dimensioner [&hellip;]\" \/>\n<meta property=\"og:url\" content=\"https:\/\/last-chance.dk\/?product=loftslampe-zeppelin-85x40cm-blaa\" \/>\n<meta property=\"og:site_name\" content=\"LASTCHANCE Deals | Danmark\" \/>\n<meta property=\"article:modified_time\" content=\"2025-09-19T18:07:00+00:00\" \/>\n<meta property=\"og:image\" content=\"https:\/\/last-chance.dk\/wp-content\/uploads\/2023\/11\/zeppelin1.jpg\" \/>\n\t<meta property=\"og:image:width\" content=\"790\" \/>\n\t<meta property=\"og:image:height\" content=\"866\" \/>\n\t<meta property=\"og:image:type\" content=\"image\/jpeg\" \/>\n<meta name=\"twitter:card\" content=\"summary_large_image\" \/>\n<meta name=\"twitter:label1\" content=\"Estimeret l\u00e6setid\" \/>\n\t<meta name=\"twitter:data1\" content=\"1 minut\" \/>\n<script type=\"application\/ld+json\" class=\"yoast-schema-graph\">{\"@context\":\"https:\/\/schema.org\",\"@graph\":[{\"@type\":\"WebPage\",\"@id\":\"https:\/\/last-chance.dk\/?product=loftslampe-zeppelin-85x40cm-blaa\",\"url\":\"https:\/\/last-chance.dk\/?product=loftslampe-zeppelin-85x40cm-blaa\",\"name\":\"Loftslampe Zeppelin 85x40cm bl\u00e5 - LASTCHANCE Deals | Danmark\",\"isPartOf\":{\"@id\":\"https:\/\/last-chance.dk\/#website\"},\"primaryImageOfPage\":{\"@id\":\"https:\/\/last-chance.dk\/?product=loftslampe-zeppelin-85x40cm-blaa#primaryimage\"},\"image\":{\"@id\":\"https:\/\/last-chance.dk\/?product=loftslampe-zeppelin-85x40cm-blaa#primaryimage\"},\"thumbnailUrl\":\"https:\/\/last-chance.dk\/wp-content\/uploads\/2023\/11\/zeppelin1.jpg\",\"datePublished\":\"2023-11-06T13:32:17+00:00\",\"dateModified\":\"2025-09-19T18:07:00+00:00\",\"breadcrumb\":{\"@id\":\"https:\/\/last-chance.dk\/?product=loftslampe-zeppelin-85x40cm-blaa#breadcrumb\"},\"inLanguage\":\"da-DK\",\"potentialAction\":[{\"@type\":\"ReadAction\",\"target\":[\"https:\/\/last-chance.dk\/?product=loftslampe-zeppelin-85x40cm-blaa\"]}]},{\"@type\":\"ImageObject\",\"inLanguage\":\"da-DK\",\"@id\":\"https:\/\/last-chance.dk\/?product=loftslampe-zeppelin-85x40cm-blaa#primaryimage\",\"url\":\"https:\/\/last-chance.dk\/wp-content\/uploads\/2023\/11\/zeppelin1.jpg\",\"contentUrl\":\"https:\/\/last-chance.dk\/wp-content\/uploads\/2023\/11\/zeppelin1.jpg\",\"width\":790,\"height\":866},{\"@type\":\"BreadcrumbList\",\"@id\":\"https:\/\/last-chance.dk\/?product=loftslampe-zeppelin-85x40cm-blaa#breadcrumb\",\"itemListElement\":[{\"@type\":\"ListItem\",\"position\":1,\"name\":\"Home\",\"item\":\"https:\/\/last-chance.dk\/\"},{\"@type\":\"ListItem\",\"position\":2,\"name\":\"Loftslampe Zeppelin 85x40cm bl\u00e5\"}]},{\"@type\":\"WebSite\",\"@id\":\"https:\/\/last-chance.dk\/#website\",\"url\":\"https:\/\/last-chance.dk\/\",\"name\":\"LASTCHANCE Deals | Danmark\",\"description\":\"LASTCHANCE Deals | Danmark\",\"publisher\":{\"@id\":\"https:\/\/last-chance.dk\/#organization\"},\"potentialAction\":[{\"@type\":\"SearchAction\",\"target\":{\"@type\":\"EntryPoint\",\"urlTemplate\":\"https:\/\/last-chance.dk\/?s={search_term_string}\"},\"query-input\":{\"@type\":\"PropertyValueSpecification\",\"valueRequired\":true,\"valueName\":\"search_term_string\"}}],\"inLanguage\":\"da-DK\"},{\"@type\":\"Organization\",\"@id\":\"https:\/\/last-chance.dk\/#organization\",\"name\":\"LASTCHANCE Deals | Danmark\",\"url\":\"https:\/\/last-chance.dk\/\",\"logo\":{\"@type\":\"ImageObject\",\"inLanguage\":\"da-DK\",\"@id\":\"https:\/\/last-chance.dk\/#\/schema\/logo\/image\/\",\"url\":\"https:\/\/last-chance.dk\/wp-content\/uploads\/2023\/10\/lastchancedeals_logo_dk_white.png\",\"contentUrl\":\"https:\/\/last-chance.dk\/wp-content\/uploads\/2023\/10\/lastchancedeals_logo_dk_white.png\",\"width\":470,\"height\":110,\"caption\":\"LASTCHANCE Deals | Danmark\"},\"image\":{\"@id\":\"https:\/\/last-chance.dk\/#\/schema\/logo\/image\/\"}}]}<\/script>\n<!-- \/ Yoast SEO plugin. -->","yoast_head_json":{"title":"Loftslampe Zeppelin 85x40cm bl\u00e5 - LASTCHANCE Deals | Danmark","robots":{"index":"index","follow":"follow","max-snippet":"max-snippet:-1","max-image-preview":"max-image-preview:large","max-video-preview":"max-video-preview:-1"},"canonical":"https:\/\/last-chance.dk\/?product=loftslampe-zeppelin-85x40cm-blaa","og_locale":"da_DK","og_type":"article","og_title":"Loftslampe Zeppelin 85x40cm bl\u00e5 - LASTCHANCE Deals | Danmark","og_description":"Loftslampe Zeppelin er en klassisk og elegant lampe, der passer til enhver indretning. Lampen er lavet af glas, metal og keramisk materiale i en smuk bl\u00e5 farve, der giver et hyggeligt og varmt lys. Lampen har et unikt design, der minder om en zeppelin, og som skaber et blikfang i rummet. Lampen har udvendige dimensioner [&hellip;]","og_url":"https:\/\/last-chance.dk\/?product=loftslampe-zeppelin-85x40cm-blaa","og_site_name":"LASTCHANCE Deals | Danmark","article_modified_time":"2025-09-19T18:07:00+00:00","og_image":[{"width":790,"height":866,"url":"https:\/\/last-chance.dk\/wp-content\/uploads\/2023\/11\/zeppelin1.jpg","type":"image\/jpeg"}],"twitter_card":"summary_large_image","twitter_misc":{"Estimeret l\u00e6setid":"1 minut"},"schema":{"@context":"https:\/\/schema.org","@graph":[{"@type":"WebPage","@id":"https:\/\/last-chance.dk\/?product=loftslampe-zeppelin-85x40cm-blaa","url":"https:\/\/last-chance.dk\/?product=loftslampe-zeppelin-85x40cm-blaa","name":"Loftslampe Zeppelin 85x40cm bl\u00e5 - LASTCHANCE Deals | Danmark","isPartOf":{"@id":"https:\/\/last-chance.dk\/#website"},"primaryImageOfPage":{"@id":"https:\/\/last-chance.dk\/?product=loftslampe-zeppelin-85x40cm-blaa#primaryimage"},"image":{"@id":"https:\/\/last-chance.dk\/?product=loftslampe-zeppelin-85x40cm-blaa#primaryimage"},"thumbnailUrl":"https:\/\/last-chance.dk\/wp-content\/uploads\/2023\/11\/zeppelin1.jpg","datePublished":"2023-11-06T13:32:17+00:00","dateModified":"2025-09-19T18:07:00+00:00","breadcrumb":{"@id":"https:\/\/last-chance.dk\/?product=loftslampe-zeppelin-85x40cm-blaa#breadcrumb"},"inLanguage":"da-DK","potentialAction":[{"@type":"ReadAction","target":["https:\/\/last-chance.dk\/?product=loftslampe-zeppelin-85x40cm-blaa"]}]},{"@type":"ImageObject","inLanguage":"da-DK","@id":"https:\/\/last-chance.dk\/?product=loftslampe-zeppelin-85x40cm-blaa#primaryimage","url":"https:\/\/last-chance.dk\/wp-content\/uploads\/2023\/11\/zeppelin1.jpg","contentUrl":"https:\/\/last-chance.dk\/wp-content\/uploads\/2023\/11\/zeppelin1.jpg","width":790,"height":866},{"@type":"BreadcrumbList","@id":"https:\/\/last-chance.dk\/?product=loftslampe-zeppelin-85x40cm-blaa#breadcrumb","itemListElement":[{"@type":"ListItem","position":1,"name":"Home","item":"https:\/\/last-chance.dk\/"},{"@type":"ListItem","position":2,"name":"Loftslampe Zeppelin 85x40cm bl\u00e5"}]},{"@type":"WebSite","@id":"https:\/\/last-chance.dk\/#website","url":"https:\/\/last-chance.dk\/","name":"LASTCHANCE Deals | Danmark","description":"LASTCHANCE Deals | Danmark","publisher":{"@id":"https:\/\/last-chance.dk\/#organization"},"potentialAction":[{"@type":"SearchAction","target":{"@type":"EntryPoint","urlTemplate":"https:\/\/last-chance.dk\/?s={search_term_string}"},"query-input":{"@type":"PropertyValueSpecification","valueRequired":true,"valueName":"search_term_string"}}],"inLanguage":"da-DK"},{"@type":"Organization","@id":"https:\/\/last-chance.dk\/#organization","name":"LASTCHANCE Deals | Danmark","url":"https:\/\/last-chance.dk\/","logo":{"@type":"ImageObject","inLanguage":"da-DK","@id":"https:\/\/last-chance.dk\/#\/schema\/logo\/image\/","url":"https:\/\/last-chance.dk\/wp-content\/uploads\/2023\/10\/lastchancedeals_logo_dk_white.png","contentUrl":"https:\/\/last-chance.dk\/wp-content\/uploads\/2023\/10\/lastchancedeals_logo_dk_white.png","width":470,"height":110,"caption":"LASTCHANCE Deals | Danmark"},"image":{"@id":"https:\/\/last-chance.dk\/#\/schema\/logo\/image\/"}}]}},"_links":{"self":[{"href":"https:\/\/last-chance.dk\/index.php?rest_route=\/wp\/v2\/product\/7204","targetHints":{"allow":["GET"]}}],"collection":[{"href":"https:\/\/last-chance.dk\/index.php?rest_route=\/wp\/v2\/product"}],"about":[{"href":"https:\/\/last-chance.dk\/index.php?rest_route=\/wp\/v2\/types\/product"}],"replies":[{"embeddable":true,"href":"https:\/\/last-chance.dk\/index.php?rest_route=%2Fwp%2Fv2%2Fcomments&post=7204"}],"wp:featuredmedia":[{"embeddable":true,"href":"https:\/\/last-chance.dk\/index.php?rest_route=\/wp\/v2\/media\/7199"}],"wp:attachment":[{"href":"https:\/\/last-chance.dk\/index.php?rest_route=%2Fwp%2Fv2%2Fmedia&parent=7204"}],"wp:term":[{"taxonomy":"product_brand","embeddable":true,"href":"https:\/\/last-chance.dk\/index.php?rest_route=%2Fwp%2Fv2%2Fproduct_brand&post=7204"},{"taxonomy":"product_cat","embeddable":true,"href":"https:\/\/last-chance.dk\/index.php?rest_route=%2Fwp%2Fv2%2Fproduct_cat&post=7204"},{"taxonomy":"product_tag","embeddable":true,"href":"https:\/\/last-chance.dk\/index.php?rest_route=%2Fwp%2Fv2%2Fproduct_tag&post=7204"}],"curies":[{"name":"wp","href":"https:\/\/api.w.org\/{rel}","templated":true}]}}