{"id":7218,"date":"2023-11-06T13:33:01","date_gmt":"2023-11-06T13:33:01","guid":{"rendered":"https:\/\/www.lastchance.deals\/dk\/tuote\/hjoernebeslag-til-moebler-cor1-4-stykker\/"},"modified":"2025-09-19T17:49:11","modified_gmt":"2025-09-19T17:49:11","slug":"hjoernebeslag-til-moebler-cor1-4-stykker","status":"publish","type":"product","link":"https:\/\/last-chance.dk\/?product=hjoernebeslag-til-moebler-cor1-4-stykker","title":{"rendered":"Hj\u00f8rnebeslag til m\u00f8bler COR1, 4 stykker"},"content":{"rendered":"<p>Hj\u00f8rnebeslag til m\u00f8bler COR1 er et s\u00e6t af fire robuste og holdbare beslag, som du kan bruge til at forst\u00e6rke dine m\u00f8bler og give dem et moderne og stilfuldt udseende.<\/p>\n<p><\/p>\n<p>De er lavet af st\u00e5lramme, som er st\u00e6rk og modstandsdygtig over for rust og slid. De har en neutral farve, som passer til enhver indretning.<\/p>\n<p><\/p>\n<p>De har en dimension p\u00e5 130x80cm, som er velegnet til de fleste m\u00f8bler. De er nemme at montere og fastg\u00f8re med skruer eller lim.<\/p>\n<p><\/p>\n<p>De er produceret af ForrestDecor, et firma med mange \u00e5rs erfaring i at lave kvalitetsprodukter til hjemmet.<\/p>\n<p><\/p>\n<p>Hj\u00f8rnebeslag til m\u00f8bler COR1 er et perfekt valg, hvis du vil opgradere dine m\u00f8bler og give dem et nyt liv.<\/p>\n<p><\/p>\n<p>Leveringstid: Leveringstid 1 uge<br \/>\nMateriale: st\u00e5lramme<br \/>\nFarve: ikke angivet<br \/>\nDimensioner: 130x80cm<br \/>\nBel\u00f8b: 4<br \/>\nFabrikant: ForrestDecor<\/p>\n","protected":false},"excerpt":{"rendered":"<p>Hj\u00f8rnebeslag til m\u00f8bler COR1 er et s\u00e6t af fire robuste og holdbare beslag, som du kan bruge til at forst\u00e6rke dine m\u00f8bler og give dem et moderne og stilfuldt udseende. De er lavet af st\u00e5lramme, som er st\u00e6rk og modstandsdygtig over for rust og slid. De har en neutral farve, som passer til enhver indretning. [&hellip;]<\/p>\n","protected":false},"featured_media":7215,"comment_status":"open","ping_status":"closed","template":"","meta":[],"product_brand":[],"product_cat":[143],"product_tag":[],"class_list":{"0":"post-7218","1":"product","2":"type-product","3":"status-publish","4":"has-post-thumbnail","6":"product_cat-furniture-accessories","8":"first","9":"instock","10":"shipping-taxable","11":"purchasable","12":"product-type-simple"},"yoast_head":"<!-- This site is optimized with the Yoast SEO plugin v24.8.1 - https:\/\/yoast.com\/wordpress\/plugins\/seo\/ -->\n<title>Hj\u00f8rnebeslag til m\u00f8bler COR1, 4 stykker - LASTCHANCE Deals | Danmark<\/title>\n<meta name=\"robots\" content=\"index, follow, max-snippet:-1, max-image-preview:large, max-video-preview:-1\" \/>\n<link rel=\"canonical\" href=\"https:\/\/last-chance.dk\/?product=hjoernebeslag-til-moebler-cor1-4-stykker\" \/>\n<meta property=\"og:locale\" content=\"da_DK\" \/>\n<meta property=\"og:type\" content=\"article\" \/>\n<meta property=\"og:title\" content=\"Hj\u00f8rnebeslag til m\u00f8bler COR1, 4 stykker - LASTCHANCE Deals | Danmark\" \/>\n<meta property=\"og:description\" content=\"Hj\u00f8rnebeslag til m\u00f8bler COR1 er et s\u00e6t af fire robuste og holdbare beslag, som du kan bruge til at forst\u00e6rke dine m\u00f8bler og give dem et moderne og stilfuldt udseende. De er lavet af st\u00e5lramme, som er st\u00e6rk og modstandsdygtig over for rust og slid. De har en neutral farve, som passer til enhver indretning. [&hellip;]\" \/>\n<meta property=\"og:url\" content=\"https:\/\/last-chance.dk\/?product=hjoernebeslag-til-moebler-cor1-4-stykker\" \/>\n<meta property=\"og:site_name\" content=\"LASTCHANCE Deals | Danmark\" \/>\n<meta property=\"article:modified_time\" content=\"2025-09-19T17:49:11+00:00\" \/>\n<meta property=\"og:image\" content=\"https:\/\/last-chance.dk\/wp-content\/uploads\/2023\/11\/cor1-1.jpg\" \/>\n\t<meta property=\"og:image:width\" content=\"826\" \/>\n\t<meta property=\"og:image:height\" content=\"568\" \/>\n\t<meta property=\"og:image:type\" content=\"image\/jpeg\" \/>\n<meta name=\"twitter:card\" content=\"summary_large_image\" \/>\n<meta name=\"twitter:label1\" content=\"Estimeret l\u00e6setid\" \/>\n\t<meta name=\"twitter:data1\" content=\"1 minut\" \/>\n<script type=\"application\/ld+json\" class=\"yoast-schema-graph\">{\"@context\":\"https:\/\/schema.org\",\"@graph\":[{\"@type\":\"WebPage\",\"@id\":\"https:\/\/last-chance.dk\/?product=hjoernebeslag-til-moebler-cor1-4-stykker\",\"url\":\"https:\/\/last-chance.dk\/?product=hjoernebeslag-til-moebler-cor1-4-stykker\",\"name\":\"Hj\u00f8rnebeslag til m\u00f8bler COR1, 4 stykker - LASTCHANCE Deals | Danmark\",\"isPartOf\":{\"@id\":\"https:\/\/last-chance.dk\/#website\"},\"primaryImageOfPage\":{\"@id\":\"https:\/\/last-chance.dk\/?product=hjoernebeslag-til-moebler-cor1-4-stykker#primaryimage\"},\"image\":{\"@id\":\"https:\/\/last-chance.dk\/?product=hjoernebeslag-til-moebler-cor1-4-stykker#primaryimage\"},\"thumbnailUrl\":\"https:\/\/last-chance.dk\/wp-content\/uploads\/2023\/11\/cor1-1.jpg\",\"datePublished\":\"2023-11-06T13:33:01+00:00\",\"dateModified\":\"2025-09-19T17:49:11+00:00\",\"breadcrumb\":{\"@id\":\"https:\/\/last-chance.dk\/?product=hjoernebeslag-til-moebler-cor1-4-stykker#breadcrumb\"},\"inLanguage\":\"da-DK\",\"potentialAction\":[{\"@type\":\"ReadAction\",\"target\":[\"https:\/\/last-chance.dk\/?product=hjoernebeslag-til-moebler-cor1-4-stykker\"]}]},{\"@type\":\"ImageObject\",\"inLanguage\":\"da-DK\",\"@id\":\"https:\/\/last-chance.dk\/?product=hjoernebeslag-til-moebler-cor1-4-stykker#primaryimage\",\"url\":\"https:\/\/last-chance.dk\/wp-content\/uploads\/2023\/11\/cor1-1.jpg\",\"contentUrl\":\"https:\/\/last-chance.dk\/wp-content\/uploads\/2023\/11\/cor1-1.jpg\",\"width\":826,\"height\":568},{\"@type\":\"BreadcrumbList\",\"@id\":\"https:\/\/last-chance.dk\/?product=hjoernebeslag-til-moebler-cor1-4-stykker#breadcrumb\",\"itemListElement\":[{\"@type\":\"ListItem\",\"position\":1,\"name\":\"Home\",\"item\":\"https:\/\/last-chance.dk\/\"},{\"@type\":\"ListItem\",\"position\":2,\"name\":\"Hj\u00f8rnebeslag til m\u00f8bler COR1, 4 stykker\"}]},{\"@type\":\"WebSite\",\"@id\":\"https:\/\/last-chance.dk\/#website\",\"url\":\"https:\/\/last-chance.dk\/\",\"name\":\"LASTCHANCE Deals | Danmark\",\"description\":\"LASTCHANCE Deals | Danmark\",\"publisher\":{\"@id\":\"https:\/\/last-chance.dk\/#organization\"},\"potentialAction\":[{\"@type\":\"SearchAction\",\"target\":{\"@type\":\"EntryPoint\",\"urlTemplate\":\"https:\/\/last-chance.dk\/?s={search_term_string}\"},\"query-input\":{\"@type\":\"PropertyValueSpecification\",\"valueRequired\":true,\"valueName\":\"search_term_string\"}}],\"inLanguage\":\"da-DK\"},{\"@type\":\"Organization\",\"@id\":\"https:\/\/last-chance.dk\/#organization\",\"name\":\"LASTCHANCE Deals | Danmark\",\"url\":\"https:\/\/last-chance.dk\/\",\"logo\":{\"@type\":\"ImageObject\",\"inLanguage\":\"da-DK\",\"@id\":\"https:\/\/last-chance.dk\/#\/schema\/logo\/image\/\",\"url\":\"https:\/\/last-chance.dk\/wp-content\/uploads\/2023\/10\/lastchancedeals_logo_dk_white.png\",\"contentUrl\":\"https:\/\/last-chance.dk\/wp-content\/uploads\/2023\/10\/lastchancedeals_logo_dk_white.png\",\"width\":470,\"height\":110,\"caption\":\"LASTCHANCE Deals | Danmark\"},\"image\":{\"@id\":\"https:\/\/last-chance.dk\/#\/schema\/logo\/image\/\"}}]}<\/script>\n<!-- \/ Yoast SEO plugin. -->","yoast_head_json":{"title":"Hj\u00f8rnebeslag til m\u00f8bler COR1, 4 stykker - LASTCHANCE Deals | Danmark","robots":{"index":"index","follow":"follow","max-snippet":"max-snippet:-1","max-image-preview":"max-image-preview:large","max-video-preview":"max-video-preview:-1"},"canonical":"https:\/\/last-chance.dk\/?product=hjoernebeslag-til-moebler-cor1-4-stykker","og_locale":"da_DK","og_type":"article","og_title":"Hj\u00f8rnebeslag til m\u00f8bler COR1, 4 stykker - LASTCHANCE Deals | Danmark","og_description":"Hj\u00f8rnebeslag til m\u00f8bler COR1 er et s\u00e6t af fire robuste og holdbare beslag, som du kan bruge til at forst\u00e6rke dine m\u00f8bler og give dem et moderne og stilfuldt udseende. De er lavet af st\u00e5lramme, som er st\u00e6rk og modstandsdygtig over for rust og slid. De har en neutral farve, som passer til enhver indretning. [&hellip;]","og_url":"https:\/\/last-chance.dk\/?product=hjoernebeslag-til-moebler-cor1-4-stykker","og_site_name":"LASTCHANCE Deals | Danmark","article_modified_time":"2025-09-19T17:49:11+00:00","og_image":[{"width":826,"height":568,"url":"https:\/\/last-chance.dk\/wp-content\/uploads\/2023\/11\/cor1-1.jpg","type":"image\/jpeg"}],"twitter_card":"summary_large_image","twitter_misc":{"Estimeret l\u00e6setid":"1 minut"},"schema":{"@context":"https:\/\/schema.org","@graph":[{"@type":"WebPage","@id":"https:\/\/last-chance.dk\/?product=hjoernebeslag-til-moebler-cor1-4-stykker","url":"https:\/\/last-chance.dk\/?product=hjoernebeslag-til-moebler-cor1-4-stykker","name":"Hj\u00f8rnebeslag til m\u00f8bler COR1, 4 stykker - LASTCHANCE Deals | Danmark","isPartOf":{"@id":"https:\/\/last-chance.dk\/#website"},"primaryImageOfPage":{"@id":"https:\/\/last-chance.dk\/?product=hjoernebeslag-til-moebler-cor1-4-stykker#primaryimage"},"image":{"@id":"https:\/\/last-chance.dk\/?product=hjoernebeslag-til-moebler-cor1-4-stykker#primaryimage"},"thumbnailUrl":"https:\/\/last-chance.dk\/wp-content\/uploads\/2023\/11\/cor1-1.jpg","datePublished":"2023-11-06T13:33:01+00:00","dateModified":"2025-09-19T17:49:11+00:00","breadcrumb":{"@id":"https:\/\/last-chance.dk\/?product=hjoernebeslag-til-moebler-cor1-4-stykker#breadcrumb"},"inLanguage":"da-DK","potentialAction":[{"@type":"ReadAction","target":["https:\/\/last-chance.dk\/?product=hjoernebeslag-til-moebler-cor1-4-stykker"]}]},{"@type":"ImageObject","inLanguage":"da-DK","@id":"https:\/\/last-chance.dk\/?product=hjoernebeslag-til-moebler-cor1-4-stykker#primaryimage","url":"https:\/\/last-chance.dk\/wp-content\/uploads\/2023\/11\/cor1-1.jpg","contentUrl":"https:\/\/last-chance.dk\/wp-content\/uploads\/2023\/11\/cor1-1.jpg","width":826,"height":568},{"@type":"BreadcrumbList","@id":"https:\/\/last-chance.dk\/?product=hjoernebeslag-til-moebler-cor1-4-stykker#breadcrumb","itemListElement":[{"@type":"ListItem","position":1,"name":"Home","item":"https:\/\/last-chance.dk\/"},{"@type":"ListItem","position":2,"name":"Hj\u00f8rnebeslag til m\u00f8bler COR1, 4 stykker"}]},{"@type":"WebSite","@id":"https:\/\/last-chance.dk\/#website","url":"https:\/\/last-chance.dk\/","name":"LASTCHANCE Deals | Danmark","description":"LASTCHANCE Deals | Danmark","publisher":{"@id":"https:\/\/last-chance.dk\/#organization"},"potentialAction":[{"@type":"SearchAction","target":{"@type":"EntryPoint","urlTemplate":"https:\/\/last-chance.dk\/?s={search_term_string}"},"query-input":{"@type":"PropertyValueSpecification","valueRequired":true,"valueName":"search_term_string"}}],"inLanguage":"da-DK"},{"@type":"Organization","@id":"https:\/\/last-chance.dk\/#organization","name":"LASTCHANCE Deals | Danmark","url":"https:\/\/last-chance.dk\/","logo":{"@type":"ImageObject","inLanguage":"da-DK","@id":"https:\/\/last-chance.dk\/#\/schema\/logo\/image\/","url":"https:\/\/last-chance.dk\/wp-content\/uploads\/2023\/10\/lastchancedeals_logo_dk_white.png","contentUrl":"https:\/\/last-chance.dk\/wp-content\/uploads\/2023\/10\/lastchancedeals_logo_dk_white.png","width":470,"height":110,"caption":"LASTCHANCE Deals | Danmark"},"image":{"@id":"https:\/\/last-chance.dk\/#\/schema\/logo\/image\/"}}]}},"_links":{"self":[{"href":"https:\/\/last-chance.dk\/index.php?rest_route=\/wp\/v2\/product\/7218","targetHints":{"allow":["GET"]}}],"collection":[{"href":"https:\/\/last-chance.dk\/index.php?rest_route=\/wp\/v2\/product"}],"about":[{"href":"https:\/\/last-chance.dk\/index.php?rest_route=\/wp\/v2\/types\/product"}],"replies":[{"embeddable":true,"href":"https:\/\/last-chance.dk\/index.php?rest_route=%2Fwp%2Fv2%2Fcomments&post=7218"}],"wp:featuredmedia":[{"embeddable":true,"href":"https:\/\/last-chance.dk\/index.php?rest_route=\/wp\/v2\/media\/7215"}],"wp:attachment":[{"href":"https:\/\/last-chance.dk\/index.php?rest_route=%2Fwp%2Fv2%2Fmedia&parent=7218"}],"wp:term":[{"taxonomy":"product_brand","embeddable":true,"href":"https:\/\/last-chance.dk\/index.php?rest_route=%2Fwp%2Fv2%2Fproduct_brand&post=7218"},{"taxonomy":"product_cat","embeddable":true,"href":"https:\/\/last-chance.dk\/index.php?rest_route=%2Fwp%2Fv2%2Fproduct_cat&post=7218"},{"taxonomy":"product_tag","embeddable":true,"href":"https:\/\/last-chance.dk\/index.php?rest_route=%2Fwp%2Fv2%2Fproduct_tag&post=7218"}],"curies":[{"name":"wp","href":"https:\/\/api.w.org\/{rel}","templated":true}]}}