{"id":7259,"date":"2023-11-06T13:35:15","date_gmt":"2023-11-06T13:35:15","guid":{"rendered":"https:\/\/www.lastchance.deals\/dk\/tuote\/spisebordssaet-4-stole-dixon\/"},"modified":"2025-09-19T18:39:03","modified_gmt":"2025-09-19T18:39:03","slug":"spisebordssaet-4-stole-dixon","status":"publish","type":"product","link":"https:\/\/last-chance.dk\/?product=spisebordssaet-4-stole-dixon","title":{"rendered":"Spisebordss\u00e6t 4 stole Dixon"},"content":{"rendered":"<p>Er du p\u00e5 udkig efter et elegant og komfortabelt spisebordss\u00e6t til din spisestue? S\u00e5 er dette s\u00e6t fra ForrestDecor det perfekte valg for dig. Det best\u00e5r af et rundt glasbord med en stabil metalramme og fire stole med kunstigt l\u00e6ders\u00e6de og rygl\u00e6n. Stolene har et klassisk design med buede ben og arml\u00e6n, der passer perfekt til bordets stil. Bordet har en diameter p\u00e5 90 cm og en h\u00f8jde p\u00e5 75 cm, mens stolene m\u00e5ler 59x56x73 cm hver. S\u00e6ttet leveres i dele og skal samles, men det er nemt og hurtigt at g\u00f8re med den medf\u00f8lgende vejledning. Du f\u00e5r ogs\u00e5 12 m\u00e5neders rammegaranti p\u00e5 dit k\u00f8b, s\u00e5 du kan v\u00e6re sikker p\u00e5 kvaliteten. Med dette spisebordss\u00e6t kan du nyde mange hyggelige m\u00e5ltider med familie og venner i en smuk og behagelig atmosf\u00e6re.<\/p>\n<p><\/p>\n<p>Leveringstid: Leveringstid 1 uge<br \/>\nStil: klassisk<br \/>\nMateriale: kunstigt l\u00e6der,glas,metal<br \/>\nStolens dimensioner: 59x56x73cm<br \/>\nBordm\u00e5l: 90x90x75cm<br \/>\nMontage: skal samles<br \/>\nGaranti: 12 m\u00e5neders rammegaranti<br \/>\nFabrikant: ForrestDecor<\/p>\n","protected":false},"excerpt":{"rendered":"<p>Er du p\u00e5 udkig efter et elegant og komfortabelt spisebordss\u00e6t til din spisestue? S\u00e5 er dette s\u00e6t fra ForrestDecor det perfekte valg for dig. Det best\u00e5r af et rundt glasbord med en stabil metalramme og fire stole med kunstigt l\u00e6ders\u00e6de og rygl\u00e6n. Stolene har et klassisk design med buede ben og arml\u00e6n, der passer perfekt [&hellip;]<\/p>\n","protected":false},"featured_media":7255,"comment_status":"open","ping_status":"closed","template":"","meta":[],"product_brand":[],"product_cat":[162],"product_tag":[],"class_list":{"0":"post-7259","1":"product","2":"type-product","3":"status-publish","4":"has-post-thumbnail","6":"product_cat-matplats-set","8":"first","9":"instock","10":"shipping-taxable","11":"purchasable","12":"product-type-simple"},"yoast_head":"<!-- This site is optimized with the Yoast SEO plugin v24.8.1 - https:\/\/yoast.com\/wordpress\/plugins\/seo\/ -->\n<title>Spisebordss\u00e6t 4 stole Dixon - LASTCHANCE Deals | Danmark<\/title>\n<meta name=\"robots\" content=\"index, follow, max-snippet:-1, max-image-preview:large, max-video-preview:-1\" \/>\n<link rel=\"canonical\" href=\"https:\/\/last-chance.dk\/?product=spisebordssaet-4-stole-dixon\" \/>\n<meta property=\"og:locale\" content=\"da_DK\" \/>\n<meta property=\"og:type\" content=\"article\" \/>\n<meta property=\"og:title\" content=\"Spisebordss\u00e6t 4 stole Dixon - LASTCHANCE Deals | Danmark\" \/>\n<meta property=\"og:description\" content=\"Er du p\u00e5 udkig efter et elegant og komfortabelt spisebordss\u00e6t til din spisestue? S\u00e5 er dette s\u00e6t fra ForrestDecor det perfekte valg for dig. Det best\u00e5r af et rundt glasbord med en stabil metalramme og fire stole med kunstigt l\u00e6ders\u00e6de og rygl\u00e6n. Stolene har et klassisk design med buede ben og arml\u00e6n, der passer perfekt [&hellip;]\" \/>\n<meta property=\"og:url\" content=\"https:\/\/last-chance.dk\/?product=spisebordssaet-4-stole-dixon\" \/>\n<meta property=\"og:site_name\" content=\"LASTCHANCE Deals | Danmark\" \/>\n<meta property=\"article:modified_time\" content=\"2025-09-19T18:39:03+00:00\" \/>\n<meta property=\"og:image\" content=\"https:\/\/last-chance.dk\/wp-content\/uploads\/2023\/11\/dixon_blackwhite.jpg\" \/>\n\t<meta property=\"og:image:width\" content=\"400\" \/>\n\t<meta property=\"og:image:height\" content=\"400\" \/>\n\t<meta property=\"og:image:type\" content=\"image\/jpeg\" \/>\n<meta name=\"twitter:card\" content=\"summary_large_image\" \/>\n<meta name=\"twitter:label1\" content=\"Estimeret l\u00e6setid\" \/>\n\t<meta name=\"twitter:data1\" content=\"1 minut\" \/>\n<script type=\"application\/ld+json\" class=\"yoast-schema-graph\">{\"@context\":\"https:\/\/schema.org\",\"@graph\":[{\"@type\":\"WebPage\",\"@id\":\"https:\/\/last-chance.dk\/?product=spisebordssaet-4-stole-dixon\",\"url\":\"https:\/\/last-chance.dk\/?product=spisebordssaet-4-stole-dixon\",\"name\":\"Spisebordss\u00e6t 4 stole Dixon - LASTCHANCE Deals | Danmark\",\"isPartOf\":{\"@id\":\"https:\/\/last-chance.dk\/#website\"},\"primaryImageOfPage\":{\"@id\":\"https:\/\/last-chance.dk\/?product=spisebordssaet-4-stole-dixon#primaryimage\"},\"image\":{\"@id\":\"https:\/\/last-chance.dk\/?product=spisebordssaet-4-stole-dixon#primaryimage\"},\"thumbnailUrl\":\"https:\/\/last-chance.dk\/wp-content\/uploads\/2023\/11\/dixon_blackwhite.jpg\",\"datePublished\":\"2023-11-06T13:35:15+00:00\",\"dateModified\":\"2025-09-19T18:39:03+00:00\",\"breadcrumb\":{\"@id\":\"https:\/\/last-chance.dk\/?product=spisebordssaet-4-stole-dixon#breadcrumb\"},\"inLanguage\":\"da-DK\",\"potentialAction\":[{\"@type\":\"ReadAction\",\"target\":[\"https:\/\/last-chance.dk\/?product=spisebordssaet-4-stole-dixon\"]}]},{\"@type\":\"ImageObject\",\"inLanguage\":\"da-DK\",\"@id\":\"https:\/\/last-chance.dk\/?product=spisebordssaet-4-stole-dixon#primaryimage\",\"url\":\"https:\/\/last-chance.dk\/wp-content\/uploads\/2023\/11\/dixon_blackwhite.jpg\",\"contentUrl\":\"https:\/\/last-chance.dk\/wp-content\/uploads\/2023\/11\/dixon_blackwhite.jpg\",\"width\":400,\"height\":400},{\"@type\":\"BreadcrumbList\",\"@id\":\"https:\/\/last-chance.dk\/?product=spisebordssaet-4-stole-dixon#breadcrumb\",\"itemListElement\":[{\"@type\":\"ListItem\",\"position\":1,\"name\":\"Home\",\"item\":\"https:\/\/last-chance.dk\/\"},{\"@type\":\"ListItem\",\"position\":2,\"name\":\"Spisebordss\u00e6t 4 stole Dixon\"}]},{\"@type\":\"WebSite\",\"@id\":\"https:\/\/last-chance.dk\/#website\",\"url\":\"https:\/\/last-chance.dk\/\",\"name\":\"LASTCHANCE Deals | Danmark\",\"description\":\"LASTCHANCE Deals | Danmark\",\"publisher\":{\"@id\":\"https:\/\/last-chance.dk\/#organization\"},\"potentialAction\":[{\"@type\":\"SearchAction\",\"target\":{\"@type\":\"EntryPoint\",\"urlTemplate\":\"https:\/\/last-chance.dk\/?s={search_term_string}\"},\"query-input\":{\"@type\":\"PropertyValueSpecification\",\"valueRequired\":true,\"valueName\":\"search_term_string\"}}],\"inLanguage\":\"da-DK\"},{\"@type\":\"Organization\",\"@id\":\"https:\/\/last-chance.dk\/#organization\",\"name\":\"LASTCHANCE Deals | Danmark\",\"url\":\"https:\/\/last-chance.dk\/\",\"logo\":{\"@type\":\"ImageObject\",\"inLanguage\":\"da-DK\",\"@id\":\"https:\/\/last-chance.dk\/#\/schema\/logo\/image\/\",\"url\":\"https:\/\/last-chance.dk\/wp-content\/uploads\/2023\/10\/lastchancedeals_logo_dk_white.png\",\"contentUrl\":\"https:\/\/last-chance.dk\/wp-content\/uploads\/2023\/10\/lastchancedeals_logo_dk_white.png\",\"width\":470,\"height\":110,\"caption\":\"LASTCHANCE Deals | Danmark\"},\"image\":{\"@id\":\"https:\/\/last-chance.dk\/#\/schema\/logo\/image\/\"}}]}<\/script>\n<!-- \/ Yoast SEO plugin. -->","yoast_head_json":{"title":"Spisebordss\u00e6t 4 stole Dixon - LASTCHANCE Deals | Danmark","robots":{"index":"index","follow":"follow","max-snippet":"max-snippet:-1","max-image-preview":"max-image-preview:large","max-video-preview":"max-video-preview:-1"},"canonical":"https:\/\/last-chance.dk\/?product=spisebordssaet-4-stole-dixon","og_locale":"da_DK","og_type":"article","og_title":"Spisebordss\u00e6t 4 stole Dixon - LASTCHANCE Deals | Danmark","og_description":"Er du p\u00e5 udkig efter et elegant og komfortabelt spisebordss\u00e6t til din spisestue? S\u00e5 er dette s\u00e6t fra ForrestDecor det perfekte valg for dig. Det best\u00e5r af et rundt glasbord med en stabil metalramme og fire stole med kunstigt l\u00e6ders\u00e6de og rygl\u00e6n. Stolene har et klassisk design med buede ben og arml\u00e6n, der passer perfekt [&hellip;]","og_url":"https:\/\/last-chance.dk\/?product=spisebordssaet-4-stole-dixon","og_site_name":"LASTCHANCE Deals | Danmark","article_modified_time":"2025-09-19T18:39:03+00:00","og_image":[{"width":400,"height":400,"url":"https:\/\/last-chance.dk\/wp-content\/uploads\/2023\/11\/dixon_blackwhite.jpg","type":"image\/jpeg"}],"twitter_card":"summary_large_image","twitter_misc":{"Estimeret l\u00e6setid":"1 minut"},"schema":{"@context":"https:\/\/schema.org","@graph":[{"@type":"WebPage","@id":"https:\/\/last-chance.dk\/?product=spisebordssaet-4-stole-dixon","url":"https:\/\/last-chance.dk\/?product=spisebordssaet-4-stole-dixon","name":"Spisebordss\u00e6t 4 stole Dixon - LASTCHANCE Deals | Danmark","isPartOf":{"@id":"https:\/\/last-chance.dk\/#website"},"primaryImageOfPage":{"@id":"https:\/\/last-chance.dk\/?product=spisebordssaet-4-stole-dixon#primaryimage"},"image":{"@id":"https:\/\/last-chance.dk\/?product=spisebordssaet-4-stole-dixon#primaryimage"},"thumbnailUrl":"https:\/\/last-chance.dk\/wp-content\/uploads\/2023\/11\/dixon_blackwhite.jpg","datePublished":"2023-11-06T13:35:15+00:00","dateModified":"2025-09-19T18:39:03+00:00","breadcrumb":{"@id":"https:\/\/last-chance.dk\/?product=spisebordssaet-4-stole-dixon#breadcrumb"},"inLanguage":"da-DK","potentialAction":[{"@type":"ReadAction","target":["https:\/\/last-chance.dk\/?product=spisebordssaet-4-stole-dixon"]}]},{"@type":"ImageObject","inLanguage":"da-DK","@id":"https:\/\/last-chance.dk\/?product=spisebordssaet-4-stole-dixon#primaryimage","url":"https:\/\/last-chance.dk\/wp-content\/uploads\/2023\/11\/dixon_blackwhite.jpg","contentUrl":"https:\/\/last-chance.dk\/wp-content\/uploads\/2023\/11\/dixon_blackwhite.jpg","width":400,"height":400},{"@type":"BreadcrumbList","@id":"https:\/\/last-chance.dk\/?product=spisebordssaet-4-stole-dixon#breadcrumb","itemListElement":[{"@type":"ListItem","position":1,"name":"Home","item":"https:\/\/last-chance.dk\/"},{"@type":"ListItem","position":2,"name":"Spisebordss\u00e6t 4 stole Dixon"}]},{"@type":"WebSite","@id":"https:\/\/last-chance.dk\/#website","url":"https:\/\/last-chance.dk\/","name":"LASTCHANCE Deals | Danmark","description":"LASTCHANCE Deals | Danmark","publisher":{"@id":"https:\/\/last-chance.dk\/#organization"},"potentialAction":[{"@type":"SearchAction","target":{"@type":"EntryPoint","urlTemplate":"https:\/\/last-chance.dk\/?s={search_term_string}"},"query-input":{"@type":"PropertyValueSpecification","valueRequired":true,"valueName":"search_term_string"}}],"inLanguage":"da-DK"},{"@type":"Organization","@id":"https:\/\/last-chance.dk\/#organization","name":"LASTCHANCE Deals | Danmark","url":"https:\/\/last-chance.dk\/","logo":{"@type":"ImageObject","inLanguage":"da-DK","@id":"https:\/\/last-chance.dk\/#\/schema\/logo\/image\/","url":"https:\/\/last-chance.dk\/wp-content\/uploads\/2023\/10\/lastchancedeals_logo_dk_white.png","contentUrl":"https:\/\/last-chance.dk\/wp-content\/uploads\/2023\/10\/lastchancedeals_logo_dk_white.png","width":470,"height":110,"caption":"LASTCHANCE Deals | Danmark"},"image":{"@id":"https:\/\/last-chance.dk\/#\/schema\/logo\/image\/"}}]}},"_links":{"self":[{"href":"https:\/\/last-chance.dk\/index.php?rest_route=\/wp\/v2\/product\/7259","targetHints":{"allow":["GET"]}}],"collection":[{"href":"https:\/\/last-chance.dk\/index.php?rest_route=\/wp\/v2\/product"}],"about":[{"href":"https:\/\/last-chance.dk\/index.php?rest_route=\/wp\/v2\/types\/product"}],"replies":[{"embeddable":true,"href":"https:\/\/last-chance.dk\/index.php?rest_route=%2Fwp%2Fv2%2Fcomments&post=7259"}],"wp:featuredmedia":[{"embeddable":true,"href":"https:\/\/last-chance.dk\/index.php?rest_route=\/wp\/v2\/media\/7255"}],"wp:attachment":[{"href":"https:\/\/last-chance.dk\/index.php?rest_route=%2Fwp%2Fv2%2Fmedia&parent=7259"}],"wp:term":[{"taxonomy":"product_brand","embeddable":true,"href":"https:\/\/last-chance.dk\/index.php?rest_route=%2Fwp%2Fv2%2Fproduct_brand&post=7259"},{"taxonomy":"product_cat","embeddable":true,"href":"https:\/\/last-chance.dk\/index.php?rest_route=%2Fwp%2Fv2%2Fproduct_cat&post=7259"},{"taxonomy":"product_tag","embeddable":true,"href":"https:\/\/last-chance.dk\/index.php?rest_route=%2Fwp%2Fv2%2Fproduct_tag&post=7259"}],"curies":[{"name":"wp","href":"https:\/\/api.w.org\/{rel}","templated":true}]}}