{"id":7274,"date":"2023-11-06T13:35:52","date_gmt":"2023-11-06T13:35:52","guid":{"rendered":"https:\/\/www.lastchance.deals\/dk\/tuote\/stol-apolline\/"},"modified":"2025-10-13T12:04:27","modified_gmt":"2025-10-13T12:04:27","slug":"stol-apolline","status":"publish","type":"product","link":"https:\/\/last-chance.dk\/?product=stol-apolline","title":{"rendered":"Stol Apolline"},"content":{"rendered":"<p>Du kigger p\u00e5 vores &#8218;Stol Apolline&#8219;, et utrolig smukt m\u00f8bel med et klassisk design, produceret med dygtighed og omsorg af ForrestDecor. Denne stol er det perfekte valg til den, der v\u00e6rds\u00e6tter sk\u00f8nheden i subtil enkelhed og tidl\u00f8s stil. <\/p>\n<p><\/p>\n<p>Stolens hovedmateriale er tr\u00e6, et synligt tegn p\u00e5 h\u00f8j kvalitet og holdbarhed. Det kunstige l\u00e6der tilf\u00f8jer et ekstra niveau af elegance uden at g\u00e5 p\u00e5 kompromis med komfort, hvilket g\u00f8r det til et ideelt tilvalg. <\/p>\n<p><\/p>\n<p>Stolens dimensioner p\u00e5 45x50x106cm sikrer, at det passer perfekt ind i ethvert rum, uden at fylde for meget. Og med sin levering i samlet stand, sparer det dig for besv\u00e6ret med at samle det selv. G\u00f8r dit hjem smukt og behageligt med dette m\u00f8bler af h\u00f8j kvalitet. <\/p>\n<p><\/p>\n<p>Du vil blive gl\u00e6deligt overrasket over den holdbarhed, denne stol leverer. Vi tilf\u00f8jer en 12-m\u00e5neders rammegaranti p\u00e5 stolen for at sikre, at dit k\u00f8b er s\u00e5 risikofrit som muligt. Invester i kvalitet og stil med vores &#8218;Stol Apolline&#8219;, og oplev forskellen. <\/p>\n<p><\/p>\n<p>Gl\u00e6d dig til at opleve det komfortable siddeomr\u00e5de og den smukke visuelle appel, som &#8218;Stol Apolline&#8219; kan tilf\u00f8re dit hjem. <\/p>\n<p><\/p>\n<p>Bem\u00e6rk: ForrestDecor har produceret denne stol, og det er en klar indikation af kvalitet og pr\u00e6cision. <\/p>\n<p><\/p>\n<p>Leveringstid: Leveringstid 1 uge<br \/>\nStil: klassisk<br \/>\nMateriale: kunstigt l\u00e6der,tr\u00e6<br \/>\nStolens dimensioner: 45x50x106cm<br \/>\nMontage: leveres samlet<br \/>\nGaranti: 12 m\u00e5neders rammegaranti<br \/>\nFabrikant: ForrestDecor<\/p>\n","protected":false},"excerpt":{"rendered":"<p>Du kigger p\u00e5 vores &#8218;Stol Apolline&#8219;, et utrolig smukt m\u00f8bel med et klassisk design, produceret med dygtighed og omsorg af ForrestDecor. Denne stol er det perfekte valg til den, der v\u00e6rds\u00e6tter sk\u00f8nheden i subtil enkelhed og tidl\u00f8s stil. Stolens hovedmateriale er tr\u00e6, et synligt tegn p\u00e5 h\u00f8j kvalitet og holdbarhed. Det kunstige l\u00e6der tilf\u00f8jer et [&hellip;]<\/p>\n","protected":false},"featured_media":7266,"comment_status":"open","ping_status":"closed","template":"","meta":[],"product_brand":[],"product_cat":[136],"product_tag":[],"class_list":{"0":"post-7274","1":"product","2":"type-product","3":"status-publish","4":"has-post-thumbnail","6":"product_cat-chairs","8":"first","9":"instock","10":"shipping-taxable","11":"purchasable","12":"product-type-simple"},"yoast_head":"<!-- This site is optimized with the Yoast SEO plugin v24.8.1 - https:\/\/yoast.com\/wordpress\/plugins\/seo\/ -->\n<title>Stol Apolline - LASTCHANCE Deals | Danmark<\/title>\n<meta name=\"robots\" content=\"index, follow, max-snippet:-1, max-image-preview:large, max-video-preview:-1\" \/>\n<link rel=\"canonical\" href=\"https:\/\/last-chance.dk\/?product=stol-apolline\" \/>\n<meta property=\"og:locale\" content=\"da_DK\" \/>\n<meta property=\"og:type\" content=\"article\" \/>\n<meta property=\"og:title\" content=\"Stol Apolline - LASTCHANCE Deals | Danmark\" \/>\n<meta property=\"og:description\" content=\"Du kigger p\u00e5 vores &#8218;Stol Apolline&#8219;, et utrolig smukt m\u00f8bel med et klassisk design, produceret med dygtighed og omsorg af ForrestDecor. Denne stol er det perfekte valg til den, der v\u00e6rds\u00e6tter sk\u00f8nheden i subtil enkelhed og tidl\u00f8s stil. Stolens hovedmateriale er tr\u00e6, et synligt tegn p\u00e5 h\u00f8j kvalitet og holdbarhed. Det kunstige l\u00e6der tilf\u00f8jer et [&hellip;]\" \/>\n<meta property=\"og:url\" content=\"https:\/\/last-chance.dk\/?product=stol-apolline\" \/>\n<meta property=\"og:site_name\" content=\"LASTCHANCE Deals | Danmark\" \/>\n<meta property=\"article:modified_time\" content=\"2025-10-13T12:04:27+00:00\" \/>\n<meta property=\"og:image\" content=\"https:\/\/last-chance.dk\/wp-content\/uploads\/2023\/11\/20181128141100_2__1.png\" \/>\n\t<meta property=\"og:image:width\" content=\"488\" \/>\n\t<meta property=\"og:image:height\" content=\"569\" \/>\n\t<meta property=\"og:image:type\" content=\"image\/png\" \/>\n<meta name=\"twitter:card\" content=\"summary_large_image\" \/>\n<meta name=\"twitter:label1\" content=\"Estimeret l\u00e6setid\" \/>\n\t<meta name=\"twitter:data1\" content=\"1 minut\" \/>\n<script type=\"application\/ld+json\" class=\"yoast-schema-graph\">{\"@context\":\"https:\/\/schema.org\",\"@graph\":[{\"@type\":\"WebPage\",\"@id\":\"https:\/\/last-chance.dk\/?product=stol-apolline\",\"url\":\"https:\/\/last-chance.dk\/?product=stol-apolline\",\"name\":\"Stol Apolline - LASTCHANCE Deals | Danmark\",\"isPartOf\":{\"@id\":\"https:\/\/last-chance.dk\/#website\"},\"primaryImageOfPage\":{\"@id\":\"https:\/\/last-chance.dk\/?product=stol-apolline#primaryimage\"},\"image\":{\"@id\":\"https:\/\/last-chance.dk\/?product=stol-apolline#primaryimage\"},\"thumbnailUrl\":\"https:\/\/last-chance.dk\/wp-content\/uploads\/2023\/11\/20181128141100_2__1.png\",\"datePublished\":\"2023-11-06T13:35:52+00:00\",\"dateModified\":\"2025-10-13T12:04:27+00:00\",\"breadcrumb\":{\"@id\":\"https:\/\/last-chance.dk\/?product=stol-apolline#breadcrumb\"},\"inLanguage\":\"da-DK\",\"potentialAction\":[{\"@type\":\"ReadAction\",\"target\":[\"https:\/\/last-chance.dk\/?product=stol-apolline\"]}]},{\"@type\":\"ImageObject\",\"inLanguage\":\"da-DK\",\"@id\":\"https:\/\/last-chance.dk\/?product=stol-apolline#primaryimage\",\"url\":\"https:\/\/last-chance.dk\/wp-content\/uploads\/2023\/11\/20181128141100_2__1.png\",\"contentUrl\":\"https:\/\/last-chance.dk\/wp-content\/uploads\/2023\/11\/20181128141100_2__1.png\",\"width\":488,\"height\":569},{\"@type\":\"BreadcrumbList\",\"@id\":\"https:\/\/last-chance.dk\/?product=stol-apolline#breadcrumb\",\"itemListElement\":[{\"@type\":\"ListItem\",\"position\":1,\"name\":\"Home\",\"item\":\"https:\/\/last-chance.dk\/\"},{\"@type\":\"ListItem\",\"position\":2,\"name\":\"Stol Apolline\"}]},{\"@type\":\"WebSite\",\"@id\":\"https:\/\/last-chance.dk\/#website\",\"url\":\"https:\/\/last-chance.dk\/\",\"name\":\"LASTCHANCE Deals | Danmark\",\"description\":\"LASTCHANCE Deals | Danmark\",\"publisher\":{\"@id\":\"https:\/\/last-chance.dk\/#organization\"},\"potentialAction\":[{\"@type\":\"SearchAction\",\"target\":{\"@type\":\"EntryPoint\",\"urlTemplate\":\"https:\/\/last-chance.dk\/?s={search_term_string}\"},\"query-input\":{\"@type\":\"PropertyValueSpecification\",\"valueRequired\":true,\"valueName\":\"search_term_string\"}}],\"inLanguage\":\"da-DK\"},{\"@type\":\"Organization\",\"@id\":\"https:\/\/last-chance.dk\/#organization\",\"name\":\"LASTCHANCE Deals | Danmark\",\"url\":\"https:\/\/last-chance.dk\/\",\"logo\":{\"@type\":\"ImageObject\",\"inLanguage\":\"da-DK\",\"@id\":\"https:\/\/last-chance.dk\/#\/schema\/logo\/image\/\",\"url\":\"https:\/\/last-chance.dk\/wp-content\/uploads\/2023\/10\/lastchancedeals_logo_dk_white.png\",\"contentUrl\":\"https:\/\/last-chance.dk\/wp-content\/uploads\/2023\/10\/lastchancedeals_logo_dk_white.png\",\"width\":470,\"height\":110,\"caption\":\"LASTCHANCE Deals | Danmark\"},\"image\":{\"@id\":\"https:\/\/last-chance.dk\/#\/schema\/logo\/image\/\"}}]}<\/script>\n<!-- \/ Yoast SEO plugin. -->","yoast_head_json":{"title":"Stol Apolline - LASTCHANCE Deals | Danmark","robots":{"index":"index","follow":"follow","max-snippet":"max-snippet:-1","max-image-preview":"max-image-preview:large","max-video-preview":"max-video-preview:-1"},"canonical":"https:\/\/last-chance.dk\/?product=stol-apolline","og_locale":"da_DK","og_type":"article","og_title":"Stol Apolline - LASTCHANCE Deals | Danmark","og_description":"Du kigger p\u00e5 vores &#8218;Stol Apolline&#8219;, et utrolig smukt m\u00f8bel med et klassisk design, produceret med dygtighed og omsorg af ForrestDecor. Denne stol er det perfekte valg til den, der v\u00e6rds\u00e6tter sk\u00f8nheden i subtil enkelhed og tidl\u00f8s stil. Stolens hovedmateriale er tr\u00e6, et synligt tegn p\u00e5 h\u00f8j kvalitet og holdbarhed. Det kunstige l\u00e6der tilf\u00f8jer et [&hellip;]","og_url":"https:\/\/last-chance.dk\/?product=stol-apolline","og_site_name":"LASTCHANCE Deals | Danmark","article_modified_time":"2025-10-13T12:04:27+00:00","og_image":[{"width":488,"height":569,"url":"https:\/\/last-chance.dk\/wp-content\/uploads\/2023\/11\/20181128141100_2__1.png","type":"image\/png"}],"twitter_card":"summary_large_image","twitter_misc":{"Estimeret l\u00e6setid":"1 minut"},"schema":{"@context":"https:\/\/schema.org","@graph":[{"@type":"WebPage","@id":"https:\/\/last-chance.dk\/?product=stol-apolline","url":"https:\/\/last-chance.dk\/?product=stol-apolline","name":"Stol Apolline - LASTCHANCE Deals | Danmark","isPartOf":{"@id":"https:\/\/last-chance.dk\/#website"},"primaryImageOfPage":{"@id":"https:\/\/last-chance.dk\/?product=stol-apolline#primaryimage"},"image":{"@id":"https:\/\/last-chance.dk\/?product=stol-apolline#primaryimage"},"thumbnailUrl":"https:\/\/last-chance.dk\/wp-content\/uploads\/2023\/11\/20181128141100_2__1.png","datePublished":"2023-11-06T13:35:52+00:00","dateModified":"2025-10-13T12:04:27+00:00","breadcrumb":{"@id":"https:\/\/last-chance.dk\/?product=stol-apolline#breadcrumb"},"inLanguage":"da-DK","potentialAction":[{"@type":"ReadAction","target":["https:\/\/last-chance.dk\/?product=stol-apolline"]}]},{"@type":"ImageObject","inLanguage":"da-DK","@id":"https:\/\/last-chance.dk\/?product=stol-apolline#primaryimage","url":"https:\/\/last-chance.dk\/wp-content\/uploads\/2023\/11\/20181128141100_2__1.png","contentUrl":"https:\/\/last-chance.dk\/wp-content\/uploads\/2023\/11\/20181128141100_2__1.png","width":488,"height":569},{"@type":"BreadcrumbList","@id":"https:\/\/last-chance.dk\/?product=stol-apolline#breadcrumb","itemListElement":[{"@type":"ListItem","position":1,"name":"Home","item":"https:\/\/last-chance.dk\/"},{"@type":"ListItem","position":2,"name":"Stol Apolline"}]},{"@type":"WebSite","@id":"https:\/\/last-chance.dk\/#website","url":"https:\/\/last-chance.dk\/","name":"LASTCHANCE Deals | Danmark","description":"LASTCHANCE Deals | Danmark","publisher":{"@id":"https:\/\/last-chance.dk\/#organization"},"potentialAction":[{"@type":"SearchAction","target":{"@type":"EntryPoint","urlTemplate":"https:\/\/last-chance.dk\/?s={search_term_string}"},"query-input":{"@type":"PropertyValueSpecification","valueRequired":true,"valueName":"search_term_string"}}],"inLanguage":"da-DK"},{"@type":"Organization","@id":"https:\/\/last-chance.dk\/#organization","name":"LASTCHANCE Deals | Danmark","url":"https:\/\/last-chance.dk\/","logo":{"@type":"ImageObject","inLanguage":"da-DK","@id":"https:\/\/last-chance.dk\/#\/schema\/logo\/image\/","url":"https:\/\/last-chance.dk\/wp-content\/uploads\/2023\/10\/lastchancedeals_logo_dk_white.png","contentUrl":"https:\/\/last-chance.dk\/wp-content\/uploads\/2023\/10\/lastchancedeals_logo_dk_white.png","width":470,"height":110,"caption":"LASTCHANCE Deals | Danmark"},"image":{"@id":"https:\/\/last-chance.dk\/#\/schema\/logo\/image\/"}}]}},"_links":{"self":[{"href":"https:\/\/last-chance.dk\/index.php?rest_route=\/wp\/v2\/product\/7274","targetHints":{"allow":["GET"]}}],"collection":[{"href":"https:\/\/last-chance.dk\/index.php?rest_route=\/wp\/v2\/product"}],"about":[{"href":"https:\/\/last-chance.dk\/index.php?rest_route=\/wp\/v2\/types\/product"}],"replies":[{"embeddable":true,"href":"https:\/\/last-chance.dk\/index.php?rest_route=%2Fwp%2Fv2%2Fcomments&post=7274"}],"wp:featuredmedia":[{"embeddable":true,"href":"https:\/\/last-chance.dk\/index.php?rest_route=\/wp\/v2\/media\/7266"}],"wp:attachment":[{"href":"https:\/\/last-chance.dk\/index.php?rest_route=%2Fwp%2Fv2%2Fmedia&parent=7274"}],"wp:term":[{"taxonomy":"product_brand","embeddable":true,"href":"https:\/\/last-chance.dk\/index.php?rest_route=%2Fwp%2Fv2%2Fproduct_brand&post=7274"},{"taxonomy":"product_cat","embeddable":true,"href":"https:\/\/last-chance.dk\/index.php?rest_route=%2Fwp%2Fv2%2Fproduct_cat&post=7274"},{"taxonomy":"product_tag","embeddable":true,"href":"https:\/\/last-chance.dk\/index.php?rest_route=%2Fwp%2Fv2%2Fproduct_tag&post=7274"}],"curies":[{"name":"wp","href":"https:\/\/api.w.org\/{rel}","templated":true}]}}