{"id":7279,"date":"2023-11-06T13:36:09","date_gmt":"2023-11-06T13:36:09","guid":{"rendered":"https:\/\/www.lastchance.deals\/dk\/tuote\/dekorativ-pude-trish\/"},"modified":"2025-09-19T17:38:33","modified_gmt":"2025-09-19T17:38:33","slug":"dekorativ-pude-trish","status":"publish","type":"product","link":"https:\/\/last-chance.dk\/?product=dekorativ-pude-trish","title":{"rendered":"Dekorativ pude Trish"},"content":{"rendered":"<p>Leder du efter en pude, der kan tilf\u00f8je lidt hygge og stil til dit hjem? S\u00e5 er den dekorative pude Trish fra ForrestDecor m\u00e5ske noget for dig. Denne pude har et smukt m\u00f8nster i bl\u00f8de farver, der passer til enhver indretning. Puden er lavet af polyester og bomuld, hvilket g\u00f8r den b\u00e5de bl\u00f8d og holdbar. Puden har en udvendig dimension p\u00e5 48x48cm, s\u00e5 den passer perfekt til din sofa, l\u00e6nestol eller seng. Puden har ogs\u00e5 en lynl\u00e5s, s\u00e5 du nemt kan tage betr\u00e6kket af og vaske det efter behov. Den dekorative pude Trish er en ideel m\u00e5de at skabe en hyggelig og indbydende atmosf\u00e6re i dit hjem.<\/p>\n<p><\/p>\n<p>Leveringstid: Leveringstid 1 uge<br \/>\nUdvendige dimensioner: 48x48cm<br \/>\nFarve: ikke angivet<br \/>\nFabrikant: ForrestDecor<br \/>\nMateriale: polyester,bomuld<\/p>\n","protected":false},"excerpt":{"rendered":"<p>Leder du efter en pude, der kan tilf\u00f8je lidt hygge og stil til dit hjem? S\u00e5 er den dekorative pude Trish fra ForrestDecor m\u00e5ske noget for dig. Denne pude har et smukt m\u00f8nster i bl\u00f8de farver, der passer til enhver indretning. Puden er lavet af polyester og bomuld, hvilket g\u00f8r den b\u00e5de bl\u00f8d og holdbar. [&hellip;]<\/p>\n","protected":false},"featured_media":7275,"comment_status":"open","ping_status":"closed","template":"","meta":[],"product_brand":[],"product_cat":[164],"product_tag":[],"class_list":{"0":"post-7279","1":"product","2":"type-product","3":"status-publish","4":"has-post-thumbnail","6":"product_cat-dekorativa-kuddar","8":"first","9":"instock","10":"shipping-taxable","11":"purchasable","12":"product-type-simple"},"yoast_head":"<!-- This site is optimized with the Yoast SEO plugin v24.8.1 - https:\/\/yoast.com\/wordpress\/plugins\/seo\/ -->\n<title>Dekorativ pude Trish - LASTCHANCE Deals | Danmark<\/title>\n<meta name=\"robots\" content=\"index, follow, max-snippet:-1, max-image-preview:large, max-video-preview:-1\" \/>\n<link rel=\"canonical\" href=\"https:\/\/last-chance.dk\/?product=dekorativ-pude-trish\" \/>\n<meta property=\"og:locale\" content=\"da_DK\" \/>\n<meta property=\"og:type\" content=\"article\" \/>\n<meta property=\"og:title\" content=\"Dekorativ pude Trish - LASTCHANCE Deals | Danmark\" \/>\n<meta property=\"og:description\" content=\"Leder du efter en pude, der kan tilf\u00f8je lidt hygge og stil til dit hjem? S\u00e5 er den dekorative pude Trish fra ForrestDecor m\u00e5ske noget for dig. Denne pude har et smukt m\u00f8nster i bl\u00f8de farver, der passer til enhver indretning. Puden er lavet af polyester og bomuld, hvilket g\u00f8r den b\u00e5de bl\u00f8d og holdbar. [&hellip;]\" \/>\n<meta property=\"og:url\" content=\"https:\/\/last-chance.dk\/?product=dekorativ-pude-trish\" \/>\n<meta property=\"og:site_name\" content=\"LASTCHANCE Deals | Danmark\" \/>\n<meta property=\"article:modified_time\" content=\"2025-09-19T17:38:33+00:00\" \/>\n<meta property=\"og:image\" content=\"https:\/\/last-chance.dk\/wp-content\/uploads\/2023\/11\/trish_a.jpg\" \/>\n\t<meta property=\"og:image:width\" content=\"790\" \/>\n\t<meta property=\"og:image:height\" content=\"790\" \/>\n\t<meta property=\"og:image:type\" content=\"image\/jpeg\" \/>\n<meta name=\"twitter:card\" content=\"summary_large_image\" \/>\n<meta name=\"twitter:label1\" content=\"Estimeret l\u00e6setid\" \/>\n\t<meta name=\"twitter:data1\" content=\"1 minut\" \/>\n<script type=\"application\/ld+json\" class=\"yoast-schema-graph\">{\"@context\":\"https:\/\/schema.org\",\"@graph\":[{\"@type\":\"WebPage\",\"@id\":\"https:\/\/last-chance.dk\/?product=dekorativ-pude-trish\",\"url\":\"https:\/\/last-chance.dk\/?product=dekorativ-pude-trish\",\"name\":\"Dekorativ pude Trish - LASTCHANCE Deals | Danmark\",\"isPartOf\":{\"@id\":\"https:\/\/last-chance.dk\/#website\"},\"primaryImageOfPage\":{\"@id\":\"https:\/\/last-chance.dk\/?product=dekorativ-pude-trish#primaryimage\"},\"image\":{\"@id\":\"https:\/\/last-chance.dk\/?product=dekorativ-pude-trish#primaryimage\"},\"thumbnailUrl\":\"https:\/\/last-chance.dk\/wp-content\/uploads\/2023\/11\/trish_a.jpg\",\"datePublished\":\"2023-11-06T13:36:09+00:00\",\"dateModified\":\"2025-09-19T17:38:33+00:00\",\"breadcrumb\":{\"@id\":\"https:\/\/last-chance.dk\/?product=dekorativ-pude-trish#breadcrumb\"},\"inLanguage\":\"da-DK\",\"potentialAction\":[{\"@type\":\"ReadAction\",\"target\":[\"https:\/\/last-chance.dk\/?product=dekorativ-pude-trish\"]}]},{\"@type\":\"ImageObject\",\"inLanguage\":\"da-DK\",\"@id\":\"https:\/\/last-chance.dk\/?product=dekorativ-pude-trish#primaryimage\",\"url\":\"https:\/\/last-chance.dk\/wp-content\/uploads\/2023\/11\/trish_a.jpg\",\"contentUrl\":\"https:\/\/last-chance.dk\/wp-content\/uploads\/2023\/11\/trish_a.jpg\",\"width\":790,\"height\":790},{\"@type\":\"BreadcrumbList\",\"@id\":\"https:\/\/last-chance.dk\/?product=dekorativ-pude-trish#breadcrumb\",\"itemListElement\":[{\"@type\":\"ListItem\",\"position\":1,\"name\":\"Home\",\"item\":\"https:\/\/last-chance.dk\/\"},{\"@type\":\"ListItem\",\"position\":2,\"name\":\"Dekorativ pude Trish\"}]},{\"@type\":\"WebSite\",\"@id\":\"https:\/\/last-chance.dk\/#website\",\"url\":\"https:\/\/last-chance.dk\/\",\"name\":\"LASTCHANCE Deals | Danmark\",\"description\":\"LASTCHANCE Deals | Danmark\",\"publisher\":{\"@id\":\"https:\/\/last-chance.dk\/#organization\"},\"potentialAction\":[{\"@type\":\"SearchAction\",\"target\":{\"@type\":\"EntryPoint\",\"urlTemplate\":\"https:\/\/last-chance.dk\/?s={search_term_string}\"},\"query-input\":{\"@type\":\"PropertyValueSpecification\",\"valueRequired\":true,\"valueName\":\"search_term_string\"}}],\"inLanguage\":\"da-DK\"},{\"@type\":\"Organization\",\"@id\":\"https:\/\/last-chance.dk\/#organization\",\"name\":\"LASTCHANCE Deals | Danmark\",\"url\":\"https:\/\/last-chance.dk\/\",\"logo\":{\"@type\":\"ImageObject\",\"inLanguage\":\"da-DK\",\"@id\":\"https:\/\/last-chance.dk\/#\/schema\/logo\/image\/\",\"url\":\"https:\/\/last-chance.dk\/wp-content\/uploads\/2023\/10\/lastchancedeals_logo_dk_white.png\",\"contentUrl\":\"https:\/\/last-chance.dk\/wp-content\/uploads\/2023\/10\/lastchancedeals_logo_dk_white.png\",\"width\":470,\"height\":110,\"caption\":\"LASTCHANCE Deals | Danmark\"},\"image\":{\"@id\":\"https:\/\/last-chance.dk\/#\/schema\/logo\/image\/\"}}]}<\/script>\n<!-- \/ Yoast SEO plugin. -->","yoast_head_json":{"title":"Dekorativ pude Trish - LASTCHANCE Deals | Danmark","robots":{"index":"index","follow":"follow","max-snippet":"max-snippet:-1","max-image-preview":"max-image-preview:large","max-video-preview":"max-video-preview:-1"},"canonical":"https:\/\/last-chance.dk\/?product=dekorativ-pude-trish","og_locale":"da_DK","og_type":"article","og_title":"Dekorativ pude Trish - LASTCHANCE Deals | Danmark","og_description":"Leder du efter en pude, der kan tilf\u00f8je lidt hygge og stil til dit hjem? S\u00e5 er den dekorative pude Trish fra ForrestDecor m\u00e5ske noget for dig. Denne pude har et smukt m\u00f8nster i bl\u00f8de farver, der passer til enhver indretning. Puden er lavet af polyester og bomuld, hvilket g\u00f8r den b\u00e5de bl\u00f8d og holdbar. [&hellip;]","og_url":"https:\/\/last-chance.dk\/?product=dekorativ-pude-trish","og_site_name":"LASTCHANCE Deals | Danmark","article_modified_time":"2025-09-19T17:38:33+00:00","og_image":[{"width":790,"height":790,"url":"https:\/\/last-chance.dk\/wp-content\/uploads\/2023\/11\/trish_a.jpg","type":"image\/jpeg"}],"twitter_card":"summary_large_image","twitter_misc":{"Estimeret l\u00e6setid":"1 minut"},"schema":{"@context":"https:\/\/schema.org","@graph":[{"@type":"WebPage","@id":"https:\/\/last-chance.dk\/?product=dekorativ-pude-trish","url":"https:\/\/last-chance.dk\/?product=dekorativ-pude-trish","name":"Dekorativ pude Trish - LASTCHANCE Deals | Danmark","isPartOf":{"@id":"https:\/\/last-chance.dk\/#website"},"primaryImageOfPage":{"@id":"https:\/\/last-chance.dk\/?product=dekorativ-pude-trish#primaryimage"},"image":{"@id":"https:\/\/last-chance.dk\/?product=dekorativ-pude-trish#primaryimage"},"thumbnailUrl":"https:\/\/last-chance.dk\/wp-content\/uploads\/2023\/11\/trish_a.jpg","datePublished":"2023-11-06T13:36:09+00:00","dateModified":"2025-09-19T17:38:33+00:00","breadcrumb":{"@id":"https:\/\/last-chance.dk\/?product=dekorativ-pude-trish#breadcrumb"},"inLanguage":"da-DK","potentialAction":[{"@type":"ReadAction","target":["https:\/\/last-chance.dk\/?product=dekorativ-pude-trish"]}]},{"@type":"ImageObject","inLanguage":"da-DK","@id":"https:\/\/last-chance.dk\/?product=dekorativ-pude-trish#primaryimage","url":"https:\/\/last-chance.dk\/wp-content\/uploads\/2023\/11\/trish_a.jpg","contentUrl":"https:\/\/last-chance.dk\/wp-content\/uploads\/2023\/11\/trish_a.jpg","width":790,"height":790},{"@type":"BreadcrumbList","@id":"https:\/\/last-chance.dk\/?product=dekorativ-pude-trish#breadcrumb","itemListElement":[{"@type":"ListItem","position":1,"name":"Home","item":"https:\/\/last-chance.dk\/"},{"@type":"ListItem","position":2,"name":"Dekorativ pude Trish"}]},{"@type":"WebSite","@id":"https:\/\/last-chance.dk\/#website","url":"https:\/\/last-chance.dk\/","name":"LASTCHANCE Deals | Danmark","description":"LASTCHANCE Deals | Danmark","publisher":{"@id":"https:\/\/last-chance.dk\/#organization"},"potentialAction":[{"@type":"SearchAction","target":{"@type":"EntryPoint","urlTemplate":"https:\/\/last-chance.dk\/?s={search_term_string}"},"query-input":{"@type":"PropertyValueSpecification","valueRequired":true,"valueName":"search_term_string"}}],"inLanguage":"da-DK"},{"@type":"Organization","@id":"https:\/\/last-chance.dk\/#organization","name":"LASTCHANCE Deals | Danmark","url":"https:\/\/last-chance.dk\/","logo":{"@type":"ImageObject","inLanguage":"da-DK","@id":"https:\/\/last-chance.dk\/#\/schema\/logo\/image\/","url":"https:\/\/last-chance.dk\/wp-content\/uploads\/2023\/10\/lastchancedeals_logo_dk_white.png","contentUrl":"https:\/\/last-chance.dk\/wp-content\/uploads\/2023\/10\/lastchancedeals_logo_dk_white.png","width":470,"height":110,"caption":"LASTCHANCE Deals | Danmark"},"image":{"@id":"https:\/\/last-chance.dk\/#\/schema\/logo\/image\/"}}]}},"_links":{"self":[{"href":"https:\/\/last-chance.dk\/index.php?rest_route=\/wp\/v2\/product\/7279","targetHints":{"allow":["GET"]}}],"collection":[{"href":"https:\/\/last-chance.dk\/index.php?rest_route=\/wp\/v2\/product"}],"about":[{"href":"https:\/\/last-chance.dk\/index.php?rest_route=\/wp\/v2\/types\/product"}],"replies":[{"embeddable":true,"href":"https:\/\/last-chance.dk\/index.php?rest_route=%2Fwp%2Fv2%2Fcomments&post=7279"}],"wp:featuredmedia":[{"embeddable":true,"href":"https:\/\/last-chance.dk\/index.php?rest_route=\/wp\/v2\/media\/7275"}],"wp:attachment":[{"href":"https:\/\/last-chance.dk\/index.php?rest_route=%2Fwp%2Fv2%2Fmedia&parent=7279"}],"wp:term":[{"taxonomy":"product_brand","embeddable":true,"href":"https:\/\/last-chance.dk\/index.php?rest_route=%2Fwp%2Fv2%2Fproduct_brand&post=7279"},{"taxonomy":"product_cat","embeddable":true,"href":"https:\/\/last-chance.dk\/index.php?rest_route=%2Fwp%2Fv2%2Fproduct_cat&post=7279"},{"taxonomy":"product_tag","embeddable":true,"href":"https:\/\/last-chance.dk\/index.php?rest_route=%2Fwp%2Fv2%2Fproduct_tag&post=7279"}],"curies":[{"name":"wp","href":"https:\/\/api.w.org\/{rel}","templated":true}]}}