{"id":7282,"date":"2023-11-06T13:36:24","date_gmt":"2023-11-06T13:36:24","guid":{"rendered":"https:\/\/www.lastchance.deals\/dk\/tuote\/bestiksaet-abigail-24-stykker\/"},"modified":"2025-09-19T17:17:11","modified_gmt":"2025-09-19T17:17:11","slug":"bestiksaet-abigail-24-stykker","status":"publish","type":"product","link":"https:\/\/last-chance.dk\/?product=bestiksaet-abigail-24-stykker","title":{"rendered":"Bestiks\u00e6t Abigail 24 stykker"},"content":{"rendered":"<p>Bestiks\u00e6t Abigail 24 stykker er et elegant og moderne s\u00e6t, der passer til enhver lejlighed. Det er lavet af h\u00f8j kvalitet rustfrit st\u00e5l, der er holdbart og nemt at reng\u00f8re. S\u00e6ttet best\u00e5r af otte knive, otte gafler og otte skeer, der har et enkelt og stilfuldt design. Knivene har en skarp kant, der sk\u00e6rer let gennem maden, mens gaflerne og skeerne har en behagelig form, der ligger godt i h\u00e5nden. S\u00e6ttet leveres i en flot \u00e6ske med m\u00e5lene 34.5&#215;25.5&#215;4.5cm, der er perfekt til opbevaring eller gave. Bestiks\u00e6t Abigail 24 stykker er produceret af ForrestDecor, et firma med mange \u00e5rs erfaring i at skabe smukt og funktionelt bestik. Bestil dit s\u00e6t i dag og nyd dine m\u00e5ltider med stil!<\/p>\n<p><\/p>\n<p>Leveringstid: Leveringstid 1 uge<br \/>\nMateriale: rustfrit st\u00e5l<br \/>\nDimensioner: 34.5&#215;25.5&#215;4.5cm<br \/>\nBel\u00f8b: knives-8pcs, fork-8pcs, spoon-8pcs<br \/>\nFabrikant: ForrestDecor<\/p>\n","protected":false},"excerpt":{"rendered":"<p>Bestiks\u00e6t Abigail 24 stykker er et elegant og moderne s\u00e6t, der passer til enhver lejlighed. Det er lavet af h\u00f8j kvalitet rustfrit st\u00e5l, der er holdbart og nemt at reng\u00f8re. S\u00e6ttet best\u00e5r af otte knive, otte gafler og otte skeer, der har et enkelt og stilfuldt design. Knivene har en skarp kant, der sk\u00e6rer let [&hellip;]<\/p>\n","protected":false},"featured_media":7280,"comment_status":"open","ping_status":"closed","template":"","meta":[],"product_brand":[],"product_cat":[165],"product_tag":[],"class_list":{"0":"post-7282","1":"product","2":"type-product","3":"status-publish","4":"has-post-thumbnail","6":"product_cat-flatware","8":"first","9":"instock","10":"shipping-taxable","11":"purchasable","12":"product-type-simple"},"yoast_head":"<!-- This site is optimized with the Yoast SEO plugin v24.8.1 - https:\/\/yoast.com\/wordpress\/plugins\/seo\/ -->\n<title>Bestiks\u00e6t Abigail 24 stykker - LASTCHANCE Deals | Danmark<\/title>\n<meta name=\"robots\" content=\"index, follow, max-snippet:-1, max-image-preview:large, max-video-preview:-1\" \/>\n<link rel=\"canonical\" href=\"https:\/\/last-chance.dk\/?product=bestiksaet-abigail-24-stykker\" \/>\n<meta property=\"og:locale\" content=\"da_DK\" \/>\n<meta property=\"og:type\" content=\"article\" \/>\n<meta property=\"og:title\" content=\"Bestiks\u00e6t Abigail 24 stykker - LASTCHANCE Deals | Danmark\" \/>\n<meta property=\"og:description\" content=\"Bestiks\u00e6t Abigail 24 stykker er et elegant og moderne s\u00e6t, der passer til enhver lejlighed. Det er lavet af h\u00f8j kvalitet rustfrit st\u00e5l, der er holdbart og nemt at reng\u00f8re. S\u00e6ttet best\u00e5r af otte knive, otte gafler og otte skeer, der har et enkelt og stilfuldt design. Knivene har en skarp kant, der sk\u00e6rer let [&hellip;]\" \/>\n<meta property=\"og:url\" content=\"https:\/\/last-chance.dk\/?product=bestiksaet-abigail-24-stykker\" \/>\n<meta property=\"og:site_name\" content=\"LASTCHANCE Deals | Danmark\" \/>\n<meta property=\"article:modified_time\" content=\"2025-09-19T17:17:11+00:00\" \/>\n<meta property=\"og:image\" content=\"https:\/\/last-chance.dk\/wp-content\/uploads\/2023\/11\/abigail_gold.jpg\" \/>\n\t<meta property=\"og:image:width\" content=\"400\" \/>\n\t<meta property=\"og:image:height\" content=\"400\" \/>\n\t<meta property=\"og:image:type\" content=\"image\/jpeg\" \/>\n<meta name=\"twitter:card\" content=\"summary_large_image\" \/>\n<meta name=\"twitter:label1\" content=\"Estimeret l\u00e6setid\" \/>\n\t<meta name=\"twitter:data1\" content=\"1 minut\" \/>\n<script type=\"application\/ld+json\" class=\"yoast-schema-graph\">{\"@context\":\"https:\/\/schema.org\",\"@graph\":[{\"@type\":\"WebPage\",\"@id\":\"https:\/\/last-chance.dk\/?product=bestiksaet-abigail-24-stykker\",\"url\":\"https:\/\/last-chance.dk\/?product=bestiksaet-abigail-24-stykker\",\"name\":\"Bestiks\u00e6t Abigail 24 stykker - LASTCHANCE Deals | Danmark\",\"isPartOf\":{\"@id\":\"https:\/\/last-chance.dk\/#website\"},\"primaryImageOfPage\":{\"@id\":\"https:\/\/last-chance.dk\/?product=bestiksaet-abigail-24-stykker#primaryimage\"},\"image\":{\"@id\":\"https:\/\/last-chance.dk\/?product=bestiksaet-abigail-24-stykker#primaryimage\"},\"thumbnailUrl\":\"https:\/\/last-chance.dk\/wp-content\/uploads\/2023\/11\/abigail_gold.jpg\",\"datePublished\":\"2023-11-06T13:36:24+00:00\",\"dateModified\":\"2025-09-19T17:17:11+00:00\",\"breadcrumb\":{\"@id\":\"https:\/\/last-chance.dk\/?product=bestiksaet-abigail-24-stykker#breadcrumb\"},\"inLanguage\":\"da-DK\",\"potentialAction\":[{\"@type\":\"ReadAction\",\"target\":[\"https:\/\/last-chance.dk\/?product=bestiksaet-abigail-24-stykker\"]}]},{\"@type\":\"ImageObject\",\"inLanguage\":\"da-DK\",\"@id\":\"https:\/\/last-chance.dk\/?product=bestiksaet-abigail-24-stykker#primaryimage\",\"url\":\"https:\/\/last-chance.dk\/wp-content\/uploads\/2023\/11\/abigail_gold.jpg\",\"contentUrl\":\"https:\/\/last-chance.dk\/wp-content\/uploads\/2023\/11\/abigail_gold.jpg\",\"width\":400,\"height\":400},{\"@type\":\"BreadcrumbList\",\"@id\":\"https:\/\/last-chance.dk\/?product=bestiksaet-abigail-24-stykker#breadcrumb\",\"itemListElement\":[{\"@type\":\"ListItem\",\"position\":1,\"name\":\"Home\",\"item\":\"https:\/\/last-chance.dk\/\"},{\"@type\":\"ListItem\",\"position\":2,\"name\":\"Bestiks\u00e6t Abigail 24 stykker\"}]},{\"@type\":\"WebSite\",\"@id\":\"https:\/\/last-chance.dk\/#website\",\"url\":\"https:\/\/last-chance.dk\/\",\"name\":\"LASTCHANCE Deals | Danmark\",\"description\":\"LASTCHANCE Deals | Danmark\",\"publisher\":{\"@id\":\"https:\/\/last-chance.dk\/#organization\"},\"potentialAction\":[{\"@type\":\"SearchAction\",\"target\":{\"@type\":\"EntryPoint\",\"urlTemplate\":\"https:\/\/last-chance.dk\/?s={search_term_string}\"},\"query-input\":{\"@type\":\"PropertyValueSpecification\",\"valueRequired\":true,\"valueName\":\"search_term_string\"}}],\"inLanguage\":\"da-DK\"},{\"@type\":\"Organization\",\"@id\":\"https:\/\/last-chance.dk\/#organization\",\"name\":\"LASTCHANCE Deals | Danmark\",\"url\":\"https:\/\/last-chance.dk\/\",\"logo\":{\"@type\":\"ImageObject\",\"inLanguage\":\"da-DK\",\"@id\":\"https:\/\/last-chance.dk\/#\/schema\/logo\/image\/\",\"url\":\"https:\/\/last-chance.dk\/wp-content\/uploads\/2023\/10\/lastchancedeals_logo_dk_white.png\",\"contentUrl\":\"https:\/\/last-chance.dk\/wp-content\/uploads\/2023\/10\/lastchancedeals_logo_dk_white.png\",\"width\":470,\"height\":110,\"caption\":\"LASTCHANCE Deals | Danmark\"},\"image\":{\"@id\":\"https:\/\/last-chance.dk\/#\/schema\/logo\/image\/\"}}]}<\/script>\n<!-- \/ Yoast SEO plugin. -->","yoast_head_json":{"title":"Bestiks\u00e6t Abigail 24 stykker - LASTCHANCE Deals | Danmark","robots":{"index":"index","follow":"follow","max-snippet":"max-snippet:-1","max-image-preview":"max-image-preview:large","max-video-preview":"max-video-preview:-1"},"canonical":"https:\/\/last-chance.dk\/?product=bestiksaet-abigail-24-stykker","og_locale":"da_DK","og_type":"article","og_title":"Bestiks\u00e6t Abigail 24 stykker - LASTCHANCE Deals | Danmark","og_description":"Bestiks\u00e6t Abigail 24 stykker er et elegant og moderne s\u00e6t, der passer til enhver lejlighed. Det er lavet af h\u00f8j kvalitet rustfrit st\u00e5l, der er holdbart og nemt at reng\u00f8re. S\u00e6ttet best\u00e5r af otte knive, otte gafler og otte skeer, der har et enkelt og stilfuldt design. Knivene har en skarp kant, der sk\u00e6rer let [&hellip;]","og_url":"https:\/\/last-chance.dk\/?product=bestiksaet-abigail-24-stykker","og_site_name":"LASTCHANCE Deals | Danmark","article_modified_time":"2025-09-19T17:17:11+00:00","og_image":[{"width":400,"height":400,"url":"https:\/\/last-chance.dk\/wp-content\/uploads\/2023\/11\/abigail_gold.jpg","type":"image\/jpeg"}],"twitter_card":"summary_large_image","twitter_misc":{"Estimeret l\u00e6setid":"1 minut"},"schema":{"@context":"https:\/\/schema.org","@graph":[{"@type":"WebPage","@id":"https:\/\/last-chance.dk\/?product=bestiksaet-abigail-24-stykker","url":"https:\/\/last-chance.dk\/?product=bestiksaet-abigail-24-stykker","name":"Bestiks\u00e6t Abigail 24 stykker - LASTCHANCE Deals | Danmark","isPartOf":{"@id":"https:\/\/last-chance.dk\/#website"},"primaryImageOfPage":{"@id":"https:\/\/last-chance.dk\/?product=bestiksaet-abigail-24-stykker#primaryimage"},"image":{"@id":"https:\/\/last-chance.dk\/?product=bestiksaet-abigail-24-stykker#primaryimage"},"thumbnailUrl":"https:\/\/last-chance.dk\/wp-content\/uploads\/2023\/11\/abigail_gold.jpg","datePublished":"2023-11-06T13:36:24+00:00","dateModified":"2025-09-19T17:17:11+00:00","breadcrumb":{"@id":"https:\/\/last-chance.dk\/?product=bestiksaet-abigail-24-stykker#breadcrumb"},"inLanguage":"da-DK","potentialAction":[{"@type":"ReadAction","target":["https:\/\/last-chance.dk\/?product=bestiksaet-abigail-24-stykker"]}]},{"@type":"ImageObject","inLanguage":"da-DK","@id":"https:\/\/last-chance.dk\/?product=bestiksaet-abigail-24-stykker#primaryimage","url":"https:\/\/last-chance.dk\/wp-content\/uploads\/2023\/11\/abigail_gold.jpg","contentUrl":"https:\/\/last-chance.dk\/wp-content\/uploads\/2023\/11\/abigail_gold.jpg","width":400,"height":400},{"@type":"BreadcrumbList","@id":"https:\/\/last-chance.dk\/?product=bestiksaet-abigail-24-stykker#breadcrumb","itemListElement":[{"@type":"ListItem","position":1,"name":"Home","item":"https:\/\/last-chance.dk\/"},{"@type":"ListItem","position":2,"name":"Bestiks\u00e6t Abigail 24 stykker"}]},{"@type":"WebSite","@id":"https:\/\/last-chance.dk\/#website","url":"https:\/\/last-chance.dk\/","name":"LASTCHANCE Deals | Danmark","description":"LASTCHANCE Deals | Danmark","publisher":{"@id":"https:\/\/last-chance.dk\/#organization"},"potentialAction":[{"@type":"SearchAction","target":{"@type":"EntryPoint","urlTemplate":"https:\/\/last-chance.dk\/?s={search_term_string}"},"query-input":{"@type":"PropertyValueSpecification","valueRequired":true,"valueName":"search_term_string"}}],"inLanguage":"da-DK"},{"@type":"Organization","@id":"https:\/\/last-chance.dk\/#organization","name":"LASTCHANCE Deals | Danmark","url":"https:\/\/last-chance.dk\/","logo":{"@type":"ImageObject","inLanguage":"da-DK","@id":"https:\/\/last-chance.dk\/#\/schema\/logo\/image\/","url":"https:\/\/last-chance.dk\/wp-content\/uploads\/2023\/10\/lastchancedeals_logo_dk_white.png","contentUrl":"https:\/\/last-chance.dk\/wp-content\/uploads\/2023\/10\/lastchancedeals_logo_dk_white.png","width":470,"height":110,"caption":"LASTCHANCE Deals | Danmark"},"image":{"@id":"https:\/\/last-chance.dk\/#\/schema\/logo\/image\/"}}]}},"_links":{"self":[{"href":"https:\/\/last-chance.dk\/index.php?rest_route=\/wp\/v2\/product\/7282","targetHints":{"allow":["GET"]}}],"collection":[{"href":"https:\/\/last-chance.dk\/index.php?rest_route=\/wp\/v2\/product"}],"about":[{"href":"https:\/\/last-chance.dk\/index.php?rest_route=\/wp\/v2\/types\/product"}],"replies":[{"embeddable":true,"href":"https:\/\/last-chance.dk\/index.php?rest_route=%2Fwp%2Fv2%2Fcomments&post=7282"}],"wp:featuredmedia":[{"embeddable":true,"href":"https:\/\/last-chance.dk\/index.php?rest_route=\/wp\/v2\/media\/7280"}],"wp:attachment":[{"href":"https:\/\/last-chance.dk\/index.php?rest_route=%2Fwp%2Fv2%2Fmedia&parent=7282"}],"wp:term":[{"taxonomy":"product_brand","embeddable":true,"href":"https:\/\/last-chance.dk\/index.php?rest_route=%2Fwp%2Fv2%2Fproduct_brand&post=7282"},{"taxonomy":"product_cat","embeddable":true,"href":"https:\/\/last-chance.dk\/index.php?rest_route=%2Fwp%2Fv2%2Fproduct_cat&post=7282"},{"taxonomy":"product_tag","embeddable":true,"href":"https:\/\/last-chance.dk\/index.php?rest_route=%2Fwp%2Fv2%2Fproduct_tag&post=7282"}],"curies":[{"name":"wp","href":"https:\/\/api.w.org\/{rel}","templated":true}]}}