{"id":7288,"date":"2023-11-06T13:36:39","date_gmt":"2023-11-06T13:36:39","guid":{"rendered":"https:\/\/www.lastchance.deals\/dk\/tuote\/bestiksaet-dior-24-stykker-soelv\/"},"modified":"2025-09-19T17:17:33","modified_gmt":"2025-09-19T17:17:33","slug":"bestiksaet-dior-24-stykker-soelv","status":"publish","type":"product","link":"https:\/\/last-chance.dk\/?product=bestiksaet-dior-24-stykker-soelv","title":{"rendered":"Bestiks\u00e6t Dior 24 stykker s\u00f8lv"},"content":{"rendered":"<p>Er du p\u00e5 udkig efter et elegant og holdbart bestiks\u00e6t til dit k\u00f8kken? S\u00e5 er bestiks\u00e6t Dior 24 stykker fra ForrestDecor det perfekte valg for dig. Dette bestiks\u00e6t er lavet af metal i en smuk s\u00f8lvfarve, der passer til enhver bordd\u00e6kning. Bestiks\u00e6ttet indeholder seks knive, seks gafler og tolv skeer i forskellige st\u00f8rrelser, s\u00e5 du har alt, hvad du beh\u00f8ver til dine m\u00e5ltider. Bestiks\u00e6ttet har et klassisk og tidl\u00f8st design, der vil gl\u00e6de dig og dine g\u00e6ster i mange \u00e5r. Bestiks\u00e6ttet leveres i en praktisk \u00e6ske med dimensionerne 34.5x26x5cm, s\u00e5 du nemt kan opbevare det eller give det som en gave. Bestil dit bestiks\u00e6t Dior 24 stykker fra ForrestDecor i dag og nyd kvaliteten og sk\u00f8nheden af dette fantastiske produkt.<\/p>\n<p><\/p>\n<p>Leveringstid: Leveringstid 1 uge<br \/>\nMateriale: metal<br \/>\nFarve: s\u00f8lv<br \/>\nDimensioner: 34.5x26x5cm<br \/>\nBel\u00f8b: knives-6pcs, fork-6pcs,spoon-12pcs<br \/>\nFabrikant: ForrestDecor<\/p>\n","protected":false},"excerpt":{"rendered":"<p>Er du p\u00e5 udkig efter et elegant og holdbart bestiks\u00e6t til dit k\u00f8kken? S\u00e5 er bestiks\u00e6t Dior 24 stykker fra ForrestDecor det perfekte valg for dig. Dette bestiks\u00e6t er lavet af metal i en smuk s\u00f8lvfarve, der passer til enhver bordd\u00e6kning. Bestiks\u00e6ttet indeholder seks knive, seks gafler og tolv skeer i forskellige st\u00f8rrelser, s\u00e5 du [&hellip;]<\/p>\n","protected":false},"featured_media":7283,"comment_status":"open","ping_status":"closed","template":"","meta":[],"product_brand":[],"product_cat":[165],"product_tag":[],"class_list":{"0":"post-7288","1":"product","2":"type-product","3":"status-publish","4":"has-post-thumbnail","6":"product_cat-flatware","8":"first","9":"instock","10":"shipping-taxable","11":"purchasable","12":"product-type-simple"},"yoast_head":"<!-- This site is optimized with the Yoast SEO plugin v24.8.1 - https:\/\/yoast.com\/wordpress\/plugins\/seo\/ -->\n<title>Bestiks\u00e6t Dior 24 stykker s\u00f8lv - LASTCHANCE Deals | Danmark<\/title>\n<meta name=\"robots\" content=\"index, follow, max-snippet:-1, max-image-preview:large, max-video-preview:-1\" \/>\n<link rel=\"canonical\" href=\"https:\/\/last-chance.dk\/?product=bestiksaet-dior-24-stykker-soelv\" \/>\n<meta property=\"og:locale\" content=\"da_DK\" \/>\n<meta property=\"og:type\" content=\"article\" \/>\n<meta property=\"og:title\" content=\"Bestiks\u00e6t Dior 24 stykker s\u00f8lv - LASTCHANCE Deals | Danmark\" \/>\n<meta property=\"og:description\" content=\"Er du p\u00e5 udkig efter et elegant og holdbart bestiks\u00e6t til dit k\u00f8kken? S\u00e5 er bestiks\u00e6t Dior 24 stykker fra ForrestDecor det perfekte valg for dig. Dette bestiks\u00e6t er lavet af metal i en smuk s\u00f8lvfarve, der passer til enhver bordd\u00e6kning. Bestiks\u00e6ttet indeholder seks knive, seks gafler og tolv skeer i forskellige st\u00f8rrelser, s\u00e5 du [&hellip;]\" \/>\n<meta property=\"og:url\" content=\"https:\/\/last-chance.dk\/?product=bestiksaet-dior-24-stykker-soelv\" \/>\n<meta property=\"og:site_name\" content=\"LASTCHANCE Deals | Danmark\" \/>\n<meta property=\"article:modified_time\" content=\"2025-09-19T17:17:33+00:00\" \/>\n<meta property=\"og:image\" content=\"https:\/\/last-chance.dk\/wp-content\/uploads\/2023\/11\/dior1.jpg\" \/>\n\t<meta property=\"og:image:width\" content=\"787\" \/>\n\t<meta property=\"og:image:height\" content=\"649\" \/>\n\t<meta property=\"og:image:type\" content=\"image\/jpeg\" \/>\n<meta name=\"twitter:card\" content=\"summary_large_image\" \/>\n<meta name=\"twitter:label1\" content=\"Estimeret l\u00e6setid\" \/>\n\t<meta name=\"twitter:data1\" content=\"1 minut\" \/>\n<script type=\"application\/ld+json\" class=\"yoast-schema-graph\">{\"@context\":\"https:\/\/schema.org\",\"@graph\":[{\"@type\":\"WebPage\",\"@id\":\"https:\/\/last-chance.dk\/?product=bestiksaet-dior-24-stykker-soelv\",\"url\":\"https:\/\/last-chance.dk\/?product=bestiksaet-dior-24-stykker-soelv\",\"name\":\"Bestiks\u00e6t Dior 24 stykker s\u00f8lv - LASTCHANCE Deals | Danmark\",\"isPartOf\":{\"@id\":\"https:\/\/last-chance.dk\/#website\"},\"primaryImageOfPage\":{\"@id\":\"https:\/\/last-chance.dk\/?product=bestiksaet-dior-24-stykker-soelv#primaryimage\"},\"image\":{\"@id\":\"https:\/\/last-chance.dk\/?product=bestiksaet-dior-24-stykker-soelv#primaryimage\"},\"thumbnailUrl\":\"https:\/\/last-chance.dk\/wp-content\/uploads\/2023\/11\/dior1.jpg\",\"datePublished\":\"2023-11-06T13:36:39+00:00\",\"dateModified\":\"2025-09-19T17:17:33+00:00\",\"breadcrumb\":{\"@id\":\"https:\/\/last-chance.dk\/?product=bestiksaet-dior-24-stykker-soelv#breadcrumb\"},\"inLanguage\":\"da-DK\",\"potentialAction\":[{\"@type\":\"ReadAction\",\"target\":[\"https:\/\/last-chance.dk\/?product=bestiksaet-dior-24-stykker-soelv\"]}]},{\"@type\":\"ImageObject\",\"inLanguage\":\"da-DK\",\"@id\":\"https:\/\/last-chance.dk\/?product=bestiksaet-dior-24-stykker-soelv#primaryimage\",\"url\":\"https:\/\/last-chance.dk\/wp-content\/uploads\/2023\/11\/dior1.jpg\",\"contentUrl\":\"https:\/\/last-chance.dk\/wp-content\/uploads\/2023\/11\/dior1.jpg\",\"width\":787,\"height\":649},{\"@type\":\"BreadcrumbList\",\"@id\":\"https:\/\/last-chance.dk\/?product=bestiksaet-dior-24-stykker-soelv#breadcrumb\",\"itemListElement\":[{\"@type\":\"ListItem\",\"position\":1,\"name\":\"Home\",\"item\":\"https:\/\/last-chance.dk\/\"},{\"@type\":\"ListItem\",\"position\":2,\"name\":\"Bestiks\u00e6t Dior 24 stykker s\u00f8lv\"}]},{\"@type\":\"WebSite\",\"@id\":\"https:\/\/last-chance.dk\/#website\",\"url\":\"https:\/\/last-chance.dk\/\",\"name\":\"LASTCHANCE Deals | Danmark\",\"description\":\"LASTCHANCE Deals | Danmark\",\"publisher\":{\"@id\":\"https:\/\/last-chance.dk\/#organization\"},\"potentialAction\":[{\"@type\":\"SearchAction\",\"target\":{\"@type\":\"EntryPoint\",\"urlTemplate\":\"https:\/\/last-chance.dk\/?s={search_term_string}\"},\"query-input\":{\"@type\":\"PropertyValueSpecification\",\"valueRequired\":true,\"valueName\":\"search_term_string\"}}],\"inLanguage\":\"da-DK\"},{\"@type\":\"Organization\",\"@id\":\"https:\/\/last-chance.dk\/#organization\",\"name\":\"LASTCHANCE Deals | Danmark\",\"url\":\"https:\/\/last-chance.dk\/\",\"logo\":{\"@type\":\"ImageObject\",\"inLanguage\":\"da-DK\",\"@id\":\"https:\/\/last-chance.dk\/#\/schema\/logo\/image\/\",\"url\":\"https:\/\/last-chance.dk\/wp-content\/uploads\/2023\/10\/lastchancedeals_logo_dk_white.png\",\"contentUrl\":\"https:\/\/last-chance.dk\/wp-content\/uploads\/2023\/10\/lastchancedeals_logo_dk_white.png\",\"width\":470,\"height\":110,\"caption\":\"LASTCHANCE Deals | Danmark\"},\"image\":{\"@id\":\"https:\/\/last-chance.dk\/#\/schema\/logo\/image\/\"}}]}<\/script>\n<!-- \/ Yoast SEO plugin. -->","yoast_head_json":{"title":"Bestiks\u00e6t Dior 24 stykker s\u00f8lv - LASTCHANCE Deals | Danmark","robots":{"index":"index","follow":"follow","max-snippet":"max-snippet:-1","max-image-preview":"max-image-preview:large","max-video-preview":"max-video-preview:-1"},"canonical":"https:\/\/last-chance.dk\/?product=bestiksaet-dior-24-stykker-soelv","og_locale":"da_DK","og_type":"article","og_title":"Bestiks\u00e6t Dior 24 stykker s\u00f8lv - LASTCHANCE Deals | Danmark","og_description":"Er du p\u00e5 udkig efter et elegant og holdbart bestiks\u00e6t til dit k\u00f8kken? S\u00e5 er bestiks\u00e6t Dior 24 stykker fra ForrestDecor det perfekte valg for dig. Dette bestiks\u00e6t er lavet af metal i en smuk s\u00f8lvfarve, der passer til enhver bordd\u00e6kning. Bestiks\u00e6ttet indeholder seks knive, seks gafler og tolv skeer i forskellige st\u00f8rrelser, s\u00e5 du [&hellip;]","og_url":"https:\/\/last-chance.dk\/?product=bestiksaet-dior-24-stykker-soelv","og_site_name":"LASTCHANCE Deals | Danmark","article_modified_time":"2025-09-19T17:17:33+00:00","og_image":[{"width":787,"height":649,"url":"https:\/\/last-chance.dk\/wp-content\/uploads\/2023\/11\/dior1.jpg","type":"image\/jpeg"}],"twitter_card":"summary_large_image","twitter_misc":{"Estimeret l\u00e6setid":"1 minut"},"schema":{"@context":"https:\/\/schema.org","@graph":[{"@type":"WebPage","@id":"https:\/\/last-chance.dk\/?product=bestiksaet-dior-24-stykker-soelv","url":"https:\/\/last-chance.dk\/?product=bestiksaet-dior-24-stykker-soelv","name":"Bestiks\u00e6t Dior 24 stykker s\u00f8lv - LASTCHANCE Deals | Danmark","isPartOf":{"@id":"https:\/\/last-chance.dk\/#website"},"primaryImageOfPage":{"@id":"https:\/\/last-chance.dk\/?product=bestiksaet-dior-24-stykker-soelv#primaryimage"},"image":{"@id":"https:\/\/last-chance.dk\/?product=bestiksaet-dior-24-stykker-soelv#primaryimage"},"thumbnailUrl":"https:\/\/last-chance.dk\/wp-content\/uploads\/2023\/11\/dior1.jpg","datePublished":"2023-11-06T13:36:39+00:00","dateModified":"2025-09-19T17:17:33+00:00","breadcrumb":{"@id":"https:\/\/last-chance.dk\/?product=bestiksaet-dior-24-stykker-soelv#breadcrumb"},"inLanguage":"da-DK","potentialAction":[{"@type":"ReadAction","target":["https:\/\/last-chance.dk\/?product=bestiksaet-dior-24-stykker-soelv"]}]},{"@type":"ImageObject","inLanguage":"da-DK","@id":"https:\/\/last-chance.dk\/?product=bestiksaet-dior-24-stykker-soelv#primaryimage","url":"https:\/\/last-chance.dk\/wp-content\/uploads\/2023\/11\/dior1.jpg","contentUrl":"https:\/\/last-chance.dk\/wp-content\/uploads\/2023\/11\/dior1.jpg","width":787,"height":649},{"@type":"BreadcrumbList","@id":"https:\/\/last-chance.dk\/?product=bestiksaet-dior-24-stykker-soelv#breadcrumb","itemListElement":[{"@type":"ListItem","position":1,"name":"Home","item":"https:\/\/last-chance.dk\/"},{"@type":"ListItem","position":2,"name":"Bestiks\u00e6t Dior 24 stykker s\u00f8lv"}]},{"@type":"WebSite","@id":"https:\/\/last-chance.dk\/#website","url":"https:\/\/last-chance.dk\/","name":"LASTCHANCE Deals | Danmark","description":"LASTCHANCE Deals | Danmark","publisher":{"@id":"https:\/\/last-chance.dk\/#organization"},"potentialAction":[{"@type":"SearchAction","target":{"@type":"EntryPoint","urlTemplate":"https:\/\/last-chance.dk\/?s={search_term_string}"},"query-input":{"@type":"PropertyValueSpecification","valueRequired":true,"valueName":"search_term_string"}}],"inLanguage":"da-DK"},{"@type":"Organization","@id":"https:\/\/last-chance.dk\/#organization","name":"LASTCHANCE Deals | Danmark","url":"https:\/\/last-chance.dk\/","logo":{"@type":"ImageObject","inLanguage":"da-DK","@id":"https:\/\/last-chance.dk\/#\/schema\/logo\/image\/","url":"https:\/\/last-chance.dk\/wp-content\/uploads\/2023\/10\/lastchancedeals_logo_dk_white.png","contentUrl":"https:\/\/last-chance.dk\/wp-content\/uploads\/2023\/10\/lastchancedeals_logo_dk_white.png","width":470,"height":110,"caption":"LASTCHANCE Deals | Danmark"},"image":{"@id":"https:\/\/last-chance.dk\/#\/schema\/logo\/image\/"}}]}},"_links":{"self":[{"href":"https:\/\/last-chance.dk\/index.php?rest_route=\/wp\/v2\/product\/7288","targetHints":{"allow":["GET"]}}],"collection":[{"href":"https:\/\/last-chance.dk\/index.php?rest_route=\/wp\/v2\/product"}],"about":[{"href":"https:\/\/last-chance.dk\/index.php?rest_route=\/wp\/v2\/types\/product"}],"replies":[{"embeddable":true,"href":"https:\/\/last-chance.dk\/index.php?rest_route=%2Fwp%2Fv2%2Fcomments&post=7288"}],"wp:featuredmedia":[{"embeddable":true,"href":"https:\/\/last-chance.dk\/index.php?rest_route=\/wp\/v2\/media\/7283"}],"wp:attachment":[{"href":"https:\/\/last-chance.dk\/index.php?rest_route=%2Fwp%2Fv2%2Fmedia&parent=7288"}],"wp:term":[{"taxonomy":"product_brand","embeddable":true,"href":"https:\/\/last-chance.dk\/index.php?rest_route=%2Fwp%2Fv2%2Fproduct_brand&post=7288"},{"taxonomy":"product_cat","embeddable":true,"href":"https:\/\/last-chance.dk\/index.php?rest_route=%2Fwp%2Fv2%2Fproduct_cat&post=7288"},{"taxonomy":"product_tag","embeddable":true,"href":"https:\/\/last-chance.dk\/index.php?rest_route=%2Fwp%2Fv2%2Fproduct_tag&post=7288"}],"curies":[{"name":"wp","href":"https:\/\/api.w.org\/{rel}","templated":true}]}}