{"id":7293,"date":"2023-11-06T13:37:13","date_gmt":"2023-11-06T13:37:13","guid":{"rendered":"https:\/\/www.lastchance.deals\/dk\/tuote\/loftslampe-carla-19x20cm-gylden\/"},"modified":"2025-09-19T18:03:49","modified_gmt":"2025-09-19T18:03:49","slug":"loftslampe-carla-19x20cm-gylden","status":"publish","type":"product","link":"https:\/\/last-chance.dk\/?product=loftslampe-carla-19x20cm-gylden","title":{"rendered":"Loftslampe Carla 19x20cm gylden"},"content":{"rendered":"<p>Er du p\u00e5 udkig efter en smuk og elegant loftslampe til dit hjem? S\u00e5 er loftslampe Carla det perfekte valg for dig. Denne loftslampe har et klassisk design med en gylden metalramme, der skaber en varm og hyggelig atmosf\u00e6re i rummet. Loftslampen har en rund form og m\u00e5ler 19x20cm i udvendige dimensioner. Den passer perfekt til stuer, sovev\u00e6relser, k\u00f8kkener eller andre rum, hvor du \u00f8nsker at tilf\u00f8je et touch af stil og elegance.<\/p>\n<p><\/p>\n<p>Loftslampe Carla er fremstillet af ForrestDecor, en anerkendt fabrikant af belysningsprodukter af h\u00f8j kvalitet. Loftslampen er lavet af metal, et holdbart og robust materiale, der sikrer en lang levetid. Loftslampen skal samles f\u00f8r brug, men det er en nem og hurtig proces, der ikke kr\u00e6ver s\u00e6rlige v\u00e6rkt\u00f8jer. Loftslampen leveres med en 12 m\u00e5neders garanti, s\u00e5 du kan v\u00e6re tryg ved dit k\u00f8b.<\/p>\n<p><\/p>\n<p>Hvis du vil have en loftslampe, der kombinerer klassisk stil med moderne kvalitet, s\u00e5 bestil loftslampe Carla i dag. Du vil ikke fortryde det!<\/p>\n<p><\/p>\n<p>Leveringstid: Leveringstid 1 uge<br \/>\nStil: klassisk<br \/>\nMateriale: metal<br \/>\nFarve: gylden<br \/>\nLampefatning: E27<br \/>\nLampestik: ikke inkluderet<br \/>\nUdvendige dimensioner: 19x20cm<br \/>\nFabrikant: ForrestDecor<br \/>\nMontage: skal samles<br \/>\nGaranti: 12 m\u00e5neder<\/p>\n","protected":false},"excerpt":{"rendered":"<p>Er du p\u00e5 udkig efter en smuk og elegant loftslampe til dit hjem? S\u00e5 er loftslampe Carla det perfekte valg for dig. Denne loftslampe har et klassisk design med en gylden metalramme, der skaber en varm og hyggelig atmosf\u00e6re i rummet. Loftslampen har en rund form og m\u00e5ler 19x20cm i udvendige dimensioner. Den passer perfekt [&hellip;]<\/p>\n","protected":false},"featured_media":7291,"comment_status":"open","ping_status":"closed","template":"","meta":[],"product_brand":[],"product_cat":[155],"product_tag":[],"class_list":{"0":"post-7293","1":"product","2":"type-product","3":"status-publish","4":"has-post-thumbnail","6":"product_cat-chandeliers","8":"first","9":"instock","10":"shipping-taxable","11":"purchasable","12":"product-type-simple"},"yoast_head":"<!-- This site is optimized with the Yoast SEO plugin v24.8.1 - https:\/\/yoast.com\/wordpress\/plugins\/seo\/ -->\n<title>Loftslampe Carla 19x20cm gylden - LASTCHANCE Deals | Danmark<\/title>\n<meta name=\"robots\" content=\"index, follow, max-snippet:-1, max-image-preview:large, max-video-preview:-1\" \/>\n<link rel=\"canonical\" href=\"https:\/\/last-chance.dk\/?product=loftslampe-carla-19x20cm-gylden\" \/>\n<meta property=\"og:locale\" content=\"da_DK\" \/>\n<meta property=\"og:type\" content=\"article\" \/>\n<meta property=\"og:title\" content=\"Loftslampe Carla 19x20cm gylden - LASTCHANCE Deals | Danmark\" \/>\n<meta property=\"og:description\" content=\"Er du p\u00e5 udkig efter en smuk og elegant loftslampe til dit hjem? S\u00e5 er loftslampe Carla det perfekte valg for dig. Denne loftslampe har et klassisk design med en gylden metalramme, der skaber en varm og hyggelig atmosf\u00e6re i rummet. Loftslampen har en rund form og m\u00e5ler 19x20cm i udvendige dimensioner. Den passer perfekt [&hellip;]\" \/>\n<meta property=\"og:url\" content=\"https:\/\/last-chance.dk\/?product=loftslampe-carla-19x20cm-gylden\" \/>\n<meta property=\"og:site_name\" content=\"LASTCHANCE Deals | Danmark\" \/>\n<meta property=\"article:modified_time\" content=\"2025-09-19T18:03:49+00:00\" \/>\n<meta property=\"og:image\" content=\"https:\/\/last-chance.dk\/wp-content\/uploads\/2023\/11\/carla1.jpg\" \/>\n\t<meta property=\"og:image:width\" content=\"585\" \/>\n\t<meta property=\"og:image:height\" content=\"518\" \/>\n\t<meta property=\"og:image:type\" content=\"image\/jpeg\" \/>\n<meta name=\"twitter:card\" content=\"summary_large_image\" \/>\n<meta name=\"twitter:label1\" content=\"Estimeret l\u00e6setid\" \/>\n\t<meta name=\"twitter:data1\" content=\"1 minut\" \/>\n<script type=\"application\/ld+json\" class=\"yoast-schema-graph\">{\"@context\":\"https:\/\/schema.org\",\"@graph\":[{\"@type\":\"WebPage\",\"@id\":\"https:\/\/last-chance.dk\/?product=loftslampe-carla-19x20cm-gylden\",\"url\":\"https:\/\/last-chance.dk\/?product=loftslampe-carla-19x20cm-gylden\",\"name\":\"Loftslampe Carla 19x20cm gylden - LASTCHANCE Deals | Danmark\",\"isPartOf\":{\"@id\":\"https:\/\/last-chance.dk\/#website\"},\"primaryImageOfPage\":{\"@id\":\"https:\/\/last-chance.dk\/?product=loftslampe-carla-19x20cm-gylden#primaryimage\"},\"image\":{\"@id\":\"https:\/\/last-chance.dk\/?product=loftslampe-carla-19x20cm-gylden#primaryimage\"},\"thumbnailUrl\":\"https:\/\/last-chance.dk\/wp-content\/uploads\/2023\/11\/carla1.jpg\",\"datePublished\":\"2023-11-06T13:37:13+00:00\",\"dateModified\":\"2025-09-19T18:03:49+00:00\",\"breadcrumb\":{\"@id\":\"https:\/\/last-chance.dk\/?product=loftslampe-carla-19x20cm-gylden#breadcrumb\"},\"inLanguage\":\"da-DK\",\"potentialAction\":[{\"@type\":\"ReadAction\",\"target\":[\"https:\/\/last-chance.dk\/?product=loftslampe-carla-19x20cm-gylden\"]}]},{\"@type\":\"ImageObject\",\"inLanguage\":\"da-DK\",\"@id\":\"https:\/\/last-chance.dk\/?product=loftslampe-carla-19x20cm-gylden#primaryimage\",\"url\":\"https:\/\/last-chance.dk\/wp-content\/uploads\/2023\/11\/carla1.jpg\",\"contentUrl\":\"https:\/\/last-chance.dk\/wp-content\/uploads\/2023\/11\/carla1.jpg\",\"width\":585,\"height\":518},{\"@type\":\"BreadcrumbList\",\"@id\":\"https:\/\/last-chance.dk\/?product=loftslampe-carla-19x20cm-gylden#breadcrumb\",\"itemListElement\":[{\"@type\":\"ListItem\",\"position\":1,\"name\":\"Home\",\"item\":\"https:\/\/last-chance.dk\/\"},{\"@type\":\"ListItem\",\"position\":2,\"name\":\"Loftslampe Carla 19x20cm gylden\"}]},{\"@type\":\"WebSite\",\"@id\":\"https:\/\/last-chance.dk\/#website\",\"url\":\"https:\/\/last-chance.dk\/\",\"name\":\"LASTCHANCE Deals | Danmark\",\"description\":\"LASTCHANCE Deals | Danmark\",\"publisher\":{\"@id\":\"https:\/\/last-chance.dk\/#organization\"},\"potentialAction\":[{\"@type\":\"SearchAction\",\"target\":{\"@type\":\"EntryPoint\",\"urlTemplate\":\"https:\/\/last-chance.dk\/?s={search_term_string}\"},\"query-input\":{\"@type\":\"PropertyValueSpecification\",\"valueRequired\":true,\"valueName\":\"search_term_string\"}}],\"inLanguage\":\"da-DK\"},{\"@type\":\"Organization\",\"@id\":\"https:\/\/last-chance.dk\/#organization\",\"name\":\"LASTCHANCE Deals | Danmark\",\"url\":\"https:\/\/last-chance.dk\/\",\"logo\":{\"@type\":\"ImageObject\",\"inLanguage\":\"da-DK\",\"@id\":\"https:\/\/last-chance.dk\/#\/schema\/logo\/image\/\",\"url\":\"https:\/\/last-chance.dk\/wp-content\/uploads\/2023\/10\/lastchancedeals_logo_dk_white.png\",\"contentUrl\":\"https:\/\/last-chance.dk\/wp-content\/uploads\/2023\/10\/lastchancedeals_logo_dk_white.png\",\"width\":470,\"height\":110,\"caption\":\"LASTCHANCE Deals | Danmark\"},\"image\":{\"@id\":\"https:\/\/last-chance.dk\/#\/schema\/logo\/image\/\"}}]}<\/script>\n<!-- \/ Yoast SEO plugin. -->","yoast_head_json":{"title":"Loftslampe Carla 19x20cm gylden - LASTCHANCE Deals | Danmark","robots":{"index":"index","follow":"follow","max-snippet":"max-snippet:-1","max-image-preview":"max-image-preview:large","max-video-preview":"max-video-preview:-1"},"canonical":"https:\/\/last-chance.dk\/?product=loftslampe-carla-19x20cm-gylden","og_locale":"da_DK","og_type":"article","og_title":"Loftslampe Carla 19x20cm gylden - LASTCHANCE Deals | Danmark","og_description":"Er du p\u00e5 udkig efter en smuk og elegant loftslampe til dit hjem? S\u00e5 er loftslampe Carla det perfekte valg for dig. Denne loftslampe har et klassisk design med en gylden metalramme, der skaber en varm og hyggelig atmosf\u00e6re i rummet. Loftslampen har en rund form og m\u00e5ler 19x20cm i udvendige dimensioner. Den passer perfekt [&hellip;]","og_url":"https:\/\/last-chance.dk\/?product=loftslampe-carla-19x20cm-gylden","og_site_name":"LASTCHANCE Deals | Danmark","article_modified_time":"2025-09-19T18:03:49+00:00","og_image":[{"width":585,"height":518,"url":"https:\/\/last-chance.dk\/wp-content\/uploads\/2023\/11\/carla1.jpg","type":"image\/jpeg"}],"twitter_card":"summary_large_image","twitter_misc":{"Estimeret l\u00e6setid":"1 minut"},"schema":{"@context":"https:\/\/schema.org","@graph":[{"@type":"WebPage","@id":"https:\/\/last-chance.dk\/?product=loftslampe-carla-19x20cm-gylden","url":"https:\/\/last-chance.dk\/?product=loftslampe-carla-19x20cm-gylden","name":"Loftslampe Carla 19x20cm gylden - LASTCHANCE Deals | Danmark","isPartOf":{"@id":"https:\/\/last-chance.dk\/#website"},"primaryImageOfPage":{"@id":"https:\/\/last-chance.dk\/?product=loftslampe-carla-19x20cm-gylden#primaryimage"},"image":{"@id":"https:\/\/last-chance.dk\/?product=loftslampe-carla-19x20cm-gylden#primaryimage"},"thumbnailUrl":"https:\/\/last-chance.dk\/wp-content\/uploads\/2023\/11\/carla1.jpg","datePublished":"2023-11-06T13:37:13+00:00","dateModified":"2025-09-19T18:03:49+00:00","breadcrumb":{"@id":"https:\/\/last-chance.dk\/?product=loftslampe-carla-19x20cm-gylden#breadcrumb"},"inLanguage":"da-DK","potentialAction":[{"@type":"ReadAction","target":["https:\/\/last-chance.dk\/?product=loftslampe-carla-19x20cm-gylden"]}]},{"@type":"ImageObject","inLanguage":"da-DK","@id":"https:\/\/last-chance.dk\/?product=loftslampe-carla-19x20cm-gylden#primaryimage","url":"https:\/\/last-chance.dk\/wp-content\/uploads\/2023\/11\/carla1.jpg","contentUrl":"https:\/\/last-chance.dk\/wp-content\/uploads\/2023\/11\/carla1.jpg","width":585,"height":518},{"@type":"BreadcrumbList","@id":"https:\/\/last-chance.dk\/?product=loftslampe-carla-19x20cm-gylden#breadcrumb","itemListElement":[{"@type":"ListItem","position":1,"name":"Home","item":"https:\/\/last-chance.dk\/"},{"@type":"ListItem","position":2,"name":"Loftslampe Carla 19x20cm gylden"}]},{"@type":"WebSite","@id":"https:\/\/last-chance.dk\/#website","url":"https:\/\/last-chance.dk\/","name":"LASTCHANCE Deals | Danmark","description":"LASTCHANCE Deals | Danmark","publisher":{"@id":"https:\/\/last-chance.dk\/#organization"},"potentialAction":[{"@type":"SearchAction","target":{"@type":"EntryPoint","urlTemplate":"https:\/\/last-chance.dk\/?s={search_term_string}"},"query-input":{"@type":"PropertyValueSpecification","valueRequired":true,"valueName":"search_term_string"}}],"inLanguage":"da-DK"},{"@type":"Organization","@id":"https:\/\/last-chance.dk\/#organization","name":"LASTCHANCE Deals | Danmark","url":"https:\/\/last-chance.dk\/","logo":{"@type":"ImageObject","inLanguage":"da-DK","@id":"https:\/\/last-chance.dk\/#\/schema\/logo\/image\/","url":"https:\/\/last-chance.dk\/wp-content\/uploads\/2023\/10\/lastchancedeals_logo_dk_white.png","contentUrl":"https:\/\/last-chance.dk\/wp-content\/uploads\/2023\/10\/lastchancedeals_logo_dk_white.png","width":470,"height":110,"caption":"LASTCHANCE Deals | Danmark"},"image":{"@id":"https:\/\/last-chance.dk\/#\/schema\/logo\/image\/"}}]}},"_links":{"self":[{"href":"https:\/\/last-chance.dk\/index.php?rest_route=\/wp\/v2\/product\/7293","targetHints":{"allow":["GET"]}}],"collection":[{"href":"https:\/\/last-chance.dk\/index.php?rest_route=\/wp\/v2\/product"}],"about":[{"href":"https:\/\/last-chance.dk\/index.php?rest_route=\/wp\/v2\/types\/product"}],"replies":[{"embeddable":true,"href":"https:\/\/last-chance.dk\/index.php?rest_route=%2Fwp%2Fv2%2Fcomments&post=7293"}],"wp:featuredmedia":[{"embeddable":true,"href":"https:\/\/last-chance.dk\/index.php?rest_route=\/wp\/v2\/media\/7291"}],"wp:attachment":[{"href":"https:\/\/last-chance.dk\/index.php?rest_route=%2Fwp%2Fv2%2Fmedia&parent=7293"}],"wp:term":[{"taxonomy":"product_brand","embeddable":true,"href":"https:\/\/last-chance.dk\/index.php?rest_route=%2Fwp%2Fv2%2Fproduct_brand&post=7293"},{"taxonomy":"product_cat","embeddable":true,"href":"https:\/\/last-chance.dk\/index.php?rest_route=%2Fwp%2Fv2%2Fproduct_cat&post=7293"},{"taxonomy":"product_tag","embeddable":true,"href":"https:\/\/last-chance.dk\/index.php?rest_route=%2Fwp%2Fv2%2Fproduct_tag&post=7293"}],"curies":[{"name":"wp","href":"https:\/\/api.w.org\/{rel}","templated":true}]}}