{"id":7301,"date":"2023-11-06T13:37:46","date_gmt":"2023-11-06T13:37:46","guid":{"rendered":"https:\/\/www.lastchance.deals\/dk\/tuote\/loftslampe-ivory-30x90cm-soelv\/"},"modified":"2025-09-19T18:04:53","modified_gmt":"2025-09-19T18:04:53","slug":"loftslampe-ivory-30x90cm-soelv","status":"publish","type":"product","link":"https:\/\/last-chance.dk\/?product=loftslampe-ivory-30x90cm-soelv","title":{"rendered":"Loftslampe Ivory 30x90cm s\u00f8lv"},"content":{"rendered":"<p>Er du p\u00e5 udkig efter en elegant og klassisk loftslampe til dit hjem? S\u00e5 er loftslampen Ivory fra ForrestDecor det perfekte valg for dig. Denne smukke lampe er lavet af metal og krystal i en s\u00f8lvfarve, der giver et sofistikeret og luksuri\u00f8st udtryk. Lampen har en rund form og m\u00e5ler 30x90cm i diameter og h\u00f8jde. Den passer perfekt over et spisebord, i en stue eller i et sovev\u00e6relse.<\/p>\n<p><\/p>\n<p>Loftslampen Ivory er nem at montere, da den leveres med alle de n\u00f8dvendige dele og en detaljeret vejledning. Du skal blot samle lampen og h\u00e6nge den op i loftet med den medf\u00f8lgende krog. Lampen har en E27 fatning og kan bruges med forskellige typer af p\u00e6rer (ikke inkluderet). Lampen har en garanti p\u00e5 12 m\u00e5neder, s\u00e5 du kan v\u00e6re sikker p\u00e5 dens kvalitet og holdbarhed.<\/p>\n<p><\/p>\n<p>Bestil din loftslampe Ivory i dag og giv dit hjem et nyt og flot lys. Du vil elske den m\u00e5de, lampen reflekterer lyset fra de funklende krystaller og skaber en hyggelig og stemningsfuld atmosf\u00e6re. Loftslampen Ivory er en tidl\u00f8s og smagfuld tilf\u00f8jelse til enhver indretning.<\/p>\n<p><\/p>\n<p>Leveringstid: Leveringstid 1 uge<br \/>\nStil: klassisk<br \/>\nMateriale: metal,krystal<br \/>\nFarve: s\u00f8lv<br \/>\nLampefatning: E27<br \/>\nLampestik: ikke inkluderet<br \/>\nUdvendige dimensioner: 30x90cm<br \/>\nFabrikant: ForrestDecor<br \/>\nMontage: skal samles<br \/>\nGaranti: 12 m\u00e5neder<\/p>\n","protected":false},"excerpt":{"rendered":"<p>Er du p\u00e5 udkig efter en elegant og klassisk loftslampe til dit hjem? S\u00e5 er loftslampen Ivory fra ForrestDecor det perfekte valg for dig. Denne smukke lampe er lavet af metal og krystal i en s\u00f8lvfarve, der giver et sofistikeret og luksuri\u00f8st udtryk. Lampen har en rund form og m\u00e5ler 30x90cm i diameter og h\u00f8jde. [&hellip;]<\/p>\n","protected":false},"featured_media":7296,"comment_status":"open","ping_status":"closed","template":"","meta":[],"product_brand":[],"product_cat":[155],"product_tag":[],"class_list":{"0":"post-7301","1":"product","2":"type-product","3":"status-publish","4":"has-post-thumbnail","6":"product_cat-chandeliers","8":"first","9":"instock","10":"shipping-taxable","11":"purchasable","12":"product-type-simple"},"yoast_head":"<!-- This site is optimized with the Yoast SEO plugin v24.8.1 - https:\/\/yoast.com\/wordpress\/plugins\/seo\/ -->\n<title>Loftslampe Ivory 30x90cm s\u00f8lv - LASTCHANCE Deals | Danmark<\/title>\n<meta name=\"robots\" content=\"index, follow, max-snippet:-1, max-image-preview:large, max-video-preview:-1\" \/>\n<link rel=\"canonical\" href=\"https:\/\/last-chance.dk\/?product=loftslampe-ivory-30x90cm-soelv\" \/>\n<meta property=\"og:locale\" content=\"da_DK\" \/>\n<meta property=\"og:type\" content=\"article\" \/>\n<meta property=\"og:title\" content=\"Loftslampe Ivory 30x90cm s\u00f8lv - LASTCHANCE Deals | Danmark\" \/>\n<meta property=\"og:description\" content=\"Er du p\u00e5 udkig efter en elegant og klassisk loftslampe til dit hjem? S\u00e5 er loftslampen Ivory fra ForrestDecor det perfekte valg for dig. Denne smukke lampe er lavet af metal og krystal i en s\u00f8lvfarve, der giver et sofistikeret og luksuri\u00f8st udtryk. Lampen har en rund form og m\u00e5ler 30x90cm i diameter og h\u00f8jde. [&hellip;]\" \/>\n<meta property=\"og:url\" content=\"https:\/\/last-chance.dk\/?product=loftslampe-ivory-30x90cm-soelv\" \/>\n<meta property=\"og:site_name\" content=\"LASTCHANCE Deals | Danmark\" \/>\n<meta property=\"article:modified_time\" content=\"2025-09-19T18:04:53+00:00\" \/>\n<meta property=\"og:image\" content=\"https:\/\/last-chance.dk\/wp-content\/uploads\/2023\/11\/ivory1.jpg\" \/>\n\t<meta property=\"og:image:width\" content=\"750\" \/>\n\t<meta property=\"og:image:height\" content=\"738\" \/>\n\t<meta property=\"og:image:type\" content=\"image\/jpeg\" \/>\n<meta name=\"twitter:card\" content=\"summary_large_image\" \/>\n<meta name=\"twitter:label1\" content=\"Estimeret l\u00e6setid\" \/>\n\t<meta name=\"twitter:data1\" content=\"1 minut\" \/>\n<script type=\"application\/ld+json\" class=\"yoast-schema-graph\">{\"@context\":\"https:\/\/schema.org\",\"@graph\":[{\"@type\":\"WebPage\",\"@id\":\"https:\/\/last-chance.dk\/?product=loftslampe-ivory-30x90cm-soelv\",\"url\":\"https:\/\/last-chance.dk\/?product=loftslampe-ivory-30x90cm-soelv\",\"name\":\"Loftslampe Ivory 30x90cm s\u00f8lv - LASTCHANCE Deals | Danmark\",\"isPartOf\":{\"@id\":\"https:\/\/last-chance.dk\/#website\"},\"primaryImageOfPage\":{\"@id\":\"https:\/\/last-chance.dk\/?product=loftslampe-ivory-30x90cm-soelv#primaryimage\"},\"image\":{\"@id\":\"https:\/\/last-chance.dk\/?product=loftslampe-ivory-30x90cm-soelv#primaryimage\"},\"thumbnailUrl\":\"https:\/\/last-chance.dk\/wp-content\/uploads\/2023\/11\/ivory1.jpg\",\"datePublished\":\"2023-11-06T13:37:46+00:00\",\"dateModified\":\"2025-09-19T18:04:53+00:00\",\"breadcrumb\":{\"@id\":\"https:\/\/last-chance.dk\/?product=loftslampe-ivory-30x90cm-soelv#breadcrumb\"},\"inLanguage\":\"da-DK\",\"potentialAction\":[{\"@type\":\"ReadAction\",\"target\":[\"https:\/\/last-chance.dk\/?product=loftslampe-ivory-30x90cm-soelv\"]}]},{\"@type\":\"ImageObject\",\"inLanguage\":\"da-DK\",\"@id\":\"https:\/\/last-chance.dk\/?product=loftslampe-ivory-30x90cm-soelv#primaryimage\",\"url\":\"https:\/\/last-chance.dk\/wp-content\/uploads\/2023\/11\/ivory1.jpg\",\"contentUrl\":\"https:\/\/last-chance.dk\/wp-content\/uploads\/2023\/11\/ivory1.jpg\",\"width\":750,\"height\":738},{\"@type\":\"BreadcrumbList\",\"@id\":\"https:\/\/last-chance.dk\/?product=loftslampe-ivory-30x90cm-soelv#breadcrumb\",\"itemListElement\":[{\"@type\":\"ListItem\",\"position\":1,\"name\":\"Home\",\"item\":\"https:\/\/last-chance.dk\/\"},{\"@type\":\"ListItem\",\"position\":2,\"name\":\"Loftslampe Ivory 30x90cm s\u00f8lv\"}]},{\"@type\":\"WebSite\",\"@id\":\"https:\/\/last-chance.dk\/#website\",\"url\":\"https:\/\/last-chance.dk\/\",\"name\":\"LASTCHANCE Deals | Danmark\",\"description\":\"LASTCHANCE Deals | Danmark\",\"publisher\":{\"@id\":\"https:\/\/last-chance.dk\/#organization\"},\"potentialAction\":[{\"@type\":\"SearchAction\",\"target\":{\"@type\":\"EntryPoint\",\"urlTemplate\":\"https:\/\/last-chance.dk\/?s={search_term_string}\"},\"query-input\":{\"@type\":\"PropertyValueSpecification\",\"valueRequired\":true,\"valueName\":\"search_term_string\"}}],\"inLanguage\":\"da-DK\"},{\"@type\":\"Organization\",\"@id\":\"https:\/\/last-chance.dk\/#organization\",\"name\":\"LASTCHANCE Deals | Danmark\",\"url\":\"https:\/\/last-chance.dk\/\",\"logo\":{\"@type\":\"ImageObject\",\"inLanguage\":\"da-DK\",\"@id\":\"https:\/\/last-chance.dk\/#\/schema\/logo\/image\/\",\"url\":\"https:\/\/last-chance.dk\/wp-content\/uploads\/2023\/10\/lastchancedeals_logo_dk_white.png\",\"contentUrl\":\"https:\/\/last-chance.dk\/wp-content\/uploads\/2023\/10\/lastchancedeals_logo_dk_white.png\",\"width\":470,\"height\":110,\"caption\":\"LASTCHANCE Deals | Danmark\"},\"image\":{\"@id\":\"https:\/\/last-chance.dk\/#\/schema\/logo\/image\/\"}}]}<\/script>\n<!-- \/ Yoast SEO plugin. -->","yoast_head_json":{"title":"Loftslampe Ivory 30x90cm s\u00f8lv - LASTCHANCE Deals | Danmark","robots":{"index":"index","follow":"follow","max-snippet":"max-snippet:-1","max-image-preview":"max-image-preview:large","max-video-preview":"max-video-preview:-1"},"canonical":"https:\/\/last-chance.dk\/?product=loftslampe-ivory-30x90cm-soelv","og_locale":"da_DK","og_type":"article","og_title":"Loftslampe Ivory 30x90cm s\u00f8lv - LASTCHANCE Deals | Danmark","og_description":"Er du p\u00e5 udkig efter en elegant og klassisk loftslampe til dit hjem? S\u00e5 er loftslampen Ivory fra ForrestDecor det perfekte valg for dig. Denne smukke lampe er lavet af metal og krystal i en s\u00f8lvfarve, der giver et sofistikeret og luksuri\u00f8st udtryk. Lampen har en rund form og m\u00e5ler 30x90cm i diameter og h\u00f8jde. [&hellip;]","og_url":"https:\/\/last-chance.dk\/?product=loftslampe-ivory-30x90cm-soelv","og_site_name":"LASTCHANCE Deals | Danmark","article_modified_time":"2025-09-19T18:04:53+00:00","og_image":[{"width":750,"height":738,"url":"https:\/\/last-chance.dk\/wp-content\/uploads\/2023\/11\/ivory1.jpg","type":"image\/jpeg"}],"twitter_card":"summary_large_image","twitter_misc":{"Estimeret l\u00e6setid":"1 minut"},"schema":{"@context":"https:\/\/schema.org","@graph":[{"@type":"WebPage","@id":"https:\/\/last-chance.dk\/?product=loftslampe-ivory-30x90cm-soelv","url":"https:\/\/last-chance.dk\/?product=loftslampe-ivory-30x90cm-soelv","name":"Loftslampe Ivory 30x90cm s\u00f8lv - LASTCHANCE Deals | Danmark","isPartOf":{"@id":"https:\/\/last-chance.dk\/#website"},"primaryImageOfPage":{"@id":"https:\/\/last-chance.dk\/?product=loftslampe-ivory-30x90cm-soelv#primaryimage"},"image":{"@id":"https:\/\/last-chance.dk\/?product=loftslampe-ivory-30x90cm-soelv#primaryimage"},"thumbnailUrl":"https:\/\/last-chance.dk\/wp-content\/uploads\/2023\/11\/ivory1.jpg","datePublished":"2023-11-06T13:37:46+00:00","dateModified":"2025-09-19T18:04:53+00:00","breadcrumb":{"@id":"https:\/\/last-chance.dk\/?product=loftslampe-ivory-30x90cm-soelv#breadcrumb"},"inLanguage":"da-DK","potentialAction":[{"@type":"ReadAction","target":["https:\/\/last-chance.dk\/?product=loftslampe-ivory-30x90cm-soelv"]}]},{"@type":"ImageObject","inLanguage":"da-DK","@id":"https:\/\/last-chance.dk\/?product=loftslampe-ivory-30x90cm-soelv#primaryimage","url":"https:\/\/last-chance.dk\/wp-content\/uploads\/2023\/11\/ivory1.jpg","contentUrl":"https:\/\/last-chance.dk\/wp-content\/uploads\/2023\/11\/ivory1.jpg","width":750,"height":738},{"@type":"BreadcrumbList","@id":"https:\/\/last-chance.dk\/?product=loftslampe-ivory-30x90cm-soelv#breadcrumb","itemListElement":[{"@type":"ListItem","position":1,"name":"Home","item":"https:\/\/last-chance.dk\/"},{"@type":"ListItem","position":2,"name":"Loftslampe Ivory 30x90cm s\u00f8lv"}]},{"@type":"WebSite","@id":"https:\/\/last-chance.dk\/#website","url":"https:\/\/last-chance.dk\/","name":"LASTCHANCE Deals | Danmark","description":"LASTCHANCE Deals | Danmark","publisher":{"@id":"https:\/\/last-chance.dk\/#organization"},"potentialAction":[{"@type":"SearchAction","target":{"@type":"EntryPoint","urlTemplate":"https:\/\/last-chance.dk\/?s={search_term_string}"},"query-input":{"@type":"PropertyValueSpecification","valueRequired":true,"valueName":"search_term_string"}}],"inLanguage":"da-DK"},{"@type":"Organization","@id":"https:\/\/last-chance.dk\/#organization","name":"LASTCHANCE Deals | Danmark","url":"https:\/\/last-chance.dk\/","logo":{"@type":"ImageObject","inLanguage":"da-DK","@id":"https:\/\/last-chance.dk\/#\/schema\/logo\/image\/","url":"https:\/\/last-chance.dk\/wp-content\/uploads\/2023\/10\/lastchancedeals_logo_dk_white.png","contentUrl":"https:\/\/last-chance.dk\/wp-content\/uploads\/2023\/10\/lastchancedeals_logo_dk_white.png","width":470,"height":110,"caption":"LASTCHANCE Deals | Danmark"},"image":{"@id":"https:\/\/last-chance.dk\/#\/schema\/logo\/image\/"}}]}},"_links":{"self":[{"href":"https:\/\/last-chance.dk\/index.php?rest_route=\/wp\/v2\/product\/7301","targetHints":{"allow":["GET"]}}],"collection":[{"href":"https:\/\/last-chance.dk\/index.php?rest_route=\/wp\/v2\/product"}],"about":[{"href":"https:\/\/last-chance.dk\/index.php?rest_route=\/wp\/v2\/types\/product"}],"replies":[{"embeddable":true,"href":"https:\/\/last-chance.dk\/index.php?rest_route=%2Fwp%2Fv2%2Fcomments&post=7301"}],"wp:featuredmedia":[{"embeddable":true,"href":"https:\/\/last-chance.dk\/index.php?rest_route=\/wp\/v2\/media\/7296"}],"wp:attachment":[{"href":"https:\/\/last-chance.dk\/index.php?rest_route=%2Fwp%2Fv2%2Fmedia&parent=7301"}],"wp:term":[{"taxonomy":"product_brand","embeddable":true,"href":"https:\/\/last-chance.dk\/index.php?rest_route=%2Fwp%2Fv2%2Fproduct_brand&post=7301"},{"taxonomy":"product_cat","embeddable":true,"href":"https:\/\/last-chance.dk\/index.php?rest_route=%2Fwp%2Fv2%2Fproduct_cat&post=7301"},{"taxonomy":"product_tag","embeddable":true,"href":"https:\/\/last-chance.dk\/index.php?rest_route=%2Fwp%2Fv2%2Fproduct_tag&post=7301"}],"curies":[{"name":"wp","href":"https:\/\/api.w.org\/{rel}","templated":true}]}}