{"id":7307,"date":"2023-11-06T13:38:03","date_gmt":"2023-11-06T13:38:03","guid":{"rendered":"https:\/\/www.lastchance.deals\/dk\/tuote\/loftslampe-evianna-120x7x6cm-sort\/"},"modified":"2025-03-24T12:48:06","modified_gmt":"2025-03-24T12:48:06","slug":"loftslampe-evianna-120x7x6cm-sort","status":"publish","type":"product","link":"https:\/\/last-chance.dk\/?product=loftslampe-evianna-120x7x6cm-sort","title":{"rendered":"Loftslampe Evianna 120x7x6cm sort"},"content":{"rendered":"<p>Leder du efter en klassisk og elegant loftslampe til dit hjem? S\u00e5 er loftslampe Evianna det perfekte valg for dig. Denne smukke lampe er lavet af metal i en sort farve, der passer til enhver indretning. Lampen har et simpelt og tidl\u00f8st design, der skaber en hyggelig og varm atmosf\u00e6re i rummet.<\/p>\n<p><\/p>\n<p>Loftslampe Evianna har en udvendig dimension p\u00e5 120x7x6cm, s\u00e5 den passer godt over et spisebord, en sofa eller en seng. Lampen leveres i dele og skal samles f\u00f8r montering. Det er nemt og hurtigt at g\u00f8re med den medf\u00f8lgende vejledning. Lampen har en garanti p\u00e5 12 m\u00e5neder fra fabrikanten ForrestDecor, der er kendt for deres kvalitetsprodukter.<\/p>\n<p><\/p>\n<p>Bestil din loftslampe Evianna i dag og nyd den sk\u00f8nne belysning i dit hjem.<\/p>\n<p><\/p>\n<p>Leveringstid: Leveringstid 1 uge<br \/>\nStil: klassisk<br \/>\nMateriale: metal<br \/>\nFarve: sort<br \/>\nLampefatning: E27<br \/>\nLampestik: ikke inkluderet<br \/>\nUdvendige dimensioner: 120x7x6cm<br \/>\nFabrikant: ForrestDecor<br \/>\nMontage: skal samles<br \/>\nGaranti: 12 m\u00e5neder<\/p>\n","protected":false},"excerpt":{"rendered":"<p>Leder du efter en klassisk og elegant loftslampe til dit hjem? S\u00e5 er loftslampe Evianna det perfekte valg for dig. Denne smukke lampe er lavet af metal i en sort farve, der passer til enhver indretning. Lampen har et simpelt og tidl\u00f8st design, der skaber en hyggelig og varm atmosf\u00e6re i rummet. Loftslampe Evianna har [&hellip;]<\/p>\n","protected":false},"featured_media":7302,"comment_status":"open","ping_status":"closed","template":"","meta":[],"product_brand":[],"product_cat":[155],"product_tag":[],"class_list":{"0":"post-7307","1":"product","2":"type-product","3":"status-publish","4":"has-post-thumbnail","6":"product_cat-chandeliers","8":"first","9":"instock","10":"shipping-taxable","11":"purchasable","12":"product-type-simple"},"yoast_head":"<!-- This site is optimized with the Yoast SEO plugin v24.8.1 - https:\/\/yoast.com\/wordpress\/plugins\/seo\/ -->\n<title>Loftslampe Evianna 120x7x6cm sort - LASTCHANCE Deals | Danmark<\/title>\n<meta name=\"robots\" content=\"index, follow, max-snippet:-1, max-image-preview:large, max-video-preview:-1\" \/>\n<link rel=\"canonical\" href=\"https:\/\/last-chance.dk\/?product=loftslampe-evianna-120x7x6cm-sort\" \/>\n<meta property=\"og:locale\" content=\"da_DK\" \/>\n<meta property=\"og:type\" content=\"article\" \/>\n<meta property=\"og:title\" content=\"Loftslampe Evianna 120x7x6cm sort - LASTCHANCE Deals | Danmark\" \/>\n<meta property=\"og:description\" content=\"Leder du efter en klassisk og elegant loftslampe til dit hjem? S\u00e5 er loftslampe Evianna det perfekte valg for dig. Denne smukke lampe er lavet af metal i en sort farve, der passer til enhver indretning. Lampen har et simpelt og tidl\u00f8st design, der skaber en hyggelig og varm atmosf\u00e6re i rummet. Loftslampe Evianna har [&hellip;]\" \/>\n<meta property=\"og:url\" content=\"https:\/\/last-chance.dk\/?product=loftslampe-evianna-120x7x6cm-sort\" \/>\n<meta property=\"og:site_name\" content=\"LASTCHANCE Deals | Danmark\" \/>\n<meta property=\"article:modified_time\" content=\"2025-03-24T12:48:06+00:00\" \/>\n<meta property=\"og:image\" content=\"https:\/\/last-chance.dk\/wp-content\/uploads\/2023\/11\/evianna1_1.jpg\" \/>\n\t<meta property=\"og:image:width\" content=\"800\" \/>\n\t<meta property=\"og:image:height\" content=\"800\" \/>\n\t<meta property=\"og:image:type\" content=\"image\/jpeg\" \/>\n<meta name=\"twitter:card\" content=\"summary_large_image\" \/>\n<meta name=\"twitter:label1\" content=\"Estimeret l\u00e6setid\" \/>\n\t<meta name=\"twitter:data1\" content=\"1 minut\" \/>\n<script type=\"application\/ld+json\" class=\"yoast-schema-graph\">{\"@context\":\"https:\/\/schema.org\",\"@graph\":[{\"@type\":\"WebPage\",\"@id\":\"https:\/\/last-chance.dk\/?product=loftslampe-evianna-120x7x6cm-sort\",\"url\":\"https:\/\/last-chance.dk\/?product=loftslampe-evianna-120x7x6cm-sort\",\"name\":\"Loftslampe Evianna 120x7x6cm sort - LASTCHANCE Deals | Danmark\",\"isPartOf\":{\"@id\":\"https:\/\/last-chance.dk\/#website\"},\"primaryImageOfPage\":{\"@id\":\"https:\/\/last-chance.dk\/?product=loftslampe-evianna-120x7x6cm-sort#primaryimage\"},\"image\":{\"@id\":\"https:\/\/last-chance.dk\/?product=loftslampe-evianna-120x7x6cm-sort#primaryimage\"},\"thumbnailUrl\":\"https:\/\/last-chance.dk\/wp-content\/uploads\/2023\/11\/evianna1_1.jpg\",\"datePublished\":\"2023-11-06T13:38:03+00:00\",\"dateModified\":\"2025-03-24T12:48:06+00:00\",\"breadcrumb\":{\"@id\":\"https:\/\/last-chance.dk\/?product=loftslampe-evianna-120x7x6cm-sort#breadcrumb\"},\"inLanguage\":\"da-DK\",\"potentialAction\":[{\"@type\":\"ReadAction\",\"target\":[\"https:\/\/last-chance.dk\/?product=loftslampe-evianna-120x7x6cm-sort\"]}]},{\"@type\":\"ImageObject\",\"inLanguage\":\"da-DK\",\"@id\":\"https:\/\/last-chance.dk\/?product=loftslampe-evianna-120x7x6cm-sort#primaryimage\",\"url\":\"https:\/\/last-chance.dk\/wp-content\/uploads\/2023\/11\/evianna1_1.jpg\",\"contentUrl\":\"https:\/\/last-chance.dk\/wp-content\/uploads\/2023\/11\/evianna1_1.jpg\",\"width\":800,\"height\":800},{\"@type\":\"BreadcrumbList\",\"@id\":\"https:\/\/last-chance.dk\/?product=loftslampe-evianna-120x7x6cm-sort#breadcrumb\",\"itemListElement\":[{\"@type\":\"ListItem\",\"position\":1,\"name\":\"Home\",\"item\":\"https:\/\/last-chance.dk\/\"},{\"@type\":\"ListItem\",\"position\":2,\"name\":\"Loftslampe Evianna 120x7x6cm sort\"}]},{\"@type\":\"WebSite\",\"@id\":\"https:\/\/last-chance.dk\/#website\",\"url\":\"https:\/\/last-chance.dk\/\",\"name\":\"LASTCHANCE Deals | Danmark\",\"description\":\"LASTCHANCE Deals | Danmark\",\"publisher\":{\"@id\":\"https:\/\/last-chance.dk\/#organization\"},\"potentialAction\":[{\"@type\":\"SearchAction\",\"target\":{\"@type\":\"EntryPoint\",\"urlTemplate\":\"https:\/\/last-chance.dk\/?s={search_term_string}\"},\"query-input\":{\"@type\":\"PropertyValueSpecification\",\"valueRequired\":true,\"valueName\":\"search_term_string\"}}],\"inLanguage\":\"da-DK\"},{\"@type\":\"Organization\",\"@id\":\"https:\/\/last-chance.dk\/#organization\",\"name\":\"LASTCHANCE Deals | Danmark\",\"url\":\"https:\/\/last-chance.dk\/\",\"logo\":{\"@type\":\"ImageObject\",\"inLanguage\":\"da-DK\",\"@id\":\"https:\/\/last-chance.dk\/#\/schema\/logo\/image\/\",\"url\":\"https:\/\/last-chance.dk\/wp-content\/uploads\/2023\/10\/lastchancedeals_logo_dk_white.png\",\"contentUrl\":\"https:\/\/last-chance.dk\/wp-content\/uploads\/2023\/10\/lastchancedeals_logo_dk_white.png\",\"width\":470,\"height\":110,\"caption\":\"LASTCHANCE Deals | Danmark\"},\"image\":{\"@id\":\"https:\/\/last-chance.dk\/#\/schema\/logo\/image\/\"}}]}<\/script>\n<!-- \/ Yoast SEO plugin. -->","yoast_head_json":{"title":"Loftslampe Evianna 120x7x6cm sort - LASTCHANCE Deals | Danmark","robots":{"index":"index","follow":"follow","max-snippet":"max-snippet:-1","max-image-preview":"max-image-preview:large","max-video-preview":"max-video-preview:-1"},"canonical":"https:\/\/last-chance.dk\/?product=loftslampe-evianna-120x7x6cm-sort","og_locale":"da_DK","og_type":"article","og_title":"Loftslampe Evianna 120x7x6cm sort - LASTCHANCE Deals | Danmark","og_description":"Leder du efter en klassisk og elegant loftslampe til dit hjem? S\u00e5 er loftslampe Evianna det perfekte valg for dig. Denne smukke lampe er lavet af metal i en sort farve, der passer til enhver indretning. Lampen har et simpelt og tidl\u00f8st design, der skaber en hyggelig og varm atmosf\u00e6re i rummet. Loftslampe Evianna har [&hellip;]","og_url":"https:\/\/last-chance.dk\/?product=loftslampe-evianna-120x7x6cm-sort","og_site_name":"LASTCHANCE Deals | Danmark","article_modified_time":"2025-03-24T12:48:06+00:00","og_image":[{"width":800,"height":800,"url":"https:\/\/last-chance.dk\/wp-content\/uploads\/2023\/11\/evianna1_1.jpg","type":"image\/jpeg"}],"twitter_card":"summary_large_image","twitter_misc":{"Estimeret l\u00e6setid":"1 minut"},"schema":{"@context":"https:\/\/schema.org","@graph":[{"@type":"WebPage","@id":"https:\/\/last-chance.dk\/?product=loftslampe-evianna-120x7x6cm-sort","url":"https:\/\/last-chance.dk\/?product=loftslampe-evianna-120x7x6cm-sort","name":"Loftslampe Evianna 120x7x6cm sort - LASTCHANCE Deals | Danmark","isPartOf":{"@id":"https:\/\/last-chance.dk\/#website"},"primaryImageOfPage":{"@id":"https:\/\/last-chance.dk\/?product=loftslampe-evianna-120x7x6cm-sort#primaryimage"},"image":{"@id":"https:\/\/last-chance.dk\/?product=loftslampe-evianna-120x7x6cm-sort#primaryimage"},"thumbnailUrl":"https:\/\/last-chance.dk\/wp-content\/uploads\/2023\/11\/evianna1_1.jpg","datePublished":"2023-11-06T13:38:03+00:00","dateModified":"2025-03-24T12:48:06+00:00","breadcrumb":{"@id":"https:\/\/last-chance.dk\/?product=loftslampe-evianna-120x7x6cm-sort#breadcrumb"},"inLanguage":"da-DK","potentialAction":[{"@type":"ReadAction","target":["https:\/\/last-chance.dk\/?product=loftslampe-evianna-120x7x6cm-sort"]}]},{"@type":"ImageObject","inLanguage":"da-DK","@id":"https:\/\/last-chance.dk\/?product=loftslampe-evianna-120x7x6cm-sort#primaryimage","url":"https:\/\/last-chance.dk\/wp-content\/uploads\/2023\/11\/evianna1_1.jpg","contentUrl":"https:\/\/last-chance.dk\/wp-content\/uploads\/2023\/11\/evianna1_1.jpg","width":800,"height":800},{"@type":"BreadcrumbList","@id":"https:\/\/last-chance.dk\/?product=loftslampe-evianna-120x7x6cm-sort#breadcrumb","itemListElement":[{"@type":"ListItem","position":1,"name":"Home","item":"https:\/\/last-chance.dk\/"},{"@type":"ListItem","position":2,"name":"Loftslampe Evianna 120x7x6cm sort"}]},{"@type":"WebSite","@id":"https:\/\/last-chance.dk\/#website","url":"https:\/\/last-chance.dk\/","name":"LASTCHANCE Deals | Danmark","description":"LASTCHANCE Deals | Danmark","publisher":{"@id":"https:\/\/last-chance.dk\/#organization"},"potentialAction":[{"@type":"SearchAction","target":{"@type":"EntryPoint","urlTemplate":"https:\/\/last-chance.dk\/?s={search_term_string}"},"query-input":{"@type":"PropertyValueSpecification","valueRequired":true,"valueName":"search_term_string"}}],"inLanguage":"da-DK"},{"@type":"Organization","@id":"https:\/\/last-chance.dk\/#organization","name":"LASTCHANCE Deals | Danmark","url":"https:\/\/last-chance.dk\/","logo":{"@type":"ImageObject","inLanguage":"da-DK","@id":"https:\/\/last-chance.dk\/#\/schema\/logo\/image\/","url":"https:\/\/last-chance.dk\/wp-content\/uploads\/2023\/10\/lastchancedeals_logo_dk_white.png","contentUrl":"https:\/\/last-chance.dk\/wp-content\/uploads\/2023\/10\/lastchancedeals_logo_dk_white.png","width":470,"height":110,"caption":"LASTCHANCE Deals | Danmark"},"image":{"@id":"https:\/\/last-chance.dk\/#\/schema\/logo\/image\/"}}]}},"_links":{"self":[{"href":"https:\/\/last-chance.dk\/index.php?rest_route=\/wp\/v2\/product\/7307","targetHints":{"allow":["GET"]}}],"collection":[{"href":"https:\/\/last-chance.dk\/index.php?rest_route=\/wp\/v2\/product"}],"about":[{"href":"https:\/\/last-chance.dk\/index.php?rest_route=\/wp\/v2\/types\/product"}],"replies":[{"embeddable":true,"href":"https:\/\/last-chance.dk\/index.php?rest_route=%2Fwp%2Fv2%2Fcomments&post=7307"}],"wp:featuredmedia":[{"embeddable":true,"href":"https:\/\/last-chance.dk\/index.php?rest_route=\/wp\/v2\/media\/7302"}],"wp:attachment":[{"href":"https:\/\/last-chance.dk\/index.php?rest_route=%2Fwp%2Fv2%2Fmedia&parent=7307"}],"wp:term":[{"taxonomy":"product_brand","embeddable":true,"href":"https:\/\/last-chance.dk\/index.php?rest_route=%2Fwp%2Fv2%2Fproduct_brand&post=7307"},{"taxonomy":"product_cat","embeddable":true,"href":"https:\/\/last-chance.dk\/index.php?rest_route=%2Fwp%2Fv2%2Fproduct_cat&post=7307"},{"taxonomy":"product_tag","embeddable":true,"href":"https:\/\/last-chance.dk\/index.php?rest_route=%2Fwp%2Fv2%2Fproduct_tag&post=7307"}],"curies":[{"name":"wp","href":"https:\/\/api.w.org\/{rel}","templated":true}]}}