{"id":7333,"date":"2023-11-06T13:39:17","date_gmt":"2023-11-06T13:39:17","guid":{"rendered":"https:\/\/www.lastchance.deals\/dk\/tuote\/bordlampe-allegra-25x38cm-graa\/"},"modified":"2025-10-13T11:50:24","modified_gmt":"2025-10-13T11:50:24","slug":"bordlampe-allegra-25x38cm-graa","status":"publish","type":"product","link":"https:\/\/last-chance.dk\/?product=bordlampe-allegra-25x38cm-graa","title":{"rendered":"Bordlampe Allegra 25x38cm gr\u00e5"},"content":{"rendered":"<p>Leder du efter en bordlampe, der kan skabe en hyggelig og klassisk stemning i dit hjem? S\u00e5 er bordlampe Allegra fra ForrestDecor et godt valg. Denne lampe har et smukt og elegant design med en keramisk fod i en gr\u00e5 farve, der passer til enhver indretning. Lampesk\u00e6rmen er lavet af hvidt stof, der giver et bl\u00f8dt og behageligt lys. Bordlampe Allegra har en h\u00f8jde p\u00e5 38 cm og en diameter p\u00e5 25 cm, s\u00e5 den passer perfekt p\u00e5 et natbord, et skrivebord eller et sidebord. Lampen leveres samlet, s\u00e5 du kan nemt s\u00e6tte den i stikkontakten og nyde dens charme. ForrestDecor er et m\u00e6rke, der er kendt for at lave kvalitetsprodukter med et tidl\u00f8st design. Bordlampe Allegra har en garanti p\u00e5 12 m\u00e5neder, s\u00e5 du kan v\u00e6re sikker p\u00e5, at du f\u00e5r et godt produkt.<\/p>\n<p><\/p>\n<p>Leveringstid: Leveringstid 1 uge<br \/>\nStil: klassisk<br \/>\nMateriale: keramisk<br \/>\nFarve: gr\u00e5<br \/>\nLampestik: ikke inkluderet<br \/>\nUdvendige dimensioner: 25x38cm<br \/>\nFabrikant: ForrestDecor<br \/>\nMontage: leveres samlet<br \/>\nGaranti: 12 m\u00e5neder<\/p>\n","protected":false},"excerpt":{"rendered":"<p>Leder du efter en bordlampe, der kan skabe en hyggelig og klassisk stemning i dit hjem? S\u00e5 er bordlampe Allegra fra ForrestDecor et godt valg. Denne lampe har et smukt og elegant design med en keramisk fod i en gr\u00e5 farve, der passer til enhver indretning. Lampesk\u00e6rmen er lavet af hvidt stof, der giver et [&hellip;]<\/p>\n","protected":false},"featured_media":7330,"comment_status":"open","ping_status":"closed","template":"","meta":[],"product_brand":[],"product_cat":[166],"product_tag":[],"class_list":{"0":"post-7333","1":"product","2":"type-product","3":"status-publish","4":"has-post-thumbnail","6":"product_cat-desk-lamps","8":"first","9":"instock","10":"shipping-taxable","11":"purchasable","12":"product-type-simple"},"yoast_head":"<!-- This site is optimized with the Yoast SEO plugin v24.8.1 - https:\/\/yoast.com\/wordpress\/plugins\/seo\/ -->\n<title>Bordlampe Allegra 25x38cm gr\u00e5 - LASTCHANCE Deals | Danmark<\/title>\n<meta name=\"robots\" content=\"index, follow, max-snippet:-1, max-image-preview:large, max-video-preview:-1\" \/>\n<link rel=\"canonical\" href=\"https:\/\/last-chance.dk\/?product=bordlampe-allegra-25x38cm-graa\" \/>\n<meta property=\"og:locale\" content=\"da_DK\" \/>\n<meta property=\"og:type\" content=\"article\" \/>\n<meta property=\"og:title\" content=\"Bordlampe Allegra 25x38cm gr\u00e5 - LASTCHANCE Deals | Danmark\" \/>\n<meta property=\"og:description\" content=\"Leder du efter en bordlampe, der kan skabe en hyggelig og klassisk stemning i dit hjem? S\u00e5 er bordlampe Allegra fra ForrestDecor et godt valg. Denne lampe har et smukt og elegant design med en keramisk fod i en gr\u00e5 farve, der passer til enhver indretning. Lampesk\u00e6rmen er lavet af hvidt stof, der giver et [&hellip;]\" \/>\n<meta property=\"og:url\" content=\"https:\/\/last-chance.dk\/?product=bordlampe-allegra-25x38cm-graa\" \/>\n<meta property=\"og:site_name\" content=\"LASTCHANCE Deals | Danmark\" \/>\n<meta property=\"article:modified_time\" content=\"2025-10-13T11:50:24+00:00\" \/>\n<meta property=\"og:image\" content=\"https:\/\/last-chance.dk\/wp-content\/uploads\/2023\/11\/allegra2.jpg\" \/>\n\t<meta property=\"og:image:width\" content=\"800\" \/>\n\t<meta property=\"og:image:height\" content=\"800\" \/>\n\t<meta property=\"og:image:type\" content=\"image\/jpeg\" \/>\n<meta name=\"twitter:card\" content=\"summary_large_image\" \/>\n<meta name=\"twitter:label1\" content=\"Estimeret l\u00e6setid\" \/>\n\t<meta name=\"twitter:data1\" content=\"1 minut\" \/>\n<script type=\"application\/ld+json\" class=\"yoast-schema-graph\">{\"@context\":\"https:\/\/schema.org\",\"@graph\":[{\"@type\":\"WebPage\",\"@id\":\"https:\/\/last-chance.dk\/?product=bordlampe-allegra-25x38cm-graa\",\"url\":\"https:\/\/last-chance.dk\/?product=bordlampe-allegra-25x38cm-graa\",\"name\":\"Bordlampe Allegra 25x38cm gr\u00e5 - LASTCHANCE Deals | Danmark\",\"isPartOf\":{\"@id\":\"https:\/\/last-chance.dk\/#website\"},\"primaryImageOfPage\":{\"@id\":\"https:\/\/last-chance.dk\/?product=bordlampe-allegra-25x38cm-graa#primaryimage\"},\"image\":{\"@id\":\"https:\/\/last-chance.dk\/?product=bordlampe-allegra-25x38cm-graa#primaryimage\"},\"thumbnailUrl\":\"https:\/\/last-chance.dk\/wp-content\/uploads\/2023\/11\/allegra2.jpg\",\"datePublished\":\"2023-11-06T13:39:17+00:00\",\"dateModified\":\"2025-10-13T11:50:24+00:00\",\"breadcrumb\":{\"@id\":\"https:\/\/last-chance.dk\/?product=bordlampe-allegra-25x38cm-graa#breadcrumb\"},\"inLanguage\":\"da-DK\",\"potentialAction\":[{\"@type\":\"ReadAction\",\"target\":[\"https:\/\/last-chance.dk\/?product=bordlampe-allegra-25x38cm-graa\"]}]},{\"@type\":\"ImageObject\",\"inLanguage\":\"da-DK\",\"@id\":\"https:\/\/last-chance.dk\/?product=bordlampe-allegra-25x38cm-graa#primaryimage\",\"url\":\"https:\/\/last-chance.dk\/wp-content\/uploads\/2023\/11\/allegra2.jpg\",\"contentUrl\":\"https:\/\/last-chance.dk\/wp-content\/uploads\/2023\/11\/allegra2.jpg\",\"width\":800,\"height\":800},{\"@type\":\"BreadcrumbList\",\"@id\":\"https:\/\/last-chance.dk\/?product=bordlampe-allegra-25x38cm-graa#breadcrumb\",\"itemListElement\":[{\"@type\":\"ListItem\",\"position\":1,\"name\":\"Home\",\"item\":\"https:\/\/last-chance.dk\/\"},{\"@type\":\"ListItem\",\"position\":2,\"name\":\"Bordlampe Allegra 25x38cm gr\u00e5\"}]},{\"@type\":\"WebSite\",\"@id\":\"https:\/\/last-chance.dk\/#website\",\"url\":\"https:\/\/last-chance.dk\/\",\"name\":\"LASTCHANCE Deals | Danmark\",\"description\":\"LASTCHANCE Deals | Danmark\",\"publisher\":{\"@id\":\"https:\/\/last-chance.dk\/#organization\"},\"potentialAction\":[{\"@type\":\"SearchAction\",\"target\":{\"@type\":\"EntryPoint\",\"urlTemplate\":\"https:\/\/last-chance.dk\/?s={search_term_string}\"},\"query-input\":{\"@type\":\"PropertyValueSpecification\",\"valueRequired\":true,\"valueName\":\"search_term_string\"}}],\"inLanguage\":\"da-DK\"},{\"@type\":\"Organization\",\"@id\":\"https:\/\/last-chance.dk\/#organization\",\"name\":\"LASTCHANCE Deals | Danmark\",\"url\":\"https:\/\/last-chance.dk\/\",\"logo\":{\"@type\":\"ImageObject\",\"inLanguage\":\"da-DK\",\"@id\":\"https:\/\/last-chance.dk\/#\/schema\/logo\/image\/\",\"url\":\"https:\/\/last-chance.dk\/wp-content\/uploads\/2023\/10\/lastchancedeals_logo_dk_white.png\",\"contentUrl\":\"https:\/\/last-chance.dk\/wp-content\/uploads\/2023\/10\/lastchancedeals_logo_dk_white.png\",\"width\":470,\"height\":110,\"caption\":\"LASTCHANCE Deals | Danmark\"},\"image\":{\"@id\":\"https:\/\/last-chance.dk\/#\/schema\/logo\/image\/\"}}]}<\/script>\n<!-- \/ Yoast SEO plugin. -->","yoast_head_json":{"title":"Bordlampe Allegra 25x38cm gr\u00e5 - LASTCHANCE Deals | Danmark","robots":{"index":"index","follow":"follow","max-snippet":"max-snippet:-1","max-image-preview":"max-image-preview:large","max-video-preview":"max-video-preview:-1"},"canonical":"https:\/\/last-chance.dk\/?product=bordlampe-allegra-25x38cm-graa","og_locale":"da_DK","og_type":"article","og_title":"Bordlampe Allegra 25x38cm gr\u00e5 - LASTCHANCE Deals | Danmark","og_description":"Leder du efter en bordlampe, der kan skabe en hyggelig og klassisk stemning i dit hjem? S\u00e5 er bordlampe Allegra fra ForrestDecor et godt valg. Denne lampe har et smukt og elegant design med en keramisk fod i en gr\u00e5 farve, der passer til enhver indretning. Lampesk\u00e6rmen er lavet af hvidt stof, der giver et [&hellip;]","og_url":"https:\/\/last-chance.dk\/?product=bordlampe-allegra-25x38cm-graa","og_site_name":"LASTCHANCE Deals | Danmark","article_modified_time":"2025-10-13T11:50:24+00:00","og_image":[{"width":800,"height":800,"url":"https:\/\/last-chance.dk\/wp-content\/uploads\/2023\/11\/allegra2.jpg","type":"image\/jpeg"}],"twitter_card":"summary_large_image","twitter_misc":{"Estimeret l\u00e6setid":"1 minut"},"schema":{"@context":"https:\/\/schema.org","@graph":[{"@type":"WebPage","@id":"https:\/\/last-chance.dk\/?product=bordlampe-allegra-25x38cm-graa","url":"https:\/\/last-chance.dk\/?product=bordlampe-allegra-25x38cm-graa","name":"Bordlampe Allegra 25x38cm gr\u00e5 - LASTCHANCE Deals | Danmark","isPartOf":{"@id":"https:\/\/last-chance.dk\/#website"},"primaryImageOfPage":{"@id":"https:\/\/last-chance.dk\/?product=bordlampe-allegra-25x38cm-graa#primaryimage"},"image":{"@id":"https:\/\/last-chance.dk\/?product=bordlampe-allegra-25x38cm-graa#primaryimage"},"thumbnailUrl":"https:\/\/last-chance.dk\/wp-content\/uploads\/2023\/11\/allegra2.jpg","datePublished":"2023-11-06T13:39:17+00:00","dateModified":"2025-10-13T11:50:24+00:00","breadcrumb":{"@id":"https:\/\/last-chance.dk\/?product=bordlampe-allegra-25x38cm-graa#breadcrumb"},"inLanguage":"da-DK","potentialAction":[{"@type":"ReadAction","target":["https:\/\/last-chance.dk\/?product=bordlampe-allegra-25x38cm-graa"]}]},{"@type":"ImageObject","inLanguage":"da-DK","@id":"https:\/\/last-chance.dk\/?product=bordlampe-allegra-25x38cm-graa#primaryimage","url":"https:\/\/last-chance.dk\/wp-content\/uploads\/2023\/11\/allegra2.jpg","contentUrl":"https:\/\/last-chance.dk\/wp-content\/uploads\/2023\/11\/allegra2.jpg","width":800,"height":800},{"@type":"BreadcrumbList","@id":"https:\/\/last-chance.dk\/?product=bordlampe-allegra-25x38cm-graa#breadcrumb","itemListElement":[{"@type":"ListItem","position":1,"name":"Home","item":"https:\/\/last-chance.dk\/"},{"@type":"ListItem","position":2,"name":"Bordlampe Allegra 25x38cm gr\u00e5"}]},{"@type":"WebSite","@id":"https:\/\/last-chance.dk\/#website","url":"https:\/\/last-chance.dk\/","name":"LASTCHANCE Deals | Danmark","description":"LASTCHANCE Deals | Danmark","publisher":{"@id":"https:\/\/last-chance.dk\/#organization"},"potentialAction":[{"@type":"SearchAction","target":{"@type":"EntryPoint","urlTemplate":"https:\/\/last-chance.dk\/?s={search_term_string}"},"query-input":{"@type":"PropertyValueSpecification","valueRequired":true,"valueName":"search_term_string"}}],"inLanguage":"da-DK"},{"@type":"Organization","@id":"https:\/\/last-chance.dk\/#organization","name":"LASTCHANCE Deals | Danmark","url":"https:\/\/last-chance.dk\/","logo":{"@type":"ImageObject","inLanguage":"da-DK","@id":"https:\/\/last-chance.dk\/#\/schema\/logo\/image\/","url":"https:\/\/last-chance.dk\/wp-content\/uploads\/2023\/10\/lastchancedeals_logo_dk_white.png","contentUrl":"https:\/\/last-chance.dk\/wp-content\/uploads\/2023\/10\/lastchancedeals_logo_dk_white.png","width":470,"height":110,"caption":"LASTCHANCE Deals | Danmark"},"image":{"@id":"https:\/\/last-chance.dk\/#\/schema\/logo\/image\/"}}]}},"_links":{"self":[{"href":"https:\/\/last-chance.dk\/index.php?rest_route=\/wp\/v2\/product\/7333","targetHints":{"allow":["GET"]}}],"collection":[{"href":"https:\/\/last-chance.dk\/index.php?rest_route=\/wp\/v2\/product"}],"about":[{"href":"https:\/\/last-chance.dk\/index.php?rest_route=\/wp\/v2\/types\/product"}],"replies":[{"embeddable":true,"href":"https:\/\/last-chance.dk\/index.php?rest_route=%2Fwp%2Fv2%2Fcomments&post=7333"}],"wp:featuredmedia":[{"embeddable":true,"href":"https:\/\/last-chance.dk\/index.php?rest_route=\/wp\/v2\/media\/7330"}],"wp:attachment":[{"href":"https:\/\/last-chance.dk\/index.php?rest_route=%2Fwp%2Fv2%2Fmedia&parent=7333"}],"wp:term":[{"taxonomy":"product_brand","embeddable":true,"href":"https:\/\/last-chance.dk\/index.php?rest_route=%2Fwp%2Fv2%2Fproduct_brand&post=7333"},{"taxonomy":"product_cat","embeddable":true,"href":"https:\/\/last-chance.dk\/index.php?rest_route=%2Fwp%2Fv2%2Fproduct_cat&post=7333"},{"taxonomy":"product_tag","embeddable":true,"href":"https:\/\/last-chance.dk\/index.php?rest_route=%2Fwp%2Fv2%2Fproduct_tag&post=7333"}],"curies":[{"name":"wp","href":"https:\/\/api.w.org\/{rel}","templated":true}]}}