{"id":7336,"date":"2023-11-06T13:39:36","date_gmt":"2023-11-06T13:39:36","guid":{"rendered":"https:\/\/www.lastchance.deals\/dk\/tuote\/loftslampe-marit-30x90cm-hvid\/"},"modified":"2025-10-13T11:56:35","modified_gmt":"2025-10-13T11:56:35","slug":"loftslampe-marit-30x90cm-hvid","status":"publish","type":"product","link":"https:\/\/last-chance.dk\/?product=loftslampe-marit-30x90cm-hvid","title":{"rendered":"Loftslampe Marit 30x90cm hvid"},"content":{"rendered":"<p>Er du p\u00e5 udkig efter en klassisk og elegant loftslampe til dit hjem? S\u00e5 er loftslampen Marit fra ForrestDecor et godt valg. Denne smukke lampe er lavet af glas og metal i en hvid farve, der passer til enhver indretning. Lampen har en rund form og en diameter p\u00e5 30 cm, samt en h\u00f8jde p\u00e5 90 cm. Den giver et behageligt og hyggeligt lys i rummet, og kan bruges i stuen, sovev\u00e6relset, k\u00f8kkenet eller gangen. Loftslampen Marit skal samles f\u00f8r brug, men det er nemt og hurtigt at g\u00f8re. Du f\u00e5r ogs\u00e5 12 m\u00e5neders garanti p\u00e5 lampen, s\u00e5 du kan v\u00e6re sikker p\u00e5 dens kvalitet og holdbarhed. Bestil din loftslampe Marit i dag og nyd dens sk\u00f8nhed og funktionalitet i dit hjem.<\/p>\n<p><\/p>\n<p>Leveringstid: Leveringstid 1 uge<br \/>\nStil: klassisk<br \/>\nMateriale: glas,metal<br \/>\nFarve: hvid<br \/>\nLampefatning: E27<br \/>\nLampestik: ikke inkluderet<br \/>\nUdvendige dimensioner: 30x90cm<br \/>\nFabrikant: ForrestDecor<br \/>\nMontage: skal samles<br \/>\nGaranti: 12 m\u00e5neder<\/p>\n","protected":false},"excerpt":{"rendered":"<p>Er du p\u00e5 udkig efter en klassisk og elegant loftslampe til dit hjem? S\u00e5 er loftslampen Marit fra ForrestDecor et godt valg. Denne smukke lampe er lavet af glas og metal i en hvid farve, der passer til enhver indretning. Lampen har en rund form og en diameter p\u00e5 30 cm, samt en h\u00f8jde p\u00e5 [&hellip;]<\/p>\n","protected":false},"featured_media":7334,"comment_status":"open","ping_status":"closed","template":"","meta":[],"product_brand":[],"product_cat":[155],"product_tag":[],"class_list":{"0":"post-7336","1":"product","2":"type-product","3":"status-publish","4":"has-post-thumbnail","6":"product_cat-chandeliers","8":"first","9":"instock","10":"shipping-taxable","11":"purchasable","12":"product-type-simple"},"yoast_head":"<!-- This site is optimized with the Yoast SEO plugin v24.8.1 - https:\/\/yoast.com\/wordpress\/plugins\/seo\/ -->\n<title>Loftslampe Marit 30x90cm hvid - LASTCHANCE Deals | Danmark<\/title>\n<meta name=\"robots\" content=\"index, follow, max-snippet:-1, max-image-preview:large, max-video-preview:-1\" \/>\n<link rel=\"canonical\" href=\"https:\/\/last-chance.dk\/?product=loftslampe-marit-30x90cm-hvid\" \/>\n<meta property=\"og:locale\" content=\"da_DK\" \/>\n<meta property=\"og:type\" content=\"article\" \/>\n<meta property=\"og:title\" content=\"Loftslampe Marit 30x90cm hvid - LASTCHANCE Deals | Danmark\" \/>\n<meta property=\"og:description\" content=\"Er du p\u00e5 udkig efter en klassisk og elegant loftslampe til dit hjem? S\u00e5 er loftslampen Marit fra ForrestDecor et godt valg. Denne smukke lampe er lavet af glas og metal i en hvid farve, der passer til enhver indretning. Lampen har en rund form og en diameter p\u00e5 30 cm, samt en h\u00f8jde p\u00e5 [&hellip;]\" \/>\n<meta property=\"og:url\" content=\"https:\/\/last-chance.dk\/?product=loftslampe-marit-30x90cm-hvid\" \/>\n<meta property=\"og:site_name\" content=\"LASTCHANCE Deals | Danmark\" \/>\n<meta property=\"article:modified_time\" content=\"2025-10-13T11:56:35+00:00\" \/>\n<meta property=\"og:image\" content=\"https:\/\/last-chance.dk\/wp-content\/uploads\/2023\/11\/marit2.png\" \/>\n\t<meta property=\"og:image:width\" content=\"746\" \/>\n\t<meta property=\"og:image:height\" content=\"809\" \/>\n\t<meta property=\"og:image:type\" content=\"image\/png\" \/>\n<meta name=\"twitter:card\" content=\"summary_large_image\" \/>\n<meta name=\"twitter:label1\" content=\"Estimeret l\u00e6setid\" \/>\n\t<meta name=\"twitter:data1\" content=\"1 minut\" \/>\n<script type=\"application\/ld+json\" class=\"yoast-schema-graph\">{\"@context\":\"https:\/\/schema.org\",\"@graph\":[{\"@type\":\"WebPage\",\"@id\":\"https:\/\/last-chance.dk\/?product=loftslampe-marit-30x90cm-hvid\",\"url\":\"https:\/\/last-chance.dk\/?product=loftslampe-marit-30x90cm-hvid\",\"name\":\"Loftslampe Marit 30x90cm hvid - LASTCHANCE Deals | Danmark\",\"isPartOf\":{\"@id\":\"https:\/\/last-chance.dk\/#website\"},\"primaryImageOfPage\":{\"@id\":\"https:\/\/last-chance.dk\/?product=loftslampe-marit-30x90cm-hvid#primaryimage\"},\"image\":{\"@id\":\"https:\/\/last-chance.dk\/?product=loftslampe-marit-30x90cm-hvid#primaryimage\"},\"thumbnailUrl\":\"https:\/\/last-chance.dk\/wp-content\/uploads\/2023\/11\/marit2.png\",\"datePublished\":\"2023-11-06T13:39:36+00:00\",\"dateModified\":\"2025-10-13T11:56:35+00:00\",\"breadcrumb\":{\"@id\":\"https:\/\/last-chance.dk\/?product=loftslampe-marit-30x90cm-hvid#breadcrumb\"},\"inLanguage\":\"da-DK\",\"potentialAction\":[{\"@type\":\"ReadAction\",\"target\":[\"https:\/\/last-chance.dk\/?product=loftslampe-marit-30x90cm-hvid\"]}]},{\"@type\":\"ImageObject\",\"inLanguage\":\"da-DK\",\"@id\":\"https:\/\/last-chance.dk\/?product=loftslampe-marit-30x90cm-hvid#primaryimage\",\"url\":\"https:\/\/last-chance.dk\/wp-content\/uploads\/2023\/11\/marit2.png\",\"contentUrl\":\"https:\/\/last-chance.dk\/wp-content\/uploads\/2023\/11\/marit2.png\",\"width\":746,\"height\":809},{\"@type\":\"BreadcrumbList\",\"@id\":\"https:\/\/last-chance.dk\/?product=loftslampe-marit-30x90cm-hvid#breadcrumb\",\"itemListElement\":[{\"@type\":\"ListItem\",\"position\":1,\"name\":\"Home\",\"item\":\"https:\/\/last-chance.dk\/\"},{\"@type\":\"ListItem\",\"position\":2,\"name\":\"Loftslampe Marit 30x90cm hvid\"}]},{\"@type\":\"WebSite\",\"@id\":\"https:\/\/last-chance.dk\/#website\",\"url\":\"https:\/\/last-chance.dk\/\",\"name\":\"LASTCHANCE Deals | Danmark\",\"description\":\"LASTCHANCE Deals | Danmark\",\"publisher\":{\"@id\":\"https:\/\/last-chance.dk\/#organization\"},\"potentialAction\":[{\"@type\":\"SearchAction\",\"target\":{\"@type\":\"EntryPoint\",\"urlTemplate\":\"https:\/\/last-chance.dk\/?s={search_term_string}\"},\"query-input\":{\"@type\":\"PropertyValueSpecification\",\"valueRequired\":true,\"valueName\":\"search_term_string\"}}],\"inLanguage\":\"da-DK\"},{\"@type\":\"Organization\",\"@id\":\"https:\/\/last-chance.dk\/#organization\",\"name\":\"LASTCHANCE Deals | Danmark\",\"url\":\"https:\/\/last-chance.dk\/\",\"logo\":{\"@type\":\"ImageObject\",\"inLanguage\":\"da-DK\",\"@id\":\"https:\/\/last-chance.dk\/#\/schema\/logo\/image\/\",\"url\":\"https:\/\/last-chance.dk\/wp-content\/uploads\/2023\/10\/lastchancedeals_logo_dk_white.png\",\"contentUrl\":\"https:\/\/last-chance.dk\/wp-content\/uploads\/2023\/10\/lastchancedeals_logo_dk_white.png\",\"width\":470,\"height\":110,\"caption\":\"LASTCHANCE Deals | Danmark\"},\"image\":{\"@id\":\"https:\/\/last-chance.dk\/#\/schema\/logo\/image\/\"}}]}<\/script>\n<!-- \/ Yoast SEO plugin. -->","yoast_head_json":{"title":"Loftslampe Marit 30x90cm hvid - LASTCHANCE Deals | Danmark","robots":{"index":"index","follow":"follow","max-snippet":"max-snippet:-1","max-image-preview":"max-image-preview:large","max-video-preview":"max-video-preview:-1"},"canonical":"https:\/\/last-chance.dk\/?product=loftslampe-marit-30x90cm-hvid","og_locale":"da_DK","og_type":"article","og_title":"Loftslampe Marit 30x90cm hvid - LASTCHANCE Deals | Danmark","og_description":"Er du p\u00e5 udkig efter en klassisk og elegant loftslampe til dit hjem? S\u00e5 er loftslampen Marit fra ForrestDecor et godt valg. Denne smukke lampe er lavet af glas og metal i en hvid farve, der passer til enhver indretning. Lampen har en rund form og en diameter p\u00e5 30 cm, samt en h\u00f8jde p\u00e5 [&hellip;]","og_url":"https:\/\/last-chance.dk\/?product=loftslampe-marit-30x90cm-hvid","og_site_name":"LASTCHANCE Deals | Danmark","article_modified_time":"2025-10-13T11:56:35+00:00","og_image":[{"width":746,"height":809,"url":"https:\/\/last-chance.dk\/wp-content\/uploads\/2023\/11\/marit2.png","type":"image\/png"}],"twitter_card":"summary_large_image","twitter_misc":{"Estimeret l\u00e6setid":"1 minut"},"schema":{"@context":"https:\/\/schema.org","@graph":[{"@type":"WebPage","@id":"https:\/\/last-chance.dk\/?product=loftslampe-marit-30x90cm-hvid","url":"https:\/\/last-chance.dk\/?product=loftslampe-marit-30x90cm-hvid","name":"Loftslampe Marit 30x90cm hvid - LASTCHANCE Deals | Danmark","isPartOf":{"@id":"https:\/\/last-chance.dk\/#website"},"primaryImageOfPage":{"@id":"https:\/\/last-chance.dk\/?product=loftslampe-marit-30x90cm-hvid#primaryimage"},"image":{"@id":"https:\/\/last-chance.dk\/?product=loftslampe-marit-30x90cm-hvid#primaryimage"},"thumbnailUrl":"https:\/\/last-chance.dk\/wp-content\/uploads\/2023\/11\/marit2.png","datePublished":"2023-11-06T13:39:36+00:00","dateModified":"2025-10-13T11:56:35+00:00","breadcrumb":{"@id":"https:\/\/last-chance.dk\/?product=loftslampe-marit-30x90cm-hvid#breadcrumb"},"inLanguage":"da-DK","potentialAction":[{"@type":"ReadAction","target":["https:\/\/last-chance.dk\/?product=loftslampe-marit-30x90cm-hvid"]}]},{"@type":"ImageObject","inLanguage":"da-DK","@id":"https:\/\/last-chance.dk\/?product=loftslampe-marit-30x90cm-hvid#primaryimage","url":"https:\/\/last-chance.dk\/wp-content\/uploads\/2023\/11\/marit2.png","contentUrl":"https:\/\/last-chance.dk\/wp-content\/uploads\/2023\/11\/marit2.png","width":746,"height":809},{"@type":"BreadcrumbList","@id":"https:\/\/last-chance.dk\/?product=loftslampe-marit-30x90cm-hvid#breadcrumb","itemListElement":[{"@type":"ListItem","position":1,"name":"Home","item":"https:\/\/last-chance.dk\/"},{"@type":"ListItem","position":2,"name":"Loftslampe Marit 30x90cm hvid"}]},{"@type":"WebSite","@id":"https:\/\/last-chance.dk\/#website","url":"https:\/\/last-chance.dk\/","name":"LASTCHANCE Deals | Danmark","description":"LASTCHANCE Deals | Danmark","publisher":{"@id":"https:\/\/last-chance.dk\/#organization"},"potentialAction":[{"@type":"SearchAction","target":{"@type":"EntryPoint","urlTemplate":"https:\/\/last-chance.dk\/?s={search_term_string}"},"query-input":{"@type":"PropertyValueSpecification","valueRequired":true,"valueName":"search_term_string"}}],"inLanguage":"da-DK"},{"@type":"Organization","@id":"https:\/\/last-chance.dk\/#organization","name":"LASTCHANCE Deals | Danmark","url":"https:\/\/last-chance.dk\/","logo":{"@type":"ImageObject","inLanguage":"da-DK","@id":"https:\/\/last-chance.dk\/#\/schema\/logo\/image\/","url":"https:\/\/last-chance.dk\/wp-content\/uploads\/2023\/10\/lastchancedeals_logo_dk_white.png","contentUrl":"https:\/\/last-chance.dk\/wp-content\/uploads\/2023\/10\/lastchancedeals_logo_dk_white.png","width":470,"height":110,"caption":"LASTCHANCE Deals | Danmark"},"image":{"@id":"https:\/\/last-chance.dk\/#\/schema\/logo\/image\/"}}]}},"_links":{"self":[{"href":"https:\/\/last-chance.dk\/index.php?rest_route=\/wp\/v2\/product\/7336","targetHints":{"allow":["GET"]}}],"collection":[{"href":"https:\/\/last-chance.dk\/index.php?rest_route=\/wp\/v2\/product"}],"about":[{"href":"https:\/\/last-chance.dk\/index.php?rest_route=\/wp\/v2\/types\/product"}],"replies":[{"embeddable":true,"href":"https:\/\/last-chance.dk\/index.php?rest_route=%2Fwp%2Fv2%2Fcomments&post=7336"}],"wp:featuredmedia":[{"embeddable":true,"href":"https:\/\/last-chance.dk\/index.php?rest_route=\/wp\/v2\/media\/7334"}],"wp:attachment":[{"href":"https:\/\/last-chance.dk\/index.php?rest_route=%2Fwp%2Fv2%2Fmedia&parent=7336"}],"wp:term":[{"taxonomy":"product_brand","embeddable":true,"href":"https:\/\/last-chance.dk\/index.php?rest_route=%2Fwp%2Fv2%2Fproduct_brand&post=7336"},{"taxonomy":"product_cat","embeddable":true,"href":"https:\/\/last-chance.dk\/index.php?rest_route=%2Fwp%2Fv2%2Fproduct_cat&post=7336"},{"taxonomy":"product_tag","embeddable":true,"href":"https:\/\/last-chance.dk\/index.php?rest_route=%2Fwp%2Fv2%2Fproduct_tag&post=7336"}],"curies":[{"name":"wp","href":"https:\/\/api.w.org\/{rel}","templated":true}]}}