{"id":7394,"date":"2023-11-06T13:42:36","date_gmt":"2023-11-06T13:42:36","guid":{"rendered":"https:\/\/www.lastchance.deals\/dk\/tuote\/taeppe-danica-140x200cm\/"},"modified":"2025-09-19T18:43:09","modified_gmt":"2025-09-19T18:43:09","slug":"taeppe-danica-140x200cm","status":"publish","type":"product","link":"https:\/\/last-chance.dk\/?product=taeppe-danica-140x200cm","title":{"rendered":"T\u00e6ppe Danica 140x200cm"},"content":{"rendered":"<p>Er du p\u00e5 udkig efter et smukt og behageligt t\u00e6ppe til dit hjem? S\u00e5 er t\u00e6ppet Danica 140x200cm det perfekte valg for dig. Dette t\u00e6ppe har en klassisk stil, der passer til enhver indretning. Det er lavet af polyester, et slidst\u00e6rkt og allergivenligt materiale, der er nemt at reng\u00f8re. T\u00e6ppet har en bl\u00f8d og varm overflade, der inviterer til hygge og afslapning. Farven p\u00e5 t\u00e6ppet er ikke angivet, s\u00e5 du kan selv v\u00e6lge den nuance, der passer bedst til dit rum. T\u00e6ppet har en st\u00f8rrelse p\u00e5 140x200cm, hvilket g\u00f8r det ideelt til b\u00e5de stue, sovev\u00e6relse og kontor. T\u00e6ppet har en garanti p\u00e5 6 m\u00e5neder, s\u00e5 du kan v\u00e6re sikker p\u00e5 dets kvalitet. T\u00e6ppet er produceret af ForrestDecor, et firma med mange \u00e5rs erfaring i at skabe smukke og funktionelle tekstiler til hjemmet. Bestil dit t\u00e6ppe Danica 140x200cm i dag og nyd dets komfort og elegance i dit hjem.<\/p>\n<p><\/p>\n<p>Leveringstid: Leveringstid 1 uge<br \/>\nStil: klassisk<br \/>\nMateriale: polyester<br \/>\nFarve: ikke angivet<br \/>\nUdvendige dimensioner: 140x200cm<br \/>\nGaranti: 6 m\u00e5neder<br \/>\nFabrikant: ForrestDecor<\/p>\n","protected":false},"excerpt":{"rendered":"<p>Er du p\u00e5 udkig efter et smukt og behageligt t\u00e6ppe til dit hjem? S\u00e5 er t\u00e6ppet Danica 140x200cm det perfekte valg for dig. Dette t\u00e6ppe har en klassisk stil, der passer til enhver indretning. Det er lavet af polyester, et slidst\u00e6rkt og allergivenligt materiale, der er nemt at reng\u00f8re. T\u00e6ppet har en bl\u00f8d og varm [&hellip;]<\/p>\n","protected":false},"featured_media":7393,"comment_status":"open","ping_status":"closed","template":"","meta":[],"product_brand":[],"product_cat":[167],"product_tag":[],"class_list":{"0":"post-7394","1":"product","2":"type-product","3":"status-publish","4":"has-post-thumbnail","6":"product_cat-mattor","8":"first","9":"instock","10":"shipping-taxable","11":"purchasable","12":"product-type-simple"},"yoast_head":"<!-- This site is optimized with the Yoast SEO plugin v24.8.1 - https:\/\/yoast.com\/wordpress\/plugins\/seo\/ -->\n<title>T\u00e6ppe Danica 140x200cm - LASTCHANCE Deals | Danmark<\/title>\n<meta name=\"robots\" content=\"index, follow, max-snippet:-1, max-image-preview:large, max-video-preview:-1\" \/>\n<link rel=\"canonical\" href=\"https:\/\/last-chance.dk\/?product=taeppe-danica-140x200cm\" \/>\n<meta property=\"og:locale\" content=\"da_DK\" \/>\n<meta property=\"og:type\" content=\"article\" \/>\n<meta property=\"og:title\" content=\"T\u00e6ppe Danica 140x200cm - LASTCHANCE Deals | Danmark\" \/>\n<meta property=\"og:description\" content=\"Er du p\u00e5 udkig efter et smukt og behageligt t\u00e6ppe til dit hjem? S\u00e5 er t\u00e6ppet Danica 140x200cm det perfekte valg for dig. Dette t\u00e6ppe har en klassisk stil, der passer til enhver indretning. Det er lavet af polyester, et slidst\u00e6rkt og allergivenligt materiale, der er nemt at reng\u00f8re. T\u00e6ppet har en bl\u00f8d og varm [&hellip;]\" \/>\n<meta property=\"og:url\" content=\"https:\/\/last-chance.dk\/?product=taeppe-danica-140x200cm\" \/>\n<meta property=\"og:site_name\" content=\"LASTCHANCE Deals | Danmark\" \/>\n<meta property=\"article:modified_time\" content=\"2025-09-19T18:43:09+00:00\" \/>\n<meta property=\"og:image\" content=\"https:\/\/last-chance.dk\/wp-content\/uploads\/2023\/11\/danica.jpg\" \/>\n\t<meta property=\"og:image:width\" content=\"800\" \/>\n\t<meta property=\"og:image:height\" content=\"800\" \/>\n\t<meta property=\"og:image:type\" content=\"image\/jpeg\" \/>\n<meta name=\"twitter:card\" content=\"summary_large_image\" \/>\n<meta name=\"twitter:label1\" content=\"Estimeret l\u00e6setid\" \/>\n\t<meta name=\"twitter:data1\" content=\"1 minut\" \/>\n<script type=\"application\/ld+json\" class=\"yoast-schema-graph\">{\"@context\":\"https:\/\/schema.org\",\"@graph\":[{\"@type\":\"WebPage\",\"@id\":\"https:\/\/last-chance.dk\/?product=taeppe-danica-140x200cm\",\"url\":\"https:\/\/last-chance.dk\/?product=taeppe-danica-140x200cm\",\"name\":\"T\u00e6ppe Danica 140x200cm - LASTCHANCE Deals | Danmark\",\"isPartOf\":{\"@id\":\"https:\/\/last-chance.dk\/#website\"},\"primaryImageOfPage\":{\"@id\":\"https:\/\/last-chance.dk\/?product=taeppe-danica-140x200cm#primaryimage\"},\"image\":{\"@id\":\"https:\/\/last-chance.dk\/?product=taeppe-danica-140x200cm#primaryimage\"},\"thumbnailUrl\":\"https:\/\/last-chance.dk\/wp-content\/uploads\/2023\/11\/danica.jpg\",\"datePublished\":\"2023-11-06T13:42:36+00:00\",\"dateModified\":\"2025-09-19T18:43:09+00:00\",\"breadcrumb\":{\"@id\":\"https:\/\/last-chance.dk\/?product=taeppe-danica-140x200cm#breadcrumb\"},\"inLanguage\":\"da-DK\",\"potentialAction\":[{\"@type\":\"ReadAction\",\"target\":[\"https:\/\/last-chance.dk\/?product=taeppe-danica-140x200cm\"]}]},{\"@type\":\"ImageObject\",\"inLanguage\":\"da-DK\",\"@id\":\"https:\/\/last-chance.dk\/?product=taeppe-danica-140x200cm#primaryimage\",\"url\":\"https:\/\/last-chance.dk\/wp-content\/uploads\/2023\/11\/danica.jpg\",\"contentUrl\":\"https:\/\/last-chance.dk\/wp-content\/uploads\/2023\/11\/danica.jpg\",\"width\":800,\"height\":800},{\"@type\":\"BreadcrumbList\",\"@id\":\"https:\/\/last-chance.dk\/?product=taeppe-danica-140x200cm#breadcrumb\",\"itemListElement\":[{\"@type\":\"ListItem\",\"position\":1,\"name\":\"Home\",\"item\":\"https:\/\/last-chance.dk\/\"},{\"@type\":\"ListItem\",\"position\":2,\"name\":\"T\u00e6ppe Danica 140x200cm\"}]},{\"@type\":\"WebSite\",\"@id\":\"https:\/\/last-chance.dk\/#website\",\"url\":\"https:\/\/last-chance.dk\/\",\"name\":\"LASTCHANCE Deals | Danmark\",\"description\":\"LASTCHANCE Deals | Danmark\",\"publisher\":{\"@id\":\"https:\/\/last-chance.dk\/#organization\"},\"potentialAction\":[{\"@type\":\"SearchAction\",\"target\":{\"@type\":\"EntryPoint\",\"urlTemplate\":\"https:\/\/last-chance.dk\/?s={search_term_string}\"},\"query-input\":{\"@type\":\"PropertyValueSpecification\",\"valueRequired\":true,\"valueName\":\"search_term_string\"}}],\"inLanguage\":\"da-DK\"},{\"@type\":\"Organization\",\"@id\":\"https:\/\/last-chance.dk\/#organization\",\"name\":\"LASTCHANCE Deals | Danmark\",\"url\":\"https:\/\/last-chance.dk\/\",\"logo\":{\"@type\":\"ImageObject\",\"inLanguage\":\"da-DK\",\"@id\":\"https:\/\/last-chance.dk\/#\/schema\/logo\/image\/\",\"url\":\"https:\/\/last-chance.dk\/wp-content\/uploads\/2023\/10\/lastchancedeals_logo_dk_white.png\",\"contentUrl\":\"https:\/\/last-chance.dk\/wp-content\/uploads\/2023\/10\/lastchancedeals_logo_dk_white.png\",\"width\":470,\"height\":110,\"caption\":\"LASTCHANCE Deals | Danmark\"},\"image\":{\"@id\":\"https:\/\/last-chance.dk\/#\/schema\/logo\/image\/\"}}]}<\/script>\n<!-- \/ Yoast SEO plugin. -->","yoast_head_json":{"title":"T\u00e6ppe Danica 140x200cm - LASTCHANCE Deals | Danmark","robots":{"index":"index","follow":"follow","max-snippet":"max-snippet:-1","max-image-preview":"max-image-preview:large","max-video-preview":"max-video-preview:-1"},"canonical":"https:\/\/last-chance.dk\/?product=taeppe-danica-140x200cm","og_locale":"da_DK","og_type":"article","og_title":"T\u00e6ppe Danica 140x200cm - LASTCHANCE Deals | Danmark","og_description":"Er du p\u00e5 udkig efter et smukt og behageligt t\u00e6ppe til dit hjem? S\u00e5 er t\u00e6ppet Danica 140x200cm det perfekte valg for dig. Dette t\u00e6ppe har en klassisk stil, der passer til enhver indretning. Det er lavet af polyester, et slidst\u00e6rkt og allergivenligt materiale, der er nemt at reng\u00f8re. T\u00e6ppet har en bl\u00f8d og varm [&hellip;]","og_url":"https:\/\/last-chance.dk\/?product=taeppe-danica-140x200cm","og_site_name":"LASTCHANCE Deals | Danmark","article_modified_time":"2025-09-19T18:43:09+00:00","og_image":[{"width":800,"height":800,"url":"https:\/\/last-chance.dk\/wp-content\/uploads\/2023\/11\/danica.jpg","type":"image\/jpeg"}],"twitter_card":"summary_large_image","twitter_misc":{"Estimeret l\u00e6setid":"1 minut"},"schema":{"@context":"https:\/\/schema.org","@graph":[{"@type":"WebPage","@id":"https:\/\/last-chance.dk\/?product=taeppe-danica-140x200cm","url":"https:\/\/last-chance.dk\/?product=taeppe-danica-140x200cm","name":"T\u00e6ppe Danica 140x200cm - LASTCHANCE Deals | Danmark","isPartOf":{"@id":"https:\/\/last-chance.dk\/#website"},"primaryImageOfPage":{"@id":"https:\/\/last-chance.dk\/?product=taeppe-danica-140x200cm#primaryimage"},"image":{"@id":"https:\/\/last-chance.dk\/?product=taeppe-danica-140x200cm#primaryimage"},"thumbnailUrl":"https:\/\/last-chance.dk\/wp-content\/uploads\/2023\/11\/danica.jpg","datePublished":"2023-11-06T13:42:36+00:00","dateModified":"2025-09-19T18:43:09+00:00","breadcrumb":{"@id":"https:\/\/last-chance.dk\/?product=taeppe-danica-140x200cm#breadcrumb"},"inLanguage":"da-DK","potentialAction":[{"@type":"ReadAction","target":["https:\/\/last-chance.dk\/?product=taeppe-danica-140x200cm"]}]},{"@type":"ImageObject","inLanguage":"da-DK","@id":"https:\/\/last-chance.dk\/?product=taeppe-danica-140x200cm#primaryimage","url":"https:\/\/last-chance.dk\/wp-content\/uploads\/2023\/11\/danica.jpg","contentUrl":"https:\/\/last-chance.dk\/wp-content\/uploads\/2023\/11\/danica.jpg","width":800,"height":800},{"@type":"BreadcrumbList","@id":"https:\/\/last-chance.dk\/?product=taeppe-danica-140x200cm#breadcrumb","itemListElement":[{"@type":"ListItem","position":1,"name":"Home","item":"https:\/\/last-chance.dk\/"},{"@type":"ListItem","position":2,"name":"T\u00e6ppe Danica 140x200cm"}]},{"@type":"WebSite","@id":"https:\/\/last-chance.dk\/#website","url":"https:\/\/last-chance.dk\/","name":"LASTCHANCE Deals | Danmark","description":"LASTCHANCE Deals | Danmark","publisher":{"@id":"https:\/\/last-chance.dk\/#organization"},"potentialAction":[{"@type":"SearchAction","target":{"@type":"EntryPoint","urlTemplate":"https:\/\/last-chance.dk\/?s={search_term_string}"},"query-input":{"@type":"PropertyValueSpecification","valueRequired":true,"valueName":"search_term_string"}}],"inLanguage":"da-DK"},{"@type":"Organization","@id":"https:\/\/last-chance.dk\/#organization","name":"LASTCHANCE Deals | Danmark","url":"https:\/\/last-chance.dk\/","logo":{"@type":"ImageObject","inLanguage":"da-DK","@id":"https:\/\/last-chance.dk\/#\/schema\/logo\/image\/","url":"https:\/\/last-chance.dk\/wp-content\/uploads\/2023\/10\/lastchancedeals_logo_dk_white.png","contentUrl":"https:\/\/last-chance.dk\/wp-content\/uploads\/2023\/10\/lastchancedeals_logo_dk_white.png","width":470,"height":110,"caption":"LASTCHANCE Deals | Danmark"},"image":{"@id":"https:\/\/last-chance.dk\/#\/schema\/logo\/image\/"}}]}},"_links":{"self":[{"href":"https:\/\/last-chance.dk\/index.php?rest_route=\/wp\/v2\/product\/7394","targetHints":{"allow":["GET"]}}],"collection":[{"href":"https:\/\/last-chance.dk\/index.php?rest_route=\/wp\/v2\/product"}],"about":[{"href":"https:\/\/last-chance.dk\/index.php?rest_route=\/wp\/v2\/types\/product"}],"replies":[{"embeddable":true,"href":"https:\/\/last-chance.dk\/index.php?rest_route=%2Fwp%2Fv2%2Fcomments&post=7394"}],"wp:featuredmedia":[{"embeddable":true,"href":"https:\/\/last-chance.dk\/index.php?rest_route=\/wp\/v2\/media\/7393"}],"wp:attachment":[{"href":"https:\/\/last-chance.dk\/index.php?rest_route=%2Fwp%2Fv2%2Fmedia&parent=7394"}],"wp:term":[{"taxonomy":"product_brand","embeddable":true,"href":"https:\/\/last-chance.dk\/index.php?rest_route=%2Fwp%2Fv2%2Fproduct_brand&post=7394"},{"taxonomy":"product_cat","embeddable":true,"href":"https:\/\/last-chance.dk\/index.php?rest_route=%2Fwp%2Fv2%2Fproduct_cat&post=7394"},{"taxonomy":"product_tag","embeddable":true,"href":"https:\/\/last-chance.dk\/index.php?rest_route=%2Fwp%2Fv2%2Fproduct_tag&post=7394"}],"curies":[{"name":"wp","href":"https:\/\/api.w.org\/{rel}","templated":true}]}}