{"id":7403,"date":"2023-11-06T13:42:52","date_gmt":"2023-11-06T13:42:52","guid":{"rendered":"https:\/\/www.lastchance.deals\/dk\/tuote\/taeppe-rima-200x300cm\/"},"modified":"2025-09-19T18:48:07","modified_gmt":"2025-09-19T18:48:07","slug":"taeppe-rima-200x300cm","status":"publish","type":"product","link":"https:\/\/last-chance.dk\/?product=taeppe-rima-200x300cm","title":{"rendered":"T\u00e6ppe Rima 200x300cm"},"content":{"rendered":"<p>Er du p\u00e5 udkig efter et smukt og behageligt t\u00e6ppe til dit hjem? S\u00e5 er t\u00e6ppet Rima fra ForrestDecor det perfekte valg for dig. Dette t\u00e6ppe har et klassisk design med elegante m\u00f8nstre og farver, der passer til enhver indretning. T\u00e6ppet er lavet af polyester, et slidst\u00e6rkt og bl\u00f8dt materiale, der er nemt at reng\u00f8re og vedligeholde. T\u00e6ppet har en stor st\u00f8rrelse p\u00e5 200x300cm, s\u00e5 det kan d\u00e6kke et stort omr\u00e5de i din stue, sovev\u00e6relse eller spisestue. T\u00e6ppet har ogs\u00e5 en garanti p\u00e5 6 m\u00e5neder, s\u00e5 du kan v\u00e6re sikker p\u00e5 dets kvalitet og holdbarhed. T\u00e6ppet Rima fra ForrestDecor er et fantastisk tilbeh\u00f8r til dit hjem, der vil skabe en hyggelig og varm atmosf\u00e6re. Bestil det i dag og nyd dets komfort og sk\u00f8nhed.<\/p>\n<p><\/p>\n<p>Leveringstid: Leveringstid 1 uge<br \/>\nStil: klassisk<br \/>\nMateriale: polyester<br \/>\nUdvendige dimensioner: 200x300cm<br \/>\nGaranti: 6 m\u00e5neder<br \/>\nFabrikant: ForrestDecor<\/p>\n","protected":false},"excerpt":{"rendered":"<p>Er du p\u00e5 udkig efter et smukt og behageligt t\u00e6ppe til dit hjem? S\u00e5 er t\u00e6ppet Rima fra ForrestDecor det perfekte valg for dig. Dette t\u00e6ppe har et klassisk design med elegante m\u00f8nstre og farver, der passer til enhver indretning. T\u00e6ppet er lavet af polyester, et slidst\u00e6rkt og bl\u00f8dt materiale, der er nemt at reng\u00f8re [&hellip;]<\/p>\n","protected":false},"featured_media":7395,"comment_status":"open","ping_status":"closed","template":"","meta":[],"product_brand":[],"product_cat":[167],"product_tag":[],"class_list":{"0":"post-7403","1":"product","2":"type-product","3":"status-publish","4":"has-post-thumbnail","6":"product_cat-mattor","8":"first","9":"instock","10":"shipping-taxable","11":"purchasable","12":"product-type-simple"},"yoast_head":"<!-- This site is optimized with the Yoast SEO plugin v24.8.1 - https:\/\/yoast.com\/wordpress\/plugins\/seo\/ -->\n<title>T\u00e6ppe Rima 200x300cm - LASTCHANCE Deals | Danmark<\/title>\n<meta name=\"robots\" content=\"index, follow, max-snippet:-1, max-image-preview:large, max-video-preview:-1\" \/>\n<link rel=\"canonical\" href=\"https:\/\/last-chance.dk\/?product=taeppe-rima-200x300cm\" \/>\n<meta property=\"og:locale\" content=\"da_DK\" \/>\n<meta property=\"og:type\" content=\"article\" \/>\n<meta property=\"og:title\" content=\"T\u00e6ppe Rima 200x300cm - LASTCHANCE Deals | Danmark\" \/>\n<meta property=\"og:description\" content=\"Er du p\u00e5 udkig efter et smukt og behageligt t\u00e6ppe til dit hjem? S\u00e5 er t\u00e6ppet Rima fra ForrestDecor det perfekte valg for dig. Dette t\u00e6ppe har et klassisk design med elegante m\u00f8nstre og farver, der passer til enhver indretning. T\u00e6ppet er lavet af polyester, et slidst\u00e6rkt og bl\u00f8dt materiale, der er nemt at reng\u00f8re [&hellip;]\" \/>\n<meta property=\"og:url\" content=\"https:\/\/last-chance.dk\/?product=taeppe-rima-200x300cm\" \/>\n<meta property=\"og:site_name\" content=\"LASTCHANCE Deals | Danmark\" \/>\n<meta property=\"article:modified_time\" content=\"2025-09-19T18:48:07+00:00\" \/>\n<meta property=\"og:image\" content=\"https:\/\/last-chance.dk\/wp-content\/uploads\/2023\/11\/rima_darkgray.jpg\" \/>\n\t<meta property=\"og:image:width\" content=\"800\" \/>\n\t<meta property=\"og:image:height\" content=\"800\" \/>\n\t<meta property=\"og:image:type\" content=\"image\/jpeg\" \/>\n<meta name=\"twitter:card\" content=\"summary_large_image\" \/>\n<meta name=\"twitter:label1\" content=\"Estimeret l\u00e6setid\" \/>\n\t<meta name=\"twitter:data1\" content=\"1 minut\" \/>\n<script type=\"application\/ld+json\" class=\"yoast-schema-graph\">{\"@context\":\"https:\/\/schema.org\",\"@graph\":[{\"@type\":\"WebPage\",\"@id\":\"https:\/\/last-chance.dk\/?product=taeppe-rima-200x300cm\",\"url\":\"https:\/\/last-chance.dk\/?product=taeppe-rima-200x300cm\",\"name\":\"T\u00e6ppe Rima 200x300cm - LASTCHANCE Deals | Danmark\",\"isPartOf\":{\"@id\":\"https:\/\/last-chance.dk\/#website\"},\"primaryImageOfPage\":{\"@id\":\"https:\/\/last-chance.dk\/?product=taeppe-rima-200x300cm#primaryimage\"},\"image\":{\"@id\":\"https:\/\/last-chance.dk\/?product=taeppe-rima-200x300cm#primaryimage\"},\"thumbnailUrl\":\"https:\/\/last-chance.dk\/wp-content\/uploads\/2023\/11\/rima_darkgray.jpg\",\"datePublished\":\"2023-11-06T13:42:52+00:00\",\"dateModified\":\"2025-09-19T18:48:07+00:00\",\"breadcrumb\":{\"@id\":\"https:\/\/last-chance.dk\/?product=taeppe-rima-200x300cm#breadcrumb\"},\"inLanguage\":\"da-DK\",\"potentialAction\":[{\"@type\":\"ReadAction\",\"target\":[\"https:\/\/last-chance.dk\/?product=taeppe-rima-200x300cm\"]}]},{\"@type\":\"ImageObject\",\"inLanguage\":\"da-DK\",\"@id\":\"https:\/\/last-chance.dk\/?product=taeppe-rima-200x300cm#primaryimage\",\"url\":\"https:\/\/last-chance.dk\/wp-content\/uploads\/2023\/11\/rima_darkgray.jpg\",\"contentUrl\":\"https:\/\/last-chance.dk\/wp-content\/uploads\/2023\/11\/rima_darkgray.jpg\",\"width\":800,\"height\":800},{\"@type\":\"BreadcrumbList\",\"@id\":\"https:\/\/last-chance.dk\/?product=taeppe-rima-200x300cm#breadcrumb\",\"itemListElement\":[{\"@type\":\"ListItem\",\"position\":1,\"name\":\"Home\",\"item\":\"https:\/\/last-chance.dk\/\"},{\"@type\":\"ListItem\",\"position\":2,\"name\":\"T\u00e6ppe Rima 200x300cm\"}]},{\"@type\":\"WebSite\",\"@id\":\"https:\/\/last-chance.dk\/#website\",\"url\":\"https:\/\/last-chance.dk\/\",\"name\":\"LASTCHANCE Deals | Danmark\",\"description\":\"LASTCHANCE Deals | Danmark\",\"publisher\":{\"@id\":\"https:\/\/last-chance.dk\/#organization\"},\"potentialAction\":[{\"@type\":\"SearchAction\",\"target\":{\"@type\":\"EntryPoint\",\"urlTemplate\":\"https:\/\/last-chance.dk\/?s={search_term_string}\"},\"query-input\":{\"@type\":\"PropertyValueSpecification\",\"valueRequired\":true,\"valueName\":\"search_term_string\"}}],\"inLanguage\":\"da-DK\"},{\"@type\":\"Organization\",\"@id\":\"https:\/\/last-chance.dk\/#organization\",\"name\":\"LASTCHANCE Deals | Danmark\",\"url\":\"https:\/\/last-chance.dk\/\",\"logo\":{\"@type\":\"ImageObject\",\"inLanguage\":\"da-DK\",\"@id\":\"https:\/\/last-chance.dk\/#\/schema\/logo\/image\/\",\"url\":\"https:\/\/last-chance.dk\/wp-content\/uploads\/2023\/10\/lastchancedeals_logo_dk_white.png\",\"contentUrl\":\"https:\/\/last-chance.dk\/wp-content\/uploads\/2023\/10\/lastchancedeals_logo_dk_white.png\",\"width\":470,\"height\":110,\"caption\":\"LASTCHANCE Deals | Danmark\"},\"image\":{\"@id\":\"https:\/\/last-chance.dk\/#\/schema\/logo\/image\/\"}}]}<\/script>\n<!-- \/ Yoast SEO plugin. -->","yoast_head_json":{"title":"T\u00e6ppe Rima 200x300cm - LASTCHANCE Deals | Danmark","robots":{"index":"index","follow":"follow","max-snippet":"max-snippet:-1","max-image-preview":"max-image-preview:large","max-video-preview":"max-video-preview:-1"},"canonical":"https:\/\/last-chance.dk\/?product=taeppe-rima-200x300cm","og_locale":"da_DK","og_type":"article","og_title":"T\u00e6ppe Rima 200x300cm - LASTCHANCE Deals | Danmark","og_description":"Er du p\u00e5 udkig efter et smukt og behageligt t\u00e6ppe til dit hjem? S\u00e5 er t\u00e6ppet Rima fra ForrestDecor det perfekte valg for dig. Dette t\u00e6ppe har et klassisk design med elegante m\u00f8nstre og farver, der passer til enhver indretning. T\u00e6ppet er lavet af polyester, et slidst\u00e6rkt og bl\u00f8dt materiale, der er nemt at reng\u00f8re [&hellip;]","og_url":"https:\/\/last-chance.dk\/?product=taeppe-rima-200x300cm","og_site_name":"LASTCHANCE Deals | Danmark","article_modified_time":"2025-09-19T18:48:07+00:00","og_image":[{"width":800,"height":800,"url":"https:\/\/last-chance.dk\/wp-content\/uploads\/2023\/11\/rima_darkgray.jpg","type":"image\/jpeg"}],"twitter_card":"summary_large_image","twitter_misc":{"Estimeret l\u00e6setid":"1 minut"},"schema":{"@context":"https:\/\/schema.org","@graph":[{"@type":"WebPage","@id":"https:\/\/last-chance.dk\/?product=taeppe-rima-200x300cm","url":"https:\/\/last-chance.dk\/?product=taeppe-rima-200x300cm","name":"T\u00e6ppe Rima 200x300cm - LASTCHANCE Deals | Danmark","isPartOf":{"@id":"https:\/\/last-chance.dk\/#website"},"primaryImageOfPage":{"@id":"https:\/\/last-chance.dk\/?product=taeppe-rima-200x300cm#primaryimage"},"image":{"@id":"https:\/\/last-chance.dk\/?product=taeppe-rima-200x300cm#primaryimage"},"thumbnailUrl":"https:\/\/last-chance.dk\/wp-content\/uploads\/2023\/11\/rima_darkgray.jpg","datePublished":"2023-11-06T13:42:52+00:00","dateModified":"2025-09-19T18:48:07+00:00","breadcrumb":{"@id":"https:\/\/last-chance.dk\/?product=taeppe-rima-200x300cm#breadcrumb"},"inLanguage":"da-DK","potentialAction":[{"@type":"ReadAction","target":["https:\/\/last-chance.dk\/?product=taeppe-rima-200x300cm"]}]},{"@type":"ImageObject","inLanguage":"da-DK","@id":"https:\/\/last-chance.dk\/?product=taeppe-rima-200x300cm#primaryimage","url":"https:\/\/last-chance.dk\/wp-content\/uploads\/2023\/11\/rima_darkgray.jpg","contentUrl":"https:\/\/last-chance.dk\/wp-content\/uploads\/2023\/11\/rima_darkgray.jpg","width":800,"height":800},{"@type":"BreadcrumbList","@id":"https:\/\/last-chance.dk\/?product=taeppe-rima-200x300cm#breadcrumb","itemListElement":[{"@type":"ListItem","position":1,"name":"Home","item":"https:\/\/last-chance.dk\/"},{"@type":"ListItem","position":2,"name":"T\u00e6ppe Rima 200x300cm"}]},{"@type":"WebSite","@id":"https:\/\/last-chance.dk\/#website","url":"https:\/\/last-chance.dk\/","name":"LASTCHANCE Deals | Danmark","description":"LASTCHANCE Deals | Danmark","publisher":{"@id":"https:\/\/last-chance.dk\/#organization"},"potentialAction":[{"@type":"SearchAction","target":{"@type":"EntryPoint","urlTemplate":"https:\/\/last-chance.dk\/?s={search_term_string}"},"query-input":{"@type":"PropertyValueSpecification","valueRequired":true,"valueName":"search_term_string"}}],"inLanguage":"da-DK"},{"@type":"Organization","@id":"https:\/\/last-chance.dk\/#organization","name":"LASTCHANCE Deals | Danmark","url":"https:\/\/last-chance.dk\/","logo":{"@type":"ImageObject","inLanguage":"da-DK","@id":"https:\/\/last-chance.dk\/#\/schema\/logo\/image\/","url":"https:\/\/last-chance.dk\/wp-content\/uploads\/2023\/10\/lastchancedeals_logo_dk_white.png","contentUrl":"https:\/\/last-chance.dk\/wp-content\/uploads\/2023\/10\/lastchancedeals_logo_dk_white.png","width":470,"height":110,"caption":"LASTCHANCE Deals | Danmark"},"image":{"@id":"https:\/\/last-chance.dk\/#\/schema\/logo\/image\/"}}]}},"_links":{"self":[{"href":"https:\/\/last-chance.dk\/index.php?rest_route=\/wp\/v2\/product\/7403","targetHints":{"allow":["GET"]}}],"collection":[{"href":"https:\/\/last-chance.dk\/index.php?rest_route=\/wp\/v2\/product"}],"about":[{"href":"https:\/\/last-chance.dk\/index.php?rest_route=\/wp\/v2\/types\/product"}],"replies":[{"embeddable":true,"href":"https:\/\/last-chance.dk\/index.php?rest_route=%2Fwp%2Fv2%2Fcomments&post=7403"}],"wp:featuredmedia":[{"embeddable":true,"href":"https:\/\/last-chance.dk\/index.php?rest_route=\/wp\/v2\/media\/7395"}],"wp:attachment":[{"href":"https:\/\/last-chance.dk\/index.php?rest_route=%2Fwp%2Fv2%2Fmedia&parent=7403"}],"wp:term":[{"taxonomy":"product_brand","embeddable":true,"href":"https:\/\/last-chance.dk\/index.php?rest_route=%2Fwp%2Fv2%2Fproduct_brand&post=7403"},{"taxonomy":"product_cat","embeddable":true,"href":"https:\/\/last-chance.dk\/index.php?rest_route=%2Fwp%2Fv2%2Fproduct_cat&post=7403"},{"taxonomy":"product_tag","embeddable":true,"href":"https:\/\/last-chance.dk\/index.php?rest_route=%2Fwp%2Fv2%2Fproduct_tag&post=7403"}],"curies":[{"name":"wp","href":"https:\/\/api.w.org\/{rel}","templated":true}]}}