{"id":7458,"date":"2023-11-06T13:45:31","date_gmt":"2023-11-06T13:45:31","guid":{"rendered":"https:\/\/www.lastchance.deals\/dk\/tuote\/taeppe-giorgio-160x230cm-hvid-graa\/"},"modified":"2025-09-19T18:44:26","modified_gmt":"2025-09-19T18:44:26","slug":"taeppe-giorgio-160x230cm-hvid-graa","status":"publish","type":"product","link":"https:\/\/last-chance.dk\/?product=taeppe-giorgio-160x230cm-hvid-graa","title":{"rendered":"T\u00e6ppe Giorgio 160x230cm hvid-gr\u00e5"},"content":{"rendered":"<p>Er du p\u00e5 udkig efter et moderne og elegant t\u00e6ppe til dit hjem? S\u00e5 er t\u00e6ppet Giorgio det perfekte valg for dig. T\u00e6ppet Giorgio er lavet af polyester, et bl\u00f8dt og slidst\u00e6rkt materiale, der er nemt at reng\u00f8re og vedligeholde. T\u00e6ppet har en smuk hvid-gr\u00e5 farve, der passer til enhver indretning og skaber en hyggelig atmosf\u00e6re i rummet. T\u00e6ppet har en st\u00f8rrelse p\u00e5 160x230cm, hvilket g\u00f8r det ideelt til at placere under sofaen, spisebordet eller sengen. T\u00e6ppet leveres samlet, s\u00e5 du kan nyde det med det samme. T\u00e6ppet Giorgio er produceret af ForrestDecor, et firma med mange \u00e5rs erfaring i at lave kvalitetsprodukter til hjemmet. Bestil dit t\u00e6ppe Giorgio i dag og giv dit hjem et nyt og friskt look.<\/p>\n<p><\/p>\n<p>Leveringstid: Leveringstid 1 uge<br \/>\nStil: moderne<br \/>\nMateriale: polyester<br \/>\nFarve: hvid-gr\u00e5<br \/>\nUdvendige dimensioner: 160x220cm<br \/>\nMontage: leveres samlet<br \/>\nFabrikant: ForrestDecor<\/p>\n","protected":false},"excerpt":{"rendered":"<p>Er du p\u00e5 udkig efter et moderne og elegant t\u00e6ppe til dit hjem? S\u00e5 er t\u00e6ppet Giorgio det perfekte valg for dig. T\u00e6ppet Giorgio er lavet af polyester, et bl\u00f8dt og slidst\u00e6rkt materiale, der er nemt at reng\u00f8re og vedligeholde. T\u00e6ppet har en smuk hvid-gr\u00e5 farve, der passer til enhver indretning og skaber en hyggelig [&hellip;]<\/p>\n","protected":false},"featured_media":7453,"comment_status":"open","ping_status":"closed","template":"","meta":[],"product_brand":[],"product_cat":[168],"product_tag":[],"class_list":{"0":"post-7458","1":"product","2":"type-product","3":"status-publish","4":"has-post-thumbnail","6":"product_cat-rugs","8":"first","9":"instock","10":"shipping-taxable","11":"purchasable","12":"product-type-simple"},"yoast_head":"<!-- This site is optimized with the Yoast SEO plugin v24.8.1 - https:\/\/yoast.com\/wordpress\/plugins\/seo\/ -->\n<title>T\u00e6ppe Giorgio 160x230cm hvid-gr\u00e5 - LASTCHANCE Deals | Danmark<\/title>\n<meta name=\"robots\" content=\"index, follow, max-snippet:-1, max-image-preview:large, max-video-preview:-1\" \/>\n<link rel=\"canonical\" href=\"https:\/\/last-chance.dk\/?product=taeppe-giorgio-160x230cm-hvid-graa\" \/>\n<meta property=\"og:locale\" content=\"da_DK\" \/>\n<meta property=\"og:type\" content=\"article\" \/>\n<meta property=\"og:title\" content=\"T\u00e6ppe Giorgio 160x230cm hvid-gr\u00e5 - LASTCHANCE Deals | Danmark\" \/>\n<meta property=\"og:description\" content=\"Er du p\u00e5 udkig efter et moderne og elegant t\u00e6ppe til dit hjem? S\u00e5 er t\u00e6ppet Giorgio det perfekte valg for dig. T\u00e6ppet Giorgio er lavet af polyester, et bl\u00f8dt og slidst\u00e6rkt materiale, der er nemt at reng\u00f8re og vedligeholde. T\u00e6ppet har en smuk hvid-gr\u00e5 farve, der passer til enhver indretning og skaber en hyggelig [&hellip;]\" \/>\n<meta property=\"og:url\" content=\"https:\/\/last-chance.dk\/?product=taeppe-giorgio-160x230cm-hvid-graa\" \/>\n<meta property=\"og:site_name\" content=\"LASTCHANCE Deals | Danmark\" \/>\n<meta property=\"article:modified_time\" content=\"2025-09-19T18:44:26+00:00\" \/>\n<meta property=\"og:image\" content=\"https:\/\/last-chance.dk\/wp-content\/uploads\/2023\/11\/ru-squ-gr_d1_.jpg\" \/>\n\t<meta property=\"og:image:width\" content=\"1200\" \/>\n\t<meta property=\"og:image:height\" content=\"1200\" \/>\n\t<meta property=\"og:image:type\" content=\"image\/jpeg\" \/>\n<meta name=\"twitter:card\" content=\"summary_large_image\" \/>\n<meta name=\"twitter:label1\" content=\"Estimeret l\u00e6setid\" \/>\n\t<meta name=\"twitter:data1\" content=\"1 minut\" \/>\n<script type=\"application\/ld+json\" class=\"yoast-schema-graph\">{\"@context\":\"https:\/\/schema.org\",\"@graph\":[{\"@type\":\"WebPage\",\"@id\":\"https:\/\/last-chance.dk\/?product=taeppe-giorgio-160x230cm-hvid-graa\",\"url\":\"https:\/\/last-chance.dk\/?product=taeppe-giorgio-160x230cm-hvid-graa\",\"name\":\"T\u00e6ppe Giorgio 160x230cm hvid-gr\u00e5 - LASTCHANCE Deals | Danmark\",\"isPartOf\":{\"@id\":\"https:\/\/last-chance.dk\/#website\"},\"primaryImageOfPage\":{\"@id\":\"https:\/\/last-chance.dk\/?product=taeppe-giorgio-160x230cm-hvid-graa#primaryimage\"},\"image\":{\"@id\":\"https:\/\/last-chance.dk\/?product=taeppe-giorgio-160x230cm-hvid-graa#primaryimage\"},\"thumbnailUrl\":\"https:\/\/last-chance.dk\/wp-content\/uploads\/2023\/11\/ru-squ-gr_d1_.jpg\",\"datePublished\":\"2023-11-06T13:45:31+00:00\",\"dateModified\":\"2025-09-19T18:44:26+00:00\",\"breadcrumb\":{\"@id\":\"https:\/\/last-chance.dk\/?product=taeppe-giorgio-160x230cm-hvid-graa#breadcrumb\"},\"inLanguage\":\"da-DK\",\"potentialAction\":[{\"@type\":\"ReadAction\",\"target\":[\"https:\/\/last-chance.dk\/?product=taeppe-giorgio-160x230cm-hvid-graa\"]}]},{\"@type\":\"ImageObject\",\"inLanguage\":\"da-DK\",\"@id\":\"https:\/\/last-chance.dk\/?product=taeppe-giorgio-160x230cm-hvid-graa#primaryimage\",\"url\":\"https:\/\/last-chance.dk\/wp-content\/uploads\/2023\/11\/ru-squ-gr_d1_.jpg\",\"contentUrl\":\"https:\/\/last-chance.dk\/wp-content\/uploads\/2023\/11\/ru-squ-gr_d1_.jpg\",\"width\":1200,\"height\":1200},{\"@type\":\"BreadcrumbList\",\"@id\":\"https:\/\/last-chance.dk\/?product=taeppe-giorgio-160x230cm-hvid-graa#breadcrumb\",\"itemListElement\":[{\"@type\":\"ListItem\",\"position\":1,\"name\":\"Home\",\"item\":\"https:\/\/last-chance.dk\/\"},{\"@type\":\"ListItem\",\"position\":2,\"name\":\"T\u00e6ppe Giorgio 160x230cm hvid-gr\u00e5\"}]},{\"@type\":\"WebSite\",\"@id\":\"https:\/\/last-chance.dk\/#website\",\"url\":\"https:\/\/last-chance.dk\/\",\"name\":\"LASTCHANCE Deals | Danmark\",\"description\":\"LASTCHANCE Deals | Danmark\",\"publisher\":{\"@id\":\"https:\/\/last-chance.dk\/#organization\"},\"potentialAction\":[{\"@type\":\"SearchAction\",\"target\":{\"@type\":\"EntryPoint\",\"urlTemplate\":\"https:\/\/last-chance.dk\/?s={search_term_string}\"},\"query-input\":{\"@type\":\"PropertyValueSpecification\",\"valueRequired\":true,\"valueName\":\"search_term_string\"}}],\"inLanguage\":\"da-DK\"},{\"@type\":\"Organization\",\"@id\":\"https:\/\/last-chance.dk\/#organization\",\"name\":\"LASTCHANCE Deals | Danmark\",\"url\":\"https:\/\/last-chance.dk\/\",\"logo\":{\"@type\":\"ImageObject\",\"inLanguage\":\"da-DK\",\"@id\":\"https:\/\/last-chance.dk\/#\/schema\/logo\/image\/\",\"url\":\"https:\/\/last-chance.dk\/wp-content\/uploads\/2023\/10\/lastchancedeals_logo_dk_white.png\",\"contentUrl\":\"https:\/\/last-chance.dk\/wp-content\/uploads\/2023\/10\/lastchancedeals_logo_dk_white.png\",\"width\":470,\"height\":110,\"caption\":\"LASTCHANCE Deals | Danmark\"},\"image\":{\"@id\":\"https:\/\/last-chance.dk\/#\/schema\/logo\/image\/\"}}]}<\/script>\n<!-- \/ Yoast SEO plugin. -->","yoast_head_json":{"title":"T\u00e6ppe Giorgio 160x230cm hvid-gr\u00e5 - LASTCHANCE Deals | Danmark","robots":{"index":"index","follow":"follow","max-snippet":"max-snippet:-1","max-image-preview":"max-image-preview:large","max-video-preview":"max-video-preview:-1"},"canonical":"https:\/\/last-chance.dk\/?product=taeppe-giorgio-160x230cm-hvid-graa","og_locale":"da_DK","og_type":"article","og_title":"T\u00e6ppe Giorgio 160x230cm hvid-gr\u00e5 - LASTCHANCE Deals | Danmark","og_description":"Er du p\u00e5 udkig efter et moderne og elegant t\u00e6ppe til dit hjem? S\u00e5 er t\u00e6ppet Giorgio det perfekte valg for dig. T\u00e6ppet Giorgio er lavet af polyester, et bl\u00f8dt og slidst\u00e6rkt materiale, der er nemt at reng\u00f8re og vedligeholde. T\u00e6ppet har en smuk hvid-gr\u00e5 farve, der passer til enhver indretning og skaber en hyggelig [&hellip;]","og_url":"https:\/\/last-chance.dk\/?product=taeppe-giorgio-160x230cm-hvid-graa","og_site_name":"LASTCHANCE Deals | Danmark","article_modified_time":"2025-09-19T18:44:26+00:00","og_image":[{"width":1200,"height":1200,"url":"https:\/\/last-chance.dk\/wp-content\/uploads\/2023\/11\/ru-squ-gr_d1_.jpg","type":"image\/jpeg"}],"twitter_card":"summary_large_image","twitter_misc":{"Estimeret l\u00e6setid":"1 minut"},"schema":{"@context":"https:\/\/schema.org","@graph":[{"@type":"WebPage","@id":"https:\/\/last-chance.dk\/?product=taeppe-giorgio-160x230cm-hvid-graa","url":"https:\/\/last-chance.dk\/?product=taeppe-giorgio-160x230cm-hvid-graa","name":"T\u00e6ppe Giorgio 160x230cm hvid-gr\u00e5 - LASTCHANCE Deals | Danmark","isPartOf":{"@id":"https:\/\/last-chance.dk\/#website"},"primaryImageOfPage":{"@id":"https:\/\/last-chance.dk\/?product=taeppe-giorgio-160x230cm-hvid-graa#primaryimage"},"image":{"@id":"https:\/\/last-chance.dk\/?product=taeppe-giorgio-160x230cm-hvid-graa#primaryimage"},"thumbnailUrl":"https:\/\/last-chance.dk\/wp-content\/uploads\/2023\/11\/ru-squ-gr_d1_.jpg","datePublished":"2023-11-06T13:45:31+00:00","dateModified":"2025-09-19T18:44:26+00:00","breadcrumb":{"@id":"https:\/\/last-chance.dk\/?product=taeppe-giorgio-160x230cm-hvid-graa#breadcrumb"},"inLanguage":"da-DK","potentialAction":[{"@type":"ReadAction","target":["https:\/\/last-chance.dk\/?product=taeppe-giorgio-160x230cm-hvid-graa"]}]},{"@type":"ImageObject","inLanguage":"da-DK","@id":"https:\/\/last-chance.dk\/?product=taeppe-giorgio-160x230cm-hvid-graa#primaryimage","url":"https:\/\/last-chance.dk\/wp-content\/uploads\/2023\/11\/ru-squ-gr_d1_.jpg","contentUrl":"https:\/\/last-chance.dk\/wp-content\/uploads\/2023\/11\/ru-squ-gr_d1_.jpg","width":1200,"height":1200},{"@type":"BreadcrumbList","@id":"https:\/\/last-chance.dk\/?product=taeppe-giorgio-160x230cm-hvid-graa#breadcrumb","itemListElement":[{"@type":"ListItem","position":1,"name":"Home","item":"https:\/\/last-chance.dk\/"},{"@type":"ListItem","position":2,"name":"T\u00e6ppe Giorgio 160x230cm hvid-gr\u00e5"}]},{"@type":"WebSite","@id":"https:\/\/last-chance.dk\/#website","url":"https:\/\/last-chance.dk\/","name":"LASTCHANCE Deals | Danmark","description":"LASTCHANCE Deals | Danmark","publisher":{"@id":"https:\/\/last-chance.dk\/#organization"},"potentialAction":[{"@type":"SearchAction","target":{"@type":"EntryPoint","urlTemplate":"https:\/\/last-chance.dk\/?s={search_term_string}"},"query-input":{"@type":"PropertyValueSpecification","valueRequired":true,"valueName":"search_term_string"}}],"inLanguage":"da-DK"},{"@type":"Organization","@id":"https:\/\/last-chance.dk\/#organization","name":"LASTCHANCE Deals | Danmark","url":"https:\/\/last-chance.dk\/","logo":{"@type":"ImageObject","inLanguage":"da-DK","@id":"https:\/\/last-chance.dk\/#\/schema\/logo\/image\/","url":"https:\/\/last-chance.dk\/wp-content\/uploads\/2023\/10\/lastchancedeals_logo_dk_white.png","contentUrl":"https:\/\/last-chance.dk\/wp-content\/uploads\/2023\/10\/lastchancedeals_logo_dk_white.png","width":470,"height":110,"caption":"LASTCHANCE Deals | Danmark"},"image":{"@id":"https:\/\/last-chance.dk\/#\/schema\/logo\/image\/"}}]}},"_links":{"self":[{"href":"https:\/\/last-chance.dk\/index.php?rest_route=\/wp\/v2\/product\/7458","targetHints":{"allow":["GET"]}}],"collection":[{"href":"https:\/\/last-chance.dk\/index.php?rest_route=\/wp\/v2\/product"}],"about":[{"href":"https:\/\/last-chance.dk\/index.php?rest_route=\/wp\/v2\/types\/product"}],"replies":[{"embeddable":true,"href":"https:\/\/last-chance.dk\/index.php?rest_route=%2Fwp%2Fv2%2Fcomments&post=7458"}],"wp:featuredmedia":[{"embeddable":true,"href":"https:\/\/last-chance.dk\/index.php?rest_route=\/wp\/v2\/media\/7453"}],"wp:attachment":[{"href":"https:\/\/last-chance.dk\/index.php?rest_route=%2Fwp%2Fv2%2Fmedia&parent=7458"}],"wp:term":[{"taxonomy":"product_brand","embeddable":true,"href":"https:\/\/last-chance.dk\/index.php?rest_route=%2Fwp%2Fv2%2Fproduct_brand&post=7458"},{"taxonomy":"product_cat","embeddable":true,"href":"https:\/\/last-chance.dk\/index.php?rest_route=%2Fwp%2Fv2%2Fproduct_cat&post=7458"},{"taxonomy":"product_tag","embeddable":true,"href":"https:\/\/last-chance.dk\/index.php?rest_route=%2Fwp%2Fv2%2Fproduct_tag&post=7458"}],"curies":[{"name":"wp","href":"https:\/\/api.w.org\/{rel}","templated":true}]}}