{"id":7617,"date":"2023-11-06T13:51:47","date_gmt":"2023-11-06T13:51:47","guid":{"rendered":"https:\/\/www.lastchance.deals\/dk\/tuote\/hjoernesovesofa-dimitri-stof\/"},"modified":"2025-10-13T11:54:11","modified_gmt":"2025-10-13T11:54:11","slug":"hjoernesovesofa-dimitri-stof","status":"publish","type":"product","link":"https:\/\/last-chance.dk\/?product=hjoernesovesofa-dimitri-stof","title":{"rendered":"Hj\u00f8rnesovesofa Dimitri stof"},"content":{"rendered":"<p>Er du p\u00e5 udkig efter en moderne og komfortabel sofa til din stue? S\u00e5 er hj\u00f8rnesovesofa Dimitri det perfekte valg for dig. Denne sofa har et stilfuldt design i stof, der passer til enhver indretning. Den har ogs\u00e5 en solid tr\u00e6- og mdf-ramme, der sikrer holdbarhed og stabilitet. Sofaen har en zigzag- og metalaffjedring, der giver optimal st\u00f8tte og komfort. Du kan nemt omdanne sofaen til en rummelig seng, n\u00e5r du har g\u00e6ster eller bare vil slappe af. Sofaen har ogs\u00e5 udskiftelige hj\u00f8rner, s\u00e5 du kan tilpasse den til dit rum.<\/p>\n<p><\/p>\n<p>Hj\u00f8rnesovesofa Dimitri er h\u00e5ndlavet i EU af fabrikanten LuxCasa, der er kendt for deres kvalitetsm\u00f8bler. Du f\u00e5r 12 m\u00e5neders rammegaranti, n\u00e5r du k\u00f8ber denne sofa. Sofaen leveres samlet, s\u00e5 du slipper for besv\u00e6ret med at samle den selv. Bestil din hj\u00f8rnesovesofa Dimitri i dag og nyd den i mange \u00e5r fremover.<\/p>\n<p><\/p>\n<p>Leveringstid: Leveringstid 1 uge<br \/>\nStil: moderne<br \/>\nMateriale: stof<br \/>\nRammemateriale: solidt tr\u00e6,mdf<br \/>\nAffjedring: zigzag, metal<br \/>\nUdvendige dimensioner: 162x250x75cm<br \/>\nMontage: leveres samlet<br \/>\nGaranti: 12 m\u00e5neders rammegaranti<br \/>\nFremstillet: i EU h\u00e5ndlavet<br \/>\nFabrikant: LuxCasa<br \/>\nHj\u00f8rne: udskiftelige<\/p>\n","protected":false},"excerpt":{"rendered":"<p>Er du p\u00e5 udkig efter en moderne og komfortabel sofa til din stue? S\u00e5 er hj\u00f8rnesovesofa Dimitri det perfekte valg for dig. Denne sofa har et stilfuldt design i stof, der passer til enhver indretning. Den har ogs\u00e5 en solid tr\u00e6- og mdf-ramme, der sikrer holdbarhed og stabilitet. Sofaen har en zigzag- og metalaffjedring, der [&hellip;]<\/p>\n","protected":false},"featured_media":7611,"comment_status":"open","ping_status":"closed","template":"","meta":[],"product_brand":[],"product_cat":[146],"product_tag":[],"class_list":{"0":"post-7617","1":"product","2":"type-product","3":"status-publish","4":"has-post-thumbnail","6":"product_cat-sofa-beds","8":"first","9":"instock","10":"shipping-taxable","11":"purchasable","12":"product-type-simple"},"yoast_head":"<!-- This site is optimized with the Yoast SEO plugin v24.8.1 - https:\/\/yoast.com\/wordpress\/plugins\/seo\/ -->\n<title>Hj\u00f8rnesovesofa Dimitri stof - LASTCHANCE Deals | Danmark<\/title>\n<meta name=\"robots\" content=\"index, follow, max-snippet:-1, max-image-preview:large, max-video-preview:-1\" \/>\n<link rel=\"canonical\" href=\"https:\/\/last-chance.dk\/?product=hjoernesovesofa-dimitri-stof\" \/>\n<meta property=\"og:locale\" content=\"da_DK\" \/>\n<meta property=\"og:type\" content=\"article\" \/>\n<meta property=\"og:title\" content=\"Hj\u00f8rnesovesofa Dimitri stof - LASTCHANCE Deals | Danmark\" \/>\n<meta property=\"og:description\" content=\"Er du p\u00e5 udkig efter en moderne og komfortabel sofa til din stue? S\u00e5 er hj\u00f8rnesovesofa Dimitri det perfekte valg for dig. Denne sofa har et stilfuldt design i stof, der passer til enhver indretning. Den har ogs\u00e5 en solid tr\u00e6- og mdf-ramme, der sikrer holdbarhed og stabilitet. Sofaen har en zigzag- og metalaffjedring, der [&hellip;]\" \/>\n<meta property=\"og:url\" content=\"https:\/\/last-chance.dk\/?product=hjoernesovesofa-dimitri-stof\" \/>\n<meta property=\"og:site_name\" content=\"LASTCHANCE Deals | Danmark\" \/>\n<meta property=\"article:modified_time\" content=\"2025-10-13T11:54:11+00:00\" \/>\n<meta property=\"og:image\" content=\"https:\/\/last-chance.dk\/wp-content\/uploads\/2023\/11\/asgl_01.jpg\" \/>\n\t<meta property=\"og:image:width\" content=\"1920\" \/>\n\t<meta property=\"og:image:height\" content=\"1152\" \/>\n\t<meta property=\"og:image:type\" content=\"image\/jpeg\" \/>\n<meta name=\"twitter:card\" content=\"summary_large_image\" \/>\n<meta name=\"twitter:label1\" content=\"Estimeret l\u00e6setid\" \/>\n\t<meta name=\"twitter:data1\" content=\"1 minut\" \/>\n<script type=\"application\/ld+json\" class=\"yoast-schema-graph\">{\"@context\":\"https:\/\/schema.org\",\"@graph\":[{\"@type\":\"WebPage\",\"@id\":\"https:\/\/last-chance.dk\/?product=hjoernesovesofa-dimitri-stof\",\"url\":\"https:\/\/last-chance.dk\/?product=hjoernesovesofa-dimitri-stof\",\"name\":\"Hj\u00f8rnesovesofa Dimitri stof - LASTCHANCE Deals | Danmark\",\"isPartOf\":{\"@id\":\"https:\/\/last-chance.dk\/#website\"},\"primaryImageOfPage\":{\"@id\":\"https:\/\/last-chance.dk\/?product=hjoernesovesofa-dimitri-stof#primaryimage\"},\"image\":{\"@id\":\"https:\/\/last-chance.dk\/?product=hjoernesovesofa-dimitri-stof#primaryimage\"},\"thumbnailUrl\":\"https:\/\/last-chance.dk\/wp-content\/uploads\/2023\/11\/asgl_01.jpg\",\"datePublished\":\"2023-11-06T13:51:47+00:00\",\"dateModified\":\"2025-10-13T11:54:11+00:00\",\"breadcrumb\":{\"@id\":\"https:\/\/last-chance.dk\/?product=hjoernesovesofa-dimitri-stof#breadcrumb\"},\"inLanguage\":\"da-DK\",\"potentialAction\":[{\"@type\":\"ReadAction\",\"target\":[\"https:\/\/last-chance.dk\/?product=hjoernesovesofa-dimitri-stof\"]}]},{\"@type\":\"ImageObject\",\"inLanguage\":\"da-DK\",\"@id\":\"https:\/\/last-chance.dk\/?product=hjoernesovesofa-dimitri-stof#primaryimage\",\"url\":\"https:\/\/last-chance.dk\/wp-content\/uploads\/2023\/11\/asgl_01.jpg\",\"contentUrl\":\"https:\/\/last-chance.dk\/wp-content\/uploads\/2023\/11\/asgl_01.jpg\",\"width\":1920,\"height\":1152},{\"@type\":\"BreadcrumbList\",\"@id\":\"https:\/\/last-chance.dk\/?product=hjoernesovesofa-dimitri-stof#breadcrumb\",\"itemListElement\":[{\"@type\":\"ListItem\",\"position\":1,\"name\":\"Home\",\"item\":\"https:\/\/last-chance.dk\/\"},{\"@type\":\"ListItem\",\"position\":2,\"name\":\"Hj\u00f8rnesovesofa Dimitri stof\"}]},{\"@type\":\"WebSite\",\"@id\":\"https:\/\/last-chance.dk\/#website\",\"url\":\"https:\/\/last-chance.dk\/\",\"name\":\"LASTCHANCE Deals | Danmark\",\"description\":\"LASTCHANCE Deals | Danmark\",\"publisher\":{\"@id\":\"https:\/\/last-chance.dk\/#organization\"},\"potentialAction\":[{\"@type\":\"SearchAction\",\"target\":{\"@type\":\"EntryPoint\",\"urlTemplate\":\"https:\/\/last-chance.dk\/?s={search_term_string}\"},\"query-input\":{\"@type\":\"PropertyValueSpecification\",\"valueRequired\":true,\"valueName\":\"search_term_string\"}}],\"inLanguage\":\"da-DK\"},{\"@type\":\"Organization\",\"@id\":\"https:\/\/last-chance.dk\/#organization\",\"name\":\"LASTCHANCE Deals | Danmark\",\"url\":\"https:\/\/last-chance.dk\/\",\"logo\":{\"@type\":\"ImageObject\",\"inLanguage\":\"da-DK\",\"@id\":\"https:\/\/last-chance.dk\/#\/schema\/logo\/image\/\",\"url\":\"https:\/\/last-chance.dk\/wp-content\/uploads\/2023\/10\/lastchancedeals_logo_dk_white.png\",\"contentUrl\":\"https:\/\/last-chance.dk\/wp-content\/uploads\/2023\/10\/lastchancedeals_logo_dk_white.png\",\"width\":470,\"height\":110,\"caption\":\"LASTCHANCE Deals | Danmark\"},\"image\":{\"@id\":\"https:\/\/last-chance.dk\/#\/schema\/logo\/image\/\"}}]}<\/script>\n<!-- \/ Yoast SEO plugin. -->","yoast_head_json":{"title":"Hj\u00f8rnesovesofa Dimitri stof - LASTCHANCE Deals | Danmark","robots":{"index":"index","follow":"follow","max-snippet":"max-snippet:-1","max-image-preview":"max-image-preview:large","max-video-preview":"max-video-preview:-1"},"canonical":"https:\/\/last-chance.dk\/?product=hjoernesovesofa-dimitri-stof","og_locale":"da_DK","og_type":"article","og_title":"Hj\u00f8rnesovesofa Dimitri stof - LASTCHANCE Deals | Danmark","og_description":"Er du p\u00e5 udkig efter en moderne og komfortabel sofa til din stue? S\u00e5 er hj\u00f8rnesovesofa Dimitri det perfekte valg for dig. Denne sofa har et stilfuldt design i stof, der passer til enhver indretning. Den har ogs\u00e5 en solid tr\u00e6- og mdf-ramme, der sikrer holdbarhed og stabilitet. Sofaen har en zigzag- og metalaffjedring, der [&hellip;]","og_url":"https:\/\/last-chance.dk\/?product=hjoernesovesofa-dimitri-stof","og_site_name":"LASTCHANCE Deals | Danmark","article_modified_time":"2025-10-13T11:54:11+00:00","og_image":[{"width":1920,"height":1152,"url":"https:\/\/last-chance.dk\/wp-content\/uploads\/2023\/11\/asgl_01.jpg","type":"image\/jpeg"}],"twitter_card":"summary_large_image","twitter_misc":{"Estimeret l\u00e6setid":"1 minut"},"schema":{"@context":"https:\/\/schema.org","@graph":[{"@type":"WebPage","@id":"https:\/\/last-chance.dk\/?product=hjoernesovesofa-dimitri-stof","url":"https:\/\/last-chance.dk\/?product=hjoernesovesofa-dimitri-stof","name":"Hj\u00f8rnesovesofa Dimitri stof - LASTCHANCE Deals | Danmark","isPartOf":{"@id":"https:\/\/last-chance.dk\/#website"},"primaryImageOfPage":{"@id":"https:\/\/last-chance.dk\/?product=hjoernesovesofa-dimitri-stof#primaryimage"},"image":{"@id":"https:\/\/last-chance.dk\/?product=hjoernesovesofa-dimitri-stof#primaryimage"},"thumbnailUrl":"https:\/\/last-chance.dk\/wp-content\/uploads\/2023\/11\/asgl_01.jpg","datePublished":"2023-11-06T13:51:47+00:00","dateModified":"2025-10-13T11:54:11+00:00","breadcrumb":{"@id":"https:\/\/last-chance.dk\/?product=hjoernesovesofa-dimitri-stof#breadcrumb"},"inLanguage":"da-DK","potentialAction":[{"@type":"ReadAction","target":["https:\/\/last-chance.dk\/?product=hjoernesovesofa-dimitri-stof"]}]},{"@type":"ImageObject","inLanguage":"da-DK","@id":"https:\/\/last-chance.dk\/?product=hjoernesovesofa-dimitri-stof#primaryimage","url":"https:\/\/last-chance.dk\/wp-content\/uploads\/2023\/11\/asgl_01.jpg","contentUrl":"https:\/\/last-chance.dk\/wp-content\/uploads\/2023\/11\/asgl_01.jpg","width":1920,"height":1152},{"@type":"BreadcrumbList","@id":"https:\/\/last-chance.dk\/?product=hjoernesovesofa-dimitri-stof#breadcrumb","itemListElement":[{"@type":"ListItem","position":1,"name":"Home","item":"https:\/\/last-chance.dk\/"},{"@type":"ListItem","position":2,"name":"Hj\u00f8rnesovesofa Dimitri stof"}]},{"@type":"WebSite","@id":"https:\/\/last-chance.dk\/#website","url":"https:\/\/last-chance.dk\/","name":"LASTCHANCE Deals | Danmark","description":"LASTCHANCE Deals | Danmark","publisher":{"@id":"https:\/\/last-chance.dk\/#organization"},"potentialAction":[{"@type":"SearchAction","target":{"@type":"EntryPoint","urlTemplate":"https:\/\/last-chance.dk\/?s={search_term_string}"},"query-input":{"@type":"PropertyValueSpecification","valueRequired":true,"valueName":"search_term_string"}}],"inLanguage":"da-DK"},{"@type":"Organization","@id":"https:\/\/last-chance.dk\/#organization","name":"LASTCHANCE Deals | Danmark","url":"https:\/\/last-chance.dk\/","logo":{"@type":"ImageObject","inLanguage":"da-DK","@id":"https:\/\/last-chance.dk\/#\/schema\/logo\/image\/","url":"https:\/\/last-chance.dk\/wp-content\/uploads\/2023\/10\/lastchancedeals_logo_dk_white.png","contentUrl":"https:\/\/last-chance.dk\/wp-content\/uploads\/2023\/10\/lastchancedeals_logo_dk_white.png","width":470,"height":110,"caption":"LASTCHANCE Deals | Danmark"},"image":{"@id":"https:\/\/last-chance.dk\/#\/schema\/logo\/image\/"}}]}},"_links":{"self":[{"href":"https:\/\/last-chance.dk\/index.php?rest_route=\/wp\/v2\/product\/7617","targetHints":{"allow":["GET"]}}],"collection":[{"href":"https:\/\/last-chance.dk\/index.php?rest_route=\/wp\/v2\/product"}],"about":[{"href":"https:\/\/last-chance.dk\/index.php?rest_route=\/wp\/v2\/types\/product"}],"replies":[{"embeddable":true,"href":"https:\/\/last-chance.dk\/index.php?rest_route=%2Fwp%2Fv2%2Fcomments&post=7617"}],"wp:featuredmedia":[{"embeddable":true,"href":"https:\/\/last-chance.dk\/index.php?rest_route=\/wp\/v2\/media\/7611"}],"wp:attachment":[{"href":"https:\/\/last-chance.dk\/index.php?rest_route=%2Fwp%2Fv2%2Fmedia&parent=7617"}],"wp:term":[{"taxonomy":"product_brand","embeddable":true,"href":"https:\/\/last-chance.dk\/index.php?rest_route=%2Fwp%2Fv2%2Fproduct_brand&post=7617"},{"taxonomy":"product_cat","embeddable":true,"href":"https:\/\/last-chance.dk\/index.php?rest_route=%2Fwp%2Fv2%2Fproduct_cat&post=7617"},{"taxonomy":"product_tag","embeddable":true,"href":"https:\/\/last-chance.dk\/index.php?rest_route=%2Fwp%2Fv2%2Fproduct_tag&post=7617"}],"curies":[{"name":"wp","href":"https:\/\/api.w.org\/{rel}","templated":true}]}}