{"id":7727,"date":"2023-11-06T13:56:09","date_gmt":"2023-11-06T13:56:09","guid":{"rendered":"https:\/\/www.lastchance.deals\/dk\/tuote\/hjoernesovesofa-foster-stof\/"},"modified":"2025-09-19T17:50:57","modified_gmt":"2025-09-19T17:50:57","slug":"hjoernesovesofa-foster-stof","status":"publish","type":"product","link":"https:\/\/last-chance.dk\/?product=hjoernesovesofa-foster-stof","title":{"rendered":"Hj\u00f8rnesovesofa Foster stof"},"content":{"rendered":"<p>Er du p\u00e5 udkig efter en moderne og komfortabel sofa til din stue? S\u00e5 er hj\u00f8rnesovesofa Foster det perfekte valg for dig. Denne sofa er lavet af bl\u00f8dt og slidst\u00e6rkt stof, der giver dig en behagelig sidde- og liggeoplevelse. Sofaen har en solid tr\u00e6- og mdf-ramme, der sikrer stabilitet og holdbarhed. Sofaen har ogs\u00e5 en zigzag- og metalaffjedring, der giver god st\u00f8tte til din krop.<\/p>\n<p><\/p>\n<p>Hj\u00f8rnesovesofa Foster har et elegant og minimalistisk design, der passer til enhver indretning. Sofaen har en rummelig chaiselong-del, hvor du kan str\u00e6kke dig ud og slappe af. Sofaen kan ogs\u00e5 nemt omdannes til en dobbeltseng, hvis du f\u00e5r g\u00e6ster. Sofaen leveres samlet, s\u00e5 du ikke beh\u00f8ver at bekymre dig om montering. Sofaen er h\u00e5ndlavet i EU af LuxCasa, en f\u00f8rende producent af kvalitetsm\u00f8bler.<\/p>\n<p><\/p>\n<p>Hj\u00f8rnesovesofa Foster har en 12 m\u00e5neders rammegaranti, s\u00e5 du kan v\u00e6re sikker p\u00e5 at f\u00e5 et godt produkt. Bestil din sofa i dag og nyd den i mange \u00e5r fremover.<\/p>\n<p><\/p>\n<p>Leveringstid: Leveringstid 1 uge<br \/>\nStil: moderne<br \/>\nMateriale: stof<br \/>\nRammemateriale: solidt tr\u00e6,mdf<br \/>\nAffjedring: zigzag, metal<br \/>\nUdvendige dimensioner: 202x345x70cm<br \/>\nMontage: leveres samlet<br \/>\nGaranti: 12 m\u00e5neders rammegaranti<br \/>\nFremstillet: i EU h\u00e5ndlavet<br \/>\nFabrikant: LuxCasa<\/p>\n","protected":false},"excerpt":{"rendered":"<p>Er du p\u00e5 udkig efter en moderne og komfortabel sofa til din stue? S\u00e5 er hj\u00f8rnesovesofa Foster det perfekte valg for dig. Denne sofa er lavet af bl\u00f8dt og slidst\u00e6rkt stof, der giver dig en behagelig sidde- og liggeoplevelse. Sofaen har en solid tr\u00e6- og mdf-ramme, der sikrer stabilitet og holdbarhed. Sofaen har ogs\u00e5 en [&hellip;]<\/p>\n","protected":false},"featured_media":7721,"comment_status":"open","ping_status":"closed","template":"","meta":[],"product_brand":[],"product_cat":[176],"product_tag":[],"class_list":{"0":"post-7727","1":"product","2":"type-product","3":"status-publish","4":"has-post-thumbnail","6":"product_cat-hornsoffor","8":"first","9":"instock","10":"shipping-taxable","11":"purchasable","12":"product-type-simple"},"yoast_head":"<!-- This site is optimized with the Yoast SEO plugin v24.8.1 - https:\/\/yoast.com\/wordpress\/plugins\/seo\/ -->\n<title>Hj\u00f8rnesovesofa Foster stof - LASTCHANCE Deals | Danmark<\/title>\n<meta name=\"robots\" content=\"index, follow, max-snippet:-1, max-image-preview:large, max-video-preview:-1\" \/>\n<link rel=\"canonical\" href=\"https:\/\/last-chance.dk\/?product=hjoernesovesofa-foster-stof\" \/>\n<meta property=\"og:locale\" content=\"da_DK\" \/>\n<meta property=\"og:type\" content=\"article\" \/>\n<meta property=\"og:title\" content=\"Hj\u00f8rnesovesofa Foster stof - LASTCHANCE Deals | Danmark\" \/>\n<meta property=\"og:description\" content=\"Er du p\u00e5 udkig efter en moderne og komfortabel sofa til din stue? S\u00e5 er hj\u00f8rnesovesofa Foster det perfekte valg for dig. Denne sofa er lavet af bl\u00f8dt og slidst\u00e6rkt stof, der giver dig en behagelig sidde- og liggeoplevelse. Sofaen har en solid tr\u00e6- og mdf-ramme, der sikrer stabilitet og holdbarhed. Sofaen har ogs\u00e5 en [&hellip;]\" \/>\n<meta property=\"og:url\" content=\"https:\/\/last-chance.dk\/?product=hjoernesovesofa-foster-stof\" \/>\n<meta property=\"og:site_name\" content=\"LASTCHANCE Deals | Danmark\" \/>\n<meta property=\"article:modified_time\" content=\"2025-09-19T17:50:57+00:00\" \/>\n<meta property=\"og:image\" content=\"https:\/\/last-chance.dk\/wp-content\/uploads\/2023\/11\/edr_01.jpg\" \/>\n\t<meta property=\"og:image:width\" content=\"1920\" \/>\n\t<meta property=\"og:image:height\" content=\"1176\" \/>\n\t<meta property=\"og:image:type\" content=\"image\/jpeg\" \/>\n<meta name=\"twitter:card\" content=\"summary_large_image\" \/>\n<meta name=\"twitter:label1\" content=\"Estimeret l\u00e6setid\" \/>\n\t<meta name=\"twitter:data1\" content=\"1 minut\" \/>\n<script type=\"application\/ld+json\" class=\"yoast-schema-graph\">{\"@context\":\"https:\/\/schema.org\",\"@graph\":[{\"@type\":\"WebPage\",\"@id\":\"https:\/\/last-chance.dk\/?product=hjoernesovesofa-foster-stof\",\"url\":\"https:\/\/last-chance.dk\/?product=hjoernesovesofa-foster-stof\",\"name\":\"Hj\u00f8rnesovesofa Foster stof - LASTCHANCE Deals | Danmark\",\"isPartOf\":{\"@id\":\"https:\/\/last-chance.dk\/#website\"},\"primaryImageOfPage\":{\"@id\":\"https:\/\/last-chance.dk\/?product=hjoernesovesofa-foster-stof#primaryimage\"},\"image\":{\"@id\":\"https:\/\/last-chance.dk\/?product=hjoernesovesofa-foster-stof#primaryimage\"},\"thumbnailUrl\":\"https:\/\/last-chance.dk\/wp-content\/uploads\/2023\/11\/edr_01.jpg\",\"datePublished\":\"2023-11-06T13:56:09+00:00\",\"dateModified\":\"2025-09-19T17:50:57+00:00\",\"breadcrumb\":{\"@id\":\"https:\/\/last-chance.dk\/?product=hjoernesovesofa-foster-stof#breadcrumb\"},\"inLanguage\":\"da-DK\",\"potentialAction\":[{\"@type\":\"ReadAction\",\"target\":[\"https:\/\/last-chance.dk\/?product=hjoernesovesofa-foster-stof\"]}]},{\"@type\":\"ImageObject\",\"inLanguage\":\"da-DK\",\"@id\":\"https:\/\/last-chance.dk\/?product=hjoernesovesofa-foster-stof#primaryimage\",\"url\":\"https:\/\/last-chance.dk\/wp-content\/uploads\/2023\/11\/edr_01.jpg\",\"contentUrl\":\"https:\/\/last-chance.dk\/wp-content\/uploads\/2023\/11\/edr_01.jpg\",\"width\":1920,\"height\":1176},{\"@type\":\"BreadcrumbList\",\"@id\":\"https:\/\/last-chance.dk\/?product=hjoernesovesofa-foster-stof#breadcrumb\",\"itemListElement\":[{\"@type\":\"ListItem\",\"position\":1,\"name\":\"Home\",\"item\":\"https:\/\/last-chance.dk\/\"},{\"@type\":\"ListItem\",\"position\":2,\"name\":\"Hj\u00f8rnesovesofa Foster stof\"}]},{\"@type\":\"WebSite\",\"@id\":\"https:\/\/last-chance.dk\/#website\",\"url\":\"https:\/\/last-chance.dk\/\",\"name\":\"LASTCHANCE Deals | Danmark\",\"description\":\"LASTCHANCE Deals | Danmark\",\"publisher\":{\"@id\":\"https:\/\/last-chance.dk\/#organization\"},\"potentialAction\":[{\"@type\":\"SearchAction\",\"target\":{\"@type\":\"EntryPoint\",\"urlTemplate\":\"https:\/\/last-chance.dk\/?s={search_term_string}\"},\"query-input\":{\"@type\":\"PropertyValueSpecification\",\"valueRequired\":true,\"valueName\":\"search_term_string\"}}],\"inLanguage\":\"da-DK\"},{\"@type\":\"Organization\",\"@id\":\"https:\/\/last-chance.dk\/#organization\",\"name\":\"LASTCHANCE Deals | Danmark\",\"url\":\"https:\/\/last-chance.dk\/\",\"logo\":{\"@type\":\"ImageObject\",\"inLanguage\":\"da-DK\",\"@id\":\"https:\/\/last-chance.dk\/#\/schema\/logo\/image\/\",\"url\":\"https:\/\/last-chance.dk\/wp-content\/uploads\/2023\/10\/lastchancedeals_logo_dk_white.png\",\"contentUrl\":\"https:\/\/last-chance.dk\/wp-content\/uploads\/2023\/10\/lastchancedeals_logo_dk_white.png\",\"width\":470,\"height\":110,\"caption\":\"LASTCHANCE Deals | Danmark\"},\"image\":{\"@id\":\"https:\/\/last-chance.dk\/#\/schema\/logo\/image\/\"}}]}<\/script>\n<!-- \/ Yoast SEO plugin. -->","yoast_head_json":{"title":"Hj\u00f8rnesovesofa Foster stof - LASTCHANCE Deals | Danmark","robots":{"index":"index","follow":"follow","max-snippet":"max-snippet:-1","max-image-preview":"max-image-preview:large","max-video-preview":"max-video-preview:-1"},"canonical":"https:\/\/last-chance.dk\/?product=hjoernesovesofa-foster-stof","og_locale":"da_DK","og_type":"article","og_title":"Hj\u00f8rnesovesofa Foster stof - LASTCHANCE Deals | Danmark","og_description":"Er du p\u00e5 udkig efter en moderne og komfortabel sofa til din stue? S\u00e5 er hj\u00f8rnesovesofa Foster det perfekte valg for dig. Denne sofa er lavet af bl\u00f8dt og slidst\u00e6rkt stof, der giver dig en behagelig sidde- og liggeoplevelse. Sofaen har en solid tr\u00e6- og mdf-ramme, der sikrer stabilitet og holdbarhed. Sofaen har ogs\u00e5 en [&hellip;]","og_url":"https:\/\/last-chance.dk\/?product=hjoernesovesofa-foster-stof","og_site_name":"LASTCHANCE Deals | Danmark","article_modified_time":"2025-09-19T17:50:57+00:00","og_image":[{"width":1920,"height":1176,"url":"https:\/\/last-chance.dk\/wp-content\/uploads\/2023\/11\/edr_01.jpg","type":"image\/jpeg"}],"twitter_card":"summary_large_image","twitter_misc":{"Estimeret l\u00e6setid":"1 minut"},"schema":{"@context":"https:\/\/schema.org","@graph":[{"@type":"WebPage","@id":"https:\/\/last-chance.dk\/?product=hjoernesovesofa-foster-stof","url":"https:\/\/last-chance.dk\/?product=hjoernesovesofa-foster-stof","name":"Hj\u00f8rnesovesofa Foster stof - LASTCHANCE Deals | Danmark","isPartOf":{"@id":"https:\/\/last-chance.dk\/#website"},"primaryImageOfPage":{"@id":"https:\/\/last-chance.dk\/?product=hjoernesovesofa-foster-stof#primaryimage"},"image":{"@id":"https:\/\/last-chance.dk\/?product=hjoernesovesofa-foster-stof#primaryimage"},"thumbnailUrl":"https:\/\/last-chance.dk\/wp-content\/uploads\/2023\/11\/edr_01.jpg","datePublished":"2023-11-06T13:56:09+00:00","dateModified":"2025-09-19T17:50:57+00:00","breadcrumb":{"@id":"https:\/\/last-chance.dk\/?product=hjoernesovesofa-foster-stof#breadcrumb"},"inLanguage":"da-DK","potentialAction":[{"@type":"ReadAction","target":["https:\/\/last-chance.dk\/?product=hjoernesovesofa-foster-stof"]}]},{"@type":"ImageObject","inLanguage":"da-DK","@id":"https:\/\/last-chance.dk\/?product=hjoernesovesofa-foster-stof#primaryimage","url":"https:\/\/last-chance.dk\/wp-content\/uploads\/2023\/11\/edr_01.jpg","contentUrl":"https:\/\/last-chance.dk\/wp-content\/uploads\/2023\/11\/edr_01.jpg","width":1920,"height":1176},{"@type":"BreadcrumbList","@id":"https:\/\/last-chance.dk\/?product=hjoernesovesofa-foster-stof#breadcrumb","itemListElement":[{"@type":"ListItem","position":1,"name":"Home","item":"https:\/\/last-chance.dk\/"},{"@type":"ListItem","position":2,"name":"Hj\u00f8rnesovesofa Foster stof"}]},{"@type":"WebSite","@id":"https:\/\/last-chance.dk\/#website","url":"https:\/\/last-chance.dk\/","name":"LASTCHANCE Deals | Danmark","description":"LASTCHANCE Deals | Danmark","publisher":{"@id":"https:\/\/last-chance.dk\/#organization"},"potentialAction":[{"@type":"SearchAction","target":{"@type":"EntryPoint","urlTemplate":"https:\/\/last-chance.dk\/?s={search_term_string}"},"query-input":{"@type":"PropertyValueSpecification","valueRequired":true,"valueName":"search_term_string"}}],"inLanguage":"da-DK"},{"@type":"Organization","@id":"https:\/\/last-chance.dk\/#organization","name":"LASTCHANCE Deals | Danmark","url":"https:\/\/last-chance.dk\/","logo":{"@type":"ImageObject","inLanguage":"da-DK","@id":"https:\/\/last-chance.dk\/#\/schema\/logo\/image\/","url":"https:\/\/last-chance.dk\/wp-content\/uploads\/2023\/10\/lastchancedeals_logo_dk_white.png","contentUrl":"https:\/\/last-chance.dk\/wp-content\/uploads\/2023\/10\/lastchancedeals_logo_dk_white.png","width":470,"height":110,"caption":"LASTCHANCE Deals | Danmark"},"image":{"@id":"https:\/\/last-chance.dk\/#\/schema\/logo\/image\/"}}]}},"_links":{"self":[{"href":"https:\/\/last-chance.dk\/index.php?rest_route=\/wp\/v2\/product\/7727","targetHints":{"allow":["GET"]}}],"collection":[{"href":"https:\/\/last-chance.dk\/index.php?rest_route=\/wp\/v2\/product"}],"about":[{"href":"https:\/\/last-chance.dk\/index.php?rest_route=\/wp\/v2\/types\/product"}],"replies":[{"embeddable":true,"href":"https:\/\/last-chance.dk\/index.php?rest_route=%2Fwp%2Fv2%2Fcomments&post=7727"}],"wp:featuredmedia":[{"embeddable":true,"href":"https:\/\/last-chance.dk\/index.php?rest_route=\/wp\/v2\/media\/7721"}],"wp:attachment":[{"href":"https:\/\/last-chance.dk\/index.php?rest_route=%2Fwp%2Fv2%2Fmedia&parent=7727"}],"wp:term":[{"taxonomy":"product_brand","embeddable":true,"href":"https:\/\/last-chance.dk\/index.php?rest_route=%2Fwp%2Fv2%2Fproduct_brand&post=7727"},{"taxonomy":"product_cat","embeddable":true,"href":"https:\/\/last-chance.dk\/index.php?rest_route=%2Fwp%2Fv2%2Fproduct_cat&post=7727"},{"taxonomy":"product_tag","embeddable":true,"href":"https:\/\/last-chance.dk\/index.php?rest_route=%2Fwp%2Fv2%2Fproduct_tag&post=7727"}],"curies":[{"name":"wp","href":"https:\/\/api.w.org\/{rel}","templated":true}]}}