{"id":7764,"date":"2023-11-06T13:57:50","date_gmt":"2023-11-06T13:57:50","guid":{"rendered":"https:\/\/www.lastchance.deals\/dk\/tuote\/seng-med-opbevaring-freya-lux-160-180-kunstigt-laeder\/"},"modified":"2025-09-19T18:21:24","modified_gmt":"2025-09-19T18:21:24","slug":"seng-med-opbevaring-freya-lux-160-180-kunstigt-laeder","status":"publish","type":"product","link":"https:\/\/last-chance.dk\/?product=seng-med-opbevaring-freya-lux-160-180-kunstigt-laeder","title":{"rendered":"Seng med opbevaring Freya Lux 160-180 kunstigt l\u00e6der"},"content":{"rendered":"<p>Dr\u00f8mmer du om en seng, der kombinerer komfort, elegance og praktisk opbevaring? S\u00e5 er sengen Freya Lux lige noget for dig. Denne moderne seng er betrukket med kunstigt l\u00e6der af h\u00f8j kvalitet, der giver den et luksuri\u00f8st og stilfuldt udtryk. Sengen har en solid tr\u00e6ramme og en m\u00f8belplade, der sikrer stabilitet og holdbarhed. Sengen leveres med en lamelbund, men uden madras, s\u00e5 du kan v\u00e6lge den madras, der passer bedst til dine behov. Sengen har ogs\u00e5 en rummelig senget\u00f8jskasse, hvor du kan opbevare dit senget\u00f8j, puder, t\u00e6pper eller andet. Sengen f\u00e5s i to st\u00f8rrelser: 160x200cm eller 180x200cm. Sengen er h\u00e5ndlavet i EU af fabrikanten LuxCasa, der tilbyder 12 m\u00e5neders garanti p\u00e5 produktet. Sengen skal samles ved levering, men det er nemt og hurtigt at g\u00f8re. Bestil sengen Freya Lux i dag og gl\u00e6d dig til at sove som en dronning eller konge i din nye seng.<\/p>\n<p><\/p>\n<p>Leveringstid: Leveringstid 1 uge<br \/>\nStil: moderne<br \/>\nMateriale: kunstigt l\u00e6der<br \/>\nRammemateriale: solidt tr\u00e6,m\u00f8belplade<br \/>\nLamelbund: inkluderet<br \/>\nSengest\u00f8rrelse: 160x200cm,180x200cm<br \/>\nMadras: ikke inkluderet<br \/>\nSenget\u00f8jskasse: inkluderet<br \/>\nUdvendige dimensioner: 160&#215;200: 177x239cm<br \/>180&#215;200: 197x239cm<br \/>\nMontage: skal samles<br \/>\nGaranti: 12 m\u00e5neder<br \/>\nFabrikant: LuxCasa<br \/>\nFremstillet: i EU h\u00e5ndlavet<\/p>\n","protected":false},"excerpt":{"rendered":"<p>Dr\u00f8mmer du om en seng, der kombinerer komfort, elegance og praktisk opbevaring? S\u00e5 er sengen Freya Lux lige noget for dig. Denne moderne seng er betrukket med kunstigt l\u00e6der af h\u00f8j kvalitet, der giver den et luksuri\u00f8st og stilfuldt udtryk. Sengen har en solid tr\u00e6ramme og en m\u00f8belplade, der sikrer stabilitet og holdbarhed. Sengen leveres [&hellip;]<\/p>\n","protected":false},"featured_media":7759,"comment_status":"open","ping_status":"closed","template":"","meta":[],"product_brand":[],"product_cat":[133],"product_tag":[],"class_list":{"0":"post-7764","1":"product","2":"type-product","3":"status-publish","4":"has-post-thumbnail","6":"product_cat-design-beds","8":"first","9":"instock","10":"shipping-taxable","11":"purchasable","12":"product-type-simple"},"yoast_head":"<!-- This site is optimized with the Yoast SEO plugin v24.8.1 - https:\/\/yoast.com\/wordpress\/plugins\/seo\/ -->\n<title>Seng med opbevaring Freya Lux 160-180 kunstigt l\u00e6der - LASTCHANCE Deals | Danmark<\/title>\n<meta name=\"robots\" content=\"index, follow, max-snippet:-1, max-image-preview:large, max-video-preview:-1\" \/>\n<link rel=\"canonical\" href=\"https:\/\/last-chance.dk\/?product=seng-med-opbevaring-freya-lux-160-180-kunstigt-laeder\" \/>\n<meta property=\"og:locale\" content=\"da_DK\" \/>\n<meta property=\"og:type\" content=\"article\" \/>\n<meta property=\"og:title\" content=\"Seng med opbevaring Freya Lux 160-180 kunstigt l\u00e6der - LASTCHANCE Deals | Danmark\" \/>\n<meta property=\"og:description\" content=\"Dr\u00f8mmer du om en seng, der kombinerer komfort, elegance og praktisk opbevaring? S\u00e5 er sengen Freya Lux lige noget for dig. Denne moderne seng er betrukket med kunstigt l\u00e6der af h\u00f8j kvalitet, der giver den et luksuri\u00f8st og stilfuldt udtryk. Sengen har en solid tr\u00e6ramme og en m\u00f8belplade, der sikrer stabilitet og holdbarhed. Sengen leveres [&hellip;]\" \/>\n<meta property=\"og:url\" content=\"https:\/\/last-chance.dk\/?product=seng-med-opbevaring-freya-lux-160-180-kunstigt-laeder\" \/>\n<meta property=\"og:site_name\" content=\"LASTCHANCE Deals | Danmark\" \/>\n<meta property=\"article:modified_time\" content=\"2025-09-19T18:21:24+00:00\" \/>\n<meta property=\"og:image\" content=\"https:\/\/last-chance.dk\/wp-content\/uploads\/2023\/11\/fla_07_1.jpg\" \/>\n\t<meta property=\"og:image:width\" content=\"1550\" \/>\n\t<meta property=\"og:image:height\" content=\"970\" \/>\n\t<meta property=\"og:image:type\" content=\"image\/jpeg\" \/>\n<meta name=\"twitter:card\" content=\"summary_large_image\" \/>\n<meta name=\"twitter:label1\" content=\"Estimeret l\u00e6setid\" \/>\n\t<meta name=\"twitter:data1\" content=\"1 minut\" \/>\n<script type=\"application\/ld+json\" class=\"yoast-schema-graph\">{\"@context\":\"https:\/\/schema.org\",\"@graph\":[{\"@type\":\"WebPage\",\"@id\":\"https:\/\/last-chance.dk\/?product=seng-med-opbevaring-freya-lux-160-180-kunstigt-laeder\",\"url\":\"https:\/\/last-chance.dk\/?product=seng-med-opbevaring-freya-lux-160-180-kunstigt-laeder\",\"name\":\"Seng med opbevaring Freya Lux 160-180 kunstigt l\u00e6der - LASTCHANCE Deals | Danmark\",\"isPartOf\":{\"@id\":\"https:\/\/last-chance.dk\/#website\"},\"primaryImageOfPage\":{\"@id\":\"https:\/\/last-chance.dk\/?product=seng-med-opbevaring-freya-lux-160-180-kunstigt-laeder#primaryimage\"},\"image\":{\"@id\":\"https:\/\/last-chance.dk\/?product=seng-med-opbevaring-freya-lux-160-180-kunstigt-laeder#primaryimage\"},\"thumbnailUrl\":\"https:\/\/last-chance.dk\/wp-content\/uploads\/2023\/11\/fla_07_1.jpg\",\"datePublished\":\"2023-11-06T13:57:50+00:00\",\"dateModified\":\"2025-09-19T18:21:24+00:00\",\"breadcrumb\":{\"@id\":\"https:\/\/last-chance.dk\/?product=seng-med-opbevaring-freya-lux-160-180-kunstigt-laeder#breadcrumb\"},\"inLanguage\":\"da-DK\",\"potentialAction\":[{\"@type\":\"ReadAction\",\"target\":[\"https:\/\/last-chance.dk\/?product=seng-med-opbevaring-freya-lux-160-180-kunstigt-laeder\"]}]},{\"@type\":\"ImageObject\",\"inLanguage\":\"da-DK\",\"@id\":\"https:\/\/last-chance.dk\/?product=seng-med-opbevaring-freya-lux-160-180-kunstigt-laeder#primaryimage\",\"url\":\"https:\/\/last-chance.dk\/wp-content\/uploads\/2023\/11\/fla_07_1.jpg\",\"contentUrl\":\"https:\/\/last-chance.dk\/wp-content\/uploads\/2023\/11\/fla_07_1.jpg\",\"width\":1550,\"height\":970},{\"@type\":\"BreadcrumbList\",\"@id\":\"https:\/\/last-chance.dk\/?product=seng-med-opbevaring-freya-lux-160-180-kunstigt-laeder#breadcrumb\",\"itemListElement\":[{\"@type\":\"ListItem\",\"position\":1,\"name\":\"Home\",\"item\":\"https:\/\/last-chance.dk\/\"},{\"@type\":\"ListItem\",\"position\":2,\"name\":\"Seng med opbevaring Freya Lux 160-180 kunstigt l\u00e6der\"}]},{\"@type\":\"WebSite\",\"@id\":\"https:\/\/last-chance.dk\/#website\",\"url\":\"https:\/\/last-chance.dk\/\",\"name\":\"LASTCHANCE Deals | Danmark\",\"description\":\"LASTCHANCE Deals | Danmark\",\"publisher\":{\"@id\":\"https:\/\/last-chance.dk\/#organization\"},\"potentialAction\":[{\"@type\":\"SearchAction\",\"target\":{\"@type\":\"EntryPoint\",\"urlTemplate\":\"https:\/\/last-chance.dk\/?s={search_term_string}\"},\"query-input\":{\"@type\":\"PropertyValueSpecification\",\"valueRequired\":true,\"valueName\":\"search_term_string\"}}],\"inLanguage\":\"da-DK\"},{\"@type\":\"Organization\",\"@id\":\"https:\/\/last-chance.dk\/#organization\",\"name\":\"LASTCHANCE Deals | Danmark\",\"url\":\"https:\/\/last-chance.dk\/\",\"logo\":{\"@type\":\"ImageObject\",\"inLanguage\":\"da-DK\",\"@id\":\"https:\/\/last-chance.dk\/#\/schema\/logo\/image\/\",\"url\":\"https:\/\/last-chance.dk\/wp-content\/uploads\/2023\/10\/lastchancedeals_logo_dk_white.png\",\"contentUrl\":\"https:\/\/last-chance.dk\/wp-content\/uploads\/2023\/10\/lastchancedeals_logo_dk_white.png\",\"width\":470,\"height\":110,\"caption\":\"LASTCHANCE Deals | Danmark\"},\"image\":{\"@id\":\"https:\/\/last-chance.dk\/#\/schema\/logo\/image\/\"}}]}<\/script>\n<!-- \/ Yoast SEO plugin. -->","yoast_head_json":{"title":"Seng med opbevaring Freya Lux 160-180 kunstigt l\u00e6der - LASTCHANCE Deals | Danmark","robots":{"index":"index","follow":"follow","max-snippet":"max-snippet:-1","max-image-preview":"max-image-preview:large","max-video-preview":"max-video-preview:-1"},"canonical":"https:\/\/last-chance.dk\/?product=seng-med-opbevaring-freya-lux-160-180-kunstigt-laeder","og_locale":"da_DK","og_type":"article","og_title":"Seng med opbevaring Freya Lux 160-180 kunstigt l\u00e6der - LASTCHANCE Deals | Danmark","og_description":"Dr\u00f8mmer du om en seng, der kombinerer komfort, elegance og praktisk opbevaring? S\u00e5 er sengen Freya Lux lige noget for dig. Denne moderne seng er betrukket med kunstigt l\u00e6der af h\u00f8j kvalitet, der giver den et luksuri\u00f8st og stilfuldt udtryk. Sengen har en solid tr\u00e6ramme og en m\u00f8belplade, der sikrer stabilitet og holdbarhed. Sengen leveres [&hellip;]","og_url":"https:\/\/last-chance.dk\/?product=seng-med-opbevaring-freya-lux-160-180-kunstigt-laeder","og_site_name":"LASTCHANCE Deals | Danmark","article_modified_time":"2025-09-19T18:21:24+00:00","og_image":[{"width":1550,"height":970,"url":"https:\/\/last-chance.dk\/wp-content\/uploads\/2023\/11\/fla_07_1.jpg","type":"image\/jpeg"}],"twitter_card":"summary_large_image","twitter_misc":{"Estimeret l\u00e6setid":"1 minut"},"schema":{"@context":"https:\/\/schema.org","@graph":[{"@type":"WebPage","@id":"https:\/\/last-chance.dk\/?product=seng-med-opbevaring-freya-lux-160-180-kunstigt-laeder","url":"https:\/\/last-chance.dk\/?product=seng-med-opbevaring-freya-lux-160-180-kunstigt-laeder","name":"Seng med opbevaring Freya Lux 160-180 kunstigt l\u00e6der - LASTCHANCE Deals | Danmark","isPartOf":{"@id":"https:\/\/last-chance.dk\/#website"},"primaryImageOfPage":{"@id":"https:\/\/last-chance.dk\/?product=seng-med-opbevaring-freya-lux-160-180-kunstigt-laeder#primaryimage"},"image":{"@id":"https:\/\/last-chance.dk\/?product=seng-med-opbevaring-freya-lux-160-180-kunstigt-laeder#primaryimage"},"thumbnailUrl":"https:\/\/last-chance.dk\/wp-content\/uploads\/2023\/11\/fla_07_1.jpg","datePublished":"2023-11-06T13:57:50+00:00","dateModified":"2025-09-19T18:21:24+00:00","breadcrumb":{"@id":"https:\/\/last-chance.dk\/?product=seng-med-opbevaring-freya-lux-160-180-kunstigt-laeder#breadcrumb"},"inLanguage":"da-DK","potentialAction":[{"@type":"ReadAction","target":["https:\/\/last-chance.dk\/?product=seng-med-opbevaring-freya-lux-160-180-kunstigt-laeder"]}]},{"@type":"ImageObject","inLanguage":"da-DK","@id":"https:\/\/last-chance.dk\/?product=seng-med-opbevaring-freya-lux-160-180-kunstigt-laeder#primaryimage","url":"https:\/\/last-chance.dk\/wp-content\/uploads\/2023\/11\/fla_07_1.jpg","contentUrl":"https:\/\/last-chance.dk\/wp-content\/uploads\/2023\/11\/fla_07_1.jpg","width":1550,"height":970},{"@type":"BreadcrumbList","@id":"https:\/\/last-chance.dk\/?product=seng-med-opbevaring-freya-lux-160-180-kunstigt-laeder#breadcrumb","itemListElement":[{"@type":"ListItem","position":1,"name":"Home","item":"https:\/\/last-chance.dk\/"},{"@type":"ListItem","position":2,"name":"Seng med opbevaring Freya Lux 160-180 kunstigt l\u00e6der"}]},{"@type":"WebSite","@id":"https:\/\/last-chance.dk\/#website","url":"https:\/\/last-chance.dk\/","name":"LASTCHANCE Deals | Danmark","description":"LASTCHANCE Deals | Danmark","publisher":{"@id":"https:\/\/last-chance.dk\/#organization"},"potentialAction":[{"@type":"SearchAction","target":{"@type":"EntryPoint","urlTemplate":"https:\/\/last-chance.dk\/?s={search_term_string}"},"query-input":{"@type":"PropertyValueSpecification","valueRequired":true,"valueName":"search_term_string"}}],"inLanguage":"da-DK"},{"@type":"Organization","@id":"https:\/\/last-chance.dk\/#organization","name":"LASTCHANCE Deals | Danmark","url":"https:\/\/last-chance.dk\/","logo":{"@type":"ImageObject","inLanguage":"da-DK","@id":"https:\/\/last-chance.dk\/#\/schema\/logo\/image\/","url":"https:\/\/last-chance.dk\/wp-content\/uploads\/2023\/10\/lastchancedeals_logo_dk_white.png","contentUrl":"https:\/\/last-chance.dk\/wp-content\/uploads\/2023\/10\/lastchancedeals_logo_dk_white.png","width":470,"height":110,"caption":"LASTCHANCE Deals | Danmark"},"image":{"@id":"https:\/\/last-chance.dk\/#\/schema\/logo\/image\/"}}]}},"_links":{"self":[{"href":"https:\/\/last-chance.dk\/index.php?rest_route=\/wp\/v2\/product\/7764","targetHints":{"allow":["GET"]}}],"collection":[{"href":"https:\/\/last-chance.dk\/index.php?rest_route=\/wp\/v2\/product"}],"about":[{"href":"https:\/\/last-chance.dk\/index.php?rest_route=\/wp\/v2\/types\/product"}],"replies":[{"embeddable":true,"href":"https:\/\/last-chance.dk\/index.php?rest_route=%2Fwp%2Fv2%2Fcomments&post=7764"}],"wp:featuredmedia":[{"embeddable":true,"href":"https:\/\/last-chance.dk\/index.php?rest_route=\/wp\/v2\/media\/7759"}],"wp:attachment":[{"href":"https:\/\/last-chance.dk\/index.php?rest_route=%2Fwp%2Fv2%2Fmedia&parent=7764"}],"wp:term":[{"taxonomy":"product_brand","embeddable":true,"href":"https:\/\/last-chance.dk\/index.php?rest_route=%2Fwp%2Fv2%2Fproduct_brand&post=7764"},{"taxonomy":"product_cat","embeddable":true,"href":"https:\/\/last-chance.dk\/index.php?rest_route=%2Fwp%2Fv2%2Fproduct_cat&post=7764"},{"taxonomy":"product_tag","embeddable":true,"href":"https:\/\/last-chance.dk\/index.php?rest_route=%2Fwp%2Fv2%2Fproduct_tag&post=7764"}],"curies":[{"name":"wp","href":"https:\/\/api.w.org\/{rel}","templated":true}]}}